{"id":233830,"date":"2026-02-05T15:46:08","date_gmt":"2026-02-05T14:46:08","guid":{"rendered":"https:\/\/shop.bantam.ch\/produit\/marco-polo-camper-guide-nordspanien-atlantikkueste-pyrenaeen\/"},"modified":"2026-05-10T23:55:24","modified_gmt":"2026-05-10T21:55:24","slug":"marco-polo-camper-guide-nordspanien-atlantikkueste-pyrenaeen","status":"publish","type":"product","link":"https:\/\/shop.bantam.ch\/de\/produkt\/marco-polo-camper-guide-nordspanien-atlantikkueste-pyrenaeen\/","title":{"rendered":"MARCO POLO Camper Guide Nordspanien: Atlantikk\u00fcste &amp; Pyren\u00e4en"},"content":{"rendered":"<p>&#8211; Einfachste Routenplanung: 7 Touren zu den Highlights und weniger bekannten Stopps f\u00fcr dein individuelles Abenteuer- Traumhafte Str\u00e4nde ohne Menschenmassen, versteckte Buchten, wildes Hochgebirge oder doch Kultur und Stadtleben? Stell dir deinen perfekten Roadtrip zusammen, ganz einfach mit den kombinierbaren Touren und Spots- Die besten Stellpl\u00e4tze sowie Campingpl\u00e4tze vor Ort &#8211; mit Kind, mit Hund, in bester Lage und f\u00fcr jeden Geldbeutel von kostenlos bis luxuri\u00f6s, alle mit GPS-Koordinaten- Mit den tollsten Ausfl\u00fcgen, wichtigsten Sehensw\u00fcrdigkeiten, Regentipps bei schlechtem Wetter, Restaurant-Empfehlungen f\u00fcr jeden Geschmack und Einkaufsadressen f\u00fcr die Womok\u00fcche und Souvenirs- Insider-Tipps von Autoren, die f\u00fcr dich on the road waren: Entdecken, was wirklich besonders ist- Mit Profi-Tipps und -Tricks von PaulCamper, den Experten f\u00fcr privates CampersharingZwischen Atlantikwellen und Pyren\u00e4engipfeln: mit MARCO POLO unterwegs in Nordspanien Strandurlaub oder doch lieber Bergwandern? Kein Problem, in Nordspanien geht beides, ob Kraxeln in den Pyren\u00e4en und den Picos de Europa oder gechillt am Strand liegen. Ist dir nach Kultur zumute, findest du jede Menge davon in traditionsreichen St\u00e4dten wie Donostia-San Sebasti\u00e1n,  Pamplona oder Santiago de Compostella. Und vielleicht hast du Lust, dich auf dem Surfbrett in die Atlantikwellen zu st\u00fcrzen oder dem Jakobsweg durch die gr\u00fcne Landschaft zu folgen &#8211; mit MARCO POLO stellst du dir genau die Nordspanien-Route zusammen, die dir gef\u00e4llt!F\u00fcr die Reise- und Routenplanung findest du alles Notwendige in deinem MARCO POLO Camper Guide:- Perfekte Orientierung mit vielen \u00dcberblickskarten- Nie mehr den Weg suchen: Touren-Download in Form eines gpx-tracks zur einfachen Navigation- Rundum-Sorglos-Paket: Wissenswertes zum Reiseziel wie das Freistehen, Anreiseinfos, Camper-W\u00f6rterbuch Spanisch, Packliste sowie FahrzeugchecklisteWissen, wo&#8217;s langgeht, mit den MARCO POLO Camper Guides!<\/p>\n","protected":false},"excerpt":{"rendered":"<p>&#8211; Einfachste Routenplanung: 7 Touren zu den Highlights und weniger bekannten Stopps f\u00fcr dein individuelles Abenteuer- Traumhafte Str\u00e4nde ohne Menschenmassen, versteckte Buchten, wildes Hochgebirge oder doch Kultur und Stadtleben? Stell dir deinen perfekten Roadtrip zusammen, ganz einfach mit den kombinierbaren Touren und Spots- Die besten Stellpl\u00e4tze sowie Campingpl\u00e4tze vor Ort &#8211; mit Kind, mit Hund, [&hellip;]<\/p>\n","protected":false},"featured_media":233828,"template":"","meta":{"_acf_changed":false},"product_featured_cat":[],"product_brand":[5364],"product_cat":[4352],"product_tag":[],"class_list":{"0":"post-233830","1":"product","2":"type-product","3":"status-publish","4":"has-post-thumbnail","6":"product_brand-marco-polo-de","7":"product_cat-reisefuehrer","9":"first","10":"instock","11":"taxable","12":"shipping-taxable","13":"purchasable","14":"product-type-simple"},"acf":[],"yoast_head":"<!-- This site is optimized with the Yoast SEO plugin v27.5 - https:\/\/yoast.com\/product\/yoast-seo-wordpress\/ -->\n<title>MARCO POLO Camper Guide Nordspanien: Atlantikk\u00fcste &amp; Pyren\u00e4en - Bantam<\/title>\n<meta name=\"robots\" content=\"index, follow, max-snippet:-1, max-image-preview:large, max-video-preview:-1\" \/>\n<link rel=\"canonical\" href=\"https:\/\/shop.bantam.ch\/de\/produkt\/marco-polo-camper-guide-nordspanien-atlantikkueste-pyrenaeen\/\" \/>\n<meta property=\"og:locale\" content=\"de_DE\" \/>\n<meta property=\"og:type\" content=\"article\" \/>\n<meta property=\"og:title\" content=\"MARCO POLO Camper Guide Nordspanien: Atlantikk\u00fcste &amp; Pyren\u00e4en - Bantam\" \/>\n<meta property=\"og:description\" content=\"&#8211; Einfachste Routenplanung: 7 Touren zu den Highlights und weniger bekannten Stopps f\u00fcr dein individuelles Abenteuer- Traumhafte Str\u00e4nde ohne Menschenmassen, versteckte Buchten, wildes Hochgebirge oder doch Kultur und Stadtleben? Stell dir deinen perfekten Roadtrip zusammen, ganz einfach mit den kombinierbaren Touren und Spots- Die besten Stellpl\u00e4tze sowie Campingpl\u00e4tze vor Ort &#8211; mit Kind, mit Hund, [&hellip;]\" \/>\n<meta property=\"og:url\" content=\"https:\/\/shop.bantam.ch\/de\/produkt\/marco-polo-camper-guide-nordspanien-atlantikkueste-pyrenaeen\/\" \/>\n<meta property=\"og:site_name\" content=\"Bantam\" \/>\n<meta property=\"article:modified_time\" content=\"2026-05-10T21:55:24+00:00\" \/>\n<meta property=\"og:image\" content=\"https:\/\/shop.bantam.ch\/wp-content\/uploads\/2026\/02\/MARCO-POLO-Camper-Guide-Nordspanien-Atlantikkuste-Pyrenaen.jpg\" \/>\n\t<meta property=\"og:image:width\" content=\"127\" \/>\n\t<meta property=\"og:image:height\" content=\"180\" \/>\n\t<meta property=\"og:image:type\" content=\"image\/jpeg\" \/>\n<meta name=\"twitter:card\" content=\"summary_large_image\" \/>\n<meta name=\"twitter:label1\" content=\"Gesch\u00e4tzte Lesezeit\" \/>\n\t<meta name=\"twitter:data1\" content=\"1\u00a0Minute\" \/>\n<script type=\"application\/ld+json\" class=\"yoast-schema-graph\">{\"@context\":\"https:\\\/\\\/schema.org\",\"@graph\":[{\"@type\":\"WebPage\",\"@id\":\"https:\\\/\\\/shop.bantam.ch\\\/de\\\/produkt\\\/marco-polo-camper-guide-nordspanien-atlantikkueste-pyrenaeen\\\/\",\"url\":\"https:\\\/\\\/shop.bantam.ch\\\/de\\\/produkt\\\/marco-polo-camper-guide-nordspanien-atlantikkueste-pyrenaeen\\\/\",\"name\":\"MARCO POLO Camper Guide Nordspanien: Atlantikk\u00fcste &amp; Pyren\u00e4en - Bantam\",\"isPartOf\":{\"@id\":\"https:\\\/\\\/shop.bantam.ch\\\/de\\\/#website\"},\"primaryImageOfPage\":{\"@id\":\"https:\\\/\\\/shop.bantam.ch\\\/de\\\/produkt\\\/marco-polo-camper-guide-nordspanien-atlantikkueste-pyrenaeen\\\/#primaryimage\"},\"image\":{\"@id\":\"https:\\\/\\\/shop.bantam.ch\\\/de\\\/produkt\\\/marco-polo-camper-guide-nordspanien-atlantikkueste-pyrenaeen\\\/#primaryimage\"},\"thumbnailUrl\":\"https:\\\/\\\/shop.bantam.ch\\\/wp-content\\\/uploads\\\/2026\\\/02\\\/MARCO-POLO-Camper-Guide-Nordspanien-Atlantikkuste-Pyrenaen.jpg\",\"datePublished\":\"2026-02-05T14:46:08+00:00\",\"dateModified\":\"2026-05-10T21:55:24+00:00\",\"breadcrumb\":{\"@id\":\"https:\\\/\\\/shop.bantam.ch\\\/de\\\/produkt\\\/marco-polo-camper-guide-nordspanien-atlantikkueste-pyrenaeen\\\/#breadcrumb\"},\"inLanguage\":\"de\",\"potentialAction\":[{\"@type\":\"ReadAction\",\"target\":[\"https:\\\/\\\/shop.bantam.ch\\\/de\\\/produkt\\\/marco-polo-camper-guide-nordspanien-atlantikkueste-pyrenaeen\\\/\"]}]},{\"@type\":\"ImageObject\",\"inLanguage\":\"de\",\"@id\":\"https:\\\/\\\/shop.bantam.ch\\\/de\\\/produkt\\\/marco-polo-camper-guide-nordspanien-atlantikkueste-pyrenaeen\\\/#primaryimage\",\"url\":\"https:\\\/\\\/shop.bantam.ch\\\/wp-content\\\/uploads\\\/2026\\\/02\\\/MARCO-POLO-Camper-Guide-Nordspanien-Atlantikkuste-Pyrenaen.jpg\",\"contentUrl\":\"https:\\\/\\\/shop.bantam.ch\\\/wp-content\\\/uploads\\\/2026\\\/02\\\/MARCO-POLO-Camper-Guide-Nordspanien-Atlantikkuste-Pyrenaen.jpg\",\"width\":127,\"height\":180},{\"@type\":\"BreadcrumbList\",\"@id\":\"https:\\\/\\\/shop.bantam.ch\\\/de\\\/produkt\\\/marco-polo-camper-guide-nordspanien-atlantikkueste-pyrenaeen\\\/#breadcrumb\",\"itemListElement\":[{\"@type\":\"ListItem\",\"position\":1,\"name\":\"Accueil\",\"item\":\"https:\\\/\\\/shop.bantam.ch\\\/de\\\/\"},{\"@type\":\"ListItem\",\"position\":2,\"name\":\"Shop\",\"item\":\"https:\\\/\\\/shop.bantam.ch\\\/de\\\/shop\\\/\"},{\"@type\":\"ListItem\",\"position\":3,\"name\":\"MARCO POLO Camper Guide Nordspanien: Atlantikk\u00fcste &amp; Pyren\u00e4en\"}]},{\"@type\":\"WebSite\",\"@id\":\"https:\\\/\\\/shop.bantam.ch\\\/de\\\/#website\",\"url\":\"https:\\\/\\\/shop.bantam.ch\\\/de\\\/\",\"name\":\"Bantam\",\"description\":\"\",\"publisher\":{\"@id\":\"https:\\\/\\\/shop.bantam.ch\\\/de\\\/#organization\"},\"inLanguage\":\"de\"},{\"@type\":\"Organization\",\"@id\":\"https:\\\/\\\/shop.bantam.ch\\\/de\\\/#organization\",\"name\":\"Bantam\",\"url\":\"https:\\\/\\\/shop.bantam.ch\\\/de\\\/\",\"logo\":{\"@type\":\"ImageObject\",\"inLanguage\":\"de\",\"@id\":\"https:\\\/\\\/shop.bantam.ch\\\/de\\\/#\\\/schema\\\/logo\\\/image\\\/\",\"url\":\"https:\\\/\\\/shop.bantam.ch\\\/wp-content\\\/uploads\\\/2022\\\/12\\\/bantam-logo.png\",\"contentUrl\":\"https:\\\/\\\/shop.bantam.ch\\\/wp-content\\\/uploads\\\/2022\\\/12\\\/bantam-logo.png\",\"width\":320,\"height\":71,\"caption\":\"Bantam\"},\"image\":{\"@id\":\"https:\\\/\\\/shop.bantam.ch\\\/de\\\/#\\\/schema\\\/logo\\\/image\\\/\"}}]}<\/script>\n<!-- \/ Yoast SEO plugin. -->","yoast_head_json":{"title":"MARCO POLO Camper Guide Nordspanien: Atlantikk\u00fcste &amp; Pyren\u00e4en - Bantam","robots":{"index":"index","follow":"follow","max-snippet":"max-snippet:-1","max-image-preview":"max-image-preview:large","max-video-preview":"max-video-preview:-1"},"canonical":"https:\/\/shop.bantam.ch\/de\/produkt\/marco-polo-camper-guide-nordspanien-atlantikkueste-pyrenaeen\/","og_locale":"de_DE","og_type":"article","og_title":"MARCO POLO Camper Guide Nordspanien: Atlantikk\u00fcste &amp; Pyren\u00e4en - Bantam","og_description":"&#8211; Einfachste Routenplanung: 7 Touren zu den Highlights und weniger bekannten Stopps f\u00fcr dein individuelles Abenteuer- Traumhafte Str\u00e4nde ohne Menschenmassen, versteckte Buchten, wildes Hochgebirge oder doch Kultur und Stadtleben? Stell dir deinen perfekten Roadtrip zusammen, ganz einfach mit den kombinierbaren Touren und Spots- Die besten Stellpl\u00e4tze sowie Campingpl\u00e4tze vor Ort &#8211; mit Kind, mit Hund, [&hellip;]","og_url":"https:\/\/shop.bantam.ch\/de\/produkt\/marco-polo-camper-guide-nordspanien-atlantikkueste-pyrenaeen\/","og_site_name":"Bantam","article_modified_time":"2026-05-10T21:55:24+00:00","og_image":[{"width":127,"height":180,"url":"https:\/\/shop.bantam.ch\/wp-content\/uploads\/2026\/02\/MARCO-POLO-Camper-Guide-Nordspanien-Atlantikkuste-Pyrenaen.jpg","type":"image\/jpeg"}],"twitter_card":"summary_large_image","twitter_misc":{"Gesch\u00e4tzte Lesezeit":"1\u00a0Minute"},"schema":{"@context":"https:\/\/schema.org","@graph":[{"@type":"WebPage","@id":"https:\/\/shop.bantam.ch\/de\/produkt\/marco-polo-camper-guide-nordspanien-atlantikkueste-pyrenaeen\/","url":"https:\/\/shop.bantam.ch\/de\/produkt\/marco-polo-camper-guide-nordspanien-atlantikkueste-pyrenaeen\/","name":"MARCO POLO Camper Guide Nordspanien: Atlantikk\u00fcste &amp; Pyren\u00e4en - Bantam","isPartOf":{"@id":"https:\/\/shop.bantam.ch\/de\/#website"},"primaryImageOfPage":{"@id":"https:\/\/shop.bantam.ch\/de\/produkt\/marco-polo-camper-guide-nordspanien-atlantikkueste-pyrenaeen\/#primaryimage"},"image":{"@id":"https:\/\/shop.bantam.ch\/de\/produkt\/marco-polo-camper-guide-nordspanien-atlantikkueste-pyrenaeen\/#primaryimage"},"thumbnailUrl":"https:\/\/shop.bantam.ch\/wp-content\/uploads\/2026\/02\/MARCO-POLO-Camper-Guide-Nordspanien-Atlantikkuste-Pyrenaen.jpg","datePublished":"2026-02-05T14:46:08+00:00","dateModified":"2026-05-10T21:55:24+00:00","breadcrumb":{"@id":"https:\/\/shop.bantam.ch\/de\/produkt\/marco-polo-camper-guide-nordspanien-atlantikkueste-pyrenaeen\/#breadcrumb"},"inLanguage":"de","potentialAction":[{"@type":"ReadAction","target":["https:\/\/shop.bantam.ch\/de\/produkt\/marco-polo-camper-guide-nordspanien-atlantikkueste-pyrenaeen\/"]}]},{"@type":"ImageObject","inLanguage":"de","@id":"https:\/\/shop.bantam.ch\/de\/produkt\/marco-polo-camper-guide-nordspanien-atlantikkueste-pyrenaeen\/#primaryimage","url":"https:\/\/shop.bantam.ch\/wp-content\/uploads\/2026\/02\/MARCO-POLO-Camper-Guide-Nordspanien-Atlantikkuste-Pyrenaen.jpg","contentUrl":"https:\/\/shop.bantam.ch\/wp-content\/uploads\/2026\/02\/MARCO-POLO-Camper-Guide-Nordspanien-Atlantikkuste-Pyrenaen.jpg","width":127,"height":180},{"@type":"BreadcrumbList","@id":"https:\/\/shop.bantam.ch\/de\/produkt\/marco-polo-camper-guide-nordspanien-atlantikkueste-pyrenaeen\/#breadcrumb","itemListElement":[{"@type":"ListItem","position":1,"name":"Accueil","item":"https:\/\/shop.bantam.ch\/de\/"},{"@type":"ListItem","position":2,"name":"Shop","item":"https:\/\/shop.bantam.ch\/de\/shop\/"},{"@type":"ListItem","position":3,"name":"MARCO POLO Camper Guide Nordspanien: Atlantikk\u00fcste &amp; Pyren\u00e4en"}]},{"@type":"WebSite","@id":"https:\/\/shop.bantam.ch\/de\/#website","url":"https:\/\/shop.bantam.ch\/de\/","name":"Bantam","description":"","publisher":{"@id":"https:\/\/shop.bantam.ch\/de\/#organization"},"inLanguage":"de"},{"@type":"Organization","@id":"https:\/\/shop.bantam.ch\/de\/#organization","name":"Bantam","url":"https:\/\/shop.bantam.ch\/de\/","logo":{"@type":"ImageObject","inLanguage":"de","@id":"https:\/\/shop.bantam.ch\/de\/#\/schema\/logo\/image\/","url":"https:\/\/shop.bantam.ch\/wp-content\/uploads\/2022\/12\/bantam-logo.png","contentUrl":"https:\/\/shop.bantam.ch\/wp-content\/uploads\/2022\/12\/bantam-logo.png","width":320,"height":71,"caption":"Bantam"},"image":{"@id":"https:\/\/shop.bantam.ch\/de\/#\/schema\/logo\/image\/"}}]}},"_links":{"self":[{"href":"https:\/\/shop.bantam.ch\/de\/wp-json\/wp\/v2\/product\/233830","targetHints":{"allow":["GET"]}}],"collection":[{"href":"https:\/\/shop.bantam.ch\/de\/wp-json\/wp\/v2\/product"}],"about":[{"href":"https:\/\/shop.bantam.ch\/de\/wp-json\/wp\/v2\/types\/product"}],"wp:featuredmedia":[{"embeddable":true,"href":"https:\/\/shop.bantam.ch\/de\/wp-json\/wp\/v2\/media\/233828"}],"wp:attachment":[{"href":"https:\/\/shop.bantam.ch\/de\/wp-json\/wp\/v2\/media?parent=233830"}],"wp:term":[{"taxonomy":"product_featured_cat","embeddable":true,"href":"https:\/\/shop.bantam.ch\/de\/wp-json\/wp\/v2\/product_featured_cat?post=233830"},{"taxonomy":"product_brand","embeddable":true,"href":"https:\/\/shop.bantam.ch\/de\/wp-json\/wp\/v2\/product_brand?post=233830"},{"taxonomy":"product_cat","embeddable":true,"href":"https:\/\/shop.bantam.ch\/de\/wp-json\/wp\/v2\/product_cat?post=233830"},{"taxonomy":"product_tag","embeddable":true,"href":"https:\/\/shop.bantam.ch\/de\/wp-json\/wp\/v2\/product_tag?post=233830"}],"curies":[{"name":"wp","href":"https:\/\/api.w.org\/{rel}","templated":true}]}}