{"id":233824,"date":"2026-02-05T14:59:11","date_gmt":"2026-02-05T13:59:11","guid":{"rendered":"https:\/\/shop.bantam.ch\/produit\/kunth-mit-dem-wohnmobil-ans-mittelmeer\/"},"modified":"2026-04-19T00:00:00","modified_gmt":"2026-04-18T22:00:00","slug":"kunth-mit-dem-wohnmobil-ans-mittelmeer","status":"publish","type":"product","link":"https:\/\/shop.bantam.ch\/de\/produkt\/kunth-mit-dem-wohnmobil-ans-mittelmeer\/","title":{"rendered":"KUNTH Mit dem Wohnmobil ans Mittelmeer"},"content":{"rendered":"<p>Mit Meerblick &#8211; Das Mittelmeer ist eine der beliebtesten Reisedestinationen f\u00fcr Wohnmobil-Enthusiasten. Das KUNTH Reisebuch &#8222;Mit demWohnmobil ans Mittelmeer&#8220; stellt 19 traumhafte Routen vor, die die Vielfalt und Sch\u00f6nheit dieser K\u00fcsten einfangen. Von der malerischen Costa Brava in Spanien \u00fcber die atemberaubende K\u00fcste Liguriens mit den ber\u00fchmten Cinque Terre bis hin zu den idyllischen K\u00fcsten Kroatiens &#8211; jede Route bietet einzigartige Erlebnisse. Besonders reizvoll ist das Inselhopping auf den Kykladen in Griechenland, wo man die griechische Gastfreundschaft genie\u00dfen kann. Dieses Reisebuch ist ein Muss f\u00fcr alle, die die L\u00e4nder am Mittelmeer im Camper erkunden m\u00f6chten.+ Traumrouten am europ\u00e4ischen Mittelmeer &#8211; von Spanien bis Griechenland+ Die besten Stellpl\u00e4tze und Ausflugtipps f\u00fcr besondere Erlebnisse entlang der Strecken+ Infok\u00e4sten und Spezialseiten f\u00fcr die Urlaubsplanung+ Mit praktischen Tipps sowie Packliste &amp; Co. f\u00fcr Anf\u00e4nger geeignet+ Reiseatlas, detaillierte Routenkarten und GPX-Tracks+ F\u00fcr das ultimative Roadfeeling gibt es die passende Spotify-PlaylistDie KUNTH Reiseb\u00fccher &#8218;Unterwegs Zuhause&#8216; sind f\u00fcr alle, die mit dem Wohnmobil verreisen m\u00f6chten. Denn was gibt es Sch\u00f6neres als in den Urlaub zu fahren, neue St\u00e4dte und L\u00e4nder zu entdecken und gleichzeitig den Komfort und die Geborgenheit des eigenen Zuhauses nicht missen zu m\u00fcssen?!<\/p>\n","protected":false},"excerpt":{"rendered":"<p>Mit Meerblick &#8211; Das Mittelmeer ist eine der beliebtesten Reisedestinationen f\u00fcr Wohnmobil-Enthusiasten. Das KUNTH Reisebuch &#8222;Mit demWohnmobil ans Mittelmeer&#8220; stellt 19 traumhafte Routen vor, die die Vielfalt und Sch\u00f6nheit dieser K\u00fcsten einfangen. Von der malerischen Costa Brava in Spanien \u00fcber die atemberaubende K\u00fcste Liguriens mit den ber\u00fchmten Cinque Terre bis hin zu den idyllischen K\u00fcsten [&hellip;]<\/p>\n","protected":false},"featured_media":233822,"template":"","meta":{"_acf_changed":false},"product_featured_cat":[],"product_brand":[5362],"product_cat":[4352],"product_tag":[],"class_list":{"0":"post-233824","1":"product","2":"type-product","3":"status-publish","4":"has-post-thumbnail","6":"product_brand-kunthkunth-verlag-de","7":"product_cat-reisefuehrer","9":"first","10":"instock","11":"taxable","12":"shipping-taxable","13":"purchasable","14":"product-type-simple"},"acf":[],"yoast_head":"<!-- This site is optimized with the Yoast SEO plugin v27.4 - https:\/\/yoast.com\/product\/yoast-seo-wordpress\/ -->\n<title>KUNTH Mit dem Wohnmobil ans Mittelmeer - Bantam Camping AG<\/title>\n<meta name=\"robots\" content=\"index, follow, max-snippet:-1, max-image-preview:large, max-video-preview:-1\" \/>\n<link rel=\"canonical\" href=\"https:\/\/shop.bantam.ch\/de\/produkt\/kunth-mit-dem-wohnmobil-ans-mittelmeer\/\" \/>\n<meta property=\"og:locale\" content=\"de_DE\" \/>\n<meta property=\"og:type\" content=\"article\" \/>\n<meta property=\"og:title\" content=\"KUNTH Mit dem Wohnmobil ans Mittelmeer - Bantam Camping AG\" \/>\n<meta property=\"og:description\" content=\"Mit Meerblick &#8211; Das Mittelmeer ist eine der beliebtesten Reisedestinationen f\u00fcr Wohnmobil-Enthusiasten. Das KUNTH Reisebuch &#8222;Mit demWohnmobil ans Mittelmeer&#8220; stellt 19 traumhafte Routen vor, die die Vielfalt und Sch\u00f6nheit dieser K\u00fcsten einfangen. Von der malerischen Costa Brava in Spanien \u00fcber die atemberaubende K\u00fcste Liguriens mit den ber\u00fchmten Cinque Terre bis hin zu den idyllischen K\u00fcsten [&hellip;]\" \/>\n<meta property=\"og:url\" content=\"https:\/\/shop.bantam.ch\/de\/produkt\/kunth-mit-dem-wohnmobil-ans-mittelmeer\/\" \/>\n<meta property=\"og:site_name\" content=\"Bantam Camping AG\" \/>\n<meta property=\"article:modified_time\" content=\"2026-04-18T22:00:00+00:00\" \/>\n<meta property=\"og:image\" content=\"https:\/\/shop.bantam.ch\/wp-content\/uploads\/2026\/02\/KUNTH-Mit-dem-Wohnmobil-ans-Mittelmeer.jpg\" \/>\n\t<meta property=\"og:image:width\" content=\"125\" \/>\n\t<meta property=\"og:image:height\" content=\"180\" \/>\n\t<meta property=\"og:image:type\" content=\"image\/jpeg\" \/>\n<meta name=\"twitter:card\" content=\"summary_large_image\" \/>\n<meta name=\"twitter:label1\" content=\"Gesch\u00e4tzte Lesezeit\" \/>\n\t<meta name=\"twitter:data1\" content=\"1\u00a0Minute\" \/>\n<script type=\"application\/ld+json\" class=\"yoast-schema-graph\">{\"@context\":\"https:\\\/\\\/schema.org\",\"@graph\":[{\"@type\":\"WebPage\",\"@id\":\"https:\\\/\\\/shop.bantam.ch\\\/de\\\/produkt\\\/kunth-mit-dem-wohnmobil-ans-mittelmeer\\\/\",\"url\":\"https:\\\/\\\/shop.bantam.ch\\\/de\\\/produkt\\\/kunth-mit-dem-wohnmobil-ans-mittelmeer\\\/\",\"name\":\"KUNTH Mit dem Wohnmobil ans Mittelmeer - Bantam Camping AG\",\"isPartOf\":{\"@id\":\"https:\\\/\\\/shop.bantam.ch\\\/de\\\/#website\"},\"primaryImageOfPage\":{\"@id\":\"https:\\\/\\\/shop.bantam.ch\\\/de\\\/produkt\\\/kunth-mit-dem-wohnmobil-ans-mittelmeer\\\/#primaryimage\"},\"image\":{\"@id\":\"https:\\\/\\\/shop.bantam.ch\\\/de\\\/produkt\\\/kunth-mit-dem-wohnmobil-ans-mittelmeer\\\/#primaryimage\"},\"thumbnailUrl\":\"https:\\\/\\\/shop.bantam.ch\\\/wp-content\\\/uploads\\\/2026\\\/02\\\/KUNTH-Mit-dem-Wohnmobil-ans-Mittelmeer.jpg\",\"datePublished\":\"2026-02-05T13:59:11+00:00\",\"dateModified\":\"2026-04-18T22:00:00+00:00\",\"breadcrumb\":{\"@id\":\"https:\\\/\\\/shop.bantam.ch\\\/de\\\/produkt\\\/kunth-mit-dem-wohnmobil-ans-mittelmeer\\\/#breadcrumb\"},\"inLanguage\":\"de\",\"potentialAction\":[{\"@type\":\"ReadAction\",\"target\":[\"https:\\\/\\\/shop.bantam.ch\\\/de\\\/produkt\\\/kunth-mit-dem-wohnmobil-ans-mittelmeer\\\/\"]}]},{\"@type\":\"ImageObject\",\"inLanguage\":\"de\",\"@id\":\"https:\\\/\\\/shop.bantam.ch\\\/de\\\/produkt\\\/kunth-mit-dem-wohnmobil-ans-mittelmeer\\\/#primaryimage\",\"url\":\"https:\\\/\\\/shop.bantam.ch\\\/wp-content\\\/uploads\\\/2026\\\/02\\\/KUNTH-Mit-dem-Wohnmobil-ans-Mittelmeer.jpg\",\"contentUrl\":\"https:\\\/\\\/shop.bantam.ch\\\/wp-content\\\/uploads\\\/2026\\\/02\\\/KUNTH-Mit-dem-Wohnmobil-ans-Mittelmeer.jpg\",\"width\":125,\"height\":180},{\"@type\":\"BreadcrumbList\",\"@id\":\"https:\\\/\\\/shop.bantam.ch\\\/de\\\/produkt\\\/kunth-mit-dem-wohnmobil-ans-mittelmeer\\\/#breadcrumb\",\"itemListElement\":[{\"@type\":\"ListItem\",\"position\":1,\"name\":\"Accueil\",\"item\":\"https:\\\/\\\/shop.bantam.ch\\\/de\\\/\"},{\"@type\":\"ListItem\",\"position\":2,\"name\":\"Shop\",\"item\":\"https:\\\/\\\/shop.bantam.ch\\\/de\\\/shop\\\/\"},{\"@type\":\"ListItem\",\"position\":3,\"name\":\"KUNTH Mit dem Wohnmobil ans Mittelmeer\"}]},{\"@type\":\"WebSite\",\"@id\":\"https:\\\/\\\/shop.bantam.ch\\\/de\\\/#website\",\"url\":\"https:\\\/\\\/shop.bantam.ch\\\/de\\\/\",\"name\":\"Bantam Camping AG\",\"description\":\"\",\"publisher\":{\"@id\":\"https:\\\/\\\/shop.bantam.ch\\\/de\\\/#organization\"},\"inLanguage\":\"de\"},{\"@type\":\"Organization\",\"@id\":\"https:\\\/\\\/shop.bantam.ch\\\/de\\\/#organization\",\"name\":\"Bantam Camping AG\",\"url\":\"https:\\\/\\\/shop.bantam.ch\\\/de\\\/\",\"logo\":{\"@type\":\"ImageObject\",\"inLanguage\":\"de\",\"@id\":\"https:\\\/\\\/shop.bantam.ch\\\/de\\\/#\\\/schema\\\/logo\\\/image\\\/\",\"url\":\"https:\\\/\\\/shop.bantam.ch\\\/wp-content\\\/uploads\\\/2022\\\/12\\\/bantam-logo.png\",\"contentUrl\":\"https:\\\/\\\/shop.bantam.ch\\\/wp-content\\\/uploads\\\/2022\\\/12\\\/bantam-logo.png\",\"width\":320,\"height\":71,\"caption\":\"Bantam Camping AG\"},\"image\":{\"@id\":\"https:\\\/\\\/shop.bantam.ch\\\/de\\\/#\\\/schema\\\/logo\\\/image\\\/\"}}]}<\/script>\n<!-- \/ Yoast SEO plugin. -->","yoast_head_json":{"title":"KUNTH Mit dem Wohnmobil ans Mittelmeer - Bantam Camping AG","robots":{"index":"index","follow":"follow","max-snippet":"max-snippet:-1","max-image-preview":"max-image-preview:large","max-video-preview":"max-video-preview:-1"},"canonical":"https:\/\/shop.bantam.ch\/de\/produkt\/kunth-mit-dem-wohnmobil-ans-mittelmeer\/","og_locale":"de_DE","og_type":"article","og_title":"KUNTH Mit dem Wohnmobil ans Mittelmeer - Bantam Camping AG","og_description":"Mit Meerblick &#8211; Das Mittelmeer ist eine der beliebtesten Reisedestinationen f\u00fcr Wohnmobil-Enthusiasten. Das KUNTH Reisebuch &#8222;Mit demWohnmobil ans Mittelmeer&#8220; stellt 19 traumhafte Routen vor, die die Vielfalt und Sch\u00f6nheit dieser K\u00fcsten einfangen. Von der malerischen Costa Brava in Spanien \u00fcber die atemberaubende K\u00fcste Liguriens mit den ber\u00fchmten Cinque Terre bis hin zu den idyllischen K\u00fcsten [&hellip;]","og_url":"https:\/\/shop.bantam.ch\/de\/produkt\/kunth-mit-dem-wohnmobil-ans-mittelmeer\/","og_site_name":"Bantam Camping AG","article_modified_time":"2026-04-18T22:00:00+00:00","og_image":[{"width":125,"height":180,"url":"https:\/\/shop.bantam.ch\/wp-content\/uploads\/2026\/02\/KUNTH-Mit-dem-Wohnmobil-ans-Mittelmeer.jpg","type":"image\/jpeg"}],"twitter_card":"summary_large_image","twitter_misc":{"Gesch\u00e4tzte Lesezeit":"1\u00a0Minute"},"schema":{"@context":"https:\/\/schema.org","@graph":[{"@type":"WebPage","@id":"https:\/\/shop.bantam.ch\/de\/produkt\/kunth-mit-dem-wohnmobil-ans-mittelmeer\/","url":"https:\/\/shop.bantam.ch\/de\/produkt\/kunth-mit-dem-wohnmobil-ans-mittelmeer\/","name":"KUNTH Mit dem Wohnmobil ans Mittelmeer - Bantam Camping AG","isPartOf":{"@id":"https:\/\/shop.bantam.ch\/de\/#website"},"primaryImageOfPage":{"@id":"https:\/\/shop.bantam.ch\/de\/produkt\/kunth-mit-dem-wohnmobil-ans-mittelmeer\/#primaryimage"},"image":{"@id":"https:\/\/shop.bantam.ch\/de\/produkt\/kunth-mit-dem-wohnmobil-ans-mittelmeer\/#primaryimage"},"thumbnailUrl":"https:\/\/shop.bantam.ch\/wp-content\/uploads\/2026\/02\/KUNTH-Mit-dem-Wohnmobil-ans-Mittelmeer.jpg","datePublished":"2026-02-05T13:59:11+00:00","dateModified":"2026-04-18T22:00:00+00:00","breadcrumb":{"@id":"https:\/\/shop.bantam.ch\/de\/produkt\/kunth-mit-dem-wohnmobil-ans-mittelmeer\/#breadcrumb"},"inLanguage":"de","potentialAction":[{"@type":"ReadAction","target":["https:\/\/shop.bantam.ch\/de\/produkt\/kunth-mit-dem-wohnmobil-ans-mittelmeer\/"]}]},{"@type":"ImageObject","inLanguage":"de","@id":"https:\/\/shop.bantam.ch\/de\/produkt\/kunth-mit-dem-wohnmobil-ans-mittelmeer\/#primaryimage","url":"https:\/\/shop.bantam.ch\/wp-content\/uploads\/2026\/02\/KUNTH-Mit-dem-Wohnmobil-ans-Mittelmeer.jpg","contentUrl":"https:\/\/shop.bantam.ch\/wp-content\/uploads\/2026\/02\/KUNTH-Mit-dem-Wohnmobil-ans-Mittelmeer.jpg","width":125,"height":180},{"@type":"BreadcrumbList","@id":"https:\/\/shop.bantam.ch\/de\/produkt\/kunth-mit-dem-wohnmobil-ans-mittelmeer\/#breadcrumb","itemListElement":[{"@type":"ListItem","position":1,"name":"Accueil","item":"https:\/\/shop.bantam.ch\/de\/"},{"@type":"ListItem","position":2,"name":"Shop","item":"https:\/\/shop.bantam.ch\/de\/shop\/"},{"@type":"ListItem","position":3,"name":"KUNTH Mit dem Wohnmobil ans Mittelmeer"}]},{"@type":"WebSite","@id":"https:\/\/shop.bantam.ch\/de\/#website","url":"https:\/\/shop.bantam.ch\/de\/","name":"Bantam Camping AG","description":"","publisher":{"@id":"https:\/\/shop.bantam.ch\/de\/#organization"},"inLanguage":"de"},{"@type":"Organization","@id":"https:\/\/shop.bantam.ch\/de\/#organization","name":"Bantam Camping AG","url":"https:\/\/shop.bantam.ch\/de\/","logo":{"@type":"ImageObject","inLanguage":"de","@id":"https:\/\/shop.bantam.ch\/de\/#\/schema\/logo\/image\/","url":"https:\/\/shop.bantam.ch\/wp-content\/uploads\/2022\/12\/bantam-logo.png","contentUrl":"https:\/\/shop.bantam.ch\/wp-content\/uploads\/2022\/12\/bantam-logo.png","width":320,"height":71,"caption":"Bantam Camping AG"},"image":{"@id":"https:\/\/shop.bantam.ch\/de\/#\/schema\/logo\/image\/"}}]}},"_links":{"self":[{"href":"https:\/\/shop.bantam.ch\/de\/wp-json\/wp\/v2\/product\/233824","targetHints":{"allow":["GET"]}}],"collection":[{"href":"https:\/\/shop.bantam.ch\/de\/wp-json\/wp\/v2\/product"}],"about":[{"href":"https:\/\/shop.bantam.ch\/de\/wp-json\/wp\/v2\/types\/product"}],"wp:featuredmedia":[{"embeddable":true,"href":"https:\/\/shop.bantam.ch\/de\/wp-json\/wp\/v2\/media\/233822"}],"wp:attachment":[{"href":"https:\/\/shop.bantam.ch\/de\/wp-json\/wp\/v2\/media?parent=233824"}],"wp:term":[{"taxonomy":"product_featured_cat","embeddable":true,"href":"https:\/\/shop.bantam.ch\/de\/wp-json\/wp\/v2\/product_featured_cat?post=233824"},{"taxonomy":"product_brand","embeddable":true,"href":"https:\/\/shop.bantam.ch\/de\/wp-json\/wp\/v2\/product_brand?post=233824"},{"taxonomy":"product_cat","embeddable":true,"href":"https:\/\/shop.bantam.ch\/de\/wp-json\/wp\/v2\/product_cat?post=233824"},{"taxonomy":"product_tag","embeddable":true,"href":"https:\/\/shop.bantam.ch\/de\/wp-json\/wp\/v2\/product_tag?post=233824"}],"curies":[{"name":"wp","href":"https:\/\/api.w.org\/{rel}","templated":true}]}}