{"id":233776,"date":"2026-02-04T11:17:12","date_gmt":"2026-02-04T10:17:12","guid":{"rendered":"https:\/\/shop.bantam.ch\/produit\/tuerschloss-fiamma-safe-door-van\/"},"modified":"2026-04-20T03:07:06","modified_gmt":"2026-04-20T01:07:06","slug":"tuerschloss-fiamma-safe-door-van","status":"publish","type":"product","link":"https:\/\/shop.bantam.ch\/de\/produkt\/tuerschloss-fiamma-safe-door-van\/","title":{"rendered":"T\u00fcrschloss Fiamma Safe Door Van"},"content":{"rendered":"<p>Neues Sicherheitsschloss f\u00fcr Kastenwagen und Campingbusse f\u00fcr einen effektiven Diebstahlschutz.<\/p>\n<ul>\n<li>Schlichtes, modernes und elegantes Fiamma-Design \u2013 perfekt abgestimmt auf die aktuellen Fahrzeuglinien<\/li>\n<li>Schnelle Montage, breite Kompatibilit\u00e4t mit den meisten Kastenwagen und Campingbussen und h\u00f6chste Zuverl\u00e4ssigkeit<\/li>\n<\/ul>\n<p>Montage:<\/p>\n<ul>\n<li>Einfach dank der mitgelieferten Bohrschablone, die die Montagezeit auf etwa 25 Minuten reduziert<\/li>\n<li>Sowohl an der Heckt\u00fcr als auch an der Seitent\u00fcr m\u00f6glich<\/li>\n<li>Ma\u00dfe:&nbsp;90 x 82 x 45 mm (B x H x T)<\/li>\n<\/ul>\n<p>Hochwertige Materialien:<\/p>\n<ul>\n<li>Stahl, Schloss mit geh\u00e4rtetem und zementiertem Kern \u2013 f\u00fcr lange Lebensdauer und hohe Widerstandsf\u00e4higkeit<\/li>\n<\/ul>\n<p>Manuelle Verriegelung:<\/p>\n<ul>\n<li>Dank des doppelseitigen Schlie\u00dfzylinders kann die Heckt\u00fcr ausschlie\u00dflich mit dem Schl\u00fcssel verriegelt werden \u2013 so werden unbeabsichtigte Schlie\u00dfungen vermieden<\/li>\n<\/ul>\n<p>Sicherheitszylinder:<\/p>\n<ul>\n<li>Mit 250.000 m\u00f6glichen Kombinationen, ausgestattet mit 8 radialen Stiften \u2013 bohr- und pickinggesch\u00fctzt \u2013 f\u00fcr einen hohen Einbruchschutz<\/li>\n<\/ul>\n<p>Kompatible Fahrzeuge:<\/p>\n<ul>\n<li>Citro\u00ebn Jumpy \/ Spacetourer \u2265 2016<\/li>\n<li>Citro\u00ebn Jumper \u2265 2014<\/li>\n<li>Fiat Ducato \u2265 2006<\/li>\n<li>Fiat Talento \u2265 2016<\/li>\n<li>Ford Transit Custom \u2265 2018<\/li>\n<li>Ford Transit Van \u2265 2019<\/li>\n<li>Iveco Daily \u2265 2014<\/li>\n<li>Mercedes Sprinter \u2265 2018<\/li>\n<li>Nissan NV300 \u2265 2014<\/li>\n<li>Nissan NV400 \u2265 2011<\/li>\n<li>Opel Movano Van \u2265 2010<\/li>\n<li>Opel Vivaro \u2265 2019<\/li>\n<li>Peugeot Boxer \u2265 2006<\/li>\n<li>Peugeot Expert \u2265 2016<\/li>\n<li>Renault Master \u2265 2010<\/li>\n<li>Renault Trafic \u2265 2014<\/li>\n<li>VW Caddy \u2265 2015<\/li>\n<li>VW Transporter \u2265 2015<\/li>\n<li>VW Crafter \u2265 2017<\/li>\n<\/ul>\n","protected":false},"excerpt":{"rendered":"<p>Neues Sicherheitsschloss f\u00fcr Kastenwagen und Campingbusse f\u00fcr einen effektiven Diebstahlschutz. Schlichtes, modernes und elegantes Fiamma-Design \u2013 perfekt abgestimmt auf die aktuellen Fahrzeuglinien Schnelle Montage, breite Kompatibilit\u00e4t mit den meisten Kastenwagen und Campingbussen und h\u00f6chste Zuverl\u00e4ssigkeit Montage: Einfach dank der mitgelieferten Bohrschablone, die die Montagezeit auf etwa 25 Minuten reduziert Sowohl an der Heckt\u00fcr als auch [&hellip;]<\/p>\n","protected":false},"featured_media":233764,"template":"","meta":{"_acf_changed":false},"product_featured_cat":[],"product_brand":[],"product_cat":[4668],"product_tag":[],"class_list":{"0":"post-233776","1":"product","2":"type-product","3":"status-publish","4":"has-post-thumbnail","6":"product_cat-tuersicherungen","8":"first","9":"instock","10":"taxable","11":"shipping-taxable","12":"purchasable","13":"product-type-variable"},"acf":[],"yoast_head":"<!-- This site is optimized with the Yoast SEO plugin v27.4 - https:\/\/yoast.com\/product\/yoast-seo-wordpress\/ -->\n<title>T\u00fcrschloss Fiamma Safe Door Van - Bantam Camping AG<\/title>\n<meta name=\"robots\" content=\"index, follow, max-snippet:-1, max-image-preview:large, max-video-preview:-1\" \/>\n<link rel=\"canonical\" href=\"https:\/\/shop.bantam.ch\/de\/produkt\/tuerschloss-fiamma-safe-door-van\/\" \/>\n<meta property=\"og:locale\" content=\"de_DE\" \/>\n<meta property=\"og:type\" content=\"article\" \/>\n<meta property=\"og:title\" content=\"T\u00fcrschloss Fiamma Safe Door Van - Bantam Camping AG\" \/>\n<meta property=\"og:description\" content=\"Neues Sicherheitsschloss f\u00fcr Kastenwagen und Campingbusse f\u00fcr einen effektiven Diebstahlschutz. Schlichtes, modernes und elegantes Fiamma-Design \u2013 perfekt abgestimmt auf die aktuellen Fahrzeuglinien Schnelle Montage, breite Kompatibilit\u00e4t mit den meisten Kastenwagen und Campingbussen und h\u00f6chste Zuverl\u00e4ssigkeit Montage: Einfach dank der mitgelieferten Bohrschablone, die die Montagezeit auf etwa 25 Minuten reduziert Sowohl an der Heckt\u00fcr als auch [&hellip;]\" \/>\n<meta property=\"og:url\" content=\"https:\/\/shop.bantam.ch\/de\/produkt\/tuerschloss-fiamma-safe-door-van\/\" \/>\n<meta property=\"og:site_name\" content=\"Bantam Camping AG\" \/>\n<meta property=\"article:modified_time\" content=\"2026-04-20T01:07:06+00:00\" \/>\n<meta name=\"twitter:card\" content=\"summary_large_image\" \/>\n<meta name=\"twitter:label1\" content=\"Gesch\u00e4tzte Lesezeit\" \/>\n\t<meta name=\"twitter:data1\" content=\"1\u00a0Minute\" \/>\n<script type=\"application\/ld+json\" class=\"yoast-schema-graph\">{\"@context\":\"https:\\\/\\\/schema.org\",\"@graph\":[{\"@type\":\"WebPage\",\"@id\":\"https:\\\/\\\/shop.bantam.ch\\\/de\\\/produkt\\\/tuerschloss-fiamma-safe-door-van\\\/\",\"url\":\"https:\\\/\\\/shop.bantam.ch\\\/de\\\/produkt\\\/tuerschloss-fiamma-safe-door-van\\\/\",\"name\":\"T\u00fcrschloss Fiamma Safe Door Van - Bantam Camping AG\",\"isPartOf\":{\"@id\":\"https:\\\/\\\/shop.bantam.ch\\\/de\\\/#website\"},\"primaryImageOfPage\":{\"@id\":\"https:\\\/\\\/shop.bantam.ch\\\/de\\\/produkt\\\/tuerschloss-fiamma-safe-door-van\\\/#primaryimage\"},\"image\":{\"@id\":\"https:\\\/\\\/shop.bantam.ch\\\/de\\\/produkt\\\/tuerschloss-fiamma-safe-door-van\\\/#primaryimage\"},\"thumbnailUrl\":\"https:\\\/\\\/shop.bantam.ch\\\/wp-content\\\/uploads\\\/2026\\\/02\\\/Movera-L-0107513100.jpg\",\"datePublished\":\"2026-02-04T10:17:12+00:00\",\"dateModified\":\"2026-04-20T01:07:06+00:00\",\"breadcrumb\":{\"@id\":\"https:\\\/\\\/shop.bantam.ch\\\/de\\\/produkt\\\/tuerschloss-fiamma-safe-door-van\\\/#breadcrumb\"},\"inLanguage\":\"de\",\"potentialAction\":[{\"@type\":\"ReadAction\",\"target\":[\"https:\\\/\\\/shop.bantam.ch\\\/de\\\/produkt\\\/tuerschloss-fiamma-safe-door-van\\\/\"]}]},{\"@type\":\"ImageObject\",\"inLanguage\":\"de\",\"@id\":\"https:\\\/\\\/shop.bantam.ch\\\/de\\\/produkt\\\/tuerschloss-fiamma-safe-door-van\\\/#primaryimage\",\"url\":\"https:\\\/\\\/shop.bantam.ch\\\/wp-content\\\/uploads\\\/2026\\\/02\\\/Movera-L-0107513100.jpg\",\"contentUrl\":\"https:\\\/\\\/shop.bantam.ch\\\/wp-content\\\/uploads\\\/2026\\\/02\\\/Movera-L-0107513100.jpg\",\"width\":640,\"height\":305},{\"@type\":\"BreadcrumbList\",\"@id\":\"https:\\\/\\\/shop.bantam.ch\\\/de\\\/produkt\\\/tuerschloss-fiamma-safe-door-van\\\/#breadcrumb\",\"itemListElement\":[{\"@type\":\"ListItem\",\"position\":1,\"name\":\"Accueil\",\"item\":\"https:\\\/\\\/shop.bantam.ch\\\/de\\\/\"},{\"@type\":\"ListItem\",\"position\":2,\"name\":\"Shop\",\"item\":\"https:\\\/\\\/shop.bantam.ch\\\/de\\\/shop\\\/\"},{\"@type\":\"ListItem\",\"position\":3,\"name\":\"T\u00fcrschloss Fiamma Safe Door Van\"}]},{\"@type\":\"WebSite\",\"@id\":\"https:\\\/\\\/shop.bantam.ch\\\/de\\\/#website\",\"url\":\"https:\\\/\\\/shop.bantam.ch\\\/de\\\/\",\"name\":\"Bantam Camping AG\",\"description\":\"\",\"publisher\":{\"@id\":\"https:\\\/\\\/shop.bantam.ch\\\/de\\\/#organization\"},\"inLanguage\":\"de\"},{\"@type\":\"Organization\",\"@id\":\"https:\\\/\\\/shop.bantam.ch\\\/de\\\/#organization\",\"name\":\"Bantam Camping AG\",\"url\":\"https:\\\/\\\/shop.bantam.ch\\\/de\\\/\",\"logo\":{\"@type\":\"ImageObject\",\"inLanguage\":\"de\",\"@id\":\"https:\\\/\\\/shop.bantam.ch\\\/de\\\/#\\\/schema\\\/logo\\\/image\\\/\",\"url\":\"https:\\\/\\\/shop.bantam.ch\\\/wp-content\\\/uploads\\\/2022\\\/12\\\/bantam-logo.png\",\"contentUrl\":\"https:\\\/\\\/shop.bantam.ch\\\/wp-content\\\/uploads\\\/2022\\\/12\\\/bantam-logo.png\",\"width\":320,\"height\":71,\"caption\":\"Bantam Camping AG\"},\"image\":{\"@id\":\"https:\\\/\\\/shop.bantam.ch\\\/de\\\/#\\\/schema\\\/logo\\\/image\\\/\"}}]}<\/script>\n<!-- \/ Yoast SEO plugin. -->","yoast_head_json":{"title":"T\u00fcrschloss Fiamma Safe Door Van - Bantam Camping AG","robots":{"index":"index","follow":"follow","max-snippet":"max-snippet:-1","max-image-preview":"max-image-preview:large","max-video-preview":"max-video-preview:-1"},"canonical":"https:\/\/shop.bantam.ch\/de\/produkt\/tuerschloss-fiamma-safe-door-van\/","og_locale":"de_DE","og_type":"article","og_title":"T\u00fcrschloss Fiamma Safe Door Van - Bantam Camping AG","og_description":"Neues Sicherheitsschloss f\u00fcr Kastenwagen und Campingbusse f\u00fcr einen effektiven Diebstahlschutz. Schlichtes, modernes und elegantes Fiamma-Design \u2013 perfekt abgestimmt auf die aktuellen Fahrzeuglinien Schnelle Montage, breite Kompatibilit\u00e4t mit den meisten Kastenwagen und Campingbussen und h\u00f6chste Zuverl\u00e4ssigkeit Montage: Einfach dank der mitgelieferten Bohrschablone, die die Montagezeit auf etwa 25 Minuten reduziert Sowohl an der Heckt\u00fcr als auch [&hellip;]","og_url":"https:\/\/shop.bantam.ch\/de\/produkt\/tuerschloss-fiamma-safe-door-van\/","og_site_name":"Bantam Camping AG","article_modified_time":"2026-04-20T01:07:06+00:00","twitter_card":"summary_large_image","twitter_misc":{"Gesch\u00e4tzte Lesezeit":"1\u00a0Minute"},"schema":{"@context":"https:\/\/schema.org","@graph":[{"@type":"WebPage","@id":"https:\/\/shop.bantam.ch\/de\/produkt\/tuerschloss-fiamma-safe-door-van\/","url":"https:\/\/shop.bantam.ch\/de\/produkt\/tuerschloss-fiamma-safe-door-van\/","name":"T\u00fcrschloss Fiamma Safe Door Van - Bantam Camping AG","isPartOf":{"@id":"https:\/\/shop.bantam.ch\/de\/#website"},"primaryImageOfPage":{"@id":"https:\/\/shop.bantam.ch\/de\/produkt\/tuerschloss-fiamma-safe-door-van\/#primaryimage"},"image":{"@id":"https:\/\/shop.bantam.ch\/de\/produkt\/tuerschloss-fiamma-safe-door-van\/#primaryimage"},"thumbnailUrl":"https:\/\/shop.bantam.ch\/wp-content\/uploads\/2026\/02\/Movera-L-0107513100.jpg","datePublished":"2026-02-04T10:17:12+00:00","dateModified":"2026-04-20T01:07:06+00:00","breadcrumb":{"@id":"https:\/\/shop.bantam.ch\/de\/produkt\/tuerschloss-fiamma-safe-door-van\/#breadcrumb"},"inLanguage":"de","potentialAction":[{"@type":"ReadAction","target":["https:\/\/shop.bantam.ch\/de\/produkt\/tuerschloss-fiamma-safe-door-van\/"]}]},{"@type":"ImageObject","inLanguage":"de","@id":"https:\/\/shop.bantam.ch\/de\/produkt\/tuerschloss-fiamma-safe-door-van\/#primaryimage","url":"https:\/\/shop.bantam.ch\/wp-content\/uploads\/2026\/02\/Movera-L-0107513100.jpg","contentUrl":"https:\/\/shop.bantam.ch\/wp-content\/uploads\/2026\/02\/Movera-L-0107513100.jpg","width":640,"height":305},{"@type":"BreadcrumbList","@id":"https:\/\/shop.bantam.ch\/de\/produkt\/tuerschloss-fiamma-safe-door-van\/#breadcrumb","itemListElement":[{"@type":"ListItem","position":1,"name":"Accueil","item":"https:\/\/shop.bantam.ch\/de\/"},{"@type":"ListItem","position":2,"name":"Shop","item":"https:\/\/shop.bantam.ch\/de\/shop\/"},{"@type":"ListItem","position":3,"name":"T\u00fcrschloss Fiamma Safe Door Van"}]},{"@type":"WebSite","@id":"https:\/\/shop.bantam.ch\/de\/#website","url":"https:\/\/shop.bantam.ch\/de\/","name":"Bantam Camping AG","description":"","publisher":{"@id":"https:\/\/shop.bantam.ch\/de\/#organization"},"inLanguage":"de"},{"@type":"Organization","@id":"https:\/\/shop.bantam.ch\/de\/#organization","name":"Bantam Camping AG","url":"https:\/\/shop.bantam.ch\/de\/","logo":{"@type":"ImageObject","inLanguage":"de","@id":"https:\/\/shop.bantam.ch\/de\/#\/schema\/logo\/image\/","url":"https:\/\/shop.bantam.ch\/wp-content\/uploads\/2022\/12\/bantam-logo.png","contentUrl":"https:\/\/shop.bantam.ch\/wp-content\/uploads\/2022\/12\/bantam-logo.png","width":320,"height":71,"caption":"Bantam Camping AG"},"image":{"@id":"https:\/\/shop.bantam.ch\/de\/#\/schema\/logo\/image\/"}}]}},"_links":{"self":[{"href":"https:\/\/shop.bantam.ch\/de\/wp-json\/wp\/v2\/product\/233776","targetHints":{"allow":["GET"]}}],"collection":[{"href":"https:\/\/shop.bantam.ch\/de\/wp-json\/wp\/v2\/product"}],"about":[{"href":"https:\/\/shop.bantam.ch\/de\/wp-json\/wp\/v2\/types\/product"}],"wp:featuredmedia":[{"embeddable":true,"href":"https:\/\/shop.bantam.ch\/de\/wp-json\/wp\/v2\/media\/233764"}],"wp:attachment":[{"href":"https:\/\/shop.bantam.ch\/de\/wp-json\/wp\/v2\/media?parent=233776"}],"wp:term":[{"taxonomy":"product_featured_cat","embeddable":true,"href":"https:\/\/shop.bantam.ch\/de\/wp-json\/wp\/v2\/product_featured_cat?post=233776"},{"taxonomy":"product_brand","embeddable":true,"href":"https:\/\/shop.bantam.ch\/de\/wp-json\/wp\/v2\/product_brand?post=233776"},{"taxonomy":"product_cat","embeddable":true,"href":"https:\/\/shop.bantam.ch\/de\/wp-json\/wp\/v2\/product_cat?post=233776"},{"taxonomy":"product_tag","embeddable":true,"href":"https:\/\/shop.bantam.ch\/de\/wp-json\/wp\/v2\/product_tag?post=233776"}],"curies":[{"name":"wp","href":"https:\/\/api.w.org\/{rel}","templated":true}]}}