{"id":233758,"date":"2026-02-04T11:16:59","date_gmt":"2026-02-04T10:16:59","guid":{"rendered":"https:\/\/shop.bantam.ch\/produit\/anbau-eris-premium\/"},"modified":"2026-04-18T23:59:53","modified_gmt":"2026-04-18T21:59:53","slug":"anbau-eris-premium","status":"publish","type":"product","link":"https:\/\/shop.bantam.ch\/de\/produkt\/anbau-eris-premium\/","title":{"rendered":"Anbau Eris Premium"},"content":{"rendered":"<p>Das ERIS PREMIUM kann bei allen WESTFIELD 2.0 Vorzelten angebaut werden und ist in Design, Farbe und Material perfekt auf diese Vorzelt-Modelle abgestimmt. So l\u00e4sst sich jedes Vorzelt m\u00fchelos mit dem ERIS PREMIUM erweitern, um zus\u00e4tzlichen Raum zu schaffen \u2013 sei es als Schlafbereich, Stauraum oder f\u00fcr individuelle Nutzung. Mit seinen Ma\u00dfen von 210 \u00d7 170 cm und einer komfortablen Stehh\u00f6he von 180\u2013195 cm bietet das ERIS PREMIUM gro\u00dfz\u00fcgigen Platz. Dank des praktischen Doppelrei\u00dfverschlusses l\u00e4sst sich der Anbau schnell und einfach mit dem Vorzelt verbinden. Anschlie\u00dfend kann der Raum mit dem zuvor entnommenen Seitenteil wieder geschlossen werden, wodurch ein harmonisches Gesamtbild entsteht.<\/p>\n","protected":false},"excerpt":{"rendered":"<p>Das ERIS PREMIUM kann bei allen WESTFIELD 2.0 Vorzelten angebaut werden und ist in Design, Farbe und Material perfekt auf diese Vorzelt-Modelle abgestimmt. So l\u00e4sst sich jedes Vorzelt m\u00fchelos mit dem ERIS PREMIUM erweitern, um zus\u00e4tzlichen Raum zu schaffen \u2013 sei es als Schlafbereich, Stauraum oder f\u00fcr individuelle Nutzung. Mit seinen Ma\u00dfen von 210 \u00d7 [&hellip;]<\/p>\n","protected":false},"featured_media":233756,"template":"","meta":{"_acf_changed":false},"product_featured_cat":[],"product_brand":[],"product_cat":[4916,4914],"product_tag":[],"class_list":{"0":"post-233758","1":"product","2":"type-product","3":"status-publish","4":"has-post-thumbnail","6":"product_cat-wohnmobil-bus-vorzelte","7":"product_cat-wohnwagen-vorzelte","9":"first","10":"instock","11":"taxable","12":"shipping-taxable","13":"purchasable","14":"product-type-simple"},"acf":[],"yoast_head":"<!-- This site is optimized with the Yoast SEO plugin v27.4 - https:\/\/yoast.com\/product\/yoast-seo-wordpress\/ -->\n<title>Anbau Eris Premium - Bantam Camping AG<\/title>\n<meta name=\"robots\" content=\"index, follow, max-snippet:-1, max-image-preview:large, max-video-preview:-1\" \/>\n<link rel=\"canonical\" href=\"https:\/\/shop.bantam.ch\/de\/produkt\/anbau-eris-premium\/\" \/>\n<meta property=\"og:locale\" content=\"de_DE\" \/>\n<meta property=\"og:type\" content=\"article\" \/>\n<meta property=\"og:title\" content=\"Anbau Eris Premium - Bantam Camping AG\" \/>\n<meta property=\"og:description\" content=\"Das ERIS PREMIUM kann bei allen WESTFIELD 2.0 Vorzelten angebaut werden und ist in Design, Farbe und Material perfekt auf diese Vorzelt-Modelle abgestimmt. So l\u00e4sst sich jedes Vorzelt m\u00fchelos mit dem ERIS PREMIUM erweitern, um zus\u00e4tzlichen Raum zu schaffen \u2013 sei es als Schlafbereich, Stauraum oder f\u00fcr individuelle Nutzung. Mit seinen Ma\u00dfen von 210 \u00d7 [&hellip;]\" \/>\n<meta property=\"og:url\" content=\"https:\/\/shop.bantam.ch\/de\/produkt\/anbau-eris-premium\/\" \/>\n<meta property=\"og:site_name\" content=\"Bantam Camping AG\" \/>\n<meta property=\"article:modified_time\" content=\"2026-04-18T21:59:53+00:00\" \/>\n<meta name=\"twitter:card\" content=\"summary_large_image\" \/>\n<meta name=\"twitter:label1\" content=\"Gesch\u00e4tzte Lesezeit\" \/>\n\t<meta name=\"twitter:data1\" content=\"1\u00a0Minute\" \/>\n<script type=\"application\/ld+json\" class=\"yoast-schema-graph\">{\"@context\":\"https:\\\/\\\/schema.org\",\"@graph\":[{\"@type\":\"WebPage\",\"@id\":\"https:\\\/\\\/shop.bantam.ch\\\/de\\\/produkt\\\/anbau-eris-premium\\\/\",\"url\":\"https:\\\/\\\/shop.bantam.ch\\\/de\\\/produkt\\\/anbau-eris-premium\\\/\",\"name\":\"Anbau Eris Premium - Bantam Camping AG\",\"isPartOf\":{\"@id\":\"https:\\\/\\\/shop.bantam.ch\\\/de\\\/#website\"},\"primaryImageOfPage\":{\"@id\":\"https:\\\/\\\/shop.bantam.ch\\\/de\\\/produkt\\\/anbau-eris-premium\\\/#primaryimage\"},\"image\":{\"@id\":\"https:\\\/\\\/shop.bantam.ch\\\/de\\\/produkt\\\/anbau-eris-premium\\\/#primaryimage\"},\"thumbnailUrl\":\"https:\\\/\\\/shop.bantam.ch\\\/wp-content\\\/uploads\\\/2026\\\/02\\\/Movera-L-9987335100.jpg\",\"datePublished\":\"2026-02-04T10:16:59+00:00\",\"dateModified\":\"2026-04-18T21:59:53+00:00\",\"breadcrumb\":{\"@id\":\"https:\\\/\\\/shop.bantam.ch\\\/de\\\/produkt\\\/anbau-eris-premium\\\/#breadcrumb\"},\"inLanguage\":\"de\",\"potentialAction\":[{\"@type\":\"ReadAction\",\"target\":[\"https:\\\/\\\/shop.bantam.ch\\\/de\\\/produkt\\\/anbau-eris-premium\\\/\"]}]},{\"@type\":\"ImageObject\",\"inLanguage\":\"de\",\"@id\":\"https:\\\/\\\/shop.bantam.ch\\\/de\\\/produkt\\\/anbau-eris-premium\\\/#primaryimage\",\"url\":\"https:\\\/\\\/shop.bantam.ch\\\/wp-content\\\/uploads\\\/2026\\\/02\\\/Movera-L-9987335100.jpg\",\"contentUrl\":\"https:\\\/\\\/shop.bantam.ch\\\/wp-content\\\/uploads\\\/2026\\\/02\\\/Movera-L-9987335100.jpg\",\"width\":640,\"height\":292},{\"@type\":\"BreadcrumbList\",\"@id\":\"https:\\\/\\\/shop.bantam.ch\\\/de\\\/produkt\\\/anbau-eris-premium\\\/#breadcrumb\",\"itemListElement\":[{\"@type\":\"ListItem\",\"position\":1,\"name\":\"Accueil\",\"item\":\"https:\\\/\\\/shop.bantam.ch\\\/de\\\/\"},{\"@type\":\"ListItem\",\"position\":2,\"name\":\"Shop\",\"item\":\"https:\\\/\\\/shop.bantam.ch\\\/de\\\/shop\\\/\"},{\"@type\":\"ListItem\",\"position\":3,\"name\":\"Anbau Eris Premium\"}]},{\"@type\":\"WebSite\",\"@id\":\"https:\\\/\\\/shop.bantam.ch\\\/de\\\/#website\",\"url\":\"https:\\\/\\\/shop.bantam.ch\\\/de\\\/\",\"name\":\"Bantam Camping AG\",\"description\":\"\",\"publisher\":{\"@id\":\"https:\\\/\\\/shop.bantam.ch\\\/de\\\/#organization\"},\"inLanguage\":\"de\"},{\"@type\":\"Organization\",\"@id\":\"https:\\\/\\\/shop.bantam.ch\\\/de\\\/#organization\",\"name\":\"Bantam Camping AG\",\"url\":\"https:\\\/\\\/shop.bantam.ch\\\/de\\\/\",\"logo\":{\"@type\":\"ImageObject\",\"inLanguage\":\"de\",\"@id\":\"https:\\\/\\\/shop.bantam.ch\\\/de\\\/#\\\/schema\\\/logo\\\/image\\\/\",\"url\":\"https:\\\/\\\/shop.bantam.ch\\\/wp-content\\\/uploads\\\/2022\\\/12\\\/bantam-logo.png\",\"contentUrl\":\"https:\\\/\\\/shop.bantam.ch\\\/wp-content\\\/uploads\\\/2022\\\/12\\\/bantam-logo.png\",\"width\":320,\"height\":71,\"caption\":\"Bantam Camping AG\"},\"image\":{\"@id\":\"https:\\\/\\\/shop.bantam.ch\\\/de\\\/#\\\/schema\\\/logo\\\/image\\\/\"}}]}<\/script>\n<!-- \/ Yoast SEO plugin. -->","yoast_head_json":{"title":"Anbau Eris Premium - Bantam Camping AG","robots":{"index":"index","follow":"follow","max-snippet":"max-snippet:-1","max-image-preview":"max-image-preview:large","max-video-preview":"max-video-preview:-1"},"canonical":"https:\/\/shop.bantam.ch\/de\/produkt\/anbau-eris-premium\/","og_locale":"de_DE","og_type":"article","og_title":"Anbau Eris Premium - Bantam Camping AG","og_description":"Das ERIS PREMIUM kann bei allen WESTFIELD 2.0 Vorzelten angebaut werden und ist in Design, Farbe und Material perfekt auf diese Vorzelt-Modelle abgestimmt. So l\u00e4sst sich jedes Vorzelt m\u00fchelos mit dem ERIS PREMIUM erweitern, um zus\u00e4tzlichen Raum zu schaffen \u2013 sei es als Schlafbereich, Stauraum oder f\u00fcr individuelle Nutzung. Mit seinen Ma\u00dfen von 210 \u00d7 [&hellip;]","og_url":"https:\/\/shop.bantam.ch\/de\/produkt\/anbau-eris-premium\/","og_site_name":"Bantam Camping AG","article_modified_time":"2026-04-18T21:59:53+00:00","twitter_card":"summary_large_image","twitter_misc":{"Gesch\u00e4tzte Lesezeit":"1\u00a0Minute"},"schema":{"@context":"https:\/\/schema.org","@graph":[{"@type":"WebPage","@id":"https:\/\/shop.bantam.ch\/de\/produkt\/anbau-eris-premium\/","url":"https:\/\/shop.bantam.ch\/de\/produkt\/anbau-eris-premium\/","name":"Anbau Eris Premium - Bantam Camping AG","isPartOf":{"@id":"https:\/\/shop.bantam.ch\/de\/#website"},"primaryImageOfPage":{"@id":"https:\/\/shop.bantam.ch\/de\/produkt\/anbau-eris-premium\/#primaryimage"},"image":{"@id":"https:\/\/shop.bantam.ch\/de\/produkt\/anbau-eris-premium\/#primaryimage"},"thumbnailUrl":"https:\/\/shop.bantam.ch\/wp-content\/uploads\/2026\/02\/Movera-L-9987335100.jpg","datePublished":"2026-02-04T10:16:59+00:00","dateModified":"2026-04-18T21:59:53+00:00","breadcrumb":{"@id":"https:\/\/shop.bantam.ch\/de\/produkt\/anbau-eris-premium\/#breadcrumb"},"inLanguage":"de","potentialAction":[{"@type":"ReadAction","target":["https:\/\/shop.bantam.ch\/de\/produkt\/anbau-eris-premium\/"]}]},{"@type":"ImageObject","inLanguage":"de","@id":"https:\/\/shop.bantam.ch\/de\/produkt\/anbau-eris-premium\/#primaryimage","url":"https:\/\/shop.bantam.ch\/wp-content\/uploads\/2026\/02\/Movera-L-9987335100.jpg","contentUrl":"https:\/\/shop.bantam.ch\/wp-content\/uploads\/2026\/02\/Movera-L-9987335100.jpg","width":640,"height":292},{"@type":"BreadcrumbList","@id":"https:\/\/shop.bantam.ch\/de\/produkt\/anbau-eris-premium\/#breadcrumb","itemListElement":[{"@type":"ListItem","position":1,"name":"Accueil","item":"https:\/\/shop.bantam.ch\/de\/"},{"@type":"ListItem","position":2,"name":"Shop","item":"https:\/\/shop.bantam.ch\/de\/shop\/"},{"@type":"ListItem","position":3,"name":"Anbau Eris Premium"}]},{"@type":"WebSite","@id":"https:\/\/shop.bantam.ch\/de\/#website","url":"https:\/\/shop.bantam.ch\/de\/","name":"Bantam Camping AG","description":"","publisher":{"@id":"https:\/\/shop.bantam.ch\/de\/#organization"},"inLanguage":"de"},{"@type":"Organization","@id":"https:\/\/shop.bantam.ch\/de\/#organization","name":"Bantam Camping AG","url":"https:\/\/shop.bantam.ch\/de\/","logo":{"@type":"ImageObject","inLanguage":"de","@id":"https:\/\/shop.bantam.ch\/de\/#\/schema\/logo\/image\/","url":"https:\/\/shop.bantam.ch\/wp-content\/uploads\/2022\/12\/bantam-logo.png","contentUrl":"https:\/\/shop.bantam.ch\/wp-content\/uploads\/2022\/12\/bantam-logo.png","width":320,"height":71,"caption":"Bantam Camping AG"},"image":{"@id":"https:\/\/shop.bantam.ch\/de\/#\/schema\/logo\/image\/"}}]}},"_links":{"self":[{"href":"https:\/\/shop.bantam.ch\/de\/wp-json\/wp\/v2\/product\/233758","targetHints":{"allow":["GET"]}}],"collection":[{"href":"https:\/\/shop.bantam.ch\/de\/wp-json\/wp\/v2\/product"}],"about":[{"href":"https:\/\/shop.bantam.ch\/de\/wp-json\/wp\/v2\/types\/product"}],"wp:featuredmedia":[{"embeddable":true,"href":"https:\/\/shop.bantam.ch\/de\/wp-json\/wp\/v2\/media\/233756"}],"wp:attachment":[{"href":"https:\/\/shop.bantam.ch\/de\/wp-json\/wp\/v2\/media?parent=233758"}],"wp:term":[{"taxonomy":"product_featured_cat","embeddable":true,"href":"https:\/\/shop.bantam.ch\/de\/wp-json\/wp\/v2\/product_featured_cat?post=233758"},{"taxonomy":"product_brand","embeddable":true,"href":"https:\/\/shop.bantam.ch\/de\/wp-json\/wp\/v2\/product_brand?post=233758"},{"taxonomy":"product_cat","embeddable":true,"href":"https:\/\/shop.bantam.ch\/de\/wp-json\/wp\/v2\/product_cat?post=233758"},{"taxonomy":"product_tag","embeddable":true,"href":"https:\/\/shop.bantam.ch\/de\/wp-json\/wp\/v2\/product_tag?post=233758"}],"curies":[{"name":"wp","href":"https:\/\/api.w.org\/{rel}","templated":true}]}}