{"id":233740,"date":"2026-02-04T11:16:23","date_gmt":"2026-02-04T10:16:23","guid":{"rendered":"https:\/\/shop.bantam.ch\/produit\/schleuse-fuer-vorzelt-orion\/"},"modified":"2026-04-17T03:45:53","modified_gmt":"2026-04-17T01:45:53","slug":"schleuse-fuer-vorzelt-orion","status":"publish","type":"product","link":"https:\/\/shop.bantam.ch\/de\/produkt\/schleuse-fuer-vorzelt-orion\/","title":{"rendered":"Schleuse f\u00fcr Vorzelt Orion"},"content":{"rendered":"<p>Durch die Schleuse, passend zum Modell ORION 2.0 k\u00f6nnen Sie das Hauptzelt mit Ihrem Fahrzeug verbinden. Ziehen Sie einfach die Kederleiste in die am Fahrzeug befindliche Schiene und bleiben Sie auch bei schlechtem Wetter gesch\u00fctzt. Beim wegfahren, k\u00f6nnen Sie nur die Schleuse entfernen, sodass Sie nicht das ganze Vorzelt abbauen und verstauen m\u00fcssen.<\/p>\n<p>&nbsp;<\/p>\n<p>Vorhandene Modelle f\u00fcr Fahrzeugh\u00f6hen:<br \/>\n180-210 cm<br \/>\n211-240 cm<br \/>\n241-270 cm<br \/>\nTouring 200 cm<\/p>\n","protected":false},"excerpt":{"rendered":"<p>Durch die Schleuse, passend zum Modell ORION 2.0 k\u00f6nnen Sie das Hauptzelt mit Ihrem Fahrzeug verbinden. Ziehen Sie einfach die Kederleiste in die am Fahrzeug befindliche Schiene und bleiben Sie auch bei schlechtem Wetter gesch\u00fctzt. Beim wegfahren, k\u00f6nnen Sie nur die Schleuse entfernen, sodass Sie nicht das ganze Vorzelt abbauen und verstauen m\u00fcssen. &nbsp; Vorhandene [&hellip;]<\/p>\n","protected":false},"featured_media":233734,"template":"","meta":{"_acf_changed":false},"product_featured_cat":[],"product_brand":[],"product_cat":[4916],"product_tag":[],"class_list":{"0":"post-233740","1":"product","2":"type-product","3":"status-publish","4":"has-post-thumbnail","6":"product_cat-wohnmobil-bus-vorzelte","8":"first","9":"instock","10":"taxable","11":"shipping-taxable","12":"purchasable","13":"product-type-variable"},"acf":[],"yoast_head":"<!-- This site is optimized with the Yoast SEO plugin v27.4 - https:\/\/yoast.com\/product\/yoast-seo-wordpress\/ -->\n<title>Schleuse f\u00fcr Vorzelt Orion - Bantam Camping AG<\/title>\n<meta name=\"robots\" content=\"index, follow, max-snippet:-1, max-image-preview:large, max-video-preview:-1\" \/>\n<link rel=\"canonical\" href=\"https:\/\/shop.bantam.ch\/de\/produkt\/schleuse-fuer-vorzelt-orion\/\" \/>\n<meta property=\"og:locale\" content=\"de_DE\" \/>\n<meta property=\"og:type\" content=\"article\" \/>\n<meta property=\"og:title\" content=\"Schleuse f\u00fcr Vorzelt Orion - Bantam Camping AG\" \/>\n<meta property=\"og:description\" content=\"Durch die Schleuse, passend zum Modell ORION 2.0 k\u00f6nnen Sie das Hauptzelt mit Ihrem Fahrzeug verbinden. Ziehen Sie einfach die Kederleiste in die am Fahrzeug befindliche Schiene und bleiben Sie auch bei schlechtem Wetter gesch\u00fctzt. Beim wegfahren, k\u00f6nnen Sie nur die Schleuse entfernen, sodass Sie nicht das ganze Vorzelt abbauen und verstauen m\u00fcssen. &nbsp; Vorhandene [&hellip;]\" \/>\n<meta property=\"og:url\" content=\"https:\/\/shop.bantam.ch\/de\/produkt\/schleuse-fuer-vorzelt-orion\/\" \/>\n<meta property=\"og:site_name\" content=\"Bantam Camping AG\" \/>\n<meta property=\"article:modified_time\" content=\"2026-04-17T01:45:53+00:00\" \/>\n<meta name=\"twitter:card\" content=\"summary_large_image\" \/>\n<script type=\"application\/ld+json\" class=\"yoast-schema-graph\">{\"@context\":\"https:\\\/\\\/schema.org\",\"@graph\":[{\"@type\":\"WebPage\",\"@id\":\"https:\\\/\\\/shop.bantam.ch\\\/de\\\/produkt\\\/schleuse-fuer-vorzelt-orion\\\/\",\"url\":\"https:\\\/\\\/shop.bantam.ch\\\/de\\\/produkt\\\/schleuse-fuer-vorzelt-orion\\\/\",\"name\":\"Schleuse f\u00fcr Vorzelt Orion - Bantam Camping AG\",\"isPartOf\":{\"@id\":\"https:\\\/\\\/shop.bantam.ch\\\/de\\\/#website\"},\"primaryImageOfPage\":{\"@id\":\"https:\\\/\\\/shop.bantam.ch\\\/de\\\/produkt\\\/schleuse-fuer-vorzelt-orion\\\/#primaryimage\"},\"image\":{\"@id\":\"https:\\\/\\\/shop.bantam.ch\\\/de\\\/produkt\\\/schleuse-fuer-vorzelt-orion\\\/#primaryimage\"},\"thumbnailUrl\":\"https:\\\/\\\/shop.bantam.ch\\\/wp-content\\\/uploads\\\/2026\\\/02\\\/Movera-L-0107599100.jpg\",\"datePublished\":\"2026-02-04T10:16:23+00:00\",\"dateModified\":\"2026-04-17T01:45:53+00:00\",\"breadcrumb\":{\"@id\":\"https:\\\/\\\/shop.bantam.ch\\\/de\\\/produkt\\\/schleuse-fuer-vorzelt-orion\\\/#breadcrumb\"},\"inLanguage\":\"de\",\"potentialAction\":[{\"@type\":\"ReadAction\",\"target\":[\"https:\\\/\\\/shop.bantam.ch\\\/de\\\/produkt\\\/schleuse-fuer-vorzelt-orion\\\/\"]}]},{\"@type\":\"ImageObject\",\"inLanguage\":\"de\",\"@id\":\"https:\\\/\\\/shop.bantam.ch\\\/de\\\/produkt\\\/schleuse-fuer-vorzelt-orion\\\/#primaryimage\",\"url\":\"https:\\\/\\\/shop.bantam.ch\\\/wp-content\\\/uploads\\\/2026\\\/02\\\/Movera-L-0107599100.jpg\",\"contentUrl\":\"https:\\\/\\\/shop.bantam.ch\\\/wp-content\\\/uploads\\\/2026\\\/02\\\/Movera-L-0107599100.jpg\",\"width\":640,\"height\":946},{\"@type\":\"BreadcrumbList\",\"@id\":\"https:\\\/\\\/shop.bantam.ch\\\/de\\\/produkt\\\/schleuse-fuer-vorzelt-orion\\\/#breadcrumb\",\"itemListElement\":[{\"@type\":\"ListItem\",\"position\":1,\"name\":\"Accueil\",\"item\":\"https:\\\/\\\/shop.bantam.ch\\\/de\\\/\"},{\"@type\":\"ListItem\",\"position\":2,\"name\":\"Shop\",\"item\":\"https:\\\/\\\/shop.bantam.ch\\\/de\\\/shop\\\/\"},{\"@type\":\"ListItem\",\"position\":3,\"name\":\"Schleuse f\u00fcr Vorzelt Orion\"}]},{\"@type\":\"WebSite\",\"@id\":\"https:\\\/\\\/shop.bantam.ch\\\/de\\\/#website\",\"url\":\"https:\\\/\\\/shop.bantam.ch\\\/de\\\/\",\"name\":\"Bantam Camping AG\",\"description\":\"\",\"publisher\":{\"@id\":\"https:\\\/\\\/shop.bantam.ch\\\/de\\\/#organization\"},\"inLanguage\":\"de\"},{\"@type\":\"Organization\",\"@id\":\"https:\\\/\\\/shop.bantam.ch\\\/de\\\/#organization\",\"name\":\"Bantam Camping AG\",\"url\":\"https:\\\/\\\/shop.bantam.ch\\\/de\\\/\",\"logo\":{\"@type\":\"ImageObject\",\"inLanguage\":\"de\",\"@id\":\"https:\\\/\\\/shop.bantam.ch\\\/de\\\/#\\\/schema\\\/logo\\\/image\\\/\",\"url\":\"https:\\\/\\\/shop.bantam.ch\\\/wp-content\\\/uploads\\\/2022\\\/12\\\/bantam-logo.png\",\"contentUrl\":\"https:\\\/\\\/shop.bantam.ch\\\/wp-content\\\/uploads\\\/2022\\\/12\\\/bantam-logo.png\",\"width\":320,\"height\":71,\"caption\":\"Bantam Camping AG\"},\"image\":{\"@id\":\"https:\\\/\\\/shop.bantam.ch\\\/de\\\/#\\\/schema\\\/logo\\\/image\\\/\"}}]}<\/script>\n<!-- \/ Yoast SEO plugin. -->","yoast_head_json":{"title":"Schleuse f\u00fcr Vorzelt Orion - Bantam Camping AG","robots":{"index":"index","follow":"follow","max-snippet":"max-snippet:-1","max-image-preview":"max-image-preview:large","max-video-preview":"max-video-preview:-1"},"canonical":"https:\/\/shop.bantam.ch\/de\/produkt\/schleuse-fuer-vorzelt-orion\/","og_locale":"de_DE","og_type":"article","og_title":"Schleuse f\u00fcr Vorzelt Orion - Bantam Camping AG","og_description":"Durch die Schleuse, passend zum Modell ORION 2.0 k\u00f6nnen Sie das Hauptzelt mit Ihrem Fahrzeug verbinden. Ziehen Sie einfach die Kederleiste in die am Fahrzeug befindliche Schiene und bleiben Sie auch bei schlechtem Wetter gesch\u00fctzt. Beim wegfahren, k\u00f6nnen Sie nur die Schleuse entfernen, sodass Sie nicht das ganze Vorzelt abbauen und verstauen m\u00fcssen. &nbsp; Vorhandene [&hellip;]","og_url":"https:\/\/shop.bantam.ch\/de\/produkt\/schleuse-fuer-vorzelt-orion\/","og_site_name":"Bantam Camping AG","article_modified_time":"2026-04-17T01:45:53+00:00","twitter_card":"summary_large_image","schema":{"@context":"https:\/\/schema.org","@graph":[{"@type":"WebPage","@id":"https:\/\/shop.bantam.ch\/de\/produkt\/schleuse-fuer-vorzelt-orion\/","url":"https:\/\/shop.bantam.ch\/de\/produkt\/schleuse-fuer-vorzelt-orion\/","name":"Schleuse f\u00fcr Vorzelt Orion - Bantam Camping AG","isPartOf":{"@id":"https:\/\/shop.bantam.ch\/de\/#website"},"primaryImageOfPage":{"@id":"https:\/\/shop.bantam.ch\/de\/produkt\/schleuse-fuer-vorzelt-orion\/#primaryimage"},"image":{"@id":"https:\/\/shop.bantam.ch\/de\/produkt\/schleuse-fuer-vorzelt-orion\/#primaryimage"},"thumbnailUrl":"https:\/\/shop.bantam.ch\/wp-content\/uploads\/2026\/02\/Movera-L-0107599100.jpg","datePublished":"2026-02-04T10:16:23+00:00","dateModified":"2026-04-17T01:45:53+00:00","breadcrumb":{"@id":"https:\/\/shop.bantam.ch\/de\/produkt\/schleuse-fuer-vorzelt-orion\/#breadcrumb"},"inLanguage":"de","potentialAction":[{"@type":"ReadAction","target":["https:\/\/shop.bantam.ch\/de\/produkt\/schleuse-fuer-vorzelt-orion\/"]}]},{"@type":"ImageObject","inLanguage":"de","@id":"https:\/\/shop.bantam.ch\/de\/produkt\/schleuse-fuer-vorzelt-orion\/#primaryimage","url":"https:\/\/shop.bantam.ch\/wp-content\/uploads\/2026\/02\/Movera-L-0107599100.jpg","contentUrl":"https:\/\/shop.bantam.ch\/wp-content\/uploads\/2026\/02\/Movera-L-0107599100.jpg","width":640,"height":946},{"@type":"BreadcrumbList","@id":"https:\/\/shop.bantam.ch\/de\/produkt\/schleuse-fuer-vorzelt-orion\/#breadcrumb","itemListElement":[{"@type":"ListItem","position":1,"name":"Accueil","item":"https:\/\/shop.bantam.ch\/de\/"},{"@type":"ListItem","position":2,"name":"Shop","item":"https:\/\/shop.bantam.ch\/de\/shop\/"},{"@type":"ListItem","position":3,"name":"Schleuse f\u00fcr Vorzelt Orion"}]},{"@type":"WebSite","@id":"https:\/\/shop.bantam.ch\/de\/#website","url":"https:\/\/shop.bantam.ch\/de\/","name":"Bantam Camping AG","description":"","publisher":{"@id":"https:\/\/shop.bantam.ch\/de\/#organization"},"inLanguage":"de"},{"@type":"Organization","@id":"https:\/\/shop.bantam.ch\/de\/#organization","name":"Bantam Camping AG","url":"https:\/\/shop.bantam.ch\/de\/","logo":{"@type":"ImageObject","inLanguage":"de","@id":"https:\/\/shop.bantam.ch\/de\/#\/schema\/logo\/image\/","url":"https:\/\/shop.bantam.ch\/wp-content\/uploads\/2022\/12\/bantam-logo.png","contentUrl":"https:\/\/shop.bantam.ch\/wp-content\/uploads\/2022\/12\/bantam-logo.png","width":320,"height":71,"caption":"Bantam Camping AG"},"image":{"@id":"https:\/\/shop.bantam.ch\/de\/#\/schema\/logo\/image\/"}}]}},"_links":{"self":[{"href":"https:\/\/shop.bantam.ch\/de\/wp-json\/wp\/v2\/product\/233740","targetHints":{"allow":["GET"]}}],"collection":[{"href":"https:\/\/shop.bantam.ch\/de\/wp-json\/wp\/v2\/product"}],"about":[{"href":"https:\/\/shop.bantam.ch\/de\/wp-json\/wp\/v2\/types\/product"}],"wp:featuredmedia":[{"embeddable":true,"href":"https:\/\/shop.bantam.ch\/de\/wp-json\/wp\/v2\/media\/233734"}],"wp:attachment":[{"href":"https:\/\/shop.bantam.ch\/de\/wp-json\/wp\/v2\/media?parent=233740"}],"wp:term":[{"taxonomy":"product_featured_cat","embeddable":true,"href":"https:\/\/shop.bantam.ch\/de\/wp-json\/wp\/v2\/product_featured_cat?post=233740"},{"taxonomy":"product_brand","embeddable":true,"href":"https:\/\/shop.bantam.ch\/de\/wp-json\/wp\/v2\/product_brand?post=233740"},{"taxonomy":"product_cat","embeddable":true,"href":"https:\/\/shop.bantam.ch\/de\/wp-json\/wp\/v2\/product_cat?post=233740"},{"taxonomy":"product_tag","embeddable":true,"href":"https:\/\/shop.bantam.ch\/de\/wp-json\/wp\/v2\/product_tag?post=233740"}],"curies":[{"name":"wp","href":"https:\/\/api.w.org\/{rel}","templated":true}]}}