{"id":233732,"date":"2026-02-04T11:16:17","date_gmt":"2026-02-04T10:16:17","guid":{"rendered":"https:\/\/shop.bantam.ch\/produit\/busvorzelt-orion-2-0\/"},"modified":"2026-04-22T00:01:23","modified_gmt":"2026-04-21T22:01:23","slug":"busvorzelt-orion-2-0","status":"publish","type":"product","link":"https:\/\/shop.bantam.ch\/de\/produkt\/busvorzelt-orion-2-0\/","title":{"rendered":"Busvorzelt Orion 2.0"},"content":{"rendered":"<p>Das Modell ORION 2.0 aus der WESTFIELD PREMIUM Serie ist speziell f\u00fcr alle Kastenwagen und Campingbusse entwickelt. Das Vorzelt muss mittels einer Schleuse (separat erh\u00e4ltlich) mit dem Mobil verbunden werden. Aufgrund von unterschiedlichen Anforderungen, bieten wir auch unterschiedliche Schleusen an. Die hochwertigen Materialien &#8211; bestehend aus HydroTech\u00ae CottonTouch &#8211; sorgen f\u00fcr ein angenehmes Raumklima. Zudem verhindern die get\u00f6nten Panoramafenster die starke Sonneneinstrahlung und schaffen bei jedem Wetter ein wohnliches Gef\u00fchl. Durch das Ein-Kammer-Luftsystem ist der Aufbau schnell und einfach m\u00f6glich und die Drive-Away-Funktion bietet Ihnen h\u00f6chste Flexibilit\u00e4t und Mobilit\u00e4t.<\/p>\n<p>&nbsp;<\/p>\n<p>Material:<\/p>\n<p>100% Polyester mit beidseitiger PU-Beschichtung<\/p>\n","protected":false},"excerpt":{"rendered":"<p>Das Modell ORION 2.0 aus der WESTFIELD PREMIUM Serie ist speziell f\u00fcr alle Kastenwagen und Campingbusse entwickelt. Das Vorzelt muss mittels einer Schleuse (separat erh\u00e4ltlich) mit dem Mobil verbunden werden. Aufgrund von unterschiedlichen Anforderungen, bieten wir auch unterschiedliche Schleusen an. Die hochwertigen Materialien &#8211; bestehend aus HydroTech\u00ae CottonTouch &#8211; sorgen f\u00fcr ein angenehmes Raumklima. Zudem [&hellip;]<\/p>\n","protected":false},"featured_media":233730,"template":"","meta":{"_acf_changed":false},"product_featured_cat":[],"product_brand":[],"product_cat":[4916],"product_tag":[],"class_list":{"0":"post-233732","1":"product","2":"type-product","3":"status-publish","4":"has-post-thumbnail","6":"product_cat-wohnmobil-bus-vorzelte","8":"first","9":"instock","10":"taxable","11":"shipping-taxable","12":"purchasable","13":"product-type-simple"},"acf":[],"yoast_head":"<!-- This site is optimized with the Yoast SEO plugin v27.4 - https:\/\/yoast.com\/product\/yoast-seo-wordpress\/ -->\n<title>Busvorzelt Orion 2.0 - Bantam Camping AG<\/title>\n<meta name=\"robots\" content=\"index, follow, max-snippet:-1, max-image-preview:large, max-video-preview:-1\" \/>\n<link rel=\"canonical\" href=\"https:\/\/shop.bantam.ch\/de\/produkt\/busvorzelt-orion-2-0\/\" \/>\n<meta property=\"og:locale\" content=\"de_DE\" \/>\n<meta property=\"og:type\" content=\"article\" \/>\n<meta property=\"og:title\" content=\"Busvorzelt Orion 2.0 - Bantam Camping AG\" \/>\n<meta property=\"og:description\" content=\"Das Modell ORION 2.0 aus der WESTFIELD PREMIUM Serie ist speziell f\u00fcr alle Kastenwagen und Campingbusse entwickelt. Das Vorzelt muss mittels einer Schleuse (separat erh\u00e4ltlich) mit dem Mobil verbunden werden. Aufgrund von unterschiedlichen Anforderungen, bieten wir auch unterschiedliche Schleusen an. Die hochwertigen Materialien &#8211; bestehend aus HydroTech\u00ae CottonTouch &#8211; sorgen f\u00fcr ein angenehmes Raumklima. Zudem [&hellip;]\" \/>\n<meta property=\"og:url\" content=\"https:\/\/shop.bantam.ch\/de\/produkt\/busvorzelt-orion-2-0\/\" \/>\n<meta property=\"og:site_name\" content=\"Bantam Camping AG\" \/>\n<meta property=\"article:modified_time\" content=\"2026-04-21T22:01:23+00:00\" \/>\n<meta name=\"twitter:card\" content=\"summary_large_image\" \/>\n<meta name=\"twitter:label1\" content=\"Gesch\u00e4tzte Lesezeit\" \/>\n\t<meta name=\"twitter:data1\" content=\"1\u00a0Minute\" \/>\n<script type=\"application\/ld+json\" class=\"yoast-schema-graph\">{\"@context\":\"https:\\\/\\\/schema.org\",\"@graph\":[{\"@type\":\"WebPage\",\"@id\":\"https:\\\/\\\/shop.bantam.ch\\\/de\\\/produkt\\\/busvorzelt-orion-2-0\\\/\",\"url\":\"https:\\\/\\\/shop.bantam.ch\\\/de\\\/produkt\\\/busvorzelt-orion-2-0\\\/\",\"name\":\"Busvorzelt Orion 2.0 - Bantam Camping AG\",\"isPartOf\":{\"@id\":\"https:\\\/\\\/shop.bantam.ch\\\/de\\\/#website\"},\"primaryImageOfPage\":{\"@id\":\"https:\\\/\\\/shop.bantam.ch\\\/de\\\/produkt\\\/busvorzelt-orion-2-0\\\/#primaryimage\"},\"image\":{\"@id\":\"https:\\\/\\\/shop.bantam.ch\\\/de\\\/produkt\\\/busvorzelt-orion-2-0\\\/#primaryimage\"},\"thumbnailUrl\":\"https:\\\/\\\/shop.bantam.ch\\\/wp-content\\\/uploads\\\/2026\\\/02\\\/Movera-L-9987322100.png\",\"datePublished\":\"2026-02-04T10:16:17+00:00\",\"dateModified\":\"2026-04-21T22:01:23+00:00\",\"breadcrumb\":{\"@id\":\"https:\\\/\\\/shop.bantam.ch\\\/de\\\/produkt\\\/busvorzelt-orion-2-0\\\/#breadcrumb\"},\"inLanguage\":\"de\",\"potentialAction\":[{\"@type\":\"ReadAction\",\"target\":[\"https:\\\/\\\/shop.bantam.ch\\\/de\\\/produkt\\\/busvorzelt-orion-2-0\\\/\"]}]},{\"@type\":\"ImageObject\",\"inLanguage\":\"de\",\"@id\":\"https:\\\/\\\/shop.bantam.ch\\\/de\\\/produkt\\\/busvorzelt-orion-2-0\\\/#primaryimage\",\"url\":\"https:\\\/\\\/shop.bantam.ch\\\/wp-content\\\/uploads\\\/2026\\\/02\\\/Movera-L-9987322100.png\",\"contentUrl\":\"https:\\\/\\\/shop.bantam.ch\\\/wp-content\\\/uploads\\\/2026\\\/02\\\/Movera-L-9987322100.png\",\"width\":640,\"height\":239},{\"@type\":\"BreadcrumbList\",\"@id\":\"https:\\\/\\\/shop.bantam.ch\\\/de\\\/produkt\\\/busvorzelt-orion-2-0\\\/#breadcrumb\",\"itemListElement\":[{\"@type\":\"ListItem\",\"position\":1,\"name\":\"Accueil\",\"item\":\"https:\\\/\\\/shop.bantam.ch\\\/de\\\/\"},{\"@type\":\"ListItem\",\"position\":2,\"name\":\"Shop\",\"item\":\"https:\\\/\\\/shop.bantam.ch\\\/de\\\/shop\\\/\"},{\"@type\":\"ListItem\",\"position\":3,\"name\":\"Busvorzelt Orion 2.0\"}]},{\"@type\":\"WebSite\",\"@id\":\"https:\\\/\\\/shop.bantam.ch\\\/de\\\/#website\",\"url\":\"https:\\\/\\\/shop.bantam.ch\\\/de\\\/\",\"name\":\"Bantam Camping AG\",\"description\":\"\",\"publisher\":{\"@id\":\"https:\\\/\\\/shop.bantam.ch\\\/de\\\/#organization\"},\"inLanguage\":\"de\"},{\"@type\":\"Organization\",\"@id\":\"https:\\\/\\\/shop.bantam.ch\\\/de\\\/#organization\",\"name\":\"Bantam Camping AG\",\"url\":\"https:\\\/\\\/shop.bantam.ch\\\/de\\\/\",\"logo\":{\"@type\":\"ImageObject\",\"inLanguage\":\"de\",\"@id\":\"https:\\\/\\\/shop.bantam.ch\\\/de\\\/#\\\/schema\\\/logo\\\/image\\\/\",\"url\":\"https:\\\/\\\/shop.bantam.ch\\\/wp-content\\\/uploads\\\/2022\\\/12\\\/bantam-logo.png\",\"contentUrl\":\"https:\\\/\\\/shop.bantam.ch\\\/wp-content\\\/uploads\\\/2022\\\/12\\\/bantam-logo.png\",\"width\":320,\"height\":71,\"caption\":\"Bantam Camping AG\"},\"image\":{\"@id\":\"https:\\\/\\\/shop.bantam.ch\\\/de\\\/#\\\/schema\\\/logo\\\/image\\\/\"}}]}<\/script>\n<!-- \/ Yoast SEO plugin. -->","yoast_head_json":{"title":"Busvorzelt Orion 2.0 - Bantam Camping AG","robots":{"index":"index","follow":"follow","max-snippet":"max-snippet:-1","max-image-preview":"max-image-preview:large","max-video-preview":"max-video-preview:-1"},"canonical":"https:\/\/shop.bantam.ch\/de\/produkt\/busvorzelt-orion-2-0\/","og_locale":"de_DE","og_type":"article","og_title":"Busvorzelt Orion 2.0 - Bantam Camping AG","og_description":"Das Modell ORION 2.0 aus der WESTFIELD PREMIUM Serie ist speziell f\u00fcr alle Kastenwagen und Campingbusse entwickelt. Das Vorzelt muss mittels einer Schleuse (separat erh\u00e4ltlich) mit dem Mobil verbunden werden. Aufgrund von unterschiedlichen Anforderungen, bieten wir auch unterschiedliche Schleusen an. Die hochwertigen Materialien &#8211; bestehend aus HydroTech\u00ae CottonTouch &#8211; sorgen f\u00fcr ein angenehmes Raumklima. Zudem [&hellip;]","og_url":"https:\/\/shop.bantam.ch\/de\/produkt\/busvorzelt-orion-2-0\/","og_site_name":"Bantam Camping AG","article_modified_time":"2026-04-21T22:01:23+00:00","twitter_card":"summary_large_image","twitter_misc":{"Gesch\u00e4tzte Lesezeit":"1\u00a0Minute"},"schema":{"@context":"https:\/\/schema.org","@graph":[{"@type":"WebPage","@id":"https:\/\/shop.bantam.ch\/de\/produkt\/busvorzelt-orion-2-0\/","url":"https:\/\/shop.bantam.ch\/de\/produkt\/busvorzelt-orion-2-0\/","name":"Busvorzelt Orion 2.0 - Bantam Camping AG","isPartOf":{"@id":"https:\/\/shop.bantam.ch\/de\/#website"},"primaryImageOfPage":{"@id":"https:\/\/shop.bantam.ch\/de\/produkt\/busvorzelt-orion-2-0\/#primaryimage"},"image":{"@id":"https:\/\/shop.bantam.ch\/de\/produkt\/busvorzelt-orion-2-0\/#primaryimage"},"thumbnailUrl":"https:\/\/shop.bantam.ch\/wp-content\/uploads\/2026\/02\/Movera-L-9987322100.png","datePublished":"2026-02-04T10:16:17+00:00","dateModified":"2026-04-21T22:01:23+00:00","breadcrumb":{"@id":"https:\/\/shop.bantam.ch\/de\/produkt\/busvorzelt-orion-2-0\/#breadcrumb"},"inLanguage":"de","potentialAction":[{"@type":"ReadAction","target":["https:\/\/shop.bantam.ch\/de\/produkt\/busvorzelt-orion-2-0\/"]}]},{"@type":"ImageObject","inLanguage":"de","@id":"https:\/\/shop.bantam.ch\/de\/produkt\/busvorzelt-orion-2-0\/#primaryimage","url":"https:\/\/shop.bantam.ch\/wp-content\/uploads\/2026\/02\/Movera-L-9987322100.png","contentUrl":"https:\/\/shop.bantam.ch\/wp-content\/uploads\/2026\/02\/Movera-L-9987322100.png","width":640,"height":239},{"@type":"BreadcrumbList","@id":"https:\/\/shop.bantam.ch\/de\/produkt\/busvorzelt-orion-2-0\/#breadcrumb","itemListElement":[{"@type":"ListItem","position":1,"name":"Accueil","item":"https:\/\/shop.bantam.ch\/de\/"},{"@type":"ListItem","position":2,"name":"Shop","item":"https:\/\/shop.bantam.ch\/de\/shop\/"},{"@type":"ListItem","position":3,"name":"Busvorzelt Orion 2.0"}]},{"@type":"WebSite","@id":"https:\/\/shop.bantam.ch\/de\/#website","url":"https:\/\/shop.bantam.ch\/de\/","name":"Bantam Camping AG","description":"","publisher":{"@id":"https:\/\/shop.bantam.ch\/de\/#organization"},"inLanguage":"de"},{"@type":"Organization","@id":"https:\/\/shop.bantam.ch\/de\/#organization","name":"Bantam Camping AG","url":"https:\/\/shop.bantam.ch\/de\/","logo":{"@type":"ImageObject","inLanguage":"de","@id":"https:\/\/shop.bantam.ch\/de\/#\/schema\/logo\/image\/","url":"https:\/\/shop.bantam.ch\/wp-content\/uploads\/2022\/12\/bantam-logo.png","contentUrl":"https:\/\/shop.bantam.ch\/wp-content\/uploads\/2022\/12\/bantam-logo.png","width":320,"height":71,"caption":"Bantam Camping AG"},"image":{"@id":"https:\/\/shop.bantam.ch\/de\/#\/schema\/logo\/image\/"}}]}},"_links":{"self":[{"href":"https:\/\/shop.bantam.ch\/de\/wp-json\/wp\/v2\/product\/233732","targetHints":{"allow":["GET"]}}],"collection":[{"href":"https:\/\/shop.bantam.ch\/de\/wp-json\/wp\/v2\/product"}],"about":[{"href":"https:\/\/shop.bantam.ch\/de\/wp-json\/wp\/v2\/types\/product"}],"wp:featuredmedia":[{"embeddable":true,"href":"https:\/\/shop.bantam.ch\/de\/wp-json\/wp\/v2\/media\/233730"}],"wp:attachment":[{"href":"https:\/\/shop.bantam.ch\/de\/wp-json\/wp\/v2\/media?parent=233732"}],"wp:term":[{"taxonomy":"product_featured_cat","embeddable":true,"href":"https:\/\/shop.bantam.ch\/de\/wp-json\/wp\/v2\/product_featured_cat?post=233732"},{"taxonomy":"product_brand","embeddable":true,"href":"https:\/\/shop.bantam.ch\/de\/wp-json\/wp\/v2\/product_brand?post=233732"},{"taxonomy":"product_cat","embeddable":true,"href":"https:\/\/shop.bantam.ch\/de\/wp-json\/wp\/v2\/product_cat?post=233732"},{"taxonomy":"product_tag","embeddable":true,"href":"https:\/\/shop.bantam.ch\/de\/wp-json\/wp\/v2\/product_tag?post=233732"}],"curies":[{"name":"wp","href":"https:\/\/api.w.org\/{rel}","templated":true}]}}