{"id":233722,"date":"2026-02-04T11:15:35","date_gmt":"2026-02-04T10:15:35","guid":{"rendered":"https:\/\/shop.bantam.ch\/produit\/dachhimmel-vorzelt-pluto-2-0\/"},"modified":"2026-04-19T02:56:00","modified_gmt":"2026-04-19T00:56:00","slug":"dachhimmel-vorzelt-pluto-2-0","status":"publish","type":"product","link":"https:\/\/shop.bantam.ch\/de\/produkt\/dachhimmel-vorzelt-pluto-2-0\/","title":{"rendered":"Dachhimmel Vorzelt Pluto 2.0"},"content":{"rendered":"<p>Der Dachhimmel f\u00fcr das Modell PLUTO 2.0 ist der ideale Begleiter. Bestehend aus 100 % Baumwolle und passend f\u00fcr Ihr Modell, werden die einzelnen Elemente in die bereits vorhandenen Haken an den Luftschl\u00e4uchen eingehangen. Somit reduziert es die Luftfeuchtigkeit bei feuchtem Wetter, in Ihrem Zelt. Durch die atmungsaktive Eigenschaft nimmt das Material die Feuchtigkeit auf und verhindert das Aufsteigen der Feuchtigkeit an die Decke. Somit wird Kondensation und die Tr\u00f6pfchenbildung an der Decke vermieden.<\/p>\n<p>&nbsp;<\/p>\n<p>Material:<\/p>\n<p>100 % Baumwolle<\/p>\n","protected":false},"excerpt":{"rendered":"<p>Der Dachhimmel f\u00fcr das Modell PLUTO 2.0 ist der ideale Begleiter. Bestehend aus 100 % Baumwolle und passend f\u00fcr Ihr Modell, werden die einzelnen Elemente in die bereits vorhandenen Haken an den Luftschl\u00e4uchen eingehangen. Somit reduziert es die Luftfeuchtigkeit bei feuchtem Wetter, in Ihrem Zelt. Durch die atmungsaktive Eigenschaft nimmt das Material die Feuchtigkeit auf [&hellip;]<\/p>\n","protected":false},"featured_media":233700,"template":"","meta":{"_acf_changed":false},"product_featured_cat":[],"product_brand":[],"product_cat":[4914],"product_tag":[],"class_list":{"0":"post-233722","1":"product","2":"type-product","3":"status-publish","4":"has-post-thumbnail","6":"product_cat-wohnwagen-vorzelte","8":"first","9":"instock","10":"taxable","11":"shipping-taxable","12":"purchasable","13":"product-type-variable"},"acf":[],"yoast_head":"<!-- This site is optimized with the Yoast SEO plugin v27.4 - https:\/\/yoast.com\/product\/yoast-seo-wordpress\/ -->\n<title>Dachhimmel Vorzelt Pluto 2.0 - Bantam Camping AG<\/title>\n<meta name=\"robots\" content=\"index, follow, max-snippet:-1, max-image-preview:large, max-video-preview:-1\" \/>\n<link rel=\"canonical\" href=\"https:\/\/shop.bantam.ch\/de\/produkt\/dachhimmel-vorzelt-pluto-2-0\/\" \/>\n<meta property=\"og:locale\" content=\"de_DE\" \/>\n<meta property=\"og:type\" content=\"article\" \/>\n<meta property=\"og:title\" content=\"Dachhimmel Vorzelt Pluto 2.0 - Bantam Camping AG\" \/>\n<meta property=\"og:description\" content=\"Der Dachhimmel f\u00fcr das Modell PLUTO 2.0 ist der ideale Begleiter. Bestehend aus 100 % Baumwolle und passend f\u00fcr Ihr Modell, werden die einzelnen Elemente in die bereits vorhandenen Haken an den Luftschl\u00e4uchen eingehangen. Somit reduziert es die Luftfeuchtigkeit bei feuchtem Wetter, in Ihrem Zelt. Durch die atmungsaktive Eigenschaft nimmt das Material die Feuchtigkeit auf [&hellip;]\" \/>\n<meta property=\"og:url\" content=\"https:\/\/shop.bantam.ch\/de\/produkt\/dachhimmel-vorzelt-pluto-2-0\/\" \/>\n<meta property=\"og:site_name\" content=\"Bantam Camping AG\" \/>\n<meta property=\"article:modified_time\" content=\"2026-04-19T00:56:00+00:00\" \/>\n<meta name=\"twitter:card\" content=\"summary_large_image\" \/>\n<script type=\"application\/ld+json\" class=\"yoast-schema-graph\">{\"@context\":\"https:\\\/\\\/schema.org\",\"@graph\":[{\"@type\":\"WebPage\",\"@id\":\"https:\\\/\\\/shop.bantam.ch\\\/de\\\/produkt\\\/dachhimmel-vorzelt-pluto-2-0\\\/\",\"url\":\"https:\\\/\\\/shop.bantam.ch\\\/de\\\/produkt\\\/dachhimmel-vorzelt-pluto-2-0\\\/\",\"name\":\"Dachhimmel Vorzelt Pluto 2.0 - Bantam Camping AG\",\"isPartOf\":{\"@id\":\"https:\\\/\\\/shop.bantam.ch\\\/de\\\/#website\"},\"primaryImageOfPage\":{\"@id\":\"https:\\\/\\\/shop.bantam.ch\\\/de\\\/produkt\\\/dachhimmel-vorzelt-pluto-2-0\\\/#primaryimage\"},\"image\":{\"@id\":\"https:\\\/\\\/shop.bantam.ch\\\/de\\\/produkt\\\/dachhimmel-vorzelt-pluto-2-0\\\/#primaryimage\"},\"thumbnailUrl\":\"https:\\\/\\\/shop.bantam.ch\\\/wp-content\\\/uploads\\\/2026\\\/02\\\/Movera-L-0107598100.jpg\",\"datePublished\":\"2026-02-04T10:15:35+00:00\",\"dateModified\":\"2026-04-19T00:56:00+00:00\",\"breadcrumb\":{\"@id\":\"https:\\\/\\\/shop.bantam.ch\\\/de\\\/produkt\\\/dachhimmel-vorzelt-pluto-2-0\\\/#breadcrumb\"},\"inLanguage\":\"de\",\"potentialAction\":[{\"@type\":\"ReadAction\",\"target\":[\"https:\\\/\\\/shop.bantam.ch\\\/de\\\/produkt\\\/dachhimmel-vorzelt-pluto-2-0\\\/\"]}]},{\"@type\":\"ImageObject\",\"inLanguage\":\"de\",\"@id\":\"https:\\\/\\\/shop.bantam.ch\\\/de\\\/produkt\\\/dachhimmel-vorzelt-pluto-2-0\\\/#primaryimage\",\"url\":\"https:\\\/\\\/shop.bantam.ch\\\/wp-content\\\/uploads\\\/2026\\\/02\\\/Movera-L-0107598100.jpg\",\"contentUrl\":\"https:\\\/\\\/shop.bantam.ch\\\/wp-content\\\/uploads\\\/2026\\\/02\\\/Movera-L-0107598100.jpg\",\"width\":640,\"height\":369},{\"@type\":\"BreadcrumbList\",\"@id\":\"https:\\\/\\\/shop.bantam.ch\\\/de\\\/produkt\\\/dachhimmel-vorzelt-pluto-2-0\\\/#breadcrumb\",\"itemListElement\":[{\"@type\":\"ListItem\",\"position\":1,\"name\":\"Accueil\",\"item\":\"https:\\\/\\\/shop.bantam.ch\\\/de\\\/\"},{\"@type\":\"ListItem\",\"position\":2,\"name\":\"Shop\",\"item\":\"https:\\\/\\\/shop.bantam.ch\\\/de\\\/shop\\\/\"},{\"@type\":\"ListItem\",\"position\":3,\"name\":\"Dachhimmel Vorzelt Pluto 2.0\"}]},{\"@type\":\"WebSite\",\"@id\":\"https:\\\/\\\/shop.bantam.ch\\\/de\\\/#website\",\"url\":\"https:\\\/\\\/shop.bantam.ch\\\/de\\\/\",\"name\":\"Bantam Camping AG\",\"description\":\"\",\"publisher\":{\"@id\":\"https:\\\/\\\/shop.bantam.ch\\\/de\\\/#organization\"},\"inLanguage\":\"de\"},{\"@type\":\"Organization\",\"@id\":\"https:\\\/\\\/shop.bantam.ch\\\/de\\\/#organization\",\"name\":\"Bantam Camping AG\",\"url\":\"https:\\\/\\\/shop.bantam.ch\\\/de\\\/\",\"logo\":{\"@type\":\"ImageObject\",\"inLanguage\":\"de\",\"@id\":\"https:\\\/\\\/shop.bantam.ch\\\/de\\\/#\\\/schema\\\/logo\\\/image\\\/\",\"url\":\"https:\\\/\\\/shop.bantam.ch\\\/wp-content\\\/uploads\\\/2022\\\/12\\\/bantam-logo.png\",\"contentUrl\":\"https:\\\/\\\/shop.bantam.ch\\\/wp-content\\\/uploads\\\/2022\\\/12\\\/bantam-logo.png\",\"width\":320,\"height\":71,\"caption\":\"Bantam Camping AG\"},\"image\":{\"@id\":\"https:\\\/\\\/shop.bantam.ch\\\/de\\\/#\\\/schema\\\/logo\\\/image\\\/\"}}]}<\/script>\n<!-- \/ Yoast SEO plugin. -->","yoast_head_json":{"title":"Dachhimmel Vorzelt Pluto 2.0 - Bantam Camping AG","robots":{"index":"index","follow":"follow","max-snippet":"max-snippet:-1","max-image-preview":"max-image-preview:large","max-video-preview":"max-video-preview:-1"},"canonical":"https:\/\/shop.bantam.ch\/de\/produkt\/dachhimmel-vorzelt-pluto-2-0\/","og_locale":"de_DE","og_type":"article","og_title":"Dachhimmel Vorzelt Pluto 2.0 - Bantam Camping AG","og_description":"Der Dachhimmel f\u00fcr das Modell PLUTO 2.0 ist der ideale Begleiter. Bestehend aus 100 % Baumwolle und passend f\u00fcr Ihr Modell, werden die einzelnen Elemente in die bereits vorhandenen Haken an den Luftschl\u00e4uchen eingehangen. Somit reduziert es die Luftfeuchtigkeit bei feuchtem Wetter, in Ihrem Zelt. Durch die atmungsaktive Eigenschaft nimmt das Material die Feuchtigkeit auf [&hellip;]","og_url":"https:\/\/shop.bantam.ch\/de\/produkt\/dachhimmel-vorzelt-pluto-2-0\/","og_site_name":"Bantam Camping AG","article_modified_time":"2026-04-19T00:56:00+00:00","twitter_card":"summary_large_image","schema":{"@context":"https:\/\/schema.org","@graph":[{"@type":"WebPage","@id":"https:\/\/shop.bantam.ch\/de\/produkt\/dachhimmel-vorzelt-pluto-2-0\/","url":"https:\/\/shop.bantam.ch\/de\/produkt\/dachhimmel-vorzelt-pluto-2-0\/","name":"Dachhimmel Vorzelt Pluto 2.0 - Bantam Camping AG","isPartOf":{"@id":"https:\/\/shop.bantam.ch\/de\/#website"},"primaryImageOfPage":{"@id":"https:\/\/shop.bantam.ch\/de\/produkt\/dachhimmel-vorzelt-pluto-2-0\/#primaryimage"},"image":{"@id":"https:\/\/shop.bantam.ch\/de\/produkt\/dachhimmel-vorzelt-pluto-2-0\/#primaryimage"},"thumbnailUrl":"https:\/\/shop.bantam.ch\/wp-content\/uploads\/2026\/02\/Movera-L-0107598100.jpg","datePublished":"2026-02-04T10:15:35+00:00","dateModified":"2026-04-19T00:56:00+00:00","breadcrumb":{"@id":"https:\/\/shop.bantam.ch\/de\/produkt\/dachhimmel-vorzelt-pluto-2-0\/#breadcrumb"},"inLanguage":"de","potentialAction":[{"@type":"ReadAction","target":["https:\/\/shop.bantam.ch\/de\/produkt\/dachhimmel-vorzelt-pluto-2-0\/"]}]},{"@type":"ImageObject","inLanguage":"de","@id":"https:\/\/shop.bantam.ch\/de\/produkt\/dachhimmel-vorzelt-pluto-2-0\/#primaryimage","url":"https:\/\/shop.bantam.ch\/wp-content\/uploads\/2026\/02\/Movera-L-0107598100.jpg","contentUrl":"https:\/\/shop.bantam.ch\/wp-content\/uploads\/2026\/02\/Movera-L-0107598100.jpg","width":640,"height":369},{"@type":"BreadcrumbList","@id":"https:\/\/shop.bantam.ch\/de\/produkt\/dachhimmel-vorzelt-pluto-2-0\/#breadcrumb","itemListElement":[{"@type":"ListItem","position":1,"name":"Accueil","item":"https:\/\/shop.bantam.ch\/de\/"},{"@type":"ListItem","position":2,"name":"Shop","item":"https:\/\/shop.bantam.ch\/de\/shop\/"},{"@type":"ListItem","position":3,"name":"Dachhimmel Vorzelt Pluto 2.0"}]},{"@type":"WebSite","@id":"https:\/\/shop.bantam.ch\/de\/#website","url":"https:\/\/shop.bantam.ch\/de\/","name":"Bantam Camping AG","description":"","publisher":{"@id":"https:\/\/shop.bantam.ch\/de\/#organization"},"inLanguage":"de"},{"@type":"Organization","@id":"https:\/\/shop.bantam.ch\/de\/#organization","name":"Bantam Camping AG","url":"https:\/\/shop.bantam.ch\/de\/","logo":{"@type":"ImageObject","inLanguage":"de","@id":"https:\/\/shop.bantam.ch\/de\/#\/schema\/logo\/image\/","url":"https:\/\/shop.bantam.ch\/wp-content\/uploads\/2022\/12\/bantam-logo.png","contentUrl":"https:\/\/shop.bantam.ch\/wp-content\/uploads\/2022\/12\/bantam-logo.png","width":320,"height":71,"caption":"Bantam Camping AG"},"image":{"@id":"https:\/\/shop.bantam.ch\/de\/#\/schema\/logo\/image\/"}}]}},"_links":{"self":[{"href":"https:\/\/shop.bantam.ch\/de\/wp-json\/wp\/v2\/product\/233722","targetHints":{"allow":["GET"]}}],"collection":[{"href":"https:\/\/shop.bantam.ch\/de\/wp-json\/wp\/v2\/product"}],"about":[{"href":"https:\/\/shop.bantam.ch\/de\/wp-json\/wp\/v2\/types\/product"}],"wp:featuredmedia":[{"embeddable":true,"href":"https:\/\/shop.bantam.ch\/de\/wp-json\/wp\/v2\/media\/233700"}],"wp:attachment":[{"href":"https:\/\/shop.bantam.ch\/de\/wp-json\/wp\/v2\/media?parent=233722"}],"wp:term":[{"taxonomy":"product_featured_cat","embeddable":true,"href":"https:\/\/shop.bantam.ch\/de\/wp-json\/wp\/v2\/product_featured_cat?post=233722"},{"taxonomy":"product_brand","embeddable":true,"href":"https:\/\/shop.bantam.ch\/de\/wp-json\/wp\/v2\/product_brand?post=233722"},{"taxonomy":"product_cat","embeddable":true,"href":"https:\/\/shop.bantam.ch\/de\/wp-json\/wp\/v2\/product_cat?post=233722"},{"taxonomy":"product_tag","embeddable":true,"href":"https:\/\/shop.bantam.ch\/de\/wp-json\/wp\/v2\/product_tag?post=233722"}],"curies":[{"name":"wp","href":"https:\/\/api.w.org\/{rel}","templated":true}]}}