{"id":233692,"date":"2026-02-04T11:14:54","date_gmt":"2026-02-04T10:14:54","guid":{"rendered":"https:\/\/shop.bantam.ch\/produit\/caravanvorzelt-pluto\/"},"modified":"2026-04-19T02:55:52","modified_gmt":"2026-04-19T00:55:52","slug":"caravanvorzelt-pluto","status":"publish","type":"product","link":"https:\/\/shop.bantam.ch\/de\/produkt\/caravanvorzelt-pluto\/","title":{"rendered":"Caravanvorzelt Pluto"},"content":{"rendered":"<p>Das Modell PLUTO 2.0 aus der WESTFIELD PREMIUM SERIE ist dank eines zentralen Luftsystems noch schneller und einfacher aufstellbar. Auch im Vordach, um den Aufbau so einfach wie m\u00f6glich zu gew\u00e4hrleisten. Das PLUTO Vorzelt l\u00e4sst sich vollst\u00e4ndig in die Kederleiste einziehen und bietet eine perfekte Abdichtung. Die hochwertigen Materialien &#8211; bestehend aus HydroTech\u00ae CottonTouch &#8211; sorgen f\u00fcr ein angenehmes Raumklima. Zudem verhindern die get\u00f6nten Panoramafenster die starke Sonneneinstrahlung und schaffen bei jedem Wetter ein wohnliches Gef\u00fchl. Die Fenster sind mit Moskitonetzen ausgestattet und k\u00f6nnen barrierefrei entnommen werden.<br \/>\nDas Modell PLUTO 2.0 ist immer 2,5 m Tief und ideal f\u00fcr Wohnwagen mit einer Umlauf-Kederleiste auf einer H\u00f6he von 235 &#8211; 260 cm.<\/p>\n<p>&nbsp;<\/p>\n<p>Verf\u00fcgbare Gr\u00f6\u00dfen mit Breite und Umlaufma\u00df:<br \/>\nPluto Gr.7: Breite 490 cm, Umlaufma\u00df 911-945 cm<br \/>\nPluto Gr.8: Breite 525 cm, Umlaufma\u00df 946-980 cm<br \/>\nPluto Gr.9: Breite 560 cm, Umlaufma\u00df 981-1015 cm<br \/>\nPluto Gr.10: Breite 595 cm, Umlaufma\u00df 1016-1050 cm<br \/>\nPluto Gr.11: Breite 630 cm, Umlaufma\u00df 1051-1085 cm<br \/>\nPluto Gr.12: Breite 665 cm, Umlaufma\u00df 1086-1120 cm<\/p>\n<p>&nbsp;<\/p>\n<p>Lieferumfang:<\/p>\n<p>Zelt, Verandastange, Packtasche, Abspannmaterial, Airtube, Bodensch\u00fcrze &amp; Radabdeckung, Luftpumpe. Ab Gr\u00f6\u00dfe 10 inkl. zus\u00e4tzlichem Luftschlauch-Set f\u00fcr die Vorderwand<\/p>\n","protected":false},"excerpt":{"rendered":"<p>Das Modell PLUTO 2.0 aus der WESTFIELD PREMIUM SERIE ist dank eines zentralen Luftsystems noch schneller und einfacher aufstellbar. Auch im Vordach, um den Aufbau so einfach wie m\u00f6glich zu gew\u00e4hrleisten. Das PLUTO Vorzelt l\u00e4sst sich vollst\u00e4ndig in die Kederleiste einziehen und bietet eine perfekte Abdichtung. Die hochwertigen Materialien &#8211; bestehend aus HydroTech\u00ae CottonTouch &#8211; [&hellip;]<\/p>\n","protected":false},"featured_media":233682,"template":"","meta":{"_acf_changed":false},"product_featured_cat":[],"product_brand":[],"product_cat":[4914],"product_tag":[],"class_list":{"0":"post-233692","1":"product","2":"type-product","3":"status-publish","4":"has-post-thumbnail","6":"product_cat-wohnwagen-vorzelte","8":"first","9":"instock","10":"taxable","11":"shipping-taxable","12":"purchasable","13":"product-type-variable"},"acf":[],"yoast_head":"<!-- This site is optimized with the Yoast SEO plugin v27.4 - https:\/\/yoast.com\/product\/yoast-seo-wordpress\/ -->\n<title>Caravanvorzelt Pluto - Bantam Camping AG<\/title>\n<meta name=\"robots\" content=\"index, follow, max-snippet:-1, max-image-preview:large, max-video-preview:-1\" \/>\n<link rel=\"canonical\" href=\"https:\/\/shop.bantam.ch\/de\/produkt\/caravanvorzelt-pluto\/\" \/>\n<meta property=\"og:locale\" content=\"de_DE\" \/>\n<meta property=\"og:type\" content=\"article\" \/>\n<meta property=\"og:title\" content=\"Caravanvorzelt Pluto - Bantam Camping AG\" \/>\n<meta property=\"og:description\" content=\"Das Modell PLUTO 2.0 aus der WESTFIELD PREMIUM SERIE ist dank eines zentralen Luftsystems noch schneller und einfacher aufstellbar. Auch im Vordach, um den Aufbau so einfach wie m\u00f6glich zu gew\u00e4hrleisten. Das PLUTO Vorzelt l\u00e4sst sich vollst\u00e4ndig in die Kederleiste einziehen und bietet eine perfekte Abdichtung. Die hochwertigen Materialien &#8211; bestehend aus HydroTech\u00ae CottonTouch &#8211; [&hellip;]\" \/>\n<meta property=\"og:url\" content=\"https:\/\/shop.bantam.ch\/de\/produkt\/caravanvorzelt-pluto\/\" \/>\n<meta property=\"og:site_name\" content=\"Bantam Camping AG\" \/>\n<meta property=\"article:modified_time\" content=\"2026-04-19T00:55:52+00:00\" \/>\n<meta name=\"twitter:card\" content=\"summary_large_image\" \/>\n<meta name=\"twitter:label1\" content=\"Gesch\u00e4tzte Lesezeit\" \/>\n\t<meta name=\"twitter:data1\" content=\"1\u00a0Minute\" \/>\n<script type=\"application\/ld+json\" class=\"yoast-schema-graph\">{\"@context\":\"https:\\\/\\\/schema.org\",\"@graph\":[{\"@type\":\"WebPage\",\"@id\":\"https:\\\/\\\/shop.bantam.ch\\\/de\\\/produkt\\\/caravanvorzelt-pluto\\\/\",\"url\":\"https:\\\/\\\/shop.bantam.ch\\\/de\\\/produkt\\\/caravanvorzelt-pluto\\\/\",\"name\":\"Caravanvorzelt Pluto - Bantam Camping AG\",\"isPartOf\":{\"@id\":\"https:\\\/\\\/shop.bantam.ch\\\/de\\\/#website\"},\"primaryImageOfPage\":{\"@id\":\"https:\\\/\\\/shop.bantam.ch\\\/de\\\/produkt\\\/caravanvorzelt-pluto\\\/#primaryimage\"},\"image\":{\"@id\":\"https:\\\/\\\/shop.bantam.ch\\\/de\\\/produkt\\\/caravanvorzelt-pluto\\\/#primaryimage\"},\"thumbnailUrl\":\"https:\\\/\\\/shop.bantam.ch\\\/wp-content\\\/uploads\\\/2026\\\/02\\\/Movera-L-9987286100.jpg\",\"datePublished\":\"2026-02-04T10:14:54+00:00\",\"dateModified\":\"2026-04-19T00:55:52+00:00\",\"breadcrumb\":{\"@id\":\"https:\\\/\\\/shop.bantam.ch\\\/de\\\/produkt\\\/caravanvorzelt-pluto\\\/#breadcrumb\"},\"inLanguage\":\"de\",\"potentialAction\":[{\"@type\":\"ReadAction\",\"target\":[\"https:\\\/\\\/shop.bantam.ch\\\/de\\\/produkt\\\/caravanvorzelt-pluto\\\/\"]}]},{\"@type\":\"ImageObject\",\"inLanguage\":\"de\",\"@id\":\"https:\\\/\\\/shop.bantam.ch\\\/de\\\/produkt\\\/caravanvorzelt-pluto\\\/#primaryimage\",\"url\":\"https:\\\/\\\/shop.bantam.ch\\\/wp-content\\\/uploads\\\/2026\\\/02\\\/Movera-L-9987286100.jpg\",\"contentUrl\":\"https:\\\/\\\/shop.bantam.ch\\\/wp-content\\\/uploads\\\/2026\\\/02\\\/Movera-L-9987286100.jpg\",\"width\":640,\"height\":259},{\"@type\":\"BreadcrumbList\",\"@id\":\"https:\\\/\\\/shop.bantam.ch\\\/de\\\/produkt\\\/caravanvorzelt-pluto\\\/#breadcrumb\",\"itemListElement\":[{\"@type\":\"ListItem\",\"position\":1,\"name\":\"Accueil\",\"item\":\"https:\\\/\\\/shop.bantam.ch\\\/de\\\/\"},{\"@type\":\"ListItem\",\"position\":2,\"name\":\"Shop\",\"item\":\"https:\\\/\\\/shop.bantam.ch\\\/de\\\/shop\\\/\"},{\"@type\":\"ListItem\",\"position\":3,\"name\":\"Caravanvorzelt Pluto\"}]},{\"@type\":\"WebSite\",\"@id\":\"https:\\\/\\\/shop.bantam.ch\\\/de\\\/#website\",\"url\":\"https:\\\/\\\/shop.bantam.ch\\\/de\\\/\",\"name\":\"Bantam Camping AG\",\"description\":\"\",\"publisher\":{\"@id\":\"https:\\\/\\\/shop.bantam.ch\\\/de\\\/#organization\"},\"inLanguage\":\"de\"},{\"@type\":\"Organization\",\"@id\":\"https:\\\/\\\/shop.bantam.ch\\\/de\\\/#organization\",\"name\":\"Bantam Camping AG\",\"url\":\"https:\\\/\\\/shop.bantam.ch\\\/de\\\/\",\"logo\":{\"@type\":\"ImageObject\",\"inLanguage\":\"de\",\"@id\":\"https:\\\/\\\/shop.bantam.ch\\\/de\\\/#\\\/schema\\\/logo\\\/image\\\/\",\"url\":\"https:\\\/\\\/shop.bantam.ch\\\/wp-content\\\/uploads\\\/2022\\\/12\\\/bantam-logo.png\",\"contentUrl\":\"https:\\\/\\\/shop.bantam.ch\\\/wp-content\\\/uploads\\\/2022\\\/12\\\/bantam-logo.png\",\"width\":320,\"height\":71,\"caption\":\"Bantam Camping AG\"},\"image\":{\"@id\":\"https:\\\/\\\/shop.bantam.ch\\\/de\\\/#\\\/schema\\\/logo\\\/image\\\/\"}}]}<\/script>\n<!-- \/ Yoast SEO plugin. -->","yoast_head_json":{"title":"Caravanvorzelt Pluto - Bantam Camping AG","robots":{"index":"index","follow":"follow","max-snippet":"max-snippet:-1","max-image-preview":"max-image-preview:large","max-video-preview":"max-video-preview:-1"},"canonical":"https:\/\/shop.bantam.ch\/de\/produkt\/caravanvorzelt-pluto\/","og_locale":"de_DE","og_type":"article","og_title":"Caravanvorzelt Pluto - Bantam Camping AG","og_description":"Das Modell PLUTO 2.0 aus der WESTFIELD PREMIUM SERIE ist dank eines zentralen Luftsystems noch schneller und einfacher aufstellbar. Auch im Vordach, um den Aufbau so einfach wie m\u00f6glich zu gew\u00e4hrleisten. Das PLUTO Vorzelt l\u00e4sst sich vollst\u00e4ndig in die Kederleiste einziehen und bietet eine perfekte Abdichtung. Die hochwertigen Materialien &#8211; bestehend aus HydroTech\u00ae CottonTouch &#8211; [&hellip;]","og_url":"https:\/\/shop.bantam.ch\/de\/produkt\/caravanvorzelt-pluto\/","og_site_name":"Bantam Camping AG","article_modified_time":"2026-04-19T00:55:52+00:00","twitter_card":"summary_large_image","twitter_misc":{"Gesch\u00e4tzte Lesezeit":"1\u00a0Minute"},"schema":{"@context":"https:\/\/schema.org","@graph":[{"@type":"WebPage","@id":"https:\/\/shop.bantam.ch\/de\/produkt\/caravanvorzelt-pluto\/","url":"https:\/\/shop.bantam.ch\/de\/produkt\/caravanvorzelt-pluto\/","name":"Caravanvorzelt Pluto - Bantam Camping AG","isPartOf":{"@id":"https:\/\/shop.bantam.ch\/de\/#website"},"primaryImageOfPage":{"@id":"https:\/\/shop.bantam.ch\/de\/produkt\/caravanvorzelt-pluto\/#primaryimage"},"image":{"@id":"https:\/\/shop.bantam.ch\/de\/produkt\/caravanvorzelt-pluto\/#primaryimage"},"thumbnailUrl":"https:\/\/shop.bantam.ch\/wp-content\/uploads\/2026\/02\/Movera-L-9987286100.jpg","datePublished":"2026-02-04T10:14:54+00:00","dateModified":"2026-04-19T00:55:52+00:00","breadcrumb":{"@id":"https:\/\/shop.bantam.ch\/de\/produkt\/caravanvorzelt-pluto\/#breadcrumb"},"inLanguage":"de","potentialAction":[{"@type":"ReadAction","target":["https:\/\/shop.bantam.ch\/de\/produkt\/caravanvorzelt-pluto\/"]}]},{"@type":"ImageObject","inLanguage":"de","@id":"https:\/\/shop.bantam.ch\/de\/produkt\/caravanvorzelt-pluto\/#primaryimage","url":"https:\/\/shop.bantam.ch\/wp-content\/uploads\/2026\/02\/Movera-L-9987286100.jpg","contentUrl":"https:\/\/shop.bantam.ch\/wp-content\/uploads\/2026\/02\/Movera-L-9987286100.jpg","width":640,"height":259},{"@type":"BreadcrumbList","@id":"https:\/\/shop.bantam.ch\/de\/produkt\/caravanvorzelt-pluto\/#breadcrumb","itemListElement":[{"@type":"ListItem","position":1,"name":"Accueil","item":"https:\/\/shop.bantam.ch\/de\/"},{"@type":"ListItem","position":2,"name":"Shop","item":"https:\/\/shop.bantam.ch\/de\/shop\/"},{"@type":"ListItem","position":3,"name":"Caravanvorzelt Pluto"}]},{"@type":"WebSite","@id":"https:\/\/shop.bantam.ch\/de\/#website","url":"https:\/\/shop.bantam.ch\/de\/","name":"Bantam Camping AG","description":"","publisher":{"@id":"https:\/\/shop.bantam.ch\/de\/#organization"},"inLanguage":"de"},{"@type":"Organization","@id":"https:\/\/shop.bantam.ch\/de\/#organization","name":"Bantam Camping AG","url":"https:\/\/shop.bantam.ch\/de\/","logo":{"@type":"ImageObject","inLanguage":"de","@id":"https:\/\/shop.bantam.ch\/de\/#\/schema\/logo\/image\/","url":"https:\/\/shop.bantam.ch\/wp-content\/uploads\/2022\/12\/bantam-logo.png","contentUrl":"https:\/\/shop.bantam.ch\/wp-content\/uploads\/2022\/12\/bantam-logo.png","width":320,"height":71,"caption":"Bantam Camping AG"},"image":{"@id":"https:\/\/shop.bantam.ch\/de\/#\/schema\/logo\/image\/"}}]}},"_links":{"self":[{"href":"https:\/\/shop.bantam.ch\/de\/wp-json\/wp\/v2\/product\/233692","targetHints":{"allow":["GET"]}}],"collection":[{"href":"https:\/\/shop.bantam.ch\/de\/wp-json\/wp\/v2\/product"}],"about":[{"href":"https:\/\/shop.bantam.ch\/de\/wp-json\/wp\/v2\/types\/product"}],"wp:featuredmedia":[{"embeddable":true,"href":"https:\/\/shop.bantam.ch\/de\/wp-json\/wp\/v2\/media\/233682"}],"wp:attachment":[{"href":"https:\/\/shop.bantam.ch\/de\/wp-json\/wp\/v2\/media?parent=233692"}],"wp:term":[{"taxonomy":"product_featured_cat","embeddable":true,"href":"https:\/\/shop.bantam.ch\/de\/wp-json\/wp\/v2\/product_featured_cat?post=233692"},{"taxonomy":"product_brand","embeddable":true,"href":"https:\/\/shop.bantam.ch\/de\/wp-json\/wp\/v2\/product_brand?post=233692"},{"taxonomy":"product_cat","embeddable":true,"href":"https:\/\/shop.bantam.ch\/de\/wp-json\/wp\/v2\/product_cat?post=233692"},{"taxonomy":"product_tag","embeddable":true,"href":"https:\/\/shop.bantam.ch\/de\/wp-json\/wp\/v2\/product_tag?post=233692"}],"curies":[{"name":"wp","href":"https:\/\/api.w.org\/{rel}","templated":true}]}}