{"id":233604,"date":"2026-02-04T11:13:11","date_gmt":"2026-02-04T10:13:11","guid":{"rendered":"https:\/\/shop.bantam.ch\/produit\/wandhalterung-fuer-v-flexmount-tablethalter\/"},"modified":"2026-04-17T23:56:02","modified_gmt":"2026-04-17T21:56:02","slug":"wandhalterung-fuer-v-flexmount-tablethalter","status":"publish","type":"product","link":"https:\/\/shop.bantam.ch\/de\/produkt\/wandhalterung-fuer-v-flexmount-tablethalter\/","title":{"rendered":"Wandhalterung f\u00fcr V-Flexmount Tablethalter"},"content":{"rendered":"<p><!--StartFragment -->Die V-FlexMount Wandhalterung ist Teil eines unserer Bestseller in den Jahren 2024 und 2025: der V-FlexMount Tablethalter. Mit dieser Wandhalterung l\u00e4sst sich der V-FlexMount einfach und sicher an der Wand befestigen. Jetzt auch separat erh\u00e4ltlich \u2013 ideal, wenn Sie Ihren Tablethalter an mehreren Stellen im Wohnmobil oder Caravan montieren m\u00f6chten. Die Installation ist unkompliziert: Zuerst das 3M-Klebeband anbringen, anschlie\u00dfend f\u00fcr zus\u00e4tzliche Stabilit\u00e4t verschrauben.<!--EndFragment --><\/p>\n","protected":false},"excerpt":{"rendered":"<p>Die V-FlexMount Wandhalterung ist Teil eines unserer Bestseller in den Jahren 2024 und 2025: der V-FlexMount Tablethalter. Mit dieser Wandhalterung l\u00e4sst sich der V-FlexMount einfach und sicher an der Wand befestigen. Jetzt auch separat erh\u00e4ltlich \u2013 ideal, wenn Sie Ihren Tablethalter an mehreren Stellen im Wohnmobil oder Caravan montieren m\u00f6chten. Die Installation ist unkompliziert: Zuerst [&hellip;]<\/p>\n","protected":false},"featured_media":233596,"template":"","meta":{"_acf_changed":false},"product_featured_cat":[],"product_brand":[],"product_cat":[4986],"product_tag":[],"class_list":{"0":"post-233604","1":"product","2":"type-product","3":"status-publish","4":"has-post-thumbnail","6":"product_cat-tv-halterungen","8":"first","9":"instock","10":"taxable","11":"shipping-taxable","12":"purchasable","13":"product-type-simple"},"acf":[],"yoast_head":"<!-- This site is optimized with the Yoast SEO plugin v27.4 - https:\/\/yoast.com\/product\/yoast-seo-wordpress\/ -->\n<title>Wandhalterung f\u00fcr V-Flexmount Tablethalter - Bantam Camping AG<\/title>\n<meta name=\"robots\" content=\"index, follow, max-snippet:-1, max-image-preview:large, max-video-preview:-1\" \/>\n<link rel=\"canonical\" href=\"https:\/\/shop.bantam.ch\/de\/produkt\/wandhalterung-fuer-v-flexmount-tablethalter\/\" \/>\n<meta property=\"og:locale\" content=\"de_DE\" \/>\n<meta property=\"og:type\" content=\"article\" \/>\n<meta property=\"og:title\" content=\"Wandhalterung f\u00fcr V-Flexmount Tablethalter - Bantam Camping AG\" \/>\n<meta property=\"og:description\" content=\"Die V-FlexMount Wandhalterung ist Teil eines unserer Bestseller in den Jahren 2024 und 2025: der V-FlexMount Tablethalter. Mit dieser Wandhalterung l\u00e4sst sich der V-FlexMount einfach und sicher an der Wand befestigen. Jetzt auch separat erh\u00e4ltlich \u2013 ideal, wenn Sie Ihren Tablethalter an mehreren Stellen im Wohnmobil oder Caravan montieren m\u00f6chten. Die Installation ist unkompliziert: Zuerst [&hellip;]\" \/>\n<meta property=\"og:url\" content=\"https:\/\/shop.bantam.ch\/de\/produkt\/wandhalterung-fuer-v-flexmount-tablethalter\/\" \/>\n<meta property=\"og:site_name\" content=\"Bantam Camping AG\" \/>\n<meta property=\"article:modified_time\" content=\"2026-04-17T21:56:02+00:00\" \/>\n<meta name=\"twitter:card\" content=\"summary_large_image\" \/>\n<script type=\"application\/ld+json\" class=\"yoast-schema-graph\">{\"@context\":\"https:\\\/\\\/schema.org\",\"@graph\":[{\"@type\":\"WebPage\",\"@id\":\"https:\\\/\\\/shop.bantam.ch\\\/de\\\/produkt\\\/wandhalterung-fuer-v-flexmount-tablethalter\\\/\",\"url\":\"https:\\\/\\\/shop.bantam.ch\\\/de\\\/produkt\\\/wandhalterung-fuer-v-flexmount-tablethalter\\\/\",\"name\":\"Wandhalterung f\u00fcr V-Flexmount Tablethalter - Bantam Camping AG\",\"isPartOf\":{\"@id\":\"https:\\\/\\\/shop.bantam.ch\\\/de\\\/#website\"},\"primaryImageOfPage\":{\"@id\":\"https:\\\/\\\/shop.bantam.ch\\\/de\\\/produkt\\\/wandhalterung-fuer-v-flexmount-tablethalter\\\/#primaryimage\"},\"image\":{\"@id\":\"https:\\\/\\\/shop.bantam.ch\\\/de\\\/produkt\\\/wandhalterung-fuer-v-flexmount-tablethalter\\\/#primaryimage\"},\"thumbnailUrl\":\"https:\\\/\\\/shop.bantam.ch\\\/wp-content\\\/uploads\\\/2026\\\/02\\\/Movera-L-9987248100.png\",\"datePublished\":\"2026-02-04T10:13:11+00:00\",\"dateModified\":\"2026-04-17T21:56:02+00:00\",\"breadcrumb\":{\"@id\":\"https:\\\/\\\/shop.bantam.ch\\\/de\\\/produkt\\\/wandhalterung-fuer-v-flexmount-tablethalter\\\/#breadcrumb\"},\"inLanguage\":\"de\",\"potentialAction\":[{\"@type\":\"ReadAction\",\"target\":[\"https:\\\/\\\/shop.bantam.ch\\\/de\\\/produkt\\\/wandhalterung-fuer-v-flexmount-tablethalter\\\/\"]}]},{\"@type\":\"ImageObject\",\"inLanguage\":\"de\",\"@id\":\"https:\\\/\\\/shop.bantam.ch\\\/de\\\/produkt\\\/wandhalterung-fuer-v-flexmount-tablethalter\\\/#primaryimage\",\"url\":\"https:\\\/\\\/shop.bantam.ch\\\/wp-content\\\/uploads\\\/2026\\\/02\\\/Movera-L-9987248100.png\",\"contentUrl\":\"https:\\\/\\\/shop.bantam.ch\\\/wp-content\\\/uploads\\\/2026\\\/02\\\/Movera-L-9987248100.png\",\"width\":640,\"height\":1049},{\"@type\":\"BreadcrumbList\",\"@id\":\"https:\\\/\\\/shop.bantam.ch\\\/de\\\/produkt\\\/wandhalterung-fuer-v-flexmount-tablethalter\\\/#breadcrumb\",\"itemListElement\":[{\"@type\":\"ListItem\",\"position\":1,\"name\":\"Accueil\",\"item\":\"https:\\\/\\\/shop.bantam.ch\\\/de\\\/\"},{\"@type\":\"ListItem\",\"position\":2,\"name\":\"Shop\",\"item\":\"https:\\\/\\\/shop.bantam.ch\\\/de\\\/shop\\\/\"},{\"@type\":\"ListItem\",\"position\":3,\"name\":\"Wandhalterung f\u00fcr V-Flexmount Tablethalter\"}]},{\"@type\":\"WebSite\",\"@id\":\"https:\\\/\\\/shop.bantam.ch\\\/de\\\/#website\",\"url\":\"https:\\\/\\\/shop.bantam.ch\\\/de\\\/\",\"name\":\"Bantam Camping AG\",\"description\":\"\",\"publisher\":{\"@id\":\"https:\\\/\\\/shop.bantam.ch\\\/de\\\/#organization\"},\"inLanguage\":\"de\"},{\"@type\":\"Organization\",\"@id\":\"https:\\\/\\\/shop.bantam.ch\\\/de\\\/#organization\",\"name\":\"Bantam Camping AG\",\"url\":\"https:\\\/\\\/shop.bantam.ch\\\/de\\\/\",\"logo\":{\"@type\":\"ImageObject\",\"inLanguage\":\"de\",\"@id\":\"https:\\\/\\\/shop.bantam.ch\\\/de\\\/#\\\/schema\\\/logo\\\/image\\\/\",\"url\":\"https:\\\/\\\/shop.bantam.ch\\\/wp-content\\\/uploads\\\/2022\\\/12\\\/bantam-logo.png\",\"contentUrl\":\"https:\\\/\\\/shop.bantam.ch\\\/wp-content\\\/uploads\\\/2022\\\/12\\\/bantam-logo.png\",\"width\":320,\"height\":71,\"caption\":\"Bantam Camping AG\"},\"image\":{\"@id\":\"https:\\\/\\\/shop.bantam.ch\\\/de\\\/#\\\/schema\\\/logo\\\/image\\\/\"}}]}<\/script>\n<!-- \/ Yoast SEO plugin. -->","yoast_head_json":{"title":"Wandhalterung f\u00fcr V-Flexmount Tablethalter - Bantam Camping AG","robots":{"index":"index","follow":"follow","max-snippet":"max-snippet:-1","max-image-preview":"max-image-preview:large","max-video-preview":"max-video-preview:-1"},"canonical":"https:\/\/shop.bantam.ch\/de\/produkt\/wandhalterung-fuer-v-flexmount-tablethalter\/","og_locale":"de_DE","og_type":"article","og_title":"Wandhalterung f\u00fcr V-Flexmount Tablethalter - Bantam Camping AG","og_description":"Die V-FlexMount Wandhalterung ist Teil eines unserer Bestseller in den Jahren 2024 und 2025: der V-FlexMount Tablethalter. Mit dieser Wandhalterung l\u00e4sst sich der V-FlexMount einfach und sicher an der Wand befestigen. Jetzt auch separat erh\u00e4ltlich \u2013 ideal, wenn Sie Ihren Tablethalter an mehreren Stellen im Wohnmobil oder Caravan montieren m\u00f6chten. Die Installation ist unkompliziert: Zuerst [&hellip;]","og_url":"https:\/\/shop.bantam.ch\/de\/produkt\/wandhalterung-fuer-v-flexmount-tablethalter\/","og_site_name":"Bantam Camping AG","article_modified_time":"2026-04-17T21:56:02+00:00","twitter_card":"summary_large_image","schema":{"@context":"https:\/\/schema.org","@graph":[{"@type":"WebPage","@id":"https:\/\/shop.bantam.ch\/de\/produkt\/wandhalterung-fuer-v-flexmount-tablethalter\/","url":"https:\/\/shop.bantam.ch\/de\/produkt\/wandhalterung-fuer-v-flexmount-tablethalter\/","name":"Wandhalterung f\u00fcr V-Flexmount Tablethalter - Bantam Camping AG","isPartOf":{"@id":"https:\/\/shop.bantam.ch\/de\/#website"},"primaryImageOfPage":{"@id":"https:\/\/shop.bantam.ch\/de\/produkt\/wandhalterung-fuer-v-flexmount-tablethalter\/#primaryimage"},"image":{"@id":"https:\/\/shop.bantam.ch\/de\/produkt\/wandhalterung-fuer-v-flexmount-tablethalter\/#primaryimage"},"thumbnailUrl":"https:\/\/shop.bantam.ch\/wp-content\/uploads\/2026\/02\/Movera-L-9987248100.png","datePublished":"2026-02-04T10:13:11+00:00","dateModified":"2026-04-17T21:56:02+00:00","breadcrumb":{"@id":"https:\/\/shop.bantam.ch\/de\/produkt\/wandhalterung-fuer-v-flexmount-tablethalter\/#breadcrumb"},"inLanguage":"de","potentialAction":[{"@type":"ReadAction","target":["https:\/\/shop.bantam.ch\/de\/produkt\/wandhalterung-fuer-v-flexmount-tablethalter\/"]}]},{"@type":"ImageObject","inLanguage":"de","@id":"https:\/\/shop.bantam.ch\/de\/produkt\/wandhalterung-fuer-v-flexmount-tablethalter\/#primaryimage","url":"https:\/\/shop.bantam.ch\/wp-content\/uploads\/2026\/02\/Movera-L-9987248100.png","contentUrl":"https:\/\/shop.bantam.ch\/wp-content\/uploads\/2026\/02\/Movera-L-9987248100.png","width":640,"height":1049},{"@type":"BreadcrumbList","@id":"https:\/\/shop.bantam.ch\/de\/produkt\/wandhalterung-fuer-v-flexmount-tablethalter\/#breadcrumb","itemListElement":[{"@type":"ListItem","position":1,"name":"Accueil","item":"https:\/\/shop.bantam.ch\/de\/"},{"@type":"ListItem","position":2,"name":"Shop","item":"https:\/\/shop.bantam.ch\/de\/shop\/"},{"@type":"ListItem","position":3,"name":"Wandhalterung f\u00fcr V-Flexmount Tablethalter"}]},{"@type":"WebSite","@id":"https:\/\/shop.bantam.ch\/de\/#website","url":"https:\/\/shop.bantam.ch\/de\/","name":"Bantam Camping AG","description":"","publisher":{"@id":"https:\/\/shop.bantam.ch\/de\/#organization"},"inLanguage":"de"},{"@type":"Organization","@id":"https:\/\/shop.bantam.ch\/de\/#organization","name":"Bantam Camping AG","url":"https:\/\/shop.bantam.ch\/de\/","logo":{"@type":"ImageObject","inLanguage":"de","@id":"https:\/\/shop.bantam.ch\/de\/#\/schema\/logo\/image\/","url":"https:\/\/shop.bantam.ch\/wp-content\/uploads\/2022\/12\/bantam-logo.png","contentUrl":"https:\/\/shop.bantam.ch\/wp-content\/uploads\/2022\/12\/bantam-logo.png","width":320,"height":71,"caption":"Bantam Camping AG"},"image":{"@id":"https:\/\/shop.bantam.ch\/de\/#\/schema\/logo\/image\/"}}]}},"_links":{"self":[{"href":"https:\/\/shop.bantam.ch\/de\/wp-json\/wp\/v2\/product\/233604","targetHints":{"allow":["GET"]}}],"collection":[{"href":"https:\/\/shop.bantam.ch\/de\/wp-json\/wp\/v2\/product"}],"about":[{"href":"https:\/\/shop.bantam.ch\/de\/wp-json\/wp\/v2\/types\/product"}],"wp:featuredmedia":[{"embeddable":true,"href":"https:\/\/shop.bantam.ch\/de\/wp-json\/wp\/v2\/media\/233596"}],"wp:attachment":[{"href":"https:\/\/shop.bantam.ch\/de\/wp-json\/wp\/v2\/media?parent=233604"}],"wp:term":[{"taxonomy":"product_featured_cat","embeddable":true,"href":"https:\/\/shop.bantam.ch\/de\/wp-json\/wp\/v2\/product_featured_cat?post=233604"},{"taxonomy":"product_brand","embeddable":true,"href":"https:\/\/shop.bantam.ch\/de\/wp-json\/wp\/v2\/product_brand?post=233604"},{"taxonomy":"product_cat","embeddable":true,"href":"https:\/\/shop.bantam.ch\/de\/wp-json\/wp\/v2\/product_cat?post=233604"},{"taxonomy":"product_tag","embeddable":true,"href":"https:\/\/shop.bantam.ch\/de\/wp-json\/wp\/v2\/product_tag?post=233604"}],"curies":[{"name":"wp","href":"https:\/\/api.w.org\/{rel}","templated":true}]}}