{"id":233502,"date":"2026-02-04T11:10:46","date_gmt":"2026-02-04T10:10:46","guid":{"rendered":"https:\/\/shop.bantam.ch\/produit\/wandmarkise-fiamma-f35-pro\/"},"modified":"2026-04-19T02:54:57","modified_gmt":"2026-04-19T00:54:57","slug":"wandmarkise-fiamma-f35-pro","status":"publish","type":"product","link":"https:\/\/shop.bantam.ch\/de\/produkt\/wandmarkise-fiamma-f35-pro\/","title":{"rendered":"Wandmarkise Fiamma F35 Pro"},"content":{"rendered":"<p>Die Markise F35 ist eine manuell zu bedienende Markise, die durch ihre integrierten St\u00fctzf\u00fc\u00dfe in der Walze \u00fcberzeugt und somit kein loses Gest\u00e4nge wie bei einem klassischen Sonnendach ben\u00f6tigt. Sie eignet sich perfekt f\u00fcr kleine Wohnwagen, Gel\u00e4ndefahrzeuge oder Minivans und bietet vielf\u00e4ltige Einsatzm\u00f6glichkeiten. Mit umfangreichem Zubeh\u00f6r, wie Vorzelten sowie Seiten- und Vorderw\u00e4nden, l\u00e4sst sich die Markise individuell erweitern. Entwickelt f\u00fcr Caravan und Campervan, ist sie zus\u00e4tzlich mit einem praktischen Druckknopf und einem Federmechanismus ausgestattet, der ein schnelles \u00d6ffnen erm\u00f6glicht. Eine sichtbare Anzeige sorgt daf\u00fcr, dass das korrekte Schlie\u00dfen stets gew\u00e4hrleistet ist.<\/p>\n","protected":false},"excerpt":{"rendered":"<p>Die Markise F35 ist eine manuell zu bedienende Markise, die durch ihre integrierten St\u00fctzf\u00fc\u00dfe in der Walze \u00fcberzeugt und somit kein loses Gest\u00e4nge wie bei einem klassischen Sonnendach ben\u00f6tigt. Sie eignet sich perfekt f\u00fcr kleine Wohnwagen, Gel\u00e4ndefahrzeuge oder Minivans und bietet vielf\u00e4ltige Einsatzm\u00f6glichkeiten. Mit umfangreichem Zubeh\u00f6r, wie Vorzelten sowie Seiten- und Vorderw\u00e4nden, l\u00e4sst sich die [&hellip;]<\/p>\n","protected":false},"featured_media":233480,"template":"","meta":{"_acf_changed":false},"product_featured_cat":[],"product_brand":[],"product_cat":[4214],"product_tag":[],"class_list":{"0":"post-233502","1":"product","2":"type-product","3":"status-publish","4":"has-post-thumbnail","6":"product_cat-markisen-dachseitenwand","8":"first","9":"instock","10":"taxable","11":"shipping-taxable","12":"purchasable","13":"product-type-variable"},"acf":[],"yoast_head":"<!-- This site is optimized with the Yoast SEO plugin v27.4 - https:\/\/yoast.com\/product\/yoast-seo-wordpress\/ -->\n<title>Wandmarkise Fiamma F35 Pro - Bantam Camping AG<\/title>\n<meta name=\"robots\" content=\"index, follow, max-snippet:-1, max-image-preview:large, max-video-preview:-1\" \/>\n<link rel=\"canonical\" href=\"https:\/\/shop.bantam.ch\/de\/produkt\/wandmarkise-fiamma-f35-pro\/\" \/>\n<meta property=\"og:locale\" content=\"de_DE\" \/>\n<meta property=\"og:type\" content=\"article\" \/>\n<meta property=\"og:title\" content=\"Wandmarkise Fiamma F35 Pro - Bantam Camping AG\" \/>\n<meta property=\"og:description\" content=\"Die Markise F35 ist eine manuell zu bedienende Markise, die durch ihre integrierten St\u00fctzf\u00fc\u00dfe in der Walze \u00fcberzeugt und somit kein loses Gest\u00e4nge wie bei einem klassischen Sonnendach ben\u00f6tigt. Sie eignet sich perfekt f\u00fcr kleine Wohnwagen, Gel\u00e4ndefahrzeuge oder Minivans und bietet vielf\u00e4ltige Einsatzm\u00f6glichkeiten. Mit umfangreichem Zubeh\u00f6r, wie Vorzelten sowie Seiten- und Vorderw\u00e4nden, l\u00e4sst sich die [&hellip;]\" \/>\n<meta property=\"og:url\" content=\"https:\/\/shop.bantam.ch\/de\/produkt\/wandmarkise-fiamma-f35-pro\/\" \/>\n<meta property=\"og:site_name\" content=\"Bantam Camping AG\" \/>\n<meta property=\"article:modified_time\" content=\"2026-04-19T00:54:57+00:00\" \/>\n<meta name=\"twitter:card\" content=\"summary_large_image\" \/>\n<meta name=\"twitter:label1\" content=\"Gesch\u00e4tzte Lesezeit\" \/>\n\t<meta name=\"twitter:data1\" content=\"1\u00a0Minute\" \/>\n<script type=\"application\/ld+json\" class=\"yoast-schema-graph\">{\"@context\":\"https:\\\/\\\/schema.org\",\"@graph\":[{\"@type\":\"WebPage\",\"@id\":\"https:\\\/\\\/shop.bantam.ch\\\/de\\\/produkt\\\/wandmarkise-fiamma-f35-pro\\\/\",\"url\":\"https:\\\/\\\/shop.bantam.ch\\\/de\\\/produkt\\\/wandmarkise-fiamma-f35-pro\\\/\",\"name\":\"Wandmarkise Fiamma F35 Pro - Bantam Camping AG\",\"isPartOf\":{\"@id\":\"https:\\\/\\\/shop.bantam.ch\\\/de\\\/#website\"},\"primaryImageOfPage\":{\"@id\":\"https:\\\/\\\/shop.bantam.ch\\\/de\\\/produkt\\\/wandmarkise-fiamma-f35-pro\\\/#primaryimage\"},\"image\":{\"@id\":\"https:\\\/\\\/shop.bantam.ch\\\/de\\\/produkt\\\/wandmarkise-fiamma-f35-pro\\\/#primaryimage\"},\"thumbnailUrl\":\"https:\\\/\\\/shop.bantam.ch\\\/wp-content\\\/uploads\\\/2026\\\/02\\\/Movera-L-0107133100.jpg\",\"datePublished\":\"2026-02-04T10:10:46+00:00\",\"dateModified\":\"2026-04-19T00:54:57+00:00\",\"breadcrumb\":{\"@id\":\"https:\\\/\\\/shop.bantam.ch\\\/de\\\/produkt\\\/wandmarkise-fiamma-f35-pro\\\/#breadcrumb\"},\"inLanguage\":\"de\",\"potentialAction\":[{\"@type\":\"ReadAction\",\"target\":[\"https:\\\/\\\/shop.bantam.ch\\\/de\\\/produkt\\\/wandmarkise-fiamma-f35-pro\\\/\"]}]},{\"@type\":\"ImageObject\",\"inLanguage\":\"de\",\"@id\":\"https:\\\/\\\/shop.bantam.ch\\\/de\\\/produkt\\\/wandmarkise-fiamma-f35-pro\\\/#primaryimage\",\"url\":\"https:\\\/\\\/shop.bantam.ch\\\/wp-content\\\/uploads\\\/2026\\\/02\\\/Movera-L-0107133100.jpg\",\"contentUrl\":\"https:\\\/\\\/shop.bantam.ch\\\/wp-content\\\/uploads\\\/2026\\\/02\\\/Movera-L-0107133100.jpg\",\"width\":640,\"height\":360},{\"@type\":\"BreadcrumbList\",\"@id\":\"https:\\\/\\\/shop.bantam.ch\\\/de\\\/produkt\\\/wandmarkise-fiamma-f35-pro\\\/#breadcrumb\",\"itemListElement\":[{\"@type\":\"ListItem\",\"position\":1,\"name\":\"Accueil\",\"item\":\"https:\\\/\\\/shop.bantam.ch\\\/de\\\/\"},{\"@type\":\"ListItem\",\"position\":2,\"name\":\"Shop\",\"item\":\"https:\\\/\\\/shop.bantam.ch\\\/de\\\/shop\\\/\"},{\"@type\":\"ListItem\",\"position\":3,\"name\":\"Wandmarkise Fiamma F35 Pro\"}]},{\"@type\":\"WebSite\",\"@id\":\"https:\\\/\\\/shop.bantam.ch\\\/de\\\/#website\",\"url\":\"https:\\\/\\\/shop.bantam.ch\\\/de\\\/\",\"name\":\"Bantam Camping AG\",\"description\":\"\",\"publisher\":{\"@id\":\"https:\\\/\\\/shop.bantam.ch\\\/de\\\/#organization\"},\"inLanguage\":\"de\"},{\"@type\":\"Organization\",\"@id\":\"https:\\\/\\\/shop.bantam.ch\\\/de\\\/#organization\",\"name\":\"Bantam Camping AG\",\"url\":\"https:\\\/\\\/shop.bantam.ch\\\/de\\\/\",\"logo\":{\"@type\":\"ImageObject\",\"inLanguage\":\"de\",\"@id\":\"https:\\\/\\\/shop.bantam.ch\\\/de\\\/#\\\/schema\\\/logo\\\/image\\\/\",\"url\":\"https:\\\/\\\/shop.bantam.ch\\\/wp-content\\\/uploads\\\/2022\\\/12\\\/bantam-logo.png\",\"contentUrl\":\"https:\\\/\\\/shop.bantam.ch\\\/wp-content\\\/uploads\\\/2022\\\/12\\\/bantam-logo.png\",\"width\":320,\"height\":71,\"caption\":\"Bantam Camping AG\"},\"image\":{\"@id\":\"https:\\\/\\\/shop.bantam.ch\\\/de\\\/#\\\/schema\\\/logo\\\/image\\\/\"}}]}<\/script>\n<!-- \/ Yoast SEO plugin. -->","yoast_head_json":{"title":"Wandmarkise Fiamma F35 Pro - Bantam Camping AG","robots":{"index":"index","follow":"follow","max-snippet":"max-snippet:-1","max-image-preview":"max-image-preview:large","max-video-preview":"max-video-preview:-1"},"canonical":"https:\/\/shop.bantam.ch\/de\/produkt\/wandmarkise-fiamma-f35-pro\/","og_locale":"de_DE","og_type":"article","og_title":"Wandmarkise Fiamma F35 Pro - Bantam Camping AG","og_description":"Die Markise F35 ist eine manuell zu bedienende Markise, die durch ihre integrierten St\u00fctzf\u00fc\u00dfe in der Walze \u00fcberzeugt und somit kein loses Gest\u00e4nge wie bei einem klassischen Sonnendach ben\u00f6tigt. Sie eignet sich perfekt f\u00fcr kleine Wohnwagen, Gel\u00e4ndefahrzeuge oder Minivans und bietet vielf\u00e4ltige Einsatzm\u00f6glichkeiten. Mit umfangreichem Zubeh\u00f6r, wie Vorzelten sowie Seiten- und Vorderw\u00e4nden, l\u00e4sst sich die [&hellip;]","og_url":"https:\/\/shop.bantam.ch\/de\/produkt\/wandmarkise-fiamma-f35-pro\/","og_site_name":"Bantam Camping AG","article_modified_time":"2026-04-19T00:54:57+00:00","twitter_card":"summary_large_image","twitter_misc":{"Gesch\u00e4tzte Lesezeit":"1\u00a0Minute"},"schema":{"@context":"https:\/\/schema.org","@graph":[{"@type":"WebPage","@id":"https:\/\/shop.bantam.ch\/de\/produkt\/wandmarkise-fiamma-f35-pro\/","url":"https:\/\/shop.bantam.ch\/de\/produkt\/wandmarkise-fiamma-f35-pro\/","name":"Wandmarkise Fiamma F35 Pro - Bantam Camping AG","isPartOf":{"@id":"https:\/\/shop.bantam.ch\/de\/#website"},"primaryImageOfPage":{"@id":"https:\/\/shop.bantam.ch\/de\/produkt\/wandmarkise-fiamma-f35-pro\/#primaryimage"},"image":{"@id":"https:\/\/shop.bantam.ch\/de\/produkt\/wandmarkise-fiamma-f35-pro\/#primaryimage"},"thumbnailUrl":"https:\/\/shop.bantam.ch\/wp-content\/uploads\/2026\/02\/Movera-L-0107133100.jpg","datePublished":"2026-02-04T10:10:46+00:00","dateModified":"2026-04-19T00:54:57+00:00","breadcrumb":{"@id":"https:\/\/shop.bantam.ch\/de\/produkt\/wandmarkise-fiamma-f35-pro\/#breadcrumb"},"inLanguage":"de","potentialAction":[{"@type":"ReadAction","target":["https:\/\/shop.bantam.ch\/de\/produkt\/wandmarkise-fiamma-f35-pro\/"]}]},{"@type":"ImageObject","inLanguage":"de","@id":"https:\/\/shop.bantam.ch\/de\/produkt\/wandmarkise-fiamma-f35-pro\/#primaryimage","url":"https:\/\/shop.bantam.ch\/wp-content\/uploads\/2026\/02\/Movera-L-0107133100.jpg","contentUrl":"https:\/\/shop.bantam.ch\/wp-content\/uploads\/2026\/02\/Movera-L-0107133100.jpg","width":640,"height":360},{"@type":"BreadcrumbList","@id":"https:\/\/shop.bantam.ch\/de\/produkt\/wandmarkise-fiamma-f35-pro\/#breadcrumb","itemListElement":[{"@type":"ListItem","position":1,"name":"Accueil","item":"https:\/\/shop.bantam.ch\/de\/"},{"@type":"ListItem","position":2,"name":"Shop","item":"https:\/\/shop.bantam.ch\/de\/shop\/"},{"@type":"ListItem","position":3,"name":"Wandmarkise Fiamma F35 Pro"}]},{"@type":"WebSite","@id":"https:\/\/shop.bantam.ch\/de\/#website","url":"https:\/\/shop.bantam.ch\/de\/","name":"Bantam Camping AG","description":"","publisher":{"@id":"https:\/\/shop.bantam.ch\/de\/#organization"},"inLanguage":"de"},{"@type":"Organization","@id":"https:\/\/shop.bantam.ch\/de\/#organization","name":"Bantam Camping AG","url":"https:\/\/shop.bantam.ch\/de\/","logo":{"@type":"ImageObject","inLanguage":"de","@id":"https:\/\/shop.bantam.ch\/de\/#\/schema\/logo\/image\/","url":"https:\/\/shop.bantam.ch\/wp-content\/uploads\/2022\/12\/bantam-logo.png","contentUrl":"https:\/\/shop.bantam.ch\/wp-content\/uploads\/2022\/12\/bantam-logo.png","width":320,"height":71,"caption":"Bantam Camping AG"},"image":{"@id":"https:\/\/shop.bantam.ch\/de\/#\/schema\/logo\/image\/"}}]}},"_links":{"self":[{"href":"https:\/\/shop.bantam.ch\/de\/wp-json\/wp\/v2\/product\/233502","targetHints":{"allow":["GET"]}}],"collection":[{"href":"https:\/\/shop.bantam.ch\/de\/wp-json\/wp\/v2\/product"}],"about":[{"href":"https:\/\/shop.bantam.ch\/de\/wp-json\/wp\/v2\/types\/product"}],"wp:featuredmedia":[{"embeddable":true,"href":"https:\/\/shop.bantam.ch\/de\/wp-json\/wp\/v2\/media\/233480"}],"wp:attachment":[{"href":"https:\/\/shop.bantam.ch\/de\/wp-json\/wp\/v2\/media?parent=233502"}],"wp:term":[{"taxonomy":"product_featured_cat","embeddable":true,"href":"https:\/\/shop.bantam.ch\/de\/wp-json\/wp\/v2\/product_featured_cat?post=233502"},{"taxonomy":"product_brand","embeddable":true,"href":"https:\/\/shop.bantam.ch\/de\/wp-json\/wp\/v2\/product_brand?post=233502"},{"taxonomy":"product_cat","embeddable":true,"href":"https:\/\/shop.bantam.ch\/de\/wp-json\/wp\/v2\/product_cat?post=233502"},{"taxonomy":"product_tag","embeddable":true,"href":"https:\/\/shop.bantam.ch\/de\/wp-json\/wp\/v2\/product_tag?post=233502"}],"curies":[{"name":"wp","href":"https:\/\/api.w.org\/{rel}","templated":true}]}}