{"id":233464,"date":"2026-02-04T11:10:21","date_gmt":"2026-02-04T10:10:21","guid":{"rendered":"https:\/\/shop.bantam.ch\/produit\/air-heater-2d-24v-2kw-diesel-inkl-comfort-control-bedienteil\/"},"modified":"2026-04-18T23:59:32","modified_gmt":"2026-04-18T21:59:32","slug":"air-heater-2d-24v-2kw-diesel-inkl-comfort-control-bedienteil","status":"publish","type":"product","link":"https:\/\/shop.bantam.ch\/de\/produkt\/air-heater-2d-24v-2kw-diesel-inkl-comfort-control-bedienteil\/","title":{"rendered":"Air Heater 2D 24V &#8211; 2KW Diesel inkl. Comfort Control Bedienteil"},"content":{"rendered":"<p><!--StartFragment -->Ideal f\u00fcr kleine LKW-Fahrerh\u00e4user, Nutzfahrzeugkabinen oder Lader\u00e4ume, kleine Wohnmobile, Gel\u00e4ndewagen und Boote (bis zu 10 m L\u00e4nge).<!--EndFragment --><\/p>\n","protected":false},"excerpt":{"rendered":"<p>Ideal f\u00fcr kleine LKW-Fahrerh\u00e4user, Nutzfahrzeugkabinen oder Lader\u00e4ume, kleine Wohnmobile, Gel\u00e4ndewagen und Boote (bis zu 10 m L\u00e4nge).<\/p>\n","protected":false},"featured_media":233460,"template":"","meta":{"_acf_changed":false},"product_featured_cat":[],"product_brand":[],"product_cat":[4540],"product_tag":[],"class_list":{"0":"post-233464","1":"product","2":"type-product","3":"status-publish","4":"has-post-thumbnail","6":"product_cat-dieselheizungen","8":"first","9":"instock","10":"taxable","11":"shipping-taxable","12":"purchasable","13":"product-type-simple"},"acf":[],"yoast_head":"<!-- This site is optimized with the Yoast SEO plugin v27.4 - https:\/\/yoast.com\/product\/yoast-seo-wordpress\/ -->\n<title>Air Heater 2D 24V - 2KW Diesel inkl. Comfort Control Bedienteil - Bantam Camping AG<\/title>\n<meta name=\"robots\" content=\"index, follow, max-snippet:-1, max-image-preview:large, max-video-preview:-1\" \/>\n<link rel=\"canonical\" href=\"https:\/\/shop.bantam.ch\/de\/produkt\/air-heater-2d-24v-2kw-diesel-inkl-comfort-control-bedienteil\/\" \/>\n<meta property=\"og:locale\" content=\"de_DE\" \/>\n<meta property=\"og:type\" content=\"article\" \/>\n<meta property=\"og:title\" content=\"Air Heater 2D 24V - 2KW Diesel inkl. Comfort Control Bedienteil - Bantam Camping AG\" \/>\n<meta property=\"og:description\" content=\"Ideal f\u00fcr kleine LKW-Fahrerh\u00e4user, Nutzfahrzeugkabinen oder Lader\u00e4ume, kleine Wohnmobile, Gel\u00e4ndewagen und Boote (bis zu 10 m L\u00e4nge).\" \/>\n<meta property=\"og:url\" content=\"https:\/\/shop.bantam.ch\/de\/produkt\/air-heater-2d-24v-2kw-diesel-inkl-comfort-control-bedienteil\/\" \/>\n<meta property=\"og:site_name\" content=\"Bantam Camping AG\" \/>\n<meta property=\"article:modified_time\" content=\"2026-04-18T21:59:32+00:00\" \/>\n<meta name=\"twitter:card\" content=\"summary_large_image\" \/>\n<script type=\"application\/ld+json\" class=\"yoast-schema-graph\">{\"@context\":\"https:\\\/\\\/schema.org\",\"@graph\":[{\"@type\":\"WebPage\",\"@id\":\"https:\\\/\\\/shop.bantam.ch\\\/de\\\/produkt\\\/air-heater-2d-24v-2kw-diesel-inkl-comfort-control-bedienteil\\\/\",\"url\":\"https:\\\/\\\/shop.bantam.ch\\\/de\\\/produkt\\\/air-heater-2d-24v-2kw-diesel-inkl-comfort-control-bedienteil\\\/\",\"name\":\"Air Heater 2D 24V - 2KW Diesel inkl. Comfort Control Bedienteil - Bantam Camping AG\",\"isPartOf\":{\"@id\":\"https:\\\/\\\/shop.bantam.ch\\\/de\\\/#website\"},\"primaryImageOfPage\":{\"@id\":\"https:\\\/\\\/shop.bantam.ch\\\/de\\\/produkt\\\/air-heater-2d-24v-2kw-diesel-inkl-comfort-control-bedienteil\\\/#primaryimage\"},\"image\":{\"@id\":\"https:\\\/\\\/shop.bantam.ch\\\/de\\\/produkt\\\/air-heater-2d-24v-2kw-diesel-inkl-comfort-control-bedienteil\\\/#primaryimage\"},\"thumbnailUrl\":\"https:\\\/\\\/shop.bantam.ch\\\/wp-content\\\/uploads\\\/2026\\\/02\\\/Movera-L-9976262100.png\",\"datePublished\":\"2026-02-04T10:10:21+00:00\",\"dateModified\":\"2026-04-18T21:59:32+00:00\",\"breadcrumb\":{\"@id\":\"https:\\\/\\\/shop.bantam.ch\\\/de\\\/produkt\\\/air-heater-2d-24v-2kw-diesel-inkl-comfort-control-bedienteil\\\/#breadcrumb\"},\"inLanguage\":\"de\",\"potentialAction\":[{\"@type\":\"ReadAction\",\"target\":[\"https:\\\/\\\/shop.bantam.ch\\\/de\\\/produkt\\\/air-heater-2d-24v-2kw-diesel-inkl-comfort-control-bedienteil\\\/\"]}]},{\"@type\":\"ImageObject\",\"inLanguage\":\"de\",\"@id\":\"https:\\\/\\\/shop.bantam.ch\\\/de\\\/produkt\\\/air-heater-2d-24v-2kw-diesel-inkl-comfort-control-bedienteil\\\/#primaryimage\",\"url\":\"https:\\\/\\\/shop.bantam.ch\\\/wp-content\\\/uploads\\\/2026\\\/02\\\/Movera-L-9976262100.png\",\"contentUrl\":\"https:\\\/\\\/shop.bantam.ch\\\/wp-content\\\/uploads\\\/2026\\\/02\\\/Movera-L-9976262100.png\",\"width\":640,\"height\":423},{\"@type\":\"BreadcrumbList\",\"@id\":\"https:\\\/\\\/shop.bantam.ch\\\/de\\\/produkt\\\/air-heater-2d-24v-2kw-diesel-inkl-comfort-control-bedienteil\\\/#breadcrumb\",\"itemListElement\":[{\"@type\":\"ListItem\",\"position\":1,\"name\":\"Accueil\",\"item\":\"https:\\\/\\\/shop.bantam.ch\\\/de\\\/\"},{\"@type\":\"ListItem\",\"position\":2,\"name\":\"Shop\",\"item\":\"https:\\\/\\\/shop.bantam.ch\\\/de\\\/shop\\\/\"},{\"@type\":\"ListItem\",\"position\":3,\"name\":\"Air Heater 2D 24V &#8211; 2KW Diesel inkl. Comfort Control Bedienteil\"}]},{\"@type\":\"WebSite\",\"@id\":\"https:\\\/\\\/shop.bantam.ch\\\/de\\\/#website\",\"url\":\"https:\\\/\\\/shop.bantam.ch\\\/de\\\/\",\"name\":\"Bantam Camping AG\",\"description\":\"\",\"publisher\":{\"@id\":\"https:\\\/\\\/shop.bantam.ch\\\/de\\\/#organization\"},\"inLanguage\":\"de\"},{\"@type\":\"Organization\",\"@id\":\"https:\\\/\\\/shop.bantam.ch\\\/de\\\/#organization\",\"name\":\"Bantam Camping AG\",\"url\":\"https:\\\/\\\/shop.bantam.ch\\\/de\\\/\",\"logo\":{\"@type\":\"ImageObject\",\"inLanguage\":\"de\",\"@id\":\"https:\\\/\\\/shop.bantam.ch\\\/de\\\/#\\\/schema\\\/logo\\\/image\\\/\",\"url\":\"https:\\\/\\\/shop.bantam.ch\\\/wp-content\\\/uploads\\\/2022\\\/12\\\/bantam-logo.png\",\"contentUrl\":\"https:\\\/\\\/shop.bantam.ch\\\/wp-content\\\/uploads\\\/2022\\\/12\\\/bantam-logo.png\",\"width\":320,\"height\":71,\"caption\":\"Bantam Camping AG\"},\"image\":{\"@id\":\"https:\\\/\\\/shop.bantam.ch\\\/de\\\/#\\\/schema\\\/logo\\\/image\\\/\"}}]}<\/script>\n<!-- \/ Yoast SEO plugin. -->","yoast_head_json":{"title":"Air Heater 2D 24V - 2KW Diesel inkl. Comfort Control Bedienteil - Bantam Camping AG","robots":{"index":"index","follow":"follow","max-snippet":"max-snippet:-1","max-image-preview":"max-image-preview:large","max-video-preview":"max-video-preview:-1"},"canonical":"https:\/\/shop.bantam.ch\/de\/produkt\/air-heater-2d-24v-2kw-diesel-inkl-comfort-control-bedienteil\/","og_locale":"de_DE","og_type":"article","og_title":"Air Heater 2D 24V - 2KW Diesel inkl. Comfort Control Bedienteil - Bantam Camping AG","og_description":"Ideal f\u00fcr kleine LKW-Fahrerh\u00e4user, Nutzfahrzeugkabinen oder Lader\u00e4ume, kleine Wohnmobile, Gel\u00e4ndewagen und Boote (bis zu 10 m L\u00e4nge).","og_url":"https:\/\/shop.bantam.ch\/de\/produkt\/air-heater-2d-24v-2kw-diesel-inkl-comfort-control-bedienteil\/","og_site_name":"Bantam Camping AG","article_modified_time":"2026-04-18T21:59:32+00:00","twitter_card":"summary_large_image","schema":{"@context":"https:\/\/schema.org","@graph":[{"@type":"WebPage","@id":"https:\/\/shop.bantam.ch\/de\/produkt\/air-heater-2d-24v-2kw-diesel-inkl-comfort-control-bedienteil\/","url":"https:\/\/shop.bantam.ch\/de\/produkt\/air-heater-2d-24v-2kw-diesel-inkl-comfort-control-bedienteil\/","name":"Air Heater 2D 24V - 2KW Diesel inkl. Comfort Control Bedienteil - Bantam Camping AG","isPartOf":{"@id":"https:\/\/shop.bantam.ch\/de\/#website"},"primaryImageOfPage":{"@id":"https:\/\/shop.bantam.ch\/de\/produkt\/air-heater-2d-24v-2kw-diesel-inkl-comfort-control-bedienteil\/#primaryimage"},"image":{"@id":"https:\/\/shop.bantam.ch\/de\/produkt\/air-heater-2d-24v-2kw-diesel-inkl-comfort-control-bedienteil\/#primaryimage"},"thumbnailUrl":"https:\/\/shop.bantam.ch\/wp-content\/uploads\/2026\/02\/Movera-L-9976262100.png","datePublished":"2026-02-04T10:10:21+00:00","dateModified":"2026-04-18T21:59:32+00:00","breadcrumb":{"@id":"https:\/\/shop.bantam.ch\/de\/produkt\/air-heater-2d-24v-2kw-diesel-inkl-comfort-control-bedienteil\/#breadcrumb"},"inLanguage":"de","potentialAction":[{"@type":"ReadAction","target":["https:\/\/shop.bantam.ch\/de\/produkt\/air-heater-2d-24v-2kw-diesel-inkl-comfort-control-bedienteil\/"]}]},{"@type":"ImageObject","inLanguage":"de","@id":"https:\/\/shop.bantam.ch\/de\/produkt\/air-heater-2d-24v-2kw-diesel-inkl-comfort-control-bedienteil\/#primaryimage","url":"https:\/\/shop.bantam.ch\/wp-content\/uploads\/2026\/02\/Movera-L-9976262100.png","contentUrl":"https:\/\/shop.bantam.ch\/wp-content\/uploads\/2026\/02\/Movera-L-9976262100.png","width":640,"height":423},{"@type":"BreadcrumbList","@id":"https:\/\/shop.bantam.ch\/de\/produkt\/air-heater-2d-24v-2kw-diesel-inkl-comfort-control-bedienteil\/#breadcrumb","itemListElement":[{"@type":"ListItem","position":1,"name":"Accueil","item":"https:\/\/shop.bantam.ch\/de\/"},{"@type":"ListItem","position":2,"name":"Shop","item":"https:\/\/shop.bantam.ch\/de\/shop\/"},{"@type":"ListItem","position":3,"name":"Air Heater 2D 24V &#8211; 2KW Diesel inkl. Comfort Control Bedienteil"}]},{"@type":"WebSite","@id":"https:\/\/shop.bantam.ch\/de\/#website","url":"https:\/\/shop.bantam.ch\/de\/","name":"Bantam Camping AG","description":"","publisher":{"@id":"https:\/\/shop.bantam.ch\/de\/#organization"},"inLanguage":"de"},{"@type":"Organization","@id":"https:\/\/shop.bantam.ch\/de\/#organization","name":"Bantam Camping AG","url":"https:\/\/shop.bantam.ch\/de\/","logo":{"@type":"ImageObject","inLanguage":"de","@id":"https:\/\/shop.bantam.ch\/de\/#\/schema\/logo\/image\/","url":"https:\/\/shop.bantam.ch\/wp-content\/uploads\/2022\/12\/bantam-logo.png","contentUrl":"https:\/\/shop.bantam.ch\/wp-content\/uploads\/2022\/12\/bantam-logo.png","width":320,"height":71,"caption":"Bantam Camping AG"},"image":{"@id":"https:\/\/shop.bantam.ch\/de\/#\/schema\/logo\/image\/"}}]}},"_links":{"self":[{"href":"https:\/\/shop.bantam.ch\/de\/wp-json\/wp\/v2\/product\/233464","targetHints":{"allow":["GET"]}}],"collection":[{"href":"https:\/\/shop.bantam.ch\/de\/wp-json\/wp\/v2\/product"}],"about":[{"href":"https:\/\/shop.bantam.ch\/de\/wp-json\/wp\/v2\/types\/product"}],"wp:featuredmedia":[{"embeddable":true,"href":"https:\/\/shop.bantam.ch\/de\/wp-json\/wp\/v2\/media\/233460"}],"wp:attachment":[{"href":"https:\/\/shop.bantam.ch\/de\/wp-json\/wp\/v2\/media?parent=233464"}],"wp:term":[{"taxonomy":"product_featured_cat","embeddable":true,"href":"https:\/\/shop.bantam.ch\/de\/wp-json\/wp\/v2\/product_featured_cat?post=233464"},{"taxonomy":"product_brand","embeddable":true,"href":"https:\/\/shop.bantam.ch\/de\/wp-json\/wp\/v2\/product_brand?post=233464"},{"taxonomy":"product_cat","embeddable":true,"href":"https:\/\/shop.bantam.ch\/de\/wp-json\/wp\/v2\/product_cat?post=233464"},{"taxonomy":"product_tag","embeddable":true,"href":"https:\/\/shop.bantam.ch\/de\/wp-json\/wp\/v2\/product_tag?post=233464"}],"curies":[{"name":"wp","href":"https:\/\/api.w.org\/{rel}","templated":true}]}}