{"id":233458,"date":"2026-02-04T11:10:14","date_gmt":"2026-02-04T10:10:14","guid":{"rendered":"https:\/\/shop.bantam.ch\/produit\/heizstrahler-devil-megaheater-xl-schwarz\/"},"modified":"2026-04-18T23:59:31","modified_gmt":"2026-04-18T21:59:31","slug":"heizstrahler-devil-megaheater-xl-schwarz","status":"publish","type":"product","link":"https:\/\/shop.bantam.ch\/de\/produkt\/heizstrahler-devil-megaheater-xl-schwarz\/","title":{"rendered":"Heizstrahler Devil Megaheater XL schwarz"},"content":{"rendered":"<p><!--StartFragment -->Hocheffiziente tragbare Gasheizung. Dieses Ger\u00e4t verf\u00fcgt \u00fcber Heizkacheln f\u00fcr eine optimale W\u00e4rmeverteilung und funktioniert ohne Strom, wodurch eine \u00e4u\u00dferst zuverl\u00e4ssige Heizl\u00f6sung entsteht. Ausgestattet mit mehreren Sicherheitsvorrichtungen, einschlie\u00dflich eines Sauerstoffmangelsensors und einer Z\u00fcndsicherung, k\u00f6nnen Sie das Ger\u00e4t sorgenfrei nutzen. Dieser kompakte und leichte Heizl\u00fcfter l\u00e4sst sich leicht transportieren und verstauen und eignet sich perfekt f\u00fcr den In- und Outdoor-Einsatz.<\/p>\n<p>&nbsp;<\/p>\n<p>MERKMALE:<\/p>\n<ul>\n<li>Leistung: 4,2 kW<\/li>\n<li>Gro\u00dfer Griff f\u00fcr bequemes, sicheres Tragen<\/li>\n<li>Piezoelektrische Z\u00fcndung<\/li>\n<li>Sch\u00fctzendes Gitter<\/li>\n<li>Hochwertiges Druckreduzierventil<\/li>\n<li>Hocheffiziente Strahlungskacheln<\/li>\n<li>Funktioniert mit Standard-Gaskartuschen mit Gewinde EN417 (450 g) und Gasflaschen (inkl. Gasschlauch 1\/4\u00b4L)<\/li>\n<li>Integriertes LED-Licht mit Schalter<\/li>\n<li>Einfach und leicht zu bedienen<\/li>\n<\/ul>\n<p><!--EndFragment --><\/p>\n","protected":false},"excerpt":{"rendered":"<p>Hocheffiziente tragbare Gasheizung. Dieses Ger\u00e4t verf\u00fcgt \u00fcber Heizkacheln f\u00fcr eine optimale W\u00e4rmeverteilung und funktioniert ohne Strom, wodurch eine \u00e4u\u00dferst zuverl\u00e4ssige Heizl\u00f6sung entsteht. Ausgestattet mit mehreren Sicherheitsvorrichtungen, einschlie\u00dflich eines Sauerstoffmangelsensors und einer Z\u00fcndsicherung, k\u00f6nnen Sie das Ger\u00e4t sorgenfrei nutzen. Dieser kompakte und leichte Heizl\u00fcfter l\u00e4sst sich leicht transportieren und verstauen und eignet sich perfekt f\u00fcr den [&hellip;]<\/p>\n","protected":false},"featured_media":233450,"template":"","meta":{"_acf_changed":false},"product_featured_cat":[],"product_brand":[],"product_cat":[4078],"product_tag":[],"class_list":{"0":"post-233458","1":"product","2":"type-product","3":"status-publish","4":"has-post-thumbnail","6":"product_cat-camping-heizungen","8":"first","9":"instock","10":"taxable","11":"shipping-taxable","12":"purchasable","13":"product-type-simple"},"acf":[],"yoast_head":"<!-- This site is optimized with the Yoast SEO plugin v27.4 - https:\/\/yoast.com\/product\/yoast-seo-wordpress\/ -->\n<title>Heizstrahler Devil Megaheater XL schwarz - Bantam Camping AG<\/title>\n<meta name=\"robots\" content=\"index, follow, max-snippet:-1, max-image-preview:large, max-video-preview:-1\" \/>\n<link rel=\"canonical\" href=\"https:\/\/shop.bantam.ch\/de\/produkt\/heizstrahler-devil-megaheater-xl-schwarz\/\" \/>\n<meta property=\"og:locale\" content=\"de_DE\" \/>\n<meta property=\"og:type\" content=\"article\" \/>\n<meta property=\"og:title\" content=\"Heizstrahler Devil Megaheater XL schwarz - Bantam Camping AG\" \/>\n<meta property=\"og:description\" content=\"Hocheffiziente tragbare Gasheizung. Dieses Ger\u00e4t verf\u00fcgt \u00fcber Heizkacheln f\u00fcr eine optimale W\u00e4rmeverteilung und funktioniert ohne Strom, wodurch eine \u00e4u\u00dferst zuverl\u00e4ssige Heizl\u00f6sung entsteht. Ausgestattet mit mehreren Sicherheitsvorrichtungen, einschlie\u00dflich eines Sauerstoffmangelsensors und einer Z\u00fcndsicherung, k\u00f6nnen Sie das Ger\u00e4t sorgenfrei nutzen. Dieser kompakte und leichte Heizl\u00fcfter l\u00e4sst sich leicht transportieren und verstauen und eignet sich perfekt f\u00fcr den [&hellip;]\" \/>\n<meta property=\"og:url\" content=\"https:\/\/shop.bantam.ch\/de\/produkt\/heizstrahler-devil-megaheater-xl-schwarz\/\" \/>\n<meta property=\"og:site_name\" content=\"Bantam Camping AG\" \/>\n<meta property=\"article:modified_time\" content=\"2026-04-18T21:59:31+00:00\" \/>\n<meta name=\"twitter:card\" content=\"summary_large_image\" \/>\n<meta name=\"twitter:label1\" content=\"Gesch\u00e4tzte Lesezeit\" \/>\n\t<meta name=\"twitter:data1\" content=\"1\u00a0Minute\" \/>\n<script type=\"application\/ld+json\" class=\"yoast-schema-graph\">{\"@context\":\"https:\\\/\\\/schema.org\",\"@graph\":[{\"@type\":\"WebPage\",\"@id\":\"https:\\\/\\\/shop.bantam.ch\\\/de\\\/produkt\\\/heizstrahler-devil-megaheater-xl-schwarz\\\/\",\"url\":\"https:\\\/\\\/shop.bantam.ch\\\/de\\\/produkt\\\/heizstrahler-devil-megaheater-xl-schwarz\\\/\",\"name\":\"Heizstrahler Devil Megaheater XL schwarz - Bantam Camping AG\",\"isPartOf\":{\"@id\":\"https:\\\/\\\/shop.bantam.ch\\\/de\\\/#website\"},\"primaryImageOfPage\":{\"@id\":\"https:\\\/\\\/shop.bantam.ch\\\/de\\\/produkt\\\/heizstrahler-devil-megaheater-xl-schwarz\\\/#primaryimage\"},\"image\":{\"@id\":\"https:\\\/\\\/shop.bantam.ch\\\/de\\\/produkt\\\/heizstrahler-devil-megaheater-xl-schwarz\\\/#primaryimage\"},\"thumbnailUrl\":\"https:\\\/\\\/shop.bantam.ch\\\/wp-content\\\/uploads\\\/2026\\\/02\\\/Movera-L-9976259100.jpg\",\"datePublished\":\"2026-02-04T10:10:14+00:00\",\"dateModified\":\"2026-04-18T21:59:31+00:00\",\"breadcrumb\":{\"@id\":\"https:\\\/\\\/shop.bantam.ch\\\/de\\\/produkt\\\/heizstrahler-devil-megaheater-xl-schwarz\\\/#breadcrumb\"},\"inLanguage\":\"de\",\"potentialAction\":[{\"@type\":\"ReadAction\",\"target\":[\"https:\\\/\\\/shop.bantam.ch\\\/de\\\/produkt\\\/heizstrahler-devil-megaheater-xl-schwarz\\\/\"]}]},{\"@type\":\"ImageObject\",\"inLanguage\":\"de\",\"@id\":\"https:\\\/\\\/shop.bantam.ch\\\/de\\\/produkt\\\/heizstrahler-devil-megaheater-xl-schwarz\\\/#primaryimage\",\"url\":\"https:\\\/\\\/shop.bantam.ch\\\/wp-content\\\/uploads\\\/2026\\\/02\\\/Movera-L-9976259100.jpg\",\"contentUrl\":\"https:\\\/\\\/shop.bantam.ch\\\/wp-content\\\/uploads\\\/2026\\\/02\\\/Movera-L-9976259100.jpg\",\"width\":80,\"height\":80},{\"@type\":\"BreadcrumbList\",\"@id\":\"https:\\\/\\\/shop.bantam.ch\\\/de\\\/produkt\\\/heizstrahler-devil-megaheater-xl-schwarz\\\/#breadcrumb\",\"itemListElement\":[{\"@type\":\"ListItem\",\"position\":1,\"name\":\"Accueil\",\"item\":\"https:\\\/\\\/shop.bantam.ch\\\/de\\\/\"},{\"@type\":\"ListItem\",\"position\":2,\"name\":\"Shop\",\"item\":\"https:\\\/\\\/shop.bantam.ch\\\/de\\\/shop\\\/\"},{\"@type\":\"ListItem\",\"position\":3,\"name\":\"Heizstrahler Devil Megaheater XL schwarz\"}]},{\"@type\":\"WebSite\",\"@id\":\"https:\\\/\\\/shop.bantam.ch\\\/de\\\/#website\",\"url\":\"https:\\\/\\\/shop.bantam.ch\\\/de\\\/\",\"name\":\"Bantam Camping AG\",\"description\":\"\",\"publisher\":{\"@id\":\"https:\\\/\\\/shop.bantam.ch\\\/de\\\/#organization\"},\"inLanguage\":\"de\"},{\"@type\":\"Organization\",\"@id\":\"https:\\\/\\\/shop.bantam.ch\\\/de\\\/#organization\",\"name\":\"Bantam Camping AG\",\"url\":\"https:\\\/\\\/shop.bantam.ch\\\/de\\\/\",\"logo\":{\"@type\":\"ImageObject\",\"inLanguage\":\"de\",\"@id\":\"https:\\\/\\\/shop.bantam.ch\\\/de\\\/#\\\/schema\\\/logo\\\/image\\\/\",\"url\":\"https:\\\/\\\/shop.bantam.ch\\\/wp-content\\\/uploads\\\/2022\\\/12\\\/bantam-logo.png\",\"contentUrl\":\"https:\\\/\\\/shop.bantam.ch\\\/wp-content\\\/uploads\\\/2022\\\/12\\\/bantam-logo.png\",\"width\":320,\"height\":71,\"caption\":\"Bantam Camping AG\"},\"image\":{\"@id\":\"https:\\\/\\\/shop.bantam.ch\\\/de\\\/#\\\/schema\\\/logo\\\/image\\\/\"}}]}<\/script>\n<!-- \/ Yoast SEO plugin. -->","yoast_head_json":{"title":"Heizstrahler Devil Megaheater XL schwarz - Bantam Camping AG","robots":{"index":"index","follow":"follow","max-snippet":"max-snippet:-1","max-image-preview":"max-image-preview:large","max-video-preview":"max-video-preview:-1"},"canonical":"https:\/\/shop.bantam.ch\/de\/produkt\/heizstrahler-devil-megaheater-xl-schwarz\/","og_locale":"de_DE","og_type":"article","og_title":"Heizstrahler Devil Megaheater XL schwarz - Bantam Camping AG","og_description":"Hocheffiziente tragbare Gasheizung. Dieses Ger\u00e4t verf\u00fcgt \u00fcber Heizkacheln f\u00fcr eine optimale W\u00e4rmeverteilung und funktioniert ohne Strom, wodurch eine \u00e4u\u00dferst zuverl\u00e4ssige Heizl\u00f6sung entsteht. Ausgestattet mit mehreren Sicherheitsvorrichtungen, einschlie\u00dflich eines Sauerstoffmangelsensors und einer Z\u00fcndsicherung, k\u00f6nnen Sie das Ger\u00e4t sorgenfrei nutzen. Dieser kompakte und leichte Heizl\u00fcfter l\u00e4sst sich leicht transportieren und verstauen und eignet sich perfekt f\u00fcr den [&hellip;]","og_url":"https:\/\/shop.bantam.ch\/de\/produkt\/heizstrahler-devil-megaheater-xl-schwarz\/","og_site_name":"Bantam Camping AG","article_modified_time":"2026-04-18T21:59:31+00:00","twitter_card":"summary_large_image","twitter_misc":{"Gesch\u00e4tzte Lesezeit":"1\u00a0Minute"},"schema":{"@context":"https:\/\/schema.org","@graph":[{"@type":"WebPage","@id":"https:\/\/shop.bantam.ch\/de\/produkt\/heizstrahler-devil-megaheater-xl-schwarz\/","url":"https:\/\/shop.bantam.ch\/de\/produkt\/heizstrahler-devil-megaheater-xl-schwarz\/","name":"Heizstrahler Devil Megaheater XL schwarz - Bantam Camping AG","isPartOf":{"@id":"https:\/\/shop.bantam.ch\/de\/#website"},"primaryImageOfPage":{"@id":"https:\/\/shop.bantam.ch\/de\/produkt\/heizstrahler-devil-megaheater-xl-schwarz\/#primaryimage"},"image":{"@id":"https:\/\/shop.bantam.ch\/de\/produkt\/heizstrahler-devil-megaheater-xl-schwarz\/#primaryimage"},"thumbnailUrl":"https:\/\/shop.bantam.ch\/wp-content\/uploads\/2026\/02\/Movera-L-9976259100.jpg","datePublished":"2026-02-04T10:10:14+00:00","dateModified":"2026-04-18T21:59:31+00:00","breadcrumb":{"@id":"https:\/\/shop.bantam.ch\/de\/produkt\/heizstrahler-devil-megaheater-xl-schwarz\/#breadcrumb"},"inLanguage":"de","potentialAction":[{"@type":"ReadAction","target":["https:\/\/shop.bantam.ch\/de\/produkt\/heizstrahler-devil-megaheater-xl-schwarz\/"]}]},{"@type":"ImageObject","inLanguage":"de","@id":"https:\/\/shop.bantam.ch\/de\/produkt\/heizstrahler-devil-megaheater-xl-schwarz\/#primaryimage","url":"https:\/\/shop.bantam.ch\/wp-content\/uploads\/2026\/02\/Movera-L-9976259100.jpg","contentUrl":"https:\/\/shop.bantam.ch\/wp-content\/uploads\/2026\/02\/Movera-L-9976259100.jpg","width":80,"height":80},{"@type":"BreadcrumbList","@id":"https:\/\/shop.bantam.ch\/de\/produkt\/heizstrahler-devil-megaheater-xl-schwarz\/#breadcrumb","itemListElement":[{"@type":"ListItem","position":1,"name":"Accueil","item":"https:\/\/shop.bantam.ch\/de\/"},{"@type":"ListItem","position":2,"name":"Shop","item":"https:\/\/shop.bantam.ch\/de\/shop\/"},{"@type":"ListItem","position":3,"name":"Heizstrahler Devil Megaheater XL schwarz"}]},{"@type":"WebSite","@id":"https:\/\/shop.bantam.ch\/de\/#website","url":"https:\/\/shop.bantam.ch\/de\/","name":"Bantam Camping AG","description":"","publisher":{"@id":"https:\/\/shop.bantam.ch\/de\/#organization"},"inLanguage":"de"},{"@type":"Organization","@id":"https:\/\/shop.bantam.ch\/de\/#organization","name":"Bantam Camping AG","url":"https:\/\/shop.bantam.ch\/de\/","logo":{"@type":"ImageObject","inLanguage":"de","@id":"https:\/\/shop.bantam.ch\/de\/#\/schema\/logo\/image\/","url":"https:\/\/shop.bantam.ch\/wp-content\/uploads\/2022\/12\/bantam-logo.png","contentUrl":"https:\/\/shop.bantam.ch\/wp-content\/uploads\/2022\/12\/bantam-logo.png","width":320,"height":71,"caption":"Bantam Camping AG"},"image":{"@id":"https:\/\/shop.bantam.ch\/de\/#\/schema\/logo\/image\/"}}]}},"_links":{"self":[{"href":"https:\/\/shop.bantam.ch\/de\/wp-json\/wp\/v2\/product\/233458","targetHints":{"allow":["GET"]}}],"collection":[{"href":"https:\/\/shop.bantam.ch\/de\/wp-json\/wp\/v2\/product"}],"about":[{"href":"https:\/\/shop.bantam.ch\/de\/wp-json\/wp\/v2\/types\/product"}],"wp:featuredmedia":[{"embeddable":true,"href":"https:\/\/shop.bantam.ch\/de\/wp-json\/wp\/v2\/media\/233450"}],"wp:attachment":[{"href":"https:\/\/shop.bantam.ch\/de\/wp-json\/wp\/v2\/media?parent=233458"}],"wp:term":[{"taxonomy":"product_featured_cat","embeddable":true,"href":"https:\/\/shop.bantam.ch\/de\/wp-json\/wp\/v2\/product_featured_cat?post=233458"},{"taxonomy":"product_brand","embeddable":true,"href":"https:\/\/shop.bantam.ch\/de\/wp-json\/wp\/v2\/product_brand?post=233458"},{"taxonomy":"product_cat","embeddable":true,"href":"https:\/\/shop.bantam.ch\/de\/wp-json\/wp\/v2\/product_cat?post=233458"},{"taxonomy":"product_tag","embeddable":true,"href":"https:\/\/shop.bantam.ch\/de\/wp-json\/wp\/v2\/product_tag?post=233458"}],"curies":[{"name":"wp","href":"https:\/\/api.w.org\/{rel}","templated":true}]}}