{"id":233398,"date":"2026-02-04T11:08:50","date_gmt":"2026-02-04T10:08:50","guid":{"rendered":"https:\/\/shop.bantam.ch\/produit\/einbau-koch-spuelkombination-mo9722l-am-2-flammig-spuele-links-76-x-325-cm\/"},"modified":"2026-04-22T23:55:11","modified_gmt":"2026-04-22T21:55:11","slug":"einbau-koch-spuelkombination-mo9722l-am-2-flammig-spuele-links-76-x-325-cm","status":"publish","type":"product","link":"https:\/\/shop.bantam.ch\/de\/produkt\/einbau-koch-spuelkombination-mo9722l-am-2-flammig-spuele-links-76-x-325-cm\/","title":{"rendered":"Einbau Koch-\/ Sp\u00fclkombination MO9722L AM 2-flammig Sp\u00fcle links 76 x 32,5 cm"},"content":{"rendered":"<p><!--StartFragment --><!--StartFragment --><\/p>\n<p>Die Dometic MO9722R ist eine kompakte L\u00f6sung, die ein 2-flammiges Gaskochfeld mit einer integrierten Sp\u00fcle kombiniert \u2013 perfekt geeignet f\u00fcr die kleinsten K\u00fcchenbereiche in Reisemobilen, Wohnwagen und Vans. Als Teil der Slimline-Serie punktet sie mit zwei temperaturbest\u00e4ndigen Glasabdeckungen, die w\u00e4hrend des Transports Schutz bieten und gleichzeitig als zus\u00e4tzliche Arbeitsfl\u00e4che dienen. Ihr modernes Design f\u00fcgt sich harmonisch in verschiedenste Fahrzeug-Innenr\u00e4ume ein.<\/p>\n<p>Das Kochfeld ist mit automatischen Z\u00fcndungen f\u00fcr beide Brenner ausgestattet und verf\u00fcgt \u00fcber eine Gasabsperrvorrichtung, die aktiviert wird, sobald der Glasdeckel geschlossen ist, w\u00e4hrend die Brenner noch eingeschaltet sind. Ein mechanischer Flammw\u00e4chter sorgt f\u00fcr zus\u00e4tzliche Sicherheit. Die emaillierten Topfaufs\u00e4tze und Brennerdeckel sind besonders widerstandsf\u00e4hig und lassen sich m\u00fchelos reinigen.<\/p>\n<p>Die kompakte Einheit ist wahlweise mit rechts oder links angeordneter Sp\u00fcle erh\u00e4ltlich. Siphon und Gummidichtung sind im Lieferumfang enthalten; Wasserh\u00e4hne k\u00f6nnen separat erworben werden.<\/p>\n<p>&nbsp;<\/p>\n<p>Merkmale:<\/p>\n<ul>\n<li>Kombination aus 2-flammigem Gaskochfeld und integrierter Sp\u00fcle<\/li>\n<li>Temperaturbest\u00e4ndige Glasabdeckungen f\u00fcr Schutz und zus\u00e4tzliche Arbeitsfl\u00e4che<\/li>\n<li>Automatische Z\u00fcndung f\u00fcr beide Brenner<\/li>\n<li>Gasabsperrvorrichtung aktiv bei geschlossenem Deckel<\/li>\n<li>Mechanischer Flammw\u00e4chter f\u00fcr erh\u00f6hte Sicherheit<\/li>\n<li>Emaillierte Topfaufs\u00e4tze und Brennerdeckel \u2013 robust und leicht zu reinigen<\/li>\n<li>Platzsparendes, modernes Design f\u00fcr enge K\u00fcchenbereiche<\/li>\n<\/ul>\n<p>&nbsp;<\/p>\n<p>Technische Daten:<\/p>\n<ul>\n<li>Ausgangsleistung Kochplatte 1: 1,1kW<\/li>\n<li>Ausgangsleistung Kochplatte 2: 1,8 kW<\/li>\n<li>Ma\u00dfe (L x B x H): 760 x 325 x 175 mm<\/li>\n<li>Gewicht: 5,3 kg<\/li>\n<li>EN30-1-1:2021 konform<\/li>\n<li>Gasabsperrvorrichtung bei geschlossenem Deckel<\/li>\n<\/ul>\n<p><!--EndFragment --><\/p>\n<p><!--EndFragment --><\/p>\n","protected":false},"excerpt":{"rendered":"<p>Die Dometic MO9722R ist eine kompakte L\u00f6sung, die ein 2-flammiges Gaskochfeld mit einer integrierten Sp\u00fcle kombiniert \u2013 perfekt geeignet f\u00fcr die kleinsten K\u00fcchenbereiche in Reisemobilen, Wohnwagen und Vans. Als Teil der Slimline-Serie punktet sie mit zwei temperaturbest\u00e4ndigen Glasabdeckungen, die w\u00e4hrend des Transports Schutz bieten und gleichzeitig als zus\u00e4tzliche Arbeitsfl\u00e4che dienen. Ihr modernes Design f\u00fcgt sich [&hellip;]<\/p>\n","protected":false},"featured_media":233396,"template":"","meta":{"_acf_changed":false},"product_featured_cat":[],"product_brand":[],"product_cat":[4314],"product_tag":[],"class_list":{"0":"post-233398","1":"product","2":"type-product","3":"status-publish","4":"has-post-thumbnail","6":"product_cat-koch-spuelen-kombinationen","8":"first","9":"instock","10":"taxable","11":"shipping-taxable","12":"purchasable","13":"product-type-simple"},"acf":[],"yoast_head":"<!-- This site is optimized with the Yoast SEO plugin v27.4 - https:\/\/yoast.com\/product\/yoast-seo-wordpress\/ -->\n<title>Einbau Koch-\/ Sp\u00fclkombination MO9722L AM 2-flammig Sp\u00fcle links 76 x 32,5 cm - Bantam Camping AG<\/title>\n<meta name=\"robots\" content=\"index, follow, max-snippet:-1, max-image-preview:large, max-video-preview:-1\" \/>\n<link rel=\"canonical\" href=\"https:\/\/shop.bantam.ch\/de\/produkt\/einbau-koch-spuelkombination-mo9722l-am-2-flammig-spuele-links-76-x-325-cm\/\" \/>\n<meta property=\"og:locale\" content=\"de_DE\" \/>\n<meta property=\"og:type\" content=\"article\" \/>\n<meta property=\"og:title\" content=\"Einbau Koch-\/ Sp\u00fclkombination MO9722L AM 2-flammig Sp\u00fcle links 76 x 32,5 cm - Bantam Camping AG\" \/>\n<meta property=\"og:description\" content=\"Die Dometic MO9722R ist eine kompakte L\u00f6sung, die ein 2-flammiges Gaskochfeld mit einer integrierten Sp\u00fcle kombiniert \u2013 perfekt geeignet f\u00fcr die kleinsten K\u00fcchenbereiche in Reisemobilen, Wohnwagen und Vans. Als Teil der Slimline-Serie punktet sie mit zwei temperaturbest\u00e4ndigen Glasabdeckungen, die w\u00e4hrend des Transports Schutz bieten und gleichzeitig als zus\u00e4tzliche Arbeitsfl\u00e4che dienen. Ihr modernes Design f\u00fcgt sich [&hellip;]\" \/>\n<meta property=\"og:url\" content=\"https:\/\/shop.bantam.ch\/de\/produkt\/einbau-koch-spuelkombination-mo9722l-am-2-flammig-spuele-links-76-x-325-cm\/\" \/>\n<meta property=\"og:site_name\" content=\"Bantam Camping AG\" \/>\n<meta property=\"article:modified_time\" content=\"2026-04-22T21:55:11+00:00\" \/>\n<meta name=\"twitter:card\" content=\"summary_large_image\" \/>\n<meta name=\"twitter:label1\" content=\"Gesch\u00e4tzte Lesezeit\" \/>\n\t<meta name=\"twitter:data1\" content=\"1\u00a0Minute\" \/>\n<script type=\"application\/ld+json\" class=\"yoast-schema-graph\">{\"@context\":\"https:\\\/\\\/schema.org\",\"@graph\":[{\"@type\":\"WebPage\",\"@id\":\"https:\\\/\\\/shop.bantam.ch\\\/de\\\/produkt\\\/einbau-koch-spuelkombination-mo9722l-am-2-flammig-spuele-links-76-x-325-cm\\\/\",\"url\":\"https:\\\/\\\/shop.bantam.ch\\\/de\\\/produkt\\\/einbau-koch-spuelkombination-mo9722l-am-2-flammig-spuele-links-76-x-325-cm\\\/\",\"name\":\"Einbau Koch-\\\/ Sp\u00fclkombination MO9722L AM 2-flammig Sp\u00fcle links 76 x 32,5 cm - Bantam Camping AG\",\"isPartOf\":{\"@id\":\"https:\\\/\\\/shop.bantam.ch\\\/de\\\/#website\"},\"primaryImageOfPage\":{\"@id\":\"https:\\\/\\\/shop.bantam.ch\\\/de\\\/produkt\\\/einbau-koch-spuelkombination-mo9722l-am-2-flammig-spuele-links-76-x-325-cm\\\/#primaryimage\"},\"image\":{\"@id\":\"https:\\\/\\\/shop.bantam.ch\\\/de\\\/produkt\\\/einbau-koch-spuelkombination-mo9722l-am-2-flammig-spuele-links-76-x-325-cm\\\/#primaryimage\"},\"thumbnailUrl\":\"https:\\\/\\\/shop.bantam.ch\\\/wp-content\\\/uploads\\\/2026\\\/02\\\/Movera-L-9976213100.jpg\",\"datePublished\":\"2026-02-04T10:08:50+00:00\",\"dateModified\":\"2026-04-22T21:55:11+00:00\",\"breadcrumb\":{\"@id\":\"https:\\\/\\\/shop.bantam.ch\\\/de\\\/produkt\\\/einbau-koch-spuelkombination-mo9722l-am-2-flammig-spuele-links-76-x-325-cm\\\/#breadcrumb\"},\"inLanguage\":\"de\",\"potentialAction\":[{\"@type\":\"ReadAction\",\"target\":[\"https:\\\/\\\/shop.bantam.ch\\\/de\\\/produkt\\\/einbau-koch-spuelkombination-mo9722l-am-2-flammig-spuele-links-76-x-325-cm\\\/\"]}]},{\"@type\":\"ImageObject\",\"inLanguage\":\"de\",\"@id\":\"https:\\\/\\\/shop.bantam.ch\\\/de\\\/produkt\\\/einbau-koch-spuelkombination-mo9722l-am-2-flammig-spuele-links-76-x-325-cm\\\/#primaryimage\",\"url\":\"https:\\\/\\\/shop.bantam.ch\\\/wp-content\\\/uploads\\\/2026\\\/02\\\/Movera-L-9976213100.jpg\",\"contentUrl\":\"https:\\\/\\\/shop.bantam.ch\\\/wp-content\\\/uploads\\\/2026\\\/02\\\/Movera-L-9976213100.jpg\",\"width\":640,\"height\":640},{\"@type\":\"BreadcrumbList\",\"@id\":\"https:\\\/\\\/shop.bantam.ch\\\/de\\\/produkt\\\/einbau-koch-spuelkombination-mo9722l-am-2-flammig-spuele-links-76-x-325-cm\\\/#breadcrumb\",\"itemListElement\":[{\"@type\":\"ListItem\",\"position\":1,\"name\":\"Accueil\",\"item\":\"https:\\\/\\\/shop.bantam.ch\\\/de\\\/\"},{\"@type\":\"ListItem\",\"position\":2,\"name\":\"Shop\",\"item\":\"https:\\\/\\\/shop.bantam.ch\\\/de\\\/shop\\\/\"},{\"@type\":\"ListItem\",\"position\":3,\"name\":\"Einbau Koch-\\\/ Sp\u00fclkombination MO9722L AM 2-flammig Sp\u00fcle links 76 x 32,5 cm\"}]},{\"@type\":\"WebSite\",\"@id\":\"https:\\\/\\\/shop.bantam.ch\\\/de\\\/#website\",\"url\":\"https:\\\/\\\/shop.bantam.ch\\\/de\\\/\",\"name\":\"Bantam Camping AG\",\"description\":\"\",\"publisher\":{\"@id\":\"https:\\\/\\\/shop.bantam.ch\\\/de\\\/#organization\"},\"inLanguage\":\"de\"},{\"@type\":\"Organization\",\"@id\":\"https:\\\/\\\/shop.bantam.ch\\\/de\\\/#organization\",\"name\":\"Bantam Camping AG\",\"url\":\"https:\\\/\\\/shop.bantam.ch\\\/de\\\/\",\"logo\":{\"@type\":\"ImageObject\",\"inLanguage\":\"de\",\"@id\":\"https:\\\/\\\/shop.bantam.ch\\\/de\\\/#\\\/schema\\\/logo\\\/image\\\/\",\"url\":\"https:\\\/\\\/shop.bantam.ch\\\/wp-content\\\/uploads\\\/2022\\\/12\\\/bantam-logo.png\",\"contentUrl\":\"https:\\\/\\\/shop.bantam.ch\\\/wp-content\\\/uploads\\\/2022\\\/12\\\/bantam-logo.png\",\"width\":320,\"height\":71,\"caption\":\"Bantam Camping AG\"},\"image\":{\"@id\":\"https:\\\/\\\/shop.bantam.ch\\\/de\\\/#\\\/schema\\\/logo\\\/image\\\/\"}}]}<\/script>\n<!-- \/ Yoast SEO plugin. -->","yoast_head_json":{"title":"Einbau Koch-\/ Sp\u00fclkombination MO9722L AM 2-flammig Sp\u00fcle links 76 x 32,5 cm - Bantam Camping AG","robots":{"index":"index","follow":"follow","max-snippet":"max-snippet:-1","max-image-preview":"max-image-preview:large","max-video-preview":"max-video-preview:-1"},"canonical":"https:\/\/shop.bantam.ch\/de\/produkt\/einbau-koch-spuelkombination-mo9722l-am-2-flammig-spuele-links-76-x-325-cm\/","og_locale":"de_DE","og_type":"article","og_title":"Einbau Koch-\/ Sp\u00fclkombination MO9722L AM 2-flammig Sp\u00fcle links 76 x 32,5 cm - Bantam Camping AG","og_description":"Die Dometic MO9722R ist eine kompakte L\u00f6sung, die ein 2-flammiges Gaskochfeld mit einer integrierten Sp\u00fcle kombiniert \u2013 perfekt geeignet f\u00fcr die kleinsten K\u00fcchenbereiche in Reisemobilen, Wohnwagen und Vans. Als Teil der Slimline-Serie punktet sie mit zwei temperaturbest\u00e4ndigen Glasabdeckungen, die w\u00e4hrend des Transports Schutz bieten und gleichzeitig als zus\u00e4tzliche Arbeitsfl\u00e4che dienen. Ihr modernes Design f\u00fcgt sich [&hellip;]","og_url":"https:\/\/shop.bantam.ch\/de\/produkt\/einbau-koch-spuelkombination-mo9722l-am-2-flammig-spuele-links-76-x-325-cm\/","og_site_name":"Bantam Camping AG","article_modified_time":"2026-04-22T21:55:11+00:00","twitter_card":"summary_large_image","twitter_misc":{"Gesch\u00e4tzte Lesezeit":"1\u00a0Minute"},"schema":{"@context":"https:\/\/schema.org","@graph":[{"@type":"WebPage","@id":"https:\/\/shop.bantam.ch\/de\/produkt\/einbau-koch-spuelkombination-mo9722l-am-2-flammig-spuele-links-76-x-325-cm\/","url":"https:\/\/shop.bantam.ch\/de\/produkt\/einbau-koch-spuelkombination-mo9722l-am-2-flammig-spuele-links-76-x-325-cm\/","name":"Einbau Koch-\/ Sp\u00fclkombination MO9722L AM 2-flammig Sp\u00fcle links 76 x 32,5 cm - Bantam Camping AG","isPartOf":{"@id":"https:\/\/shop.bantam.ch\/de\/#website"},"primaryImageOfPage":{"@id":"https:\/\/shop.bantam.ch\/de\/produkt\/einbau-koch-spuelkombination-mo9722l-am-2-flammig-spuele-links-76-x-325-cm\/#primaryimage"},"image":{"@id":"https:\/\/shop.bantam.ch\/de\/produkt\/einbau-koch-spuelkombination-mo9722l-am-2-flammig-spuele-links-76-x-325-cm\/#primaryimage"},"thumbnailUrl":"https:\/\/shop.bantam.ch\/wp-content\/uploads\/2026\/02\/Movera-L-9976213100.jpg","datePublished":"2026-02-04T10:08:50+00:00","dateModified":"2026-04-22T21:55:11+00:00","breadcrumb":{"@id":"https:\/\/shop.bantam.ch\/de\/produkt\/einbau-koch-spuelkombination-mo9722l-am-2-flammig-spuele-links-76-x-325-cm\/#breadcrumb"},"inLanguage":"de","potentialAction":[{"@type":"ReadAction","target":["https:\/\/shop.bantam.ch\/de\/produkt\/einbau-koch-spuelkombination-mo9722l-am-2-flammig-spuele-links-76-x-325-cm\/"]}]},{"@type":"ImageObject","inLanguage":"de","@id":"https:\/\/shop.bantam.ch\/de\/produkt\/einbau-koch-spuelkombination-mo9722l-am-2-flammig-spuele-links-76-x-325-cm\/#primaryimage","url":"https:\/\/shop.bantam.ch\/wp-content\/uploads\/2026\/02\/Movera-L-9976213100.jpg","contentUrl":"https:\/\/shop.bantam.ch\/wp-content\/uploads\/2026\/02\/Movera-L-9976213100.jpg","width":640,"height":640},{"@type":"BreadcrumbList","@id":"https:\/\/shop.bantam.ch\/de\/produkt\/einbau-koch-spuelkombination-mo9722l-am-2-flammig-spuele-links-76-x-325-cm\/#breadcrumb","itemListElement":[{"@type":"ListItem","position":1,"name":"Accueil","item":"https:\/\/shop.bantam.ch\/de\/"},{"@type":"ListItem","position":2,"name":"Shop","item":"https:\/\/shop.bantam.ch\/de\/shop\/"},{"@type":"ListItem","position":3,"name":"Einbau Koch-\/ Sp\u00fclkombination MO9722L AM 2-flammig Sp\u00fcle links 76 x 32,5 cm"}]},{"@type":"WebSite","@id":"https:\/\/shop.bantam.ch\/de\/#website","url":"https:\/\/shop.bantam.ch\/de\/","name":"Bantam Camping AG","description":"","publisher":{"@id":"https:\/\/shop.bantam.ch\/de\/#organization"},"inLanguage":"de"},{"@type":"Organization","@id":"https:\/\/shop.bantam.ch\/de\/#organization","name":"Bantam Camping AG","url":"https:\/\/shop.bantam.ch\/de\/","logo":{"@type":"ImageObject","inLanguage":"de","@id":"https:\/\/shop.bantam.ch\/de\/#\/schema\/logo\/image\/","url":"https:\/\/shop.bantam.ch\/wp-content\/uploads\/2022\/12\/bantam-logo.png","contentUrl":"https:\/\/shop.bantam.ch\/wp-content\/uploads\/2022\/12\/bantam-logo.png","width":320,"height":71,"caption":"Bantam Camping AG"},"image":{"@id":"https:\/\/shop.bantam.ch\/de\/#\/schema\/logo\/image\/"}}]}},"_links":{"self":[{"href":"https:\/\/shop.bantam.ch\/de\/wp-json\/wp\/v2\/product\/233398","targetHints":{"allow":["GET"]}}],"collection":[{"href":"https:\/\/shop.bantam.ch\/de\/wp-json\/wp\/v2\/product"}],"about":[{"href":"https:\/\/shop.bantam.ch\/de\/wp-json\/wp\/v2\/types\/product"}],"wp:featuredmedia":[{"embeddable":true,"href":"https:\/\/shop.bantam.ch\/de\/wp-json\/wp\/v2\/media\/233396"}],"wp:attachment":[{"href":"https:\/\/shop.bantam.ch\/de\/wp-json\/wp\/v2\/media?parent=233398"}],"wp:term":[{"taxonomy":"product_featured_cat","embeddable":true,"href":"https:\/\/shop.bantam.ch\/de\/wp-json\/wp\/v2\/product_featured_cat?post=233398"},{"taxonomy":"product_brand","embeddable":true,"href":"https:\/\/shop.bantam.ch\/de\/wp-json\/wp\/v2\/product_brand?post=233398"},{"taxonomy":"product_cat","embeddable":true,"href":"https:\/\/shop.bantam.ch\/de\/wp-json\/wp\/v2\/product_cat?post=233398"},{"taxonomy":"product_tag","embeddable":true,"href":"https:\/\/shop.bantam.ch\/de\/wp-json\/wp\/v2\/product_tag?post=233398"}],"curies":[{"name":"wp","href":"https:\/\/api.w.org\/{rel}","templated":true}]}}