{"id":233386,"date":"2026-02-04T11:08:30","date_gmt":"2026-02-04T10:08:30","guid":{"rendered":"https:\/\/shop.bantam.ch\/produit\/ahd-kamera-zenec-ze-rce3703-ahd-fuer-fiat-ducato-iii\/"},"modified":"2026-04-18T23:59:10","modified_gmt":"2026-04-18T21:59:10","slug":"ahd-kamera-zenec-ze-rce3703-ahd-fuer-fiat-ducato-iii","status":"publish","type":"product","link":"https:\/\/shop.bantam.ch\/de\/produkt\/ahd-kamera-zenec-ze-rce3703-ahd-fuer-fiat-ducato-iii\/","title":{"rendered":"AHD Kamera ZENEC ZE-RCE3703- AHD f\u00fcr FIAT Ducato III"},"content":{"rendered":"<p><!--StartFragment -->HAUPTMERKMALE:<\/p>\n<ul>\n<li>AHD R\u00fcckfahrkamera f\u00fcr FIAT Ducato III Fahrzeuge und baugleiche Fahrzeugtypen<\/li>\n<li>Videoscaler mit w\u00e4hlbarem AHD oder CVBS Video Ausgangssignal<\/li>\n<li>Systemdesign mit Integration der Originalbremsleuchte (ABE\/Fahrzeugzulassung bleibt bestehen)<\/li>\n<li>Hochwertiger CMOS-Bildsensor mit AHD 720p Ausgangssignal und tiefem Stromverbrauch<\/li>\n<li>Mechanisch einstellbarer Kamerawinkel, f\u00fcr individuelle vertikale Anpassung des Sichtfelds<\/li>\n<li>Kunststoffspritzgussgeh\u00e4use mit Befestigungsbolzen aus Edelstahl<\/li>\n<li>15 m langes, trennbares Systemkabel mit Mini 4-PIN Steckern<\/li>\n<li>Schutzklasse: IP69K zertifiziert<\/li>\n<\/ul>\n<p>TECHNISCHE DATEN:<\/p>\n<ul>\n<li>Bildsensor: 1\/4&#8243;&#8220; \/ 6,09 mm SONY IMX225LQR CMOS Sensor<\/li>\n<li>TV System: NTSC<\/li>\n<li>Betrachtungswinkel: 160\u00b0(D) x 130\u00b0(H) x 100\u00b0(V)<\/li>\n<li>Native Sensor Aufl\u00f6sung: 1280 (H) x 960 (V) Pixel<\/li>\n<li>Video-Signal Aufl\u00f6sung: 1280 (H) x 720 (V) Pixel<\/li>\n<li>Bildwiederholrate: 30 Felder\/Sek.<\/li>\n<li>Brennweite Linse: f 1,2<\/li>\n<li>Lichtempfindlichkeit: 0,5 Lux \/ 50IRE<\/li>\n<li>Bild-Rauschabstand: &gt; 48 dB<\/li>\n<li>Video Ausgang: 1,0 Vp-p (\u00f10,2 V) 75 Ohm, CVBS<\/li>\n<li>Weissabgleich, Belichtungskompensation, Verst\u00e4rkungsregelung (AGC), Synchronisation: automatisch<\/li>\n<li>Gamma Korrektur: 0,45<\/li>\n<li>Spannungsversorgung: 5,0 &#8211; 24 V DC<\/li>\n<li>Stromverbrauch: 70 mA @12VDC, &#8211; Schutzklasse: IP69K<\/li>\n<li>Betriebstemperatur: -30\u00b0 C ~ +75\u00b0 C<\/li>\n<li>Abmessungen (L x B x H): 278 x 35 x 62 mm<\/li>\n<\/ul>\n<p>Lieferumfang: inklusive Kamera, 3-teiliges 15 m Systemkabel, Kabelendst\u00fcck f\u00fcr HU- seitige Anschl\u00fcsse und 2 Befestigungsbolzen aus Edelstahl<\/p>\n<p><!--EndFragment --><\/p>\n","protected":false},"excerpt":{"rendered":"<p>HAUPTMERKMALE: AHD R\u00fcckfahrkamera f\u00fcr FIAT Ducato III Fahrzeuge und baugleiche Fahrzeugtypen Videoscaler mit w\u00e4hlbarem AHD oder CVBS Video Ausgangssignal Systemdesign mit Integration der Originalbremsleuchte (ABE\/Fahrzeugzulassung bleibt bestehen) Hochwertiger CMOS-Bildsensor mit AHD 720p Ausgangssignal und tiefem Stromverbrauch Mechanisch einstellbarer Kamerawinkel, f\u00fcr individuelle vertikale Anpassung des Sichtfelds Kunststoffspritzgussgeh\u00e4use mit Befestigungsbolzen aus Edelstahl 15 m langes, trennbares Systemkabel [&hellip;]<\/p>\n","protected":false},"featured_media":233384,"template":"","meta":{"_acf_changed":false},"product_featured_cat":[],"product_brand":[],"product_cat":[5002],"product_tag":[],"class_list":{"0":"post-233386","1":"product","2":"type-product","3":"status-publish","4":"has-post-thumbnail","6":"product_cat-kameras","8":"first","9":"instock","10":"taxable","11":"shipping-taxable","12":"purchasable","13":"product-type-simple"},"acf":[],"yoast_head":"<!-- This site is optimized with the Yoast SEO plugin v27.4 - https:\/\/yoast.com\/product\/yoast-seo-wordpress\/ -->\n<title>AHD Kamera ZENEC ZE-RCE3703- AHD f\u00fcr FIAT Ducato III - Bantam Camping AG<\/title>\n<meta name=\"robots\" content=\"index, follow, max-snippet:-1, max-image-preview:large, max-video-preview:-1\" \/>\n<link rel=\"canonical\" href=\"https:\/\/shop.bantam.ch\/de\/produkt\/ahd-kamera-zenec-ze-rce3703-ahd-fuer-fiat-ducato-iii\/\" \/>\n<meta property=\"og:locale\" content=\"de_DE\" \/>\n<meta property=\"og:type\" content=\"article\" \/>\n<meta property=\"og:title\" content=\"AHD Kamera ZENEC ZE-RCE3703- AHD f\u00fcr FIAT Ducato III - Bantam Camping AG\" \/>\n<meta property=\"og:description\" content=\"HAUPTMERKMALE: AHD R\u00fcckfahrkamera f\u00fcr FIAT Ducato III Fahrzeuge und baugleiche Fahrzeugtypen Videoscaler mit w\u00e4hlbarem AHD oder CVBS Video Ausgangssignal Systemdesign mit Integration der Originalbremsleuchte (ABE\/Fahrzeugzulassung bleibt bestehen) Hochwertiger CMOS-Bildsensor mit AHD 720p Ausgangssignal und tiefem Stromverbrauch Mechanisch einstellbarer Kamerawinkel, f\u00fcr individuelle vertikale Anpassung des Sichtfelds Kunststoffspritzgussgeh\u00e4use mit Befestigungsbolzen aus Edelstahl 15 m langes, trennbares Systemkabel [&hellip;]\" \/>\n<meta property=\"og:url\" content=\"https:\/\/shop.bantam.ch\/de\/produkt\/ahd-kamera-zenec-ze-rce3703-ahd-fuer-fiat-ducato-iii\/\" \/>\n<meta property=\"og:site_name\" content=\"Bantam Camping AG\" \/>\n<meta property=\"article:modified_time\" content=\"2026-04-18T21:59:10+00:00\" \/>\n<meta name=\"twitter:card\" content=\"summary_large_image\" \/>\n<meta name=\"twitter:label1\" content=\"Gesch\u00e4tzte Lesezeit\" \/>\n\t<meta name=\"twitter:data1\" content=\"1\u00a0Minute\" \/>\n<script type=\"application\/ld+json\" class=\"yoast-schema-graph\">{\"@context\":\"https:\\\/\\\/schema.org\",\"@graph\":[{\"@type\":\"WebPage\",\"@id\":\"https:\\\/\\\/shop.bantam.ch\\\/de\\\/produkt\\\/ahd-kamera-zenec-ze-rce3703-ahd-fuer-fiat-ducato-iii\\\/\",\"url\":\"https:\\\/\\\/shop.bantam.ch\\\/de\\\/produkt\\\/ahd-kamera-zenec-ze-rce3703-ahd-fuer-fiat-ducato-iii\\\/\",\"name\":\"AHD Kamera ZENEC ZE-RCE3703- AHD f\u00fcr FIAT Ducato III - Bantam Camping AG\",\"isPartOf\":{\"@id\":\"https:\\\/\\\/shop.bantam.ch\\\/de\\\/#website\"},\"primaryImageOfPage\":{\"@id\":\"https:\\\/\\\/shop.bantam.ch\\\/de\\\/produkt\\\/ahd-kamera-zenec-ze-rce3703-ahd-fuer-fiat-ducato-iii\\\/#primaryimage\"},\"image\":{\"@id\":\"https:\\\/\\\/shop.bantam.ch\\\/de\\\/produkt\\\/ahd-kamera-zenec-ze-rce3703-ahd-fuer-fiat-ducato-iii\\\/#primaryimage\"},\"thumbnailUrl\":\"https:\\\/\\\/shop.bantam.ch\\\/wp-content\\\/uploads\\\/2026\\\/02\\\/Movera-L-9976101100.png\",\"datePublished\":\"2026-02-04T10:08:30+00:00\",\"dateModified\":\"2026-04-18T21:59:10+00:00\",\"breadcrumb\":{\"@id\":\"https:\\\/\\\/shop.bantam.ch\\\/de\\\/produkt\\\/ahd-kamera-zenec-ze-rce3703-ahd-fuer-fiat-ducato-iii\\\/#breadcrumb\"},\"inLanguage\":\"de\",\"potentialAction\":[{\"@type\":\"ReadAction\",\"target\":[\"https:\\\/\\\/shop.bantam.ch\\\/de\\\/produkt\\\/ahd-kamera-zenec-ze-rce3703-ahd-fuer-fiat-ducato-iii\\\/\"]}]},{\"@type\":\"ImageObject\",\"inLanguage\":\"de\",\"@id\":\"https:\\\/\\\/shop.bantam.ch\\\/de\\\/produkt\\\/ahd-kamera-zenec-ze-rce3703-ahd-fuer-fiat-ducato-iii\\\/#primaryimage\",\"url\":\"https:\\\/\\\/shop.bantam.ch\\\/wp-content\\\/uploads\\\/2026\\\/02\\\/Movera-L-9976101100.png\",\"contentUrl\":\"https:\\\/\\\/shop.bantam.ch\\\/wp-content\\\/uploads\\\/2026\\\/02\\\/Movera-L-9976101100.png\",\"width\":640,\"height\":219},{\"@type\":\"BreadcrumbList\",\"@id\":\"https:\\\/\\\/shop.bantam.ch\\\/de\\\/produkt\\\/ahd-kamera-zenec-ze-rce3703-ahd-fuer-fiat-ducato-iii\\\/#breadcrumb\",\"itemListElement\":[{\"@type\":\"ListItem\",\"position\":1,\"name\":\"Accueil\",\"item\":\"https:\\\/\\\/shop.bantam.ch\\\/de\\\/\"},{\"@type\":\"ListItem\",\"position\":2,\"name\":\"Shop\",\"item\":\"https:\\\/\\\/shop.bantam.ch\\\/de\\\/shop\\\/\"},{\"@type\":\"ListItem\",\"position\":3,\"name\":\"AHD Kamera ZENEC ZE-RCE3703- AHD f\u00fcr FIAT Ducato III\"}]},{\"@type\":\"WebSite\",\"@id\":\"https:\\\/\\\/shop.bantam.ch\\\/de\\\/#website\",\"url\":\"https:\\\/\\\/shop.bantam.ch\\\/de\\\/\",\"name\":\"Bantam Camping AG\",\"description\":\"\",\"publisher\":{\"@id\":\"https:\\\/\\\/shop.bantam.ch\\\/de\\\/#organization\"},\"inLanguage\":\"de\"},{\"@type\":\"Organization\",\"@id\":\"https:\\\/\\\/shop.bantam.ch\\\/de\\\/#organization\",\"name\":\"Bantam Camping AG\",\"url\":\"https:\\\/\\\/shop.bantam.ch\\\/de\\\/\",\"logo\":{\"@type\":\"ImageObject\",\"inLanguage\":\"de\",\"@id\":\"https:\\\/\\\/shop.bantam.ch\\\/de\\\/#\\\/schema\\\/logo\\\/image\\\/\",\"url\":\"https:\\\/\\\/shop.bantam.ch\\\/wp-content\\\/uploads\\\/2022\\\/12\\\/bantam-logo.png\",\"contentUrl\":\"https:\\\/\\\/shop.bantam.ch\\\/wp-content\\\/uploads\\\/2022\\\/12\\\/bantam-logo.png\",\"width\":320,\"height\":71,\"caption\":\"Bantam Camping AG\"},\"image\":{\"@id\":\"https:\\\/\\\/shop.bantam.ch\\\/de\\\/#\\\/schema\\\/logo\\\/image\\\/\"}}]}<\/script>\n<!-- \/ Yoast SEO plugin. -->","yoast_head_json":{"title":"AHD Kamera ZENEC ZE-RCE3703- AHD f\u00fcr FIAT Ducato III - Bantam Camping AG","robots":{"index":"index","follow":"follow","max-snippet":"max-snippet:-1","max-image-preview":"max-image-preview:large","max-video-preview":"max-video-preview:-1"},"canonical":"https:\/\/shop.bantam.ch\/de\/produkt\/ahd-kamera-zenec-ze-rce3703-ahd-fuer-fiat-ducato-iii\/","og_locale":"de_DE","og_type":"article","og_title":"AHD Kamera ZENEC ZE-RCE3703- AHD f\u00fcr FIAT Ducato III - Bantam Camping AG","og_description":"HAUPTMERKMALE: AHD R\u00fcckfahrkamera f\u00fcr FIAT Ducato III Fahrzeuge und baugleiche Fahrzeugtypen Videoscaler mit w\u00e4hlbarem AHD oder CVBS Video Ausgangssignal Systemdesign mit Integration der Originalbremsleuchte (ABE\/Fahrzeugzulassung bleibt bestehen) Hochwertiger CMOS-Bildsensor mit AHD 720p Ausgangssignal und tiefem Stromverbrauch Mechanisch einstellbarer Kamerawinkel, f\u00fcr individuelle vertikale Anpassung des Sichtfelds Kunststoffspritzgussgeh\u00e4use mit Befestigungsbolzen aus Edelstahl 15 m langes, trennbares Systemkabel [&hellip;]","og_url":"https:\/\/shop.bantam.ch\/de\/produkt\/ahd-kamera-zenec-ze-rce3703-ahd-fuer-fiat-ducato-iii\/","og_site_name":"Bantam Camping AG","article_modified_time":"2026-04-18T21:59:10+00:00","twitter_card":"summary_large_image","twitter_misc":{"Gesch\u00e4tzte Lesezeit":"1\u00a0Minute"},"schema":{"@context":"https:\/\/schema.org","@graph":[{"@type":"WebPage","@id":"https:\/\/shop.bantam.ch\/de\/produkt\/ahd-kamera-zenec-ze-rce3703-ahd-fuer-fiat-ducato-iii\/","url":"https:\/\/shop.bantam.ch\/de\/produkt\/ahd-kamera-zenec-ze-rce3703-ahd-fuer-fiat-ducato-iii\/","name":"AHD Kamera ZENEC ZE-RCE3703- AHD f\u00fcr FIAT Ducato III - Bantam Camping AG","isPartOf":{"@id":"https:\/\/shop.bantam.ch\/de\/#website"},"primaryImageOfPage":{"@id":"https:\/\/shop.bantam.ch\/de\/produkt\/ahd-kamera-zenec-ze-rce3703-ahd-fuer-fiat-ducato-iii\/#primaryimage"},"image":{"@id":"https:\/\/shop.bantam.ch\/de\/produkt\/ahd-kamera-zenec-ze-rce3703-ahd-fuer-fiat-ducato-iii\/#primaryimage"},"thumbnailUrl":"https:\/\/shop.bantam.ch\/wp-content\/uploads\/2026\/02\/Movera-L-9976101100.png","datePublished":"2026-02-04T10:08:30+00:00","dateModified":"2026-04-18T21:59:10+00:00","breadcrumb":{"@id":"https:\/\/shop.bantam.ch\/de\/produkt\/ahd-kamera-zenec-ze-rce3703-ahd-fuer-fiat-ducato-iii\/#breadcrumb"},"inLanguage":"de","potentialAction":[{"@type":"ReadAction","target":["https:\/\/shop.bantam.ch\/de\/produkt\/ahd-kamera-zenec-ze-rce3703-ahd-fuer-fiat-ducato-iii\/"]}]},{"@type":"ImageObject","inLanguage":"de","@id":"https:\/\/shop.bantam.ch\/de\/produkt\/ahd-kamera-zenec-ze-rce3703-ahd-fuer-fiat-ducato-iii\/#primaryimage","url":"https:\/\/shop.bantam.ch\/wp-content\/uploads\/2026\/02\/Movera-L-9976101100.png","contentUrl":"https:\/\/shop.bantam.ch\/wp-content\/uploads\/2026\/02\/Movera-L-9976101100.png","width":640,"height":219},{"@type":"BreadcrumbList","@id":"https:\/\/shop.bantam.ch\/de\/produkt\/ahd-kamera-zenec-ze-rce3703-ahd-fuer-fiat-ducato-iii\/#breadcrumb","itemListElement":[{"@type":"ListItem","position":1,"name":"Accueil","item":"https:\/\/shop.bantam.ch\/de\/"},{"@type":"ListItem","position":2,"name":"Shop","item":"https:\/\/shop.bantam.ch\/de\/shop\/"},{"@type":"ListItem","position":3,"name":"AHD Kamera ZENEC ZE-RCE3703- AHD f\u00fcr FIAT Ducato III"}]},{"@type":"WebSite","@id":"https:\/\/shop.bantam.ch\/de\/#website","url":"https:\/\/shop.bantam.ch\/de\/","name":"Bantam Camping AG","description":"","publisher":{"@id":"https:\/\/shop.bantam.ch\/de\/#organization"},"inLanguage":"de"},{"@type":"Organization","@id":"https:\/\/shop.bantam.ch\/de\/#organization","name":"Bantam Camping AG","url":"https:\/\/shop.bantam.ch\/de\/","logo":{"@type":"ImageObject","inLanguage":"de","@id":"https:\/\/shop.bantam.ch\/de\/#\/schema\/logo\/image\/","url":"https:\/\/shop.bantam.ch\/wp-content\/uploads\/2022\/12\/bantam-logo.png","contentUrl":"https:\/\/shop.bantam.ch\/wp-content\/uploads\/2022\/12\/bantam-logo.png","width":320,"height":71,"caption":"Bantam Camping AG"},"image":{"@id":"https:\/\/shop.bantam.ch\/de\/#\/schema\/logo\/image\/"}}]}},"_links":{"self":[{"href":"https:\/\/shop.bantam.ch\/de\/wp-json\/wp\/v2\/product\/233386","targetHints":{"allow":["GET"]}}],"collection":[{"href":"https:\/\/shop.bantam.ch\/de\/wp-json\/wp\/v2\/product"}],"about":[{"href":"https:\/\/shop.bantam.ch\/de\/wp-json\/wp\/v2\/types\/product"}],"wp:featuredmedia":[{"embeddable":true,"href":"https:\/\/shop.bantam.ch\/de\/wp-json\/wp\/v2\/media\/233384"}],"wp:attachment":[{"href":"https:\/\/shop.bantam.ch\/de\/wp-json\/wp\/v2\/media?parent=233386"}],"wp:term":[{"taxonomy":"product_featured_cat","embeddable":true,"href":"https:\/\/shop.bantam.ch\/de\/wp-json\/wp\/v2\/product_featured_cat?post=233386"},{"taxonomy":"product_brand","embeddable":true,"href":"https:\/\/shop.bantam.ch\/de\/wp-json\/wp\/v2\/product_brand?post=233386"},{"taxonomy":"product_cat","embeddable":true,"href":"https:\/\/shop.bantam.ch\/de\/wp-json\/wp\/v2\/product_cat?post=233386"},{"taxonomy":"product_tag","embeddable":true,"href":"https:\/\/shop.bantam.ch\/de\/wp-json\/wp\/v2\/product_tag?post=233386"}],"curies":[{"name":"wp","href":"https:\/\/api.w.org\/{rel}","templated":true}]}}