{"id":233382,"date":"2026-02-04T11:08:24","date_gmt":"2026-02-04T10:08:24","guid":{"rendered":"https:\/\/shop.bantam.ch\/produit\/ahd-kamera-ze-rvc80ahd-universell\/"},"modified":"2026-04-17T23:55:27","modified_gmt":"2026-04-17T21:55:27","slug":"ahd-kamera-ze-rvc80ahd-universell","status":"publish","type":"product","link":"https:\/\/shop.bantam.ch\/de\/produkt\/ahd-kamera-ze-rvc80ahd-universell\/","title":{"rendered":"AHD Kamera ZE-RVC80AHD universell"},"content":{"rendered":"<p><!--StartFragment -->HAUPTMERKMALE:<\/p>\n<ul>\n<li>Kompakte universelle AHD R\u00fcckfahrkamera f\u00fcr Infotainer, Multimedia- und Navigationssysteme, die NTSC AHD Videosignale mit 720p Aufl\u00f6sung unterst\u00fctzen<\/li>\n<li>Hochwertiger CMOS-Bildsensor mit AHD 720p Ausgangssignal und tiefem Stromverbrauch<\/li>\n<li>Robustes Aluminium-Druckgussgeh\u00e4use mit mechanischer Einstellung des vertikalen Bildausschnitts<\/li>\n<li>Bildausschnitteinstellung durch drehbare Sensorwalze, 0\u00f8 bis 70\u00f8 nach oben \/ 0\u00f8 bis 70\u00f8 nach unten<\/li>\n<li>10 m langes, trennbares Systemkabel mit Mini 4-PIN Steckern<\/li>\n<li>Erforderliche Kabeldurchf\u00fchrungsbohrung: 6,1 mm, einfache Montage \u00fcber M6- Hohlgewindeschraube<\/li>\n<li>Schutzklasse: IP69K zertifiziert<\/li>\n<\/ul>\n<p>TECHNISCHE SPEZIFIKATIONEN:<\/p>\n<ul>\n<li>Bildsensor: 1\/4&#8243; \/ 6,09 mm SONY IMX225LQR CMOS Sensor<\/li>\n<li>TV System: NTSC<\/li>\n<li>Betrachtungswinkel: 170\u00b0(D) x 135\u00b0(H) x 90\u00b0(V)<\/li>\n<li>Native Sensor Aufl\u00f6sung: 1280 (H) x 960 (V) Pixel<\/li>\n<li>Video-Signal Aufl\u00f6sung: 1280 (H) x 720 (V) Pixel<\/li>\n<li>Bildwiederholrate: 30 Felder\/Sek.<\/li>\n<li>Brennweite Linse: f 1,2<\/li>\n<li>Lichtempfindlichkeit: 0,5 Lux \/ 50IRE<\/li>\n<li>Bild-Rauschabstand:&gt; 48 dB<\/li>\n<li>Video Ausgang: 1,0 Vp-p (\u00f10,2 V) 75 Ohm, CVBS<\/li>\n<li>Weissabgleich, Belichtungskompensation, Verst\u00e4rkungsregelung (AGC), Synchronisation: automatisch<\/li>\n<li>Gamma Korrektur: 0,45<\/li>\n<li>Spannungsversorgung: 5,0 &#8211; 24 V DC<\/li>\n<li>Stromverbrauch: 70 mA @12VDC, &#8211; Schutzklasse: IP69K<\/li>\n<li>Betriebstemperatur: -30\u00b0 C +75\u00b0 C<\/li>\n<li>Abmessungen (L x B x H): 44 x 23 x 29 mm<\/li>\n<\/ul>\n<p><!--EndFragment --><\/p>\n","protected":false},"excerpt":{"rendered":"<p>HAUPTMERKMALE: Kompakte universelle AHD R\u00fcckfahrkamera f\u00fcr Infotainer, Multimedia- und Navigationssysteme, die NTSC AHD Videosignale mit 720p Aufl\u00f6sung unterst\u00fctzen Hochwertiger CMOS-Bildsensor mit AHD 720p Ausgangssignal und tiefem Stromverbrauch Robustes Aluminium-Druckgussgeh\u00e4use mit mechanischer Einstellung des vertikalen Bildausschnitts Bildausschnitteinstellung durch drehbare Sensorwalze, 0\u00f8 bis 70\u00f8 nach oben \/ 0\u00f8 bis 70\u00f8 nach unten 10 m langes, trennbares Systemkabel [&hellip;]<\/p>\n","protected":false},"featured_media":233380,"template":"","meta":{"_acf_changed":false},"product_featured_cat":[],"product_brand":[],"product_cat":[5002],"product_tag":[],"class_list":{"0":"post-233382","1":"product","2":"type-product","3":"status-publish","4":"has-post-thumbnail","6":"product_cat-kameras","8":"first","9":"instock","10":"taxable","11":"shipping-taxable","12":"purchasable","13":"product-type-simple"},"acf":[],"yoast_head":"<!-- This site is optimized with the Yoast SEO plugin v27.4 - https:\/\/yoast.com\/product\/yoast-seo-wordpress\/ -->\n<title>AHD Kamera ZE-RVC80AHD universell - Bantam Camping AG<\/title>\n<meta name=\"robots\" content=\"index, follow, max-snippet:-1, max-image-preview:large, max-video-preview:-1\" \/>\n<link rel=\"canonical\" href=\"https:\/\/shop.bantam.ch\/de\/produkt\/ahd-kamera-ze-rvc80ahd-universell\/\" \/>\n<meta property=\"og:locale\" content=\"de_DE\" \/>\n<meta property=\"og:type\" content=\"article\" \/>\n<meta property=\"og:title\" content=\"AHD Kamera ZE-RVC80AHD universell - Bantam Camping AG\" \/>\n<meta property=\"og:description\" content=\"HAUPTMERKMALE: Kompakte universelle AHD R\u00fcckfahrkamera f\u00fcr Infotainer, Multimedia- und Navigationssysteme, die NTSC AHD Videosignale mit 720p Aufl\u00f6sung unterst\u00fctzen Hochwertiger CMOS-Bildsensor mit AHD 720p Ausgangssignal und tiefem Stromverbrauch Robustes Aluminium-Druckgussgeh\u00e4use mit mechanischer Einstellung des vertikalen Bildausschnitts Bildausschnitteinstellung durch drehbare Sensorwalze, 0\u00f8 bis 70\u00f8 nach oben \/ 0\u00f8 bis 70\u00f8 nach unten 10 m langes, trennbares Systemkabel [&hellip;]\" \/>\n<meta property=\"og:url\" content=\"https:\/\/shop.bantam.ch\/de\/produkt\/ahd-kamera-ze-rvc80ahd-universell\/\" \/>\n<meta property=\"og:site_name\" content=\"Bantam Camping AG\" \/>\n<meta property=\"article:modified_time\" content=\"2026-04-17T21:55:27+00:00\" \/>\n<meta name=\"twitter:card\" content=\"summary_large_image\" \/>\n<meta name=\"twitter:label1\" content=\"Gesch\u00e4tzte Lesezeit\" \/>\n\t<meta name=\"twitter:data1\" content=\"1\u00a0Minute\" \/>\n<script type=\"application\/ld+json\" class=\"yoast-schema-graph\">{\"@context\":\"https:\\\/\\\/schema.org\",\"@graph\":[{\"@type\":\"WebPage\",\"@id\":\"https:\\\/\\\/shop.bantam.ch\\\/de\\\/produkt\\\/ahd-kamera-ze-rvc80ahd-universell\\\/\",\"url\":\"https:\\\/\\\/shop.bantam.ch\\\/de\\\/produkt\\\/ahd-kamera-ze-rvc80ahd-universell\\\/\",\"name\":\"AHD Kamera ZE-RVC80AHD universell - Bantam Camping AG\",\"isPartOf\":{\"@id\":\"https:\\\/\\\/shop.bantam.ch\\\/de\\\/#website\"},\"primaryImageOfPage\":{\"@id\":\"https:\\\/\\\/shop.bantam.ch\\\/de\\\/produkt\\\/ahd-kamera-ze-rvc80ahd-universell\\\/#primaryimage\"},\"image\":{\"@id\":\"https:\\\/\\\/shop.bantam.ch\\\/de\\\/produkt\\\/ahd-kamera-ze-rvc80ahd-universell\\\/#primaryimage\"},\"thumbnailUrl\":\"https:\\\/\\\/shop.bantam.ch\\\/wp-content\\\/uploads\\\/2026\\\/02\\\/Movera-L-9976227100.png\",\"datePublished\":\"2026-02-04T10:08:24+00:00\",\"dateModified\":\"2026-04-17T21:55:27+00:00\",\"breadcrumb\":{\"@id\":\"https:\\\/\\\/shop.bantam.ch\\\/de\\\/produkt\\\/ahd-kamera-ze-rvc80ahd-universell\\\/#breadcrumb\"},\"inLanguage\":\"de\",\"potentialAction\":[{\"@type\":\"ReadAction\",\"target\":[\"https:\\\/\\\/shop.bantam.ch\\\/de\\\/produkt\\\/ahd-kamera-ze-rvc80ahd-universell\\\/\"]}]},{\"@type\":\"ImageObject\",\"inLanguage\":\"de\",\"@id\":\"https:\\\/\\\/shop.bantam.ch\\\/de\\\/produkt\\\/ahd-kamera-ze-rvc80ahd-universell\\\/#primaryimage\",\"url\":\"https:\\\/\\\/shop.bantam.ch\\\/wp-content\\\/uploads\\\/2026\\\/02\\\/Movera-L-9976227100.png\",\"contentUrl\":\"https:\\\/\\\/shop.bantam.ch\\\/wp-content\\\/uploads\\\/2026\\\/02\\\/Movera-L-9976227100.png\",\"width\":640,\"height\":505},{\"@type\":\"BreadcrumbList\",\"@id\":\"https:\\\/\\\/shop.bantam.ch\\\/de\\\/produkt\\\/ahd-kamera-ze-rvc80ahd-universell\\\/#breadcrumb\",\"itemListElement\":[{\"@type\":\"ListItem\",\"position\":1,\"name\":\"Accueil\",\"item\":\"https:\\\/\\\/shop.bantam.ch\\\/de\\\/\"},{\"@type\":\"ListItem\",\"position\":2,\"name\":\"Shop\",\"item\":\"https:\\\/\\\/shop.bantam.ch\\\/de\\\/shop\\\/\"},{\"@type\":\"ListItem\",\"position\":3,\"name\":\"AHD Kamera ZE-RVC80AHD universell\"}]},{\"@type\":\"WebSite\",\"@id\":\"https:\\\/\\\/shop.bantam.ch\\\/de\\\/#website\",\"url\":\"https:\\\/\\\/shop.bantam.ch\\\/de\\\/\",\"name\":\"Bantam Camping AG\",\"description\":\"\",\"publisher\":{\"@id\":\"https:\\\/\\\/shop.bantam.ch\\\/de\\\/#organization\"},\"inLanguage\":\"de\"},{\"@type\":\"Organization\",\"@id\":\"https:\\\/\\\/shop.bantam.ch\\\/de\\\/#organization\",\"name\":\"Bantam Camping AG\",\"url\":\"https:\\\/\\\/shop.bantam.ch\\\/de\\\/\",\"logo\":{\"@type\":\"ImageObject\",\"inLanguage\":\"de\",\"@id\":\"https:\\\/\\\/shop.bantam.ch\\\/de\\\/#\\\/schema\\\/logo\\\/image\\\/\",\"url\":\"https:\\\/\\\/shop.bantam.ch\\\/wp-content\\\/uploads\\\/2022\\\/12\\\/bantam-logo.png\",\"contentUrl\":\"https:\\\/\\\/shop.bantam.ch\\\/wp-content\\\/uploads\\\/2022\\\/12\\\/bantam-logo.png\",\"width\":320,\"height\":71,\"caption\":\"Bantam Camping AG\"},\"image\":{\"@id\":\"https:\\\/\\\/shop.bantam.ch\\\/de\\\/#\\\/schema\\\/logo\\\/image\\\/\"}}]}<\/script>\n<!-- \/ Yoast SEO plugin. -->","yoast_head_json":{"title":"AHD Kamera ZE-RVC80AHD universell - Bantam Camping AG","robots":{"index":"index","follow":"follow","max-snippet":"max-snippet:-1","max-image-preview":"max-image-preview:large","max-video-preview":"max-video-preview:-1"},"canonical":"https:\/\/shop.bantam.ch\/de\/produkt\/ahd-kamera-ze-rvc80ahd-universell\/","og_locale":"de_DE","og_type":"article","og_title":"AHD Kamera ZE-RVC80AHD universell - Bantam Camping AG","og_description":"HAUPTMERKMALE: Kompakte universelle AHD R\u00fcckfahrkamera f\u00fcr Infotainer, Multimedia- und Navigationssysteme, die NTSC AHD Videosignale mit 720p Aufl\u00f6sung unterst\u00fctzen Hochwertiger CMOS-Bildsensor mit AHD 720p Ausgangssignal und tiefem Stromverbrauch Robustes Aluminium-Druckgussgeh\u00e4use mit mechanischer Einstellung des vertikalen Bildausschnitts Bildausschnitteinstellung durch drehbare Sensorwalze, 0\u00f8 bis 70\u00f8 nach oben \/ 0\u00f8 bis 70\u00f8 nach unten 10 m langes, trennbares Systemkabel [&hellip;]","og_url":"https:\/\/shop.bantam.ch\/de\/produkt\/ahd-kamera-ze-rvc80ahd-universell\/","og_site_name":"Bantam Camping AG","article_modified_time":"2026-04-17T21:55:27+00:00","twitter_card":"summary_large_image","twitter_misc":{"Gesch\u00e4tzte Lesezeit":"1\u00a0Minute"},"schema":{"@context":"https:\/\/schema.org","@graph":[{"@type":"WebPage","@id":"https:\/\/shop.bantam.ch\/de\/produkt\/ahd-kamera-ze-rvc80ahd-universell\/","url":"https:\/\/shop.bantam.ch\/de\/produkt\/ahd-kamera-ze-rvc80ahd-universell\/","name":"AHD Kamera ZE-RVC80AHD universell - Bantam Camping AG","isPartOf":{"@id":"https:\/\/shop.bantam.ch\/de\/#website"},"primaryImageOfPage":{"@id":"https:\/\/shop.bantam.ch\/de\/produkt\/ahd-kamera-ze-rvc80ahd-universell\/#primaryimage"},"image":{"@id":"https:\/\/shop.bantam.ch\/de\/produkt\/ahd-kamera-ze-rvc80ahd-universell\/#primaryimage"},"thumbnailUrl":"https:\/\/shop.bantam.ch\/wp-content\/uploads\/2026\/02\/Movera-L-9976227100.png","datePublished":"2026-02-04T10:08:24+00:00","dateModified":"2026-04-17T21:55:27+00:00","breadcrumb":{"@id":"https:\/\/shop.bantam.ch\/de\/produkt\/ahd-kamera-ze-rvc80ahd-universell\/#breadcrumb"},"inLanguage":"de","potentialAction":[{"@type":"ReadAction","target":["https:\/\/shop.bantam.ch\/de\/produkt\/ahd-kamera-ze-rvc80ahd-universell\/"]}]},{"@type":"ImageObject","inLanguage":"de","@id":"https:\/\/shop.bantam.ch\/de\/produkt\/ahd-kamera-ze-rvc80ahd-universell\/#primaryimage","url":"https:\/\/shop.bantam.ch\/wp-content\/uploads\/2026\/02\/Movera-L-9976227100.png","contentUrl":"https:\/\/shop.bantam.ch\/wp-content\/uploads\/2026\/02\/Movera-L-9976227100.png","width":640,"height":505},{"@type":"BreadcrumbList","@id":"https:\/\/shop.bantam.ch\/de\/produkt\/ahd-kamera-ze-rvc80ahd-universell\/#breadcrumb","itemListElement":[{"@type":"ListItem","position":1,"name":"Accueil","item":"https:\/\/shop.bantam.ch\/de\/"},{"@type":"ListItem","position":2,"name":"Shop","item":"https:\/\/shop.bantam.ch\/de\/shop\/"},{"@type":"ListItem","position":3,"name":"AHD Kamera ZE-RVC80AHD universell"}]},{"@type":"WebSite","@id":"https:\/\/shop.bantam.ch\/de\/#website","url":"https:\/\/shop.bantam.ch\/de\/","name":"Bantam Camping AG","description":"","publisher":{"@id":"https:\/\/shop.bantam.ch\/de\/#organization"},"inLanguage":"de"},{"@type":"Organization","@id":"https:\/\/shop.bantam.ch\/de\/#organization","name":"Bantam Camping AG","url":"https:\/\/shop.bantam.ch\/de\/","logo":{"@type":"ImageObject","inLanguage":"de","@id":"https:\/\/shop.bantam.ch\/de\/#\/schema\/logo\/image\/","url":"https:\/\/shop.bantam.ch\/wp-content\/uploads\/2022\/12\/bantam-logo.png","contentUrl":"https:\/\/shop.bantam.ch\/wp-content\/uploads\/2022\/12\/bantam-logo.png","width":320,"height":71,"caption":"Bantam Camping AG"},"image":{"@id":"https:\/\/shop.bantam.ch\/de\/#\/schema\/logo\/image\/"}}]}},"_links":{"self":[{"href":"https:\/\/shop.bantam.ch\/de\/wp-json\/wp\/v2\/product\/233382","targetHints":{"allow":["GET"]}}],"collection":[{"href":"https:\/\/shop.bantam.ch\/de\/wp-json\/wp\/v2\/product"}],"about":[{"href":"https:\/\/shop.bantam.ch\/de\/wp-json\/wp\/v2\/types\/product"}],"wp:featuredmedia":[{"embeddable":true,"href":"https:\/\/shop.bantam.ch\/de\/wp-json\/wp\/v2\/media\/233380"}],"wp:attachment":[{"href":"https:\/\/shop.bantam.ch\/de\/wp-json\/wp\/v2\/media?parent=233382"}],"wp:term":[{"taxonomy":"product_featured_cat","embeddable":true,"href":"https:\/\/shop.bantam.ch\/de\/wp-json\/wp\/v2\/product_featured_cat?post=233382"},{"taxonomy":"product_brand","embeddable":true,"href":"https:\/\/shop.bantam.ch\/de\/wp-json\/wp\/v2\/product_brand?post=233382"},{"taxonomy":"product_cat","embeddable":true,"href":"https:\/\/shop.bantam.ch\/de\/wp-json\/wp\/v2\/product_cat?post=233382"},{"taxonomy":"product_tag","embeddable":true,"href":"https:\/\/shop.bantam.ch\/de\/wp-json\/wp\/v2\/product_tag?post=233382"}],"curies":[{"name":"wp","href":"https:\/\/api.w.org\/{rel}","templated":true}]}}