{"id":233378,"date":"2026-02-04T11:08:16","date_gmt":"2026-02-04T10:08:16","guid":{"rendered":"https:\/\/shop.bantam.ch\/produit\/spuelbecken-cvs1350rg-rund-mit-abdeckung\/"},"modified":"2026-05-02T23:51:09","modified_gmt":"2026-05-02T21:51:09","slug":"spuelbecken-cvs1350rg-rund-mit-abdeckung","status":"publish","type":"product","link":"https:\/\/shop.bantam.ch\/de\/produkt\/spuelbecken-cvs1350rg-rund-mit-abdeckung\/","title":{"rendered":"Sp\u00fclbecken CVS1350RG rund mit Abdeckung"},"content":{"rendered":"<p><!--StartFragment -->Das Dometic CVS1350RG Sp\u00fclbecken wurde speziell zur optimalen Nutzung des begrenzten Raums in mobilen K\u00fcchenzeilen oder Bordk\u00fcchen entwickelt. Es hat eine Abdeckung aus temperaturbest\u00e4ndigem Sicherheitsglas, die geschlossen zus\u00e4tzlich als Arbeitsfl\u00e4che genutzt werden kann. Das runde Sp\u00fclbecken aus hochwertigem Edelstahl ist leicht zu reinigen und beh\u00e4lt seine ansprechende Optik f\u00fcr viele Jahre. Wasserh\u00e4hne sind separat erh\u00e4ltlich (z.&nbsp;B. Dometic AC539). Das passende Loch f\u00fcr den Wasserhahn ist bereits im Sp\u00fclbecken vorgebohrt.<\/p>\n<p>Lieferumfang: inklusive Siphon und Gummidichtung.<\/p>\n<p><!--EndFragment --><\/p>\n","protected":false},"excerpt":{"rendered":"<p>Das Dometic CVS1350RG Sp\u00fclbecken wurde speziell zur optimalen Nutzung des begrenzten Raums in mobilen K\u00fcchenzeilen oder Bordk\u00fcchen entwickelt. Es hat eine Abdeckung aus temperaturbest\u00e4ndigem Sicherheitsglas, die geschlossen zus\u00e4tzlich als Arbeitsfl\u00e4che genutzt werden kann. Das runde Sp\u00fclbecken aus hochwertigem Edelstahl ist leicht zu reinigen und beh\u00e4lt seine ansprechende Optik f\u00fcr viele Jahre. Wasserh\u00e4hne sind separat erh\u00e4ltlich [&hellip;]<\/p>\n","protected":false},"featured_media":233376,"template":"","meta":{"_acf_changed":false},"product_featured_cat":[],"product_brand":[],"product_cat":[4316],"product_tag":[],"class_list":{"0":"post-233378","1":"product","2":"type-product","3":"status-publish","4":"has-post-thumbnail","6":"product_cat-spuelbecken","8":"first","9":"instock","10":"taxable","11":"shipping-taxable","12":"purchasable","13":"product-type-simple"},"acf":[],"yoast_head":"<!-- This site is optimized with the Yoast SEO plugin v27.5 - https:\/\/yoast.com\/product\/yoast-seo-wordpress\/ -->\n<title>Sp\u00fclbecken CVS1350RG rund mit Abdeckung - Bantam<\/title>\n<meta name=\"robots\" content=\"index, follow, max-snippet:-1, max-image-preview:large, max-video-preview:-1\" \/>\n<link rel=\"canonical\" href=\"https:\/\/shop.bantam.ch\/de\/produkt\/spuelbecken-cvs1350rg-rund-mit-abdeckung\/\" \/>\n<meta property=\"og:locale\" content=\"de_DE\" \/>\n<meta property=\"og:type\" content=\"article\" \/>\n<meta property=\"og:title\" content=\"Sp\u00fclbecken CVS1350RG rund mit Abdeckung - Bantam\" \/>\n<meta property=\"og:description\" content=\"Das Dometic CVS1350RG Sp\u00fclbecken wurde speziell zur optimalen Nutzung des begrenzten Raums in mobilen K\u00fcchenzeilen oder Bordk\u00fcchen entwickelt. Es hat eine Abdeckung aus temperaturbest\u00e4ndigem Sicherheitsglas, die geschlossen zus\u00e4tzlich als Arbeitsfl\u00e4che genutzt werden kann. Das runde Sp\u00fclbecken aus hochwertigem Edelstahl ist leicht zu reinigen und beh\u00e4lt seine ansprechende Optik f\u00fcr viele Jahre. Wasserh\u00e4hne sind separat erh\u00e4ltlich [&hellip;]\" \/>\n<meta property=\"og:url\" content=\"https:\/\/shop.bantam.ch\/de\/produkt\/spuelbecken-cvs1350rg-rund-mit-abdeckung\/\" \/>\n<meta property=\"og:site_name\" content=\"Bantam\" \/>\n<meta property=\"article:modified_time\" content=\"2026-05-02T21:51:09+00:00\" \/>\n<meta name=\"twitter:card\" content=\"summary_large_image\" \/>\n<script type=\"application\/ld+json\" class=\"yoast-schema-graph\">{\"@context\":\"https:\\\/\\\/schema.org\",\"@graph\":[{\"@type\":\"WebPage\",\"@id\":\"https:\\\/\\\/shop.bantam.ch\\\/de\\\/produkt\\\/spuelbecken-cvs1350rg-rund-mit-abdeckung\\\/\",\"url\":\"https:\\\/\\\/shop.bantam.ch\\\/de\\\/produkt\\\/spuelbecken-cvs1350rg-rund-mit-abdeckung\\\/\",\"name\":\"Sp\u00fclbecken CVS1350RG rund mit Abdeckung - Bantam\",\"isPartOf\":{\"@id\":\"https:\\\/\\\/shop.bantam.ch\\\/de\\\/#website\"},\"primaryImageOfPage\":{\"@id\":\"https:\\\/\\\/shop.bantam.ch\\\/de\\\/produkt\\\/spuelbecken-cvs1350rg-rund-mit-abdeckung\\\/#primaryimage\"},\"image\":{\"@id\":\"https:\\\/\\\/shop.bantam.ch\\\/de\\\/produkt\\\/spuelbecken-cvs1350rg-rund-mit-abdeckung\\\/#primaryimage\"},\"thumbnailUrl\":\"https:\\\/\\\/shop.bantam.ch\\\/wp-content\\\/uploads\\\/2026\\\/02\\\/Movera-L-9976224100.png\",\"datePublished\":\"2026-02-04T10:08:16+00:00\",\"dateModified\":\"2026-05-02T21:51:09+00:00\",\"breadcrumb\":{\"@id\":\"https:\\\/\\\/shop.bantam.ch\\\/de\\\/produkt\\\/spuelbecken-cvs1350rg-rund-mit-abdeckung\\\/#breadcrumb\"},\"inLanguage\":\"de\",\"potentialAction\":[{\"@type\":\"ReadAction\",\"target\":[\"https:\\\/\\\/shop.bantam.ch\\\/de\\\/produkt\\\/spuelbecken-cvs1350rg-rund-mit-abdeckung\\\/\"]}]},{\"@type\":\"ImageObject\",\"inLanguage\":\"de\",\"@id\":\"https:\\\/\\\/shop.bantam.ch\\\/de\\\/produkt\\\/spuelbecken-cvs1350rg-rund-mit-abdeckung\\\/#primaryimage\",\"url\":\"https:\\\/\\\/shop.bantam.ch\\\/wp-content\\\/uploads\\\/2026\\\/02\\\/Movera-L-9976224100.png\",\"contentUrl\":\"https:\\\/\\\/shop.bantam.ch\\\/wp-content\\\/uploads\\\/2026\\\/02\\\/Movera-L-9976224100.png\",\"width\":640,\"height\":640},{\"@type\":\"BreadcrumbList\",\"@id\":\"https:\\\/\\\/shop.bantam.ch\\\/de\\\/produkt\\\/spuelbecken-cvs1350rg-rund-mit-abdeckung\\\/#breadcrumb\",\"itemListElement\":[{\"@type\":\"ListItem\",\"position\":1,\"name\":\"Accueil\",\"item\":\"https:\\\/\\\/shop.bantam.ch\\\/de\\\/\"},{\"@type\":\"ListItem\",\"position\":2,\"name\":\"Shop\",\"item\":\"https:\\\/\\\/shop.bantam.ch\\\/de\\\/shop\\\/\"},{\"@type\":\"ListItem\",\"position\":3,\"name\":\"Sp\u00fclbecken CVS1350RG rund mit Abdeckung\"}]},{\"@type\":\"WebSite\",\"@id\":\"https:\\\/\\\/shop.bantam.ch\\\/de\\\/#website\",\"url\":\"https:\\\/\\\/shop.bantam.ch\\\/de\\\/\",\"name\":\"Bantam\",\"description\":\"\",\"publisher\":{\"@id\":\"https:\\\/\\\/shop.bantam.ch\\\/de\\\/#organization\"},\"inLanguage\":\"de\"},{\"@type\":\"Organization\",\"@id\":\"https:\\\/\\\/shop.bantam.ch\\\/de\\\/#organization\",\"name\":\"Bantam\",\"url\":\"https:\\\/\\\/shop.bantam.ch\\\/de\\\/\",\"logo\":{\"@type\":\"ImageObject\",\"inLanguage\":\"de\",\"@id\":\"https:\\\/\\\/shop.bantam.ch\\\/de\\\/#\\\/schema\\\/logo\\\/image\\\/\",\"url\":\"https:\\\/\\\/shop.bantam.ch\\\/wp-content\\\/uploads\\\/2022\\\/12\\\/bantam-logo.png\",\"contentUrl\":\"https:\\\/\\\/shop.bantam.ch\\\/wp-content\\\/uploads\\\/2022\\\/12\\\/bantam-logo.png\",\"width\":320,\"height\":71,\"caption\":\"Bantam\"},\"image\":{\"@id\":\"https:\\\/\\\/shop.bantam.ch\\\/de\\\/#\\\/schema\\\/logo\\\/image\\\/\"}}]}<\/script>\n<!-- \/ Yoast SEO plugin. -->","yoast_head_json":{"title":"Sp\u00fclbecken CVS1350RG rund mit Abdeckung - Bantam","robots":{"index":"index","follow":"follow","max-snippet":"max-snippet:-1","max-image-preview":"max-image-preview:large","max-video-preview":"max-video-preview:-1"},"canonical":"https:\/\/shop.bantam.ch\/de\/produkt\/spuelbecken-cvs1350rg-rund-mit-abdeckung\/","og_locale":"de_DE","og_type":"article","og_title":"Sp\u00fclbecken CVS1350RG rund mit Abdeckung - Bantam","og_description":"Das Dometic CVS1350RG Sp\u00fclbecken wurde speziell zur optimalen Nutzung des begrenzten Raums in mobilen K\u00fcchenzeilen oder Bordk\u00fcchen entwickelt. Es hat eine Abdeckung aus temperaturbest\u00e4ndigem Sicherheitsglas, die geschlossen zus\u00e4tzlich als Arbeitsfl\u00e4che genutzt werden kann. Das runde Sp\u00fclbecken aus hochwertigem Edelstahl ist leicht zu reinigen und beh\u00e4lt seine ansprechende Optik f\u00fcr viele Jahre. Wasserh\u00e4hne sind separat erh\u00e4ltlich [&hellip;]","og_url":"https:\/\/shop.bantam.ch\/de\/produkt\/spuelbecken-cvs1350rg-rund-mit-abdeckung\/","og_site_name":"Bantam","article_modified_time":"2026-05-02T21:51:09+00:00","twitter_card":"summary_large_image","schema":{"@context":"https:\/\/schema.org","@graph":[{"@type":"WebPage","@id":"https:\/\/shop.bantam.ch\/de\/produkt\/spuelbecken-cvs1350rg-rund-mit-abdeckung\/","url":"https:\/\/shop.bantam.ch\/de\/produkt\/spuelbecken-cvs1350rg-rund-mit-abdeckung\/","name":"Sp\u00fclbecken CVS1350RG rund mit Abdeckung - Bantam","isPartOf":{"@id":"https:\/\/shop.bantam.ch\/de\/#website"},"primaryImageOfPage":{"@id":"https:\/\/shop.bantam.ch\/de\/produkt\/spuelbecken-cvs1350rg-rund-mit-abdeckung\/#primaryimage"},"image":{"@id":"https:\/\/shop.bantam.ch\/de\/produkt\/spuelbecken-cvs1350rg-rund-mit-abdeckung\/#primaryimage"},"thumbnailUrl":"https:\/\/shop.bantam.ch\/wp-content\/uploads\/2026\/02\/Movera-L-9976224100.png","datePublished":"2026-02-04T10:08:16+00:00","dateModified":"2026-05-02T21:51:09+00:00","breadcrumb":{"@id":"https:\/\/shop.bantam.ch\/de\/produkt\/spuelbecken-cvs1350rg-rund-mit-abdeckung\/#breadcrumb"},"inLanguage":"de","potentialAction":[{"@type":"ReadAction","target":["https:\/\/shop.bantam.ch\/de\/produkt\/spuelbecken-cvs1350rg-rund-mit-abdeckung\/"]}]},{"@type":"ImageObject","inLanguage":"de","@id":"https:\/\/shop.bantam.ch\/de\/produkt\/spuelbecken-cvs1350rg-rund-mit-abdeckung\/#primaryimage","url":"https:\/\/shop.bantam.ch\/wp-content\/uploads\/2026\/02\/Movera-L-9976224100.png","contentUrl":"https:\/\/shop.bantam.ch\/wp-content\/uploads\/2026\/02\/Movera-L-9976224100.png","width":640,"height":640},{"@type":"BreadcrumbList","@id":"https:\/\/shop.bantam.ch\/de\/produkt\/spuelbecken-cvs1350rg-rund-mit-abdeckung\/#breadcrumb","itemListElement":[{"@type":"ListItem","position":1,"name":"Accueil","item":"https:\/\/shop.bantam.ch\/de\/"},{"@type":"ListItem","position":2,"name":"Shop","item":"https:\/\/shop.bantam.ch\/de\/shop\/"},{"@type":"ListItem","position":3,"name":"Sp\u00fclbecken CVS1350RG rund mit Abdeckung"}]},{"@type":"WebSite","@id":"https:\/\/shop.bantam.ch\/de\/#website","url":"https:\/\/shop.bantam.ch\/de\/","name":"Bantam","description":"","publisher":{"@id":"https:\/\/shop.bantam.ch\/de\/#organization"},"inLanguage":"de"},{"@type":"Organization","@id":"https:\/\/shop.bantam.ch\/de\/#organization","name":"Bantam","url":"https:\/\/shop.bantam.ch\/de\/","logo":{"@type":"ImageObject","inLanguage":"de","@id":"https:\/\/shop.bantam.ch\/de\/#\/schema\/logo\/image\/","url":"https:\/\/shop.bantam.ch\/wp-content\/uploads\/2022\/12\/bantam-logo.png","contentUrl":"https:\/\/shop.bantam.ch\/wp-content\/uploads\/2022\/12\/bantam-logo.png","width":320,"height":71,"caption":"Bantam"},"image":{"@id":"https:\/\/shop.bantam.ch\/de\/#\/schema\/logo\/image\/"}}]}},"_links":{"self":[{"href":"https:\/\/shop.bantam.ch\/de\/wp-json\/wp\/v2\/product\/233378","targetHints":{"allow":["GET"]}}],"collection":[{"href":"https:\/\/shop.bantam.ch\/de\/wp-json\/wp\/v2\/product"}],"about":[{"href":"https:\/\/shop.bantam.ch\/de\/wp-json\/wp\/v2\/types\/product"}],"wp:featuredmedia":[{"embeddable":true,"href":"https:\/\/shop.bantam.ch\/de\/wp-json\/wp\/v2\/media\/233376"}],"wp:attachment":[{"href":"https:\/\/shop.bantam.ch\/de\/wp-json\/wp\/v2\/media?parent=233378"}],"wp:term":[{"taxonomy":"product_featured_cat","embeddable":true,"href":"https:\/\/shop.bantam.ch\/de\/wp-json\/wp\/v2\/product_featured_cat?post=233378"},{"taxonomy":"product_brand","embeddable":true,"href":"https:\/\/shop.bantam.ch\/de\/wp-json\/wp\/v2\/product_brand?post=233378"},{"taxonomy":"product_cat","embeddable":true,"href":"https:\/\/shop.bantam.ch\/de\/wp-json\/wp\/v2\/product_cat?post=233378"},{"taxonomy":"product_tag","embeddable":true,"href":"https:\/\/shop.bantam.ch\/de\/wp-json\/wp\/v2\/product_tag?post=233378"}],"curies":[{"name":"wp","href":"https:\/\/api.w.org\/{rel}","templated":true}]}}