{"id":233370,"date":"2026-02-04T11:08:03","date_gmt":"2026-02-04T10:08:03","guid":{"rendered":"https:\/\/shop.bantam.ch\/produit\/einbau-koch-spuelkombination-cvc1600g-2-flammig-spuele-rechts-60-x-45-cm\/"},"modified":"2026-04-22T23:55:03","modified_gmt":"2026-04-22T21:55:03","slug":"einbau-koch-spuelkombination-cvc1600g-2-flammig-spuele-rechts-60-x-45-cm","status":"publish","type":"product","link":"https:\/\/shop.bantam.ch\/de\/produkt\/einbau-koch-spuelkombination-cvc1600g-2-flammig-spuele-rechts-60-x-45-cm\/","title":{"rendered":"Einbau Koch-\/ Sp\u00fclkombination CVC1600G 2-flammig Sp\u00fcle rechts 60 x 45 cm"},"content":{"rendered":"<p><!--StartFragment -->Die Dometic CVC1600G ist eine kompakte Gaskochmulde mit zwei Kochstellen und rechtsseitigem Sp\u00fclbecken, die eine komfortable K\u00fcchenausstattung in Reisemobilk\u00fcchen erm\u00f6glicht. Dank der ergonomisch angeordneten Bedienkn\u00f6pfe haben Sie alle Kochvorg\u00e4nge perfekt im Griff. Wenn keine T\u00f6pfe auf dem Kochfeld stehen, k\u00f6nnen Sie die Glasabdeckung schlie\u00dfen, um zus\u00e4tzliche Arbeitsfl\u00e4che zu gewinnen &#8211; und gleichzeitig Ihr Kochfeld zu sch\u00fctzen. Die Kochfeld-Sp\u00fcle-Kombination wird fl\u00e4chenb\u00fcndig in die Arbeitsplatte eingebaut. Siphons und Wasserh\u00e4hne sind separat erh\u00e4ltlich (Sie k\u00f6nnen z. B. den Dometic Wasserhahn AC539 und den Siphon AC530 verwenden). Das passende Hahnloch ist bereits vorgebohrt.<\/p>\n<p>&nbsp;<\/p>\n<p>Lieferumfang: inklusive Gummidichtung<\/p>\n<p><!--EndFragment --><\/p>\n","protected":false},"excerpt":{"rendered":"<p>Die Dometic CVC1600G ist eine kompakte Gaskochmulde mit zwei Kochstellen und rechtsseitigem Sp\u00fclbecken, die eine komfortable K\u00fcchenausstattung in Reisemobilk\u00fcchen erm\u00f6glicht. Dank der ergonomisch angeordneten Bedienkn\u00f6pfe haben Sie alle Kochvorg\u00e4nge perfekt im Griff. Wenn keine T\u00f6pfe auf dem Kochfeld stehen, k\u00f6nnen Sie die Glasabdeckung schlie\u00dfen, um zus\u00e4tzliche Arbeitsfl\u00e4che zu gewinnen &#8211; und gleichzeitig Ihr Kochfeld zu [&hellip;]<\/p>\n","protected":false},"featured_media":233368,"template":"","meta":{"_acf_changed":false},"product_featured_cat":[],"product_brand":[],"product_cat":[4314],"product_tag":[],"class_list":{"0":"post-233370","1":"product","2":"type-product","3":"status-publish","4":"has-post-thumbnail","6":"product_cat-koch-spuelen-kombinationen","8":"first","9":"instock","10":"taxable","11":"shipping-taxable","12":"purchasable","13":"product-type-simple"},"acf":[],"yoast_head":"<!-- This site is optimized with the Yoast SEO plugin v27.4 - https:\/\/yoast.com\/product\/yoast-seo-wordpress\/ -->\n<title>Einbau Koch-\/ Sp\u00fclkombination CVC1600G 2-flammig Sp\u00fcle rechts 60 x 45 cm - Bantam Camping AG<\/title>\n<meta name=\"robots\" content=\"index, follow, max-snippet:-1, max-image-preview:large, max-video-preview:-1\" \/>\n<link rel=\"canonical\" href=\"https:\/\/shop.bantam.ch\/de\/produkt\/einbau-koch-spuelkombination-cvc1600g-2-flammig-spuele-rechts-60-x-45-cm\/\" \/>\n<meta property=\"og:locale\" content=\"de_DE\" \/>\n<meta property=\"og:type\" content=\"article\" \/>\n<meta property=\"og:title\" content=\"Einbau Koch-\/ Sp\u00fclkombination CVC1600G 2-flammig Sp\u00fcle rechts 60 x 45 cm - Bantam Camping AG\" \/>\n<meta property=\"og:description\" content=\"Die Dometic CVC1600G ist eine kompakte Gaskochmulde mit zwei Kochstellen und rechtsseitigem Sp\u00fclbecken, die eine komfortable K\u00fcchenausstattung in Reisemobilk\u00fcchen erm\u00f6glicht. Dank der ergonomisch angeordneten Bedienkn\u00f6pfe haben Sie alle Kochvorg\u00e4nge perfekt im Griff. Wenn keine T\u00f6pfe auf dem Kochfeld stehen, k\u00f6nnen Sie die Glasabdeckung schlie\u00dfen, um zus\u00e4tzliche Arbeitsfl\u00e4che zu gewinnen &#8211; und gleichzeitig Ihr Kochfeld zu [&hellip;]\" \/>\n<meta property=\"og:url\" content=\"https:\/\/shop.bantam.ch\/de\/produkt\/einbau-koch-spuelkombination-cvc1600g-2-flammig-spuele-rechts-60-x-45-cm\/\" \/>\n<meta property=\"og:site_name\" content=\"Bantam Camping AG\" \/>\n<meta property=\"article:modified_time\" content=\"2026-04-22T21:55:03+00:00\" \/>\n<meta name=\"twitter:card\" content=\"summary_large_image\" \/>\n<meta name=\"twitter:label1\" content=\"Gesch\u00e4tzte Lesezeit\" \/>\n\t<meta name=\"twitter:data1\" content=\"1\u00a0Minute\" \/>\n<script type=\"application\/ld+json\" class=\"yoast-schema-graph\">{\"@context\":\"https:\\\/\\\/schema.org\",\"@graph\":[{\"@type\":\"WebPage\",\"@id\":\"https:\\\/\\\/shop.bantam.ch\\\/de\\\/produkt\\\/einbau-koch-spuelkombination-cvc1600g-2-flammig-spuele-rechts-60-x-45-cm\\\/\",\"url\":\"https:\\\/\\\/shop.bantam.ch\\\/de\\\/produkt\\\/einbau-koch-spuelkombination-cvc1600g-2-flammig-spuele-rechts-60-x-45-cm\\\/\",\"name\":\"Einbau Koch-\\\/ Sp\u00fclkombination CVC1600G 2-flammig Sp\u00fcle rechts 60 x 45 cm - Bantam Camping AG\",\"isPartOf\":{\"@id\":\"https:\\\/\\\/shop.bantam.ch\\\/de\\\/#website\"},\"primaryImageOfPage\":{\"@id\":\"https:\\\/\\\/shop.bantam.ch\\\/de\\\/produkt\\\/einbau-koch-spuelkombination-cvc1600g-2-flammig-spuele-rechts-60-x-45-cm\\\/#primaryimage\"},\"image\":{\"@id\":\"https:\\\/\\\/shop.bantam.ch\\\/de\\\/produkt\\\/einbau-koch-spuelkombination-cvc1600g-2-flammig-spuele-rechts-60-x-45-cm\\\/#primaryimage\"},\"thumbnailUrl\":\"https:\\\/\\\/shop.bantam.ch\\\/wp-content\\\/uploads\\\/2026\\\/02\\\/Movera-L-9976222100.png\",\"datePublished\":\"2026-02-04T10:08:03+00:00\",\"dateModified\":\"2026-04-22T21:55:03+00:00\",\"breadcrumb\":{\"@id\":\"https:\\\/\\\/shop.bantam.ch\\\/de\\\/produkt\\\/einbau-koch-spuelkombination-cvc1600g-2-flammig-spuele-rechts-60-x-45-cm\\\/#breadcrumb\"},\"inLanguage\":\"de\",\"potentialAction\":[{\"@type\":\"ReadAction\",\"target\":[\"https:\\\/\\\/shop.bantam.ch\\\/de\\\/produkt\\\/einbau-koch-spuelkombination-cvc1600g-2-flammig-spuele-rechts-60-x-45-cm\\\/\"]}]},{\"@type\":\"ImageObject\",\"inLanguage\":\"de\",\"@id\":\"https:\\\/\\\/shop.bantam.ch\\\/de\\\/produkt\\\/einbau-koch-spuelkombination-cvc1600g-2-flammig-spuele-rechts-60-x-45-cm\\\/#primaryimage\",\"url\":\"https:\\\/\\\/shop.bantam.ch\\\/wp-content\\\/uploads\\\/2026\\\/02\\\/Movera-L-9976222100.png\",\"contentUrl\":\"https:\\\/\\\/shop.bantam.ch\\\/wp-content\\\/uploads\\\/2026\\\/02\\\/Movera-L-9976222100.png\",\"width\":640,\"height\":640},{\"@type\":\"BreadcrumbList\",\"@id\":\"https:\\\/\\\/shop.bantam.ch\\\/de\\\/produkt\\\/einbau-koch-spuelkombination-cvc1600g-2-flammig-spuele-rechts-60-x-45-cm\\\/#breadcrumb\",\"itemListElement\":[{\"@type\":\"ListItem\",\"position\":1,\"name\":\"Accueil\",\"item\":\"https:\\\/\\\/shop.bantam.ch\\\/de\\\/\"},{\"@type\":\"ListItem\",\"position\":2,\"name\":\"Shop\",\"item\":\"https:\\\/\\\/shop.bantam.ch\\\/de\\\/shop\\\/\"},{\"@type\":\"ListItem\",\"position\":3,\"name\":\"Einbau Koch-\\\/ Sp\u00fclkombination CVC1600G 2-flammig Sp\u00fcle rechts 60 x 45 cm\"}]},{\"@type\":\"WebSite\",\"@id\":\"https:\\\/\\\/shop.bantam.ch\\\/de\\\/#website\",\"url\":\"https:\\\/\\\/shop.bantam.ch\\\/de\\\/\",\"name\":\"Bantam Camping AG\",\"description\":\"\",\"publisher\":{\"@id\":\"https:\\\/\\\/shop.bantam.ch\\\/de\\\/#organization\"},\"inLanguage\":\"de\"},{\"@type\":\"Organization\",\"@id\":\"https:\\\/\\\/shop.bantam.ch\\\/de\\\/#organization\",\"name\":\"Bantam Camping AG\",\"url\":\"https:\\\/\\\/shop.bantam.ch\\\/de\\\/\",\"logo\":{\"@type\":\"ImageObject\",\"inLanguage\":\"de\",\"@id\":\"https:\\\/\\\/shop.bantam.ch\\\/de\\\/#\\\/schema\\\/logo\\\/image\\\/\",\"url\":\"https:\\\/\\\/shop.bantam.ch\\\/wp-content\\\/uploads\\\/2022\\\/12\\\/bantam-logo.png\",\"contentUrl\":\"https:\\\/\\\/shop.bantam.ch\\\/wp-content\\\/uploads\\\/2022\\\/12\\\/bantam-logo.png\",\"width\":320,\"height\":71,\"caption\":\"Bantam Camping AG\"},\"image\":{\"@id\":\"https:\\\/\\\/shop.bantam.ch\\\/de\\\/#\\\/schema\\\/logo\\\/image\\\/\"}}]}<\/script>\n<!-- \/ Yoast SEO plugin. -->","yoast_head_json":{"title":"Einbau Koch-\/ Sp\u00fclkombination CVC1600G 2-flammig Sp\u00fcle rechts 60 x 45 cm - Bantam Camping AG","robots":{"index":"index","follow":"follow","max-snippet":"max-snippet:-1","max-image-preview":"max-image-preview:large","max-video-preview":"max-video-preview:-1"},"canonical":"https:\/\/shop.bantam.ch\/de\/produkt\/einbau-koch-spuelkombination-cvc1600g-2-flammig-spuele-rechts-60-x-45-cm\/","og_locale":"de_DE","og_type":"article","og_title":"Einbau Koch-\/ Sp\u00fclkombination CVC1600G 2-flammig Sp\u00fcle rechts 60 x 45 cm - Bantam Camping AG","og_description":"Die Dometic CVC1600G ist eine kompakte Gaskochmulde mit zwei Kochstellen und rechtsseitigem Sp\u00fclbecken, die eine komfortable K\u00fcchenausstattung in Reisemobilk\u00fcchen erm\u00f6glicht. Dank der ergonomisch angeordneten Bedienkn\u00f6pfe haben Sie alle Kochvorg\u00e4nge perfekt im Griff. Wenn keine T\u00f6pfe auf dem Kochfeld stehen, k\u00f6nnen Sie die Glasabdeckung schlie\u00dfen, um zus\u00e4tzliche Arbeitsfl\u00e4che zu gewinnen &#8211; und gleichzeitig Ihr Kochfeld zu [&hellip;]","og_url":"https:\/\/shop.bantam.ch\/de\/produkt\/einbau-koch-spuelkombination-cvc1600g-2-flammig-spuele-rechts-60-x-45-cm\/","og_site_name":"Bantam Camping AG","article_modified_time":"2026-04-22T21:55:03+00:00","twitter_card":"summary_large_image","twitter_misc":{"Gesch\u00e4tzte Lesezeit":"1\u00a0Minute"},"schema":{"@context":"https:\/\/schema.org","@graph":[{"@type":"WebPage","@id":"https:\/\/shop.bantam.ch\/de\/produkt\/einbau-koch-spuelkombination-cvc1600g-2-flammig-spuele-rechts-60-x-45-cm\/","url":"https:\/\/shop.bantam.ch\/de\/produkt\/einbau-koch-spuelkombination-cvc1600g-2-flammig-spuele-rechts-60-x-45-cm\/","name":"Einbau Koch-\/ Sp\u00fclkombination CVC1600G 2-flammig Sp\u00fcle rechts 60 x 45 cm - Bantam Camping AG","isPartOf":{"@id":"https:\/\/shop.bantam.ch\/de\/#website"},"primaryImageOfPage":{"@id":"https:\/\/shop.bantam.ch\/de\/produkt\/einbau-koch-spuelkombination-cvc1600g-2-flammig-spuele-rechts-60-x-45-cm\/#primaryimage"},"image":{"@id":"https:\/\/shop.bantam.ch\/de\/produkt\/einbau-koch-spuelkombination-cvc1600g-2-flammig-spuele-rechts-60-x-45-cm\/#primaryimage"},"thumbnailUrl":"https:\/\/shop.bantam.ch\/wp-content\/uploads\/2026\/02\/Movera-L-9976222100.png","datePublished":"2026-02-04T10:08:03+00:00","dateModified":"2026-04-22T21:55:03+00:00","breadcrumb":{"@id":"https:\/\/shop.bantam.ch\/de\/produkt\/einbau-koch-spuelkombination-cvc1600g-2-flammig-spuele-rechts-60-x-45-cm\/#breadcrumb"},"inLanguage":"de","potentialAction":[{"@type":"ReadAction","target":["https:\/\/shop.bantam.ch\/de\/produkt\/einbau-koch-spuelkombination-cvc1600g-2-flammig-spuele-rechts-60-x-45-cm\/"]}]},{"@type":"ImageObject","inLanguage":"de","@id":"https:\/\/shop.bantam.ch\/de\/produkt\/einbau-koch-spuelkombination-cvc1600g-2-flammig-spuele-rechts-60-x-45-cm\/#primaryimage","url":"https:\/\/shop.bantam.ch\/wp-content\/uploads\/2026\/02\/Movera-L-9976222100.png","contentUrl":"https:\/\/shop.bantam.ch\/wp-content\/uploads\/2026\/02\/Movera-L-9976222100.png","width":640,"height":640},{"@type":"BreadcrumbList","@id":"https:\/\/shop.bantam.ch\/de\/produkt\/einbau-koch-spuelkombination-cvc1600g-2-flammig-spuele-rechts-60-x-45-cm\/#breadcrumb","itemListElement":[{"@type":"ListItem","position":1,"name":"Accueil","item":"https:\/\/shop.bantam.ch\/de\/"},{"@type":"ListItem","position":2,"name":"Shop","item":"https:\/\/shop.bantam.ch\/de\/shop\/"},{"@type":"ListItem","position":3,"name":"Einbau Koch-\/ Sp\u00fclkombination CVC1600G 2-flammig Sp\u00fcle rechts 60 x 45 cm"}]},{"@type":"WebSite","@id":"https:\/\/shop.bantam.ch\/de\/#website","url":"https:\/\/shop.bantam.ch\/de\/","name":"Bantam Camping AG","description":"","publisher":{"@id":"https:\/\/shop.bantam.ch\/de\/#organization"},"inLanguage":"de"},{"@type":"Organization","@id":"https:\/\/shop.bantam.ch\/de\/#organization","name":"Bantam Camping AG","url":"https:\/\/shop.bantam.ch\/de\/","logo":{"@type":"ImageObject","inLanguage":"de","@id":"https:\/\/shop.bantam.ch\/de\/#\/schema\/logo\/image\/","url":"https:\/\/shop.bantam.ch\/wp-content\/uploads\/2022\/12\/bantam-logo.png","contentUrl":"https:\/\/shop.bantam.ch\/wp-content\/uploads\/2022\/12\/bantam-logo.png","width":320,"height":71,"caption":"Bantam Camping AG"},"image":{"@id":"https:\/\/shop.bantam.ch\/de\/#\/schema\/logo\/image\/"}}]}},"_links":{"self":[{"href":"https:\/\/shop.bantam.ch\/de\/wp-json\/wp\/v2\/product\/233370","targetHints":{"allow":["GET"]}}],"collection":[{"href":"https:\/\/shop.bantam.ch\/de\/wp-json\/wp\/v2\/product"}],"about":[{"href":"https:\/\/shop.bantam.ch\/de\/wp-json\/wp\/v2\/types\/product"}],"wp:featuredmedia":[{"embeddable":true,"href":"https:\/\/shop.bantam.ch\/de\/wp-json\/wp\/v2\/media\/233368"}],"wp:attachment":[{"href":"https:\/\/shop.bantam.ch\/de\/wp-json\/wp\/v2\/media?parent=233370"}],"wp:term":[{"taxonomy":"product_featured_cat","embeddable":true,"href":"https:\/\/shop.bantam.ch\/de\/wp-json\/wp\/v2\/product_featured_cat?post=233370"},{"taxonomy":"product_brand","embeddable":true,"href":"https:\/\/shop.bantam.ch\/de\/wp-json\/wp\/v2\/product_brand?post=233370"},{"taxonomy":"product_cat","embeddable":true,"href":"https:\/\/shop.bantam.ch\/de\/wp-json\/wp\/v2\/product_cat?post=233370"},{"taxonomy":"product_tag","embeddable":true,"href":"https:\/\/shop.bantam.ch\/de\/wp-json\/wp\/v2\/product_tag?post=233370"}],"curies":[{"name":"wp","href":"https:\/\/api.w.org\/{rel}","templated":true}]}}