{"id":233362,"date":"2026-02-04T11:07:50","date_gmt":"2026-02-04T10:07:50","guid":{"rendered":"https:\/\/shop.bantam.ch\/produit\/einbau-koch-spuelkombination-cvc1700g-2-flammig-spuele-links\/"},"modified":"2026-04-22T23:54:56","modified_gmt":"2026-04-22T21:54:56","slug":"einbau-koch-spuelkombination-cvc1700g-2-flammig-spuele-links","status":"publish","type":"product","link":"https:\/\/shop.bantam.ch\/de\/produkt\/einbau-koch-spuelkombination-cvc1700g-2-flammig-spuele-links\/","title":{"rendered":"Einbau Koch-\/ Sp\u00fclkombination CVC1700G 2-flammig Sp\u00fcle links"},"content":{"rendered":"<p><!--StartFragment -->Die Dometic CVC1700G ist eine kompakte Kombination aus 2-flammigem Gaskochfeld und linksseitiger Sp\u00fcle, geeignet f\u00fcr Camping- oder Bordk\u00fcchen. Ergonomisch platzierte Bedienelemente bieten eine perfekte Kontrolle beim Kochen. Wenn sich keine T\u00f6pfe auf dem Kochfeld befinden, k\u00f6nnen Sie die Glasabdeckung schlie\u00dfen&nbsp;\u2013 und schon haben Sie eine zus\u00e4tzliche Arbeitsfl\u00e4che und das Kochfeld ist gleichzeitig gesch\u00fctzt. Bei Bedarf k\u00f6nnen Sie die Abdeckung der Sp\u00fcle w\u00e4hrend des Kochens jederzeit schlie\u00dfen. Die Kombination aus Kochfeld und Sp\u00fcle schlie\u00dft b\u00fcndig mit der Arbeitsfl\u00e4che ab. Wasserh\u00e4hne sind separat erh\u00e4ltlich (z.&nbsp;B. Dometic AC539). Das passende Loch f\u00fcr den Wasserhahn ist bereits vorgebohrt.<\/p>\n<p>&nbsp;<\/p>\n<p>Lieferumfang: inklusive Siphon und Gummidichtung.<\/p>\n<p><!--EndFragment --><\/p>\n","protected":false},"excerpt":{"rendered":"<p>Die Dometic CVC1700G ist eine kompakte Kombination aus 2-flammigem Gaskochfeld und linksseitiger Sp\u00fcle, geeignet f\u00fcr Camping- oder Bordk\u00fcchen. Ergonomisch platzierte Bedienelemente bieten eine perfekte Kontrolle beim Kochen. Wenn sich keine T\u00f6pfe auf dem Kochfeld befinden, k\u00f6nnen Sie die Glasabdeckung schlie\u00dfen&nbsp;\u2013 und schon haben Sie eine zus\u00e4tzliche Arbeitsfl\u00e4che und das Kochfeld ist gleichzeitig gesch\u00fctzt. Bei Bedarf [&hellip;]<\/p>\n","protected":false},"featured_media":233360,"template":"","meta":{"_acf_changed":false},"product_featured_cat":[],"product_brand":[],"product_cat":[4314],"product_tag":[],"class_list":{"0":"post-233362","1":"product","2":"type-product","3":"status-publish","4":"has-post-thumbnail","6":"product_cat-koch-spuelen-kombinationen","8":"first","9":"instock","10":"taxable","11":"shipping-taxable","12":"purchasable","13":"product-type-simple"},"acf":[],"yoast_head":"<!-- This site is optimized with the Yoast SEO plugin v27.4 - https:\/\/yoast.com\/product\/yoast-seo-wordpress\/ -->\n<title>Einbau Koch-\/ Sp\u00fclkombination CVC1700G 2-flammig Sp\u00fcle links - Bantam Camping AG<\/title>\n<meta name=\"robots\" content=\"index, follow, max-snippet:-1, max-image-preview:large, max-video-preview:-1\" \/>\n<link rel=\"canonical\" href=\"https:\/\/shop.bantam.ch\/de\/produkt\/einbau-koch-spuelkombination-cvc1700g-2-flammig-spuele-links\/\" \/>\n<meta property=\"og:locale\" content=\"de_DE\" \/>\n<meta property=\"og:type\" content=\"article\" \/>\n<meta property=\"og:title\" content=\"Einbau Koch-\/ Sp\u00fclkombination CVC1700G 2-flammig Sp\u00fcle links - Bantam Camping AG\" \/>\n<meta property=\"og:description\" content=\"Die Dometic CVC1700G ist eine kompakte Kombination aus 2-flammigem Gaskochfeld und linksseitiger Sp\u00fcle, geeignet f\u00fcr Camping- oder Bordk\u00fcchen. Ergonomisch platzierte Bedienelemente bieten eine perfekte Kontrolle beim Kochen. Wenn sich keine T\u00f6pfe auf dem Kochfeld befinden, k\u00f6nnen Sie die Glasabdeckung schlie\u00dfen&nbsp;\u2013 und schon haben Sie eine zus\u00e4tzliche Arbeitsfl\u00e4che und das Kochfeld ist gleichzeitig gesch\u00fctzt. Bei Bedarf [&hellip;]\" \/>\n<meta property=\"og:url\" content=\"https:\/\/shop.bantam.ch\/de\/produkt\/einbau-koch-spuelkombination-cvc1700g-2-flammig-spuele-links\/\" \/>\n<meta property=\"og:site_name\" content=\"Bantam Camping AG\" \/>\n<meta property=\"article:modified_time\" content=\"2026-04-22T21:54:56+00:00\" \/>\n<meta name=\"twitter:card\" content=\"summary_large_image\" \/>\n<meta name=\"twitter:label1\" content=\"Gesch\u00e4tzte Lesezeit\" \/>\n\t<meta name=\"twitter:data1\" content=\"1\u00a0Minute\" \/>\n<script type=\"application\/ld+json\" class=\"yoast-schema-graph\">{\"@context\":\"https:\\\/\\\/schema.org\",\"@graph\":[{\"@type\":\"WebPage\",\"@id\":\"https:\\\/\\\/shop.bantam.ch\\\/de\\\/produkt\\\/einbau-koch-spuelkombination-cvc1700g-2-flammig-spuele-links\\\/\",\"url\":\"https:\\\/\\\/shop.bantam.ch\\\/de\\\/produkt\\\/einbau-koch-spuelkombination-cvc1700g-2-flammig-spuele-links\\\/\",\"name\":\"Einbau Koch-\\\/ Sp\u00fclkombination CVC1700G 2-flammig Sp\u00fcle links - Bantam Camping AG\",\"isPartOf\":{\"@id\":\"https:\\\/\\\/shop.bantam.ch\\\/de\\\/#website\"},\"primaryImageOfPage\":{\"@id\":\"https:\\\/\\\/shop.bantam.ch\\\/de\\\/produkt\\\/einbau-koch-spuelkombination-cvc1700g-2-flammig-spuele-links\\\/#primaryimage\"},\"image\":{\"@id\":\"https:\\\/\\\/shop.bantam.ch\\\/de\\\/produkt\\\/einbau-koch-spuelkombination-cvc1700g-2-flammig-spuele-links\\\/#primaryimage\"},\"thumbnailUrl\":\"https:\\\/\\\/shop.bantam.ch\\\/wp-content\\\/uploads\\\/2026\\\/02\\\/Movera-L-9976220100.png\",\"datePublished\":\"2026-02-04T10:07:50+00:00\",\"dateModified\":\"2026-04-22T21:54:56+00:00\",\"breadcrumb\":{\"@id\":\"https:\\\/\\\/shop.bantam.ch\\\/de\\\/produkt\\\/einbau-koch-spuelkombination-cvc1700g-2-flammig-spuele-links\\\/#breadcrumb\"},\"inLanguage\":\"de\",\"potentialAction\":[{\"@type\":\"ReadAction\",\"target\":[\"https:\\\/\\\/shop.bantam.ch\\\/de\\\/produkt\\\/einbau-koch-spuelkombination-cvc1700g-2-flammig-spuele-links\\\/\"]}]},{\"@type\":\"ImageObject\",\"inLanguage\":\"de\",\"@id\":\"https:\\\/\\\/shop.bantam.ch\\\/de\\\/produkt\\\/einbau-koch-spuelkombination-cvc1700g-2-flammig-spuele-links\\\/#primaryimage\",\"url\":\"https:\\\/\\\/shop.bantam.ch\\\/wp-content\\\/uploads\\\/2026\\\/02\\\/Movera-L-9976220100.png\",\"contentUrl\":\"https:\\\/\\\/shop.bantam.ch\\\/wp-content\\\/uploads\\\/2026\\\/02\\\/Movera-L-9976220100.png\",\"width\":640,\"height\":640},{\"@type\":\"BreadcrumbList\",\"@id\":\"https:\\\/\\\/shop.bantam.ch\\\/de\\\/produkt\\\/einbau-koch-spuelkombination-cvc1700g-2-flammig-spuele-links\\\/#breadcrumb\",\"itemListElement\":[{\"@type\":\"ListItem\",\"position\":1,\"name\":\"Accueil\",\"item\":\"https:\\\/\\\/shop.bantam.ch\\\/de\\\/\"},{\"@type\":\"ListItem\",\"position\":2,\"name\":\"Shop\",\"item\":\"https:\\\/\\\/shop.bantam.ch\\\/de\\\/shop\\\/\"},{\"@type\":\"ListItem\",\"position\":3,\"name\":\"Einbau Koch-\\\/ Sp\u00fclkombination CVC1700G 2-flammig Sp\u00fcle links\"}]},{\"@type\":\"WebSite\",\"@id\":\"https:\\\/\\\/shop.bantam.ch\\\/de\\\/#website\",\"url\":\"https:\\\/\\\/shop.bantam.ch\\\/de\\\/\",\"name\":\"Bantam Camping AG\",\"description\":\"\",\"publisher\":{\"@id\":\"https:\\\/\\\/shop.bantam.ch\\\/de\\\/#organization\"},\"inLanguage\":\"de\"},{\"@type\":\"Organization\",\"@id\":\"https:\\\/\\\/shop.bantam.ch\\\/de\\\/#organization\",\"name\":\"Bantam Camping AG\",\"url\":\"https:\\\/\\\/shop.bantam.ch\\\/de\\\/\",\"logo\":{\"@type\":\"ImageObject\",\"inLanguage\":\"de\",\"@id\":\"https:\\\/\\\/shop.bantam.ch\\\/de\\\/#\\\/schema\\\/logo\\\/image\\\/\",\"url\":\"https:\\\/\\\/shop.bantam.ch\\\/wp-content\\\/uploads\\\/2022\\\/12\\\/bantam-logo.png\",\"contentUrl\":\"https:\\\/\\\/shop.bantam.ch\\\/wp-content\\\/uploads\\\/2022\\\/12\\\/bantam-logo.png\",\"width\":320,\"height\":71,\"caption\":\"Bantam Camping AG\"},\"image\":{\"@id\":\"https:\\\/\\\/shop.bantam.ch\\\/de\\\/#\\\/schema\\\/logo\\\/image\\\/\"}}]}<\/script>\n<!-- \/ Yoast SEO plugin. -->","yoast_head_json":{"title":"Einbau Koch-\/ Sp\u00fclkombination CVC1700G 2-flammig Sp\u00fcle links - Bantam Camping AG","robots":{"index":"index","follow":"follow","max-snippet":"max-snippet:-1","max-image-preview":"max-image-preview:large","max-video-preview":"max-video-preview:-1"},"canonical":"https:\/\/shop.bantam.ch\/de\/produkt\/einbau-koch-spuelkombination-cvc1700g-2-flammig-spuele-links\/","og_locale":"de_DE","og_type":"article","og_title":"Einbau Koch-\/ Sp\u00fclkombination CVC1700G 2-flammig Sp\u00fcle links - Bantam Camping AG","og_description":"Die Dometic CVC1700G ist eine kompakte Kombination aus 2-flammigem Gaskochfeld und linksseitiger Sp\u00fcle, geeignet f\u00fcr Camping- oder Bordk\u00fcchen. Ergonomisch platzierte Bedienelemente bieten eine perfekte Kontrolle beim Kochen. Wenn sich keine T\u00f6pfe auf dem Kochfeld befinden, k\u00f6nnen Sie die Glasabdeckung schlie\u00dfen&nbsp;\u2013 und schon haben Sie eine zus\u00e4tzliche Arbeitsfl\u00e4che und das Kochfeld ist gleichzeitig gesch\u00fctzt. Bei Bedarf [&hellip;]","og_url":"https:\/\/shop.bantam.ch\/de\/produkt\/einbau-koch-spuelkombination-cvc1700g-2-flammig-spuele-links\/","og_site_name":"Bantam Camping AG","article_modified_time":"2026-04-22T21:54:56+00:00","twitter_card":"summary_large_image","twitter_misc":{"Gesch\u00e4tzte Lesezeit":"1\u00a0Minute"},"schema":{"@context":"https:\/\/schema.org","@graph":[{"@type":"WebPage","@id":"https:\/\/shop.bantam.ch\/de\/produkt\/einbau-koch-spuelkombination-cvc1700g-2-flammig-spuele-links\/","url":"https:\/\/shop.bantam.ch\/de\/produkt\/einbau-koch-spuelkombination-cvc1700g-2-flammig-spuele-links\/","name":"Einbau Koch-\/ Sp\u00fclkombination CVC1700G 2-flammig Sp\u00fcle links - Bantam Camping AG","isPartOf":{"@id":"https:\/\/shop.bantam.ch\/de\/#website"},"primaryImageOfPage":{"@id":"https:\/\/shop.bantam.ch\/de\/produkt\/einbau-koch-spuelkombination-cvc1700g-2-flammig-spuele-links\/#primaryimage"},"image":{"@id":"https:\/\/shop.bantam.ch\/de\/produkt\/einbau-koch-spuelkombination-cvc1700g-2-flammig-spuele-links\/#primaryimage"},"thumbnailUrl":"https:\/\/shop.bantam.ch\/wp-content\/uploads\/2026\/02\/Movera-L-9976220100.png","datePublished":"2026-02-04T10:07:50+00:00","dateModified":"2026-04-22T21:54:56+00:00","breadcrumb":{"@id":"https:\/\/shop.bantam.ch\/de\/produkt\/einbau-koch-spuelkombination-cvc1700g-2-flammig-spuele-links\/#breadcrumb"},"inLanguage":"de","potentialAction":[{"@type":"ReadAction","target":["https:\/\/shop.bantam.ch\/de\/produkt\/einbau-koch-spuelkombination-cvc1700g-2-flammig-spuele-links\/"]}]},{"@type":"ImageObject","inLanguage":"de","@id":"https:\/\/shop.bantam.ch\/de\/produkt\/einbau-koch-spuelkombination-cvc1700g-2-flammig-spuele-links\/#primaryimage","url":"https:\/\/shop.bantam.ch\/wp-content\/uploads\/2026\/02\/Movera-L-9976220100.png","contentUrl":"https:\/\/shop.bantam.ch\/wp-content\/uploads\/2026\/02\/Movera-L-9976220100.png","width":640,"height":640},{"@type":"BreadcrumbList","@id":"https:\/\/shop.bantam.ch\/de\/produkt\/einbau-koch-spuelkombination-cvc1700g-2-flammig-spuele-links\/#breadcrumb","itemListElement":[{"@type":"ListItem","position":1,"name":"Accueil","item":"https:\/\/shop.bantam.ch\/de\/"},{"@type":"ListItem","position":2,"name":"Shop","item":"https:\/\/shop.bantam.ch\/de\/shop\/"},{"@type":"ListItem","position":3,"name":"Einbau Koch-\/ Sp\u00fclkombination CVC1700G 2-flammig Sp\u00fcle links"}]},{"@type":"WebSite","@id":"https:\/\/shop.bantam.ch\/de\/#website","url":"https:\/\/shop.bantam.ch\/de\/","name":"Bantam Camping AG","description":"","publisher":{"@id":"https:\/\/shop.bantam.ch\/de\/#organization"},"inLanguage":"de"},{"@type":"Organization","@id":"https:\/\/shop.bantam.ch\/de\/#organization","name":"Bantam Camping AG","url":"https:\/\/shop.bantam.ch\/de\/","logo":{"@type":"ImageObject","inLanguage":"de","@id":"https:\/\/shop.bantam.ch\/de\/#\/schema\/logo\/image\/","url":"https:\/\/shop.bantam.ch\/wp-content\/uploads\/2022\/12\/bantam-logo.png","contentUrl":"https:\/\/shop.bantam.ch\/wp-content\/uploads\/2022\/12\/bantam-logo.png","width":320,"height":71,"caption":"Bantam Camping AG"},"image":{"@id":"https:\/\/shop.bantam.ch\/de\/#\/schema\/logo\/image\/"}}]}},"_links":{"self":[{"href":"https:\/\/shop.bantam.ch\/de\/wp-json\/wp\/v2\/product\/233362","targetHints":{"allow":["GET"]}}],"collection":[{"href":"https:\/\/shop.bantam.ch\/de\/wp-json\/wp\/v2\/product"}],"about":[{"href":"https:\/\/shop.bantam.ch\/de\/wp-json\/wp\/v2\/types\/product"}],"wp:featuredmedia":[{"embeddable":true,"href":"https:\/\/shop.bantam.ch\/de\/wp-json\/wp\/v2\/media\/233360"}],"wp:attachment":[{"href":"https:\/\/shop.bantam.ch\/de\/wp-json\/wp\/v2\/media?parent=233362"}],"wp:term":[{"taxonomy":"product_featured_cat","embeddable":true,"href":"https:\/\/shop.bantam.ch\/de\/wp-json\/wp\/v2\/product_featured_cat?post=233362"},{"taxonomy":"product_brand","embeddable":true,"href":"https:\/\/shop.bantam.ch\/de\/wp-json\/wp\/v2\/product_brand?post=233362"},{"taxonomy":"product_cat","embeddable":true,"href":"https:\/\/shop.bantam.ch\/de\/wp-json\/wp\/v2\/product_cat?post=233362"},{"taxonomy":"product_tag","embeddable":true,"href":"https:\/\/shop.bantam.ch\/de\/wp-json\/wp\/v2\/product_tag?post=233362"}],"curies":[{"name":"wp","href":"https:\/\/api.w.org\/{rel}","templated":true}]}}