{"id":233346,"date":"2026-02-04T11:07:18","date_gmt":"2026-02-04T10:07:18","guid":{"rendered":"https:\/\/shop.bantam.ch\/produit\/stechgaskartusche-c-206-gls-2\/"},"modified":"2026-04-18T23:59:02","modified_gmt":"2026-04-18T21:59:02","slug":"stechgaskartusche-c-206-gls-2","status":"publish","type":"product","link":"https:\/\/shop.bantam.ch\/de\/produkt\/stechgaskartusche-c-206-gls-2\/","title":{"rendered":"Stechgaskartusche C 206 GLS"},"content":{"rendered":"<p><!--StartFragment -->Die C 206 GLS Stechkartusche von Campingaz ist ein bew\u00e4hrter Klassiker f\u00fcr alle, die mit einem kompakten, zuverl\u00e4ssigen Gaskocher unterwegs sind. Dank des integrierten Gas Lock Systems bietet sie Dir zus\u00e4tzliche Sicherheit beim Einsatz \u2013 selbst bei versehentlichem Trennen vom Ger\u00e4t. 190g Butan-\/Propangasgemisch (80\/20). Entspricht der Norm EN 417:2012 \u2013 f\u00fcr maximale Sicherheit.<!--EndFragment --><\/p>\n","protected":false},"excerpt":{"rendered":"<p>Die C 206 GLS Stechkartusche von Campingaz ist ein bew\u00e4hrter Klassiker f\u00fcr alle, die mit einem kompakten, zuverl\u00e4ssigen Gaskocher unterwegs sind. Dank des integrierten Gas Lock Systems bietet sie Dir zus\u00e4tzliche Sicherheit beim Einsatz \u2013 selbst bei versehentlichem Trennen vom Ger\u00e4t. 190g Butan-\/Propangasgemisch (80\/20). Entspricht der Norm EN 417:2012 \u2013 f\u00fcr maximale Sicherheit.<\/p>\n","protected":false},"featured_media":233344,"template":"","meta":{"_acf_changed":false},"product_featured_cat":[],"product_brand":[],"product_cat":[4484],"product_tag":[],"class_list":{"0":"post-233346","1":"product","2":"type-product","3":"status-publish","4":"has-post-thumbnail","6":"product_cat-gaskartuschen","8":"first","9":"instock","10":"taxable","11":"shipping-taxable","12":"purchasable","13":"product-type-simple"},"acf":[],"yoast_head":"<!-- This site is optimized with the Yoast SEO plugin v27.4 - https:\/\/yoast.com\/product\/yoast-seo-wordpress\/ -->\n<title>Stechgaskartusche C 206 GLS - Bantam Camping AG<\/title>\n<meta name=\"robots\" content=\"index, follow, max-snippet:-1, max-image-preview:large, max-video-preview:-1\" \/>\n<link rel=\"canonical\" href=\"https:\/\/shop.bantam.ch\/de\/produkt\/stechgaskartusche-c-206-gls-2\/\" \/>\n<meta property=\"og:locale\" content=\"de_DE\" \/>\n<meta property=\"og:type\" content=\"article\" \/>\n<meta property=\"og:title\" content=\"Stechgaskartusche C 206 GLS - Bantam Camping AG\" \/>\n<meta property=\"og:description\" content=\"Die C 206 GLS Stechkartusche von Campingaz ist ein bew\u00e4hrter Klassiker f\u00fcr alle, die mit einem kompakten, zuverl\u00e4ssigen Gaskocher unterwegs sind. Dank des integrierten Gas Lock Systems bietet sie Dir zus\u00e4tzliche Sicherheit beim Einsatz \u2013 selbst bei versehentlichem Trennen vom Ger\u00e4t. 190g Butan-\/Propangasgemisch (80\/20). Entspricht der Norm EN 417:2012 \u2013 f\u00fcr maximale Sicherheit.\" \/>\n<meta property=\"og:url\" content=\"https:\/\/shop.bantam.ch\/de\/produkt\/stechgaskartusche-c-206-gls-2\/\" \/>\n<meta property=\"og:site_name\" content=\"Bantam Camping AG\" \/>\n<meta property=\"article:modified_time\" content=\"2026-04-18T21:59:02+00:00\" \/>\n<meta name=\"twitter:card\" content=\"summary_large_image\" \/>\n<script type=\"application\/ld+json\" class=\"yoast-schema-graph\">{\"@context\":\"https:\\\/\\\/schema.org\",\"@graph\":[{\"@type\":\"WebPage\",\"@id\":\"https:\\\/\\\/shop.bantam.ch\\\/de\\\/produkt\\\/stechgaskartusche-c-206-gls-2\\\/\",\"url\":\"https:\\\/\\\/shop.bantam.ch\\\/de\\\/produkt\\\/stechgaskartusche-c-206-gls-2\\\/\",\"name\":\"Stechgaskartusche C 206 GLS - Bantam Camping AG\",\"isPartOf\":{\"@id\":\"https:\\\/\\\/shop.bantam.ch\\\/de\\\/#website\"},\"primaryImageOfPage\":{\"@id\":\"https:\\\/\\\/shop.bantam.ch\\\/de\\\/produkt\\\/stechgaskartusche-c-206-gls-2\\\/#primaryimage\"},\"image\":{\"@id\":\"https:\\\/\\\/shop.bantam.ch\\\/de\\\/produkt\\\/stechgaskartusche-c-206-gls-2\\\/#primaryimage\"},\"thumbnailUrl\":\"https:\\\/\\\/shop.bantam.ch\\\/wp-content\\\/uploads\\\/2026\\\/02\\\/Movera-L-9976215100.jpg\",\"datePublished\":\"2026-02-04T10:07:18+00:00\",\"dateModified\":\"2026-04-18T21:59:02+00:00\",\"breadcrumb\":{\"@id\":\"https:\\\/\\\/shop.bantam.ch\\\/de\\\/produkt\\\/stechgaskartusche-c-206-gls-2\\\/#breadcrumb\"},\"inLanguage\":\"de\",\"potentialAction\":[{\"@type\":\"ReadAction\",\"target\":[\"https:\\\/\\\/shop.bantam.ch\\\/de\\\/produkt\\\/stechgaskartusche-c-206-gls-2\\\/\"]}]},{\"@type\":\"ImageObject\",\"inLanguage\":\"de\",\"@id\":\"https:\\\/\\\/shop.bantam.ch\\\/de\\\/produkt\\\/stechgaskartusche-c-206-gls-2\\\/#primaryimage\",\"url\":\"https:\\\/\\\/shop.bantam.ch\\\/wp-content\\\/uploads\\\/2026\\\/02\\\/Movera-L-9976215100.jpg\",\"contentUrl\":\"https:\\\/\\\/shop.bantam.ch\\\/wp-content\\\/uploads\\\/2026\\\/02\\\/Movera-L-9976215100.jpg\",\"width\":106,\"height\":128},{\"@type\":\"BreadcrumbList\",\"@id\":\"https:\\\/\\\/shop.bantam.ch\\\/de\\\/produkt\\\/stechgaskartusche-c-206-gls-2\\\/#breadcrumb\",\"itemListElement\":[{\"@type\":\"ListItem\",\"position\":1,\"name\":\"Accueil\",\"item\":\"https:\\\/\\\/shop.bantam.ch\\\/de\\\/\"},{\"@type\":\"ListItem\",\"position\":2,\"name\":\"Shop\",\"item\":\"https:\\\/\\\/shop.bantam.ch\\\/de\\\/shop\\\/\"},{\"@type\":\"ListItem\",\"position\":3,\"name\":\"Stechgaskartusche C 206 GLS\"}]},{\"@type\":\"WebSite\",\"@id\":\"https:\\\/\\\/shop.bantam.ch\\\/de\\\/#website\",\"url\":\"https:\\\/\\\/shop.bantam.ch\\\/de\\\/\",\"name\":\"Bantam Camping AG\",\"description\":\"\",\"publisher\":{\"@id\":\"https:\\\/\\\/shop.bantam.ch\\\/de\\\/#organization\"},\"inLanguage\":\"de\"},{\"@type\":\"Organization\",\"@id\":\"https:\\\/\\\/shop.bantam.ch\\\/de\\\/#organization\",\"name\":\"Bantam Camping AG\",\"url\":\"https:\\\/\\\/shop.bantam.ch\\\/de\\\/\",\"logo\":{\"@type\":\"ImageObject\",\"inLanguage\":\"de\",\"@id\":\"https:\\\/\\\/shop.bantam.ch\\\/de\\\/#\\\/schema\\\/logo\\\/image\\\/\",\"url\":\"https:\\\/\\\/shop.bantam.ch\\\/wp-content\\\/uploads\\\/2022\\\/12\\\/bantam-logo.png\",\"contentUrl\":\"https:\\\/\\\/shop.bantam.ch\\\/wp-content\\\/uploads\\\/2022\\\/12\\\/bantam-logo.png\",\"width\":320,\"height\":71,\"caption\":\"Bantam Camping AG\"},\"image\":{\"@id\":\"https:\\\/\\\/shop.bantam.ch\\\/de\\\/#\\\/schema\\\/logo\\\/image\\\/\"}}]}<\/script>\n<!-- \/ Yoast SEO plugin. -->","yoast_head_json":{"title":"Stechgaskartusche C 206 GLS - Bantam Camping AG","robots":{"index":"index","follow":"follow","max-snippet":"max-snippet:-1","max-image-preview":"max-image-preview:large","max-video-preview":"max-video-preview:-1"},"canonical":"https:\/\/shop.bantam.ch\/de\/produkt\/stechgaskartusche-c-206-gls-2\/","og_locale":"de_DE","og_type":"article","og_title":"Stechgaskartusche C 206 GLS - Bantam Camping AG","og_description":"Die C 206 GLS Stechkartusche von Campingaz ist ein bew\u00e4hrter Klassiker f\u00fcr alle, die mit einem kompakten, zuverl\u00e4ssigen Gaskocher unterwegs sind. Dank des integrierten Gas Lock Systems bietet sie Dir zus\u00e4tzliche Sicherheit beim Einsatz \u2013 selbst bei versehentlichem Trennen vom Ger\u00e4t. 190g Butan-\/Propangasgemisch (80\/20). Entspricht der Norm EN 417:2012 \u2013 f\u00fcr maximale Sicherheit.","og_url":"https:\/\/shop.bantam.ch\/de\/produkt\/stechgaskartusche-c-206-gls-2\/","og_site_name":"Bantam Camping AG","article_modified_time":"2026-04-18T21:59:02+00:00","twitter_card":"summary_large_image","schema":{"@context":"https:\/\/schema.org","@graph":[{"@type":"WebPage","@id":"https:\/\/shop.bantam.ch\/de\/produkt\/stechgaskartusche-c-206-gls-2\/","url":"https:\/\/shop.bantam.ch\/de\/produkt\/stechgaskartusche-c-206-gls-2\/","name":"Stechgaskartusche C 206 GLS - Bantam Camping AG","isPartOf":{"@id":"https:\/\/shop.bantam.ch\/de\/#website"},"primaryImageOfPage":{"@id":"https:\/\/shop.bantam.ch\/de\/produkt\/stechgaskartusche-c-206-gls-2\/#primaryimage"},"image":{"@id":"https:\/\/shop.bantam.ch\/de\/produkt\/stechgaskartusche-c-206-gls-2\/#primaryimage"},"thumbnailUrl":"https:\/\/shop.bantam.ch\/wp-content\/uploads\/2026\/02\/Movera-L-9976215100.jpg","datePublished":"2026-02-04T10:07:18+00:00","dateModified":"2026-04-18T21:59:02+00:00","breadcrumb":{"@id":"https:\/\/shop.bantam.ch\/de\/produkt\/stechgaskartusche-c-206-gls-2\/#breadcrumb"},"inLanguage":"de","potentialAction":[{"@type":"ReadAction","target":["https:\/\/shop.bantam.ch\/de\/produkt\/stechgaskartusche-c-206-gls-2\/"]}]},{"@type":"ImageObject","inLanguage":"de","@id":"https:\/\/shop.bantam.ch\/de\/produkt\/stechgaskartusche-c-206-gls-2\/#primaryimage","url":"https:\/\/shop.bantam.ch\/wp-content\/uploads\/2026\/02\/Movera-L-9976215100.jpg","contentUrl":"https:\/\/shop.bantam.ch\/wp-content\/uploads\/2026\/02\/Movera-L-9976215100.jpg","width":106,"height":128},{"@type":"BreadcrumbList","@id":"https:\/\/shop.bantam.ch\/de\/produkt\/stechgaskartusche-c-206-gls-2\/#breadcrumb","itemListElement":[{"@type":"ListItem","position":1,"name":"Accueil","item":"https:\/\/shop.bantam.ch\/de\/"},{"@type":"ListItem","position":2,"name":"Shop","item":"https:\/\/shop.bantam.ch\/de\/shop\/"},{"@type":"ListItem","position":3,"name":"Stechgaskartusche C 206 GLS"}]},{"@type":"WebSite","@id":"https:\/\/shop.bantam.ch\/de\/#website","url":"https:\/\/shop.bantam.ch\/de\/","name":"Bantam Camping AG","description":"","publisher":{"@id":"https:\/\/shop.bantam.ch\/de\/#organization"},"inLanguage":"de"},{"@type":"Organization","@id":"https:\/\/shop.bantam.ch\/de\/#organization","name":"Bantam Camping AG","url":"https:\/\/shop.bantam.ch\/de\/","logo":{"@type":"ImageObject","inLanguage":"de","@id":"https:\/\/shop.bantam.ch\/de\/#\/schema\/logo\/image\/","url":"https:\/\/shop.bantam.ch\/wp-content\/uploads\/2022\/12\/bantam-logo.png","contentUrl":"https:\/\/shop.bantam.ch\/wp-content\/uploads\/2022\/12\/bantam-logo.png","width":320,"height":71,"caption":"Bantam Camping AG"},"image":{"@id":"https:\/\/shop.bantam.ch\/de\/#\/schema\/logo\/image\/"}}]}},"_links":{"self":[{"href":"https:\/\/shop.bantam.ch\/de\/wp-json\/wp\/v2\/product\/233346","targetHints":{"allow":["GET"]}}],"collection":[{"href":"https:\/\/shop.bantam.ch\/de\/wp-json\/wp\/v2\/product"}],"about":[{"href":"https:\/\/shop.bantam.ch\/de\/wp-json\/wp\/v2\/types\/product"}],"wp:featuredmedia":[{"embeddable":true,"href":"https:\/\/shop.bantam.ch\/de\/wp-json\/wp\/v2\/media\/233344"}],"wp:attachment":[{"href":"https:\/\/shop.bantam.ch\/de\/wp-json\/wp\/v2\/media?parent=233346"}],"wp:term":[{"taxonomy":"product_featured_cat","embeddable":true,"href":"https:\/\/shop.bantam.ch\/de\/wp-json\/wp\/v2\/product_featured_cat?post=233346"},{"taxonomy":"product_brand","embeddable":true,"href":"https:\/\/shop.bantam.ch\/de\/wp-json\/wp\/v2\/product_brand?post=233346"},{"taxonomy":"product_cat","embeddable":true,"href":"https:\/\/shop.bantam.ch\/de\/wp-json\/wp\/v2\/product_cat?post=233346"},{"taxonomy":"product_tag","embeddable":true,"href":"https:\/\/shop.bantam.ch\/de\/wp-json\/wp\/v2\/product_tag?post=233346"}],"curies":[{"name":"wp","href":"https:\/\/api.w.org\/{rel}","templated":true}]}}