{"id":233326,"date":"2026-02-04T11:06:46","date_gmt":"2026-02-04T10:06:46","guid":{"rendered":"https:\/\/shop.bantam.ch\/produit\/wifi-system-camper-connected-5g-mit-esim\/"},"modified":"2026-04-20T00:02:27","modified_gmt":"2026-04-19T22:02:27","slug":"wifi-system-camper-connected-5g-mit-esim","status":"publish","type":"product","link":"https:\/\/shop.bantam.ch\/de\/produkt\/wifi-system-camper-connected-5g-mit-esim\/","title":{"rendered":"WiFi System Camper Connected 5G mit eSim"},"content":{"rendered":"<p><!--StartFragment -->Der 5G-WiFi 6 Router mit Dual-SIM und eSIM liefert bis zu 3000 Mbit\/s und sorgt dank Multi-WAN mit automatischem Failover jederzeit f\u00fcr eine stabile Internetverbindung. Die robuste Au\u00dfenantenne mit bis zu 6 dBi Verst\u00e4rkung verbessert LTE\/5G- und WiFi-Empfang und l\u00e4sst sich flexibel montieren. Ein GPS-Anschluss erm\u00f6glicht zudem pr\u00e4zise Fahrzeugortung. Firewall, VPN (WireGuard\/OpenVPN), QoS und DDNS garantieren sichere Daten\u00fcbertragung, w\u00e4hrend Gigabit-LAN, PoE-WAN, USB-C und TF-Slot vielseitige Anschlussm\u00f6glichkeiten bieten. Ein integrierter Watchdog sorgt f\u00fcr automatischen Neustart bei St\u00f6rungen, w\u00e4hrend das widerstandsf\u00e4hige Design den Einsatz im Outdoor- und Campingbereich zuverl\u00e4ssig macht.<\/p>\n<p>Technische Details Antenne:<\/p>\n<ul>\n<li>LTE\/5G + 2,4G \/ 5,8 G WiFi + GPS-Antenne<\/li>\n<li>Frequenzbereich: 617-960 MHz (+2 dBi), 1710-2800 MHz (+6 dBi), 3300-6000 MHz (+7 dBi)<\/li>\n<li>GPS: 2.8 dBi (+28 dB)<\/li>\n<li>WiFi: 2.4G \/ 5.8G (+ 6 dBi)<\/li>\n<li>Abstrahlcharakteristik Omni-direktional; Polarisation: Linear Vertical<\/li>\n<li>Maximale Leistung: 50 Watt<\/li>\n<li>Antennenkabel: 5x RG316, 1x RG174 3 m<\/li>\n<li>Anschluss: 5x SMA \/ 1x Fakar<\/li>\n<li>Abnehmbare Montageplatte<\/li>\n<li>Temperaturbereich \/ Lagertemperatur: -20\u00b0 C \u2013 +65\u00b0 C \/ -40\u00b0 C \u2013 +85\u00b0 C<\/li>\n<li>Abmessungen (B\/H\/T) \/ Gewicht: 252 x 215 x 95 mm \/ ca. 750 g<\/li>\n<\/ul>\n<p>Technische Details Router:<\/p>\n<p>Allgemein:<\/p>\n<ul>\n<li>Ger\u00e4tetyp: 4G\/5G Dual-SIM Router mit Wi-Fi 6<\/li>\n<li>Max. WLAN-Geschwindigkeit: 574 Mbit\/s (2,4 GHz) \/ 2402 Mbit\/s (5 GHz) \/ Kombiniert bis zu 3000 Mbit\/s<\/li>\n<li>Multi-WAN: Ethernet, Mobilfunk, Repeater (Priorisierung frei konfigurierbar)<\/li>\n<li>Load-Balancing &amp; Failover: f\u00fcr h\u00f6here Netzstabilit\u00e4t<\/li>\n<li>Betriebssystem: OpenWrt 21.02 (Kernel 5.15)<\/li>\n<li>CPU: MediaTek MT7981B, Dual-Core, 1,3 GHz<\/li>\n<li>Speicher: 512 MB DDR3 RAM + 128 MB NAND (optional 8 GB eMMC)<\/li>\n<\/ul>\n<p>Mobilfunk:<\/p>\n<ul>\n<li>Netzstandards: 5G NR, 4G LTE<\/li>\n<li>SIM-Slots: 2x Nano-SIM (12,3 x 8,8 mm)<\/li>\n<li>eSIM-Unterst\u00fctzung<\/li>\n<li>Funktionen: SMS-Empfang, Anzeige Signalst\u00e4rke<\/li>\n<\/ul>\n<p>WLAN:<\/p>\n<ul>\n<li>Standard: IEEE 802.11 a\/b\/g\/n\/ac\/ax (Wi-Fi 6)<\/li>\n<li>Modi: Routing, Wireless Bridge, Wired Bridge, Repeater<\/li>\n<li>Konfiguration: SSID-Scan, automatische oder manuelle Einstellung<\/li>\n<li>Erweiterte Einstellungen:<\/li>\n<li>Verschl\u00fcsselung &amp; Passwort\u00e4nderung, Kanal- und Bandbreitenwahl,<\/li>\n<li>Anpassung der Sendeleistung, WLAN-AP an\/aus<\/li>\n<\/ul>\n<p>Antennen:<\/p>\n<ul>\n<li>Gesamt: 6 Anschl\u00fcsse (intern\/extern kombinierbar)<\/li>\n<li>4x LTE\/5G<\/li>\n<li>2x Wi-Fi (2,4\/5 GHz)<\/li>\n<li>1x zus\u00e4tzliche 5,8 GHz Innenantenne<\/li>\n<li>1x GPS-Antenne<\/li>\n<\/ul>\n<p>Lieferumfang: inklusive Au\u00dfen-Antenne, Router, Antennen, Anschlusskabel f\u00fcr Antenne und Router (3 m), Montageplatte, Dachdurchf\u00fchrung, 230 Volt Netzteil, 12 V KFZ-Anschlu\u00dfkabel und Bedienungsanleitung<\/p>\n<p><!--EndFragment --><\/p>\n","protected":false},"excerpt":{"rendered":"<p>Der 5G-WiFi 6 Router mit Dual-SIM und eSIM liefert bis zu 3000 Mbit\/s und sorgt dank Multi-WAN mit automatischem Failover jederzeit f\u00fcr eine stabile Internetverbindung. Die robuste Au\u00dfenantenne mit bis zu 6 dBi Verst\u00e4rkung verbessert LTE\/5G- und WiFi-Empfang und l\u00e4sst sich flexibel montieren. Ein GPS-Anschluss erm\u00f6glicht zudem pr\u00e4zise Fahrzeugortung. Firewall, VPN (WireGuard\/OpenVPN), QoS und DDNS [&hellip;]<\/p>\n","protected":false},"featured_media":233316,"template":"","meta":{"_acf_changed":false},"product_featured_cat":[],"product_brand":[],"product_cat":[4076],"product_tag":[],"class_list":{"0":"post-233326","1":"product","2":"type-product","3":"status-publish","4":"has-post-thumbnail","6":"product_cat-sat-anlagen-zubehoer","8":"first","9":"instock","10":"taxable","11":"shipping-taxable","12":"purchasable","13":"product-type-simple"},"acf":[],"yoast_head":"<!-- This site is optimized with the Yoast SEO plugin v27.4 - https:\/\/yoast.com\/product\/yoast-seo-wordpress\/ -->\n<title>WiFi System Camper Connected 5G mit eSim - Bantam Camping AG<\/title>\n<meta name=\"robots\" content=\"index, follow, max-snippet:-1, max-image-preview:large, max-video-preview:-1\" \/>\n<link rel=\"canonical\" href=\"https:\/\/shop.bantam.ch\/de\/produkt\/wifi-system-camper-connected-5g-mit-esim\/\" \/>\n<meta property=\"og:locale\" content=\"de_DE\" \/>\n<meta property=\"og:type\" content=\"article\" \/>\n<meta property=\"og:title\" content=\"WiFi System Camper Connected 5G mit eSim - Bantam Camping AG\" \/>\n<meta property=\"og:description\" content=\"Der 5G-WiFi 6 Router mit Dual-SIM und eSIM liefert bis zu 3000 Mbit\/s und sorgt dank Multi-WAN mit automatischem Failover jederzeit f\u00fcr eine stabile Internetverbindung. Die robuste Au\u00dfenantenne mit bis zu 6 dBi Verst\u00e4rkung verbessert LTE\/5G- und WiFi-Empfang und l\u00e4sst sich flexibel montieren. Ein GPS-Anschluss erm\u00f6glicht zudem pr\u00e4zise Fahrzeugortung. Firewall, VPN (WireGuard\/OpenVPN), QoS und DDNS [&hellip;]\" \/>\n<meta property=\"og:url\" content=\"https:\/\/shop.bantam.ch\/de\/produkt\/wifi-system-camper-connected-5g-mit-esim\/\" \/>\n<meta property=\"og:site_name\" content=\"Bantam Camping AG\" \/>\n<meta property=\"article:modified_time\" content=\"2026-04-19T22:02:27+00:00\" \/>\n<meta name=\"twitter:card\" content=\"summary_large_image\" \/>\n<meta name=\"twitter:label1\" content=\"Gesch\u00e4tzte Lesezeit\" \/>\n\t<meta name=\"twitter:data1\" content=\"2\u00a0Minuten\" \/>\n<script type=\"application\/ld+json\" class=\"yoast-schema-graph\">{\"@context\":\"https:\\\/\\\/schema.org\",\"@graph\":[{\"@type\":\"WebPage\",\"@id\":\"https:\\\/\\\/shop.bantam.ch\\\/de\\\/produkt\\\/wifi-system-camper-connected-5g-mit-esim\\\/\",\"url\":\"https:\\\/\\\/shop.bantam.ch\\\/de\\\/produkt\\\/wifi-system-camper-connected-5g-mit-esim\\\/\",\"name\":\"WiFi System Camper Connected 5G mit eSim - Bantam Camping AG\",\"isPartOf\":{\"@id\":\"https:\\\/\\\/shop.bantam.ch\\\/de\\\/#website\"},\"primaryImageOfPage\":{\"@id\":\"https:\\\/\\\/shop.bantam.ch\\\/de\\\/produkt\\\/wifi-system-camper-connected-5g-mit-esim\\\/#primaryimage\"},\"image\":{\"@id\":\"https:\\\/\\\/shop.bantam.ch\\\/de\\\/produkt\\\/wifi-system-camper-connected-5g-mit-esim\\\/#primaryimage\"},\"thumbnailUrl\":\"https:\\\/\\\/shop.bantam.ch\\\/wp-content\\\/uploads\\\/2026\\\/02\\\/Movera-L-9976207100.png\",\"datePublished\":\"2026-02-04T10:06:46+00:00\",\"dateModified\":\"2026-04-19T22:02:27+00:00\",\"breadcrumb\":{\"@id\":\"https:\\\/\\\/shop.bantam.ch\\\/de\\\/produkt\\\/wifi-system-camper-connected-5g-mit-esim\\\/#breadcrumb\"},\"inLanguage\":\"de\",\"potentialAction\":[{\"@type\":\"ReadAction\",\"target\":[\"https:\\\/\\\/shop.bantam.ch\\\/de\\\/produkt\\\/wifi-system-camper-connected-5g-mit-esim\\\/\"]}]},{\"@type\":\"ImageObject\",\"inLanguage\":\"de\",\"@id\":\"https:\\\/\\\/shop.bantam.ch\\\/de\\\/produkt\\\/wifi-system-camper-connected-5g-mit-esim\\\/#primaryimage\",\"url\":\"https:\\\/\\\/shop.bantam.ch\\\/wp-content\\\/uploads\\\/2026\\\/02\\\/Movera-L-9976207100.png\",\"contentUrl\":\"https:\\\/\\\/shop.bantam.ch\\\/wp-content\\\/uploads\\\/2026\\\/02\\\/Movera-L-9976207100.png\",\"width\":640,\"height\":411},{\"@type\":\"BreadcrumbList\",\"@id\":\"https:\\\/\\\/shop.bantam.ch\\\/de\\\/produkt\\\/wifi-system-camper-connected-5g-mit-esim\\\/#breadcrumb\",\"itemListElement\":[{\"@type\":\"ListItem\",\"position\":1,\"name\":\"Accueil\",\"item\":\"https:\\\/\\\/shop.bantam.ch\\\/de\\\/\"},{\"@type\":\"ListItem\",\"position\":2,\"name\":\"Shop\",\"item\":\"https:\\\/\\\/shop.bantam.ch\\\/de\\\/shop\\\/\"},{\"@type\":\"ListItem\",\"position\":3,\"name\":\"WiFi System Camper Connected 5G mit eSim\"}]},{\"@type\":\"WebSite\",\"@id\":\"https:\\\/\\\/shop.bantam.ch\\\/de\\\/#website\",\"url\":\"https:\\\/\\\/shop.bantam.ch\\\/de\\\/\",\"name\":\"Bantam Camping AG\",\"description\":\"\",\"publisher\":{\"@id\":\"https:\\\/\\\/shop.bantam.ch\\\/de\\\/#organization\"},\"inLanguage\":\"de\"},{\"@type\":\"Organization\",\"@id\":\"https:\\\/\\\/shop.bantam.ch\\\/de\\\/#organization\",\"name\":\"Bantam Camping AG\",\"url\":\"https:\\\/\\\/shop.bantam.ch\\\/de\\\/\",\"logo\":{\"@type\":\"ImageObject\",\"inLanguage\":\"de\",\"@id\":\"https:\\\/\\\/shop.bantam.ch\\\/de\\\/#\\\/schema\\\/logo\\\/image\\\/\",\"url\":\"https:\\\/\\\/shop.bantam.ch\\\/wp-content\\\/uploads\\\/2022\\\/12\\\/bantam-logo.png\",\"contentUrl\":\"https:\\\/\\\/shop.bantam.ch\\\/wp-content\\\/uploads\\\/2022\\\/12\\\/bantam-logo.png\",\"width\":320,\"height\":71,\"caption\":\"Bantam Camping AG\"},\"image\":{\"@id\":\"https:\\\/\\\/shop.bantam.ch\\\/de\\\/#\\\/schema\\\/logo\\\/image\\\/\"}}]}<\/script>\n<!-- \/ Yoast SEO plugin. -->","yoast_head_json":{"title":"WiFi System Camper Connected 5G mit eSim - Bantam Camping AG","robots":{"index":"index","follow":"follow","max-snippet":"max-snippet:-1","max-image-preview":"max-image-preview:large","max-video-preview":"max-video-preview:-1"},"canonical":"https:\/\/shop.bantam.ch\/de\/produkt\/wifi-system-camper-connected-5g-mit-esim\/","og_locale":"de_DE","og_type":"article","og_title":"WiFi System Camper Connected 5G mit eSim - Bantam Camping AG","og_description":"Der 5G-WiFi 6 Router mit Dual-SIM und eSIM liefert bis zu 3000 Mbit\/s und sorgt dank Multi-WAN mit automatischem Failover jederzeit f\u00fcr eine stabile Internetverbindung. Die robuste Au\u00dfenantenne mit bis zu 6 dBi Verst\u00e4rkung verbessert LTE\/5G- und WiFi-Empfang und l\u00e4sst sich flexibel montieren. Ein GPS-Anschluss erm\u00f6glicht zudem pr\u00e4zise Fahrzeugortung. Firewall, VPN (WireGuard\/OpenVPN), QoS und DDNS [&hellip;]","og_url":"https:\/\/shop.bantam.ch\/de\/produkt\/wifi-system-camper-connected-5g-mit-esim\/","og_site_name":"Bantam Camping AG","article_modified_time":"2026-04-19T22:02:27+00:00","twitter_card":"summary_large_image","twitter_misc":{"Gesch\u00e4tzte Lesezeit":"2\u00a0Minuten"},"schema":{"@context":"https:\/\/schema.org","@graph":[{"@type":"WebPage","@id":"https:\/\/shop.bantam.ch\/de\/produkt\/wifi-system-camper-connected-5g-mit-esim\/","url":"https:\/\/shop.bantam.ch\/de\/produkt\/wifi-system-camper-connected-5g-mit-esim\/","name":"WiFi System Camper Connected 5G mit eSim - Bantam Camping AG","isPartOf":{"@id":"https:\/\/shop.bantam.ch\/de\/#website"},"primaryImageOfPage":{"@id":"https:\/\/shop.bantam.ch\/de\/produkt\/wifi-system-camper-connected-5g-mit-esim\/#primaryimage"},"image":{"@id":"https:\/\/shop.bantam.ch\/de\/produkt\/wifi-system-camper-connected-5g-mit-esim\/#primaryimage"},"thumbnailUrl":"https:\/\/shop.bantam.ch\/wp-content\/uploads\/2026\/02\/Movera-L-9976207100.png","datePublished":"2026-02-04T10:06:46+00:00","dateModified":"2026-04-19T22:02:27+00:00","breadcrumb":{"@id":"https:\/\/shop.bantam.ch\/de\/produkt\/wifi-system-camper-connected-5g-mit-esim\/#breadcrumb"},"inLanguage":"de","potentialAction":[{"@type":"ReadAction","target":["https:\/\/shop.bantam.ch\/de\/produkt\/wifi-system-camper-connected-5g-mit-esim\/"]}]},{"@type":"ImageObject","inLanguage":"de","@id":"https:\/\/shop.bantam.ch\/de\/produkt\/wifi-system-camper-connected-5g-mit-esim\/#primaryimage","url":"https:\/\/shop.bantam.ch\/wp-content\/uploads\/2026\/02\/Movera-L-9976207100.png","contentUrl":"https:\/\/shop.bantam.ch\/wp-content\/uploads\/2026\/02\/Movera-L-9976207100.png","width":640,"height":411},{"@type":"BreadcrumbList","@id":"https:\/\/shop.bantam.ch\/de\/produkt\/wifi-system-camper-connected-5g-mit-esim\/#breadcrumb","itemListElement":[{"@type":"ListItem","position":1,"name":"Accueil","item":"https:\/\/shop.bantam.ch\/de\/"},{"@type":"ListItem","position":2,"name":"Shop","item":"https:\/\/shop.bantam.ch\/de\/shop\/"},{"@type":"ListItem","position":3,"name":"WiFi System Camper Connected 5G mit eSim"}]},{"@type":"WebSite","@id":"https:\/\/shop.bantam.ch\/de\/#website","url":"https:\/\/shop.bantam.ch\/de\/","name":"Bantam Camping AG","description":"","publisher":{"@id":"https:\/\/shop.bantam.ch\/de\/#organization"},"inLanguage":"de"},{"@type":"Organization","@id":"https:\/\/shop.bantam.ch\/de\/#organization","name":"Bantam Camping AG","url":"https:\/\/shop.bantam.ch\/de\/","logo":{"@type":"ImageObject","inLanguage":"de","@id":"https:\/\/shop.bantam.ch\/de\/#\/schema\/logo\/image\/","url":"https:\/\/shop.bantam.ch\/wp-content\/uploads\/2022\/12\/bantam-logo.png","contentUrl":"https:\/\/shop.bantam.ch\/wp-content\/uploads\/2022\/12\/bantam-logo.png","width":320,"height":71,"caption":"Bantam Camping AG"},"image":{"@id":"https:\/\/shop.bantam.ch\/de\/#\/schema\/logo\/image\/"}}]}},"_links":{"self":[{"href":"https:\/\/shop.bantam.ch\/de\/wp-json\/wp\/v2\/product\/233326","targetHints":{"allow":["GET"]}}],"collection":[{"href":"https:\/\/shop.bantam.ch\/de\/wp-json\/wp\/v2\/product"}],"about":[{"href":"https:\/\/shop.bantam.ch\/de\/wp-json\/wp\/v2\/types\/product"}],"wp:featuredmedia":[{"embeddable":true,"href":"https:\/\/shop.bantam.ch\/de\/wp-json\/wp\/v2\/media\/233316"}],"wp:attachment":[{"href":"https:\/\/shop.bantam.ch\/de\/wp-json\/wp\/v2\/media?parent=233326"}],"wp:term":[{"taxonomy":"product_featured_cat","embeddable":true,"href":"https:\/\/shop.bantam.ch\/de\/wp-json\/wp\/v2\/product_featured_cat?post=233326"},{"taxonomy":"product_brand","embeddable":true,"href":"https:\/\/shop.bantam.ch\/de\/wp-json\/wp\/v2\/product_brand?post=233326"},{"taxonomy":"product_cat","embeddable":true,"href":"https:\/\/shop.bantam.ch\/de\/wp-json\/wp\/v2\/product_cat?post=233326"},{"taxonomy":"product_tag","embeddable":true,"href":"https:\/\/shop.bantam.ch\/de\/wp-json\/wp\/v2\/product_tag?post=233326"}],"curies":[{"name":"wp","href":"https:\/\/api.w.org\/{rel}","templated":true}]}}