{"id":233314,"date":"2026-02-04T11:06:38","date_gmt":"2026-02-04T10:06:38","guid":{"rendered":"https:\/\/shop.bantam.ch\/produit\/ofen-grillkombination-duplex-xs-schwarz\/"},"modified":"2026-05-01T23:51:32","modified_gmt":"2026-05-01T21:51:32","slug":"ofen-grillkombination-duplex-xs-schwarz","status":"publish","type":"product","link":"https:\/\/shop.bantam.ch\/de\/produkt\/ofen-grillkombination-duplex-xs-schwarz\/","title":{"rendered":"Ofen-Grillkombination Duplex XS schwarz"},"content":{"rendered":"<p><!--StartFragment --><\/p>\n<p>Genie\u00dfen Sie mit dem hochwertigen Duplex, einer Backofen- und Grillkombination, k\u00f6stliche Mahlzeiten, \u00fcberall, wo Sie unterwegs sind. Diese Backofen- und Grillkombination aus leicht zu reinigendem Edelstahl ist die perfekte Erg\u00e4nzung f\u00fcr die K\u00fcche Ihres Camper Vans. Der Duplex wird mit LPG Gas betrieben und verf\u00fcgt \u00fcber zwei Brenner, f\u00fcr den Backofen und den Grill. Der XS passt in einen typischen 400 mm tiefen K\u00fcchenblock f\u00fcr Camper Vans.<\/p>\n<ul>\n<li>\u200bPasst in einen typischen K\u00fcchenblock von Camper Vans<\/li>\n<li>Garraum aus Edelstahl<\/li>\n<li>Fassungsverm\u00f6gen des Backofens: 19 l<\/li>\n<\/ul>\n<p><!--EndFragment --><\/p>\n","protected":false},"excerpt":{"rendered":"<p>Genie\u00dfen Sie mit dem hochwertigen Duplex, einer Backofen- und Grillkombination, k\u00f6stliche Mahlzeiten, \u00fcberall, wo Sie unterwegs sind. Diese Backofen- und Grillkombination aus leicht zu reinigendem Edelstahl ist die perfekte Erg\u00e4nzung f\u00fcr die K\u00fcche Ihres Camper Vans. Der Duplex wird mit LPG Gas betrieben und verf\u00fcgt \u00fcber zwei Brenner, f\u00fcr den Backofen und den Grill. Der [&hellip;]<\/p>\n","protected":false},"featured_media":233312,"template":"","meta":{"_acf_changed":false},"product_featured_cat":[],"product_brand":[],"product_cat":[3996],"product_tag":[],"class_list":{"0":"post-233314","1":"product","2":"type-product","3":"status-publish","4":"has-post-thumbnail","6":"product_cat-backoefen-gasherde","8":"first","9":"instock","10":"taxable","11":"shipping-taxable","12":"purchasable","13":"product-type-simple"},"acf":[],"yoast_head":"<!-- This site is optimized with the Yoast SEO plugin v27.5 - https:\/\/yoast.com\/product\/yoast-seo-wordpress\/ -->\n<title>Ofen-Grillkombination Duplex XS schwarz - Bantam<\/title>\n<meta name=\"robots\" content=\"index, follow, max-snippet:-1, max-image-preview:large, max-video-preview:-1\" \/>\n<link rel=\"canonical\" href=\"https:\/\/shop.bantam.ch\/de\/produkt\/ofen-grillkombination-duplex-xs-schwarz\/\" \/>\n<meta property=\"og:locale\" content=\"de_DE\" \/>\n<meta property=\"og:type\" content=\"article\" \/>\n<meta property=\"og:title\" content=\"Ofen-Grillkombination Duplex XS schwarz - Bantam\" \/>\n<meta property=\"og:description\" content=\"Genie\u00dfen Sie mit dem hochwertigen Duplex, einer Backofen- und Grillkombination, k\u00f6stliche Mahlzeiten, \u00fcberall, wo Sie unterwegs sind. Diese Backofen- und Grillkombination aus leicht zu reinigendem Edelstahl ist die perfekte Erg\u00e4nzung f\u00fcr die K\u00fcche Ihres Camper Vans. Der Duplex wird mit LPG Gas betrieben und verf\u00fcgt \u00fcber zwei Brenner, f\u00fcr den Backofen und den Grill. Der [&hellip;]\" \/>\n<meta property=\"og:url\" content=\"https:\/\/shop.bantam.ch\/de\/produkt\/ofen-grillkombination-duplex-xs-schwarz\/\" \/>\n<meta property=\"og:site_name\" content=\"Bantam\" \/>\n<meta property=\"article:modified_time\" content=\"2026-05-01T21:51:32+00:00\" \/>\n<meta name=\"twitter:card\" content=\"summary_large_image\" \/>\n<script type=\"application\/ld+json\" class=\"yoast-schema-graph\">{\"@context\":\"https:\\\/\\\/schema.org\",\"@graph\":[{\"@type\":\"WebPage\",\"@id\":\"https:\\\/\\\/shop.bantam.ch\\\/de\\\/produkt\\\/ofen-grillkombination-duplex-xs-schwarz\\\/\",\"url\":\"https:\\\/\\\/shop.bantam.ch\\\/de\\\/produkt\\\/ofen-grillkombination-duplex-xs-schwarz\\\/\",\"name\":\"Ofen-Grillkombination Duplex XS schwarz - Bantam\",\"isPartOf\":{\"@id\":\"https:\\\/\\\/shop.bantam.ch\\\/de\\\/#website\"},\"primaryImageOfPage\":{\"@id\":\"https:\\\/\\\/shop.bantam.ch\\\/de\\\/produkt\\\/ofen-grillkombination-duplex-xs-schwarz\\\/#primaryimage\"},\"image\":{\"@id\":\"https:\\\/\\\/shop.bantam.ch\\\/de\\\/produkt\\\/ofen-grillkombination-duplex-xs-schwarz\\\/#primaryimage\"},\"thumbnailUrl\":\"https:\\\/\\\/shop.bantam.ch\\\/wp-content\\\/uploads\\\/2026\\\/02\\\/Movera-L-9976174100.jpg\",\"datePublished\":\"2026-02-04T10:06:38+00:00\",\"dateModified\":\"2026-05-01T21:51:32+00:00\",\"breadcrumb\":{\"@id\":\"https:\\\/\\\/shop.bantam.ch\\\/de\\\/produkt\\\/ofen-grillkombination-duplex-xs-schwarz\\\/#breadcrumb\"},\"inLanguage\":\"de\",\"potentialAction\":[{\"@type\":\"ReadAction\",\"target\":[\"https:\\\/\\\/shop.bantam.ch\\\/de\\\/produkt\\\/ofen-grillkombination-duplex-xs-schwarz\\\/\"]}]},{\"@type\":\"ImageObject\",\"inLanguage\":\"de\",\"@id\":\"https:\\\/\\\/shop.bantam.ch\\\/de\\\/produkt\\\/ofen-grillkombination-duplex-xs-schwarz\\\/#primaryimage\",\"url\":\"https:\\\/\\\/shop.bantam.ch\\\/wp-content\\\/uploads\\\/2026\\\/02\\\/Movera-L-9976174100.jpg\",\"contentUrl\":\"https:\\\/\\\/shop.bantam.ch\\\/wp-content\\\/uploads\\\/2026\\\/02\\\/Movera-L-9976174100.jpg\",\"width\":640,\"height\":480},{\"@type\":\"BreadcrumbList\",\"@id\":\"https:\\\/\\\/shop.bantam.ch\\\/de\\\/produkt\\\/ofen-grillkombination-duplex-xs-schwarz\\\/#breadcrumb\",\"itemListElement\":[{\"@type\":\"ListItem\",\"position\":1,\"name\":\"Accueil\",\"item\":\"https:\\\/\\\/shop.bantam.ch\\\/de\\\/\"},{\"@type\":\"ListItem\",\"position\":2,\"name\":\"Shop\",\"item\":\"https:\\\/\\\/shop.bantam.ch\\\/de\\\/shop\\\/\"},{\"@type\":\"ListItem\",\"position\":3,\"name\":\"Ofen-Grillkombination Duplex XS schwarz\"}]},{\"@type\":\"WebSite\",\"@id\":\"https:\\\/\\\/shop.bantam.ch\\\/de\\\/#website\",\"url\":\"https:\\\/\\\/shop.bantam.ch\\\/de\\\/\",\"name\":\"Bantam\",\"description\":\"\",\"publisher\":{\"@id\":\"https:\\\/\\\/shop.bantam.ch\\\/de\\\/#organization\"},\"inLanguage\":\"de\"},{\"@type\":\"Organization\",\"@id\":\"https:\\\/\\\/shop.bantam.ch\\\/de\\\/#organization\",\"name\":\"Bantam\",\"url\":\"https:\\\/\\\/shop.bantam.ch\\\/de\\\/\",\"logo\":{\"@type\":\"ImageObject\",\"inLanguage\":\"de\",\"@id\":\"https:\\\/\\\/shop.bantam.ch\\\/de\\\/#\\\/schema\\\/logo\\\/image\\\/\",\"url\":\"https:\\\/\\\/shop.bantam.ch\\\/wp-content\\\/uploads\\\/2022\\\/12\\\/bantam-logo.png\",\"contentUrl\":\"https:\\\/\\\/shop.bantam.ch\\\/wp-content\\\/uploads\\\/2022\\\/12\\\/bantam-logo.png\",\"width\":320,\"height\":71,\"caption\":\"Bantam\"},\"image\":{\"@id\":\"https:\\\/\\\/shop.bantam.ch\\\/de\\\/#\\\/schema\\\/logo\\\/image\\\/\"}}]}<\/script>\n<!-- \/ Yoast SEO plugin. -->","yoast_head_json":{"title":"Ofen-Grillkombination Duplex XS schwarz - Bantam","robots":{"index":"index","follow":"follow","max-snippet":"max-snippet:-1","max-image-preview":"max-image-preview:large","max-video-preview":"max-video-preview:-1"},"canonical":"https:\/\/shop.bantam.ch\/de\/produkt\/ofen-grillkombination-duplex-xs-schwarz\/","og_locale":"de_DE","og_type":"article","og_title":"Ofen-Grillkombination Duplex XS schwarz - Bantam","og_description":"Genie\u00dfen Sie mit dem hochwertigen Duplex, einer Backofen- und Grillkombination, k\u00f6stliche Mahlzeiten, \u00fcberall, wo Sie unterwegs sind. Diese Backofen- und Grillkombination aus leicht zu reinigendem Edelstahl ist die perfekte Erg\u00e4nzung f\u00fcr die K\u00fcche Ihres Camper Vans. Der Duplex wird mit LPG Gas betrieben und verf\u00fcgt \u00fcber zwei Brenner, f\u00fcr den Backofen und den Grill. Der [&hellip;]","og_url":"https:\/\/shop.bantam.ch\/de\/produkt\/ofen-grillkombination-duplex-xs-schwarz\/","og_site_name":"Bantam","article_modified_time":"2026-05-01T21:51:32+00:00","twitter_card":"summary_large_image","schema":{"@context":"https:\/\/schema.org","@graph":[{"@type":"WebPage","@id":"https:\/\/shop.bantam.ch\/de\/produkt\/ofen-grillkombination-duplex-xs-schwarz\/","url":"https:\/\/shop.bantam.ch\/de\/produkt\/ofen-grillkombination-duplex-xs-schwarz\/","name":"Ofen-Grillkombination Duplex XS schwarz - Bantam","isPartOf":{"@id":"https:\/\/shop.bantam.ch\/de\/#website"},"primaryImageOfPage":{"@id":"https:\/\/shop.bantam.ch\/de\/produkt\/ofen-grillkombination-duplex-xs-schwarz\/#primaryimage"},"image":{"@id":"https:\/\/shop.bantam.ch\/de\/produkt\/ofen-grillkombination-duplex-xs-schwarz\/#primaryimage"},"thumbnailUrl":"https:\/\/shop.bantam.ch\/wp-content\/uploads\/2026\/02\/Movera-L-9976174100.jpg","datePublished":"2026-02-04T10:06:38+00:00","dateModified":"2026-05-01T21:51:32+00:00","breadcrumb":{"@id":"https:\/\/shop.bantam.ch\/de\/produkt\/ofen-grillkombination-duplex-xs-schwarz\/#breadcrumb"},"inLanguage":"de","potentialAction":[{"@type":"ReadAction","target":["https:\/\/shop.bantam.ch\/de\/produkt\/ofen-grillkombination-duplex-xs-schwarz\/"]}]},{"@type":"ImageObject","inLanguage":"de","@id":"https:\/\/shop.bantam.ch\/de\/produkt\/ofen-grillkombination-duplex-xs-schwarz\/#primaryimage","url":"https:\/\/shop.bantam.ch\/wp-content\/uploads\/2026\/02\/Movera-L-9976174100.jpg","contentUrl":"https:\/\/shop.bantam.ch\/wp-content\/uploads\/2026\/02\/Movera-L-9976174100.jpg","width":640,"height":480},{"@type":"BreadcrumbList","@id":"https:\/\/shop.bantam.ch\/de\/produkt\/ofen-grillkombination-duplex-xs-schwarz\/#breadcrumb","itemListElement":[{"@type":"ListItem","position":1,"name":"Accueil","item":"https:\/\/shop.bantam.ch\/de\/"},{"@type":"ListItem","position":2,"name":"Shop","item":"https:\/\/shop.bantam.ch\/de\/shop\/"},{"@type":"ListItem","position":3,"name":"Ofen-Grillkombination Duplex XS schwarz"}]},{"@type":"WebSite","@id":"https:\/\/shop.bantam.ch\/de\/#website","url":"https:\/\/shop.bantam.ch\/de\/","name":"Bantam","description":"","publisher":{"@id":"https:\/\/shop.bantam.ch\/de\/#organization"},"inLanguage":"de"},{"@type":"Organization","@id":"https:\/\/shop.bantam.ch\/de\/#organization","name":"Bantam","url":"https:\/\/shop.bantam.ch\/de\/","logo":{"@type":"ImageObject","inLanguage":"de","@id":"https:\/\/shop.bantam.ch\/de\/#\/schema\/logo\/image\/","url":"https:\/\/shop.bantam.ch\/wp-content\/uploads\/2022\/12\/bantam-logo.png","contentUrl":"https:\/\/shop.bantam.ch\/wp-content\/uploads\/2022\/12\/bantam-logo.png","width":320,"height":71,"caption":"Bantam"},"image":{"@id":"https:\/\/shop.bantam.ch\/de\/#\/schema\/logo\/image\/"}}]}},"_links":{"self":[{"href":"https:\/\/shop.bantam.ch\/de\/wp-json\/wp\/v2\/product\/233314","targetHints":{"allow":["GET"]}}],"collection":[{"href":"https:\/\/shop.bantam.ch\/de\/wp-json\/wp\/v2\/product"}],"about":[{"href":"https:\/\/shop.bantam.ch\/de\/wp-json\/wp\/v2\/types\/product"}],"wp:featuredmedia":[{"embeddable":true,"href":"https:\/\/shop.bantam.ch\/de\/wp-json\/wp\/v2\/media\/233312"}],"wp:attachment":[{"href":"https:\/\/shop.bantam.ch\/de\/wp-json\/wp\/v2\/media?parent=233314"}],"wp:term":[{"taxonomy":"product_featured_cat","embeddable":true,"href":"https:\/\/shop.bantam.ch\/de\/wp-json\/wp\/v2\/product_featured_cat?post=233314"},{"taxonomy":"product_brand","embeddable":true,"href":"https:\/\/shop.bantam.ch\/de\/wp-json\/wp\/v2\/product_brand?post=233314"},{"taxonomy":"product_cat","embeddable":true,"href":"https:\/\/shop.bantam.ch\/de\/wp-json\/wp\/v2\/product_cat?post=233314"},{"taxonomy":"product_tag","embeddable":true,"href":"https:\/\/shop.bantam.ch\/de\/wp-json\/wp\/v2\/product_tag?post=233314"}],"curies":[{"name":"wp","href":"https:\/\/api.w.org\/{rel}","templated":true}]}}