{"id":233280,"date":"2026-02-04T11:05:31","date_gmt":"2026-02-04T10:05:31","guid":{"rendered":"https:\/\/shop.bantam.ch\/produit\/birdview-kamera-set-safety-csv361hd-ohne-monitor\/"},"modified":"2026-04-20T00:02:19","modified_gmt":"2026-04-19T22:02:19","slug":"birdview-kamera-set-safety-csv361hd-ohne-monitor","status":"publish","type":"product","link":"https:\/\/shop.bantam.ch\/de\/produkt\/birdview-kamera-set-safety-csv361hd-ohne-monitor\/","title":{"rendered":"Birdview Kamera-Set Safety CSV361HD ohne Monitor"},"content":{"rendered":"<p><!--StartFragment --><!--StartFragment --><\/p>\n<p>Das neue 360\u00b0 HD-Kamerasystem Caratec Safety CSV361HD zeigt Ihnen aus der Vogelperspektive alles, was sich rund um Ihr Wohnmobil befindet \u2013 beim Rangieren, Einparken oder auch w\u00e4hrend der Fahrt.<\/p>\n<p>Vier unauff\u00e4llige Full-HD Weitwinkelkameras (1080p) mit verdeckter Befestigung werden an den Seiten, vorne und hinten montiert. Ein leistungsstarker Videoprozessor f\u00fcgt die Einzelbilder in Echtzeit zu einer nahtlosen Rundumsicht zusammen. So haben Sie jederzeit den \u00dcberblick \u2013 ohne Unterbrechungen oder Verzerrungen. Das System bietet verschiedene Ansichtsarten in 2D und 3D, die sich automatisch oder per Fernbedienung aktivieren lassen, z. B. R\u00fcckfahrkamera bei eingelegtem R\u00fcckw\u00e4rtsgang oder Seitenansichten beim Blinken. Zus\u00e4tzlich k\u00f6nnen Aufnahmen direkt auf SD-Karte gespeichert und \u00fcber USB abgerufen werden.<\/p>\n<p>Lieferumfang: inklusive Steuerbox, 4 Full-HD Kameras (IP69K), Kabels\u00e4tze in verschiedenen L\u00e4ngen, Fernbedienung, GPS-Antenne sowie weiteres Zubeh\u00f6r f\u00fcr den Einbau.<\/p>\n<p><!--EndFragment --><\/p>\n<p><!--EndFragment --><\/p>\n","protected":false},"excerpt":{"rendered":"<p>Das neue 360\u00b0 HD-Kamerasystem Caratec Safety CSV361HD zeigt Ihnen aus der Vogelperspektive alles, was sich rund um Ihr Wohnmobil befindet \u2013 beim Rangieren, Einparken oder auch w\u00e4hrend der Fahrt. Vier unauff\u00e4llige Full-HD Weitwinkelkameras (1080p) mit verdeckter Befestigung werden an den Seiten, vorne und hinten montiert. Ein leistungsstarker Videoprozessor f\u00fcgt die Einzelbilder in Echtzeit zu einer [&hellip;]<\/p>\n","protected":false},"featured_media":233276,"template":"","meta":{"_acf_changed":false},"product_featured_cat":[],"product_brand":[],"product_cat":[5154],"product_tag":[],"class_list":{"0":"post-233280","1":"product","2":"type-product","3":"status-publish","4":"has-post-thumbnail","6":"product_cat-rueckfahrvideosystem-sets","8":"first","9":"instock","10":"taxable","11":"shipping-taxable","12":"purchasable","13":"product-type-simple"},"acf":[],"yoast_head":"<!-- This site is optimized with the Yoast SEO plugin v27.4 - https:\/\/yoast.com\/product\/yoast-seo-wordpress\/ -->\n<title>Birdview Kamera-Set Safety CSV361HD ohne Monitor - Bantam Camping AG<\/title>\n<meta name=\"robots\" content=\"index, follow, max-snippet:-1, max-image-preview:large, max-video-preview:-1\" \/>\n<link rel=\"canonical\" href=\"https:\/\/shop.bantam.ch\/de\/produkt\/birdview-kamera-set-safety-csv361hd-ohne-monitor\/\" \/>\n<meta property=\"og:locale\" content=\"de_DE\" \/>\n<meta property=\"og:type\" content=\"article\" \/>\n<meta property=\"og:title\" content=\"Birdview Kamera-Set Safety CSV361HD ohne Monitor - Bantam Camping AG\" \/>\n<meta property=\"og:description\" content=\"Das neue 360\u00b0 HD-Kamerasystem Caratec Safety CSV361HD zeigt Ihnen aus der Vogelperspektive alles, was sich rund um Ihr Wohnmobil befindet \u2013 beim Rangieren, Einparken oder auch w\u00e4hrend der Fahrt. Vier unauff\u00e4llige Full-HD Weitwinkelkameras (1080p) mit verdeckter Befestigung werden an den Seiten, vorne und hinten montiert. Ein leistungsstarker Videoprozessor f\u00fcgt die Einzelbilder in Echtzeit zu einer [&hellip;]\" \/>\n<meta property=\"og:url\" content=\"https:\/\/shop.bantam.ch\/de\/produkt\/birdview-kamera-set-safety-csv361hd-ohne-monitor\/\" \/>\n<meta property=\"og:site_name\" content=\"Bantam Camping AG\" \/>\n<meta property=\"article:modified_time\" content=\"2026-04-19T22:02:19+00:00\" \/>\n<meta name=\"twitter:card\" content=\"summary_large_image\" \/>\n<meta name=\"twitter:label1\" content=\"Gesch\u00e4tzte Lesezeit\" \/>\n\t<meta name=\"twitter:data1\" content=\"1\u00a0Minute\" \/>\n<script type=\"application\/ld+json\" class=\"yoast-schema-graph\">{\"@context\":\"https:\\\/\\\/schema.org\",\"@graph\":[{\"@type\":\"WebPage\",\"@id\":\"https:\\\/\\\/shop.bantam.ch\\\/de\\\/produkt\\\/birdview-kamera-set-safety-csv361hd-ohne-monitor\\\/\",\"url\":\"https:\\\/\\\/shop.bantam.ch\\\/de\\\/produkt\\\/birdview-kamera-set-safety-csv361hd-ohne-monitor\\\/\",\"name\":\"Birdview Kamera-Set Safety CSV361HD ohne Monitor - Bantam Camping AG\",\"isPartOf\":{\"@id\":\"https:\\\/\\\/shop.bantam.ch\\\/de\\\/#website\"},\"primaryImageOfPage\":{\"@id\":\"https:\\\/\\\/shop.bantam.ch\\\/de\\\/produkt\\\/birdview-kamera-set-safety-csv361hd-ohne-monitor\\\/#primaryimage\"},\"image\":{\"@id\":\"https:\\\/\\\/shop.bantam.ch\\\/de\\\/produkt\\\/birdview-kamera-set-safety-csv361hd-ohne-monitor\\\/#primaryimage\"},\"thumbnailUrl\":\"https:\\\/\\\/shop.bantam.ch\\\/wp-content\\\/uploads\\\/2026\\\/02\\\/Movera-L-9975891100.png\",\"datePublished\":\"2026-02-04T10:05:31+00:00\",\"dateModified\":\"2026-04-19T22:02:19+00:00\",\"breadcrumb\":{\"@id\":\"https:\\\/\\\/shop.bantam.ch\\\/de\\\/produkt\\\/birdview-kamera-set-safety-csv361hd-ohne-monitor\\\/#breadcrumb\"},\"inLanguage\":\"de\",\"potentialAction\":[{\"@type\":\"ReadAction\",\"target\":[\"https:\\\/\\\/shop.bantam.ch\\\/de\\\/produkt\\\/birdview-kamera-set-safety-csv361hd-ohne-monitor\\\/\"]}]},{\"@type\":\"ImageObject\",\"inLanguage\":\"de\",\"@id\":\"https:\\\/\\\/shop.bantam.ch\\\/de\\\/produkt\\\/birdview-kamera-set-safety-csv361hd-ohne-monitor\\\/#primaryimage\",\"url\":\"https:\\\/\\\/shop.bantam.ch\\\/wp-content\\\/uploads\\\/2026\\\/02\\\/Movera-L-9975891100.png\",\"contentUrl\":\"https:\\\/\\\/shop.bantam.ch\\\/wp-content\\\/uploads\\\/2026\\\/02\\\/Movera-L-9975891100.png\",\"width\":640,\"height\":427},{\"@type\":\"BreadcrumbList\",\"@id\":\"https:\\\/\\\/shop.bantam.ch\\\/de\\\/produkt\\\/birdview-kamera-set-safety-csv361hd-ohne-monitor\\\/#breadcrumb\",\"itemListElement\":[{\"@type\":\"ListItem\",\"position\":1,\"name\":\"Accueil\",\"item\":\"https:\\\/\\\/shop.bantam.ch\\\/de\\\/\"},{\"@type\":\"ListItem\",\"position\":2,\"name\":\"Shop\",\"item\":\"https:\\\/\\\/shop.bantam.ch\\\/de\\\/shop\\\/\"},{\"@type\":\"ListItem\",\"position\":3,\"name\":\"Birdview Kamera-Set Safety CSV361HD ohne Monitor\"}]},{\"@type\":\"WebSite\",\"@id\":\"https:\\\/\\\/shop.bantam.ch\\\/de\\\/#website\",\"url\":\"https:\\\/\\\/shop.bantam.ch\\\/de\\\/\",\"name\":\"Bantam Camping AG\",\"description\":\"\",\"publisher\":{\"@id\":\"https:\\\/\\\/shop.bantam.ch\\\/de\\\/#organization\"},\"inLanguage\":\"de\"},{\"@type\":\"Organization\",\"@id\":\"https:\\\/\\\/shop.bantam.ch\\\/de\\\/#organization\",\"name\":\"Bantam Camping AG\",\"url\":\"https:\\\/\\\/shop.bantam.ch\\\/de\\\/\",\"logo\":{\"@type\":\"ImageObject\",\"inLanguage\":\"de\",\"@id\":\"https:\\\/\\\/shop.bantam.ch\\\/de\\\/#\\\/schema\\\/logo\\\/image\\\/\",\"url\":\"https:\\\/\\\/shop.bantam.ch\\\/wp-content\\\/uploads\\\/2022\\\/12\\\/bantam-logo.png\",\"contentUrl\":\"https:\\\/\\\/shop.bantam.ch\\\/wp-content\\\/uploads\\\/2022\\\/12\\\/bantam-logo.png\",\"width\":320,\"height\":71,\"caption\":\"Bantam Camping AG\"},\"image\":{\"@id\":\"https:\\\/\\\/shop.bantam.ch\\\/de\\\/#\\\/schema\\\/logo\\\/image\\\/\"}}]}<\/script>\n<!-- \/ Yoast SEO plugin. -->","yoast_head_json":{"title":"Birdview Kamera-Set Safety CSV361HD ohne Monitor - Bantam Camping AG","robots":{"index":"index","follow":"follow","max-snippet":"max-snippet:-1","max-image-preview":"max-image-preview:large","max-video-preview":"max-video-preview:-1"},"canonical":"https:\/\/shop.bantam.ch\/de\/produkt\/birdview-kamera-set-safety-csv361hd-ohne-monitor\/","og_locale":"de_DE","og_type":"article","og_title":"Birdview Kamera-Set Safety CSV361HD ohne Monitor - Bantam Camping AG","og_description":"Das neue 360\u00b0 HD-Kamerasystem Caratec Safety CSV361HD zeigt Ihnen aus der Vogelperspektive alles, was sich rund um Ihr Wohnmobil befindet \u2013 beim Rangieren, Einparken oder auch w\u00e4hrend der Fahrt. Vier unauff\u00e4llige Full-HD Weitwinkelkameras (1080p) mit verdeckter Befestigung werden an den Seiten, vorne und hinten montiert. Ein leistungsstarker Videoprozessor f\u00fcgt die Einzelbilder in Echtzeit zu einer [&hellip;]","og_url":"https:\/\/shop.bantam.ch\/de\/produkt\/birdview-kamera-set-safety-csv361hd-ohne-monitor\/","og_site_name":"Bantam Camping AG","article_modified_time":"2026-04-19T22:02:19+00:00","twitter_card":"summary_large_image","twitter_misc":{"Gesch\u00e4tzte Lesezeit":"1\u00a0Minute"},"schema":{"@context":"https:\/\/schema.org","@graph":[{"@type":"WebPage","@id":"https:\/\/shop.bantam.ch\/de\/produkt\/birdview-kamera-set-safety-csv361hd-ohne-monitor\/","url":"https:\/\/shop.bantam.ch\/de\/produkt\/birdview-kamera-set-safety-csv361hd-ohne-monitor\/","name":"Birdview Kamera-Set Safety CSV361HD ohne Monitor - Bantam Camping AG","isPartOf":{"@id":"https:\/\/shop.bantam.ch\/de\/#website"},"primaryImageOfPage":{"@id":"https:\/\/shop.bantam.ch\/de\/produkt\/birdview-kamera-set-safety-csv361hd-ohne-monitor\/#primaryimage"},"image":{"@id":"https:\/\/shop.bantam.ch\/de\/produkt\/birdview-kamera-set-safety-csv361hd-ohne-monitor\/#primaryimage"},"thumbnailUrl":"https:\/\/shop.bantam.ch\/wp-content\/uploads\/2026\/02\/Movera-L-9975891100.png","datePublished":"2026-02-04T10:05:31+00:00","dateModified":"2026-04-19T22:02:19+00:00","breadcrumb":{"@id":"https:\/\/shop.bantam.ch\/de\/produkt\/birdview-kamera-set-safety-csv361hd-ohne-monitor\/#breadcrumb"},"inLanguage":"de","potentialAction":[{"@type":"ReadAction","target":["https:\/\/shop.bantam.ch\/de\/produkt\/birdview-kamera-set-safety-csv361hd-ohne-monitor\/"]}]},{"@type":"ImageObject","inLanguage":"de","@id":"https:\/\/shop.bantam.ch\/de\/produkt\/birdview-kamera-set-safety-csv361hd-ohne-monitor\/#primaryimage","url":"https:\/\/shop.bantam.ch\/wp-content\/uploads\/2026\/02\/Movera-L-9975891100.png","contentUrl":"https:\/\/shop.bantam.ch\/wp-content\/uploads\/2026\/02\/Movera-L-9975891100.png","width":640,"height":427},{"@type":"BreadcrumbList","@id":"https:\/\/shop.bantam.ch\/de\/produkt\/birdview-kamera-set-safety-csv361hd-ohne-monitor\/#breadcrumb","itemListElement":[{"@type":"ListItem","position":1,"name":"Accueil","item":"https:\/\/shop.bantam.ch\/de\/"},{"@type":"ListItem","position":2,"name":"Shop","item":"https:\/\/shop.bantam.ch\/de\/shop\/"},{"@type":"ListItem","position":3,"name":"Birdview Kamera-Set Safety CSV361HD ohne Monitor"}]},{"@type":"WebSite","@id":"https:\/\/shop.bantam.ch\/de\/#website","url":"https:\/\/shop.bantam.ch\/de\/","name":"Bantam Camping AG","description":"","publisher":{"@id":"https:\/\/shop.bantam.ch\/de\/#organization"},"inLanguage":"de"},{"@type":"Organization","@id":"https:\/\/shop.bantam.ch\/de\/#organization","name":"Bantam Camping AG","url":"https:\/\/shop.bantam.ch\/de\/","logo":{"@type":"ImageObject","inLanguage":"de","@id":"https:\/\/shop.bantam.ch\/de\/#\/schema\/logo\/image\/","url":"https:\/\/shop.bantam.ch\/wp-content\/uploads\/2022\/12\/bantam-logo.png","contentUrl":"https:\/\/shop.bantam.ch\/wp-content\/uploads\/2022\/12\/bantam-logo.png","width":320,"height":71,"caption":"Bantam Camping AG"},"image":{"@id":"https:\/\/shop.bantam.ch\/de\/#\/schema\/logo\/image\/"}}]}},"_links":{"self":[{"href":"https:\/\/shop.bantam.ch\/de\/wp-json\/wp\/v2\/product\/233280","targetHints":{"allow":["GET"]}}],"collection":[{"href":"https:\/\/shop.bantam.ch\/de\/wp-json\/wp\/v2\/product"}],"about":[{"href":"https:\/\/shop.bantam.ch\/de\/wp-json\/wp\/v2\/types\/product"}],"wp:featuredmedia":[{"embeddable":true,"href":"https:\/\/shop.bantam.ch\/de\/wp-json\/wp\/v2\/media\/233276"}],"wp:attachment":[{"href":"https:\/\/shop.bantam.ch\/de\/wp-json\/wp\/v2\/media?parent=233280"}],"wp:term":[{"taxonomy":"product_featured_cat","embeddable":true,"href":"https:\/\/shop.bantam.ch\/de\/wp-json\/wp\/v2\/product_featured_cat?post=233280"},{"taxonomy":"product_brand","embeddable":true,"href":"https:\/\/shop.bantam.ch\/de\/wp-json\/wp\/v2\/product_brand?post=233280"},{"taxonomy":"product_cat","embeddable":true,"href":"https:\/\/shop.bantam.ch\/de\/wp-json\/wp\/v2\/product_cat?post=233280"},{"taxonomy":"product_tag","embeddable":true,"href":"https:\/\/shop.bantam.ch\/de\/wp-json\/wp\/v2\/product_tag?post=233280"}],"curies":[{"name":"wp","href":"https:\/\/api.w.org\/{rel}","templated":true}]}}