{"id":233210,"date":"2026-02-04T11:03:47","date_gmt":"2026-02-04T10:03:47","guid":{"rendered":"https:\/\/shop.bantam.ch\/produit\/gaskartusche-cv-470-all-season-blau-weiss\/"},"modified":"2026-04-18T23:58:41","modified_gmt":"2026-04-18T21:58:41","slug":"gaskartusche-cv-470-all-season-blau-weiss","status":"publish","type":"product","link":"https:\/\/shop.bantam.ch\/de\/produkt\/gaskartusche-cv-470-all-season-blau-weiss\/","title":{"rendered":"Gaskartusche CV 470 All Season blau wei\u00df"},"content":{"rendered":"<p>Unser All Season Gas CV 470 erm\u00f6glicht eine Nutzung \u00fcbers ganze Jahr verteilt. Dank des Sicherheitsventils kann die Kartusche von den Ger\u00e4ten abgenommen werden, auch wenn sie noch nicht vollst\u00e4ndig entleert ist. F\u00fcr den Einsatz an Campingaz\u00ae-Ger\u00e4ten mit Easy Clic\u00ae-, Easy Clic\u00ae Plus-Verschluss oder traditionellem Campingaz\u00ae-Verschluss.. Campingaz\u00ae hat ein umfassendes Sortiment an Ventilkartuschen f\u00fcr ein breites Einsatzspektrum: Kochen, Grillen, Leuchten sowie Bastel- und Heimwerkerarbeiten. Die Ventilkartuschen sind mit dem selbstschlie\u00dfenden Sicherheitsventil ausgestattet und k\u00f6nnen ganz einfach vom Ger\u00e4t abgenommen werden, auch wenn sie noch nicht vollst\u00e4ndig entleert sind. Das ist ein gro\u00dfer Vorteil, wenn man die Kartuschen transportiert, nach der Nutzung lagert oder mehrere Ger\u00e4te nacheinander mit einer Kartusche betreiben m\u00f6chte. Campingaz\u00ae-Ventilkartuschen sind in vielen L\u00e4ndern der Erde erh\u00e4ltlich.<\/p>\n","protected":false},"excerpt":{"rendered":"<p>Unser All Season Gas CV 470 erm\u00f6glicht eine Nutzung \u00fcbers ganze Jahr verteilt. Dank des Sicherheitsventils kann die Kartusche von den Ger\u00e4ten abgenommen werden, auch wenn sie noch nicht vollst\u00e4ndig entleert ist. F\u00fcr den Einsatz an Campingaz\u00ae-Ger\u00e4ten mit Easy Clic\u00ae-, Easy Clic\u00ae Plus-Verschluss oder traditionellem Campingaz\u00ae-Verschluss.. Campingaz\u00ae hat ein umfassendes Sortiment an Ventilkartuschen f\u00fcr ein [&hellip;]<\/p>\n","protected":false},"featured_media":233206,"template":"","meta":{"_acf_changed":false},"product_featured_cat":[],"product_brand":[],"product_cat":[4484],"product_tag":[],"class_list":{"0":"post-233210","1":"product","2":"type-product","3":"status-publish","4":"has-post-thumbnail","6":"product_cat-gaskartuschen","8":"first","9":"instock","10":"taxable","11":"shipping-taxable","12":"purchasable","13":"product-type-simple"},"acf":[],"yoast_head":"<!-- This site is optimized with the Yoast SEO plugin v27.4 - https:\/\/yoast.com\/product\/yoast-seo-wordpress\/ -->\n<title>Gaskartusche CV 470 All Season blau wei\u00df - Bantam Camping AG<\/title>\n<meta name=\"robots\" content=\"index, follow, max-snippet:-1, max-image-preview:large, max-video-preview:-1\" \/>\n<link rel=\"canonical\" href=\"https:\/\/shop.bantam.ch\/de\/produkt\/gaskartusche-cv-470-all-season-blau-weiss\/\" \/>\n<meta property=\"og:locale\" content=\"de_DE\" \/>\n<meta property=\"og:type\" content=\"article\" \/>\n<meta property=\"og:title\" content=\"Gaskartusche CV 470 All Season blau wei\u00df - Bantam Camping AG\" \/>\n<meta property=\"og:description\" content=\"Unser All Season Gas CV 470 erm\u00f6glicht eine Nutzung \u00fcbers ganze Jahr verteilt. Dank des Sicherheitsventils kann die Kartusche von den Ger\u00e4ten abgenommen werden, auch wenn sie noch nicht vollst\u00e4ndig entleert ist. F\u00fcr den Einsatz an Campingaz\u00ae-Ger\u00e4ten mit Easy Clic\u00ae-, Easy Clic\u00ae Plus-Verschluss oder traditionellem Campingaz\u00ae-Verschluss.. Campingaz\u00ae hat ein umfassendes Sortiment an Ventilkartuschen f\u00fcr ein [&hellip;]\" \/>\n<meta property=\"og:url\" content=\"https:\/\/shop.bantam.ch\/de\/produkt\/gaskartusche-cv-470-all-season-blau-weiss\/\" \/>\n<meta property=\"og:site_name\" content=\"Bantam Camping AG\" \/>\n<meta property=\"article:modified_time\" content=\"2026-04-18T21:58:41+00:00\" \/>\n<meta name=\"twitter:card\" content=\"summary_large_image\" \/>\n<meta name=\"twitter:label1\" content=\"Gesch\u00e4tzte Lesezeit\" \/>\n\t<meta name=\"twitter:data1\" content=\"1\u00a0Minute\" \/>\n<script type=\"application\/ld+json\" class=\"yoast-schema-graph\">{\"@context\":\"https:\\\/\\\/schema.org\",\"@graph\":[{\"@type\":\"WebPage\",\"@id\":\"https:\\\/\\\/shop.bantam.ch\\\/de\\\/produkt\\\/gaskartusche-cv-470-all-season-blau-weiss\\\/\",\"url\":\"https:\\\/\\\/shop.bantam.ch\\\/de\\\/produkt\\\/gaskartusche-cv-470-all-season-blau-weiss\\\/\",\"name\":\"Gaskartusche CV 470 All Season blau wei\u00df - Bantam Camping AG\",\"isPartOf\":{\"@id\":\"https:\\\/\\\/shop.bantam.ch\\\/de\\\/#website\"},\"primaryImageOfPage\":{\"@id\":\"https:\\\/\\\/shop.bantam.ch\\\/de\\\/produkt\\\/gaskartusche-cv-470-all-season-blau-weiss\\\/#primaryimage\"},\"image\":{\"@id\":\"https:\\\/\\\/shop.bantam.ch\\\/de\\\/produkt\\\/gaskartusche-cv-470-all-season-blau-weiss\\\/#primaryimage\"},\"thumbnailUrl\":\"https:\\\/\\\/shop.bantam.ch\\\/wp-content\\\/uploads\\\/2026\\\/02\\\/Movera-L-9976014100.jpg\",\"datePublished\":\"2026-02-04T10:03:47+00:00\",\"dateModified\":\"2026-04-18T21:58:41+00:00\",\"breadcrumb\":{\"@id\":\"https:\\\/\\\/shop.bantam.ch\\\/de\\\/produkt\\\/gaskartusche-cv-470-all-season-blau-weiss\\\/#breadcrumb\"},\"inLanguage\":\"de\",\"potentialAction\":[{\"@type\":\"ReadAction\",\"target\":[\"https:\\\/\\\/shop.bantam.ch\\\/de\\\/produkt\\\/gaskartusche-cv-470-all-season-blau-weiss\\\/\"]}]},{\"@type\":\"ImageObject\",\"inLanguage\":\"de\",\"@id\":\"https:\\\/\\\/shop.bantam.ch\\\/de\\\/produkt\\\/gaskartusche-cv-470-all-season-blau-weiss\\\/#primaryimage\",\"url\":\"https:\\\/\\\/shop.bantam.ch\\\/wp-content\\\/uploads\\\/2026\\\/02\\\/Movera-L-9976014100.jpg\",\"contentUrl\":\"https:\\\/\\\/shop.bantam.ch\\\/wp-content\\\/uploads\\\/2026\\\/02\\\/Movera-L-9976014100.jpg\",\"width\":640,\"height\":978},{\"@type\":\"BreadcrumbList\",\"@id\":\"https:\\\/\\\/shop.bantam.ch\\\/de\\\/produkt\\\/gaskartusche-cv-470-all-season-blau-weiss\\\/#breadcrumb\",\"itemListElement\":[{\"@type\":\"ListItem\",\"position\":1,\"name\":\"Accueil\",\"item\":\"https:\\\/\\\/shop.bantam.ch\\\/de\\\/\"},{\"@type\":\"ListItem\",\"position\":2,\"name\":\"Shop\",\"item\":\"https:\\\/\\\/shop.bantam.ch\\\/de\\\/shop\\\/\"},{\"@type\":\"ListItem\",\"position\":3,\"name\":\"Gaskartusche CV 470 All Season blau wei\u00df\"}]},{\"@type\":\"WebSite\",\"@id\":\"https:\\\/\\\/shop.bantam.ch\\\/de\\\/#website\",\"url\":\"https:\\\/\\\/shop.bantam.ch\\\/de\\\/\",\"name\":\"Bantam Camping AG\",\"description\":\"\",\"publisher\":{\"@id\":\"https:\\\/\\\/shop.bantam.ch\\\/de\\\/#organization\"},\"inLanguage\":\"de\"},{\"@type\":\"Organization\",\"@id\":\"https:\\\/\\\/shop.bantam.ch\\\/de\\\/#organization\",\"name\":\"Bantam Camping AG\",\"url\":\"https:\\\/\\\/shop.bantam.ch\\\/de\\\/\",\"logo\":{\"@type\":\"ImageObject\",\"inLanguage\":\"de\",\"@id\":\"https:\\\/\\\/shop.bantam.ch\\\/de\\\/#\\\/schema\\\/logo\\\/image\\\/\",\"url\":\"https:\\\/\\\/shop.bantam.ch\\\/wp-content\\\/uploads\\\/2022\\\/12\\\/bantam-logo.png\",\"contentUrl\":\"https:\\\/\\\/shop.bantam.ch\\\/wp-content\\\/uploads\\\/2022\\\/12\\\/bantam-logo.png\",\"width\":320,\"height\":71,\"caption\":\"Bantam Camping AG\"},\"image\":{\"@id\":\"https:\\\/\\\/shop.bantam.ch\\\/de\\\/#\\\/schema\\\/logo\\\/image\\\/\"}}]}<\/script>\n<!-- \/ Yoast SEO plugin. -->","yoast_head_json":{"title":"Gaskartusche CV 470 All Season blau wei\u00df - Bantam Camping AG","robots":{"index":"index","follow":"follow","max-snippet":"max-snippet:-1","max-image-preview":"max-image-preview:large","max-video-preview":"max-video-preview:-1"},"canonical":"https:\/\/shop.bantam.ch\/de\/produkt\/gaskartusche-cv-470-all-season-blau-weiss\/","og_locale":"de_DE","og_type":"article","og_title":"Gaskartusche CV 470 All Season blau wei\u00df - Bantam Camping AG","og_description":"Unser All Season Gas CV 470 erm\u00f6glicht eine Nutzung \u00fcbers ganze Jahr verteilt. Dank des Sicherheitsventils kann die Kartusche von den Ger\u00e4ten abgenommen werden, auch wenn sie noch nicht vollst\u00e4ndig entleert ist. F\u00fcr den Einsatz an Campingaz\u00ae-Ger\u00e4ten mit Easy Clic\u00ae-, Easy Clic\u00ae Plus-Verschluss oder traditionellem Campingaz\u00ae-Verschluss.. Campingaz\u00ae hat ein umfassendes Sortiment an Ventilkartuschen f\u00fcr ein [&hellip;]","og_url":"https:\/\/shop.bantam.ch\/de\/produkt\/gaskartusche-cv-470-all-season-blau-weiss\/","og_site_name":"Bantam Camping AG","article_modified_time":"2026-04-18T21:58:41+00:00","twitter_card":"summary_large_image","twitter_misc":{"Gesch\u00e4tzte Lesezeit":"1\u00a0Minute"},"schema":{"@context":"https:\/\/schema.org","@graph":[{"@type":"WebPage","@id":"https:\/\/shop.bantam.ch\/de\/produkt\/gaskartusche-cv-470-all-season-blau-weiss\/","url":"https:\/\/shop.bantam.ch\/de\/produkt\/gaskartusche-cv-470-all-season-blau-weiss\/","name":"Gaskartusche CV 470 All Season blau wei\u00df - Bantam Camping AG","isPartOf":{"@id":"https:\/\/shop.bantam.ch\/de\/#website"},"primaryImageOfPage":{"@id":"https:\/\/shop.bantam.ch\/de\/produkt\/gaskartusche-cv-470-all-season-blau-weiss\/#primaryimage"},"image":{"@id":"https:\/\/shop.bantam.ch\/de\/produkt\/gaskartusche-cv-470-all-season-blau-weiss\/#primaryimage"},"thumbnailUrl":"https:\/\/shop.bantam.ch\/wp-content\/uploads\/2026\/02\/Movera-L-9976014100.jpg","datePublished":"2026-02-04T10:03:47+00:00","dateModified":"2026-04-18T21:58:41+00:00","breadcrumb":{"@id":"https:\/\/shop.bantam.ch\/de\/produkt\/gaskartusche-cv-470-all-season-blau-weiss\/#breadcrumb"},"inLanguage":"de","potentialAction":[{"@type":"ReadAction","target":["https:\/\/shop.bantam.ch\/de\/produkt\/gaskartusche-cv-470-all-season-blau-weiss\/"]}]},{"@type":"ImageObject","inLanguage":"de","@id":"https:\/\/shop.bantam.ch\/de\/produkt\/gaskartusche-cv-470-all-season-blau-weiss\/#primaryimage","url":"https:\/\/shop.bantam.ch\/wp-content\/uploads\/2026\/02\/Movera-L-9976014100.jpg","contentUrl":"https:\/\/shop.bantam.ch\/wp-content\/uploads\/2026\/02\/Movera-L-9976014100.jpg","width":640,"height":978},{"@type":"BreadcrumbList","@id":"https:\/\/shop.bantam.ch\/de\/produkt\/gaskartusche-cv-470-all-season-blau-weiss\/#breadcrumb","itemListElement":[{"@type":"ListItem","position":1,"name":"Accueil","item":"https:\/\/shop.bantam.ch\/de\/"},{"@type":"ListItem","position":2,"name":"Shop","item":"https:\/\/shop.bantam.ch\/de\/shop\/"},{"@type":"ListItem","position":3,"name":"Gaskartusche CV 470 All Season blau wei\u00df"}]},{"@type":"WebSite","@id":"https:\/\/shop.bantam.ch\/de\/#website","url":"https:\/\/shop.bantam.ch\/de\/","name":"Bantam Camping AG","description":"","publisher":{"@id":"https:\/\/shop.bantam.ch\/de\/#organization"},"inLanguage":"de"},{"@type":"Organization","@id":"https:\/\/shop.bantam.ch\/de\/#organization","name":"Bantam Camping AG","url":"https:\/\/shop.bantam.ch\/de\/","logo":{"@type":"ImageObject","inLanguage":"de","@id":"https:\/\/shop.bantam.ch\/de\/#\/schema\/logo\/image\/","url":"https:\/\/shop.bantam.ch\/wp-content\/uploads\/2022\/12\/bantam-logo.png","contentUrl":"https:\/\/shop.bantam.ch\/wp-content\/uploads\/2022\/12\/bantam-logo.png","width":320,"height":71,"caption":"Bantam Camping AG"},"image":{"@id":"https:\/\/shop.bantam.ch\/de\/#\/schema\/logo\/image\/"}}]}},"_links":{"self":[{"href":"https:\/\/shop.bantam.ch\/de\/wp-json\/wp\/v2\/product\/233210","targetHints":{"allow":["GET"]}}],"collection":[{"href":"https:\/\/shop.bantam.ch\/de\/wp-json\/wp\/v2\/product"}],"about":[{"href":"https:\/\/shop.bantam.ch\/de\/wp-json\/wp\/v2\/types\/product"}],"wp:featuredmedia":[{"embeddable":true,"href":"https:\/\/shop.bantam.ch\/de\/wp-json\/wp\/v2\/media\/233206"}],"wp:attachment":[{"href":"https:\/\/shop.bantam.ch\/de\/wp-json\/wp\/v2\/media?parent=233210"}],"wp:term":[{"taxonomy":"product_featured_cat","embeddable":true,"href":"https:\/\/shop.bantam.ch\/de\/wp-json\/wp\/v2\/product_featured_cat?post=233210"},{"taxonomy":"product_brand","embeddable":true,"href":"https:\/\/shop.bantam.ch\/de\/wp-json\/wp\/v2\/product_brand?post=233210"},{"taxonomy":"product_cat","embeddable":true,"href":"https:\/\/shop.bantam.ch\/de\/wp-json\/wp\/v2\/product_cat?post=233210"},{"taxonomy":"product_tag","embeddable":true,"href":"https:\/\/shop.bantam.ch\/de\/wp-json\/wp\/v2\/product_tag?post=233210"}],"curies":[{"name":"wp","href":"https:\/\/api.w.org\/{rel}","templated":true}]}}