{"id":233160,"date":"2026-02-04T11:01:55","date_gmt":"2026-02-04T10:01:55","guid":{"rendered":"https:\/\/shop.bantam.ch\/produit\/lenkerschutz-fuer-fahrraeder-universalgroesse-schwarz\/"},"modified":"2026-04-20T00:02:12","modified_gmt":"2026-04-19T22:02:12","slug":"lenkerschutz-fuer-fahrraeder-universalgroesse-schwarz","status":"publish","type":"product","link":"https:\/\/shop.bantam.ch\/de\/produkt\/lenkerschutz-fuer-fahrraeder-universalgroesse-schwarz\/","title":{"rendered":"Lenkerschutz f\u00fcr Fahrr\u00e4der Universalgr\u00f6\u00dfe schwarz"},"content":{"rendered":"<p>Sicher, sauber, gesch\u00fctzt<br \/>\nDer neue HINDERMANN Lenkerschutz bietet optimalen Schutz f\u00fcr E-Bikes und Fahrr\u00e4der \u2013 w\u00e4hrend der Fahrt am PKW ebenso wie bei der Aufbewahrung in Garage oder Carport.<br \/>\nDas robuste Material sch\u00fctzt vor N\u00e4sse, Schmutz und Spritzwasser, damit Display und Bedienelemente trocken und funktionsf\u00e4hig bleiben. Dank der einfachen Befestigung l\u00e4sst sich der Schutz im Handumdrehen anbringen und abnehmen \u2013 ideal f\u00fcr den flexiblen Einsatz unterwegs oder zuhause.<br \/>\n&nbsp;<\/p>\n","protected":false},"excerpt":{"rendered":"<p>Sicher, sauber, gesch\u00fctzt Der neue HINDERMANN Lenkerschutz bietet optimalen Schutz f\u00fcr E-Bikes und Fahrr\u00e4der \u2013 w\u00e4hrend der Fahrt am PKW ebenso wie bei der Aufbewahrung in Garage oder Carport. Das robuste Material sch\u00fctzt vor N\u00e4sse, Schmutz und Spritzwasser, damit Display und Bedienelemente trocken und funktionsf\u00e4hig bleiben. Dank der einfachen Befestigung l\u00e4sst sich der Schutz im [&hellip;]<\/p>\n","protected":false},"featured_media":233152,"template":"","meta":{"_acf_changed":false},"product_featured_cat":[],"product_brand":[],"product_cat":[4698],"product_tag":[],"class_list":{"0":"post-233160","1":"product","2":"type-product","3":"status-publish","4":"has-post-thumbnail","6":"product_cat-fahrradtraeger-zubehoer","8":"first","9":"instock","10":"taxable","11":"shipping-taxable","12":"purchasable","13":"product-type-simple"},"acf":[],"yoast_head":"<!-- This site is optimized with the Yoast SEO plugin v27.4 - https:\/\/yoast.com\/product\/yoast-seo-wordpress\/ -->\n<title>Lenkerschutz f\u00fcr Fahrr\u00e4der Universalgr\u00f6\u00dfe schwarz - Bantam Camping AG<\/title>\n<meta name=\"robots\" content=\"index, follow, max-snippet:-1, max-image-preview:large, max-video-preview:-1\" \/>\n<link rel=\"canonical\" href=\"https:\/\/shop.bantam.ch\/de\/produkt\/lenkerschutz-fuer-fahrraeder-universalgroesse-schwarz\/\" \/>\n<meta property=\"og:locale\" content=\"de_DE\" \/>\n<meta property=\"og:type\" content=\"article\" \/>\n<meta property=\"og:title\" content=\"Lenkerschutz f\u00fcr Fahrr\u00e4der Universalgr\u00f6\u00dfe schwarz - Bantam Camping AG\" \/>\n<meta property=\"og:description\" content=\"Sicher, sauber, gesch\u00fctzt Der neue HINDERMANN Lenkerschutz bietet optimalen Schutz f\u00fcr E-Bikes und Fahrr\u00e4der \u2013 w\u00e4hrend der Fahrt am PKW ebenso wie bei der Aufbewahrung in Garage oder Carport. Das robuste Material sch\u00fctzt vor N\u00e4sse, Schmutz und Spritzwasser, damit Display und Bedienelemente trocken und funktionsf\u00e4hig bleiben. Dank der einfachen Befestigung l\u00e4sst sich der Schutz im [&hellip;]\" \/>\n<meta property=\"og:url\" content=\"https:\/\/shop.bantam.ch\/de\/produkt\/lenkerschutz-fuer-fahrraeder-universalgroesse-schwarz\/\" \/>\n<meta property=\"og:site_name\" content=\"Bantam Camping AG\" \/>\n<meta property=\"article:modified_time\" content=\"2026-04-19T22:02:12+00:00\" \/>\n<meta name=\"twitter:card\" content=\"summary_large_image\" \/>\n<script type=\"application\/ld+json\" class=\"yoast-schema-graph\">{\"@context\":\"https:\\\/\\\/schema.org\",\"@graph\":[{\"@type\":\"WebPage\",\"@id\":\"https:\\\/\\\/shop.bantam.ch\\\/de\\\/produkt\\\/lenkerschutz-fuer-fahrraeder-universalgroesse-schwarz\\\/\",\"url\":\"https:\\\/\\\/shop.bantam.ch\\\/de\\\/produkt\\\/lenkerschutz-fuer-fahrraeder-universalgroesse-schwarz\\\/\",\"name\":\"Lenkerschutz f\u00fcr Fahrr\u00e4der Universalgr\u00f6\u00dfe schwarz - Bantam Camping AG\",\"isPartOf\":{\"@id\":\"https:\\\/\\\/shop.bantam.ch\\\/de\\\/#website\"},\"primaryImageOfPage\":{\"@id\":\"https:\\\/\\\/shop.bantam.ch\\\/de\\\/produkt\\\/lenkerschutz-fuer-fahrraeder-universalgroesse-schwarz\\\/#primaryimage\"},\"image\":{\"@id\":\"https:\\\/\\\/shop.bantam.ch\\\/de\\\/produkt\\\/lenkerschutz-fuer-fahrraeder-universalgroesse-schwarz\\\/#primaryimage\"},\"thumbnailUrl\":\"https:\\\/\\\/shop.bantam.ch\\\/wp-content\\\/uploads\\\/2026\\\/02\\\/Movera-L-9971851100.jpg\",\"datePublished\":\"2026-02-04T10:01:55+00:00\",\"dateModified\":\"2026-04-19T22:02:12+00:00\",\"breadcrumb\":{\"@id\":\"https:\\\/\\\/shop.bantam.ch\\\/de\\\/produkt\\\/lenkerschutz-fuer-fahrraeder-universalgroesse-schwarz\\\/#breadcrumb\"},\"inLanguage\":\"de\",\"potentialAction\":[{\"@type\":\"ReadAction\",\"target\":[\"https:\\\/\\\/shop.bantam.ch\\\/de\\\/produkt\\\/lenkerschutz-fuer-fahrraeder-universalgroesse-schwarz\\\/\"]}]},{\"@type\":\"ImageObject\",\"inLanguage\":\"de\",\"@id\":\"https:\\\/\\\/shop.bantam.ch\\\/de\\\/produkt\\\/lenkerschutz-fuer-fahrraeder-universalgroesse-schwarz\\\/#primaryimage\",\"url\":\"https:\\\/\\\/shop.bantam.ch\\\/wp-content\\\/uploads\\\/2026\\\/02\\\/Movera-L-9971851100.jpg\",\"contentUrl\":\"https:\\\/\\\/shop.bantam.ch\\\/wp-content\\\/uploads\\\/2026\\\/02\\\/Movera-L-9971851100.jpg\",\"width\":640,\"height\":427},{\"@type\":\"BreadcrumbList\",\"@id\":\"https:\\\/\\\/shop.bantam.ch\\\/de\\\/produkt\\\/lenkerschutz-fuer-fahrraeder-universalgroesse-schwarz\\\/#breadcrumb\",\"itemListElement\":[{\"@type\":\"ListItem\",\"position\":1,\"name\":\"Accueil\",\"item\":\"https:\\\/\\\/shop.bantam.ch\\\/de\\\/\"},{\"@type\":\"ListItem\",\"position\":2,\"name\":\"Shop\",\"item\":\"https:\\\/\\\/shop.bantam.ch\\\/de\\\/shop\\\/\"},{\"@type\":\"ListItem\",\"position\":3,\"name\":\"Lenkerschutz f\u00fcr Fahrr\u00e4der Universalgr\u00f6\u00dfe schwarz\"}]},{\"@type\":\"WebSite\",\"@id\":\"https:\\\/\\\/shop.bantam.ch\\\/de\\\/#website\",\"url\":\"https:\\\/\\\/shop.bantam.ch\\\/de\\\/\",\"name\":\"Bantam Camping AG\",\"description\":\"\",\"publisher\":{\"@id\":\"https:\\\/\\\/shop.bantam.ch\\\/de\\\/#organization\"},\"inLanguage\":\"de\"},{\"@type\":\"Organization\",\"@id\":\"https:\\\/\\\/shop.bantam.ch\\\/de\\\/#organization\",\"name\":\"Bantam Camping AG\",\"url\":\"https:\\\/\\\/shop.bantam.ch\\\/de\\\/\",\"logo\":{\"@type\":\"ImageObject\",\"inLanguage\":\"de\",\"@id\":\"https:\\\/\\\/shop.bantam.ch\\\/de\\\/#\\\/schema\\\/logo\\\/image\\\/\",\"url\":\"https:\\\/\\\/shop.bantam.ch\\\/wp-content\\\/uploads\\\/2022\\\/12\\\/bantam-logo.png\",\"contentUrl\":\"https:\\\/\\\/shop.bantam.ch\\\/wp-content\\\/uploads\\\/2022\\\/12\\\/bantam-logo.png\",\"width\":320,\"height\":71,\"caption\":\"Bantam Camping AG\"},\"image\":{\"@id\":\"https:\\\/\\\/shop.bantam.ch\\\/de\\\/#\\\/schema\\\/logo\\\/image\\\/\"}}]}<\/script>\n<!-- \/ Yoast SEO plugin. -->","yoast_head_json":{"title":"Lenkerschutz f\u00fcr Fahrr\u00e4der Universalgr\u00f6\u00dfe schwarz - Bantam Camping AG","robots":{"index":"index","follow":"follow","max-snippet":"max-snippet:-1","max-image-preview":"max-image-preview:large","max-video-preview":"max-video-preview:-1"},"canonical":"https:\/\/shop.bantam.ch\/de\/produkt\/lenkerschutz-fuer-fahrraeder-universalgroesse-schwarz\/","og_locale":"de_DE","og_type":"article","og_title":"Lenkerschutz f\u00fcr Fahrr\u00e4der Universalgr\u00f6\u00dfe schwarz - Bantam Camping AG","og_description":"Sicher, sauber, gesch\u00fctzt Der neue HINDERMANN Lenkerschutz bietet optimalen Schutz f\u00fcr E-Bikes und Fahrr\u00e4der \u2013 w\u00e4hrend der Fahrt am PKW ebenso wie bei der Aufbewahrung in Garage oder Carport. Das robuste Material sch\u00fctzt vor N\u00e4sse, Schmutz und Spritzwasser, damit Display und Bedienelemente trocken und funktionsf\u00e4hig bleiben. Dank der einfachen Befestigung l\u00e4sst sich der Schutz im [&hellip;]","og_url":"https:\/\/shop.bantam.ch\/de\/produkt\/lenkerschutz-fuer-fahrraeder-universalgroesse-schwarz\/","og_site_name":"Bantam Camping AG","article_modified_time":"2026-04-19T22:02:12+00:00","twitter_card":"summary_large_image","schema":{"@context":"https:\/\/schema.org","@graph":[{"@type":"WebPage","@id":"https:\/\/shop.bantam.ch\/de\/produkt\/lenkerschutz-fuer-fahrraeder-universalgroesse-schwarz\/","url":"https:\/\/shop.bantam.ch\/de\/produkt\/lenkerschutz-fuer-fahrraeder-universalgroesse-schwarz\/","name":"Lenkerschutz f\u00fcr Fahrr\u00e4der Universalgr\u00f6\u00dfe schwarz - Bantam Camping AG","isPartOf":{"@id":"https:\/\/shop.bantam.ch\/de\/#website"},"primaryImageOfPage":{"@id":"https:\/\/shop.bantam.ch\/de\/produkt\/lenkerschutz-fuer-fahrraeder-universalgroesse-schwarz\/#primaryimage"},"image":{"@id":"https:\/\/shop.bantam.ch\/de\/produkt\/lenkerschutz-fuer-fahrraeder-universalgroesse-schwarz\/#primaryimage"},"thumbnailUrl":"https:\/\/shop.bantam.ch\/wp-content\/uploads\/2026\/02\/Movera-L-9971851100.jpg","datePublished":"2026-02-04T10:01:55+00:00","dateModified":"2026-04-19T22:02:12+00:00","breadcrumb":{"@id":"https:\/\/shop.bantam.ch\/de\/produkt\/lenkerschutz-fuer-fahrraeder-universalgroesse-schwarz\/#breadcrumb"},"inLanguage":"de","potentialAction":[{"@type":"ReadAction","target":["https:\/\/shop.bantam.ch\/de\/produkt\/lenkerschutz-fuer-fahrraeder-universalgroesse-schwarz\/"]}]},{"@type":"ImageObject","inLanguage":"de","@id":"https:\/\/shop.bantam.ch\/de\/produkt\/lenkerschutz-fuer-fahrraeder-universalgroesse-schwarz\/#primaryimage","url":"https:\/\/shop.bantam.ch\/wp-content\/uploads\/2026\/02\/Movera-L-9971851100.jpg","contentUrl":"https:\/\/shop.bantam.ch\/wp-content\/uploads\/2026\/02\/Movera-L-9971851100.jpg","width":640,"height":427},{"@type":"BreadcrumbList","@id":"https:\/\/shop.bantam.ch\/de\/produkt\/lenkerschutz-fuer-fahrraeder-universalgroesse-schwarz\/#breadcrumb","itemListElement":[{"@type":"ListItem","position":1,"name":"Accueil","item":"https:\/\/shop.bantam.ch\/de\/"},{"@type":"ListItem","position":2,"name":"Shop","item":"https:\/\/shop.bantam.ch\/de\/shop\/"},{"@type":"ListItem","position":3,"name":"Lenkerschutz f\u00fcr Fahrr\u00e4der Universalgr\u00f6\u00dfe schwarz"}]},{"@type":"WebSite","@id":"https:\/\/shop.bantam.ch\/de\/#website","url":"https:\/\/shop.bantam.ch\/de\/","name":"Bantam Camping AG","description":"","publisher":{"@id":"https:\/\/shop.bantam.ch\/de\/#organization"},"inLanguage":"de"},{"@type":"Organization","@id":"https:\/\/shop.bantam.ch\/de\/#organization","name":"Bantam Camping AG","url":"https:\/\/shop.bantam.ch\/de\/","logo":{"@type":"ImageObject","inLanguage":"de","@id":"https:\/\/shop.bantam.ch\/de\/#\/schema\/logo\/image\/","url":"https:\/\/shop.bantam.ch\/wp-content\/uploads\/2022\/12\/bantam-logo.png","contentUrl":"https:\/\/shop.bantam.ch\/wp-content\/uploads\/2022\/12\/bantam-logo.png","width":320,"height":71,"caption":"Bantam Camping AG"},"image":{"@id":"https:\/\/shop.bantam.ch\/de\/#\/schema\/logo\/image\/"}}]}},"_links":{"self":[{"href":"https:\/\/shop.bantam.ch\/de\/wp-json\/wp\/v2\/product\/233160","targetHints":{"allow":["GET"]}}],"collection":[{"href":"https:\/\/shop.bantam.ch\/de\/wp-json\/wp\/v2\/product"}],"about":[{"href":"https:\/\/shop.bantam.ch\/de\/wp-json\/wp\/v2\/types\/product"}],"wp:featuredmedia":[{"embeddable":true,"href":"https:\/\/shop.bantam.ch\/de\/wp-json\/wp\/v2\/media\/233152"}],"wp:attachment":[{"href":"https:\/\/shop.bantam.ch\/de\/wp-json\/wp\/v2\/media?parent=233160"}],"wp:term":[{"taxonomy":"product_featured_cat","embeddable":true,"href":"https:\/\/shop.bantam.ch\/de\/wp-json\/wp\/v2\/product_featured_cat?post=233160"},{"taxonomy":"product_brand","embeddable":true,"href":"https:\/\/shop.bantam.ch\/de\/wp-json\/wp\/v2\/product_brand?post=233160"},{"taxonomy":"product_cat","embeddable":true,"href":"https:\/\/shop.bantam.ch\/de\/wp-json\/wp\/v2\/product_cat?post=233160"},{"taxonomy":"product_tag","embeddable":true,"href":"https:\/\/shop.bantam.ch\/de\/wp-json\/wp\/v2\/product_tag?post=233160"}],"curies":[{"name":"wp","href":"https:\/\/api.w.org\/{rel}","templated":true}]}}