{"id":233106,"date":"2026-02-04T11:00:25","date_gmt":"2026-02-04T10:00:25","guid":{"rendered":"https:\/\/shop.bantam.ch\/produit\/bus-und-reisemobilvorzelt-traverse\/"},"modified":"2026-04-19T02:53:17","modified_gmt":"2026-04-19T00:53:17","slug":"bus-und-reisemobilvorzelt-traverse","status":"publish","type":"product","link":"https:\/\/shop.bantam.ch\/de\/produkt\/bus-und-reisemobilvorzelt-traverse\/","title":{"rendered":"Bus- und Reisemobilvorzelt Traverse"},"content":{"rendered":"<p>Das Traverse Drive-Away ist f\u00fcr Van-Lifer gemacht, die dem Horizont folgen und f\u00fcr die der Weg das Ziel ist.&nbsp;<br \/>\nF\u00fcr Fahrzeuge mit niedriger H\u00f6he (180 \u2013 210 cm) und mit mittlerer H\u00f6he (210 \u2013 265 cm) erweitern Sie ihren Wohnraum mit robusten Materialien m\u00fchelos. Kreieren Sie Ihr Basislager \u2013 egal, welchen Van Sie fahren.<\/p>\n","protected":false},"excerpt":{"rendered":"<p>Das Traverse Drive-Away ist f\u00fcr Van-Lifer gemacht, die dem Horizont folgen und f\u00fcr die der Weg das Ziel ist.&nbsp; F\u00fcr Fahrzeuge mit niedriger H\u00f6he (180 \u2013 210 cm) und mit mittlerer H\u00f6he (210 \u2013 265 cm) erweitern Sie ihren Wohnraum mit robusten Materialien m\u00fchelos. Kreieren Sie Ihr Basislager \u2013 egal, welchen Van Sie fahren.<\/p>\n","protected":false},"featured_media":233102,"template":"","meta":{"_acf_changed":false},"product_featured_cat":[],"product_brand":[],"product_cat":[4916],"product_tag":[],"class_list":{"0":"post-233106","1":"product","2":"type-product","3":"status-publish","4":"has-post-thumbnail","6":"product_cat-wohnmobil-bus-vorzelte","8":"first","9":"instock","10":"taxable","11":"shipping-taxable","12":"purchasable","13":"product-type-variable"},"acf":[],"yoast_head":"<!-- This site is optimized with the Yoast SEO plugin v27.4 - https:\/\/yoast.com\/product\/yoast-seo-wordpress\/ -->\n<title>Bus- und Reisemobilvorzelt Traverse - Bantam Camping AG<\/title>\n<meta name=\"robots\" content=\"index, follow, max-snippet:-1, max-image-preview:large, max-video-preview:-1\" \/>\n<link rel=\"canonical\" href=\"https:\/\/shop.bantam.ch\/de\/produkt\/bus-und-reisemobilvorzelt-traverse\/\" \/>\n<meta property=\"og:locale\" content=\"de_DE\" \/>\n<meta property=\"og:type\" content=\"article\" \/>\n<meta property=\"og:title\" content=\"Bus- und Reisemobilvorzelt Traverse - Bantam Camping AG\" \/>\n<meta property=\"og:description\" content=\"Das Traverse Drive-Away ist f\u00fcr Van-Lifer gemacht, die dem Horizont folgen und f\u00fcr die der Weg das Ziel ist.&nbsp; F\u00fcr Fahrzeuge mit niedriger H\u00f6he (180 \u2013 210 cm) und mit mittlerer H\u00f6he (210 \u2013 265 cm) erweitern Sie ihren Wohnraum mit robusten Materialien m\u00fchelos. Kreieren Sie Ihr Basislager \u2013 egal, welchen Van Sie fahren.\" \/>\n<meta property=\"og:url\" content=\"https:\/\/shop.bantam.ch\/de\/produkt\/bus-und-reisemobilvorzelt-traverse\/\" \/>\n<meta property=\"og:site_name\" content=\"Bantam Camping AG\" \/>\n<meta property=\"article:modified_time\" content=\"2026-04-19T00:53:17+00:00\" \/>\n<meta name=\"twitter:card\" content=\"summary_large_image\" \/>\n<script type=\"application\/ld+json\" class=\"yoast-schema-graph\">{\"@context\":\"https:\\\/\\\/schema.org\",\"@graph\":[{\"@type\":\"WebPage\",\"@id\":\"https:\\\/\\\/shop.bantam.ch\\\/de\\\/produkt\\\/bus-und-reisemobilvorzelt-traverse\\\/\",\"url\":\"https:\\\/\\\/shop.bantam.ch\\\/de\\\/produkt\\\/bus-und-reisemobilvorzelt-traverse\\\/\",\"name\":\"Bus- und Reisemobilvorzelt Traverse - Bantam Camping AG\",\"isPartOf\":{\"@id\":\"https:\\\/\\\/shop.bantam.ch\\\/de\\\/#website\"},\"primaryImageOfPage\":{\"@id\":\"https:\\\/\\\/shop.bantam.ch\\\/de\\\/produkt\\\/bus-und-reisemobilvorzelt-traverse\\\/#primaryimage\"},\"image\":{\"@id\":\"https:\\\/\\\/shop.bantam.ch\\\/de\\\/produkt\\\/bus-und-reisemobilvorzelt-traverse\\\/#primaryimage\"},\"thumbnailUrl\":\"https:\\\/\\\/shop.bantam.ch\\\/wp-content\\\/uploads\\\/2026\\\/02\\\/Movera-L-9971808100.jpg\",\"datePublished\":\"2026-02-04T10:00:25+00:00\",\"dateModified\":\"2026-04-19T00:53:17+00:00\",\"breadcrumb\":{\"@id\":\"https:\\\/\\\/shop.bantam.ch\\\/de\\\/produkt\\\/bus-und-reisemobilvorzelt-traverse\\\/#breadcrumb\"},\"inLanguage\":\"de\",\"potentialAction\":[{\"@type\":\"ReadAction\",\"target\":[\"https:\\\/\\\/shop.bantam.ch\\\/de\\\/produkt\\\/bus-und-reisemobilvorzelt-traverse\\\/\"]}]},{\"@type\":\"ImageObject\",\"inLanguage\":\"de\",\"@id\":\"https:\\\/\\\/shop.bantam.ch\\\/de\\\/produkt\\\/bus-und-reisemobilvorzelt-traverse\\\/#primaryimage\",\"url\":\"https:\\\/\\\/shop.bantam.ch\\\/wp-content\\\/uploads\\\/2026\\\/02\\\/Movera-L-9971808100.jpg\",\"contentUrl\":\"https:\\\/\\\/shop.bantam.ch\\\/wp-content\\\/uploads\\\/2026\\\/02\\\/Movera-L-9971808100.jpg\",\"width\":640,\"height\":640},{\"@type\":\"BreadcrumbList\",\"@id\":\"https:\\\/\\\/shop.bantam.ch\\\/de\\\/produkt\\\/bus-und-reisemobilvorzelt-traverse\\\/#breadcrumb\",\"itemListElement\":[{\"@type\":\"ListItem\",\"position\":1,\"name\":\"Accueil\",\"item\":\"https:\\\/\\\/shop.bantam.ch\\\/de\\\/\"},{\"@type\":\"ListItem\",\"position\":2,\"name\":\"Shop\",\"item\":\"https:\\\/\\\/shop.bantam.ch\\\/de\\\/shop\\\/\"},{\"@type\":\"ListItem\",\"position\":3,\"name\":\"Bus- und Reisemobilvorzelt Traverse\"}]},{\"@type\":\"WebSite\",\"@id\":\"https:\\\/\\\/shop.bantam.ch\\\/de\\\/#website\",\"url\":\"https:\\\/\\\/shop.bantam.ch\\\/de\\\/\",\"name\":\"Bantam Camping AG\",\"description\":\"\",\"publisher\":{\"@id\":\"https:\\\/\\\/shop.bantam.ch\\\/de\\\/#organization\"},\"inLanguage\":\"de\"},{\"@type\":\"Organization\",\"@id\":\"https:\\\/\\\/shop.bantam.ch\\\/de\\\/#organization\",\"name\":\"Bantam Camping AG\",\"url\":\"https:\\\/\\\/shop.bantam.ch\\\/de\\\/\",\"logo\":{\"@type\":\"ImageObject\",\"inLanguage\":\"de\",\"@id\":\"https:\\\/\\\/shop.bantam.ch\\\/de\\\/#\\\/schema\\\/logo\\\/image\\\/\",\"url\":\"https:\\\/\\\/shop.bantam.ch\\\/wp-content\\\/uploads\\\/2022\\\/12\\\/bantam-logo.png\",\"contentUrl\":\"https:\\\/\\\/shop.bantam.ch\\\/wp-content\\\/uploads\\\/2022\\\/12\\\/bantam-logo.png\",\"width\":320,\"height\":71,\"caption\":\"Bantam Camping AG\"},\"image\":{\"@id\":\"https:\\\/\\\/shop.bantam.ch\\\/de\\\/#\\\/schema\\\/logo\\\/image\\\/\"}}]}<\/script>\n<!-- \/ Yoast SEO plugin. -->","yoast_head_json":{"title":"Bus- und Reisemobilvorzelt Traverse - Bantam Camping AG","robots":{"index":"index","follow":"follow","max-snippet":"max-snippet:-1","max-image-preview":"max-image-preview:large","max-video-preview":"max-video-preview:-1"},"canonical":"https:\/\/shop.bantam.ch\/de\/produkt\/bus-und-reisemobilvorzelt-traverse\/","og_locale":"de_DE","og_type":"article","og_title":"Bus- und Reisemobilvorzelt Traverse - Bantam Camping AG","og_description":"Das Traverse Drive-Away ist f\u00fcr Van-Lifer gemacht, die dem Horizont folgen und f\u00fcr die der Weg das Ziel ist.&nbsp; F\u00fcr Fahrzeuge mit niedriger H\u00f6he (180 \u2013 210 cm) und mit mittlerer H\u00f6he (210 \u2013 265 cm) erweitern Sie ihren Wohnraum mit robusten Materialien m\u00fchelos. Kreieren Sie Ihr Basislager \u2013 egal, welchen Van Sie fahren.","og_url":"https:\/\/shop.bantam.ch\/de\/produkt\/bus-und-reisemobilvorzelt-traverse\/","og_site_name":"Bantam Camping AG","article_modified_time":"2026-04-19T00:53:17+00:00","twitter_card":"summary_large_image","schema":{"@context":"https:\/\/schema.org","@graph":[{"@type":"WebPage","@id":"https:\/\/shop.bantam.ch\/de\/produkt\/bus-und-reisemobilvorzelt-traverse\/","url":"https:\/\/shop.bantam.ch\/de\/produkt\/bus-und-reisemobilvorzelt-traverse\/","name":"Bus- und Reisemobilvorzelt Traverse - Bantam Camping AG","isPartOf":{"@id":"https:\/\/shop.bantam.ch\/de\/#website"},"primaryImageOfPage":{"@id":"https:\/\/shop.bantam.ch\/de\/produkt\/bus-und-reisemobilvorzelt-traverse\/#primaryimage"},"image":{"@id":"https:\/\/shop.bantam.ch\/de\/produkt\/bus-und-reisemobilvorzelt-traverse\/#primaryimage"},"thumbnailUrl":"https:\/\/shop.bantam.ch\/wp-content\/uploads\/2026\/02\/Movera-L-9971808100.jpg","datePublished":"2026-02-04T10:00:25+00:00","dateModified":"2026-04-19T00:53:17+00:00","breadcrumb":{"@id":"https:\/\/shop.bantam.ch\/de\/produkt\/bus-und-reisemobilvorzelt-traverse\/#breadcrumb"},"inLanguage":"de","potentialAction":[{"@type":"ReadAction","target":["https:\/\/shop.bantam.ch\/de\/produkt\/bus-und-reisemobilvorzelt-traverse\/"]}]},{"@type":"ImageObject","inLanguage":"de","@id":"https:\/\/shop.bantam.ch\/de\/produkt\/bus-und-reisemobilvorzelt-traverse\/#primaryimage","url":"https:\/\/shop.bantam.ch\/wp-content\/uploads\/2026\/02\/Movera-L-9971808100.jpg","contentUrl":"https:\/\/shop.bantam.ch\/wp-content\/uploads\/2026\/02\/Movera-L-9971808100.jpg","width":640,"height":640},{"@type":"BreadcrumbList","@id":"https:\/\/shop.bantam.ch\/de\/produkt\/bus-und-reisemobilvorzelt-traverse\/#breadcrumb","itemListElement":[{"@type":"ListItem","position":1,"name":"Accueil","item":"https:\/\/shop.bantam.ch\/de\/"},{"@type":"ListItem","position":2,"name":"Shop","item":"https:\/\/shop.bantam.ch\/de\/shop\/"},{"@type":"ListItem","position":3,"name":"Bus- und Reisemobilvorzelt Traverse"}]},{"@type":"WebSite","@id":"https:\/\/shop.bantam.ch\/de\/#website","url":"https:\/\/shop.bantam.ch\/de\/","name":"Bantam Camping AG","description":"","publisher":{"@id":"https:\/\/shop.bantam.ch\/de\/#organization"},"inLanguage":"de"},{"@type":"Organization","@id":"https:\/\/shop.bantam.ch\/de\/#organization","name":"Bantam Camping AG","url":"https:\/\/shop.bantam.ch\/de\/","logo":{"@type":"ImageObject","inLanguage":"de","@id":"https:\/\/shop.bantam.ch\/de\/#\/schema\/logo\/image\/","url":"https:\/\/shop.bantam.ch\/wp-content\/uploads\/2022\/12\/bantam-logo.png","contentUrl":"https:\/\/shop.bantam.ch\/wp-content\/uploads\/2022\/12\/bantam-logo.png","width":320,"height":71,"caption":"Bantam Camping AG"},"image":{"@id":"https:\/\/shop.bantam.ch\/de\/#\/schema\/logo\/image\/"}}]}},"_links":{"self":[{"href":"https:\/\/shop.bantam.ch\/de\/wp-json\/wp\/v2\/product\/233106","targetHints":{"allow":["GET"]}}],"collection":[{"href":"https:\/\/shop.bantam.ch\/de\/wp-json\/wp\/v2\/product"}],"about":[{"href":"https:\/\/shop.bantam.ch\/de\/wp-json\/wp\/v2\/types\/product"}],"wp:featuredmedia":[{"embeddable":true,"href":"https:\/\/shop.bantam.ch\/de\/wp-json\/wp\/v2\/media\/233102"}],"wp:attachment":[{"href":"https:\/\/shop.bantam.ch\/de\/wp-json\/wp\/v2\/media?parent=233106"}],"wp:term":[{"taxonomy":"product_featured_cat","embeddable":true,"href":"https:\/\/shop.bantam.ch\/de\/wp-json\/wp\/v2\/product_featured_cat?post=233106"},{"taxonomy":"product_brand","embeddable":true,"href":"https:\/\/shop.bantam.ch\/de\/wp-json\/wp\/v2\/product_brand?post=233106"},{"taxonomy":"product_cat","embeddable":true,"href":"https:\/\/shop.bantam.ch\/de\/wp-json\/wp\/v2\/product_cat?post=233106"},{"taxonomy":"product_tag","embeddable":true,"href":"https:\/\/shop.bantam.ch\/de\/wp-json\/wp\/v2\/product_tag?post=233106"}],"curies":[{"name":"wp","href":"https:\/\/api.w.org\/{rel}","templated":true}]}}