{"id":233086,"date":"2026-02-04T10:58:58","date_gmt":"2026-02-04T09:58:58","guid":{"rendered":"https:\/\/shop.bantam.ch\/produit\/vorzelt-rolli-velara\/"},"modified":"2026-04-19T02:53:10","modified_gmt":"2026-04-19T00:53:10","slug":"vorzelt-rolli-velara","status":"publish","type":"product","link":"https:\/\/shop.bantam.ch\/de\/produkt\/vorzelt-rolli-velara\/","title":{"rendered":"Vorzelt Rolli Velara"},"content":{"rendered":"<p>Das exklusive Farbkonzept des Vorzeltes Rolli Velara in Beige und Anthrazit verleiht dem Campingplatz eine stilvolle Note, gro\u00dfz\u00fcgige Panoramafenster mit UV-Schutz sorgen f\u00fcr Licht und Privatsph\u00e4re zugleich. Mit AIR VENT Fenster, flexibel platzierbaren Eing\u00e4ngen und abklappbaren W\u00e4nden passt sich die VELARA jedem Wetter an. Hochwertige Materialien, klare Linien und durchdachte Details schaffen ein harmonisches Gesamtbild. STORMSAVE ist serienm\u00e4\u00dfig enthalten, das POWER GRIP Stangensystem, doppelte Schmutzstreifen und abgedeckte Rei\u00dfverschl\u00fcsse sorgen f\u00fcr Stabilit\u00e4t und Komfort \u2013 f\u00fcr ein langlebiges und stilvolles Outdoor-Erlebnis.<\/p>\n<p>Lieferumfang:<\/p>\n<ul>\n<li>1 DACH TENCATE&nbsp;&nbsp; &nbsp;<\/li>\n<li>1 FRONT VELARA&nbsp;&nbsp; &nbsp;<\/li>\n<li>2 SIDE VELARA&nbsp;&nbsp; &nbsp;<\/li>\n<li>5 DACHSTANGE&nbsp;&nbsp; &nbsp;<\/li>\n<li>3 AUFSTELLSTANGE &nbsp;<\/li>\n<li>1 RAD- UND WINDBLENDE&nbsp;&nbsp; &nbsp;<\/li>\n<li>1 KEDERSTOPPER SET&nbsp;&nbsp; &nbsp;<\/li>\n<li>1 ABSPANNMATERIAL&nbsp;&nbsp; &nbsp;<\/li>\n<li>1 PACKSACK schwarz&nbsp;&nbsp; &nbsp;<\/li>\n<\/ul>\n","protected":false},"excerpt":{"rendered":"<p>Das exklusive Farbkonzept des Vorzeltes Rolli Velara in Beige und Anthrazit verleiht dem Campingplatz eine stilvolle Note, gro\u00dfz\u00fcgige Panoramafenster mit UV-Schutz sorgen f\u00fcr Licht und Privatsph\u00e4re zugleich. Mit AIR VENT Fenster, flexibel platzierbaren Eing\u00e4ngen und abklappbaren W\u00e4nden passt sich die VELARA jedem Wetter an. Hochwertige Materialien, klare Linien und durchdachte Details schaffen ein harmonisches Gesamtbild. [&hellip;]<\/p>\n","protected":false},"featured_media":233070,"template":"","meta":{"_acf_changed":false},"product_featured_cat":[],"product_brand":[],"product_cat":[3974,4224],"product_tag":[],"class_list":{"0":"post-233086","1":"product","2":"type-product","3":"status-publish","4":"has-post-thumbnail","6":"product_cat-markisen-vorzelt-waende","7":"product_cat-markisen-vorzelte","9":"first","10":"instock","11":"taxable","12":"shipping-taxable","13":"purchasable","14":"product-type-variable"},"acf":[],"yoast_head":"<!-- This site is optimized with the Yoast SEO plugin v27.4 - https:\/\/yoast.com\/product\/yoast-seo-wordpress\/ -->\n<title>Vorzelt Rolli Velara - Bantam Camping AG<\/title>\n<meta name=\"robots\" content=\"index, follow, max-snippet:-1, max-image-preview:large, max-video-preview:-1\" \/>\n<link rel=\"canonical\" href=\"https:\/\/shop.bantam.ch\/de\/produkt\/vorzelt-rolli-velara\/\" \/>\n<meta property=\"og:locale\" content=\"de_DE\" \/>\n<meta property=\"og:type\" content=\"article\" \/>\n<meta property=\"og:title\" content=\"Vorzelt Rolli Velara - Bantam Camping AG\" \/>\n<meta property=\"og:description\" content=\"Das exklusive Farbkonzept des Vorzeltes Rolli Velara in Beige und Anthrazit verleiht dem Campingplatz eine stilvolle Note, gro\u00dfz\u00fcgige Panoramafenster mit UV-Schutz sorgen f\u00fcr Licht und Privatsph\u00e4re zugleich. Mit AIR VENT Fenster, flexibel platzierbaren Eing\u00e4ngen und abklappbaren W\u00e4nden passt sich die VELARA jedem Wetter an. Hochwertige Materialien, klare Linien und durchdachte Details schaffen ein harmonisches Gesamtbild. [&hellip;]\" \/>\n<meta property=\"og:url\" content=\"https:\/\/shop.bantam.ch\/de\/produkt\/vorzelt-rolli-velara\/\" \/>\n<meta property=\"og:site_name\" content=\"Bantam Camping AG\" \/>\n<meta property=\"article:modified_time\" content=\"2026-04-19T00:53:10+00:00\" \/>\n<meta name=\"twitter:card\" content=\"summary_large_image\" \/>\n<meta name=\"twitter:label1\" content=\"Gesch\u00e4tzte Lesezeit\" \/>\n\t<meta name=\"twitter:data1\" content=\"1\u00a0Minute\" \/>\n<script type=\"application\/ld+json\" class=\"yoast-schema-graph\">{\"@context\":\"https:\\\/\\\/schema.org\",\"@graph\":[{\"@type\":\"WebPage\",\"@id\":\"https:\\\/\\\/shop.bantam.ch\\\/de\\\/produkt\\\/vorzelt-rolli-velara\\\/\",\"url\":\"https:\\\/\\\/shop.bantam.ch\\\/de\\\/produkt\\\/vorzelt-rolli-velara\\\/\",\"name\":\"Vorzelt Rolli Velara - Bantam Camping AG\",\"isPartOf\":{\"@id\":\"https:\\\/\\\/shop.bantam.ch\\\/de\\\/#website\"},\"primaryImageOfPage\":{\"@id\":\"https:\\\/\\\/shop.bantam.ch\\\/de\\\/produkt\\\/vorzelt-rolli-velara\\\/#primaryimage\"},\"image\":{\"@id\":\"https:\\\/\\\/shop.bantam.ch\\\/de\\\/produkt\\\/vorzelt-rolli-velara\\\/#primaryimage\"},\"thumbnailUrl\":\"https:\\\/\\\/shop.bantam.ch\\\/wp-content\\\/uploads\\\/2026\\\/02\\\/Movera-L-0107629100.jpg\",\"datePublished\":\"2026-02-04T09:58:58+00:00\",\"dateModified\":\"2026-04-19T00:53:10+00:00\",\"breadcrumb\":{\"@id\":\"https:\\\/\\\/shop.bantam.ch\\\/de\\\/produkt\\\/vorzelt-rolli-velara\\\/#breadcrumb\"},\"inLanguage\":\"de\",\"potentialAction\":[{\"@type\":\"ReadAction\",\"target\":[\"https:\\\/\\\/shop.bantam.ch\\\/de\\\/produkt\\\/vorzelt-rolli-velara\\\/\"]}]},{\"@type\":\"ImageObject\",\"inLanguage\":\"de\",\"@id\":\"https:\\\/\\\/shop.bantam.ch\\\/de\\\/produkt\\\/vorzelt-rolli-velara\\\/#primaryimage\",\"url\":\"https:\\\/\\\/shop.bantam.ch\\\/wp-content\\\/uploads\\\/2026\\\/02\\\/Movera-L-0107629100.jpg\",\"contentUrl\":\"https:\\\/\\\/shop.bantam.ch\\\/wp-content\\\/uploads\\\/2026\\\/02\\\/Movera-L-0107629100.jpg\",\"width\":640,\"height\":295},{\"@type\":\"BreadcrumbList\",\"@id\":\"https:\\\/\\\/shop.bantam.ch\\\/de\\\/produkt\\\/vorzelt-rolli-velara\\\/#breadcrumb\",\"itemListElement\":[{\"@type\":\"ListItem\",\"position\":1,\"name\":\"Accueil\",\"item\":\"https:\\\/\\\/shop.bantam.ch\\\/de\\\/\"},{\"@type\":\"ListItem\",\"position\":2,\"name\":\"Shop\",\"item\":\"https:\\\/\\\/shop.bantam.ch\\\/de\\\/shop\\\/\"},{\"@type\":\"ListItem\",\"position\":3,\"name\":\"Vorzelt Rolli Velara\"}]},{\"@type\":\"WebSite\",\"@id\":\"https:\\\/\\\/shop.bantam.ch\\\/de\\\/#website\",\"url\":\"https:\\\/\\\/shop.bantam.ch\\\/de\\\/\",\"name\":\"Bantam Camping AG\",\"description\":\"\",\"publisher\":{\"@id\":\"https:\\\/\\\/shop.bantam.ch\\\/de\\\/#organization\"},\"inLanguage\":\"de\"},{\"@type\":\"Organization\",\"@id\":\"https:\\\/\\\/shop.bantam.ch\\\/de\\\/#organization\",\"name\":\"Bantam Camping AG\",\"url\":\"https:\\\/\\\/shop.bantam.ch\\\/de\\\/\",\"logo\":{\"@type\":\"ImageObject\",\"inLanguage\":\"de\",\"@id\":\"https:\\\/\\\/shop.bantam.ch\\\/de\\\/#\\\/schema\\\/logo\\\/image\\\/\",\"url\":\"https:\\\/\\\/shop.bantam.ch\\\/wp-content\\\/uploads\\\/2022\\\/12\\\/bantam-logo.png\",\"contentUrl\":\"https:\\\/\\\/shop.bantam.ch\\\/wp-content\\\/uploads\\\/2022\\\/12\\\/bantam-logo.png\",\"width\":320,\"height\":71,\"caption\":\"Bantam Camping AG\"},\"image\":{\"@id\":\"https:\\\/\\\/shop.bantam.ch\\\/de\\\/#\\\/schema\\\/logo\\\/image\\\/\"}}]}<\/script>\n<!-- \/ Yoast SEO plugin. -->","yoast_head_json":{"title":"Vorzelt Rolli Velara - Bantam Camping AG","robots":{"index":"index","follow":"follow","max-snippet":"max-snippet:-1","max-image-preview":"max-image-preview:large","max-video-preview":"max-video-preview:-1"},"canonical":"https:\/\/shop.bantam.ch\/de\/produkt\/vorzelt-rolli-velara\/","og_locale":"de_DE","og_type":"article","og_title":"Vorzelt Rolli Velara - Bantam Camping AG","og_description":"Das exklusive Farbkonzept des Vorzeltes Rolli Velara in Beige und Anthrazit verleiht dem Campingplatz eine stilvolle Note, gro\u00dfz\u00fcgige Panoramafenster mit UV-Schutz sorgen f\u00fcr Licht und Privatsph\u00e4re zugleich. Mit AIR VENT Fenster, flexibel platzierbaren Eing\u00e4ngen und abklappbaren W\u00e4nden passt sich die VELARA jedem Wetter an. Hochwertige Materialien, klare Linien und durchdachte Details schaffen ein harmonisches Gesamtbild. [&hellip;]","og_url":"https:\/\/shop.bantam.ch\/de\/produkt\/vorzelt-rolli-velara\/","og_site_name":"Bantam Camping AG","article_modified_time":"2026-04-19T00:53:10+00:00","twitter_card":"summary_large_image","twitter_misc":{"Gesch\u00e4tzte Lesezeit":"1\u00a0Minute"},"schema":{"@context":"https:\/\/schema.org","@graph":[{"@type":"WebPage","@id":"https:\/\/shop.bantam.ch\/de\/produkt\/vorzelt-rolli-velara\/","url":"https:\/\/shop.bantam.ch\/de\/produkt\/vorzelt-rolli-velara\/","name":"Vorzelt Rolli Velara - Bantam Camping AG","isPartOf":{"@id":"https:\/\/shop.bantam.ch\/de\/#website"},"primaryImageOfPage":{"@id":"https:\/\/shop.bantam.ch\/de\/produkt\/vorzelt-rolli-velara\/#primaryimage"},"image":{"@id":"https:\/\/shop.bantam.ch\/de\/produkt\/vorzelt-rolli-velara\/#primaryimage"},"thumbnailUrl":"https:\/\/shop.bantam.ch\/wp-content\/uploads\/2026\/02\/Movera-L-0107629100.jpg","datePublished":"2026-02-04T09:58:58+00:00","dateModified":"2026-04-19T00:53:10+00:00","breadcrumb":{"@id":"https:\/\/shop.bantam.ch\/de\/produkt\/vorzelt-rolli-velara\/#breadcrumb"},"inLanguage":"de","potentialAction":[{"@type":"ReadAction","target":["https:\/\/shop.bantam.ch\/de\/produkt\/vorzelt-rolli-velara\/"]}]},{"@type":"ImageObject","inLanguage":"de","@id":"https:\/\/shop.bantam.ch\/de\/produkt\/vorzelt-rolli-velara\/#primaryimage","url":"https:\/\/shop.bantam.ch\/wp-content\/uploads\/2026\/02\/Movera-L-0107629100.jpg","contentUrl":"https:\/\/shop.bantam.ch\/wp-content\/uploads\/2026\/02\/Movera-L-0107629100.jpg","width":640,"height":295},{"@type":"BreadcrumbList","@id":"https:\/\/shop.bantam.ch\/de\/produkt\/vorzelt-rolli-velara\/#breadcrumb","itemListElement":[{"@type":"ListItem","position":1,"name":"Accueil","item":"https:\/\/shop.bantam.ch\/de\/"},{"@type":"ListItem","position":2,"name":"Shop","item":"https:\/\/shop.bantam.ch\/de\/shop\/"},{"@type":"ListItem","position":3,"name":"Vorzelt Rolli Velara"}]},{"@type":"WebSite","@id":"https:\/\/shop.bantam.ch\/de\/#website","url":"https:\/\/shop.bantam.ch\/de\/","name":"Bantam Camping AG","description":"","publisher":{"@id":"https:\/\/shop.bantam.ch\/de\/#organization"},"inLanguage":"de"},{"@type":"Organization","@id":"https:\/\/shop.bantam.ch\/de\/#organization","name":"Bantam Camping AG","url":"https:\/\/shop.bantam.ch\/de\/","logo":{"@type":"ImageObject","inLanguage":"de","@id":"https:\/\/shop.bantam.ch\/de\/#\/schema\/logo\/image\/","url":"https:\/\/shop.bantam.ch\/wp-content\/uploads\/2022\/12\/bantam-logo.png","contentUrl":"https:\/\/shop.bantam.ch\/wp-content\/uploads\/2022\/12\/bantam-logo.png","width":320,"height":71,"caption":"Bantam Camping AG"},"image":{"@id":"https:\/\/shop.bantam.ch\/de\/#\/schema\/logo\/image\/"}}]}},"_links":{"self":[{"href":"https:\/\/shop.bantam.ch\/de\/wp-json\/wp\/v2\/product\/233086","targetHints":{"allow":["GET"]}}],"collection":[{"href":"https:\/\/shop.bantam.ch\/de\/wp-json\/wp\/v2\/product"}],"about":[{"href":"https:\/\/shop.bantam.ch\/de\/wp-json\/wp\/v2\/types\/product"}],"wp:featuredmedia":[{"embeddable":true,"href":"https:\/\/shop.bantam.ch\/de\/wp-json\/wp\/v2\/media\/233070"}],"wp:attachment":[{"href":"https:\/\/shop.bantam.ch\/de\/wp-json\/wp\/v2\/media?parent=233086"}],"wp:term":[{"taxonomy":"product_featured_cat","embeddable":true,"href":"https:\/\/shop.bantam.ch\/de\/wp-json\/wp\/v2\/product_featured_cat?post=233086"},{"taxonomy":"product_brand","embeddable":true,"href":"https:\/\/shop.bantam.ch\/de\/wp-json\/wp\/v2\/product_brand?post=233086"},{"taxonomy":"product_cat","embeddable":true,"href":"https:\/\/shop.bantam.ch\/de\/wp-json\/wp\/v2\/product_cat?post=233086"},{"taxonomy":"product_tag","embeddable":true,"href":"https:\/\/shop.bantam.ch\/de\/wp-json\/wp\/v2\/product_tag?post=233086"}],"curies":[{"name":"wp","href":"https:\/\/api.w.org\/{rel}","templated":true}]}}