{"id":233067,"date":"2026-02-04T10:58:44","date_gmt":"2026-02-04T09:58:44","guid":{"rendered":"https:\/\/shop.bantam.ch\/produit\/dachzelt-horntools-themis-popup-hartschalenzelt\/"},"modified":"2026-04-18T02:51:27","modified_gmt":"2026-04-18T00:51:27","slug":"dachzelt-horntools-themis-popup-hartschalenzelt","status":"publish","type":"product","link":"https:\/\/shop.bantam.ch\/de\/produkt\/dachzelt-horntools-themis-popup-hartschalenzelt\/","title":{"rendered":"Dachzelt horntools Themis PopUp Hartschalenzelt"},"content":{"rendered":"<p>Du bist auf der Suche nach dem perfekten Camping-Abenteuer, aber das ewige Auf- und Abbauen des Zelts ist dir ein Dorn im Auge? Dann lass dich vom Hartschalen Dachzelt Themis PopUp begeistern. Dank der robusten ABS-Hartschale ist das Dachzelt in unter drei Minuten aufgebaut. Der Aufbau kann auch sehr gut alleine gemacht werden, einfach die Verschl\u00fcsse l\u00f6sen und fertig.<\/p>\n<p>Highlights<\/p>\n<ul>\n<li>&nbsp; &nbsp; Aufgebaut in unter drei Minuten &#8211; auch alleine<\/li>\n<li>&nbsp; &nbsp; Kompatibel mit allen Fahrzeugmodellen (Dachlast beachten)<\/li>\n<li>&nbsp; &nbsp; Drei m\u00f6gliche Eing\u00e4nge (Rechts, links, hinten)<\/li>\n<li>&nbsp; &nbsp; Hartschale oben und Wassers\u00e4ule des seitlichen Stoffs von 2000 mm h\u00e4lt das Innenleben trocken<\/li>\n<li>&nbsp; &nbsp; Mit LED-Innenbeleuchtung<\/li>\n<li>&nbsp; &nbsp; Praktische Ablage im Dach bspw. f\u00fcr Kleidung, B\u00fccher o.\u00e4.<\/li>\n<li>&nbsp; &nbsp; Drei Fenster (alle mit M\u00fcckennetz und Verdunklung)<\/li>\n<li>&nbsp; &nbsp; Zwei Vord\u00e4cher, f\u00fcr Schutz vor Regen und Sonne<\/li>\n<li>&nbsp; &nbsp; Praktische Schuhtasche inkludiert<\/li>\n<li>&nbsp; &nbsp; Schlafsack \/ Bettzeug kann im Dachzelt verbleiben<\/li>\n<li>&nbsp; &nbsp; Super bequeme 7cm dicke Memory Foam Matratze inkl. Flanell\u00fcberzug und 3D-Mesh-Unterlage (Anti Sweat) inkludiert, um Feuchtigkeit abzuleiten<\/li>\n<li>&nbsp; &nbsp; 5 Jahre Garantie<\/li>\n<\/ul>\n<p>Das Themis Hartschalendachzelt hat drei Eing\u00e4nge. Du entscheidest je nach Stimmung und Standort, welcher der passende ist und wo du die Leiter einh\u00e4ngen m\u00f6chtest. Au\u00dferdem sorgen zus\u00e4tzlich vier mit M\u00fcckennetzen versehene Fenster f\u00fcr einen uneingeschr\u00e4nkten Rundumblick. F\u00fcr besonderen Schlaf-Komfort sorgt die 7 cm dicke Memory Foam Matratze mit Flanell\u00fcberzug und die 3D-Mesh-Matratzenunterlage. Der gro\u00dfe Vorteil der innovativen 3D-Mesh-Unterlage ist, dass darunter die Feuchtigkeit verdunsten kann und sie die Matratze so vor Schimmelbildung sch\u00fctzt. Auch bei schlechtem Wetter bist du im Themis Hartschalen-Dachzelt bestens aufgehoben. Die widerstandsf\u00e4hige Hartschale trotzt jedem Regen, w\u00e4hrend die \u00fcberdachten Fenster mit ihren wasserdichten Rei\u00dfverschl\u00fcssen zus\u00e4tzlich daf\u00fcr sorgen, dass es drinnen trocken bleibst. Der Zeltstoff &#8211; eine Mischung aus Baumwolle und Leinen Polyester &#8211; kommt mit einer Wassers\u00e4ule von 2000 mm und h\u00e4lt dem Regen Stand.<\/p>\n<p>Das Hartschalendachzelt Themis ist generell f\u00fcr alle Fahrzeugmodelle geeignet. Alles was du brauchst ist ein Dachtr\u00e4ger. Das Dachzelt wird dann auf dem Dachtr\u00e4ger befestigt. Alles was ihr dazu ben\u00f6tigt ist bereits beim Dachzelt inkludiert. Egal ob, T5, T6, Ford Ranger, Pickup, VW Bus, Kombi oder Golf &#8211; das Themis passt auf jedes Auto. Beachte bitte jedoch die Dachlast deines Autos. Diese findest du in der Bedienungsanleitung oder im Internet. Die Dachlast muss ausreichend hoch sein (mindestens 70 kg), um das Dachzelt tragen zu k\u00f6nnen.&nbsp;<\/p>\n<p>F\u00fcr zus\u00e4tzlichen Komfort im Innenleben des Dachzelts sind LED-Streifen angebracht, um auch in der Nacht bequem und einfach den Innenraum ausleuchten zu k\u00f6nnen. Bitte beachte, dass der LED-Streifen eine Powerbank mit einer Mindest-Ausgangsspannung von 2,5V ben\u00f6tigt, um ordnungsgem\u00e4\u00df zu funktionieren.<br \/>\nUnter dem Dach der Hartschale findest du ein Staunetz, das reichlich Stauraum f\u00fcr diverse Utensilien wie Schlafsack oder Decke bietet. Eine zus\u00e4tzliche Tasche f\u00fcr Handy, Taschenlampe und Co. kannst du beliebig an den W\u00e4nden des Themis Hartschalen-Dachzeltes mit Klettverschluss befestigen. Besonders n\u00fctzlich ist die Tasche au\u00dfen am Zelt, die sich perfekt zur Aufbewahrung deiner schmutzigen Schuhe eignet &#8211; so bleibt das Innere deines Zeltes stets sauber.<\/p>\n<p>Tipp: Die Hartschale ist hoch genug, dass du Schlafsack oder Decken und Kissen immer im Zelt liegen lassen kannst. Auch im zugeklappten Zustand. So ist dein Bettzeug sicher und trocken verstaut und der Aufbau noch schneller erledigt.<br \/>\nDie mitgelieferte Teleskopleiter kannst du bis zu 2,60 m ausziehen (je nach H\u00f6he deines Fahrzeugs) und sie dort befestigen, wo du deinen Eingang haben m\u00f6chtest. W\u00e4hrend der Fahrt kann die Leiter ohne Probleme im Dachzelt verstaut werden.<\/p>\n","protected":false},"excerpt":{"rendered":"<p>Du bist auf der Suche nach dem perfekten Camping-Abenteuer, aber das ewige Auf- und Abbauen des Zelts ist dir ein Dorn im Auge? Dann lass dich vom Hartschalen Dachzelt Themis PopUp begeistern. Dank der robusten ABS-Hartschale ist das Dachzelt in unter drei Minuten aufgebaut. Der Aufbau kann auch sehr gut alleine gemacht werden, einfach die [&hellip;]<\/p>\n","protected":false},"featured_media":233054,"template":"","meta":{"_acf_changed":false},"product_featured_cat":[],"product_brand":[],"product_cat":[4244],"product_tag":[],"class_list":{"0":"post-233067","1":"product","2":"type-product","3":"status-publish","4":"has-post-thumbnail","6":"product_cat-dachzelte","8":"first","9":"instock","10":"taxable","11":"shipping-taxable","12":"purchasable","13":"product-type-variable"},"acf":[],"yoast_head":"<!-- This site is optimized with the Yoast SEO plugin v27.4 - https:\/\/yoast.com\/product\/yoast-seo-wordpress\/ -->\n<title>Dachzelt horntools Themis PopUp Hartschalenzelt - Bantam Camping AG<\/title>\n<meta name=\"robots\" content=\"index, follow, max-snippet:-1, max-image-preview:large, max-video-preview:-1\" \/>\n<link rel=\"canonical\" href=\"https:\/\/shop.bantam.ch\/de\/produkt\/dachzelt-horntools-themis-popup-hartschalenzelt\/\" \/>\n<meta property=\"og:locale\" content=\"de_DE\" \/>\n<meta property=\"og:type\" content=\"article\" \/>\n<meta property=\"og:title\" content=\"Dachzelt horntools Themis PopUp Hartschalenzelt - Bantam Camping AG\" \/>\n<meta property=\"og:description\" content=\"Du bist auf der Suche nach dem perfekten Camping-Abenteuer, aber das ewige Auf- und Abbauen des Zelts ist dir ein Dorn im Auge? Dann lass dich vom Hartschalen Dachzelt Themis PopUp begeistern. Dank der robusten ABS-Hartschale ist das Dachzelt in unter drei Minuten aufgebaut. Der Aufbau kann auch sehr gut alleine gemacht werden, einfach die [&hellip;]\" \/>\n<meta property=\"og:url\" content=\"https:\/\/shop.bantam.ch\/de\/produkt\/dachzelt-horntools-themis-popup-hartschalenzelt\/\" \/>\n<meta property=\"og:site_name\" content=\"Bantam Camping AG\" \/>\n<meta property=\"article:modified_time\" content=\"2026-04-18T00:51:27+00:00\" \/>\n<meta name=\"twitter:card\" content=\"summary_large_image\" \/>\n<meta name=\"twitter:label1\" content=\"Gesch\u00e4tzte Lesezeit\" \/>\n\t<meta name=\"twitter:data1\" content=\"3\u00a0Minuten\" \/>\n<script type=\"application\/ld+json\" class=\"yoast-schema-graph\">{\"@context\":\"https:\\\/\\\/schema.org\",\"@graph\":[{\"@type\":\"WebPage\",\"@id\":\"https:\\\/\\\/shop.bantam.ch\\\/de\\\/produkt\\\/dachzelt-horntools-themis-popup-hartschalenzelt\\\/\",\"url\":\"https:\\\/\\\/shop.bantam.ch\\\/de\\\/produkt\\\/dachzelt-horntools-themis-popup-hartschalenzelt\\\/\",\"name\":\"Dachzelt horntools Themis PopUp Hartschalenzelt - Bantam Camping AG\",\"isPartOf\":{\"@id\":\"https:\\\/\\\/shop.bantam.ch\\\/de\\\/#website\"},\"primaryImageOfPage\":{\"@id\":\"https:\\\/\\\/shop.bantam.ch\\\/de\\\/produkt\\\/dachzelt-horntools-themis-popup-hartschalenzelt\\\/#primaryimage\"},\"image\":{\"@id\":\"https:\\\/\\\/shop.bantam.ch\\\/de\\\/produkt\\\/dachzelt-horntools-themis-popup-hartschalenzelt\\\/#primaryimage\"},\"thumbnailUrl\":\"https:\\\/\\\/shop.bantam.ch\\\/wp-content\\\/uploads\\\/2026\\\/02\\\/Movera-L-9971772100.jpg\",\"datePublished\":\"2026-02-04T09:58:44+00:00\",\"dateModified\":\"2026-04-18T00:51:27+00:00\",\"breadcrumb\":{\"@id\":\"https:\\\/\\\/shop.bantam.ch\\\/de\\\/produkt\\\/dachzelt-horntools-themis-popup-hartschalenzelt\\\/#breadcrumb\"},\"inLanguage\":\"de\",\"potentialAction\":[{\"@type\":\"ReadAction\",\"target\":[\"https:\\\/\\\/shop.bantam.ch\\\/de\\\/produkt\\\/dachzelt-horntools-themis-popup-hartschalenzelt\\\/\"]}]},{\"@type\":\"ImageObject\",\"inLanguage\":\"de\",\"@id\":\"https:\\\/\\\/shop.bantam.ch\\\/de\\\/produkt\\\/dachzelt-horntools-themis-popup-hartschalenzelt\\\/#primaryimage\",\"url\":\"https:\\\/\\\/shop.bantam.ch\\\/wp-content\\\/uploads\\\/2026\\\/02\\\/Movera-L-9971772100.jpg\",\"contentUrl\":\"https:\\\/\\\/shop.bantam.ch\\\/wp-content\\\/uploads\\\/2026\\\/02\\\/Movera-L-9971772100.jpg\",\"width\":640,\"height\":640},{\"@type\":\"BreadcrumbList\",\"@id\":\"https:\\\/\\\/shop.bantam.ch\\\/de\\\/produkt\\\/dachzelt-horntools-themis-popup-hartschalenzelt\\\/#breadcrumb\",\"itemListElement\":[{\"@type\":\"ListItem\",\"position\":1,\"name\":\"Accueil\",\"item\":\"https:\\\/\\\/shop.bantam.ch\\\/de\\\/\"},{\"@type\":\"ListItem\",\"position\":2,\"name\":\"Shop\",\"item\":\"https:\\\/\\\/shop.bantam.ch\\\/de\\\/shop\\\/\"},{\"@type\":\"ListItem\",\"position\":3,\"name\":\"Dachzelt horntools Themis PopUp Hartschalenzelt\"}]},{\"@type\":\"WebSite\",\"@id\":\"https:\\\/\\\/shop.bantam.ch\\\/de\\\/#website\",\"url\":\"https:\\\/\\\/shop.bantam.ch\\\/de\\\/\",\"name\":\"Bantam Camping AG\",\"description\":\"\",\"publisher\":{\"@id\":\"https:\\\/\\\/shop.bantam.ch\\\/de\\\/#organization\"},\"inLanguage\":\"de\"},{\"@type\":\"Organization\",\"@id\":\"https:\\\/\\\/shop.bantam.ch\\\/de\\\/#organization\",\"name\":\"Bantam Camping AG\",\"url\":\"https:\\\/\\\/shop.bantam.ch\\\/de\\\/\",\"logo\":{\"@type\":\"ImageObject\",\"inLanguage\":\"de\",\"@id\":\"https:\\\/\\\/shop.bantam.ch\\\/de\\\/#\\\/schema\\\/logo\\\/image\\\/\",\"url\":\"https:\\\/\\\/shop.bantam.ch\\\/wp-content\\\/uploads\\\/2022\\\/12\\\/bantam-logo.png\",\"contentUrl\":\"https:\\\/\\\/shop.bantam.ch\\\/wp-content\\\/uploads\\\/2022\\\/12\\\/bantam-logo.png\",\"width\":320,\"height\":71,\"caption\":\"Bantam Camping AG\"},\"image\":{\"@id\":\"https:\\\/\\\/shop.bantam.ch\\\/de\\\/#\\\/schema\\\/logo\\\/image\\\/\"}}]}<\/script>\n<!-- \/ Yoast SEO plugin. -->","yoast_head_json":{"title":"Dachzelt horntools Themis PopUp Hartschalenzelt - Bantam Camping AG","robots":{"index":"index","follow":"follow","max-snippet":"max-snippet:-1","max-image-preview":"max-image-preview:large","max-video-preview":"max-video-preview:-1"},"canonical":"https:\/\/shop.bantam.ch\/de\/produkt\/dachzelt-horntools-themis-popup-hartschalenzelt\/","og_locale":"de_DE","og_type":"article","og_title":"Dachzelt horntools Themis PopUp Hartschalenzelt - Bantam Camping AG","og_description":"Du bist auf der Suche nach dem perfekten Camping-Abenteuer, aber das ewige Auf- und Abbauen des Zelts ist dir ein Dorn im Auge? Dann lass dich vom Hartschalen Dachzelt Themis PopUp begeistern. Dank der robusten ABS-Hartschale ist das Dachzelt in unter drei Minuten aufgebaut. Der Aufbau kann auch sehr gut alleine gemacht werden, einfach die [&hellip;]","og_url":"https:\/\/shop.bantam.ch\/de\/produkt\/dachzelt-horntools-themis-popup-hartschalenzelt\/","og_site_name":"Bantam Camping AG","article_modified_time":"2026-04-18T00:51:27+00:00","twitter_card":"summary_large_image","twitter_misc":{"Gesch\u00e4tzte Lesezeit":"3\u00a0Minuten"},"schema":{"@context":"https:\/\/schema.org","@graph":[{"@type":"WebPage","@id":"https:\/\/shop.bantam.ch\/de\/produkt\/dachzelt-horntools-themis-popup-hartschalenzelt\/","url":"https:\/\/shop.bantam.ch\/de\/produkt\/dachzelt-horntools-themis-popup-hartschalenzelt\/","name":"Dachzelt horntools Themis PopUp Hartschalenzelt - Bantam Camping AG","isPartOf":{"@id":"https:\/\/shop.bantam.ch\/de\/#website"},"primaryImageOfPage":{"@id":"https:\/\/shop.bantam.ch\/de\/produkt\/dachzelt-horntools-themis-popup-hartschalenzelt\/#primaryimage"},"image":{"@id":"https:\/\/shop.bantam.ch\/de\/produkt\/dachzelt-horntools-themis-popup-hartschalenzelt\/#primaryimage"},"thumbnailUrl":"https:\/\/shop.bantam.ch\/wp-content\/uploads\/2026\/02\/Movera-L-9971772100.jpg","datePublished":"2026-02-04T09:58:44+00:00","dateModified":"2026-04-18T00:51:27+00:00","breadcrumb":{"@id":"https:\/\/shop.bantam.ch\/de\/produkt\/dachzelt-horntools-themis-popup-hartschalenzelt\/#breadcrumb"},"inLanguage":"de","potentialAction":[{"@type":"ReadAction","target":["https:\/\/shop.bantam.ch\/de\/produkt\/dachzelt-horntools-themis-popup-hartschalenzelt\/"]}]},{"@type":"ImageObject","inLanguage":"de","@id":"https:\/\/shop.bantam.ch\/de\/produkt\/dachzelt-horntools-themis-popup-hartschalenzelt\/#primaryimage","url":"https:\/\/shop.bantam.ch\/wp-content\/uploads\/2026\/02\/Movera-L-9971772100.jpg","contentUrl":"https:\/\/shop.bantam.ch\/wp-content\/uploads\/2026\/02\/Movera-L-9971772100.jpg","width":640,"height":640},{"@type":"BreadcrumbList","@id":"https:\/\/shop.bantam.ch\/de\/produkt\/dachzelt-horntools-themis-popup-hartschalenzelt\/#breadcrumb","itemListElement":[{"@type":"ListItem","position":1,"name":"Accueil","item":"https:\/\/shop.bantam.ch\/de\/"},{"@type":"ListItem","position":2,"name":"Shop","item":"https:\/\/shop.bantam.ch\/de\/shop\/"},{"@type":"ListItem","position":3,"name":"Dachzelt horntools Themis PopUp Hartschalenzelt"}]},{"@type":"WebSite","@id":"https:\/\/shop.bantam.ch\/de\/#website","url":"https:\/\/shop.bantam.ch\/de\/","name":"Bantam Camping AG","description":"","publisher":{"@id":"https:\/\/shop.bantam.ch\/de\/#organization"},"inLanguage":"de"},{"@type":"Organization","@id":"https:\/\/shop.bantam.ch\/de\/#organization","name":"Bantam Camping AG","url":"https:\/\/shop.bantam.ch\/de\/","logo":{"@type":"ImageObject","inLanguage":"de","@id":"https:\/\/shop.bantam.ch\/de\/#\/schema\/logo\/image\/","url":"https:\/\/shop.bantam.ch\/wp-content\/uploads\/2022\/12\/bantam-logo.png","contentUrl":"https:\/\/shop.bantam.ch\/wp-content\/uploads\/2022\/12\/bantam-logo.png","width":320,"height":71,"caption":"Bantam Camping AG"},"image":{"@id":"https:\/\/shop.bantam.ch\/de\/#\/schema\/logo\/image\/"}}]}},"_links":{"self":[{"href":"https:\/\/shop.bantam.ch\/de\/wp-json\/wp\/v2\/product\/233067","targetHints":{"allow":["GET"]}}],"collection":[{"href":"https:\/\/shop.bantam.ch\/de\/wp-json\/wp\/v2\/product"}],"about":[{"href":"https:\/\/shop.bantam.ch\/de\/wp-json\/wp\/v2\/types\/product"}],"wp:featuredmedia":[{"embeddable":true,"href":"https:\/\/shop.bantam.ch\/de\/wp-json\/wp\/v2\/media\/233054"}],"wp:attachment":[{"href":"https:\/\/shop.bantam.ch\/de\/wp-json\/wp\/v2\/media?parent=233067"}],"wp:term":[{"taxonomy":"product_featured_cat","embeddable":true,"href":"https:\/\/shop.bantam.ch\/de\/wp-json\/wp\/v2\/product_featured_cat?post=233067"},{"taxonomy":"product_brand","embeddable":true,"href":"https:\/\/shop.bantam.ch\/de\/wp-json\/wp\/v2\/product_brand?post=233067"},{"taxonomy":"product_cat","embeddable":true,"href":"https:\/\/shop.bantam.ch\/de\/wp-json\/wp\/v2\/product_cat?post=233067"},{"taxonomy":"product_tag","embeddable":true,"href":"https:\/\/shop.bantam.ch\/de\/wp-json\/wp\/v2\/product_tag?post=233067"}],"curies":[{"name":"wp","href":"https:\/\/api.w.org\/{rel}","templated":true}]}}