{"id":233049,"date":"2026-02-04T10:58:18","date_gmt":"2026-02-04T09:58:18","guid":{"rendered":"https:\/\/shop.bantam.ch\/produit\/vorzelt-fuer-dachzelt-elements-gen-ii-fb-midnight-stone\/"},"modified":"2026-04-18T02:51:19","modified_gmt":"2026-04-18T00:51:19","slug":"vorzelt-fuer-dachzelt-elements-gen-ii-fb-midnight-stone","status":"publish","type":"product","link":"https:\/\/shop.bantam.ch\/de\/produkt\/vorzelt-fuer-dachzelt-elements-gen-ii-fb-midnight-stone\/","title":{"rendered":"Vorzelt f\u00fcr Dachzelt Elements Gen II Fb. Midnight Stone"},"content":{"rendered":"<p>Das Vorzelt f\u00fcr das Dachzelt Elements in der Farbe Midnight Stone ist dein praktischer Begleiter im Campingalltag. Es schafft zus\u00e4tzlichen Raum und kann z.B. auch als Umkleideraum genutzt werden. Das Vorzelt wird mittels Rei\u00dfverschluss an das Zelt angedockt. Der Boden, der ebenfalls im Lieferumfang enthalten ist, ist wasserdicht. Die Seitenw\u00e4nde sind spritzwassergesch\u00fctzt. Wie beim Dachzelt ist auch beim Vorzelt der Eingang und das Fenster mit M\u00fcckennetzen ausgestattet. Beides kann je nach Bedarf auch komplett ge\u00f6ffnet oder geschlossen und somit abgedunkelt werden.<\/p>\n","protected":false},"excerpt":{"rendered":"<p>Das Vorzelt f\u00fcr das Dachzelt Elements in der Farbe Midnight Stone ist dein praktischer Begleiter im Campingalltag. Es schafft zus\u00e4tzlichen Raum und kann z.B. auch als Umkleideraum genutzt werden. Das Vorzelt wird mittels Rei\u00dfverschluss an das Zelt angedockt. Der Boden, der ebenfalls im Lieferumfang enthalten ist, ist wasserdicht. Die Seitenw\u00e4nde sind spritzwassergesch\u00fctzt. Wie beim Dachzelt [&hellip;]<\/p>\n","protected":false},"featured_media":233044,"template":"","meta":{"_acf_changed":false},"product_featured_cat":[],"product_brand":[],"product_cat":[4244],"product_tag":[],"class_list":{"0":"post-233049","1":"product","2":"type-product","3":"status-publish","4":"has-post-thumbnail","6":"product_cat-dachzelte","8":"first","9":"instock","10":"taxable","11":"shipping-taxable","12":"purchasable","13":"product-type-variable"},"acf":[],"yoast_head":"<!-- This site is optimized with the Yoast SEO plugin v27.4 - https:\/\/yoast.com\/product\/yoast-seo-wordpress\/ -->\n<title>Vorzelt f\u00fcr Dachzelt Elements Gen II Fb. Midnight Stone - Bantam Camping AG<\/title>\n<meta name=\"robots\" content=\"index, follow, max-snippet:-1, max-image-preview:large, max-video-preview:-1\" \/>\n<link rel=\"canonical\" href=\"https:\/\/shop.bantam.ch\/de\/produkt\/vorzelt-fuer-dachzelt-elements-gen-ii-fb-midnight-stone\/\" \/>\n<meta property=\"og:locale\" content=\"de_DE\" \/>\n<meta property=\"og:type\" content=\"article\" \/>\n<meta property=\"og:title\" content=\"Vorzelt f\u00fcr Dachzelt Elements Gen II Fb. Midnight Stone - Bantam Camping AG\" \/>\n<meta property=\"og:description\" content=\"Das Vorzelt f\u00fcr das Dachzelt Elements in der Farbe Midnight Stone ist dein praktischer Begleiter im Campingalltag. Es schafft zus\u00e4tzlichen Raum und kann z.B. auch als Umkleideraum genutzt werden. Das Vorzelt wird mittels Rei\u00dfverschluss an das Zelt angedockt. Der Boden, der ebenfalls im Lieferumfang enthalten ist, ist wasserdicht. Die Seitenw\u00e4nde sind spritzwassergesch\u00fctzt. Wie beim Dachzelt [&hellip;]\" \/>\n<meta property=\"og:url\" content=\"https:\/\/shop.bantam.ch\/de\/produkt\/vorzelt-fuer-dachzelt-elements-gen-ii-fb-midnight-stone\/\" \/>\n<meta property=\"og:site_name\" content=\"Bantam Camping AG\" \/>\n<meta property=\"article:modified_time\" content=\"2026-04-18T00:51:19+00:00\" \/>\n<meta name=\"twitter:card\" content=\"summary_large_image\" \/>\n<script type=\"application\/ld+json\" class=\"yoast-schema-graph\">{\"@context\":\"https:\\\/\\\/schema.org\",\"@graph\":[{\"@type\":\"WebPage\",\"@id\":\"https:\\\/\\\/shop.bantam.ch\\\/de\\\/produkt\\\/vorzelt-fuer-dachzelt-elements-gen-ii-fb-midnight-stone\\\/\",\"url\":\"https:\\\/\\\/shop.bantam.ch\\\/de\\\/produkt\\\/vorzelt-fuer-dachzelt-elements-gen-ii-fb-midnight-stone\\\/\",\"name\":\"Vorzelt f\u00fcr Dachzelt Elements Gen II Fb. Midnight Stone - Bantam Camping AG\",\"isPartOf\":{\"@id\":\"https:\\\/\\\/shop.bantam.ch\\\/de\\\/#website\"},\"primaryImageOfPage\":{\"@id\":\"https:\\\/\\\/shop.bantam.ch\\\/de\\\/produkt\\\/vorzelt-fuer-dachzelt-elements-gen-ii-fb-midnight-stone\\\/#primaryimage\"},\"image\":{\"@id\":\"https:\\\/\\\/shop.bantam.ch\\\/de\\\/produkt\\\/vorzelt-fuer-dachzelt-elements-gen-ii-fb-midnight-stone\\\/#primaryimage\"},\"thumbnailUrl\":\"https:\\\/\\\/shop.bantam.ch\\\/wp-content\\\/uploads\\\/2026\\\/02\\\/Movera-L-9971767100.jpg\",\"datePublished\":\"2026-02-04T09:58:18+00:00\",\"dateModified\":\"2026-04-18T00:51:19+00:00\",\"breadcrumb\":{\"@id\":\"https:\\\/\\\/shop.bantam.ch\\\/de\\\/produkt\\\/vorzelt-fuer-dachzelt-elements-gen-ii-fb-midnight-stone\\\/#breadcrumb\"},\"inLanguage\":\"de\",\"potentialAction\":[{\"@type\":\"ReadAction\",\"target\":[\"https:\\\/\\\/shop.bantam.ch\\\/de\\\/produkt\\\/vorzelt-fuer-dachzelt-elements-gen-ii-fb-midnight-stone\\\/\"]}]},{\"@type\":\"ImageObject\",\"inLanguage\":\"de\",\"@id\":\"https:\\\/\\\/shop.bantam.ch\\\/de\\\/produkt\\\/vorzelt-fuer-dachzelt-elements-gen-ii-fb-midnight-stone\\\/#primaryimage\",\"url\":\"https:\\\/\\\/shop.bantam.ch\\\/wp-content\\\/uploads\\\/2026\\\/02\\\/Movera-L-9971767100.jpg\",\"contentUrl\":\"https:\\\/\\\/shop.bantam.ch\\\/wp-content\\\/uploads\\\/2026\\\/02\\\/Movera-L-9971767100.jpg\",\"width\":640,\"height\":640},{\"@type\":\"BreadcrumbList\",\"@id\":\"https:\\\/\\\/shop.bantam.ch\\\/de\\\/produkt\\\/vorzelt-fuer-dachzelt-elements-gen-ii-fb-midnight-stone\\\/#breadcrumb\",\"itemListElement\":[{\"@type\":\"ListItem\",\"position\":1,\"name\":\"Accueil\",\"item\":\"https:\\\/\\\/shop.bantam.ch\\\/de\\\/\"},{\"@type\":\"ListItem\",\"position\":2,\"name\":\"Shop\",\"item\":\"https:\\\/\\\/shop.bantam.ch\\\/de\\\/shop\\\/\"},{\"@type\":\"ListItem\",\"position\":3,\"name\":\"Vorzelt f\u00fcr Dachzelt Elements Gen II Fb. Midnight Stone\"}]},{\"@type\":\"WebSite\",\"@id\":\"https:\\\/\\\/shop.bantam.ch\\\/de\\\/#website\",\"url\":\"https:\\\/\\\/shop.bantam.ch\\\/de\\\/\",\"name\":\"Bantam Camping AG\",\"description\":\"\",\"publisher\":{\"@id\":\"https:\\\/\\\/shop.bantam.ch\\\/de\\\/#organization\"},\"inLanguage\":\"de\"},{\"@type\":\"Organization\",\"@id\":\"https:\\\/\\\/shop.bantam.ch\\\/de\\\/#organization\",\"name\":\"Bantam Camping AG\",\"url\":\"https:\\\/\\\/shop.bantam.ch\\\/de\\\/\",\"logo\":{\"@type\":\"ImageObject\",\"inLanguage\":\"de\",\"@id\":\"https:\\\/\\\/shop.bantam.ch\\\/de\\\/#\\\/schema\\\/logo\\\/image\\\/\",\"url\":\"https:\\\/\\\/shop.bantam.ch\\\/wp-content\\\/uploads\\\/2022\\\/12\\\/bantam-logo.png\",\"contentUrl\":\"https:\\\/\\\/shop.bantam.ch\\\/wp-content\\\/uploads\\\/2022\\\/12\\\/bantam-logo.png\",\"width\":320,\"height\":71,\"caption\":\"Bantam Camping AG\"},\"image\":{\"@id\":\"https:\\\/\\\/shop.bantam.ch\\\/de\\\/#\\\/schema\\\/logo\\\/image\\\/\"}}]}<\/script>\n<!-- \/ Yoast SEO plugin. -->","yoast_head_json":{"title":"Vorzelt f\u00fcr Dachzelt Elements Gen II Fb. Midnight Stone - Bantam Camping AG","robots":{"index":"index","follow":"follow","max-snippet":"max-snippet:-1","max-image-preview":"max-image-preview:large","max-video-preview":"max-video-preview:-1"},"canonical":"https:\/\/shop.bantam.ch\/de\/produkt\/vorzelt-fuer-dachzelt-elements-gen-ii-fb-midnight-stone\/","og_locale":"de_DE","og_type":"article","og_title":"Vorzelt f\u00fcr Dachzelt Elements Gen II Fb. Midnight Stone - Bantam Camping AG","og_description":"Das Vorzelt f\u00fcr das Dachzelt Elements in der Farbe Midnight Stone ist dein praktischer Begleiter im Campingalltag. Es schafft zus\u00e4tzlichen Raum und kann z.B. auch als Umkleideraum genutzt werden. Das Vorzelt wird mittels Rei\u00dfverschluss an das Zelt angedockt. Der Boden, der ebenfalls im Lieferumfang enthalten ist, ist wasserdicht. Die Seitenw\u00e4nde sind spritzwassergesch\u00fctzt. Wie beim Dachzelt [&hellip;]","og_url":"https:\/\/shop.bantam.ch\/de\/produkt\/vorzelt-fuer-dachzelt-elements-gen-ii-fb-midnight-stone\/","og_site_name":"Bantam Camping AG","article_modified_time":"2026-04-18T00:51:19+00:00","twitter_card":"summary_large_image","schema":{"@context":"https:\/\/schema.org","@graph":[{"@type":"WebPage","@id":"https:\/\/shop.bantam.ch\/de\/produkt\/vorzelt-fuer-dachzelt-elements-gen-ii-fb-midnight-stone\/","url":"https:\/\/shop.bantam.ch\/de\/produkt\/vorzelt-fuer-dachzelt-elements-gen-ii-fb-midnight-stone\/","name":"Vorzelt f\u00fcr Dachzelt Elements Gen II Fb. Midnight Stone - Bantam Camping AG","isPartOf":{"@id":"https:\/\/shop.bantam.ch\/de\/#website"},"primaryImageOfPage":{"@id":"https:\/\/shop.bantam.ch\/de\/produkt\/vorzelt-fuer-dachzelt-elements-gen-ii-fb-midnight-stone\/#primaryimage"},"image":{"@id":"https:\/\/shop.bantam.ch\/de\/produkt\/vorzelt-fuer-dachzelt-elements-gen-ii-fb-midnight-stone\/#primaryimage"},"thumbnailUrl":"https:\/\/shop.bantam.ch\/wp-content\/uploads\/2026\/02\/Movera-L-9971767100.jpg","datePublished":"2026-02-04T09:58:18+00:00","dateModified":"2026-04-18T00:51:19+00:00","breadcrumb":{"@id":"https:\/\/shop.bantam.ch\/de\/produkt\/vorzelt-fuer-dachzelt-elements-gen-ii-fb-midnight-stone\/#breadcrumb"},"inLanguage":"de","potentialAction":[{"@type":"ReadAction","target":["https:\/\/shop.bantam.ch\/de\/produkt\/vorzelt-fuer-dachzelt-elements-gen-ii-fb-midnight-stone\/"]}]},{"@type":"ImageObject","inLanguage":"de","@id":"https:\/\/shop.bantam.ch\/de\/produkt\/vorzelt-fuer-dachzelt-elements-gen-ii-fb-midnight-stone\/#primaryimage","url":"https:\/\/shop.bantam.ch\/wp-content\/uploads\/2026\/02\/Movera-L-9971767100.jpg","contentUrl":"https:\/\/shop.bantam.ch\/wp-content\/uploads\/2026\/02\/Movera-L-9971767100.jpg","width":640,"height":640},{"@type":"BreadcrumbList","@id":"https:\/\/shop.bantam.ch\/de\/produkt\/vorzelt-fuer-dachzelt-elements-gen-ii-fb-midnight-stone\/#breadcrumb","itemListElement":[{"@type":"ListItem","position":1,"name":"Accueil","item":"https:\/\/shop.bantam.ch\/de\/"},{"@type":"ListItem","position":2,"name":"Shop","item":"https:\/\/shop.bantam.ch\/de\/shop\/"},{"@type":"ListItem","position":3,"name":"Vorzelt f\u00fcr Dachzelt Elements Gen II Fb. Midnight Stone"}]},{"@type":"WebSite","@id":"https:\/\/shop.bantam.ch\/de\/#website","url":"https:\/\/shop.bantam.ch\/de\/","name":"Bantam Camping AG","description":"","publisher":{"@id":"https:\/\/shop.bantam.ch\/de\/#organization"},"inLanguage":"de"},{"@type":"Organization","@id":"https:\/\/shop.bantam.ch\/de\/#organization","name":"Bantam Camping AG","url":"https:\/\/shop.bantam.ch\/de\/","logo":{"@type":"ImageObject","inLanguage":"de","@id":"https:\/\/shop.bantam.ch\/de\/#\/schema\/logo\/image\/","url":"https:\/\/shop.bantam.ch\/wp-content\/uploads\/2022\/12\/bantam-logo.png","contentUrl":"https:\/\/shop.bantam.ch\/wp-content\/uploads\/2022\/12\/bantam-logo.png","width":320,"height":71,"caption":"Bantam Camping AG"},"image":{"@id":"https:\/\/shop.bantam.ch\/de\/#\/schema\/logo\/image\/"}}]}},"_links":{"self":[{"href":"https:\/\/shop.bantam.ch\/de\/wp-json\/wp\/v2\/product\/233049","targetHints":{"allow":["GET"]}}],"collection":[{"href":"https:\/\/shop.bantam.ch\/de\/wp-json\/wp\/v2\/product"}],"about":[{"href":"https:\/\/shop.bantam.ch\/de\/wp-json\/wp\/v2\/types\/product"}],"wp:featuredmedia":[{"embeddable":true,"href":"https:\/\/shop.bantam.ch\/de\/wp-json\/wp\/v2\/media\/233044"}],"wp:attachment":[{"href":"https:\/\/shop.bantam.ch\/de\/wp-json\/wp\/v2\/media?parent=233049"}],"wp:term":[{"taxonomy":"product_featured_cat","embeddable":true,"href":"https:\/\/shop.bantam.ch\/de\/wp-json\/wp\/v2\/product_featured_cat?post=233049"},{"taxonomy":"product_brand","embeddable":true,"href":"https:\/\/shop.bantam.ch\/de\/wp-json\/wp\/v2\/product_brand?post=233049"},{"taxonomy":"product_cat","embeddable":true,"href":"https:\/\/shop.bantam.ch\/de\/wp-json\/wp\/v2\/product_cat?post=233049"},{"taxonomy":"product_tag","embeddable":true,"href":"https:\/\/shop.bantam.ch\/de\/wp-json\/wp\/v2\/product_tag?post=233049"}],"curies":[{"name":"wp","href":"https:\/\/api.w.org\/{rel}","templated":true}]}}