{"id":233039,"date":"2026-02-04T10:57:50","date_gmt":"2026-02-04T09:57:50","guid":{"rendered":"https:\/\/shop.bantam.ch\/produit\/dachzelt-elements-gen-ii-fb-midnight-stone-ohne-vorzelt\/"},"modified":"2026-04-19T02:52:43","modified_gmt":"2026-04-19T00:52:43","slug":"dachzelt-elements-gen-ii-fb-midnight-stone-ohne-vorzelt","status":"publish","type":"product","link":"https:\/\/shop.bantam.ch\/de\/produkt\/dachzelt-elements-gen-ii-fb-midnight-stone-ohne-vorzelt\/","title":{"rendered":"Dachzelt Elements  Gen II Fb. Midnight Stone ohne Vorzelt"},"content":{"rendered":"<p>Das Dachzelt Elements hat sich in kurzer Zeit als beliebter Begleiter f\u00fcr Offroad- und Camping-Abenteuer etabliert. Aufbauend auf dem Erfolg des ersten Modells haben wir es durch gezielte Optimierungen und praktische Erg\u00e4nzungen weiterentwickelt \u2013 das Ergebnis ist das Elements Gen II. Was hat sich verbessert?<\/p>\n<ul>\n<li>Cover Roll-up zum Verstauen der Dachzeltabdeckung<\/li>\n<li>Optimierte 8 cm Matratze aus Kaltschaum und Memory-Foam<\/li>\n<li>Neue Teleskopstange f\u00fcr Vordach zum Schutz gegen Regen &amp; Schnee&nbsp;<\/li>\n<li>Verdunkelter Zeltstoff f\u00fcr mehr Sichtschutz<\/li>\n<li>Schwarze Abspannstangen<\/li>\n<li>Verst\u00e4rkter Aluminium Honeycomb Boden<\/li>\n<li>Schwarzer Dachzeltrahmen<\/li>\n<\/ul>\n<p>Das Midnight Stone in dunklem Grau mit schwarzem Dach haben wir f\u00fcr Overlander entwickelt, die sich gerne in den Bergen oder anderen felsigen Gebieten aufhalten. Der Zeltstoff besteht aus einem Segeltuch-Canvas mit 300g\/m\u00b2, bestehend aus 35% Baumwolle und 65% Polyester. Der Zelt kommt mit 2000 mm Wassers\u00e4ule und das braune Fly Sheet sogar mit 3000 mm &#8211; du bist also gut gesch\u00fctzt vor Regenf\u00e4llen.<\/p>\n<p>Die moderne schwarze Teleskopleiter f\u00fcr bequemes Auf- und Zuklappen des Dachzelts. Kann in der L\u00e4nge je nach Bedarf eingestellt werden und erm\u00f6glicht optimales Hinauf- und Hinuntersteigen. Durch die integrierten Sky View Dachfenster hast du perfekte Sicht auf den Sternenhimmel. Beide Dachfenster k\u00f6nnen nat\u00fcrlich auch in Sekundenschnelle v\u00f6llig abgedunkelt werden. Ambiente im Dachzelt: Die LED-Leuchten sind im Innenraum des Dachzelts integriert und k\u00f6nnen bequem per dimmbarem Schalter bedient und zwischen drei unterschiedlichen Farbt\u00f6nen hin und her geschaltet werden. Der Eingang, die Seitenfenster und die zwei Dachfenster sind mit M\u00fcckennetzen ausgestattet und k\u00f6nnen alternativ auch komplett geschlossen werden. Zus\u00e4tzlich verf\u00fcgt der Innenraum des Dachzelts \u00fcber 12 Seitentaschen f\u00fcr gen\u00fcgend Stauraum. Eine praktische Schuhtasche (zwei f\u00fcr das 220 cm Dachzelt) ist ebenfalls im Lieferumfang enthalten, um keinen Dreck mit ins Dachzelt zu ziehen. Im Lieferumfang enthalten ist die optimierte, 8 cm starke Kaltschaum- \/ Memory-Foam-Matratze (2-teilig f\u00fcr ein 220 cm Dachzelt), die f\u00fcr h\u00f6chsten Schlafkomfort sorgt \u2013 fast wie im eigenen Bett. Au\u00dferdem mitgeliefert wird eine atmungsaktive Anti-Sweat-3D-Mesh-Matratzenunterlage, die Feuchtigkeitsbildung effektiv verhindert und ein angenehmes Schlafklima gew\u00e4hrleistet.<br \/>\nDas Vorzelt f\u00fcr das Dachzelt Elements in der Farbe Stone ist zus\u00e4tzlich erh\u00e4ltlich. Das Anh\u00e4ngen an das Dachzelt erfolgt einfach &amp; schnell per Rei\u00dfverschlusssystem und das Vorzelt schafft zus\u00e4tzlichen Raum.<\/p>\n<p>&nbsp;<\/p>\n<p>Highlights:<\/p>\n<ul>\n<li>5 Jahre Garantie auf die Elements Dachzelte<\/li>\n<li>Mit allen Dachtr\u00e4gern kompatibel<\/li>\n<li>F\u00fcr jedes Fahrzeug mit entsprechender Dachlast<\/li>\n<li>Mit Sky View Dachfenster<\/li>\n<li>Erh\u00e4ltlich in 3 verschiedenen Gr\u00f6\u00dfen<\/li>\n<li>Integrierte LED-Leuchten<\/li>\n<li>Mit moderner schwarzer Teleskopleiter<\/li>\n<li>Passendes Vorzelt zus\u00e4tzlich erh\u00e4ltlich<\/li>\n<\/ul>\n<p>Lieferumfang:<\/p>\n<ul>\n<li>1 x Dachzelt inklusive Abdeckung<\/li>\n<li>1 x Regen\u00fcberzug (Fly Sheet)<\/li>\n<li>1 x Schwarze Teleskopleiter (2 x f\u00fcr 220 cm Dachzelt)<\/li>\n<li>1 \u00d7 8 cm Kaltschaum-\/Memory-Foam-Matratze (2 Stk. f\u00fcr 220 cm Dachzelt)<\/li>\n<li>1 x Anti Sweat 3D-Mesh-Matratzenunterlage<\/li>\n<li>LED-Leuchten inkl. Kabel<\/li>\n<li>Abspannstangen f\u00fcr die Fenster<\/li>\n<li>Bedienungs- und Pflegeanleitung<\/li>\n<li>S\u00e4mtliches Montagematerial f\u00fcr den Dachtr\u00e4ger<\/li>\n<\/ul>\n","protected":false},"excerpt":{"rendered":"<p>Das Dachzelt Elements hat sich in kurzer Zeit als beliebter Begleiter f\u00fcr Offroad- und Camping-Abenteuer etabliert. Aufbauend auf dem Erfolg des ersten Modells haben wir es durch gezielte Optimierungen und praktische Erg\u00e4nzungen weiterentwickelt \u2013 das Ergebnis ist das Elements Gen II. Was hat sich verbessert? Cover Roll-up zum Verstauen der Dachzeltabdeckung Optimierte 8 cm Matratze [&hellip;]<\/p>\n","protected":false},"featured_media":233020,"template":"","meta":{"_acf_changed":false},"product_featured_cat":[],"product_brand":[],"product_cat":[4244],"product_tag":[],"class_list":{"0":"post-233039","1":"product","2":"type-product","3":"status-publish","4":"has-post-thumbnail","6":"product_cat-dachzelte","8":"first","9":"instock","10":"taxable","11":"shipping-taxable","12":"purchasable","13":"product-type-variable"},"acf":[],"yoast_head":"<!-- This site is optimized with the Yoast SEO plugin v27.4 - https:\/\/yoast.com\/product\/yoast-seo-wordpress\/ -->\n<title>Dachzelt Elements Gen II Fb. Midnight Stone ohne Vorzelt - Bantam Camping AG<\/title>\n<meta name=\"robots\" content=\"index, follow, max-snippet:-1, max-image-preview:large, max-video-preview:-1\" \/>\n<link rel=\"canonical\" href=\"https:\/\/shop.bantam.ch\/de\/produkt\/dachzelt-elements-gen-ii-fb-midnight-stone-ohne-vorzelt\/\" \/>\n<meta property=\"og:locale\" content=\"de_DE\" \/>\n<meta property=\"og:type\" content=\"article\" \/>\n<meta property=\"og:title\" content=\"Dachzelt Elements Gen II Fb. Midnight Stone ohne Vorzelt - Bantam Camping AG\" \/>\n<meta property=\"og:description\" content=\"Das Dachzelt Elements hat sich in kurzer Zeit als beliebter Begleiter f\u00fcr Offroad- und Camping-Abenteuer etabliert. Aufbauend auf dem Erfolg des ersten Modells haben wir es durch gezielte Optimierungen und praktische Erg\u00e4nzungen weiterentwickelt \u2013 das Ergebnis ist das Elements Gen II. Was hat sich verbessert? Cover Roll-up zum Verstauen der Dachzeltabdeckung Optimierte 8 cm Matratze [&hellip;]\" \/>\n<meta property=\"og:url\" content=\"https:\/\/shop.bantam.ch\/de\/produkt\/dachzelt-elements-gen-ii-fb-midnight-stone-ohne-vorzelt\/\" \/>\n<meta property=\"og:site_name\" content=\"Bantam Camping AG\" \/>\n<meta property=\"article:modified_time\" content=\"2026-04-19T00:52:43+00:00\" \/>\n<meta name=\"twitter:card\" content=\"summary_large_image\" \/>\n<meta name=\"twitter:label1\" content=\"Gesch\u00e4tzte Lesezeit\" \/>\n\t<meta name=\"twitter:data1\" content=\"2\u00a0Minuten\" \/>\n<script type=\"application\/ld+json\" class=\"yoast-schema-graph\">{\"@context\":\"https:\\\/\\\/schema.org\",\"@graph\":[{\"@type\":\"WebPage\",\"@id\":\"https:\\\/\\\/shop.bantam.ch\\\/de\\\/produkt\\\/dachzelt-elements-gen-ii-fb-midnight-stone-ohne-vorzelt\\\/\",\"url\":\"https:\\\/\\\/shop.bantam.ch\\\/de\\\/produkt\\\/dachzelt-elements-gen-ii-fb-midnight-stone-ohne-vorzelt\\\/\",\"name\":\"Dachzelt Elements Gen II Fb. Midnight Stone ohne Vorzelt - Bantam Camping AG\",\"isPartOf\":{\"@id\":\"https:\\\/\\\/shop.bantam.ch\\\/de\\\/#website\"},\"primaryImageOfPage\":{\"@id\":\"https:\\\/\\\/shop.bantam.ch\\\/de\\\/produkt\\\/dachzelt-elements-gen-ii-fb-midnight-stone-ohne-vorzelt\\\/#primaryimage\"},\"image\":{\"@id\":\"https:\\\/\\\/shop.bantam.ch\\\/de\\\/produkt\\\/dachzelt-elements-gen-ii-fb-midnight-stone-ohne-vorzelt\\\/#primaryimage\"},\"thumbnailUrl\":\"https:\\\/\\\/shop.bantam.ch\\\/wp-content\\\/uploads\\\/2026\\\/02\\\/Movera-L-9971764100.jpg\",\"datePublished\":\"2026-02-04T09:57:50+00:00\",\"dateModified\":\"2026-04-19T00:52:43+00:00\",\"breadcrumb\":{\"@id\":\"https:\\\/\\\/shop.bantam.ch\\\/de\\\/produkt\\\/dachzelt-elements-gen-ii-fb-midnight-stone-ohne-vorzelt\\\/#breadcrumb\"},\"inLanguage\":\"de\",\"potentialAction\":[{\"@type\":\"ReadAction\",\"target\":[\"https:\\\/\\\/shop.bantam.ch\\\/de\\\/produkt\\\/dachzelt-elements-gen-ii-fb-midnight-stone-ohne-vorzelt\\\/\"]}]},{\"@type\":\"ImageObject\",\"inLanguage\":\"de\",\"@id\":\"https:\\\/\\\/shop.bantam.ch\\\/de\\\/produkt\\\/dachzelt-elements-gen-ii-fb-midnight-stone-ohne-vorzelt\\\/#primaryimage\",\"url\":\"https:\\\/\\\/shop.bantam.ch\\\/wp-content\\\/uploads\\\/2026\\\/02\\\/Movera-L-9971764100.jpg\",\"contentUrl\":\"https:\\\/\\\/shop.bantam.ch\\\/wp-content\\\/uploads\\\/2026\\\/02\\\/Movera-L-9971764100.jpg\",\"width\":640,\"height\":640},{\"@type\":\"BreadcrumbList\",\"@id\":\"https:\\\/\\\/shop.bantam.ch\\\/de\\\/produkt\\\/dachzelt-elements-gen-ii-fb-midnight-stone-ohne-vorzelt\\\/#breadcrumb\",\"itemListElement\":[{\"@type\":\"ListItem\",\"position\":1,\"name\":\"Accueil\",\"item\":\"https:\\\/\\\/shop.bantam.ch\\\/de\\\/\"},{\"@type\":\"ListItem\",\"position\":2,\"name\":\"Shop\",\"item\":\"https:\\\/\\\/shop.bantam.ch\\\/de\\\/shop\\\/\"},{\"@type\":\"ListItem\",\"position\":3,\"name\":\"Dachzelt Elements Gen II Fb. Midnight Stone ohne Vorzelt\"}]},{\"@type\":\"WebSite\",\"@id\":\"https:\\\/\\\/shop.bantam.ch\\\/de\\\/#website\",\"url\":\"https:\\\/\\\/shop.bantam.ch\\\/de\\\/\",\"name\":\"Bantam Camping AG\",\"description\":\"\",\"publisher\":{\"@id\":\"https:\\\/\\\/shop.bantam.ch\\\/de\\\/#organization\"},\"inLanguage\":\"de\"},{\"@type\":\"Organization\",\"@id\":\"https:\\\/\\\/shop.bantam.ch\\\/de\\\/#organization\",\"name\":\"Bantam Camping AG\",\"url\":\"https:\\\/\\\/shop.bantam.ch\\\/de\\\/\",\"logo\":{\"@type\":\"ImageObject\",\"inLanguage\":\"de\",\"@id\":\"https:\\\/\\\/shop.bantam.ch\\\/de\\\/#\\\/schema\\\/logo\\\/image\\\/\",\"url\":\"https:\\\/\\\/shop.bantam.ch\\\/wp-content\\\/uploads\\\/2022\\\/12\\\/bantam-logo.png\",\"contentUrl\":\"https:\\\/\\\/shop.bantam.ch\\\/wp-content\\\/uploads\\\/2022\\\/12\\\/bantam-logo.png\",\"width\":320,\"height\":71,\"caption\":\"Bantam Camping AG\"},\"image\":{\"@id\":\"https:\\\/\\\/shop.bantam.ch\\\/de\\\/#\\\/schema\\\/logo\\\/image\\\/\"}}]}<\/script>\n<!-- \/ Yoast SEO plugin. -->","yoast_head_json":{"title":"Dachzelt Elements Gen II Fb. Midnight Stone ohne Vorzelt - Bantam Camping AG","robots":{"index":"index","follow":"follow","max-snippet":"max-snippet:-1","max-image-preview":"max-image-preview:large","max-video-preview":"max-video-preview:-1"},"canonical":"https:\/\/shop.bantam.ch\/de\/produkt\/dachzelt-elements-gen-ii-fb-midnight-stone-ohne-vorzelt\/","og_locale":"de_DE","og_type":"article","og_title":"Dachzelt Elements Gen II Fb. Midnight Stone ohne Vorzelt - Bantam Camping AG","og_description":"Das Dachzelt Elements hat sich in kurzer Zeit als beliebter Begleiter f\u00fcr Offroad- und Camping-Abenteuer etabliert. Aufbauend auf dem Erfolg des ersten Modells haben wir es durch gezielte Optimierungen und praktische Erg\u00e4nzungen weiterentwickelt \u2013 das Ergebnis ist das Elements Gen II. Was hat sich verbessert? Cover Roll-up zum Verstauen der Dachzeltabdeckung Optimierte 8 cm Matratze [&hellip;]","og_url":"https:\/\/shop.bantam.ch\/de\/produkt\/dachzelt-elements-gen-ii-fb-midnight-stone-ohne-vorzelt\/","og_site_name":"Bantam Camping AG","article_modified_time":"2026-04-19T00:52:43+00:00","twitter_card":"summary_large_image","twitter_misc":{"Gesch\u00e4tzte Lesezeit":"2\u00a0Minuten"},"schema":{"@context":"https:\/\/schema.org","@graph":[{"@type":"WebPage","@id":"https:\/\/shop.bantam.ch\/de\/produkt\/dachzelt-elements-gen-ii-fb-midnight-stone-ohne-vorzelt\/","url":"https:\/\/shop.bantam.ch\/de\/produkt\/dachzelt-elements-gen-ii-fb-midnight-stone-ohne-vorzelt\/","name":"Dachzelt Elements Gen II Fb. Midnight Stone ohne Vorzelt - Bantam Camping AG","isPartOf":{"@id":"https:\/\/shop.bantam.ch\/de\/#website"},"primaryImageOfPage":{"@id":"https:\/\/shop.bantam.ch\/de\/produkt\/dachzelt-elements-gen-ii-fb-midnight-stone-ohne-vorzelt\/#primaryimage"},"image":{"@id":"https:\/\/shop.bantam.ch\/de\/produkt\/dachzelt-elements-gen-ii-fb-midnight-stone-ohne-vorzelt\/#primaryimage"},"thumbnailUrl":"https:\/\/shop.bantam.ch\/wp-content\/uploads\/2026\/02\/Movera-L-9971764100.jpg","datePublished":"2026-02-04T09:57:50+00:00","dateModified":"2026-04-19T00:52:43+00:00","breadcrumb":{"@id":"https:\/\/shop.bantam.ch\/de\/produkt\/dachzelt-elements-gen-ii-fb-midnight-stone-ohne-vorzelt\/#breadcrumb"},"inLanguage":"de","potentialAction":[{"@type":"ReadAction","target":["https:\/\/shop.bantam.ch\/de\/produkt\/dachzelt-elements-gen-ii-fb-midnight-stone-ohne-vorzelt\/"]}]},{"@type":"ImageObject","inLanguage":"de","@id":"https:\/\/shop.bantam.ch\/de\/produkt\/dachzelt-elements-gen-ii-fb-midnight-stone-ohne-vorzelt\/#primaryimage","url":"https:\/\/shop.bantam.ch\/wp-content\/uploads\/2026\/02\/Movera-L-9971764100.jpg","contentUrl":"https:\/\/shop.bantam.ch\/wp-content\/uploads\/2026\/02\/Movera-L-9971764100.jpg","width":640,"height":640},{"@type":"BreadcrumbList","@id":"https:\/\/shop.bantam.ch\/de\/produkt\/dachzelt-elements-gen-ii-fb-midnight-stone-ohne-vorzelt\/#breadcrumb","itemListElement":[{"@type":"ListItem","position":1,"name":"Accueil","item":"https:\/\/shop.bantam.ch\/de\/"},{"@type":"ListItem","position":2,"name":"Shop","item":"https:\/\/shop.bantam.ch\/de\/shop\/"},{"@type":"ListItem","position":3,"name":"Dachzelt Elements Gen II Fb. Midnight Stone ohne Vorzelt"}]},{"@type":"WebSite","@id":"https:\/\/shop.bantam.ch\/de\/#website","url":"https:\/\/shop.bantam.ch\/de\/","name":"Bantam Camping AG","description":"","publisher":{"@id":"https:\/\/shop.bantam.ch\/de\/#organization"},"inLanguage":"de"},{"@type":"Organization","@id":"https:\/\/shop.bantam.ch\/de\/#organization","name":"Bantam Camping AG","url":"https:\/\/shop.bantam.ch\/de\/","logo":{"@type":"ImageObject","inLanguage":"de","@id":"https:\/\/shop.bantam.ch\/de\/#\/schema\/logo\/image\/","url":"https:\/\/shop.bantam.ch\/wp-content\/uploads\/2022\/12\/bantam-logo.png","contentUrl":"https:\/\/shop.bantam.ch\/wp-content\/uploads\/2022\/12\/bantam-logo.png","width":320,"height":71,"caption":"Bantam Camping AG"},"image":{"@id":"https:\/\/shop.bantam.ch\/de\/#\/schema\/logo\/image\/"}}]}},"_links":{"self":[{"href":"https:\/\/shop.bantam.ch\/de\/wp-json\/wp\/v2\/product\/233039","targetHints":{"allow":["GET"]}}],"collection":[{"href":"https:\/\/shop.bantam.ch\/de\/wp-json\/wp\/v2\/product"}],"about":[{"href":"https:\/\/shop.bantam.ch\/de\/wp-json\/wp\/v2\/types\/product"}],"wp:featuredmedia":[{"embeddable":true,"href":"https:\/\/shop.bantam.ch\/de\/wp-json\/wp\/v2\/media\/233020"}],"wp:attachment":[{"href":"https:\/\/shop.bantam.ch\/de\/wp-json\/wp\/v2\/media?parent=233039"}],"wp:term":[{"taxonomy":"product_featured_cat","embeddable":true,"href":"https:\/\/shop.bantam.ch\/de\/wp-json\/wp\/v2\/product_featured_cat?post=233039"},{"taxonomy":"product_brand","embeddable":true,"href":"https:\/\/shop.bantam.ch\/de\/wp-json\/wp\/v2\/product_brand?post=233039"},{"taxonomy":"product_cat","embeddable":true,"href":"https:\/\/shop.bantam.ch\/de\/wp-json\/wp\/v2\/product_cat?post=233039"},{"taxonomy":"product_tag","embeddable":true,"href":"https:\/\/shop.bantam.ch\/de\/wp-json\/wp\/v2\/product_tag?post=233039"}],"curies":[{"name":"wp","href":"https:\/\/api.w.org\/{rel}","templated":true}]}}