{"id":232973,"date":"2026-02-04T10:55:51","date_gmt":"2026-02-04T09:55:51","guid":{"rendered":"https:\/\/shop.bantam.ch\/produit\/dachbox-force-3\/"},"modified":"2026-04-19T02:51:58","modified_gmt":"2026-04-19T00:51:58","slug":"dachbox-force-3","status":"publish","type":"product","link":"https:\/\/shop.bantam.ch\/de\/produkt\/dachbox-force-3\/","title":{"rendered":"Dachbox Force 3"},"content":{"rendered":"<p>Die auf dem Dach montierbare Gep\u00e4ckbox f\u00fcr den t\u00e4glichen und aktiven Gebrauch. Sie bietet Langlebigkeit und beh\u00e4lt ein elegantes Aussehen bei, konzipiert f\u00fcr den t\u00e4glichen Gebrauch und die Anforderungen eines aktiven Lebensstils. Ein schnelles, sicheres und intuitives Montagesystem, das mit einem einfachen Klick signalisiert, wenn die Dachbox sicher befestigt ist. Sie bietet von beiden Seiten des Fahrzeugs aus einfachen Zugang zu Deinem Gep\u00e4ck und erh\u00f6ht so Komfort und Effizienz. Umfassend auf Stra\u00dfensicherheit und Langlebigkeit im Thule Test Center getestet, um erstklassige Qualit\u00e4t und Zuverl\u00e4ssigkeit zu gew\u00e4hrleisten. Das SlideLock-System mit separater Schlie\u00df- und \u00d6ffnungsfunktion l\u00e4sst den Deckel automatisch einrasten und zeigt an, wenn die Box sicher verschlossen ist. Mit dieser Gep\u00e4ckbox haben Sie uneingeschr\u00e4nkter Zugang zum Kofferraum und minimaler Ber\u00fchrungsgefahr mit der Dachbox durch die nach vorn verlagerte Position auf dem Fahrzeugdach. Das clevere Design der Box schafft einen nat\u00fcrlichen Griff zum \u00d6ffnen und Schlie\u00dfen der Box. N\u00fctzliches Zubeh\u00f6r, wie eine Beleuchtung f\u00fcr bessere Sichtbarkeit und ein Zugband f\u00fcr den Deckel zum einfachen \u00d6ffnen und Schlie\u00dfen, sorgen f\u00fcr zus\u00e4tzlichen Komfort auf der Reise.<\/p>\n","protected":false},"excerpt":{"rendered":"<p>Die auf dem Dach montierbare Gep\u00e4ckbox f\u00fcr den t\u00e4glichen und aktiven Gebrauch. Sie bietet Langlebigkeit und beh\u00e4lt ein elegantes Aussehen bei, konzipiert f\u00fcr den t\u00e4glichen Gebrauch und die Anforderungen eines aktiven Lebensstils. Ein schnelles, sicheres und intuitives Montagesystem, das mit einem einfachen Klick signalisiert, wenn die Dachbox sicher befestigt ist. Sie bietet von beiden Seiten [&hellip;]<\/p>\n","protected":false},"featured_media":232954,"template":"","meta":{"_acf_changed":false},"product_featured_cat":[],"product_brand":[],"product_cat":[4726],"product_tag":[],"class_list":{"0":"post-232973","1":"product","2":"type-product","3":"status-publish","4":"has-post-thumbnail","6":"product_cat-dachboxen","8":"first","9":"instock","10":"taxable","11":"shipping-taxable","12":"purchasable","13":"product-type-variable"},"acf":[],"yoast_head":"<!-- This site is optimized with the Yoast SEO plugin v27.4 - https:\/\/yoast.com\/product\/yoast-seo-wordpress\/ -->\n<title>Dachbox Force 3 - Bantam Camping AG<\/title>\n<meta name=\"robots\" content=\"index, follow, max-snippet:-1, max-image-preview:large, max-video-preview:-1\" \/>\n<link rel=\"canonical\" href=\"https:\/\/shop.bantam.ch\/de\/produkt\/dachbox-force-3\/\" \/>\n<meta property=\"og:locale\" content=\"de_DE\" \/>\n<meta property=\"og:type\" content=\"article\" \/>\n<meta property=\"og:title\" content=\"Dachbox Force 3 - Bantam Camping AG\" \/>\n<meta property=\"og:description\" content=\"Die auf dem Dach montierbare Gep\u00e4ckbox f\u00fcr den t\u00e4glichen und aktiven Gebrauch. Sie bietet Langlebigkeit und beh\u00e4lt ein elegantes Aussehen bei, konzipiert f\u00fcr den t\u00e4glichen Gebrauch und die Anforderungen eines aktiven Lebensstils. Ein schnelles, sicheres und intuitives Montagesystem, das mit einem einfachen Klick signalisiert, wenn die Dachbox sicher befestigt ist. Sie bietet von beiden Seiten [&hellip;]\" \/>\n<meta property=\"og:url\" content=\"https:\/\/shop.bantam.ch\/de\/produkt\/dachbox-force-3\/\" \/>\n<meta property=\"og:site_name\" content=\"Bantam Camping AG\" \/>\n<meta property=\"article:modified_time\" content=\"2026-04-19T00:51:58+00:00\" \/>\n<meta name=\"twitter:card\" content=\"summary_large_image\" \/>\n<meta name=\"twitter:label1\" content=\"Gesch\u00e4tzte Lesezeit\" \/>\n\t<meta name=\"twitter:data1\" content=\"1\u00a0Minute\" \/>\n<script type=\"application\/ld+json\" class=\"yoast-schema-graph\">{\"@context\":\"https:\\\/\\\/schema.org\",\"@graph\":[{\"@type\":\"WebPage\",\"@id\":\"https:\\\/\\\/shop.bantam.ch\\\/de\\\/produkt\\\/dachbox-force-3\\\/\",\"url\":\"https:\\\/\\\/shop.bantam.ch\\\/de\\\/produkt\\\/dachbox-force-3\\\/\",\"name\":\"Dachbox Force 3 - Bantam Camping AG\",\"isPartOf\":{\"@id\":\"https:\\\/\\\/shop.bantam.ch\\\/de\\\/#website\"},\"primaryImageOfPage\":{\"@id\":\"https:\\\/\\\/shop.bantam.ch\\\/de\\\/produkt\\\/dachbox-force-3\\\/#primaryimage\"},\"image\":{\"@id\":\"https:\\\/\\\/shop.bantam.ch\\\/de\\\/produkt\\\/dachbox-force-3\\\/#primaryimage\"},\"thumbnailUrl\":\"https:\\\/\\\/shop.bantam.ch\\\/wp-content\\\/uploads\\\/2026\\\/02\\\/Movera-L-9971714100.png\",\"datePublished\":\"2026-02-04T09:55:51+00:00\",\"dateModified\":\"2026-04-19T00:51:58+00:00\",\"breadcrumb\":{\"@id\":\"https:\\\/\\\/shop.bantam.ch\\\/de\\\/produkt\\\/dachbox-force-3\\\/#breadcrumb\"},\"inLanguage\":\"de\",\"potentialAction\":[{\"@type\":\"ReadAction\",\"target\":[\"https:\\\/\\\/shop.bantam.ch\\\/de\\\/produkt\\\/dachbox-force-3\\\/\"]}]},{\"@type\":\"ImageObject\",\"inLanguage\":\"de\",\"@id\":\"https:\\\/\\\/shop.bantam.ch\\\/de\\\/produkt\\\/dachbox-force-3\\\/#primaryimage\",\"url\":\"https:\\\/\\\/shop.bantam.ch\\\/wp-content\\\/uploads\\\/2026\\\/02\\\/Movera-L-9971714100.png\",\"contentUrl\":\"https:\\\/\\\/shop.bantam.ch\\\/wp-content\\\/uploads\\\/2026\\\/02\\\/Movera-L-9971714100.png\",\"width\":640,\"height\":640},{\"@type\":\"BreadcrumbList\",\"@id\":\"https:\\\/\\\/shop.bantam.ch\\\/de\\\/produkt\\\/dachbox-force-3\\\/#breadcrumb\",\"itemListElement\":[{\"@type\":\"ListItem\",\"position\":1,\"name\":\"Accueil\",\"item\":\"https:\\\/\\\/shop.bantam.ch\\\/de\\\/\"},{\"@type\":\"ListItem\",\"position\":2,\"name\":\"Shop\",\"item\":\"https:\\\/\\\/shop.bantam.ch\\\/de\\\/shop\\\/\"},{\"@type\":\"ListItem\",\"position\":3,\"name\":\"Dachbox Force 3\"}]},{\"@type\":\"WebSite\",\"@id\":\"https:\\\/\\\/shop.bantam.ch\\\/de\\\/#website\",\"url\":\"https:\\\/\\\/shop.bantam.ch\\\/de\\\/\",\"name\":\"Bantam Camping AG\",\"description\":\"\",\"publisher\":{\"@id\":\"https:\\\/\\\/shop.bantam.ch\\\/de\\\/#organization\"},\"inLanguage\":\"de\"},{\"@type\":\"Organization\",\"@id\":\"https:\\\/\\\/shop.bantam.ch\\\/de\\\/#organization\",\"name\":\"Bantam Camping AG\",\"url\":\"https:\\\/\\\/shop.bantam.ch\\\/de\\\/\",\"logo\":{\"@type\":\"ImageObject\",\"inLanguage\":\"de\",\"@id\":\"https:\\\/\\\/shop.bantam.ch\\\/de\\\/#\\\/schema\\\/logo\\\/image\\\/\",\"url\":\"https:\\\/\\\/shop.bantam.ch\\\/wp-content\\\/uploads\\\/2022\\\/12\\\/bantam-logo.png\",\"contentUrl\":\"https:\\\/\\\/shop.bantam.ch\\\/wp-content\\\/uploads\\\/2022\\\/12\\\/bantam-logo.png\",\"width\":320,\"height\":71,\"caption\":\"Bantam Camping AG\"},\"image\":{\"@id\":\"https:\\\/\\\/shop.bantam.ch\\\/de\\\/#\\\/schema\\\/logo\\\/image\\\/\"}}]}<\/script>\n<!-- \/ Yoast SEO plugin. -->","yoast_head_json":{"title":"Dachbox Force 3 - Bantam Camping AG","robots":{"index":"index","follow":"follow","max-snippet":"max-snippet:-1","max-image-preview":"max-image-preview:large","max-video-preview":"max-video-preview:-1"},"canonical":"https:\/\/shop.bantam.ch\/de\/produkt\/dachbox-force-3\/","og_locale":"de_DE","og_type":"article","og_title":"Dachbox Force 3 - Bantam Camping AG","og_description":"Die auf dem Dach montierbare Gep\u00e4ckbox f\u00fcr den t\u00e4glichen und aktiven Gebrauch. Sie bietet Langlebigkeit und beh\u00e4lt ein elegantes Aussehen bei, konzipiert f\u00fcr den t\u00e4glichen Gebrauch und die Anforderungen eines aktiven Lebensstils. Ein schnelles, sicheres und intuitives Montagesystem, das mit einem einfachen Klick signalisiert, wenn die Dachbox sicher befestigt ist. Sie bietet von beiden Seiten [&hellip;]","og_url":"https:\/\/shop.bantam.ch\/de\/produkt\/dachbox-force-3\/","og_site_name":"Bantam Camping AG","article_modified_time":"2026-04-19T00:51:58+00:00","twitter_card":"summary_large_image","twitter_misc":{"Gesch\u00e4tzte Lesezeit":"1\u00a0Minute"},"schema":{"@context":"https:\/\/schema.org","@graph":[{"@type":"WebPage","@id":"https:\/\/shop.bantam.ch\/de\/produkt\/dachbox-force-3\/","url":"https:\/\/shop.bantam.ch\/de\/produkt\/dachbox-force-3\/","name":"Dachbox Force 3 - Bantam Camping AG","isPartOf":{"@id":"https:\/\/shop.bantam.ch\/de\/#website"},"primaryImageOfPage":{"@id":"https:\/\/shop.bantam.ch\/de\/produkt\/dachbox-force-3\/#primaryimage"},"image":{"@id":"https:\/\/shop.bantam.ch\/de\/produkt\/dachbox-force-3\/#primaryimage"},"thumbnailUrl":"https:\/\/shop.bantam.ch\/wp-content\/uploads\/2026\/02\/Movera-L-9971714100.png","datePublished":"2026-02-04T09:55:51+00:00","dateModified":"2026-04-19T00:51:58+00:00","breadcrumb":{"@id":"https:\/\/shop.bantam.ch\/de\/produkt\/dachbox-force-3\/#breadcrumb"},"inLanguage":"de","potentialAction":[{"@type":"ReadAction","target":["https:\/\/shop.bantam.ch\/de\/produkt\/dachbox-force-3\/"]}]},{"@type":"ImageObject","inLanguage":"de","@id":"https:\/\/shop.bantam.ch\/de\/produkt\/dachbox-force-3\/#primaryimage","url":"https:\/\/shop.bantam.ch\/wp-content\/uploads\/2026\/02\/Movera-L-9971714100.png","contentUrl":"https:\/\/shop.bantam.ch\/wp-content\/uploads\/2026\/02\/Movera-L-9971714100.png","width":640,"height":640},{"@type":"BreadcrumbList","@id":"https:\/\/shop.bantam.ch\/de\/produkt\/dachbox-force-3\/#breadcrumb","itemListElement":[{"@type":"ListItem","position":1,"name":"Accueil","item":"https:\/\/shop.bantam.ch\/de\/"},{"@type":"ListItem","position":2,"name":"Shop","item":"https:\/\/shop.bantam.ch\/de\/shop\/"},{"@type":"ListItem","position":3,"name":"Dachbox Force 3"}]},{"@type":"WebSite","@id":"https:\/\/shop.bantam.ch\/de\/#website","url":"https:\/\/shop.bantam.ch\/de\/","name":"Bantam Camping AG","description":"","publisher":{"@id":"https:\/\/shop.bantam.ch\/de\/#organization"},"inLanguage":"de"},{"@type":"Organization","@id":"https:\/\/shop.bantam.ch\/de\/#organization","name":"Bantam Camping AG","url":"https:\/\/shop.bantam.ch\/de\/","logo":{"@type":"ImageObject","inLanguage":"de","@id":"https:\/\/shop.bantam.ch\/de\/#\/schema\/logo\/image\/","url":"https:\/\/shop.bantam.ch\/wp-content\/uploads\/2022\/12\/bantam-logo.png","contentUrl":"https:\/\/shop.bantam.ch\/wp-content\/uploads\/2022\/12\/bantam-logo.png","width":320,"height":71,"caption":"Bantam Camping AG"},"image":{"@id":"https:\/\/shop.bantam.ch\/de\/#\/schema\/logo\/image\/"}}]}},"_links":{"self":[{"href":"https:\/\/shop.bantam.ch\/de\/wp-json\/wp\/v2\/product\/232973","targetHints":{"allow":["GET"]}}],"collection":[{"href":"https:\/\/shop.bantam.ch\/de\/wp-json\/wp\/v2\/product"}],"about":[{"href":"https:\/\/shop.bantam.ch\/de\/wp-json\/wp\/v2\/types\/product"}],"wp:featuredmedia":[{"embeddable":true,"href":"https:\/\/shop.bantam.ch\/de\/wp-json\/wp\/v2\/media\/232954"}],"wp:attachment":[{"href":"https:\/\/shop.bantam.ch\/de\/wp-json\/wp\/v2\/media?parent=232973"}],"wp:term":[{"taxonomy":"product_featured_cat","embeddable":true,"href":"https:\/\/shop.bantam.ch\/de\/wp-json\/wp\/v2\/product_featured_cat?post=232973"},{"taxonomy":"product_brand","embeddable":true,"href":"https:\/\/shop.bantam.ch\/de\/wp-json\/wp\/v2\/product_brand?post=232973"},{"taxonomy":"product_cat","embeddable":true,"href":"https:\/\/shop.bantam.ch\/de\/wp-json\/wp\/v2\/product_cat?post=232973"},{"taxonomy":"product_tag","embeddable":true,"href":"https:\/\/shop.bantam.ch\/de\/wp-json\/wp\/v2\/product_tag?post=232973"}],"curies":[{"name":"wp","href":"https:\/\/api.w.org\/{rel}","templated":true}]}}