{"id":232928,"date":"2026-02-04T10:55:13","date_gmt":"2026-02-04T09:55:13","guid":{"rendered":"https:\/\/shop.bantam.ch\/produit\/heckfahrradtraeger-thule-velospace-3\/"},"modified":"2026-04-18T02:50:19","modified_gmt":"2026-04-18T00:50:19","slug":"heckfahrradtraeger-thule-velospace-3","status":"publish","type":"product","link":"https:\/\/shop.bantam.ch\/de\/produkt\/heckfahrradtraeger-thule-velospace-3\/","title":{"rendered":"Heckfahrradtr\u00e4ger THULE VeloSpace 3"},"content":{"rendered":"<p>Thule VeloSpace 3 ist ein leistungsstarker, auf der Anh\u00e4ngerkupplung montierter Fahrradtr\u00e4ger, der zuverl\u00e4ssige Leistung mit intelligenten Design-Updates kombiniert. Er kann Fahrr\u00e4der nahezu jeder Art transportieren \u2013 einschlie\u00dflich schwererer E-Bikes und Kinderfahrr\u00e4der \u2013 und ist damit eine flexible Wahl f\u00fcr aktive Lebensstile, Familienreisen oder das allt\u00e4gliche Fahren.<br \/>\nDas Fahrradarmsystem verf\u00fcgt \u00fcber unabh\u00e4ngige Arme mit drehbarem Kopf und Riemenbefestigung, die eine sichere Passform f\u00fcr eine Vielzahl von Rahmengr\u00f6\u00dfen und Geometrien, einschlie\u00dflich Carbonrahmen, gew\u00e4hrleisten.<br \/>\nThule VeloSpace 3 unterst\u00fctzt Radst\u00e4nde bis zu 1350 mm und einzelne Fahrradgewichte bis zu 30 kg. Die robuste Plattform und die durchdachte Konstruktion halten Fahrr\u00e4der auf der Stra\u00dfe stabil. Der VeloSpace bietet eine intelligente Kippfunktion, die einen einfachen Zugang zum Kofferraum erm\u00f6glicht. Der Klappwinkel kann von 50 bis 65\u00b0 ge\u00e4ndert werden, um Zugang zum hinteren Bereich bei kompakten Vans zu erhalten.<br \/>\nTrotz seiner gro\u00dfz\u00fcgigen Kapazit\u00e4t ist der Thule VeloSpace 3 kompakt und benutzerfreundlich. Funktionen wie die Gurtf\u00fchrung, die werkzeuglose Montage und der faltbare U-Rahmen machen ihn einfach zu bedienen, zu lagern und allt\u00e4glich zu verwenden. Mit dem Thule VeloSpace Fahrradadapter (separat erh\u00e4ltlich) kannst Du den Fahrradtr\u00e4ger erweitern, um ein weiteres Fahrrad zu transportieren.<\/p>\n","protected":false},"excerpt":{"rendered":"<p>Thule VeloSpace 3 ist ein leistungsstarker, auf der Anh\u00e4ngerkupplung montierter Fahrradtr\u00e4ger, der zuverl\u00e4ssige Leistung mit intelligenten Design-Updates kombiniert. Er kann Fahrr\u00e4der nahezu jeder Art transportieren \u2013 einschlie\u00dflich schwererer E-Bikes und Kinderfahrr\u00e4der \u2013 und ist damit eine flexible Wahl f\u00fcr aktive Lebensstile, Familienreisen oder das allt\u00e4gliche Fahren. Das Fahrradarmsystem verf\u00fcgt \u00fcber unabh\u00e4ngige Arme mit drehbarem Kopf [&hellip;]<\/p>\n","protected":false},"featured_media":232912,"template":"","meta":{"_acf_changed":false},"product_featured_cat":[],"product_brand":[],"product_cat":[5138],"product_tag":[],"class_list":{"0":"post-232928","1":"product","2":"type-product","3":"status-publish","4":"has-post-thumbnail","6":"product_cat-heck-fahrradtraeger","8":"first","9":"instock","10":"taxable","11":"shipping-taxable","12":"purchasable","13":"product-type-variable"},"acf":[],"yoast_head":"<!-- This site is optimized with the Yoast SEO plugin v27.4 - https:\/\/yoast.com\/product\/yoast-seo-wordpress\/ -->\n<title>Heckfahrradtr\u00e4ger THULE VeloSpace 3 - Bantam Camping AG<\/title>\n<meta name=\"robots\" content=\"index, follow, max-snippet:-1, max-image-preview:large, max-video-preview:-1\" \/>\n<link rel=\"canonical\" href=\"https:\/\/shop.bantam.ch\/de\/produkt\/heckfahrradtraeger-thule-velospace-3\/\" \/>\n<meta property=\"og:locale\" content=\"de_DE\" \/>\n<meta property=\"og:type\" content=\"article\" \/>\n<meta property=\"og:title\" content=\"Heckfahrradtr\u00e4ger THULE VeloSpace 3 - Bantam Camping AG\" \/>\n<meta property=\"og:description\" content=\"Thule VeloSpace 3 ist ein leistungsstarker, auf der Anh\u00e4ngerkupplung montierter Fahrradtr\u00e4ger, der zuverl\u00e4ssige Leistung mit intelligenten Design-Updates kombiniert. Er kann Fahrr\u00e4der nahezu jeder Art transportieren \u2013 einschlie\u00dflich schwererer E-Bikes und Kinderfahrr\u00e4der \u2013 und ist damit eine flexible Wahl f\u00fcr aktive Lebensstile, Familienreisen oder das allt\u00e4gliche Fahren. Das Fahrradarmsystem verf\u00fcgt \u00fcber unabh\u00e4ngige Arme mit drehbarem Kopf [&hellip;]\" \/>\n<meta property=\"og:url\" content=\"https:\/\/shop.bantam.ch\/de\/produkt\/heckfahrradtraeger-thule-velospace-3\/\" \/>\n<meta property=\"og:site_name\" content=\"Bantam Camping AG\" \/>\n<meta property=\"article:modified_time\" content=\"2026-04-18T00:50:19+00:00\" \/>\n<meta name=\"twitter:card\" content=\"summary_large_image\" \/>\n<meta name=\"twitter:label1\" content=\"Gesch\u00e4tzte Lesezeit\" \/>\n\t<meta name=\"twitter:data1\" content=\"1\u00a0Minute\" \/>\n<script type=\"application\/ld+json\" class=\"yoast-schema-graph\">{\"@context\":\"https:\\\/\\\/schema.org\",\"@graph\":[{\"@type\":\"WebPage\",\"@id\":\"https:\\\/\\\/shop.bantam.ch\\\/de\\\/produkt\\\/heckfahrradtraeger-thule-velospace-3\\\/\",\"url\":\"https:\\\/\\\/shop.bantam.ch\\\/de\\\/produkt\\\/heckfahrradtraeger-thule-velospace-3\\\/\",\"name\":\"Heckfahrradtr\u00e4ger THULE VeloSpace 3 - Bantam Camping AG\",\"isPartOf\":{\"@id\":\"https:\\\/\\\/shop.bantam.ch\\\/de\\\/#website\"},\"primaryImageOfPage\":{\"@id\":\"https:\\\/\\\/shop.bantam.ch\\\/de\\\/produkt\\\/heckfahrradtraeger-thule-velospace-3\\\/#primaryimage\"},\"image\":{\"@id\":\"https:\\\/\\\/shop.bantam.ch\\\/de\\\/produkt\\\/heckfahrradtraeger-thule-velospace-3\\\/#primaryimage\"},\"thumbnailUrl\":\"https:\\\/\\\/shop.bantam.ch\\\/wp-content\\\/uploads\\\/2026\\\/02\\\/Movera-L-9971710100.jpg\",\"datePublished\":\"2026-02-04T09:55:13+00:00\",\"dateModified\":\"2026-04-18T00:50:19+00:00\",\"breadcrumb\":{\"@id\":\"https:\\\/\\\/shop.bantam.ch\\\/de\\\/produkt\\\/heckfahrradtraeger-thule-velospace-3\\\/#breadcrumb\"},\"inLanguage\":\"de\",\"potentialAction\":[{\"@type\":\"ReadAction\",\"target\":[\"https:\\\/\\\/shop.bantam.ch\\\/de\\\/produkt\\\/heckfahrradtraeger-thule-velospace-3\\\/\"]}]},{\"@type\":\"ImageObject\",\"inLanguage\":\"de\",\"@id\":\"https:\\\/\\\/shop.bantam.ch\\\/de\\\/produkt\\\/heckfahrradtraeger-thule-velospace-3\\\/#primaryimage\",\"url\":\"https:\\\/\\\/shop.bantam.ch\\\/wp-content\\\/uploads\\\/2026\\\/02\\\/Movera-L-9971710100.jpg\",\"contentUrl\":\"https:\\\/\\\/shop.bantam.ch\\\/wp-content\\\/uploads\\\/2026\\\/02\\\/Movera-L-9971710100.jpg\",\"width\":640,\"height\":640},{\"@type\":\"BreadcrumbList\",\"@id\":\"https:\\\/\\\/shop.bantam.ch\\\/de\\\/produkt\\\/heckfahrradtraeger-thule-velospace-3\\\/#breadcrumb\",\"itemListElement\":[{\"@type\":\"ListItem\",\"position\":1,\"name\":\"Accueil\",\"item\":\"https:\\\/\\\/shop.bantam.ch\\\/de\\\/\"},{\"@type\":\"ListItem\",\"position\":2,\"name\":\"Shop\",\"item\":\"https:\\\/\\\/shop.bantam.ch\\\/de\\\/shop\\\/\"},{\"@type\":\"ListItem\",\"position\":3,\"name\":\"Heckfahrradtr\u00e4ger THULE VeloSpace 3\"}]},{\"@type\":\"WebSite\",\"@id\":\"https:\\\/\\\/shop.bantam.ch\\\/de\\\/#website\",\"url\":\"https:\\\/\\\/shop.bantam.ch\\\/de\\\/\",\"name\":\"Bantam Camping AG\",\"description\":\"\",\"publisher\":{\"@id\":\"https:\\\/\\\/shop.bantam.ch\\\/de\\\/#organization\"},\"inLanguage\":\"de\"},{\"@type\":\"Organization\",\"@id\":\"https:\\\/\\\/shop.bantam.ch\\\/de\\\/#organization\",\"name\":\"Bantam Camping AG\",\"url\":\"https:\\\/\\\/shop.bantam.ch\\\/de\\\/\",\"logo\":{\"@type\":\"ImageObject\",\"inLanguage\":\"de\",\"@id\":\"https:\\\/\\\/shop.bantam.ch\\\/de\\\/#\\\/schema\\\/logo\\\/image\\\/\",\"url\":\"https:\\\/\\\/shop.bantam.ch\\\/wp-content\\\/uploads\\\/2022\\\/12\\\/bantam-logo.png\",\"contentUrl\":\"https:\\\/\\\/shop.bantam.ch\\\/wp-content\\\/uploads\\\/2022\\\/12\\\/bantam-logo.png\",\"width\":320,\"height\":71,\"caption\":\"Bantam Camping AG\"},\"image\":{\"@id\":\"https:\\\/\\\/shop.bantam.ch\\\/de\\\/#\\\/schema\\\/logo\\\/image\\\/\"}}]}<\/script>\n<!-- \/ Yoast SEO plugin. -->","yoast_head_json":{"title":"Heckfahrradtr\u00e4ger THULE VeloSpace 3 - Bantam Camping AG","robots":{"index":"index","follow":"follow","max-snippet":"max-snippet:-1","max-image-preview":"max-image-preview:large","max-video-preview":"max-video-preview:-1"},"canonical":"https:\/\/shop.bantam.ch\/de\/produkt\/heckfahrradtraeger-thule-velospace-3\/","og_locale":"de_DE","og_type":"article","og_title":"Heckfahrradtr\u00e4ger THULE VeloSpace 3 - Bantam Camping AG","og_description":"Thule VeloSpace 3 ist ein leistungsstarker, auf der Anh\u00e4ngerkupplung montierter Fahrradtr\u00e4ger, der zuverl\u00e4ssige Leistung mit intelligenten Design-Updates kombiniert. Er kann Fahrr\u00e4der nahezu jeder Art transportieren \u2013 einschlie\u00dflich schwererer E-Bikes und Kinderfahrr\u00e4der \u2013 und ist damit eine flexible Wahl f\u00fcr aktive Lebensstile, Familienreisen oder das allt\u00e4gliche Fahren. Das Fahrradarmsystem verf\u00fcgt \u00fcber unabh\u00e4ngige Arme mit drehbarem Kopf [&hellip;]","og_url":"https:\/\/shop.bantam.ch\/de\/produkt\/heckfahrradtraeger-thule-velospace-3\/","og_site_name":"Bantam Camping AG","article_modified_time":"2026-04-18T00:50:19+00:00","twitter_card":"summary_large_image","twitter_misc":{"Gesch\u00e4tzte Lesezeit":"1\u00a0Minute"},"schema":{"@context":"https:\/\/schema.org","@graph":[{"@type":"WebPage","@id":"https:\/\/shop.bantam.ch\/de\/produkt\/heckfahrradtraeger-thule-velospace-3\/","url":"https:\/\/shop.bantam.ch\/de\/produkt\/heckfahrradtraeger-thule-velospace-3\/","name":"Heckfahrradtr\u00e4ger THULE VeloSpace 3 - Bantam Camping AG","isPartOf":{"@id":"https:\/\/shop.bantam.ch\/de\/#website"},"primaryImageOfPage":{"@id":"https:\/\/shop.bantam.ch\/de\/produkt\/heckfahrradtraeger-thule-velospace-3\/#primaryimage"},"image":{"@id":"https:\/\/shop.bantam.ch\/de\/produkt\/heckfahrradtraeger-thule-velospace-3\/#primaryimage"},"thumbnailUrl":"https:\/\/shop.bantam.ch\/wp-content\/uploads\/2026\/02\/Movera-L-9971710100.jpg","datePublished":"2026-02-04T09:55:13+00:00","dateModified":"2026-04-18T00:50:19+00:00","breadcrumb":{"@id":"https:\/\/shop.bantam.ch\/de\/produkt\/heckfahrradtraeger-thule-velospace-3\/#breadcrumb"},"inLanguage":"de","potentialAction":[{"@type":"ReadAction","target":["https:\/\/shop.bantam.ch\/de\/produkt\/heckfahrradtraeger-thule-velospace-3\/"]}]},{"@type":"ImageObject","inLanguage":"de","@id":"https:\/\/shop.bantam.ch\/de\/produkt\/heckfahrradtraeger-thule-velospace-3\/#primaryimage","url":"https:\/\/shop.bantam.ch\/wp-content\/uploads\/2026\/02\/Movera-L-9971710100.jpg","contentUrl":"https:\/\/shop.bantam.ch\/wp-content\/uploads\/2026\/02\/Movera-L-9971710100.jpg","width":640,"height":640},{"@type":"BreadcrumbList","@id":"https:\/\/shop.bantam.ch\/de\/produkt\/heckfahrradtraeger-thule-velospace-3\/#breadcrumb","itemListElement":[{"@type":"ListItem","position":1,"name":"Accueil","item":"https:\/\/shop.bantam.ch\/de\/"},{"@type":"ListItem","position":2,"name":"Shop","item":"https:\/\/shop.bantam.ch\/de\/shop\/"},{"@type":"ListItem","position":3,"name":"Heckfahrradtr\u00e4ger THULE VeloSpace 3"}]},{"@type":"WebSite","@id":"https:\/\/shop.bantam.ch\/de\/#website","url":"https:\/\/shop.bantam.ch\/de\/","name":"Bantam Camping AG","description":"","publisher":{"@id":"https:\/\/shop.bantam.ch\/de\/#organization"},"inLanguage":"de"},{"@type":"Organization","@id":"https:\/\/shop.bantam.ch\/de\/#organization","name":"Bantam Camping AG","url":"https:\/\/shop.bantam.ch\/de\/","logo":{"@type":"ImageObject","inLanguage":"de","@id":"https:\/\/shop.bantam.ch\/de\/#\/schema\/logo\/image\/","url":"https:\/\/shop.bantam.ch\/wp-content\/uploads\/2022\/12\/bantam-logo.png","contentUrl":"https:\/\/shop.bantam.ch\/wp-content\/uploads\/2022\/12\/bantam-logo.png","width":320,"height":71,"caption":"Bantam Camping AG"},"image":{"@id":"https:\/\/shop.bantam.ch\/de\/#\/schema\/logo\/image\/"}}]}},"_links":{"self":[{"href":"https:\/\/shop.bantam.ch\/de\/wp-json\/wp\/v2\/product\/232928","targetHints":{"allow":["GET"]}}],"collection":[{"href":"https:\/\/shop.bantam.ch\/de\/wp-json\/wp\/v2\/product"}],"about":[{"href":"https:\/\/shop.bantam.ch\/de\/wp-json\/wp\/v2\/types\/product"}],"wp:featuredmedia":[{"embeddable":true,"href":"https:\/\/shop.bantam.ch\/de\/wp-json\/wp\/v2\/media\/232912"}],"wp:attachment":[{"href":"https:\/\/shop.bantam.ch\/de\/wp-json\/wp\/v2\/media?parent=232928"}],"wp:term":[{"taxonomy":"product_featured_cat","embeddable":true,"href":"https:\/\/shop.bantam.ch\/de\/wp-json\/wp\/v2\/product_featured_cat?post=232928"},{"taxonomy":"product_brand","embeddable":true,"href":"https:\/\/shop.bantam.ch\/de\/wp-json\/wp\/v2\/product_brand?post=232928"},{"taxonomy":"product_cat","embeddable":true,"href":"https:\/\/shop.bantam.ch\/de\/wp-json\/wp\/v2\/product_cat?post=232928"},{"taxonomy":"product_tag","embeddable":true,"href":"https:\/\/shop.bantam.ch\/de\/wp-json\/wp\/v2\/product_tag?post=232928"}],"curies":[{"name":"wp","href":"https:\/\/api.w.org\/{rel}","templated":true}]}}