{"id":232678,"date":"2026-02-04T10:46:16","date_gmt":"2026-02-04T09:46:16","guid":{"rendered":"https:\/\/shop.bantam.ch\/produit\/fahrradtraeger-carry-bike-passend-fuer-ford-custom-nugget-plus-highroof-deep-black\/"},"modified":"2026-04-17T23:54:38","modified_gmt":"2026-04-17T21:54:38","slug":"fahrradtraeger-carry-bike-passend-fuer-ford-custom-nugget-plus-highroof-deep-black","status":"publish","type":"product","link":"https:\/\/shop.bantam.ch\/de\/produkt\/fahrradtraeger-carry-bike-passend-fuer-ford-custom-nugget-plus-highroof-deep-black\/","title":{"rendered":"Fahrradtr\u00e4ger Carry-Bike passend f\u00fcr Ford Custom Nugget \/ Plus Highroof Deep Black"},"content":{"rendered":"<p>Heckklappe kann mit angebautem Fahrradtr\u00e4ger (ohne Fahrr\u00e4der) ge\u00f6ffnet werden. Das kalandrierte Profil, das der Form des Fahrzeugs folgt, sorgt f\u00fcr eine optimale Haftung am unteren Teil der Heckklappe.<\/p>\n<ul>\n<li>Schienenabstand 15 cm<\/li>\n<li>F\u00fcr 2 Fahrr\u00e4der, erweiterbar auf 3 Fahrr\u00e4der<\/li>\n<li>Schiene Rail Plus<\/li>\n<li>Bike-Block Pro S1 \/ Pro S3<\/li>\n<\/ul>\n<p>Fahrzeugkompatibilit\u00e4t<br \/>\nFord Transit Custom Nugget \/ Nugget Plus (\u2265 2012 \u2264 2023) Hochdach (highroof)<\/p>\n","protected":false},"excerpt":{"rendered":"<p>Heckklappe kann mit angebautem Fahrradtr\u00e4ger (ohne Fahrr\u00e4der) ge\u00f6ffnet werden. Das kalandrierte Profil, das der Form des Fahrzeugs folgt, sorgt f\u00fcr eine optimale Haftung am unteren Teil der Heckklappe. Schienenabstand 15 cm F\u00fcr 2 Fahrr\u00e4der, erweiterbar auf 3 Fahrr\u00e4der Schiene Rail Plus Bike-Block Pro S1 \/ Pro S3 Fahrzeugkompatibilit\u00e4t Ford Transit Custom Nugget \/ Nugget Plus [&hellip;]<\/p>\n","protected":false},"featured_media":232674,"template":"","meta":{"_acf_changed":false},"product_featured_cat":[],"product_brand":[],"product_cat":[5138],"product_tag":[],"class_list":{"0":"post-232678","1":"product","2":"type-product","3":"status-publish","4":"has-post-thumbnail","6":"product_cat-heck-fahrradtraeger","8":"first","9":"instock","10":"taxable","11":"shipping-taxable","12":"purchasable","13":"product-type-simple"},"acf":[],"yoast_head":"<!-- This site is optimized with the Yoast SEO plugin v27.4 - https:\/\/yoast.com\/product\/yoast-seo-wordpress\/ -->\n<title>Fahrradtr\u00e4ger Carry-Bike passend f\u00fcr Ford Custom Nugget \/ Plus Highroof Deep Black - Bantam Camping AG<\/title>\n<meta name=\"robots\" content=\"index, follow, max-snippet:-1, max-image-preview:large, max-video-preview:-1\" \/>\n<link rel=\"canonical\" href=\"https:\/\/shop.bantam.ch\/de\/produkt\/fahrradtraeger-carry-bike-passend-fuer-ford-custom-nugget-plus-highroof-deep-black\/\" \/>\n<meta property=\"og:locale\" content=\"de_DE\" \/>\n<meta property=\"og:type\" content=\"article\" \/>\n<meta property=\"og:title\" content=\"Fahrradtr\u00e4ger Carry-Bike passend f\u00fcr Ford Custom Nugget \/ Plus Highroof Deep Black - Bantam Camping AG\" \/>\n<meta property=\"og:description\" content=\"Heckklappe kann mit angebautem Fahrradtr\u00e4ger (ohne Fahrr\u00e4der) ge\u00f6ffnet werden. Das kalandrierte Profil, das der Form des Fahrzeugs folgt, sorgt f\u00fcr eine optimale Haftung am unteren Teil der Heckklappe. Schienenabstand 15 cm F\u00fcr 2 Fahrr\u00e4der, erweiterbar auf 3 Fahrr\u00e4der Schiene Rail Plus Bike-Block Pro S1 \/ Pro S3 Fahrzeugkompatibilit\u00e4t Ford Transit Custom Nugget \/ Nugget Plus [&hellip;]\" \/>\n<meta property=\"og:url\" content=\"https:\/\/shop.bantam.ch\/de\/produkt\/fahrradtraeger-carry-bike-passend-fuer-ford-custom-nugget-plus-highroof-deep-black\/\" \/>\n<meta property=\"og:site_name\" content=\"Bantam Camping AG\" \/>\n<meta property=\"article:modified_time\" content=\"2026-04-17T21:54:38+00:00\" \/>\n<meta name=\"twitter:card\" content=\"summary_large_image\" \/>\n<script type=\"application\/ld+json\" class=\"yoast-schema-graph\">{\"@context\":\"https:\\\/\\\/schema.org\",\"@graph\":[{\"@type\":\"WebPage\",\"@id\":\"https:\\\/\\\/shop.bantam.ch\\\/de\\\/produkt\\\/fahrradtraeger-carry-bike-passend-fuer-ford-custom-nugget-plus-highroof-deep-black\\\/\",\"url\":\"https:\\\/\\\/shop.bantam.ch\\\/de\\\/produkt\\\/fahrradtraeger-carry-bike-passend-fuer-ford-custom-nugget-plus-highroof-deep-black\\\/\",\"name\":\"Fahrradtr\u00e4ger Carry-Bike passend f\u00fcr Ford Custom Nugget \\\/ Plus Highroof Deep Black - Bantam Camping AG\",\"isPartOf\":{\"@id\":\"https:\\\/\\\/shop.bantam.ch\\\/de\\\/#website\"},\"primaryImageOfPage\":{\"@id\":\"https:\\\/\\\/shop.bantam.ch\\\/de\\\/produkt\\\/fahrradtraeger-carry-bike-passend-fuer-ford-custom-nugget-plus-highroof-deep-black\\\/#primaryimage\"},\"image\":{\"@id\":\"https:\\\/\\\/shop.bantam.ch\\\/de\\\/produkt\\\/fahrradtraeger-carry-bike-passend-fuer-ford-custom-nugget-plus-highroof-deep-black\\\/#primaryimage\"},\"thumbnailUrl\":\"https:\\\/\\\/shop.bantam.ch\\\/wp-content\\\/uploads\\\/2026\\\/02\\\/Movera-L-9966393100.png\",\"datePublished\":\"2026-02-04T09:46:16+00:00\",\"dateModified\":\"2026-04-17T21:54:38+00:00\",\"breadcrumb\":{\"@id\":\"https:\\\/\\\/shop.bantam.ch\\\/de\\\/produkt\\\/fahrradtraeger-carry-bike-passend-fuer-ford-custom-nugget-plus-highroof-deep-black\\\/#breadcrumb\"},\"inLanguage\":\"de\",\"potentialAction\":[{\"@type\":\"ReadAction\",\"target\":[\"https:\\\/\\\/shop.bantam.ch\\\/de\\\/produkt\\\/fahrradtraeger-carry-bike-passend-fuer-ford-custom-nugget-plus-highroof-deep-black\\\/\"]}]},{\"@type\":\"ImageObject\",\"inLanguage\":\"de\",\"@id\":\"https:\\\/\\\/shop.bantam.ch\\\/de\\\/produkt\\\/fahrradtraeger-carry-bike-passend-fuer-ford-custom-nugget-plus-highroof-deep-black\\\/#primaryimage\",\"url\":\"https:\\\/\\\/shop.bantam.ch\\\/wp-content\\\/uploads\\\/2026\\\/02\\\/Movera-L-9966393100.png\",\"contentUrl\":\"https:\\\/\\\/shop.bantam.ch\\\/wp-content\\\/uploads\\\/2026\\\/02\\\/Movera-L-9966393100.png\",\"width\":640,\"height\":360},{\"@type\":\"BreadcrumbList\",\"@id\":\"https:\\\/\\\/shop.bantam.ch\\\/de\\\/produkt\\\/fahrradtraeger-carry-bike-passend-fuer-ford-custom-nugget-plus-highroof-deep-black\\\/#breadcrumb\",\"itemListElement\":[{\"@type\":\"ListItem\",\"position\":1,\"name\":\"Accueil\",\"item\":\"https:\\\/\\\/shop.bantam.ch\\\/de\\\/\"},{\"@type\":\"ListItem\",\"position\":2,\"name\":\"Shop\",\"item\":\"https:\\\/\\\/shop.bantam.ch\\\/de\\\/shop\\\/\"},{\"@type\":\"ListItem\",\"position\":3,\"name\":\"Fahrradtr\u00e4ger Carry-Bike passend f\u00fcr Ford Custom Nugget \\\/ Plus Highroof Deep Black\"}]},{\"@type\":\"WebSite\",\"@id\":\"https:\\\/\\\/shop.bantam.ch\\\/de\\\/#website\",\"url\":\"https:\\\/\\\/shop.bantam.ch\\\/de\\\/\",\"name\":\"Bantam Camping AG\",\"description\":\"\",\"publisher\":{\"@id\":\"https:\\\/\\\/shop.bantam.ch\\\/de\\\/#organization\"},\"inLanguage\":\"de\"},{\"@type\":\"Organization\",\"@id\":\"https:\\\/\\\/shop.bantam.ch\\\/de\\\/#organization\",\"name\":\"Bantam Camping AG\",\"url\":\"https:\\\/\\\/shop.bantam.ch\\\/de\\\/\",\"logo\":{\"@type\":\"ImageObject\",\"inLanguage\":\"de\",\"@id\":\"https:\\\/\\\/shop.bantam.ch\\\/de\\\/#\\\/schema\\\/logo\\\/image\\\/\",\"url\":\"https:\\\/\\\/shop.bantam.ch\\\/wp-content\\\/uploads\\\/2022\\\/12\\\/bantam-logo.png\",\"contentUrl\":\"https:\\\/\\\/shop.bantam.ch\\\/wp-content\\\/uploads\\\/2022\\\/12\\\/bantam-logo.png\",\"width\":320,\"height\":71,\"caption\":\"Bantam Camping AG\"},\"image\":{\"@id\":\"https:\\\/\\\/shop.bantam.ch\\\/de\\\/#\\\/schema\\\/logo\\\/image\\\/\"}}]}<\/script>\n<!-- \/ Yoast SEO plugin. -->","yoast_head_json":{"title":"Fahrradtr\u00e4ger Carry-Bike passend f\u00fcr Ford Custom Nugget \/ Plus Highroof Deep Black - Bantam Camping AG","robots":{"index":"index","follow":"follow","max-snippet":"max-snippet:-1","max-image-preview":"max-image-preview:large","max-video-preview":"max-video-preview:-1"},"canonical":"https:\/\/shop.bantam.ch\/de\/produkt\/fahrradtraeger-carry-bike-passend-fuer-ford-custom-nugget-plus-highroof-deep-black\/","og_locale":"de_DE","og_type":"article","og_title":"Fahrradtr\u00e4ger Carry-Bike passend f\u00fcr Ford Custom Nugget \/ Plus Highroof Deep Black - Bantam Camping AG","og_description":"Heckklappe kann mit angebautem Fahrradtr\u00e4ger (ohne Fahrr\u00e4der) ge\u00f6ffnet werden. Das kalandrierte Profil, das der Form des Fahrzeugs folgt, sorgt f\u00fcr eine optimale Haftung am unteren Teil der Heckklappe. Schienenabstand 15 cm F\u00fcr 2 Fahrr\u00e4der, erweiterbar auf 3 Fahrr\u00e4der Schiene Rail Plus Bike-Block Pro S1 \/ Pro S3 Fahrzeugkompatibilit\u00e4t Ford Transit Custom Nugget \/ Nugget Plus [&hellip;]","og_url":"https:\/\/shop.bantam.ch\/de\/produkt\/fahrradtraeger-carry-bike-passend-fuer-ford-custom-nugget-plus-highroof-deep-black\/","og_site_name":"Bantam Camping AG","article_modified_time":"2026-04-17T21:54:38+00:00","twitter_card":"summary_large_image","schema":{"@context":"https:\/\/schema.org","@graph":[{"@type":"WebPage","@id":"https:\/\/shop.bantam.ch\/de\/produkt\/fahrradtraeger-carry-bike-passend-fuer-ford-custom-nugget-plus-highroof-deep-black\/","url":"https:\/\/shop.bantam.ch\/de\/produkt\/fahrradtraeger-carry-bike-passend-fuer-ford-custom-nugget-plus-highroof-deep-black\/","name":"Fahrradtr\u00e4ger Carry-Bike passend f\u00fcr Ford Custom Nugget \/ Plus Highroof Deep Black - Bantam Camping AG","isPartOf":{"@id":"https:\/\/shop.bantam.ch\/de\/#website"},"primaryImageOfPage":{"@id":"https:\/\/shop.bantam.ch\/de\/produkt\/fahrradtraeger-carry-bike-passend-fuer-ford-custom-nugget-plus-highroof-deep-black\/#primaryimage"},"image":{"@id":"https:\/\/shop.bantam.ch\/de\/produkt\/fahrradtraeger-carry-bike-passend-fuer-ford-custom-nugget-plus-highroof-deep-black\/#primaryimage"},"thumbnailUrl":"https:\/\/shop.bantam.ch\/wp-content\/uploads\/2026\/02\/Movera-L-9966393100.png","datePublished":"2026-02-04T09:46:16+00:00","dateModified":"2026-04-17T21:54:38+00:00","breadcrumb":{"@id":"https:\/\/shop.bantam.ch\/de\/produkt\/fahrradtraeger-carry-bike-passend-fuer-ford-custom-nugget-plus-highroof-deep-black\/#breadcrumb"},"inLanguage":"de","potentialAction":[{"@type":"ReadAction","target":["https:\/\/shop.bantam.ch\/de\/produkt\/fahrradtraeger-carry-bike-passend-fuer-ford-custom-nugget-plus-highroof-deep-black\/"]}]},{"@type":"ImageObject","inLanguage":"de","@id":"https:\/\/shop.bantam.ch\/de\/produkt\/fahrradtraeger-carry-bike-passend-fuer-ford-custom-nugget-plus-highroof-deep-black\/#primaryimage","url":"https:\/\/shop.bantam.ch\/wp-content\/uploads\/2026\/02\/Movera-L-9966393100.png","contentUrl":"https:\/\/shop.bantam.ch\/wp-content\/uploads\/2026\/02\/Movera-L-9966393100.png","width":640,"height":360},{"@type":"BreadcrumbList","@id":"https:\/\/shop.bantam.ch\/de\/produkt\/fahrradtraeger-carry-bike-passend-fuer-ford-custom-nugget-plus-highroof-deep-black\/#breadcrumb","itemListElement":[{"@type":"ListItem","position":1,"name":"Accueil","item":"https:\/\/shop.bantam.ch\/de\/"},{"@type":"ListItem","position":2,"name":"Shop","item":"https:\/\/shop.bantam.ch\/de\/shop\/"},{"@type":"ListItem","position":3,"name":"Fahrradtr\u00e4ger Carry-Bike passend f\u00fcr Ford Custom Nugget \/ Plus Highroof Deep Black"}]},{"@type":"WebSite","@id":"https:\/\/shop.bantam.ch\/de\/#website","url":"https:\/\/shop.bantam.ch\/de\/","name":"Bantam Camping AG","description":"","publisher":{"@id":"https:\/\/shop.bantam.ch\/de\/#organization"},"inLanguage":"de"},{"@type":"Organization","@id":"https:\/\/shop.bantam.ch\/de\/#organization","name":"Bantam Camping AG","url":"https:\/\/shop.bantam.ch\/de\/","logo":{"@type":"ImageObject","inLanguage":"de","@id":"https:\/\/shop.bantam.ch\/de\/#\/schema\/logo\/image\/","url":"https:\/\/shop.bantam.ch\/wp-content\/uploads\/2022\/12\/bantam-logo.png","contentUrl":"https:\/\/shop.bantam.ch\/wp-content\/uploads\/2022\/12\/bantam-logo.png","width":320,"height":71,"caption":"Bantam Camping AG"},"image":{"@id":"https:\/\/shop.bantam.ch\/de\/#\/schema\/logo\/image\/"}}]}},"_links":{"self":[{"href":"https:\/\/shop.bantam.ch\/de\/wp-json\/wp\/v2\/product\/232678","targetHints":{"allow":["GET"]}}],"collection":[{"href":"https:\/\/shop.bantam.ch\/de\/wp-json\/wp\/v2\/product"}],"about":[{"href":"https:\/\/shop.bantam.ch\/de\/wp-json\/wp\/v2\/types\/product"}],"wp:featuredmedia":[{"embeddable":true,"href":"https:\/\/shop.bantam.ch\/de\/wp-json\/wp\/v2\/media\/232674"}],"wp:attachment":[{"href":"https:\/\/shop.bantam.ch\/de\/wp-json\/wp\/v2\/media?parent=232678"}],"wp:term":[{"taxonomy":"product_featured_cat","embeddable":true,"href":"https:\/\/shop.bantam.ch\/de\/wp-json\/wp\/v2\/product_featured_cat?post=232678"},{"taxonomy":"product_brand","embeddable":true,"href":"https:\/\/shop.bantam.ch\/de\/wp-json\/wp\/v2\/product_brand?post=232678"},{"taxonomy":"product_cat","embeddable":true,"href":"https:\/\/shop.bantam.ch\/de\/wp-json\/wp\/v2\/product_cat?post=232678"},{"taxonomy":"product_tag","embeddable":true,"href":"https:\/\/shop.bantam.ch\/de\/wp-json\/wp\/v2\/product_tag?post=232678"}],"curies":[{"name":"wp","href":"https:\/\/api.w.org\/{rel}","templated":true}]}}