{"id":232568,"date":"2026-02-04T10:43:31","date_gmt":"2026-02-04T09:43:31","guid":{"rendered":"https:\/\/shop.bantam.ch\/produit\/transportbox-fuer-fahrradtraeger-350-l-passend-zu-sd260-tecdc1\/"},"modified":"2026-04-17T23:54:31","modified_gmt":"2026-04-17T21:54:31","slug":"transportbox-fuer-fahrradtraeger-350-l-passend-zu-sd260-tecdc1","status":"publish","type":"product","link":"https:\/\/shop.bantam.ch\/de\/produkt\/transportbox-fuer-fahrradtraeger-350-l-passend-zu-sd260-tecdc1\/","title":{"rendered":"Transportbox f\u00fcr Fahrradtr\u00e4ger 350 l passend zu SD260\/TECDC1"},"content":{"rendered":"<p>Ultra leichte Transportbox mit einem Fassungsverm\u00f6gen von 350 Liter und einer maximalen Nutzlast von 50 kg. Ideal fu\u0308r Isomatten, Schlafs\u00e4cke, Zubeh\u00f6r fu\u0308r Ski und Snowboard. Die Box wird auf den Schienen der SD260 Reihe und TECDC1 Reihe mit Schnellverschlu\u0308ssen befestigt, keine Vorbereitung am Tr\u00e4ger n\u00f6tig. Boden und Deckel bestehen aus robusten Hartschalen, die Seitenw\u00e4nde aus weichem strapazierf\u00e4higem Textil. Die Box ist zusammenklappbar und kompakt verstaubar.<\/p>\n","protected":false},"excerpt":{"rendered":"<p>Ultra leichte Transportbox mit einem Fassungsverm\u00f6gen von 350 Liter und einer maximalen Nutzlast von 50 kg. Ideal fu\u0308r Isomatten, Schlafs\u00e4cke, Zubeh\u00f6r fu\u0308r Ski und Snowboard. Die Box wird auf den Schienen der SD260 Reihe und TECDC1 Reihe mit Schnellverschlu\u0308ssen befestigt, keine Vorbereitung am Tr\u00e4ger n\u00f6tig. Boden und Deckel bestehen aus robusten Hartschalen, die Seitenw\u00e4nde aus [&hellip;]<\/p>\n","protected":false},"featured_media":232558,"template":"","meta":{"_acf_changed":false},"product_featured_cat":[],"product_brand":[],"product_cat":[4050],"product_tag":[],"class_list":{"0":"post-232568","1":"product","2":"type-product","3":"status-publish","4":"has-post-thumbnail","6":"product_cat-transport-aufbewahrung","8":"first","9":"instock","10":"taxable","11":"shipping-taxable","12":"purchasable","13":"product-type-simple"},"acf":[],"yoast_head":"<!-- This site is optimized with the Yoast SEO plugin v27.4 - https:\/\/yoast.com\/product\/yoast-seo-wordpress\/ -->\n<title>Transportbox f\u00fcr Fahrradtr\u00e4ger 350 l passend zu SD260\/TECDC1 - Bantam Camping AG<\/title>\n<meta name=\"robots\" content=\"index, follow, max-snippet:-1, max-image-preview:large, max-video-preview:-1\" \/>\n<link rel=\"canonical\" href=\"https:\/\/shop.bantam.ch\/de\/produkt\/transportbox-fuer-fahrradtraeger-350-l-passend-zu-sd260-tecdc1\/\" \/>\n<meta property=\"og:locale\" content=\"de_DE\" \/>\n<meta property=\"og:type\" content=\"article\" \/>\n<meta property=\"og:title\" content=\"Transportbox f\u00fcr Fahrradtr\u00e4ger 350 l passend zu SD260\/TECDC1 - Bantam Camping AG\" \/>\n<meta property=\"og:description\" content=\"Ultra leichte Transportbox mit einem Fassungsverm\u00f6gen von 350 Liter und einer maximalen Nutzlast von 50 kg. Ideal fu\u0308r Isomatten, Schlafs\u00e4cke, Zubeh\u00f6r fu\u0308r Ski und Snowboard. Die Box wird auf den Schienen der SD260 Reihe und TECDC1 Reihe mit Schnellverschlu\u0308ssen befestigt, keine Vorbereitung am Tr\u00e4ger n\u00f6tig. Boden und Deckel bestehen aus robusten Hartschalen, die Seitenw\u00e4nde aus [&hellip;]\" \/>\n<meta property=\"og:url\" content=\"https:\/\/shop.bantam.ch\/de\/produkt\/transportbox-fuer-fahrradtraeger-350-l-passend-zu-sd260-tecdc1\/\" \/>\n<meta property=\"og:site_name\" content=\"Bantam Camping AG\" \/>\n<meta property=\"article:modified_time\" content=\"2026-04-17T21:54:31+00:00\" \/>\n<meta name=\"twitter:card\" content=\"summary_large_image\" \/>\n<script type=\"application\/ld+json\" class=\"yoast-schema-graph\">{\"@context\":\"https:\\\/\\\/schema.org\",\"@graph\":[{\"@type\":\"WebPage\",\"@id\":\"https:\\\/\\\/shop.bantam.ch\\\/de\\\/produkt\\\/transportbox-fuer-fahrradtraeger-350-l-passend-zu-sd260-tecdc1\\\/\",\"url\":\"https:\\\/\\\/shop.bantam.ch\\\/de\\\/produkt\\\/transportbox-fuer-fahrradtraeger-350-l-passend-zu-sd260-tecdc1\\\/\",\"name\":\"Transportbox f\u00fcr Fahrradtr\u00e4ger 350 l passend zu SD260\\\/TECDC1 - Bantam Camping AG\",\"isPartOf\":{\"@id\":\"https:\\\/\\\/shop.bantam.ch\\\/de\\\/#website\"},\"primaryImageOfPage\":{\"@id\":\"https:\\\/\\\/shop.bantam.ch\\\/de\\\/produkt\\\/transportbox-fuer-fahrradtraeger-350-l-passend-zu-sd260-tecdc1\\\/#primaryimage\"},\"image\":{\"@id\":\"https:\\\/\\\/shop.bantam.ch\\\/de\\\/produkt\\\/transportbox-fuer-fahrradtraeger-350-l-passend-zu-sd260-tecdc1\\\/#primaryimage\"},\"thumbnailUrl\":\"https:\\\/\\\/shop.bantam.ch\\\/wp-content\\\/uploads\\\/2026\\\/02\\\/Movera-L-9966373100.jpg\",\"datePublished\":\"2026-02-04T09:43:31+00:00\",\"dateModified\":\"2026-04-17T21:54:31+00:00\",\"breadcrumb\":{\"@id\":\"https:\\\/\\\/shop.bantam.ch\\\/de\\\/produkt\\\/transportbox-fuer-fahrradtraeger-350-l-passend-zu-sd260-tecdc1\\\/#breadcrumb\"},\"inLanguage\":\"de\",\"potentialAction\":[{\"@type\":\"ReadAction\",\"target\":[\"https:\\\/\\\/shop.bantam.ch\\\/de\\\/produkt\\\/transportbox-fuer-fahrradtraeger-350-l-passend-zu-sd260-tecdc1\\\/\"]}]},{\"@type\":\"ImageObject\",\"inLanguage\":\"de\",\"@id\":\"https:\\\/\\\/shop.bantam.ch\\\/de\\\/produkt\\\/transportbox-fuer-fahrradtraeger-350-l-passend-zu-sd260-tecdc1\\\/#primaryimage\",\"url\":\"https:\\\/\\\/shop.bantam.ch\\\/wp-content\\\/uploads\\\/2026\\\/02\\\/Movera-L-9966373100.jpg\",\"contentUrl\":\"https:\\\/\\\/shop.bantam.ch\\\/wp-content\\\/uploads\\\/2026\\\/02\\\/Movera-L-9966373100.jpg\",\"width\":640,\"height\":486},{\"@type\":\"BreadcrumbList\",\"@id\":\"https:\\\/\\\/shop.bantam.ch\\\/de\\\/produkt\\\/transportbox-fuer-fahrradtraeger-350-l-passend-zu-sd260-tecdc1\\\/#breadcrumb\",\"itemListElement\":[{\"@type\":\"ListItem\",\"position\":1,\"name\":\"Accueil\",\"item\":\"https:\\\/\\\/shop.bantam.ch\\\/de\\\/\"},{\"@type\":\"ListItem\",\"position\":2,\"name\":\"Shop\",\"item\":\"https:\\\/\\\/shop.bantam.ch\\\/de\\\/shop\\\/\"},{\"@type\":\"ListItem\",\"position\":3,\"name\":\"Transportbox f\u00fcr Fahrradtr\u00e4ger 350 l passend zu SD260\\\/TECDC1\"}]},{\"@type\":\"WebSite\",\"@id\":\"https:\\\/\\\/shop.bantam.ch\\\/de\\\/#website\",\"url\":\"https:\\\/\\\/shop.bantam.ch\\\/de\\\/\",\"name\":\"Bantam Camping AG\",\"description\":\"\",\"publisher\":{\"@id\":\"https:\\\/\\\/shop.bantam.ch\\\/de\\\/#organization\"},\"inLanguage\":\"de\"},{\"@type\":\"Organization\",\"@id\":\"https:\\\/\\\/shop.bantam.ch\\\/de\\\/#organization\",\"name\":\"Bantam Camping AG\",\"url\":\"https:\\\/\\\/shop.bantam.ch\\\/de\\\/\",\"logo\":{\"@type\":\"ImageObject\",\"inLanguage\":\"de\",\"@id\":\"https:\\\/\\\/shop.bantam.ch\\\/de\\\/#\\\/schema\\\/logo\\\/image\\\/\",\"url\":\"https:\\\/\\\/shop.bantam.ch\\\/wp-content\\\/uploads\\\/2022\\\/12\\\/bantam-logo.png\",\"contentUrl\":\"https:\\\/\\\/shop.bantam.ch\\\/wp-content\\\/uploads\\\/2022\\\/12\\\/bantam-logo.png\",\"width\":320,\"height\":71,\"caption\":\"Bantam Camping AG\"},\"image\":{\"@id\":\"https:\\\/\\\/shop.bantam.ch\\\/de\\\/#\\\/schema\\\/logo\\\/image\\\/\"}}]}<\/script>\n<!-- \/ Yoast SEO plugin. -->","yoast_head_json":{"title":"Transportbox f\u00fcr Fahrradtr\u00e4ger 350 l passend zu SD260\/TECDC1 - Bantam Camping AG","robots":{"index":"index","follow":"follow","max-snippet":"max-snippet:-1","max-image-preview":"max-image-preview:large","max-video-preview":"max-video-preview:-1"},"canonical":"https:\/\/shop.bantam.ch\/de\/produkt\/transportbox-fuer-fahrradtraeger-350-l-passend-zu-sd260-tecdc1\/","og_locale":"de_DE","og_type":"article","og_title":"Transportbox f\u00fcr Fahrradtr\u00e4ger 350 l passend zu SD260\/TECDC1 - Bantam Camping AG","og_description":"Ultra leichte Transportbox mit einem Fassungsverm\u00f6gen von 350 Liter und einer maximalen Nutzlast von 50 kg. Ideal fu\u0308r Isomatten, Schlafs\u00e4cke, Zubeh\u00f6r fu\u0308r Ski und Snowboard. Die Box wird auf den Schienen der SD260 Reihe und TECDC1 Reihe mit Schnellverschlu\u0308ssen befestigt, keine Vorbereitung am Tr\u00e4ger n\u00f6tig. Boden und Deckel bestehen aus robusten Hartschalen, die Seitenw\u00e4nde aus [&hellip;]","og_url":"https:\/\/shop.bantam.ch\/de\/produkt\/transportbox-fuer-fahrradtraeger-350-l-passend-zu-sd260-tecdc1\/","og_site_name":"Bantam Camping AG","article_modified_time":"2026-04-17T21:54:31+00:00","twitter_card":"summary_large_image","schema":{"@context":"https:\/\/schema.org","@graph":[{"@type":"WebPage","@id":"https:\/\/shop.bantam.ch\/de\/produkt\/transportbox-fuer-fahrradtraeger-350-l-passend-zu-sd260-tecdc1\/","url":"https:\/\/shop.bantam.ch\/de\/produkt\/transportbox-fuer-fahrradtraeger-350-l-passend-zu-sd260-tecdc1\/","name":"Transportbox f\u00fcr Fahrradtr\u00e4ger 350 l passend zu SD260\/TECDC1 - Bantam Camping AG","isPartOf":{"@id":"https:\/\/shop.bantam.ch\/de\/#website"},"primaryImageOfPage":{"@id":"https:\/\/shop.bantam.ch\/de\/produkt\/transportbox-fuer-fahrradtraeger-350-l-passend-zu-sd260-tecdc1\/#primaryimage"},"image":{"@id":"https:\/\/shop.bantam.ch\/de\/produkt\/transportbox-fuer-fahrradtraeger-350-l-passend-zu-sd260-tecdc1\/#primaryimage"},"thumbnailUrl":"https:\/\/shop.bantam.ch\/wp-content\/uploads\/2026\/02\/Movera-L-9966373100.jpg","datePublished":"2026-02-04T09:43:31+00:00","dateModified":"2026-04-17T21:54:31+00:00","breadcrumb":{"@id":"https:\/\/shop.bantam.ch\/de\/produkt\/transportbox-fuer-fahrradtraeger-350-l-passend-zu-sd260-tecdc1\/#breadcrumb"},"inLanguage":"de","potentialAction":[{"@type":"ReadAction","target":["https:\/\/shop.bantam.ch\/de\/produkt\/transportbox-fuer-fahrradtraeger-350-l-passend-zu-sd260-tecdc1\/"]}]},{"@type":"ImageObject","inLanguage":"de","@id":"https:\/\/shop.bantam.ch\/de\/produkt\/transportbox-fuer-fahrradtraeger-350-l-passend-zu-sd260-tecdc1\/#primaryimage","url":"https:\/\/shop.bantam.ch\/wp-content\/uploads\/2026\/02\/Movera-L-9966373100.jpg","contentUrl":"https:\/\/shop.bantam.ch\/wp-content\/uploads\/2026\/02\/Movera-L-9966373100.jpg","width":640,"height":486},{"@type":"BreadcrumbList","@id":"https:\/\/shop.bantam.ch\/de\/produkt\/transportbox-fuer-fahrradtraeger-350-l-passend-zu-sd260-tecdc1\/#breadcrumb","itemListElement":[{"@type":"ListItem","position":1,"name":"Accueil","item":"https:\/\/shop.bantam.ch\/de\/"},{"@type":"ListItem","position":2,"name":"Shop","item":"https:\/\/shop.bantam.ch\/de\/shop\/"},{"@type":"ListItem","position":3,"name":"Transportbox f\u00fcr Fahrradtr\u00e4ger 350 l passend zu SD260\/TECDC1"}]},{"@type":"WebSite","@id":"https:\/\/shop.bantam.ch\/de\/#website","url":"https:\/\/shop.bantam.ch\/de\/","name":"Bantam Camping AG","description":"","publisher":{"@id":"https:\/\/shop.bantam.ch\/de\/#organization"},"inLanguage":"de"},{"@type":"Organization","@id":"https:\/\/shop.bantam.ch\/de\/#organization","name":"Bantam Camping AG","url":"https:\/\/shop.bantam.ch\/de\/","logo":{"@type":"ImageObject","inLanguage":"de","@id":"https:\/\/shop.bantam.ch\/de\/#\/schema\/logo\/image\/","url":"https:\/\/shop.bantam.ch\/wp-content\/uploads\/2022\/12\/bantam-logo.png","contentUrl":"https:\/\/shop.bantam.ch\/wp-content\/uploads\/2022\/12\/bantam-logo.png","width":320,"height":71,"caption":"Bantam Camping AG"},"image":{"@id":"https:\/\/shop.bantam.ch\/de\/#\/schema\/logo\/image\/"}}]}},"_links":{"self":[{"href":"https:\/\/shop.bantam.ch\/de\/wp-json\/wp\/v2\/product\/232568","targetHints":{"allow":["GET"]}}],"collection":[{"href":"https:\/\/shop.bantam.ch\/de\/wp-json\/wp\/v2\/product"}],"about":[{"href":"https:\/\/shop.bantam.ch\/de\/wp-json\/wp\/v2\/types\/product"}],"wp:featuredmedia":[{"embeddable":true,"href":"https:\/\/shop.bantam.ch\/de\/wp-json\/wp\/v2\/media\/232558"}],"wp:attachment":[{"href":"https:\/\/shop.bantam.ch\/de\/wp-json\/wp\/v2\/media?parent=232568"}],"wp:term":[{"taxonomy":"product_featured_cat","embeddable":true,"href":"https:\/\/shop.bantam.ch\/de\/wp-json\/wp\/v2\/product_featured_cat?post=232568"},{"taxonomy":"product_brand","embeddable":true,"href":"https:\/\/shop.bantam.ch\/de\/wp-json\/wp\/v2\/product_brand?post=232568"},{"taxonomy":"product_cat","embeddable":true,"href":"https:\/\/shop.bantam.ch\/de\/wp-json\/wp\/v2\/product_cat?post=232568"},{"taxonomy":"product_tag","embeddable":true,"href":"https:\/\/shop.bantam.ch\/de\/wp-json\/wp\/v2\/product_tag?post=232568"}],"curies":[{"name":"wp","href":"https:\/\/api.w.org\/{rel}","templated":true}]}}