{"id":232538,"date":"2026-02-04T10:42:55","date_gmt":"2026-02-04T09:42:55","guid":{"rendered":"https:\/\/shop.bantam.ch\/produit\/reisemobil-caravan-hochglanz-versiegelung-inhalt-1-l\/"},"modified":"2026-04-18T23:58:05","modified_gmt":"2026-04-18T21:58:05","slug":"reisemobil-caravan-hochglanz-versiegelung-inhalt-1-l","status":"publish","type":"product","link":"https:\/\/shop.bantam.ch\/de\/produkt\/reisemobil-caravan-hochglanz-versiegelung-inhalt-1-l\/","title":{"rendered":"Reisemobil &amp; Caravan Hochglanz-Versiegelung Inhalt 1 l"},"content":{"rendered":"<ul>\n<li>Reinigt, poliert und versiegelt gro\u00dfe Fl\u00e4chen schnell und m\u00fchelos in einem Arbeitsgang.<\/li>\n<li>Entfernt Regenstreifen, leichte Verschmutzungen.<\/li>\n<li>L\u00e4sst matte Oberfl\u00e4chen wieder gl\u00e4nzen.<\/li>\n<li>Verleiht langanhaltenden Schutz, der Wasser abperlen l\u00e4sst und lange vor Neuverschmutzungen sch\u00fctzt.<\/li>\n<li>Einfach auf die Oberfl\u00e4che auftragen und trocken polieren.<\/li>\n<\/ul>\n","protected":false},"excerpt":{"rendered":"<p>Reinigt, poliert und versiegelt gro\u00dfe Fl\u00e4chen schnell und m\u00fchelos in einem Arbeitsgang. Entfernt Regenstreifen, leichte Verschmutzungen. L\u00e4sst matte Oberfl\u00e4chen wieder gl\u00e4nzen. Verleiht langanhaltenden Schutz, der Wasser abperlen l\u00e4sst und lange vor Neuverschmutzungen sch\u00fctzt. Einfach auf die Oberfl\u00e4che auftragen und trocken polieren.<\/p>\n","protected":false},"featured_media":232534,"template":"","meta":{"_acf_changed":false},"product_featured_cat":[],"product_brand":[],"product_cat":[5092],"product_tag":[],"class_list":{"0":"post-232538","1":"product","2":"type-product","3":"status-publish","4":"has-post-thumbnail","6":"product_cat-reinigung-spezialreiniger","8":"first","9":"instock","10":"taxable","11":"shipping-taxable","12":"purchasable","13":"product-type-simple"},"acf":[],"yoast_head":"<!-- This site is optimized with the Yoast SEO plugin v27.4 - https:\/\/yoast.com\/product\/yoast-seo-wordpress\/ -->\n<title>Reisemobil &amp; Caravan Hochglanz-Versiegelung Inhalt 1 l - Bantam Camping AG<\/title>\n<meta name=\"robots\" content=\"index, follow, max-snippet:-1, max-image-preview:large, max-video-preview:-1\" \/>\n<link rel=\"canonical\" href=\"https:\/\/shop.bantam.ch\/de\/produkt\/reisemobil-caravan-hochglanz-versiegelung-inhalt-1-l\/\" \/>\n<meta property=\"og:locale\" content=\"de_DE\" \/>\n<meta property=\"og:type\" content=\"article\" \/>\n<meta property=\"og:title\" content=\"Reisemobil &amp; Caravan Hochglanz-Versiegelung Inhalt 1 l - Bantam Camping AG\" \/>\n<meta property=\"og:description\" content=\"Reinigt, poliert und versiegelt gro\u00dfe Fl\u00e4chen schnell und m\u00fchelos in einem Arbeitsgang. Entfernt Regenstreifen, leichte Verschmutzungen. L\u00e4sst matte Oberfl\u00e4chen wieder gl\u00e4nzen. Verleiht langanhaltenden Schutz, der Wasser abperlen l\u00e4sst und lange vor Neuverschmutzungen sch\u00fctzt. Einfach auf die Oberfl\u00e4che auftragen und trocken polieren.\" \/>\n<meta property=\"og:url\" content=\"https:\/\/shop.bantam.ch\/de\/produkt\/reisemobil-caravan-hochglanz-versiegelung-inhalt-1-l\/\" \/>\n<meta property=\"og:site_name\" content=\"Bantam Camping AG\" \/>\n<meta property=\"article:modified_time\" content=\"2026-04-18T21:58:05+00:00\" \/>\n<meta name=\"twitter:card\" content=\"summary_large_image\" \/>\n<script type=\"application\/ld+json\" class=\"yoast-schema-graph\">{\"@context\":\"https:\\\/\\\/schema.org\",\"@graph\":[{\"@type\":\"WebPage\",\"@id\":\"https:\\\/\\\/shop.bantam.ch\\\/de\\\/produkt\\\/reisemobil-caravan-hochglanz-versiegelung-inhalt-1-l\\\/\",\"url\":\"https:\\\/\\\/shop.bantam.ch\\\/de\\\/produkt\\\/reisemobil-caravan-hochglanz-versiegelung-inhalt-1-l\\\/\",\"name\":\"Reisemobil &amp; Caravan Hochglanz-Versiegelung Inhalt 1 l - Bantam Camping AG\",\"isPartOf\":{\"@id\":\"https:\\\/\\\/shop.bantam.ch\\\/de\\\/#website\"},\"primaryImageOfPage\":{\"@id\":\"https:\\\/\\\/shop.bantam.ch\\\/de\\\/produkt\\\/reisemobil-caravan-hochglanz-versiegelung-inhalt-1-l\\\/#primaryimage\"},\"image\":{\"@id\":\"https:\\\/\\\/shop.bantam.ch\\\/de\\\/produkt\\\/reisemobil-caravan-hochglanz-versiegelung-inhalt-1-l\\\/#primaryimage\"},\"thumbnailUrl\":\"https:\\\/\\\/shop.bantam.ch\\\/wp-content\\\/uploads\\\/2026\\\/02\\\/Movera-L-9966369100.jpg\",\"datePublished\":\"2026-02-04T09:42:55+00:00\",\"dateModified\":\"2026-04-18T21:58:05+00:00\",\"breadcrumb\":{\"@id\":\"https:\\\/\\\/shop.bantam.ch\\\/de\\\/produkt\\\/reisemobil-caravan-hochglanz-versiegelung-inhalt-1-l\\\/#breadcrumb\"},\"inLanguage\":\"de\",\"potentialAction\":[{\"@type\":\"ReadAction\",\"target\":[\"https:\\\/\\\/shop.bantam.ch\\\/de\\\/produkt\\\/reisemobil-caravan-hochglanz-versiegelung-inhalt-1-l\\\/\"]}]},{\"@type\":\"ImageObject\",\"inLanguage\":\"de\",\"@id\":\"https:\\\/\\\/shop.bantam.ch\\\/de\\\/produkt\\\/reisemobil-caravan-hochglanz-versiegelung-inhalt-1-l\\\/#primaryimage\",\"url\":\"https:\\\/\\\/shop.bantam.ch\\\/wp-content\\\/uploads\\\/2026\\\/02\\\/Movera-L-9966369100.jpg\",\"contentUrl\":\"https:\\\/\\\/shop.bantam.ch\\\/wp-content\\\/uploads\\\/2026\\\/02\\\/Movera-L-9966369100.jpg\",\"width\":640,\"height\":640},{\"@type\":\"BreadcrumbList\",\"@id\":\"https:\\\/\\\/shop.bantam.ch\\\/de\\\/produkt\\\/reisemobil-caravan-hochglanz-versiegelung-inhalt-1-l\\\/#breadcrumb\",\"itemListElement\":[{\"@type\":\"ListItem\",\"position\":1,\"name\":\"Accueil\",\"item\":\"https:\\\/\\\/shop.bantam.ch\\\/de\\\/\"},{\"@type\":\"ListItem\",\"position\":2,\"name\":\"Shop\",\"item\":\"https:\\\/\\\/shop.bantam.ch\\\/de\\\/shop\\\/\"},{\"@type\":\"ListItem\",\"position\":3,\"name\":\"Reisemobil &amp; Caravan Hochglanz-Versiegelung Inhalt 1 l\"}]},{\"@type\":\"WebSite\",\"@id\":\"https:\\\/\\\/shop.bantam.ch\\\/de\\\/#website\",\"url\":\"https:\\\/\\\/shop.bantam.ch\\\/de\\\/\",\"name\":\"Bantam Camping AG\",\"description\":\"\",\"publisher\":{\"@id\":\"https:\\\/\\\/shop.bantam.ch\\\/de\\\/#organization\"},\"inLanguage\":\"de\"},{\"@type\":\"Organization\",\"@id\":\"https:\\\/\\\/shop.bantam.ch\\\/de\\\/#organization\",\"name\":\"Bantam Camping AG\",\"url\":\"https:\\\/\\\/shop.bantam.ch\\\/de\\\/\",\"logo\":{\"@type\":\"ImageObject\",\"inLanguage\":\"de\",\"@id\":\"https:\\\/\\\/shop.bantam.ch\\\/de\\\/#\\\/schema\\\/logo\\\/image\\\/\",\"url\":\"https:\\\/\\\/shop.bantam.ch\\\/wp-content\\\/uploads\\\/2022\\\/12\\\/bantam-logo.png\",\"contentUrl\":\"https:\\\/\\\/shop.bantam.ch\\\/wp-content\\\/uploads\\\/2022\\\/12\\\/bantam-logo.png\",\"width\":320,\"height\":71,\"caption\":\"Bantam Camping AG\"},\"image\":{\"@id\":\"https:\\\/\\\/shop.bantam.ch\\\/de\\\/#\\\/schema\\\/logo\\\/image\\\/\"}}]}<\/script>\n<!-- \/ Yoast SEO plugin. -->","yoast_head_json":{"title":"Reisemobil &amp; Caravan Hochglanz-Versiegelung Inhalt 1 l - Bantam Camping AG","robots":{"index":"index","follow":"follow","max-snippet":"max-snippet:-1","max-image-preview":"max-image-preview:large","max-video-preview":"max-video-preview:-1"},"canonical":"https:\/\/shop.bantam.ch\/de\/produkt\/reisemobil-caravan-hochglanz-versiegelung-inhalt-1-l\/","og_locale":"de_DE","og_type":"article","og_title":"Reisemobil &amp; Caravan Hochglanz-Versiegelung Inhalt 1 l - Bantam Camping AG","og_description":"Reinigt, poliert und versiegelt gro\u00dfe Fl\u00e4chen schnell und m\u00fchelos in einem Arbeitsgang. Entfernt Regenstreifen, leichte Verschmutzungen. L\u00e4sst matte Oberfl\u00e4chen wieder gl\u00e4nzen. Verleiht langanhaltenden Schutz, der Wasser abperlen l\u00e4sst und lange vor Neuverschmutzungen sch\u00fctzt. Einfach auf die Oberfl\u00e4che auftragen und trocken polieren.","og_url":"https:\/\/shop.bantam.ch\/de\/produkt\/reisemobil-caravan-hochglanz-versiegelung-inhalt-1-l\/","og_site_name":"Bantam Camping AG","article_modified_time":"2026-04-18T21:58:05+00:00","twitter_card":"summary_large_image","schema":{"@context":"https:\/\/schema.org","@graph":[{"@type":"WebPage","@id":"https:\/\/shop.bantam.ch\/de\/produkt\/reisemobil-caravan-hochglanz-versiegelung-inhalt-1-l\/","url":"https:\/\/shop.bantam.ch\/de\/produkt\/reisemobil-caravan-hochglanz-versiegelung-inhalt-1-l\/","name":"Reisemobil &amp; Caravan Hochglanz-Versiegelung Inhalt 1 l - Bantam Camping AG","isPartOf":{"@id":"https:\/\/shop.bantam.ch\/de\/#website"},"primaryImageOfPage":{"@id":"https:\/\/shop.bantam.ch\/de\/produkt\/reisemobil-caravan-hochglanz-versiegelung-inhalt-1-l\/#primaryimage"},"image":{"@id":"https:\/\/shop.bantam.ch\/de\/produkt\/reisemobil-caravan-hochglanz-versiegelung-inhalt-1-l\/#primaryimage"},"thumbnailUrl":"https:\/\/shop.bantam.ch\/wp-content\/uploads\/2026\/02\/Movera-L-9966369100.jpg","datePublished":"2026-02-04T09:42:55+00:00","dateModified":"2026-04-18T21:58:05+00:00","breadcrumb":{"@id":"https:\/\/shop.bantam.ch\/de\/produkt\/reisemobil-caravan-hochglanz-versiegelung-inhalt-1-l\/#breadcrumb"},"inLanguage":"de","potentialAction":[{"@type":"ReadAction","target":["https:\/\/shop.bantam.ch\/de\/produkt\/reisemobil-caravan-hochglanz-versiegelung-inhalt-1-l\/"]}]},{"@type":"ImageObject","inLanguage":"de","@id":"https:\/\/shop.bantam.ch\/de\/produkt\/reisemobil-caravan-hochglanz-versiegelung-inhalt-1-l\/#primaryimage","url":"https:\/\/shop.bantam.ch\/wp-content\/uploads\/2026\/02\/Movera-L-9966369100.jpg","contentUrl":"https:\/\/shop.bantam.ch\/wp-content\/uploads\/2026\/02\/Movera-L-9966369100.jpg","width":640,"height":640},{"@type":"BreadcrumbList","@id":"https:\/\/shop.bantam.ch\/de\/produkt\/reisemobil-caravan-hochglanz-versiegelung-inhalt-1-l\/#breadcrumb","itemListElement":[{"@type":"ListItem","position":1,"name":"Accueil","item":"https:\/\/shop.bantam.ch\/de\/"},{"@type":"ListItem","position":2,"name":"Shop","item":"https:\/\/shop.bantam.ch\/de\/shop\/"},{"@type":"ListItem","position":3,"name":"Reisemobil &amp; Caravan Hochglanz-Versiegelung Inhalt 1 l"}]},{"@type":"WebSite","@id":"https:\/\/shop.bantam.ch\/de\/#website","url":"https:\/\/shop.bantam.ch\/de\/","name":"Bantam Camping AG","description":"","publisher":{"@id":"https:\/\/shop.bantam.ch\/de\/#organization"},"inLanguage":"de"},{"@type":"Organization","@id":"https:\/\/shop.bantam.ch\/de\/#organization","name":"Bantam Camping AG","url":"https:\/\/shop.bantam.ch\/de\/","logo":{"@type":"ImageObject","inLanguage":"de","@id":"https:\/\/shop.bantam.ch\/de\/#\/schema\/logo\/image\/","url":"https:\/\/shop.bantam.ch\/wp-content\/uploads\/2022\/12\/bantam-logo.png","contentUrl":"https:\/\/shop.bantam.ch\/wp-content\/uploads\/2022\/12\/bantam-logo.png","width":320,"height":71,"caption":"Bantam Camping AG"},"image":{"@id":"https:\/\/shop.bantam.ch\/de\/#\/schema\/logo\/image\/"}}]}},"_links":{"self":[{"href":"https:\/\/shop.bantam.ch\/de\/wp-json\/wp\/v2\/product\/232538","targetHints":{"allow":["GET"]}}],"collection":[{"href":"https:\/\/shop.bantam.ch\/de\/wp-json\/wp\/v2\/product"}],"about":[{"href":"https:\/\/shop.bantam.ch\/de\/wp-json\/wp\/v2\/types\/product"}],"wp:featuredmedia":[{"embeddable":true,"href":"https:\/\/shop.bantam.ch\/de\/wp-json\/wp\/v2\/media\/232534"}],"wp:attachment":[{"href":"https:\/\/shop.bantam.ch\/de\/wp-json\/wp\/v2\/media?parent=232538"}],"wp:term":[{"taxonomy":"product_featured_cat","embeddable":true,"href":"https:\/\/shop.bantam.ch\/de\/wp-json\/wp\/v2\/product_featured_cat?post=232538"},{"taxonomy":"product_brand","embeddable":true,"href":"https:\/\/shop.bantam.ch\/de\/wp-json\/wp\/v2\/product_brand?post=232538"},{"taxonomy":"product_cat","embeddable":true,"href":"https:\/\/shop.bantam.ch\/de\/wp-json\/wp\/v2\/product_cat?post=232538"},{"taxonomy":"product_tag","embeddable":true,"href":"https:\/\/shop.bantam.ch\/de\/wp-json\/wp\/v2\/product_tag?post=232538"}],"curies":[{"name":"wp","href":"https:\/\/api.w.org\/{rel}","templated":true}]}}