{"id":232532,"date":"2026-02-04T10:42:44","date_gmt":"2026-02-04T09:42:44","guid":{"rendered":"https:\/\/shop.bantam.ch\/produit\/impraegniermittel-inhalt-500-ml\/"},"modified":"2026-04-17T23:54:24","modified_gmt":"2026-04-17T21:54:24","slug":"impraegniermittel-inhalt-500-ml","status":"publish","type":"product","link":"https:\/\/shop.bantam.ch\/de\/produkt\/impraegniermittel-inhalt-500-ml\/","title":{"rendered":"Impr\u00e4gniermittel Inhalt 500 ml"},"content":{"rendered":"<p>Impr\u00e4gniert wasserdicht, atmungsaktiv und schmutzabweisend Spritzverdecke, Sonnensegel, Biminis, Segelkleider, etc. Auch f\u00fcr Bekleidung, Zelte, Markisen und Baumwollgewebe geeignet. Verhindert Stockflecken und Schimmel.<\/p>\n<p>Vor Gebrauch die Flasche gut sch\u00fctteln!<\/p>\n<ul>\n<li>M\u00f6glichst im Freien und bei Raumtemperatur arbeiten.<\/li>\n<li>Die Oberfl\u00e4che ggfls. vorher mit Yachticon Segel- und Gewebereiniger gut s\u00e4ubern und ganz trocknen lassen.<\/li>\n<li>Den Stoff mit sauberen Pinsel oder Schwamm gleichm\u00e4\u00dfig auftragen.<\/li>\n<li>Die Oberfl\u00e4che darf nicht durchn\u00e4ssen und das Gewebe nicht tauchen.<\/li>\n<li>Trocknen lassen.<\/li>\n<li>Ergiebigkeit: 5-10 m2 \/ 500 ml<\/li>\n<li>Bei Problemstellen eventuell Vorgang wiederholen.<\/li>\n<\/ul>\n","protected":false},"excerpt":{"rendered":"<p>Impr\u00e4gniert wasserdicht, atmungsaktiv und schmutzabweisend Spritzverdecke, Sonnensegel, Biminis, Segelkleider, etc. Auch f\u00fcr Bekleidung, Zelte, Markisen und Baumwollgewebe geeignet. Verhindert Stockflecken und Schimmel. Vor Gebrauch die Flasche gut sch\u00fctteln! M\u00f6glichst im Freien und bei Raumtemperatur arbeiten. Die Oberfl\u00e4che ggfls. vorher mit Yachticon Segel- und Gewebereiniger gut s\u00e4ubern und ganz trocknen lassen. Den Stoff mit sauberen Pinsel [&hellip;]<\/p>\n","protected":false},"featured_media":232530,"template":"","meta":{"_acf_changed":false},"product_featured_cat":[],"product_brand":[],"product_cat":[5092],"product_tag":[],"class_list":{"0":"post-232532","1":"product","2":"type-product","3":"status-publish","4":"has-post-thumbnail","6":"product_cat-reinigung-spezialreiniger","8":"first","9":"instock","10":"taxable","11":"shipping-taxable","12":"purchasable","13":"product-type-simple"},"acf":[],"yoast_head":"<!-- This site is optimized with the Yoast SEO plugin v27.4 - https:\/\/yoast.com\/product\/yoast-seo-wordpress\/ -->\n<title>Impr\u00e4gniermittel Inhalt 500 ml - Bantam Camping AG<\/title>\n<meta name=\"robots\" content=\"index, follow, max-snippet:-1, max-image-preview:large, max-video-preview:-1\" \/>\n<link rel=\"canonical\" href=\"https:\/\/shop.bantam.ch\/de\/produkt\/impraegniermittel-inhalt-500-ml\/\" \/>\n<meta property=\"og:locale\" content=\"de_DE\" \/>\n<meta property=\"og:type\" content=\"article\" \/>\n<meta property=\"og:title\" content=\"Impr\u00e4gniermittel Inhalt 500 ml - Bantam Camping AG\" \/>\n<meta property=\"og:description\" content=\"Impr\u00e4gniert wasserdicht, atmungsaktiv und schmutzabweisend Spritzverdecke, Sonnensegel, Biminis, Segelkleider, etc. Auch f\u00fcr Bekleidung, Zelte, Markisen und Baumwollgewebe geeignet. Verhindert Stockflecken und Schimmel. Vor Gebrauch die Flasche gut sch\u00fctteln! M\u00f6glichst im Freien und bei Raumtemperatur arbeiten. Die Oberfl\u00e4che ggfls. vorher mit Yachticon Segel- und Gewebereiniger gut s\u00e4ubern und ganz trocknen lassen. Den Stoff mit sauberen Pinsel [&hellip;]\" \/>\n<meta property=\"og:url\" content=\"https:\/\/shop.bantam.ch\/de\/produkt\/impraegniermittel-inhalt-500-ml\/\" \/>\n<meta property=\"og:site_name\" content=\"Bantam Camping AG\" \/>\n<meta property=\"article:modified_time\" content=\"2026-04-17T21:54:24+00:00\" \/>\n<meta name=\"twitter:card\" content=\"summary_large_image\" \/>\n<script type=\"application\/ld+json\" class=\"yoast-schema-graph\">{\"@context\":\"https:\\\/\\\/schema.org\",\"@graph\":[{\"@type\":\"WebPage\",\"@id\":\"https:\\\/\\\/shop.bantam.ch\\\/de\\\/produkt\\\/impraegniermittel-inhalt-500-ml\\\/\",\"url\":\"https:\\\/\\\/shop.bantam.ch\\\/de\\\/produkt\\\/impraegniermittel-inhalt-500-ml\\\/\",\"name\":\"Impr\u00e4gniermittel Inhalt 500 ml - Bantam Camping AG\",\"isPartOf\":{\"@id\":\"https:\\\/\\\/shop.bantam.ch\\\/de\\\/#website\"},\"primaryImageOfPage\":{\"@id\":\"https:\\\/\\\/shop.bantam.ch\\\/de\\\/produkt\\\/impraegniermittel-inhalt-500-ml\\\/#primaryimage\"},\"image\":{\"@id\":\"https:\\\/\\\/shop.bantam.ch\\\/de\\\/produkt\\\/impraegniermittel-inhalt-500-ml\\\/#primaryimage\"},\"thumbnailUrl\":\"https:\\\/\\\/shop.bantam.ch\\\/wp-content\\\/uploads\\\/2026\\\/02\\\/Movera-L-9966368100.jpg\",\"datePublished\":\"2026-02-04T09:42:44+00:00\",\"dateModified\":\"2026-04-17T21:54:24+00:00\",\"breadcrumb\":{\"@id\":\"https:\\\/\\\/shop.bantam.ch\\\/de\\\/produkt\\\/impraegniermittel-inhalt-500-ml\\\/#breadcrumb\"},\"inLanguage\":\"de\",\"potentialAction\":[{\"@type\":\"ReadAction\",\"target\":[\"https:\\\/\\\/shop.bantam.ch\\\/de\\\/produkt\\\/impraegniermittel-inhalt-500-ml\\\/\"]}]},{\"@type\":\"ImageObject\",\"inLanguage\":\"de\",\"@id\":\"https:\\\/\\\/shop.bantam.ch\\\/de\\\/produkt\\\/impraegniermittel-inhalt-500-ml\\\/#primaryimage\",\"url\":\"https:\\\/\\\/shop.bantam.ch\\\/wp-content\\\/uploads\\\/2026\\\/02\\\/Movera-L-9966368100.jpg\",\"contentUrl\":\"https:\\\/\\\/shop.bantam.ch\\\/wp-content\\\/uploads\\\/2026\\\/02\\\/Movera-L-9966368100.jpg\",\"width\":345,\"height\":1000},{\"@type\":\"BreadcrumbList\",\"@id\":\"https:\\\/\\\/shop.bantam.ch\\\/de\\\/produkt\\\/impraegniermittel-inhalt-500-ml\\\/#breadcrumb\",\"itemListElement\":[{\"@type\":\"ListItem\",\"position\":1,\"name\":\"Accueil\",\"item\":\"https:\\\/\\\/shop.bantam.ch\\\/de\\\/\"},{\"@type\":\"ListItem\",\"position\":2,\"name\":\"Shop\",\"item\":\"https:\\\/\\\/shop.bantam.ch\\\/de\\\/shop\\\/\"},{\"@type\":\"ListItem\",\"position\":3,\"name\":\"Impr\u00e4gniermittel Inhalt 500 ml\"}]},{\"@type\":\"WebSite\",\"@id\":\"https:\\\/\\\/shop.bantam.ch\\\/de\\\/#website\",\"url\":\"https:\\\/\\\/shop.bantam.ch\\\/de\\\/\",\"name\":\"Bantam Camping AG\",\"description\":\"\",\"publisher\":{\"@id\":\"https:\\\/\\\/shop.bantam.ch\\\/de\\\/#organization\"},\"inLanguage\":\"de\"},{\"@type\":\"Organization\",\"@id\":\"https:\\\/\\\/shop.bantam.ch\\\/de\\\/#organization\",\"name\":\"Bantam Camping AG\",\"url\":\"https:\\\/\\\/shop.bantam.ch\\\/de\\\/\",\"logo\":{\"@type\":\"ImageObject\",\"inLanguage\":\"de\",\"@id\":\"https:\\\/\\\/shop.bantam.ch\\\/de\\\/#\\\/schema\\\/logo\\\/image\\\/\",\"url\":\"https:\\\/\\\/shop.bantam.ch\\\/wp-content\\\/uploads\\\/2022\\\/12\\\/bantam-logo.png\",\"contentUrl\":\"https:\\\/\\\/shop.bantam.ch\\\/wp-content\\\/uploads\\\/2022\\\/12\\\/bantam-logo.png\",\"width\":320,\"height\":71,\"caption\":\"Bantam Camping AG\"},\"image\":{\"@id\":\"https:\\\/\\\/shop.bantam.ch\\\/de\\\/#\\\/schema\\\/logo\\\/image\\\/\"}}]}<\/script>\n<!-- \/ Yoast SEO plugin. -->","yoast_head_json":{"title":"Impr\u00e4gniermittel Inhalt 500 ml - Bantam Camping AG","robots":{"index":"index","follow":"follow","max-snippet":"max-snippet:-1","max-image-preview":"max-image-preview:large","max-video-preview":"max-video-preview:-1"},"canonical":"https:\/\/shop.bantam.ch\/de\/produkt\/impraegniermittel-inhalt-500-ml\/","og_locale":"de_DE","og_type":"article","og_title":"Impr\u00e4gniermittel Inhalt 500 ml - Bantam Camping AG","og_description":"Impr\u00e4gniert wasserdicht, atmungsaktiv und schmutzabweisend Spritzverdecke, Sonnensegel, Biminis, Segelkleider, etc. Auch f\u00fcr Bekleidung, Zelte, Markisen und Baumwollgewebe geeignet. Verhindert Stockflecken und Schimmel. Vor Gebrauch die Flasche gut sch\u00fctteln! M\u00f6glichst im Freien und bei Raumtemperatur arbeiten. Die Oberfl\u00e4che ggfls. vorher mit Yachticon Segel- und Gewebereiniger gut s\u00e4ubern und ganz trocknen lassen. Den Stoff mit sauberen Pinsel [&hellip;]","og_url":"https:\/\/shop.bantam.ch\/de\/produkt\/impraegniermittel-inhalt-500-ml\/","og_site_name":"Bantam Camping AG","article_modified_time":"2026-04-17T21:54:24+00:00","twitter_card":"summary_large_image","schema":{"@context":"https:\/\/schema.org","@graph":[{"@type":"WebPage","@id":"https:\/\/shop.bantam.ch\/de\/produkt\/impraegniermittel-inhalt-500-ml\/","url":"https:\/\/shop.bantam.ch\/de\/produkt\/impraegniermittel-inhalt-500-ml\/","name":"Impr\u00e4gniermittel Inhalt 500 ml - Bantam Camping AG","isPartOf":{"@id":"https:\/\/shop.bantam.ch\/de\/#website"},"primaryImageOfPage":{"@id":"https:\/\/shop.bantam.ch\/de\/produkt\/impraegniermittel-inhalt-500-ml\/#primaryimage"},"image":{"@id":"https:\/\/shop.bantam.ch\/de\/produkt\/impraegniermittel-inhalt-500-ml\/#primaryimage"},"thumbnailUrl":"https:\/\/shop.bantam.ch\/wp-content\/uploads\/2026\/02\/Movera-L-9966368100.jpg","datePublished":"2026-02-04T09:42:44+00:00","dateModified":"2026-04-17T21:54:24+00:00","breadcrumb":{"@id":"https:\/\/shop.bantam.ch\/de\/produkt\/impraegniermittel-inhalt-500-ml\/#breadcrumb"},"inLanguage":"de","potentialAction":[{"@type":"ReadAction","target":["https:\/\/shop.bantam.ch\/de\/produkt\/impraegniermittel-inhalt-500-ml\/"]}]},{"@type":"ImageObject","inLanguage":"de","@id":"https:\/\/shop.bantam.ch\/de\/produkt\/impraegniermittel-inhalt-500-ml\/#primaryimage","url":"https:\/\/shop.bantam.ch\/wp-content\/uploads\/2026\/02\/Movera-L-9966368100.jpg","contentUrl":"https:\/\/shop.bantam.ch\/wp-content\/uploads\/2026\/02\/Movera-L-9966368100.jpg","width":345,"height":1000},{"@type":"BreadcrumbList","@id":"https:\/\/shop.bantam.ch\/de\/produkt\/impraegniermittel-inhalt-500-ml\/#breadcrumb","itemListElement":[{"@type":"ListItem","position":1,"name":"Accueil","item":"https:\/\/shop.bantam.ch\/de\/"},{"@type":"ListItem","position":2,"name":"Shop","item":"https:\/\/shop.bantam.ch\/de\/shop\/"},{"@type":"ListItem","position":3,"name":"Impr\u00e4gniermittel Inhalt 500 ml"}]},{"@type":"WebSite","@id":"https:\/\/shop.bantam.ch\/de\/#website","url":"https:\/\/shop.bantam.ch\/de\/","name":"Bantam Camping AG","description":"","publisher":{"@id":"https:\/\/shop.bantam.ch\/de\/#organization"},"inLanguage":"de"},{"@type":"Organization","@id":"https:\/\/shop.bantam.ch\/de\/#organization","name":"Bantam Camping AG","url":"https:\/\/shop.bantam.ch\/de\/","logo":{"@type":"ImageObject","inLanguage":"de","@id":"https:\/\/shop.bantam.ch\/de\/#\/schema\/logo\/image\/","url":"https:\/\/shop.bantam.ch\/wp-content\/uploads\/2022\/12\/bantam-logo.png","contentUrl":"https:\/\/shop.bantam.ch\/wp-content\/uploads\/2022\/12\/bantam-logo.png","width":320,"height":71,"caption":"Bantam Camping AG"},"image":{"@id":"https:\/\/shop.bantam.ch\/de\/#\/schema\/logo\/image\/"}}]}},"_links":{"self":[{"href":"https:\/\/shop.bantam.ch\/de\/wp-json\/wp\/v2\/product\/232532","targetHints":{"allow":["GET"]}}],"collection":[{"href":"https:\/\/shop.bantam.ch\/de\/wp-json\/wp\/v2\/product"}],"about":[{"href":"https:\/\/shop.bantam.ch\/de\/wp-json\/wp\/v2\/types\/product"}],"wp:featuredmedia":[{"embeddable":true,"href":"https:\/\/shop.bantam.ch\/de\/wp-json\/wp\/v2\/media\/232530"}],"wp:attachment":[{"href":"https:\/\/shop.bantam.ch\/de\/wp-json\/wp\/v2\/media?parent=232532"}],"wp:term":[{"taxonomy":"product_featured_cat","embeddable":true,"href":"https:\/\/shop.bantam.ch\/de\/wp-json\/wp\/v2\/product_featured_cat?post=232532"},{"taxonomy":"product_brand","embeddable":true,"href":"https:\/\/shop.bantam.ch\/de\/wp-json\/wp\/v2\/product_brand?post=232532"},{"taxonomy":"product_cat","embeddable":true,"href":"https:\/\/shop.bantam.ch\/de\/wp-json\/wp\/v2\/product_cat?post=232532"},{"taxonomy":"product_tag","embeddable":true,"href":"https:\/\/shop.bantam.ch\/de\/wp-json\/wp\/v2\/product_tag?post=232532"}],"curies":[{"name":"wp","href":"https:\/\/api.w.org\/{rel}","templated":true}]}}