{"id":232524,"date":"2026-02-04T10:42:11","date_gmt":"2026-02-04T09:42:11","guid":{"rendered":"https:\/\/shop.bantam.ch\/produit\/verdunkelungssystem-remifront-iv-mercedes-benz-sprinter-vs30\/"},"modified":"2026-04-18T02:48:26","modified_gmt":"2026-04-18T00:48:26","slug":"verdunkelungssystem-remifront-iv-mercedes-benz-sprinter-vs30","status":"publish","type":"product","link":"https:\/\/shop.bantam.ch\/de\/produkt\/verdunkelungssystem-remifront-iv-mercedes-benz-sprinter-vs30\/","title":{"rendered":"Verdunkelungssystem REMIfront IV Mercedes Benz Sprinter VS30"},"content":{"rendered":"<p>Die Verdunklungsl\u00f6sung f\u00fcr Fahrerkabinen erm\u00f6glicht problemlos die Abdunklung in der Nacht und sch\u00fctzt vor neugierigen Einblicken. Das mehrschichtig und robust aufgebaute Material verringert zudem die Aufheizung\/Abk\u00fchlung des Fahrzeugs. Schneller Einbau in Neufahrzeugen, problemlos nachr\u00fcstbar bei bestehenden Fahrzeugen.<\/p>\n<ul>\n<li>Einfache und schnelle Abdunkelung und Privatsph\u00e4re durch das an der Frontscheibe mittig verschlie\u00dfbare Verdunkelungssystem mit dem integrierten Magnetverschluss (links-rechts-Schieberichtung)&nbsp;<\/li>\n<li>Die Seitenfenster sind komplett vormontiert und werden lediglich an dem Fahrzeug-T\u00fcrrahmen befestigt&nbsp;<\/li>\n<li>Alle Teile der REMIfront-Fahrerhausverdunkelung f\u00fcgen sich perfekt in das Innendesign ein<\/li>\n<li>Bel\u00fcftungs\u00f6ffnungen werden durch die Verdunkelung nicht verdeckt&nbsp;<\/li>\n<\/ul>\n<p>Lieferumfang:<br \/>\nFahrerhausverdunklung bestehend aus dem Plissee-Faltsystem f\u00fcr die Frontscheibe und den beiden Verdunklungen f\u00fcr die Seitenscheiben<br \/>\n&nbsp;<\/p>\n","protected":false},"excerpt":{"rendered":"<p>Die Verdunklungsl\u00f6sung f\u00fcr Fahrerkabinen erm\u00f6glicht problemlos die Abdunklung in der Nacht und sch\u00fctzt vor neugierigen Einblicken. Das mehrschichtig und robust aufgebaute Material verringert zudem die Aufheizung\/Abk\u00fchlung des Fahrzeugs. Schneller Einbau in Neufahrzeugen, problemlos nachr\u00fcstbar bei bestehenden Fahrzeugen. Einfache und schnelle Abdunkelung und Privatsph\u00e4re durch das an der Frontscheibe mittig verschlie\u00dfbare Verdunkelungssystem mit dem integrierten Magnetverschluss [&hellip;]<\/p>\n","protected":false},"featured_media":232518,"template":"","meta":{"_acf_changed":false},"product_featured_cat":[],"product_brand":[],"product_cat":[4714],"product_tag":[],"class_list":{"0":"post-232524","1":"product","2":"type-product","3":"status-publish","4":"has-post-thumbnail","6":"product_cat-fahrerhausverdunkelung","8":"first","9":"instock","10":"taxable","11":"shipping-taxable","12":"purchasable","13":"product-type-variable"},"acf":[],"yoast_head":"<!-- This site is optimized with the Yoast SEO plugin v27.4 - https:\/\/yoast.com\/product\/yoast-seo-wordpress\/ -->\n<title>Verdunkelungssystem REMIfront IV Mercedes Benz Sprinter VS30 - Bantam Camping AG<\/title>\n<meta name=\"robots\" content=\"index, follow, max-snippet:-1, max-image-preview:large, max-video-preview:-1\" \/>\n<link rel=\"canonical\" href=\"https:\/\/shop.bantam.ch\/de\/produkt\/verdunkelungssystem-remifront-iv-mercedes-benz-sprinter-vs30\/\" \/>\n<meta property=\"og:locale\" content=\"de_DE\" \/>\n<meta property=\"og:type\" content=\"article\" \/>\n<meta property=\"og:title\" content=\"Verdunkelungssystem REMIfront IV Mercedes Benz Sprinter VS30 - Bantam Camping AG\" \/>\n<meta property=\"og:description\" content=\"Die Verdunklungsl\u00f6sung f\u00fcr Fahrerkabinen erm\u00f6glicht problemlos die Abdunklung in der Nacht und sch\u00fctzt vor neugierigen Einblicken. Das mehrschichtig und robust aufgebaute Material verringert zudem die Aufheizung\/Abk\u00fchlung des Fahrzeugs. Schneller Einbau in Neufahrzeugen, problemlos nachr\u00fcstbar bei bestehenden Fahrzeugen. Einfache und schnelle Abdunkelung und Privatsph\u00e4re durch das an der Frontscheibe mittig verschlie\u00dfbare Verdunkelungssystem mit dem integrierten Magnetverschluss [&hellip;]\" \/>\n<meta property=\"og:url\" content=\"https:\/\/shop.bantam.ch\/de\/produkt\/verdunkelungssystem-remifront-iv-mercedes-benz-sprinter-vs30\/\" \/>\n<meta property=\"og:site_name\" content=\"Bantam Camping AG\" \/>\n<meta property=\"article:modified_time\" content=\"2026-04-18T00:48:26+00:00\" \/>\n<meta name=\"twitter:card\" content=\"summary_large_image\" \/>\n<meta name=\"twitter:label1\" content=\"Gesch\u00e4tzte Lesezeit\" \/>\n\t<meta name=\"twitter:data1\" content=\"1\u00a0Minute\" \/>\n<script type=\"application\/ld+json\" class=\"yoast-schema-graph\">{\"@context\":\"https:\\\/\\\/schema.org\",\"@graph\":[{\"@type\":\"WebPage\",\"@id\":\"https:\\\/\\\/shop.bantam.ch\\\/de\\\/produkt\\\/verdunkelungssystem-remifront-iv-mercedes-benz-sprinter-vs30\\\/\",\"url\":\"https:\\\/\\\/shop.bantam.ch\\\/de\\\/produkt\\\/verdunkelungssystem-remifront-iv-mercedes-benz-sprinter-vs30\\\/\",\"name\":\"Verdunkelungssystem REMIfront IV Mercedes Benz Sprinter VS30 - Bantam Camping AG\",\"isPartOf\":{\"@id\":\"https:\\\/\\\/shop.bantam.ch\\\/de\\\/#website\"},\"primaryImageOfPage\":{\"@id\":\"https:\\\/\\\/shop.bantam.ch\\\/de\\\/produkt\\\/verdunkelungssystem-remifront-iv-mercedes-benz-sprinter-vs30\\\/#primaryimage\"},\"image\":{\"@id\":\"https:\\\/\\\/shop.bantam.ch\\\/de\\\/produkt\\\/verdunkelungssystem-remifront-iv-mercedes-benz-sprinter-vs30\\\/#primaryimage\"},\"thumbnailUrl\":\"https:\\\/\\\/shop.bantam.ch\\\/wp-content\\\/uploads\\\/2026\\\/02\\\/Movera-L-9966364100.jpg\",\"datePublished\":\"2026-02-04T09:42:11+00:00\",\"dateModified\":\"2026-04-18T00:48:26+00:00\",\"breadcrumb\":{\"@id\":\"https:\\\/\\\/shop.bantam.ch\\\/de\\\/produkt\\\/verdunkelungssystem-remifront-iv-mercedes-benz-sprinter-vs30\\\/#breadcrumb\"},\"inLanguage\":\"de\",\"potentialAction\":[{\"@type\":\"ReadAction\",\"target\":[\"https:\\\/\\\/shop.bantam.ch\\\/de\\\/produkt\\\/verdunkelungssystem-remifront-iv-mercedes-benz-sprinter-vs30\\\/\"]}]},{\"@type\":\"ImageObject\",\"inLanguage\":\"de\",\"@id\":\"https:\\\/\\\/shop.bantam.ch\\\/de\\\/produkt\\\/verdunkelungssystem-remifront-iv-mercedes-benz-sprinter-vs30\\\/#primaryimage\",\"url\":\"https:\\\/\\\/shop.bantam.ch\\\/wp-content\\\/uploads\\\/2026\\\/02\\\/Movera-L-9966364100.jpg\",\"contentUrl\":\"https:\\\/\\\/shop.bantam.ch\\\/wp-content\\\/uploads\\\/2026\\\/02\\\/Movera-L-9966364100.jpg\",\"width\":640,\"height\":360},{\"@type\":\"BreadcrumbList\",\"@id\":\"https:\\\/\\\/shop.bantam.ch\\\/de\\\/produkt\\\/verdunkelungssystem-remifront-iv-mercedes-benz-sprinter-vs30\\\/#breadcrumb\",\"itemListElement\":[{\"@type\":\"ListItem\",\"position\":1,\"name\":\"Accueil\",\"item\":\"https:\\\/\\\/shop.bantam.ch\\\/de\\\/\"},{\"@type\":\"ListItem\",\"position\":2,\"name\":\"Shop\",\"item\":\"https:\\\/\\\/shop.bantam.ch\\\/de\\\/shop\\\/\"},{\"@type\":\"ListItem\",\"position\":3,\"name\":\"Verdunkelungssystem REMIfront IV Mercedes Benz Sprinter VS30\"}]},{\"@type\":\"WebSite\",\"@id\":\"https:\\\/\\\/shop.bantam.ch\\\/de\\\/#website\",\"url\":\"https:\\\/\\\/shop.bantam.ch\\\/de\\\/\",\"name\":\"Bantam Camping AG\",\"description\":\"\",\"publisher\":{\"@id\":\"https:\\\/\\\/shop.bantam.ch\\\/de\\\/#organization\"},\"inLanguage\":\"de\"},{\"@type\":\"Organization\",\"@id\":\"https:\\\/\\\/shop.bantam.ch\\\/de\\\/#organization\",\"name\":\"Bantam Camping AG\",\"url\":\"https:\\\/\\\/shop.bantam.ch\\\/de\\\/\",\"logo\":{\"@type\":\"ImageObject\",\"inLanguage\":\"de\",\"@id\":\"https:\\\/\\\/shop.bantam.ch\\\/de\\\/#\\\/schema\\\/logo\\\/image\\\/\",\"url\":\"https:\\\/\\\/shop.bantam.ch\\\/wp-content\\\/uploads\\\/2022\\\/12\\\/bantam-logo.png\",\"contentUrl\":\"https:\\\/\\\/shop.bantam.ch\\\/wp-content\\\/uploads\\\/2022\\\/12\\\/bantam-logo.png\",\"width\":320,\"height\":71,\"caption\":\"Bantam Camping AG\"},\"image\":{\"@id\":\"https:\\\/\\\/shop.bantam.ch\\\/de\\\/#\\\/schema\\\/logo\\\/image\\\/\"}}]}<\/script>\n<!-- \/ Yoast SEO plugin. -->","yoast_head_json":{"title":"Verdunkelungssystem REMIfront IV Mercedes Benz Sprinter VS30 - Bantam Camping AG","robots":{"index":"index","follow":"follow","max-snippet":"max-snippet:-1","max-image-preview":"max-image-preview:large","max-video-preview":"max-video-preview:-1"},"canonical":"https:\/\/shop.bantam.ch\/de\/produkt\/verdunkelungssystem-remifront-iv-mercedes-benz-sprinter-vs30\/","og_locale":"de_DE","og_type":"article","og_title":"Verdunkelungssystem REMIfront IV Mercedes Benz Sprinter VS30 - Bantam Camping AG","og_description":"Die Verdunklungsl\u00f6sung f\u00fcr Fahrerkabinen erm\u00f6glicht problemlos die Abdunklung in der Nacht und sch\u00fctzt vor neugierigen Einblicken. Das mehrschichtig und robust aufgebaute Material verringert zudem die Aufheizung\/Abk\u00fchlung des Fahrzeugs. Schneller Einbau in Neufahrzeugen, problemlos nachr\u00fcstbar bei bestehenden Fahrzeugen. Einfache und schnelle Abdunkelung und Privatsph\u00e4re durch das an der Frontscheibe mittig verschlie\u00dfbare Verdunkelungssystem mit dem integrierten Magnetverschluss [&hellip;]","og_url":"https:\/\/shop.bantam.ch\/de\/produkt\/verdunkelungssystem-remifront-iv-mercedes-benz-sprinter-vs30\/","og_site_name":"Bantam Camping AG","article_modified_time":"2026-04-18T00:48:26+00:00","twitter_card":"summary_large_image","twitter_misc":{"Gesch\u00e4tzte Lesezeit":"1\u00a0Minute"},"schema":{"@context":"https:\/\/schema.org","@graph":[{"@type":"WebPage","@id":"https:\/\/shop.bantam.ch\/de\/produkt\/verdunkelungssystem-remifront-iv-mercedes-benz-sprinter-vs30\/","url":"https:\/\/shop.bantam.ch\/de\/produkt\/verdunkelungssystem-remifront-iv-mercedes-benz-sprinter-vs30\/","name":"Verdunkelungssystem REMIfront IV Mercedes Benz Sprinter VS30 - Bantam Camping AG","isPartOf":{"@id":"https:\/\/shop.bantam.ch\/de\/#website"},"primaryImageOfPage":{"@id":"https:\/\/shop.bantam.ch\/de\/produkt\/verdunkelungssystem-remifront-iv-mercedes-benz-sprinter-vs30\/#primaryimage"},"image":{"@id":"https:\/\/shop.bantam.ch\/de\/produkt\/verdunkelungssystem-remifront-iv-mercedes-benz-sprinter-vs30\/#primaryimage"},"thumbnailUrl":"https:\/\/shop.bantam.ch\/wp-content\/uploads\/2026\/02\/Movera-L-9966364100.jpg","datePublished":"2026-02-04T09:42:11+00:00","dateModified":"2026-04-18T00:48:26+00:00","breadcrumb":{"@id":"https:\/\/shop.bantam.ch\/de\/produkt\/verdunkelungssystem-remifront-iv-mercedes-benz-sprinter-vs30\/#breadcrumb"},"inLanguage":"de","potentialAction":[{"@type":"ReadAction","target":["https:\/\/shop.bantam.ch\/de\/produkt\/verdunkelungssystem-remifront-iv-mercedes-benz-sprinter-vs30\/"]}]},{"@type":"ImageObject","inLanguage":"de","@id":"https:\/\/shop.bantam.ch\/de\/produkt\/verdunkelungssystem-remifront-iv-mercedes-benz-sprinter-vs30\/#primaryimage","url":"https:\/\/shop.bantam.ch\/wp-content\/uploads\/2026\/02\/Movera-L-9966364100.jpg","contentUrl":"https:\/\/shop.bantam.ch\/wp-content\/uploads\/2026\/02\/Movera-L-9966364100.jpg","width":640,"height":360},{"@type":"BreadcrumbList","@id":"https:\/\/shop.bantam.ch\/de\/produkt\/verdunkelungssystem-remifront-iv-mercedes-benz-sprinter-vs30\/#breadcrumb","itemListElement":[{"@type":"ListItem","position":1,"name":"Accueil","item":"https:\/\/shop.bantam.ch\/de\/"},{"@type":"ListItem","position":2,"name":"Shop","item":"https:\/\/shop.bantam.ch\/de\/shop\/"},{"@type":"ListItem","position":3,"name":"Verdunkelungssystem REMIfront IV Mercedes Benz Sprinter VS30"}]},{"@type":"WebSite","@id":"https:\/\/shop.bantam.ch\/de\/#website","url":"https:\/\/shop.bantam.ch\/de\/","name":"Bantam Camping AG","description":"","publisher":{"@id":"https:\/\/shop.bantam.ch\/de\/#organization"},"inLanguage":"de"},{"@type":"Organization","@id":"https:\/\/shop.bantam.ch\/de\/#organization","name":"Bantam Camping AG","url":"https:\/\/shop.bantam.ch\/de\/","logo":{"@type":"ImageObject","inLanguage":"de","@id":"https:\/\/shop.bantam.ch\/de\/#\/schema\/logo\/image\/","url":"https:\/\/shop.bantam.ch\/wp-content\/uploads\/2022\/12\/bantam-logo.png","contentUrl":"https:\/\/shop.bantam.ch\/wp-content\/uploads\/2022\/12\/bantam-logo.png","width":320,"height":71,"caption":"Bantam Camping AG"},"image":{"@id":"https:\/\/shop.bantam.ch\/de\/#\/schema\/logo\/image\/"}}]}},"_links":{"self":[{"href":"https:\/\/shop.bantam.ch\/de\/wp-json\/wp\/v2\/product\/232524","targetHints":{"allow":["GET"]}}],"collection":[{"href":"https:\/\/shop.bantam.ch\/de\/wp-json\/wp\/v2\/product"}],"about":[{"href":"https:\/\/shop.bantam.ch\/de\/wp-json\/wp\/v2\/types\/product"}],"wp:featuredmedia":[{"embeddable":true,"href":"https:\/\/shop.bantam.ch\/de\/wp-json\/wp\/v2\/media\/232518"}],"wp:attachment":[{"href":"https:\/\/shop.bantam.ch\/de\/wp-json\/wp\/v2\/media?parent=232524"}],"wp:term":[{"taxonomy":"product_featured_cat","embeddable":true,"href":"https:\/\/shop.bantam.ch\/de\/wp-json\/wp\/v2\/product_featured_cat?post=232524"},{"taxonomy":"product_brand","embeddable":true,"href":"https:\/\/shop.bantam.ch\/de\/wp-json\/wp\/v2\/product_brand?post=232524"},{"taxonomy":"product_cat","embeddable":true,"href":"https:\/\/shop.bantam.ch\/de\/wp-json\/wp\/v2\/product_cat?post=232524"},{"taxonomy":"product_tag","embeddable":true,"href":"https:\/\/shop.bantam.ch\/de\/wp-json\/wp\/v2\/product_tag?post=232524"}],"curies":[{"name":"wp","href":"https:\/\/api.w.org\/{rel}","templated":true}]}}