{"id":232480,"date":"2026-02-04T10:40:54","date_gmt":"2026-02-04T09:40:54","guid":{"rendered":"https:\/\/shop.bantam.ch\/produit\/elektroblock-ebl-402-1\/"},"modified":"2026-04-17T23:54:11","modified_gmt":"2026-04-17T21:54:11","slug":"elektroblock-ebl-402-1","status":"publish","type":"product","link":"https:\/\/shop.bantam.ch\/de\/produkt\/elektroblock-ebl-402-1\/","title":{"rendered":"Elektroblock EBL 402-1"},"content":{"rendered":"<p>Ger\u00e4te zur Erzeugung von Ladespannungen f\u00fcr alle im Reisemobil eingebauten Batterien (Wohnraum-, Starter- oder Hilfsbatterie)<br \/>\nEBLs verteilen und sch\u00fctzen die Ausgangskreise<br \/>\nDie Umschaltung der gesamten Versorgung erfolgt \u00fcber zwei Hauptschalter<br \/>\nEin-\/Ausschalter der Wohnraumversorgung und Ein-\/Ausschalter der Fahrzeugversorgung mit vollst\u00e4ndiger Trennung aller Verbraucher von den Batterien (Abschaltung)<br \/>\nAnschlussm\u00f6glichkeit f\u00fcr Zusatzladeger\u00e4te (18 A)<br \/>\nAnschlussm\u00f6glichkeit f\u00fcr Solarladeregler (bis zu 25 A Ladestrom)<br \/>\nVernetzung aller Ladeger\u00e4te (EBL internes Ladeger\u00e4t, Zusatzladeger\u00e4t, Solarladeregler) \u00fcber speziellen Bus (SynCharge) zur zentralen Steuerung<br \/>\nBusanschluss \u00fcber LIN (CI-Bus)<br \/>\nD+ Signalauswertung<br \/>\nK\u00e4ltemaschinenversorgung (konfigurierbar) f\u00fcr Absorber-, Kompressor- oder AES-K\u00e4ltemaschinen<br \/>\nNiedriger Ruhestromverbrauch<br \/>\nIUoU, integrierter Ladeausgang (softwaregesteuert bis zu sieben verschiedene Kennlinien)<br \/>\nAnschluss von Stromleitungen und Batterien \u00fcber Hochstrom-Stecker<\/p>\n<p>Technische Eigenschaften:<\/p>\n<ul>\n<li>Ausgangsspannung: 12 V<\/li>\n<li>Eingangsspannung: 230 V<\/li>\n<li>Batteriespannung: 12,6 V<\/li>\n<li>Stromaufnahme: 2,4 A bei Vollast, 3 W im Leerlauf<\/li>\n<\/ul>\n","protected":false},"excerpt":{"rendered":"<p>Ger\u00e4te zur Erzeugung von Ladespannungen f\u00fcr alle im Reisemobil eingebauten Batterien (Wohnraum-, Starter- oder Hilfsbatterie) EBLs verteilen und sch\u00fctzen die Ausgangskreise Die Umschaltung der gesamten Versorgung erfolgt \u00fcber zwei Hauptschalter Ein-\/Ausschalter der Wohnraumversorgung und Ein-\/Ausschalter der Fahrzeugversorgung mit vollst\u00e4ndiger Trennung aller Verbraucher von den Batterien (Abschaltung) Anschlussm\u00f6glichkeit f\u00fcr Zusatzladeger\u00e4te (18 A) Anschlussm\u00f6glichkeit f\u00fcr Solarladeregler (bis [&hellip;]<\/p>\n","protected":false},"featured_media":232476,"template":"","meta":{"_acf_changed":false},"product_featured_cat":[],"product_brand":[],"product_cat":[4184],"product_tag":[],"class_list":{"0":"post-232480","1":"product","2":"type-product","3":"status-publish","4":"has-post-thumbnail","6":"product_cat-elektrobloecke","8":"first","9":"instock","10":"taxable","11":"shipping-taxable","12":"purchasable","13":"product-type-simple"},"acf":[],"yoast_head":"<!-- This site is optimized with the Yoast SEO plugin v27.4 - https:\/\/yoast.com\/product\/yoast-seo-wordpress\/ -->\n<title>Elektroblock EBL 402-1 - Bantam Camping AG<\/title>\n<meta name=\"robots\" content=\"index, follow, max-snippet:-1, max-image-preview:large, max-video-preview:-1\" \/>\n<link rel=\"canonical\" href=\"https:\/\/shop.bantam.ch\/de\/produkt\/elektroblock-ebl-402-1\/\" \/>\n<meta property=\"og:locale\" content=\"de_DE\" \/>\n<meta property=\"og:type\" content=\"article\" \/>\n<meta property=\"og:title\" content=\"Elektroblock EBL 402-1 - Bantam Camping AG\" \/>\n<meta property=\"og:description\" content=\"Ger\u00e4te zur Erzeugung von Ladespannungen f\u00fcr alle im Reisemobil eingebauten Batterien (Wohnraum-, Starter- oder Hilfsbatterie) EBLs verteilen und sch\u00fctzen die Ausgangskreise Die Umschaltung der gesamten Versorgung erfolgt \u00fcber zwei Hauptschalter Ein-\/Ausschalter der Wohnraumversorgung und Ein-\/Ausschalter der Fahrzeugversorgung mit vollst\u00e4ndiger Trennung aller Verbraucher von den Batterien (Abschaltung) Anschlussm\u00f6glichkeit f\u00fcr Zusatzladeger\u00e4te (18 A) Anschlussm\u00f6glichkeit f\u00fcr Solarladeregler (bis [&hellip;]\" \/>\n<meta property=\"og:url\" content=\"https:\/\/shop.bantam.ch\/de\/produkt\/elektroblock-ebl-402-1\/\" \/>\n<meta property=\"og:site_name\" content=\"Bantam Camping AG\" \/>\n<meta property=\"article:modified_time\" content=\"2026-04-17T21:54:11+00:00\" \/>\n<meta name=\"twitter:card\" content=\"summary_large_image\" \/>\n<meta name=\"twitter:label1\" content=\"Gesch\u00e4tzte Lesezeit\" \/>\n\t<meta name=\"twitter:data1\" content=\"1\u00a0Minute\" \/>\n<script type=\"application\/ld+json\" class=\"yoast-schema-graph\">{\"@context\":\"https:\\\/\\\/schema.org\",\"@graph\":[{\"@type\":\"WebPage\",\"@id\":\"https:\\\/\\\/shop.bantam.ch\\\/de\\\/produkt\\\/elektroblock-ebl-402-1\\\/\",\"url\":\"https:\\\/\\\/shop.bantam.ch\\\/de\\\/produkt\\\/elektroblock-ebl-402-1\\\/\",\"name\":\"Elektroblock EBL 402-1 - Bantam Camping AG\",\"isPartOf\":{\"@id\":\"https:\\\/\\\/shop.bantam.ch\\\/de\\\/#website\"},\"primaryImageOfPage\":{\"@id\":\"https:\\\/\\\/shop.bantam.ch\\\/de\\\/produkt\\\/elektroblock-ebl-402-1\\\/#primaryimage\"},\"image\":{\"@id\":\"https:\\\/\\\/shop.bantam.ch\\\/de\\\/produkt\\\/elektroblock-ebl-402-1\\\/#primaryimage\"},\"thumbnailUrl\":\"https:\\\/\\\/shop.bantam.ch\\\/wp-content\\\/uploads\\\/2026\\\/02\\\/Movera-L-9964305100.png\",\"datePublished\":\"2026-02-04T09:40:54+00:00\",\"dateModified\":\"2026-04-17T21:54:11+00:00\",\"breadcrumb\":{\"@id\":\"https:\\\/\\\/shop.bantam.ch\\\/de\\\/produkt\\\/elektroblock-ebl-402-1\\\/#breadcrumb\"},\"inLanguage\":\"de\",\"potentialAction\":[{\"@type\":\"ReadAction\",\"target\":[\"https:\\\/\\\/shop.bantam.ch\\\/de\\\/produkt\\\/elektroblock-ebl-402-1\\\/\"]}]},{\"@type\":\"ImageObject\",\"inLanguage\":\"de\",\"@id\":\"https:\\\/\\\/shop.bantam.ch\\\/de\\\/produkt\\\/elektroblock-ebl-402-1\\\/#primaryimage\",\"url\":\"https:\\\/\\\/shop.bantam.ch\\\/wp-content\\\/uploads\\\/2026\\\/02\\\/Movera-L-9964305100.png\",\"contentUrl\":\"https:\\\/\\\/shop.bantam.ch\\\/wp-content\\\/uploads\\\/2026\\\/02\\\/Movera-L-9964305100.png\",\"width\":640,\"height\":640},{\"@type\":\"BreadcrumbList\",\"@id\":\"https:\\\/\\\/shop.bantam.ch\\\/de\\\/produkt\\\/elektroblock-ebl-402-1\\\/#breadcrumb\",\"itemListElement\":[{\"@type\":\"ListItem\",\"position\":1,\"name\":\"Accueil\",\"item\":\"https:\\\/\\\/shop.bantam.ch\\\/de\\\/\"},{\"@type\":\"ListItem\",\"position\":2,\"name\":\"Shop\",\"item\":\"https:\\\/\\\/shop.bantam.ch\\\/de\\\/shop\\\/\"},{\"@type\":\"ListItem\",\"position\":3,\"name\":\"Elektroblock EBL 402-1\"}]},{\"@type\":\"WebSite\",\"@id\":\"https:\\\/\\\/shop.bantam.ch\\\/de\\\/#website\",\"url\":\"https:\\\/\\\/shop.bantam.ch\\\/de\\\/\",\"name\":\"Bantam Camping AG\",\"description\":\"\",\"publisher\":{\"@id\":\"https:\\\/\\\/shop.bantam.ch\\\/de\\\/#organization\"},\"inLanguage\":\"de\"},{\"@type\":\"Organization\",\"@id\":\"https:\\\/\\\/shop.bantam.ch\\\/de\\\/#organization\",\"name\":\"Bantam Camping AG\",\"url\":\"https:\\\/\\\/shop.bantam.ch\\\/de\\\/\",\"logo\":{\"@type\":\"ImageObject\",\"inLanguage\":\"de\",\"@id\":\"https:\\\/\\\/shop.bantam.ch\\\/de\\\/#\\\/schema\\\/logo\\\/image\\\/\",\"url\":\"https:\\\/\\\/shop.bantam.ch\\\/wp-content\\\/uploads\\\/2022\\\/12\\\/bantam-logo.png\",\"contentUrl\":\"https:\\\/\\\/shop.bantam.ch\\\/wp-content\\\/uploads\\\/2022\\\/12\\\/bantam-logo.png\",\"width\":320,\"height\":71,\"caption\":\"Bantam Camping AG\"},\"image\":{\"@id\":\"https:\\\/\\\/shop.bantam.ch\\\/de\\\/#\\\/schema\\\/logo\\\/image\\\/\"}}]}<\/script>\n<!-- \/ Yoast SEO plugin. -->","yoast_head_json":{"title":"Elektroblock EBL 402-1 - Bantam Camping AG","robots":{"index":"index","follow":"follow","max-snippet":"max-snippet:-1","max-image-preview":"max-image-preview:large","max-video-preview":"max-video-preview:-1"},"canonical":"https:\/\/shop.bantam.ch\/de\/produkt\/elektroblock-ebl-402-1\/","og_locale":"de_DE","og_type":"article","og_title":"Elektroblock EBL 402-1 - Bantam Camping AG","og_description":"Ger\u00e4te zur Erzeugung von Ladespannungen f\u00fcr alle im Reisemobil eingebauten Batterien (Wohnraum-, Starter- oder Hilfsbatterie) EBLs verteilen und sch\u00fctzen die Ausgangskreise Die Umschaltung der gesamten Versorgung erfolgt \u00fcber zwei Hauptschalter Ein-\/Ausschalter der Wohnraumversorgung und Ein-\/Ausschalter der Fahrzeugversorgung mit vollst\u00e4ndiger Trennung aller Verbraucher von den Batterien (Abschaltung) Anschlussm\u00f6glichkeit f\u00fcr Zusatzladeger\u00e4te (18 A) Anschlussm\u00f6glichkeit f\u00fcr Solarladeregler (bis [&hellip;]","og_url":"https:\/\/shop.bantam.ch\/de\/produkt\/elektroblock-ebl-402-1\/","og_site_name":"Bantam Camping AG","article_modified_time":"2026-04-17T21:54:11+00:00","twitter_card":"summary_large_image","twitter_misc":{"Gesch\u00e4tzte Lesezeit":"1\u00a0Minute"},"schema":{"@context":"https:\/\/schema.org","@graph":[{"@type":"WebPage","@id":"https:\/\/shop.bantam.ch\/de\/produkt\/elektroblock-ebl-402-1\/","url":"https:\/\/shop.bantam.ch\/de\/produkt\/elektroblock-ebl-402-1\/","name":"Elektroblock EBL 402-1 - Bantam Camping AG","isPartOf":{"@id":"https:\/\/shop.bantam.ch\/de\/#website"},"primaryImageOfPage":{"@id":"https:\/\/shop.bantam.ch\/de\/produkt\/elektroblock-ebl-402-1\/#primaryimage"},"image":{"@id":"https:\/\/shop.bantam.ch\/de\/produkt\/elektroblock-ebl-402-1\/#primaryimage"},"thumbnailUrl":"https:\/\/shop.bantam.ch\/wp-content\/uploads\/2026\/02\/Movera-L-9964305100.png","datePublished":"2026-02-04T09:40:54+00:00","dateModified":"2026-04-17T21:54:11+00:00","breadcrumb":{"@id":"https:\/\/shop.bantam.ch\/de\/produkt\/elektroblock-ebl-402-1\/#breadcrumb"},"inLanguage":"de","potentialAction":[{"@type":"ReadAction","target":["https:\/\/shop.bantam.ch\/de\/produkt\/elektroblock-ebl-402-1\/"]}]},{"@type":"ImageObject","inLanguage":"de","@id":"https:\/\/shop.bantam.ch\/de\/produkt\/elektroblock-ebl-402-1\/#primaryimage","url":"https:\/\/shop.bantam.ch\/wp-content\/uploads\/2026\/02\/Movera-L-9964305100.png","contentUrl":"https:\/\/shop.bantam.ch\/wp-content\/uploads\/2026\/02\/Movera-L-9964305100.png","width":640,"height":640},{"@type":"BreadcrumbList","@id":"https:\/\/shop.bantam.ch\/de\/produkt\/elektroblock-ebl-402-1\/#breadcrumb","itemListElement":[{"@type":"ListItem","position":1,"name":"Accueil","item":"https:\/\/shop.bantam.ch\/de\/"},{"@type":"ListItem","position":2,"name":"Shop","item":"https:\/\/shop.bantam.ch\/de\/shop\/"},{"@type":"ListItem","position":3,"name":"Elektroblock EBL 402-1"}]},{"@type":"WebSite","@id":"https:\/\/shop.bantam.ch\/de\/#website","url":"https:\/\/shop.bantam.ch\/de\/","name":"Bantam Camping AG","description":"","publisher":{"@id":"https:\/\/shop.bantam.ch\/de\/#organization"},"inLanguage":"de"},{"@type":"Organization","@id":"https:\/\/shop.bantam.ch\/de\/#organization","name":"Bantam Camping AG","url":"https:\/\/shop.bantam.ch\/de\/","logo":{"@type":"ImageObject","inLanguage":"de","@id":"https:\/\/shop.bantam.ch\/de\/#\/schema\/logo\/image\/","url":"https:\/\/shop.bantam.ch\/wp-content\/uploads\/2022\/12\/bantam-logo.png","contentUrl":"https:\/\/shop.bantam.ch\/wp-content\/uploads\/2022\/12\/bantam-logo.png","width":320,"height":71,"caption":"Bantam Camping AG"},"image":{"@id":"https:\/\/shop.bantam.ch\/de\/#\/schema\/logo\/image\/"}}]}},"_links":{"self":[{"href":"https:\/\/shop.bantam.ch\/de\/wp-json\/wp\/v2\/product\/232480","targetHints":{"allow":["GET"]}}],"collection":[{"href":"https:\/\/shop.bantam.ch\/de\/wp-json\/wp\/v2\/product"}],"about":[{"href":"https:\/\/shop.bantam.ch\/de\/wp-json\/wp\/v2\/types\/product"}],"wp:featuredmedia":[{"embeddable":true,"href":"https:\/\/shop.bantam.ch\/de\/wp-json\/wp\/v2\/media\/232476"}],"wp:attachment":[{"href":"https:\/\/shop.bantam.ch\/de\/wp-json\/wp\/v2\/media?parent=232480"}],"wp:term":[{"taxonomy":"product_featured_cat","embeddable":true,"href":"https:\/\/shop.bantam.ch\/de\/wp-json\/wp\/v2\/product_featured_cat?post=232480"},{"taxonomy":"product_brand","embeddable":true,"href":"https:\/\/shop.bantam.ch\/de\/wp-json\/wp\/v2\/product_brand?post=232480"},{"taxonomy":"product_cat","embeddable":true,"href":"https:\/\/shop.bantam.ch\/de\/wp-json\/wp\/v2\/product_cat?post=232480"},{"taxonomy":"product_tag","embeddable":true,"href":"https:\/\/shop.bantam.ch\/de\/wp-json\/wp\/v2\/product_tag?post=232480"}],"curies":[{"name":"wp","href":"https:\/\/api.w.org\/{rel}","templated":true}]}}