{"id":232412,"date":"2026-02-04T10:37:48","date_gmt":"2026-02-04T09:37:48","guid":{"rendered":"https:\/\/shop.bantam.ch\/produit\/organizer-oxford-s-fb-gruen\/"},"modified":"2026-04-18T23:57:37","modified_gmt":"2026-04-18T21:57:37","slug":"organizer-oxford-s-fb-gruen","status":"publish","type":"product","link":"https:\/\/shop.bantam.ch\/de\/produkt\/organizer-oxford-s-fb-gruen\/","title":{"rendered":"Organizer Oxford S Fb. gr\u00fcn"},"content":{"rendered":"<p>Sehr ger\u00e4umiger Organizer geeignet f\u00fcr alle Arten von Campingartikeln wie Schuhe, Handt\u00fccher oder andere Kleidung. Der Oxford hat einen Rei\u00dfverschluss Abdeckung, der sehr praktisch f\u00fcr den Transport ist und mit L\u00fcftungsringen ausgestattet ist. Der Oxford hat einen stabilen Kunststoffgriff auf der Oberseite und kann auf verschiedene Weise angebracht werden; Mit der Keder auf der Caravan Schiene, mit dem Klettverschluss an einem Zeltstab oder mit den \u00d6sen zum Aufh\u00e4ngen.<\/p>\n<p>Material:\u00a0<br \/>\n100 % Polyester<\/p>\n","protected":false},"excerpt":{"rendered":"<p>Sehr ger\u00e4umiger Organizer geeignet f\u00fcr alle Arten von Campingartikeln wie Schuhe, Handt\u00fccher oder andere Kleidung. Der Oxford hat einen Rei\u00dfverschluss Abdeckung, der sehr praktisch f\u00fcr den Transport ist und mit L\u00fcftungsringen ausgestattet ist. Der Oxford hat einen stabilen Kunststoffgriff auf der Oberseite und kann auf verschiedene Weise angebracht werden; Mit der Keder auf der Caravan [&hellip;]<\/p>\n","protected":false},"featured_media":232402,"template":"","meta":{"_acf_changed":false},"product_featured_cat":[],"product_brand":[3075],"product_cat":[4318],"product_tag":[],"class_list":{"0":"post-232412","1":"product","2":"type-product","3":"status-publish","4":"has-post-thumbnail","6":"product_brand-eurotrail-de","7":"product_cat-ablagenetze","9":"first","10":"instock","11":"taxable","12":"shipping-taxable","13":"purchasable","14":"product-type-simple"},"acf":[],"yoast_head":"<!-- This site is optimized with the Yoast SEO plugin v27.4 - https:\/\/yoast.com\/product\/yoast-seo-wordpress\/ -->\n<title>Organizer Oxford S Fb. gr\u00fcn - Bantam Camping AG<\/title>\n<meta name=\"robots\" content=\"index, follow, max-snippet:-1, max-image-preview:large, max-video-preview:-1\" \/>\n<link rel=\"canonical\" href=\"https:\/\/shop.bantam.ch\/de\/produkt\/organizer-oxford-s-fb-gruen\/\" \/>\n<meta property=\"og:locale\" content=\"de_DE\" \/>\n<meta property=\"og:type\" content=\"article\" \/>\n<meta property=\"og:title\" content=\"Organizer Oxford S Fb. gr\u00fcn - Bantam Camping AG\" \/>\n<meta property=\"og:description\" content=\"Sehr ger\u00e4umiger Organizer geeignet f\u00fcr alle Arten von Campingartikeln wie Schuhe, Handt\u00fccher oder andere Kleidung. Der Oxford hat einen Rei\u00dfverschluss Abdeckung, der sehr praktisch f\u00fcr den Transport ist und mit L\u00fcftungsringen ausgestattet ist. Der Oxford hat einen stabilen Kunststoffgriff auf der Oberseite und kann auf verschiedene Weise angebracht werden; Mit der Keder auf der Caravan [&hellip;]\" \/>\n<meta property=\"og:url\" content=\"https:\/\/shop.bantam.ch\/de\/produkt\/organizer-oxford-s-fb-gruen\/\" \/>\n<meta property=\"og:site_name\" content=\"Bantam Camping AG\" \/>\n<meta property=\"article:modified_time\" content=\"2026-04-18T21:57:37+00:00\" \/>\n<meta property=\"og:image\" content=\"https:\/\/shop.bantam.ch\/wp-content\/uploads\/2026\/02\/Movera-L-9926657100.png\" \/>\n\t<meta property=\"og:image:width\" content=\"603\" \/>\n\t<meta property=\"og:image:height\" content=\"1000\" \/>\n\t<meta property=\"og:image:type\" content=\"image\/png\" \/>\n<meta name=\"twitter:card\" content=\"summary_large_image\" \/>\n<script type=\"application\/ld+json\" class=\"yoast-schema-graph\">{\"@context\":\"https:\\\/\\\/schema.org\",\"@graph\":[{\"@type\":\"WebPage\",\"@id\":\"https:\\\/\\\/shop.bantam.ch\\\/de\\\/produkt\\\/organizer-oxford-s-fb-gruen\\\/\",\"url\":\"https:\\\/\\\/shop.bantam.ch\\\/de\\\/produkt\\\/organizer-oxford-s-fb-gruen\\\/\",\"name\":\"Organizer Oxford S Fb. gr\u00fcn - Bantam Camping AG\",\"isPartOf\":{\"@id\":\"https:\\\/\\\/shop.bantam.ch\\\/de\\\/#website\"},\"primaryImageOfPage\":{\"@id\":\"https:\\\/\\\/shop.bantam.ch\\\/de\\\/produkt\\\/organizer-oxford-s-fb-gruen\\\/#primaryimage\"},\"image\":{\"@id\":\"https:\\\/\\\/shop.bantam.ch\\\/de\\\/produkt\\\/organizer-oxford-s-fb-gruen\\\/#primaryimage\"},\"thumbnailUrl\":\"https:\\\/\\\/shop.bantam.ch\\\/wp-content\\\/uploads\\\/2026\\\/02\\\/Movera-L-9926657100.png\",\"datePublished\":\"2026-02-04T09:37:48+00:00\",\"dateModified\":\"2026-04-18T21:57:37+00:00\",\"breadcrumb\":{\"@id\":\"https:\\\/\\\/shop.bantam.ch\\\/de\\\/produkt\\\/organizer-oxford-s-fb-gruen\\\/#breadcrumb\"},\"inLanguage\":\"de\",\"potentialAction\":[{\"@type\":\"ReadAction\",\"target\":[\"https:\\\/\\\/shop.bantam.ch\\\/de\\\/produkt\\\/organizer-oxford-s-fb-gruen\\\/\"]}]},{\"@type\":\"ImageObject\",\"inLanguage\":\"de\",\"@id\":\"https:\\\/\\\/shop.bantam.ch\\\/de\\\/produkt\\\/organizer-oxford-s-fb-gruen\\\/#primaryimage\",\"url\":\"https:\\\/\\\/shop.bantam.ch\\\/wp-content\\\/uploads\\\/2026\\\/02\\\/Movera-L-9926657100.png\",\"contentUrl\":\"https:\\\/\\\/shop.bantam.ch\\\/wp-content\\\/uploads\\\/2026\\\/02\\\/Movera-L-9926657100.png\",\"width\":603,\"height\":1000},{\"@type\":\"BreadcrumbList\",\"@id\":\"https:\\\/\\\/shop.bantam.ch\\\/de\\\/produkt\\\/organizer-oxford-s-fb-gruen\\\/#breadcrumb\",\"itemListElement\":[{\"@type\":\"ListItem\",\"position\":1,\"name\":\"Accueil\",\"item\":\"https:\\\/\\\/shop.bantam.ch\\\/de\\\/\"},{\"@type\":\"ListItem\",\"position\":2,\"name\":\"Shop\",\"item\":\"https:\\\/\\\/shop.bantam.ch\\\/de\\\/shop\\\/\"},{\"@type\":\"ListItem\",\"position\":3,\"name\":\"Organizer Oxford S Fb. gr\u00fcn\"}]},{\"@type\":\"WebSite\",\"@id\":\"https:\\\/\\\/shop.bantam.ch\\\/de\\\/#website\",\"url\":\"https:\\\/\\\/shop.bantam.ch\\\/de\\\/\",\"name\":\"Bantam Camping AG\",\"description\":\"\",\"publisher\":{\"@id\":\"https:\\\/\\\/shop.bantam.ch\\\/de\\\/#organization\"},\"inLanguage\":\"de\"},{\"@type\":\"Organization\",\"@id\":\"https:\\\/\\\/shop.bantam.ch\\\/de\\\/#organization\",\"name\":\"Bantam Camping AG\",\"url\":\"https:\\\/\\\/shop.bantam.ch\\\/de\\\/\",\"logo\":{\"@type\":\"ImageObject\",\"inLanguage\":\"de\",\"@id\":\"https:\\\/\\\/shop.bantam.ch\\\/de\\\/#\\\/schema\\\/logo\\\/image\\\/\",\"url\":\"https:\\\/\\\/shop.bantam.ch\\\/wp-content\\\/uploads\\\/2022\\\/12\\\/bantam-logo.png\",\"contentUrl\":\"https:\\\/\\\/shop.bantam.ch\\\/wp-content\\\/uploads\\\/2022\\\/12\\\/bantam-logo.png\",\"width\":320,\"height\":71,\"caption\":\"Bantam Camping AG\"},\"image\":{\"@id\":\"https:\\\/\\\/shop.bantam.ch\\\/de\\\/#\\\/schema\\\/logo\\\/image\\\/\"}}]}<\/script>\n<!-- \/ Yoast SEO plugin. -->","yoast_head_json":{"title":"Organizer Oxford S Fb. gr\u00fcn - Bantam Camping AG","robots":{"index":"index","follow":"follow","max-snippet":"max-snippet:-1","max-image-preview":"max-image-preview:large","max-video-preview":"max-video-preview:-1"},"canonical":"https:\/\/shop.bantam.ch\/de\/produkt\/organizer-oxford-s-fb-gruen\/","og_locale":"de_DE","og_type":"article","og_title":"Organizer Oxford S Fb. gr\u00fcn - Bantam Camping AG","og_description":"Sehr ger\u00e4umiger Organizer geeignet f\u00fcr alle Arten von Campingartikeln wie Schuhe, Handt\u00fccher oder andere Kleidung. Der Oxford hat einen Rei\u00dfverschluss Abdeckung, der sehr praktisch f\u00fcr den Transport ist und mit L\u00fcftungsringen ausgestattet ist. Der Oxford hat einen stabilen Kunststoffgriff auf der Oberseite und kann auf verschiedene Weise angebracht werden; Mit der Keder auf der Caravan [&hellip;]","og_url":"https:\/\/shop.bantam.ch\/de\/produkt\/organizer-oxford-s-fb-gruen\/","og_site_name":"Bantam Camping AG","article_modified_time":"2026-04-18T21:57:37+00:00","og_image":[{"width":603,"height":1000,"url":"https:\/\/shop.bantam.ch\/wp-content\/uploads\/2026\/02\/Movera-L-9926657100.png","type":"image\/png"}],"twitter_card":"summary_large_image","schema":{"@context":"https:\/\/schema.org","@graph":[{"@type":"WebPage","@id":"https:\/\/shop.bantam.ch\/de\/produkt\/organizer-oxford-s-fb-gruen\/","url":"https:\/\/shop.bantam.ch\/de\/produkt\/organizer-oxford-s-fb-gruen\/","name":"Organizer Oxford S Fb. gr\u00fcn - Bantam Camping AG","isPartOf":{"@id":"https:\/\/shop.bantam.ch\/de\/#website"},"primaryImageOfPage":{"@id":"https:\/\/shop.bantam.ch\/de\/produkt\/organizer-oxford-s-fb-gruen\/#primaryimage"},"image":{"@id":"https:\/\/shop.bantam.ch\/de\/produkt\/organizer-oxford-s-fb-gruen\/#primaryimage"},"thumbnailUrl":"https:\/\/shop.bantam.ch\/wp-content\/uploads\/2026\/02\/Movera-L-9926657100.png","datePublished":"2026-02-04T09:37:48+00:00","dateModified":"2026-04-18T21:57:37+00:00","breadcrumb":{"@id":"https:\/\/shop.bantam.ch\/de\/produkt\/organizer-oxford-s-fb-gruen\/#breadcrumb"},"inLanguage":"de","potentialAction":[{"@type":"ReadAction","target":["https:\/\/shop.bantam.ch\/de\/produkt\/organizer-oxford-s-fb-gruen\/"]}]},{"@type":"ImageObject","inLanguage":"de","@id":"https:\/\/shop.bantam.ch\/de\/produkt\/organizer-oxford-s-fb-gruen\/#primaryimage","url":"https:\/\/shop.bantam.ch\/wp-content\/uploads\/2026\/02\/Movera-L-9926657100.png","contentUrl":"https:\/\/shop.bantam.ch\/wp-content\/uploads\/2026\/02\/Movera-L-9926657100.png","width":603,"height":1000},{"@type":"BreadcrumbList","@id":"https:\/\/shop.bantam.ch\/de\/produkt\/organizer-oxford-s-fb-gruen\/#breadcrumb","itemListElement":[{"@type":"ListItem","position":1,"name":"Accueil","item":"https:\/\/shop.bantam.ch\/de\/"},{"@type":"ListItem","position":2,"name":"Shop","item":"https:\/\/shop.bantam.ch\/de\/shop\/"},{"@type":"ListItem","position":3,"name":"Organizer Oxford S Fb. gr\u00fcn"}]},{"@type":"WebSite","@id":"https:\/\/shop.bantam.ch\/de\/#website","url":"https:\/\/shop.bantam.ch\/de\/","name":"Bantam Camping AG","description":"","publisher":{"@id":"https:\/\/shop.bantam.ch\/de\/#organization"},"inLanguage":"de"},{"@type":"Organization","@id":"https:\/\/shop.bantam.ch\/de\/#organization","name":"Bantam Camping AG","url":"https:\/\/shop.bantam.ch\/de\/","logo":{"@type":"ImageObject","inLanguage":"de","@id":"https:\/\/shop.bantam.ch\/de\/#\/schema\/logo\/image\/","url":"https:\/\/shop.bantam.ch\/wp-content\/uploads\/2022\/12\/bantam-logo.png","contentUrl":"https:\/\/shop.bantam.ch\/wp-content\/uploads\/2022\/12\/bantam-logo.png","width":320,"height":71,"caption":"Bantam Camping AG"},"image":{"@id":"https:\/\/shop.bantam.ch\/de\/#\/schema\/logo\/image\/"}}]}},"_links":{"self":[{"href":"https:\/\/shop.bantam.ch\/de\/wp-json\/wp\/v2\/product\/232412","targetHints":{"allow":["GET"]}}],"collection":[{"href":"https:\/\/shop.bantam.ch\/de\/wp-json\/wp\/v2\/product"}],"about":[{"href":"https:\/\/shop.bantam.ch\/de\/wp-json\/wp\/v2\/types\/product"}],"wp:featuredmedia":[{"embeddable":true,"href":"https:\/\/shop.bantam.ch\/de\/wp-json\/wp\/v2\/media\/232402"}],"wp:attachment":[{"href":"https:\/\/shop.bantam.ch\/de\/wp-json\/wp\/v2\/media?parent=232412"}],"wp:term":[{"taxonomy":"product_featured_cat","embeddable":true,"href":"https:\/\/shop.bantam.ch\/de\/wp-json\/wp\/v2\/product_featured_cat?post=232412"},{"taxonomy":"product_brand","embeddable":true,"href":"https:\/\/shop.bantam.ch\/de\/wp-json\/wp\/v2\/product_brand?post=232412"},{"taxonomy":"product_cat","embeddable":true,"href":"https:\/\/shop.bantam.ch\/de\/wp-json\/wp\/v2\/product_cat?post=232412"},{"taxonomy":"product_tag","embeddable":true,"href":"https:\/\/shop.bantam.ch\/de\/wp-json\/wp\/v2\/product_tag?post=232412"}],"curies":[{"name":"wp","href":"https:\/\/api.w.org\/{rel}","templated":true}]}}