{"id":232150,"date":"2026-01-06T18:20:01","date_gmt":"2026-01-06T17:20:01","guid":{"rendered":"https:\/\/shop.bantam.ch\/produit\/rueckfahrvideosystem-camos-mv-730\/"},"modified":"2026-04-20T00:01:07","modified_gmt":"2026-04-19T22:01:07","slug":"rueckfahrvideosystem-camos-mv-730","status":"publish","type":"product","link":"https:\/\/shop.bantam.ch\/de\/produkt\/rueckfahrvideosystem-camos-mv-730\/","title":{"rendered":"R\u00fcckfahrvideosystem Camos MV-730"},"content":{"rendered":"<p>MV-730: Neuartiges Multiview R\u00fcckfahrvideosystem Komplett-Set mit Monitor CM-710 und Kamera CM-5180M HD.<\/p>\n<p>CM-710: Unser neuer 7&#8243;&#8220; Monitor mit hoher Aufl\u00f6sung und Leuchtkraft, bei geringer Blendempfindlichkeit ist der ideale Partner zur Darstellung von Videobildern. Der CM-710 besticht au\u00dferdem durch seine robuste Bauweise und edles Design.<\/p>\n<p>CM-5180M: Diese neue, sehr kompakte Farbkamera ist ein besonderes Multitalent. Durch softwaregest\u00fctzte digitale Bildverarbeitung bietet die CM-5180M, \u00e4hnlich einer Doppellinsenkamera oder einer Tilt, gleich zwei Bilder, bei jedoch nur einer Kamera. So ist bei vorw\u00e4rtiger Fahrt das Bild mit 130\u00b0 Blickwinkel aktiv, um den R\u00fcckw\u00e4rtigen Verkehr zu beobachten. Beim Einlegen des R\u00fcckw\u00e4rtsganges stellt die Kamera auf 160\u00b0 Blickwinkel, die direkt hinter Ihr Fahrzeug schauen, um. So wird auch das Rangieren zur leichtesten \u00dcbung.<br \/>CM-710: Unser neuer 7&#8243;&#8220; Monitor mit hoher Aufl\u00f6sung und Leuchtkraft, bei geringer Blendempfindlichkeit ist der ideale Partner zur Darstellung von Videobildern. Der CM-710 besticht au\u00dferdem durch seine robuste Bauweise und edles Design.<\/p>\n<p>CCM-710<br \/>digitales 7&#8243; TFT LCD Display:<\/p>\n<ul>\n<li>Hohe Aufl\u00f6sung 800&#215;480<\/li>\n<li>Alle Funktionen im Display (OSD)<\/li>\n<li>5 Sprachen ausw\u00e4hlbar (DE, EN, FR, IT, ES)<\/li>\n<li>Ma\u00dfe: 174 x 112 x 29 (B x H x T)<\/li>\n<li>16:9 Bildformat \/ Kontrast 500:1<\/li>\n<li>Helligkeit 400ccd \/ 1 Video Eingang<\/li>\n<\/ul>\n<p>\u00a0<\/p>\n<p>CM-5180M HD<br \/>digitale Multiview Kamera:<\/p>\n<ul>\n<li>2 Modi in 1 Kamera<\/li>\n<li>160\u00b0 Parkmodus<\/li>\n<li>130\u00b0 Fahrmodus<\/li>\n<li>Digitale Bildverarbeitung<\/li>\n<li>Kompaktes Design<\/li>\n<li>Rostfreie Edelstahl-Sonnenblende<\/li>\n<\/ul>\n<p>\u00a0<\/p>\n<p>Ma\u00dfe:<\/p>\n<ul>\n<li>Monitor: 18,7 x 18,7 x 2,65 cm<\/li>\n<li>Kamera: 2,3 x 3,25 cm<\/li>\n<\/ul>\n<p>\u00a0<\/p>\n","protected":false},"excerpt":{"rendered":"<p>MV-730: Neuartiges Multiview R\u00fcckfahrvideosystem Komplett-Set mit Monitor CM-710 und Kamera CM-5180M HD. CM-710: Unser neuer 7&#8243;&#8220; Monitor mit hoher Aufl\u00f6sung und Leuchtkraft, bei geringer Blendempfindlichkeit ist der ideale Partner zur Darstellung von Videobildern. Der CM-710 besticht au\u00dferdem durch seine robuste Bauweise und edles Design. CM-5180M: Diese neue, sehr kompakte Farbkamera ist ein besonderes Multitalent. Durch [&hellip;]<\/p>\n","protected":false},"featured_media":232148,"template":"","meta":{"_acf_changed":false},"product_featured_cat":[],"product_brand":[],"product_cat":[5154],"product_tag":[],"class_list":{"0":"post-232150","1":"product","2":"type-product","3":"status-publish","4":"has-post-thumbnail","6":"product_cat-rueckfahrvideosystem-sets","8":"first","9":"instock","10":"taxable","11":"shipping-taxable","12":"purchasable","13":"product-type-simple"},"acf":[],"yoast_head":"<!-- This site is optimized with the Yoast SEO plugin v27.4 - https:\/\/yoast.com\/product\/yoast-seo-wordpress\/ -->\n<title>R\u00fcckfahrvideosystem Camos MV-730 - Bantam Camping AG<\/title>\n<meta name=\"robots\" content=\"index, follow, max-snippet:-1, max-image-preview:large, max-video-preview:-1\" \/>\n<link rel=\"canonical\" href=\"https:\/\/shop.bantam.ch\/de\/produkt\/rueckfahrvideosystem-camos-mv-730\/\" \/>\n<meta property=\"og:locale\" content=\"de_DE\" \/>\n<meta property=\"og:type\" content=\"article\" \/>\n<meta property=\"og:title\" content=\"R\u00fcckfahrvideosystem Camos MV-730 - Bantam Camping AG\" \/>\n<meta property=\"og:description\" content=\"MV-730: Neuartiges Multiview R\u00fcckfahrvideosystem Komplett-Set mit Monitor CM-710 und Kamera CM-5180M HD. CM-710: Unser neuer 7&#8243;&#8220; Monitor mit hoher Aufl\u00f6sung und Leuchtkraft, bei geringer Blendempfindlichkeit ist der ideale Partner zur Darstellung von Videobildern. Der CM-710 besticht au\u00dferdem durch seine robuste Bauweise und edles Design. CM-5180M: Diese neue, sehr kompakte Farbkamera ist ein besonderes Multitalent. Durch [&hellip;]\" \/>\n<meta property=\"og:url\" content=\"https:\/\/shop.bantam.ch\/de\/produkt\/rueckfahrvideosystem-camos-mv-730\/\" \/>\n<meta property=\"og:site_name\" content=\"Bantam Camping AG\" \/>\n<meta property=\"article:modified_time\" content=\"2026-04-19T22:01:07+00:00\" \/>\n<meta name=\"twitter:card\" content=\"summary_large_image\" \/>\n<meta name=\"twitter:label1\" content=\"Gesch\u00e4tzte Lesezeit\" \/>\n\t<meta name=\"twitter:data1\" content=\"1\u00a0Minute\" \/>\n<script type=\"application\/ld+json\" class=\"yoast-schema-graph\">{\"@context\":\"https:\\\/\\\/schema.org\",\"@graph\":[{\"@type\":\"WebPage\",\"@id\":\"https:\\\/\\\/shop.bantam.ch\\\/de\\\/produkt\\\/rueckfahrvideosystem-camos-mv-730\\\/\",\"url\":\"https:\\\/\\\/shop.bantam.ch\\\/de\\\/produkt\\\/rueckfahrvideosystem-camos-mv-730\\\/\",\"name\":\"R\u00fcckfahrvideosystem Camos MV-730 - Bantam Camping AG\",\"isPartOf\":{\"@id\":\"https:\\\/\\\/shop.bantam.ch\\\/de\\\/#website\"},\"primaryImageOfPage\":{\"@id\":\"https:\\\/\\\/shop.bantam.ch\\\/de\\\/produkt\\\/rueckfahrvideosystem-camos-mv-730\\\/#primaryimage\"},\"image\":{\"@id\":\"https:\\\/\\\/shop.bantam.ch\\\/de\\\/produkt\\\/rueckfahrvideosystem-camos-mv-730\\\/#primaryimage\"},\"thumbnailUrl\":\"https:\\\/\\\/shop.bantam.ch\\\/wp-content\\\/uploads\\\/2026\\\/01\\\/Movera-L-9983657100.jpg\",\"datePublished\":\"2026-01-06T17:20:01+00:00\",\"dateModified\":\"2026-04-19T22:01:07+00:00\",\"breadcrumb\":{\"@id\":\"https:\\\/\\\/shop.bantam.ch\\\/de\\\/produkt\\\/rueckfahrvideosystem-camos-mv-730\\\/#breadcrumb\"},\"inLanguage\":\"de\",\"potentialAction\":[{\"@type\":\"ReadAction\",\"target\":[\"https:\\\/\\\/shop.bantam.ch\\\/de\\\/produkt\\\/rueckfahrvideosystem-camos-mv-730\\\/\"]}]},{\"@type\":\"ImageObject\",\"inLanguage\":\"de\",\"@id\":\"https:\\\/\\\/shop.bantam.ch\\\/de\\\/produkt\\\/rueckfahrvideosystem-camos-mv-730\\\/#primaryimage\",\"url\":\"https:\\\/\\\/shop.bantam.ch\\\/wp-content\\\/uploads\\\/2026\\\/01\\\/Movera-L-9983657100.jpg\",\"contentUrl\":\"https:\\\/\\\/shop.bantam.ch\\\/wp-content\\\/uploads\\\/2026\\\/01\\\/Movera-L-9983657100.jpg\",\"width\":640,\"height\":298},{\"@type\":\"BreadcrumbList\",\"@id\":\"https:\\\/\\\/shop.bantam.ch\\\/de\\\/produkt\\\/rueckfahrvideosystem-camos-mv-730\\\/#breadcrumb\",\"itemListElement\":[{\"@type\":\"ListItem\",\"position\":1,\"name\":\"Accueil\",\"item\":\"https:\\\/\\\/shop.bantam.ch\\\/de\\\/\"},{\"@type\":\"ListItem\",\"position\":2,\"name\":\"Shop\",\"item\":\"https:\\\/\\\/shop.bantam.ch\\\/de\\\/shop\\\/\"},{\"@type\":\"ListItem\",\"position\":3,\"name\":\"R\u00fcckfahrvideosystem Camos MV-730\"}]},{\"@type\":\"WebSite\",\"@id\":\"https:\\\/\\\/shop.bantam.ch\\\/de\\\/#website\",\"url\":\"https:\\\/\\\/shop.bantam.ch\\\/de\\\/\",\"name\":\"Bantam Camping AG\",\"description\":\"\",\"publisher\":{\"@id\":\"https:\\\/\\\/shop.bantam.ch\\\/de\\\/#organization\"},\"inLanguage\":\"de\"},{\"@type\":\"Organization\",\"@id\":\"https:\\\/\\\/shop.bantam.ch\\\/de\\\/#organization\",\"name\":\"Bantam Camping AG\",\"url\":\"https:\\\/\\\/shop.bantam.ch\\\/de\\\/\",\"logo\":{\"@type\":\"ImageObject\",\"inLanguage\":\"de\",\"@id\":\"https:\\\/\\\/shop.bantam.ch\\\/de\\\/#\\\/schema\\\/logo\\\/image\\\/\",\"url\":\"https:\\\/\\\/shop.bantam.ch\\\/wp-content\\\/uploads\\\/2022\\\/12\\\/bantam-logo.png\",\"contentUrl\":\"https:\\\/\\\/shop.bantam.ch\\\/wp-content\\\/uploads\\\/2022\\\/12\\\/bantam-logo.png\",\"width\":320,\"height\":71,\"caption\":\"Bantam Camping AG\"},\"image\":{\"@id\":\"https:\\\/\\\/shop.bantam.ch\\\/de\\\/#\\\/schema\\\/logo\\\/image\\\/\"}}]}<\/script>\n<!-- \/ Yoast SEO plugin. -->","yoast_head_json":{"title":"R\u00fcckfahrvideosystem Camos MV-730 - Bantam Camping AG","robots":{"index":"index","follow":"follow","max-snippet":"max-snippet:-1","max-image-preview":"max-image-preview:large","max-video-preview":"max-video-preview:-1"},"canonical":"https:\/\/shop.bantam.ch\/de\/produkt\/rueckfahrvideosystem-camos-mv-730\/","og_locale":"de_DE","og_type":"article","og_title":"R\u00fcckfahrvideosystem Camos MV-730 - Bantam Camping AG","og_description":"MV-730: Neuartiges Multiview R\u00fcckfahrvideosystem Komplett-Set mit Monitor CM-710 und Kamera CM-5180M HD. CM-710: Unser neuer 7&#8243;&#8220; Monitor mit hoher Aufl\u00f6sung und Leuchtkraft, bei geringer Blendempfindlichkeit ist der ideale Partner zur Darstellung von Videobildern. Der CM-710 besticht au\u00dferdem durch seine robuste Bauweise und edles Design. CM-5180M: Diese neue, sehr kompakte Farbkamera ist ein besonderes Multitalent. Durch [&hellip;]","og_url":"https:\/\/shop.bantam.ch\/de\/produkt\/rueckfahrvideosystem-camos-mv-730\/","og_site_name":"Bantam Camping AG","article_modified_time":"2026-04-19T22:01:07+00:00","twitter_card":"summary_large_image","twitter_misc":{"Gesch\u00e4tzte Lesezeit":"1\u00a0Minute"},"schema":{"@context":"https:\/\/schema.org","@graph":[{"@type":"WebPage","@id":"https:\/\/shop.bantam.ch\/de\/produkt\/rueckfahrvideosystem-camos-mv-730\/","url":"https:\/\/shop.bantam.ch\/de\/produkt\/rueckfahrvideosystem-camos-mv-730\/","name":"R\u00fcckfahrvideosystem Camos MV-730 - Bantam Camping AG","isPartOf":{"@id":"https:\/\/shop.bantam.ch\/de\/#website"},"primaryImageOfPage":{"@id":"https:\/\/shop.bantam.ch\/de\/produkt\/rueckfahrvideosystem-camos-mv-730\/#primaryimage"},"image":{"@id":"https:\/\/shop.bantam.ch\/de\/produkt\/rueckfahrvideosystem-camos-mv-730\/#primaryimage"},"thumbnailUrl":"https:\/\/shop.bantam.ch\/wp-content\/uploads\/2026\/01\/Movera-L-9983657100.jpg","datePublished":"2026-01-06T17:20:01+00:00","dateModified":"2026-04-19T22:01:07+00:00","breadcrumb":{"@id":"https:\/\/shop.bantam.ch\/de\/produkt\/rueckfahrvideosystem-camos-mv-730\/#breadcrumb"},"inLanguage":"de","potentialAction":[{"@type":"ReadAction","target":["https:\/\/shop.bantam.ch\/de\/produkt\/rueckfahrvideosystem-camos-mv-730\/"]}]},{"@type":"ImageObject","inLanguage":"de","@id":"https:\/\/shop.bantam.ch\/de\/produkt\/rueckfahrvideosystem-camos-mv-730\/#primaryimage","url":"https:\/\/shop.bantam.ch\/wp-content\/uploads\/2026\/01\/Movera-L-9983657100.jpg","contentUrl":"https:\/\/shop.bantam.ch\/wp-content\/uploads\/2026\/01\/Movera-L-9983657100.jpg","width":640,"height":298},{"@type":"BreadcrumbList","@id":"https:\/\/shop.bantam.ch\/de\/produkt\/rueckfahrvideosystem-camos-mv-730\/#breadcrumb","itemListElement":[{"@type":"ListItem","position":1,"name":"Accueil","item":"https:\/\/shop.bantam.ch\/de\/"},{"@type":"ListItem","position":2,"name":"Shop","item":"https:\/\/shop.bantam.ch\/de\/shop\/"},{"@type":"ListItem","position":3,"name":"R\u00fcckfahrvideosystem Camos MV-730"}]},{"@type":"WebSite","@id":"https:\/\/shop.bantam.ch\/de\/#website","url":"https:\/\/shop.bantam.ch\/de\/","name":"Bantam Camping AG","description":"","publisher":{"@id":"https:\/\/shop.bantam.ch\/de\/#organization"},"inLanguage":"de"},{"@type":"Organization","@id":"https:\/\/shop.bantam.ch\/de\/#organization","name":"Bantam Camping AG","url":"https:\/\/shop.bantam.ch\/de\/","logo":{"@type":"ImageObject","inLanguage":"de","@id":"https:\/\/shop.bantam.ch\/de\/#\/schema\/logo\/image\/","url":"https:\/\/shop.bantam.ch\/wp-content\/uploads\/2022\/12\/bantam-logo.png","contentUrl":"https:\/\/shop.bantam.ch\/wp-content\/uploads\/2022\/12\/bantam-logo.png","width":320,"height":71,"caption":"Bantam Camping AG"},"image":{"@id":"https:\/\/shop.bantam.ch\/de\/#\/schema\/logo\/image\/"}}]}},"_links":{"self":[{"href":"https:\/\/shop.bantam.ch\/de\/wp-json\/wp\/v2\/product\/232150","targetHints":{"allow":["GET"]}}],"collection":[{"href":"https:\/\/shop.bantam.ch\/de\/wp-json\/wp\/v2\/product"}],"about":[{"href":"https:\/\/shop.bantam.ch\/de\/wp-json\/wp\/v2\/types\/product"}],"wp:featuredmedia":[{"embeddable":true,"href":"https:\/\/shop.bantam.ch\/de\/wp-json\/wp\/v2\/media\/232148"}],"wp:attachment":[{"href":"https:\/\/shop.bantam.ch\/de\/wp-json\/wp\/v2\/media?parent=232150"}],"wp:term":[{"taxonomy":"product_featured_cat","embeddable":true,"href":"https:\/\/shop.bantam.ch\/de\/wp-json\/wp\/v2\/product_featured_cat?post=232150"},{"taxonomy":"product_brand","embeddable":true,"href":"https:\/\/shop.bantam.ch\/de\/wp-json\/wp\/v2\/product_brand?post=232150"},{"taxonomy":"product_cat","embeddable":true,"href":"https:\/\/shop.bantam.ch\/de\/wp-json\/wp\/v2\/product_cat?post=232150"},{"taxonomy":"product_tag","embeddable":true,"href":"https:\/\/shop.bantam.ch\/de\/wp-json\/wp\/v2\/product_tag?post=232150"}],"curies":[{"name":"wp","href":"https:\/\/api.w.org\/{rel}","templated":true}]}}