{"id":232146,"date":"2026-01-06T18:19:53","date_gmt":"2026-01-06T17:19:53","guid":{"rendered":"https:\/\/shop.bantam.ch\/produit\/sonnensegel-outwell-hillcrest-tarp-farbe-green\/"},"modified":"2026-04-17T23:53:49","modified_gmt":"2026-04-17T21:53:49","slug":"sonnensegel-outwell-hillcrest-tarp-farbe-green","status":"publish","type":"product","link":"https:\/\/shop.bantam.ch\/de\/produkt\/sonnensegel-outwell-hillcrest-tarp-farbe-green\/","title":{"rendered":"Sonnensegel Outwell Hillcrest Tarp Farbe green"},"content":{"rendered":"<p>Mit dem vielseitigen Outwell Hillcrest Tarp k\u00f6nnen Outdoor-Fans ihr Fahrzeug schnell und einfach mit wertvollem Sichtschutz und Schutz ausstatten. Es l\u00e4sst sich in den Sickenkanal von Windschutzd\u00e4chern oder direkt an den Fahrzeugschienen befestigen und mit Abspannleinen und Erdn\u00e4geln sichern. Es verwandelt einen einfachen Unterstand schnell in einen praktischen Lebensraum mit Schatten, Schutz und Privatsph\u00e4re f\u00fcr den Innenraum, wenn es auf der T\u00fcrseite verwendet wird. Auf der anderen Seite bietet es Schatten, besonders n\u00fctzlich f\u00fcr den K\u00fchlschrank des Transporters, und schont so die Batterie. Die stabilen \u00d6sen bieten Ihnen die M\u00f6glichkeit, es mit seinen aufrechten Stangen als Vordach auszufahren oder es teilweise aufzurollen, wobei es durch Knebel gesichert wird und dennoch Schutz vor den Elementen bietet. Wenn Sie es mit dem Fallcrest Side Panel Set kombinieren, erhalten Sie noch mehr Schutz und Privatsph\u00e4re.<\/p>\n<ul>\n<li>Caring Choice Produkt. Schritt f\u00fcr Schritt die Umwelt entlasten<\/li>\n<li>Kann an ausfahrbaren und ausrollbaren Markisen oder direkt am Fahrzeug befestigt werden<\/li>\n<li>2 aufrechte Stangen im Lieferumfang enthalten<\/li>\n<li>Geringes Gewicht und kleines Packma\u00df, passt perfekt in die kalifornische Heckklappe<\/li>\n<li>Bietet Schatten, Schutz und Privatsph\u00e4re<\/li>\n<li>Der Winkel zur Markise oder zum Fahrzeug kann eingestellt werden<\/li>\n<li>Kann teilweise oder vollst\u00e4ndig aufgerollt werden<\/li>\n<li>Schnell und einfach anzubringen und abzunehmen<\/li>\n<\/ul>\n<p>Material:<\/p>\n<p>Zelt: 100 % Polyester<br \/>\nGest\u00e4nge: Stahl<\/p>\n<p>\nLieferumfang:<br \/>\nInklusive zwei Stangen<\/p>\n","protected":false},"excerpt":{"rendered":"<p>Mit dem vielseitigen Outwell Hillcrest Tarp k\u00f6nnen Outdoor-Fans ihr Fahrzeug schnell und einfach mit wertvollem Sichtschutz und Schutz ausstatten. Es l\u00e4sst sich in den Sickenkanal von Windschutzd\u00e4chern oder direkt an den Fahrzeugschienen befestigen und mit Abspannleinen und Erdn\u00e4geln sichern. Es verwandelt einen einfachen Unterstand schnell in einen praktischen Lebensraum mit Schatten, Schutz und Privatsph\u00e4re f\u00fcr [&hellip;]<\/p>\n","protected":false},"featured_media":232136,"template":"","meta":{"_acf_changed":false},"product_featured_cat":[],"product_brand":[],"product_cat":[4252],"product_tag":[],"class_list":{"0":"post-232146","1":"product","2":"type-product","3":"status-publish","4":"has-post-thumbnail","6":"product_cat-sonnensegel-fuer-campingfahrzeuge","8":"first","9":"instock","10":"taxable","11":"shipping-taxable","12":"purchasable","13":"product-type-simple"},"acf":[],"yoast_head":"<!-- This site is optimized with the Yoast SEO plugin v27.4 - https:\/\/yoast.com\/product\/yoast-seo-wordpress\/ -->\n<title>Sonnensegel Outwell Hillcrest Tarp Farbe green - Bantam Camping AG<\/title>\n<meta name=\"robots\" content=\"index, follow, max-snippet:-1, max-image-preview:large, max-video-preview:-1\" \/>\n<link rel=\"canonical\" href=\"https:\/\/shop.bantam.ch\/de\/produkt\/sonnensegel-outwell-hillcrest-tarp-farbe-green\/\" \/>\n<meta property=\"og:locale\" content=\"de_DE\" \/>\n<meta property=\"og:type\" content=\"article\" \/>\n<meta property=\"og:title\" content=\"Sonnensegel Outwell Hillcrest Tarp Farbe green - Bantam Camping AG\" \/>\n<meta property=\"og:description\" content=\"Mit dem vielseitigen Outwell Hillcrest Tarp k\u00f6nnen Outdoor-Fans ihr Fahrzeug schnell und einfach mit wertvollem Sichtschutz und Schutz ausstatten. Es l\u00e4sst sich in den Sickenkanal von Windschutzd\u00e4chern oder direkt an den Fahrzeugschienen befestigen und mit Abspannleinen und Erdn\u00e4geln sichern. Es verwandelt einen einfachen Unterstand schnell in einen praktischen Lebensraum mit Schatten, Schutz und Privatsph\u00e4re f\u00fcr [&hellip;]\" \/>\n<meta property=\"og:url\" content=\"https:\/\/shop.bantam.ch\/de\/produkt\/sonnensegel-outwell-hillcrest-tarp-farbe-green\/\" \/>\n<meta property=\"og:site_name\" content=\"Bantam Camping AG\" \/>\n<meta property=\"article:modified_time\" content=\"2026-04-17T21:53:49+00:00\" \/>\n<meta name=\"twitter:card\" content=\"summary_large_image\" \/>\n<meta name=\"twitter:label1\" content=\"Gesch\u00e4tzte Lesezeit\" \/>\n\t<meta name=\"twitter:data1\" content=\"1\u00a0Minute\" \/>\n<script type=\"application\/ld+json\" class=\"yoast-schema-graph\">{\"@context\":\"https:\\\/\\\/schema.org\",\"@graph\":[{\"@type\":\"WebPage\",\"@id\":\"https:\\\/\\\/shop.bantam.ch\\\/de\\\/produkt\\\/sonnensegel-outwell-hillcrest-tarp-farbe-green\\\/\",\"url\":\"https:\\\/\\\/shop.bantam.ch\\\/de\\\/produkt\\\/sonnensegel-outwell-hillcrest-tarp-farbe-green\\\/\",\"name\":\"Sonnensegel Outwell Hillcrest Tarp Farbe green - Bantam Camping AG\",\"isPartOf\":{\"@id\":\"https:\\\/\\\/shop.bantam.ch\\\/de\\\/#website\"},\"primaryImageOfPage\":{\"@id\":\"https:\\\/\\\/shop.bantam.ch\\\/de\\\/produkt\\\/sonnensegel-outwell-hillcrest-tarp-farbe-green\\\/#primaryimage\"},\"image\":{\"@id\":\"https:\\\/\\\/shop.bantam.ch\\\/de\\\/produkt\\\/sonnensegel-outwell-hillcrest-tarp-farbe-green\\\/#primaryimage\"},\"thumbnailUrl\":\"https:\\\/\\\/shop.bantam.ch\\\/wp-content\\\/uploads\\\/2026\\\/01\\\/Movera-L-9971054100.jpg\",\"datePublished\":\"2026-01-06T17:19:53+00:00\",\"dateModified\":\"2026-04-17T21:53:49+00:00\",\"breadcrumb\":{\"@id\":\"https:\\\/\\\/shop.bantam.ch\\\/de\\\/produkt\\\/sonnensegel-outwell-hillcrest-tarp-farbe-green\\\/#breadcrumb\"},\"inLanguage\":\"de\",\"potentialAction\":[{\"@type\":\"ReadAction\",\"target\":[\"https:\\\/\\\/shop.bantam.ch\\\/de\\\/produkt\\\/sonnensegel-outwell-hillcrest-tarp-farbe-green\\\/\"]}]},{\"@type\":\"ImageObject\",\"inLanguage\":\"de\",\"@id\":\"https:\\\/\\\/shop.bantam.ch\\\/de\\\/produkt\\\/sonnensegel-outwell-hillcrest-tarp-farbe-green\\\/#primaryimage\",\"url\":\"https:\\\/\\\/shop.bantam.ch\\\/wp-content\\\/uploads\\\/2026\\\/01\\\/Movera-L-9971054100.jpg\",\"contentUrl\":\"https:\\\/\\\/shop.bantam.ch\\\/wp-content\\\/uploads\\\/2026\\\/01\\\/Movera-L-9971054100.jpg\",\"width\":640,\"height\":360},{\"@type\":\"BreadcrumbList\",\"@id\":\"https:\\\/\\\/shop.bantam.ch\\\/de\\\/produkt\\\/sonnensegel-outwell-hillcrest-tarp-farbe-green\\\/#breadcrumb\",\"itemListElement\":[{\"@type\":\"ListItem\",\"position\":1,\"name\":\"Accueil\",\"item\":\"https:\\\/\\\/shop.bantam.ch\\\/de\\\/\"},{\"@type\":\"ListItem\",\"position\":2,\"name\":\"Shop\",\"item\":\"https:\\\/\\\/shop.bantam.ch\\\/de\\\/shop\\\/\"},{\"@type\":\"ListItem\",\"position\":3,\"name\":\"Sonnensegel Outwell Hillcrest Tarp Farbe green\"}]},{\"@type\":\"WebSite\",\"@id\":\"https:\\\/\\\/shop.bantam.ch\\\/de\\\/#website\",\"url\":\"https:\\\/\\\/shop.bantam.ch\\\/de\\\/\",\"name\":\"Bantam Camping AG\",\"description\":\"\",\"publisher\":{\"@id\":\"https:\\\/\\\/shop.bantam.ch\\\/de\\\/#organization\"},\"inLanguage\":\"de\"},{\"@type\":\"Organization\",\"@id\":\"https:\\\/\\\/shop.bantam.ch\\\/de\\\/#organization\",\"name\":\"Bantam Camping AG\",\"url\":\"https:\\\/\\\/shop.bantam.ch\\\/de\\\/\",\"logo\":{\"@type\":\"ImageObject\",\"inLanguage\":\"de\",\"@id\":\"https:\\\/\\\/shop.bantam.ch\\\/de\\\/#\\\/schema\\\/logo\\\/image\\\/\",\"url\":\"https:\\\/\\\/shop.bantam.ch\\\/wp-content\\\/uploads\\\/2022\\\/12\\\/bantam-logo.png\",\"contentUrl\":\"https:\\\/\\\/shop.bantam.ch\\\/wp-content\\\/uploads\\\/2022\\\/12\\\/bantam-logo.png\",\"width\":320,\"height\":71,\"caption\":\"Bantam Camping AG\"},\"image\":{\"@id\":\"https:\\\/\\\/shop.bantam.ch\\\/de\\\/#\\\/schema\\\/logo\\\/image\\\/\"}}]}<\/script>\n<!-- \/ Yoast SEO plugin. -->","yoast_head_json":{"title":"Sonnensegel Outwell Hillcrest Tarp Farbe green - Bantam Camping AG","robots":{"index":"index","follow":"follow","max-snippet":"max-snippet:-1","max-image-preview":"max-image-preview:large","max-video-preview":"max-video-preview:-1"},"canonical":"https:\/\/shop.bantam.ch\/de\/produkt\/sonnensegel-outwell-hillcrest-tarp-farbe-green\/","og_locale":"de_DE","og_type":"article","og_title":"Sonnensegel Outwell Hillcrest Tarp Farbe green - Bantam Camping AG","og_description":"Mit dem vielseitigen Outwell Hillcrest Tarp k\u00f6nnen Outdoor-Fans ihr Fahrzeug schnell und einfach mit wertvollem Sichtschutz und Schutz ausstatten. Es l\u00e4sst sich in den Sickenkanal von Windschutzd\u00e4chern oder direkt an den Fahrzeugschienen befestigen und mit Abspannleinen und Erdn\u00e4geln sichern. Es verwandelt einen einfachen Unterstand schnell in einen praktischen Lebensraum mit Schatten, Schutz und Privatsph\u00e4re f\u00fcr [&hellip;]","og_url":"https:\/\/shop.bantam.ch\/de\/produkt\/sonnensegel-outwell-hillcrest-tarp-farbe-green\/","og_site_name":"Bantam Camping AG","article_modified_time":"2026-04-17T21:53:49+00:00","twitter_card":"summary_large_image","twitter_misc":{"Gesch\u00e4tzte Lesezeit":"1\u00a0Minute"},"schema":{"@context":"https:\/\/schema.org","@graph":[{"@type":"WebPage","@id":"https:\/\/shop.bantam.ch\/de\/produkt\/sonnensegel-outwell-hillcrest-tarp-farbe-green\/","url":"https:\/\/shop.bantam.ch\/de\/produkt\/sonnensegel-outwell-hillcrest-tarp-farbe-green\/","name":"Sonnensegel Outwell Hillcrest Tarp Farbe green - Bantam Camping AG","isPartOf":{"@id":"https:\/\/shop.bantam.ch\/de\/#website"},"primaryImageOfPage":{"@id":"https:\/\/shop.bantam.ch\/de\/produkt\/sonnensegel-outwell-hillcrest-tarp-farbe-green\/#primaryimage"},"image":{"@id":"https:\/\/shop.bantam.ch\/de\/produkt\/sonnensegel-outwell-hillcrest-tarp-farbe-green\/#primaryimage"},"thumbnailUrl":"https:\/\/shop.bantam.ch\/wp-content\/uploads\/2026\/01\/Movera-L-9971054100.jpg","datePublished":"2026-01-06T17:19:53+00:00","dateModified":"2026-04-17T21:53:49+00:00","breadcrumb":{"@id":"https:\/\/shop.bantam.ch\/de\/produkt\/sonnensegel-outwell-hillcrest-tarp-farbe-green\/#breadcrumb"},"inLanguage":"de","potentialAction":[{"@type":"ReadAction","target":["https:\/\/shop.bantam.ch\/de\/produkt\/sonnensegel-outwell-hillcrest-tarp-farbe-green\/"]}]},{"@type":"ImageObject","inLanguage":"de","@id":"https:\/\/shop.bantam.ch\/de\/produkt\/sonnensegel-outwell-hillcrest-tarp-farbe-green\/#primaryimage","url":"https:\/\/shop.bantam.ch\/wp-content\/uploads\/2026\/01\/Movera-L-9971054100.jpg","contentUrl":"https:\/\/shop.bantam.ch\/wp-content\/uploads\/2026\/01\/Movera-L-9971054100.jpg","width":640,"height":360},{"@type":"BreadcrumbList","@id":"https:\/\/shop.bantam.ch\/de\/produkt\/sonnensegel-outwell-hillcrest-tarp-farbe-green\/#breadcrumb","itemListElement":[{"@type":"ListItem","position":1,"name":"Accueil","item":"https:\/\/shop.bantam.ch\/de\/"},{"@type":"ListItem","position":2,"name":"Shop","item":"https:\/\/shop.bantam.ch\/de\/shop\/"},{"@type":"ListItem","position":3,"name":"Sonnensegel Outwell Hillcrest Tarp Farbe green"}]},{"@type":"WebSite","@id":"https:\/\/shop.bantam.ch\/de\/#website","url":"https:\/\/shop.bantam.ch\/de\/","name":"Bantam Camping AG","description":"","publisher":{"@id":"https:\/\/shop.bantam.ch\/de\/#organization"},"inLanguage":"de"},{"@type":"Organization","@id":"https:\/\/shop.bantam.ch\/de\/#organization","name":"Bantam Camping AG","url":"https:\/\/shop.bantam.ch\/de\/","logo":{"@type":"ImageObject","inLanguage":"de","@id":"https:\/\/shop.bantam.ch\/de\/#\/schema\/logo\/image\/","url":"https:\/\/shop.bantam.ch\/wp-content\/uploads\/2022\/12\/bantam-logo.png","contentUrl":"https:\/\/shop.bantam.ch\/wp-content\/uploads\/2022\/12\/bantam-logo.png","width":320,"height":71,"caption":"Bantam Camping AG"},"image":{"@id":"https:\/\/shop.bantam.ch\/de\/#\/schema\/logo\/image\/"}}]}},"_links":{"self":[{"href":"https:\/\/shop.bantam.ch\/de\/wp-json\/wp\/v2\/product\/232146","targetHints":{"allow":["GET"]}}],"collection":[{"href":"https:\/\/shop.bantam.ch\/de\/wp-json\/wp\/v2\/product"}],"about":[{"href":"https:\/\/shop.bantam.ch\/de\/wp-json\/wp\/v2\/types\/product"}],"wp:featuredmedia":[{"embeddable":true,"href":"https:\/\/shop.bantam.ch\/de\/wp-json\/wp\/v2\/media\/232136"}],"wp:attachment":[{"href":"https:\/\/shop.bantam.ch\/de\/wp-json\/wp\/v2\/media?parent=232146"}],"wp:term":[{"taxonomy":"product_featured_cat","embeddable":true,"href":"https:\/\/shop.bantam.ch\/de\/wp-json\/wp\/v2\/product_featured_cat?post=232146"},{"taxonomy":"product_brand","embeddable":true,"href":"https:\/\/shop.bantam.ch\/de\/wp-json\/wp\/v2\/product_brand?post=232146"},{"taxonomy":"product_cat","embeddable":true,"href":"https:\/\/shop.bantam.ch\/de\/wp-json\/wp\/v2\/product_cat?post=232146"},{"taxonomy":"product_tag","embeddable":true,"href":"https:\/\/shop.bantam.ch\/de\/wp-json\/wp\/v2\/product_tag?post=232146"}],"curies":[{"name":"wp","href":"https:\/\/api.w.org\/{rel}","templated":true}]}}