{"id":232134,"date":"2026-01-06T18:19:45","date_gmt":"2026-01-06T17:19:45","guid":{"rendered":"https:\/\/shop.bantam.ch\/produit\/camper-guide-marco-polo-suedfrankreich-ardeche-cevennen-languedoc\/"},"modified":"2026-04-20T00:01:00","modified_gmt":"2026-04-19T22:01:00","slug":"camper-guide-marco-polo-suedfrankreich-ardeche-cevennen-languedoc","status":"publish","type":"product","link":"https:\/\/shop.bantam.ch\/de\/produkt\/camper-guide-marco-polo-suedfrankreich-ardeche-cevennen-languedoc\/","title":{"rendered":"Camper Guide MARCO POLO S\u00fcdfrankreich: Ard\u00e8che- Cevennen-Languedoc"},"content":{"rendered":"<p>Die Marco Polo-Reiseexpertise gepaart mit den Tipps der PaulCamper-Experten ergeben Campingtourenguides, die es den Reisenden einfach machen: Tourenbeschreibung und Reisef\u00fchrer in einem! Das erste Kapitel Das Beste zuerst enth\u00e4lt ein Best of Campingpl\u00e4tze, Entdecke die Region, Infos zu Essen &amp; Trinken und Trend- und Funsport-Vorschl\u00e4ge. Das folgende Kapitel beinhaltet die Tourenvorschl\u00e4ge. Pro Guide gibt es f\u00fcnf bis acht Routen zu entdecken. Die besten Spots zum Shoppen, Essen und Ausgehen sowie Fotostopps und Campingpl\u00e4tze sind enthalten. Ob abgelegener Platz mit viel Ruhe, Action und Trubel oder mit Kind und Hund \u2013 im neuen Camper Guide ist f\u00fcr jeden Reisenden der passende Campingplatz dabei. Mix and Match: Die Touren lassen sich durch das Baukastenprinzip individuell anpassen und variieren. Die Spots k\u00f6nnen nach Belieben zusammengestellt und so neben langen Reisen auch k\u00fcrzere Wochenendausfl\u00fcge geplant werden. Dank der \u00fcbersichtlich gestalteten Karten hat der Leser w\u00e4hrend der Anreise oder vor Ort immer die besten Etappen, Zwischenstopps und Spots im Blick. Auch GPS-Tracks sind enthalten und helfen im Stra\u00dfendschungel weiter. Auf die Touren folgt das Kapitel Planen \u2013 Packen \u2013 Losfahren. Gut zu wissen beinhaltet Basics von A wie Anreise bis W wie WLAN, Ausk\u00fcnfte zu Festen &amp; Events und Checklisten von PaulCamper. Diese garantieren, dass alles dabei ist, was man auch wirklich braucht. Und falls die Kinder quengeln gibt es Spieletipps f\u00fcr unterwegs. Abgerundet wird das Kapitel mit dem Urlaubsfeeling. Platz f\u00fcr Notizen findet sich genauso wie der beliebte Fettn\u00e4pfchenvermeider Blo\u00df nicht! am Ende des Guides. Durch die gewohnte Kompaktheit der Marco Polo F\u00fchrer sind die Camper Guides \u00fcbersichtlich und unkompliziert. Das Urlaubsfeeling ist ab Seite eins zu sp\u00fcren und auch das Motto \u201eReisebuddy statt Reisef\u00fchrer\u201c zieht sich dank stylischem Layout und lockerer Du-Ansprache durch jeden Band. Die beliebten Marco Polo Insider-Tipps und die Profi-Tricks der PaulCamper-Experten runden die Guides ab und machen sie zu einem guten Begleiter f\u00fcr die n\u00e4chste Campingtour.<\/p>\n","protected":false},"excerpt":{"rendered":"<p>Die Marco Polo-Reiseexpertise gepaart mit den Tipps der PaulCamper-Experten ergeben Campingtourenguides, die es den Reisenden einfach machen: Tourenbeschreibung und Reisef\u00fchrer in einem! Das erste Kapitel Das Beste zuerst enth\u00e4lt ein Best of Campingpl\u00e4tze, Entdecke die Region, Infos zu Essen &amp; Trinken und Trend- und Funsport-Vorschl\u00e4ge. Das folgende Kapitel beinhaltet die Tourenvorschl\u00e4ge. Pro Guide gibt es [&hellip;]<\/p>\n","protected":false},"featured_media":232132,"template":"","meta":{"_acf_changed":false},"product_featured_cat":[],"product_brand":[],"product_cat":[4346],"product_tag":[],"class_list":{"0":"post-232134","1":"product","2":"type-product","3":"status-publish","4":"has-post-thumbnail","6":"product_cat-stellplatzfuehrer","8":"first","9":"instock","10":"taxable","11":"shipping-taxable","12":"purchasable","13":"product-type-simple"},"acf":[],"yoast_head":"<!-- This site is optimized with the Yoast SEO plugin v27.4 - https:\/\/yoast.com\/product\/yoast-seo-wordpress\/ -->\n<title>Camper Guide MARCO POLO S\u00fcdfrankreich: Ard\u00e8che- Cevennen-Languedoc - Bantam Camping AG<\/title>\n<meta name=\"robots\" content=\"index, follow, max-snippet:-1, max-image-preview:large, max-video-preview:-1\" \/>\n<link rel=\"canonical\" href=\"https:\/\/shop.bantam.ch\/de\/produkt\/camper-guide-marco-polo-suedfrankreich-ardeche-cevennen-languedoc\/\" \/>\n<meta property=\"og:locale\" content=\"de_DE\" \/>\n<meta property=\"og:type\" content=\"article\" \/>\n<meta property=\"og:title\" content=\"Camper Guide MARCO POLO S\u00fcdfrankreich: Ard\u00e8che- Cevennen-Languedoc - Bantam Camping AG\" \/>\n<meta property=\"og:description\" content=\"Die Marco Polo-Reiseexpertise gepaart mit den Tipps der PaulCamper-Experten ergeben Campingtourenguides, die es den Reisenden einfach machen: Tourenbeschreibung und Reisef\u00fchrer in einem! Das erste Kapitel Das Beste zuerst enth\u00e4lt ein Best of Campingpl\u00e4tze, Entdecke die Region, Infos zu Essen &amp; Trinken und Trend- und Funsport-Vorschl\u00e4ge. Das folgende Kapitel beinhaltet die Tourenvorschl\u00e4ge. Pro Guide gibt es [&hellip;]\" \/>\n<meta property=\"og:url\" content=\"https:\/\/shop.bantam.ch\/de\/produkt\/camper-guide-marco-polo-suedfrankreich-ardeche-cevennen-languedoc\/\" \/>\n<meta property=\"og:site_name\" content=\"Bantam Camping AG\" \/>\n<meta property=\"article:modified_time\" content=\"2026-04-19T22:01:00+00:00\" \/>\n<meta name=\"twitter:card\" content=\"summary_large_image\" \/>\n<meta name=\"twitter:label1\" content=\"Gesch\u00e4tzte Lesezeit\" \/>\n\t<meta name=\"twitter:data1\" content=\"2\u00a0Minuten\" \/>\n<script type=\"application\/ld+json\" class=\"yoast-schema-graph\">{\"@context\":\"https:\\\/\\\/schema.org\",\"@graph\":[{\"@type\":\"WebPage\",\"@id\":\"https:\\\/\\\/shop.bantam.ch\\\/de\\\/produkt\\\/camper-guide-marco-polo-suedfrankreich-ardeche-cevennen-languedoc\\\/\",\"url\":\"https:\\\/\\\/shop.bantam.ch\\\/de\\\/produkt\\\/camper-guide-marco-polo-suedfrankreich-ardeche-cevennen-languedoc\\\/\",\"name\":\"Camper Guide MARCO POLO S\u00fcdfrankreich: Ard\u00e8che- Cevennen-Languedoc - Bantam Camping AG\",\"isPartOf\":{\"@id\":\"https:\\\/\\\/shop.bantam.ch\\\/de\\\/#website\"},\"primaryImageOfPage\":{\"@id\":\"https:\\\/\\\/shop.bantam.ch\\\/de\\\/produkt\\\/camper-guide-marco-polo-suedfrankreich-ardeche-cevennen-languedoc\\\/#primaryimage\"},\"image\":{\"@id\":\"https:\\\/\\\/shop.bantam.ch\\\/de\\\/produkt\\\/camper-guide-marco-polo-suedfrankreich-ardeche-cevennen-languedoc\\\/#primaryimage\"},\"thumbnailUrl\":\"https:\\\/\\\/shop.bantam.ch\\\/wp-content\\\/uploads\\\/2026\\\/01\\\/Movera-L-9962461100.jpg\",\"datePublished\":\"2026-01-06T17:19:45+00:00\",\"dateModified\":\"2026-04-19T22:01:00+00:00\",\"breadcrumb\":{\"@id\":\"https:\\\/\\\/shop.bantam.ch\\\/de\\\/produkt\\\/camper-guide-marco-polo-suedfrankreich-ardeche-cevennen-languedoc\\\/#breadcrumb\"},\"inLanguage\":\"de\",\"potentialAction\":[{\"@type\":\"ReadAction\",\"target\":[\"https:\\\/\\\/shop.bantam.ch\\\/de\\\/produkt\\\/camper-guide-marco-polo-suedfrankreich-ardeche-cevennen-languedoc\\\/\"]}]},{\"@type\":\"ImageObject\",\"inLanguage\":\"de\",\"@id\":\"https:\\\/\\\/shop.bantam.ch\\\/de\\\/produkt\\\/camper-guide-marco-polo-suedfrankreich-ardeche-cevennen-languedoc\\\/#primaryimage\",\"url\":\"https:\\\/\\\/shop.bantam.ch\\\/wp-content\\\/uploads\\\/2026\\\/01\\\/Movera-L-9962461100.jpg\",\"contentUrl\":\"https:\\\/\\\/shop.bantam.ch\\\/wp-content\\\/uploads\\\/2026\\\/01\\\/Movera-L-9962461100.jpg\",\"width\":640,\"height\":919},{\"@type\":\"BreadcrumbList\",\"@id\":\"https:\\\/\\\/shop.bantam.ch\\\/de\\\/produkt\\\/camper-guide-marco-polo-suedfrankreich-ardeche-cevennen-languedoc\\\/#breadcrumb\",\"itemListElement\":[{\"@type\":\"ListItem\",\"position\":1,\"name\":\"Accueil\",\"item\":\"https:\\\/\\\/shop.bantam.ch\\\/de\\\/\"},{\"@type\":\"ListItem\",\"position\":2,\"name\":\"Shop\",\"item\":\"https:\\\/\\\/shop.bantam.ch\\\/de\\\/shop\\\/\"},{\"@type\":\"ListItem\",\"position\":3,\"name\":\"Camper Guide MARCO POLO S\u00fcdfrankreich: Ard\u00e8che- Cevennen-Languedoc\"}]},{\"@type\":\"WebSite\",\"@id\":\"https:\\\/\\\/shop.bantam.ch\\\/de\\\/#website\",\"url\":\"https:\\\/\\\/shop.bantam.ch\\\/de\\\/\",\"name\":\"Bantam Camping AG\",\"description\":\"\",\"publisher\":{\"@id\":\"https:\\\/\\\/shop.bantam.ch\\\/de\\\/#organization\"},\"inLanguage\":\"de\"},{\"@type\":\"Organization\",\"@id\":\"https:\\\/\\\/shop.bantam.ch\\\/de\\\/#organization\",\"name\":\"Bantam Camping AG\",\"url\":\"https:\\\/\\\/shop.bantam.ch\\\/de\\\/\",\"logo\":{\"@type\":\"ImageObject\",\"inLanguage\":\"de\",\"@id\":\"https:\\\/\\\/shop.bantam.ch\\\/de\\\/#\\\/schema\\\/logo\\\/image\\\/\",\"url\":\"https:\\\/\\\/shop.bantam.ch\\\/wp-content\\\/uploads\\\/2022\\\/12\\\/bantam-logo.png\",\"contentUrl\":\"https:\\\/\\\/shop.bantam.ch\\\/wp-content\\\/uploads\\\/2022\\\/12\\\/bantam-logo.png\",\"width\":320,\"height\":71,\"caption\":\"Bantam Camping AG\"},\"image\":{\"@id\":\"https:\\\/\\\/shop.bantam.ch\\\/de\\\/#\\\/schema\\\/logo\\\/image\\\/\"}}]}<\/script>\n<!-- \/ Yoast SEO plugin. -->","yoast_head_json":{"title":"Camper Guide MARCO POLO S\u00fcdfrankreich: Ard\u00e8che- Cevennen-Languedoc - Bantam Camping AG","robots":{"index":"index","follow":"follow","max-snippet":"max-snippet:-1","max-image-preview":"max-image-preview:large","max-video-preview":"max-video-preview:-1"},"canonical":"https:\/\/shop.bantam.ch\/de\/produkt\/camper-guide-marco-polo-suedfrankreich-ardeche-cevennen-languedoc\/","og_locale":"de_DE","og_type":"article","og_title":"Camper Guide MARCO POLO S\u00fcdfrankreich: Ard\u00e8che- Cevennen-Languedoc - Bantam Camping AG","og_description":"Die Marco Polo-Reiseexpertise gepaart mit den Tipps der PaulCamper-Experten ergeben Campingtourenguides, die es den Reisenden einfach machen: Tourenbeschreibung und Reisef\u00fchrer in einem! Das erste Kapitel Das Beste zuerst enth\u00e4lt ein Best of Campingpl\u00e4tze, Entdecke die Region, Infos zu Essen &amp; Trinken und Trend- und Funsport-Vorschl\u00e4ge. Das folgende Kapitel beinhaltet die Tourenvorschl\u00e4ge. Pro Guide gibt es [&hellip;]","og_url":"https:\/\/shop.bantam.ch\/de\/produkt\/camper-guide-marco-polo-suedfrankreich-ardeche-cevennen-languedoc\/","og_site_name":"Bantam Camping AG","article_modified_time":"2026-04-19T22:01:00+00:00","twitter_card":"summary_large_image","twitter_misc":{"Gesch\u00e4tzte Lesezeit":"2\u00a0Minuten"},"schema":{"@context":"https:\/\/schema.org","@graph":[{"@type":"WebPage","@id":"https:\/\/shop.bantam.ch\/de\/produkt\/camper-guide-marco-polo-suedfrankreich-ardeche-cevennen-languedoc\/","url":"https:\/\/shop.bantam.ch\/de\/produkt\/camper-guide-marco-polo-suedfrankreich-ardeche-cevennen-languedoc\/","name":"Camper Guide MARCO POLO S\u00fcdfrankreich: Ard\u00e8che- Cevennen-Languedoc - Bantam Camping AG","isPartOf":{"@id":"https:\/\/shop.bantam.ch\/de\/#website"},"primaryImageOfPage":{"@id":"https:\/\/shop.bantam.ch\/de\/produkt\/camper-guide-marco-polo-suedfrankreich-ardeche-cevennen-languedoc\/#primaryimage"},"image":{"@id":"https:\/\/shop.bantam.ch\/de\/produkt\/camper-guide-marco-polo-suedfrankreich-ardeche-cevennen-languedoc\/#primaryimage"},"thumbnailUrl":"https:\/\/shop.bantam.ch\/wp-content\/uploads\/2026\/01\/Movera-L-9962461100.jpg","datePublished":"2026-01-06T17:19:45+00:00","dateModified":"2026-04-19T22:01:00+00:00","breadcrumb":{"@id":"https:\/\/shop.bantam.ch\/de\/produkt\/camper-guide-marco-polo-suedfrankreich-ardeche-cevennen-languedoc\/#breadcrumb"},"inLanguage":"de","potentialAction":[{"@type":"ReadAction","target":["https:\/\/shop.bantam.ch\/de\/produkt\/camper-guide-marco-polo-suedfrankreich-ardeche-cevennen-languedoc\/"]}]},{"@type":"ImageObject","inLanguage":"de","@id":"https:\/\/shop.bantam.ch\/de\/produkt\/camper-guide-marco-polo-suedfrankreich-ardeche-cevennen-languedoc\/#primaryimage","url":"https:\/\/shop.bantam.ch\/wp-content\/uploads\/2026\/01\/Movera-L-9962461100.jpg","contentUrl":"https:\/\/shop.bantam.ch\/wp-content\/uploads\/2026\/01\/Movera-L-9962461100.jpg","width":640,"height":919},{"@type":"BreadcrumbList","@id":"https:\/\/shop.bantam.ch\/de\/produkt\/camper-guide-marco-polo-suedfrankreich-ardeche-cevennen-languedoc\/#breadcrumb","itemListElement":[{"@type":"ListItem","position":1,"name":"Accueil","item":"https:\/\/shop.bantam.ch\/de\/"},{"@type":"ListItem","position":2,"name":"Shop","item":"https:\/\/shop.bantam.ch\/de\/shop\/"},{"@type":"ListItem","position":3,"name":"Camper Guide MARCO POLO S\u00fcdfrankreich: Ard\u00e8che- Cevennen-Languedoc"}]},{"@type":"WebSite","@id":"https:\/\/shop.bantam.ch\/de\/#website","url":"https:\/\/shop.bantam.ch\/de\/","name":"Bantam Camping AG","description":"","publisher":{"@id":"https:\/\/shop.bantam.ch\/de\/#organization"},"inLanguage":"de"},{"@type":"Organization","@id":"https:\/\/shop.bantam.ch\/de\/#organization","name":"Bantam Camping AG","url":"https:\/\/shop.bantam.ch\/de\/","logo":{"@type":"ImageObject","inLanguage":"de","@id":"https:\/\/shop.bantam.ch\/de\/#\/schema\/logo\/image\/","url":"https:\/\/shop.bantam.ch\/wp-content\/uploads\/2022\/12\/bantam-logo.png","contentUrl":"https:\/\/shop.bantam.ch\/wp-content\/uploads\/2022\/12\/bantam-logo.png","width":320,"height":71,"caption":"Bantam Camping AG"},"image":{"@id":"https:\/\/shop.bantam.ch\/de\/#\/schema\/logo\/image\/"}}]}},"_links":{"self":[{"href":"https:\/\/shop.bantam.ch\/de\/wp-json\/wp\/v2\/product\/232134","targetHints":{"allow":["GET"]}}],"collection":[{"href":"https:\/\/shop.bantam.ch\/de\/wp-json\/wp\/v2\/product"}],"about":[{"href":"https:\/\/shop.bantam.ch\/de\/wp-json\/wp\/v2\/types\/product"}],"wp:featuredmedia":[{"embeddable":true,"href":"https:\/\/shop.bantam.ch\/de\/wp-json\/wp\/v2\/media\/232132"}],"wp:attachment":[{"href":"https:\/\/shop.bantam.ch\/de\/wp-json\/wp\/v2\/media?parent=232134"}],"wp:term":[{"taxonomy":"product_featured_cat","embeddable":true,"href":"https:\/\/shop.bantam.ch\/de\/wp-json\/wp\/v2\/product_featured_cat?post=232134"},{"taxonomy":"product_brand","embeddable":true,"href":"https:\/\/shop.bantam.ch\/de\/wp-json\/wp\/v2\/product_brand?post=232134"},{"taxonomy":"product_cat","embeddable":true,"href":"https:\/\/shop.bantam.ch\/de\/wp-json\/wp\/v2\/product_cat?post=232134"},{"taxonomy":"product_tag","embeddable":true,"href":"https:\/\/shop.bantam.ch\/de\/wp-json\/wp\/v2\/product_tag?post=232134"}],"curies":[{"name":"wp","href":"https:\/\/api.w.org\/{rel}","templated":true}]}}