{"id":232118,"date":"2026-01-06T18:19:21","date_gmt":"2026-01-06T17:19:21","guid":{"rendered":"https:\/\/shop.bantam.ch\/produit\/stellplatzfuehrer-doldemedien-wellness-mit-dem-wohnmobil\/"},"modified":"2026-04-20T00:00:54","modified_gmt":"2026-04-19T22:00:54","slug":"stellplatzfuehrer-doldemedien-wellness-mit-dem-wohnmobil","status":"publish","type":"product","link":"https:\/\/shop.bantam.ch\/de\/produkt\/stellplatzfuehrer-doldemedien-wellness-mit-dem-wohnmobil\/","title":{"rendered":"Stellplatzf\u00fchrer DoldeMedien Wellness mit dem Wohnmobil"},"content":{"rendered":"<p>Herrlich: Im warmen Wasser entspannen, den Stress des Alltags hinter sich lassen und dann im gewohnten Bett des eigenen Wohnmobils \u00fcbernachten. Die neue Auflage des Stellplatzf\u00fchrers &#8222;Wellness mit dem Wohnmobil&#8220; pr\u00e4sentiert mehr als 120 Thermen, die einen Reisemobilstellplatz betreiben oder einen \u00dcbernachtungsplatz in h\u00f6chstens f\u00fcnf Kilometer Entfernung haben. Auf rund 200 Seiten finden Sie alle wichtigen Angaben und Daten zu den Stellpl\u00e4tzen und den Thermen.<\/p>\n","protected":false},"excerpt":{"rendered":"<p>Herrlich: Im warmen Wasser entspannen, den Stress des Alltags hinter sich lassen und dann im gewohnten Bett des eigenen Wohnmobils \u00fcbernachten. Die neue Auflage des Stellplatzf\u00fchrers &#8222;Wellness mit dem Wohnmobil&#8220; pr\u00e4sentiert mehr als 120 Thermen, die einen Reisemobilstellplatz betreiben oder einen \u00dcbernachtungsplatz in h\u00f6chstens f\u00fcnf Kilometer Entfernung haben. Auf rund 200 Seiten finden Sie alle [&hellip;]<\/p>\n","protected":false},"featured_media":232116,"template":"","meta":{"_acf_changed":false},"product_featured_cat":[],"product_brand":[],"product_cat":[4346],"product_tag":[],"class_list":{"0":"post-232118","1":"product","2":"type-product","3":"status-publish","4":"has-post-thumbnail","6":"product_cat-stellplatzfuehrer","8":"first","9":"instock","10":"taxable","11":"shipping-taxable","12":"purchasable","13":"product-type-simple"},"acf":[],"yoast_head":"<!-- This site is optimized with the Yoast SEO plugin v27.4 - https:\/\/yoast.com\/product\/yoast-seo-wordpress\/ -->\n<title>Stellplatzf\u00fchrer DoldeMedien Wellness mit dem Wohnmobil - Bantam Camping AG<\/title>\n<meta name=\"robots\" content=\"index, follow, max-snippet:-1, max-image-preview:large, max-video-preview:-1\" \/>\n<link rel=\"canonical\" href=\"https:\/\/shop.bantam.ch\/de\/produkt\/stellplatzfuehrer-doldemedien-wellness-mit-dem-wohnmobil\/\" \/>\n<meta property=\"og:locale\" content=\"de_DE\" \/>\n<meta property=\"og:type\" content=\"article\" \/>\n<meta property=\"og:title\" content=\"Stellplatzf\u00fchrer DoldeMedien Wellness mit dem Wohnmobil - Bantam Camping AG\" \/>\n<meta property=\"og:description\" content=\"Herrlich: Im warmen Wasser entspannen, den Stress des Alltags hinter sich lassen und dann im gewohnten Bett des eigenen Wohnmobils \u00fcbernachten. Die neue Auflage des Stellplatzf\u00fchrers &#8222;Wellness mit dem Wohnmobil&#8220; pr\u00e4sentiert mehr als 120 Thermen, die einen Reisemobilstellplatz betreiben oder einen \u00dcbernachtungsplatz in h\u00f6chstens f\u00fcnf Kilometer Entfernung haben. Auf rund 200 Seiten finden Sie alle [&hellip;]\" \/>\n<meta property=\"og:url\" content=\"https:\/\/shop.bantam.ch\/de\/produkt\/stellplatzfuehrer-doldemedien-wellness-mit-dem-wohnmobil\/\" \/>\n<meta property=\"og:site_name\" content=\"Bantam Camping AG\" \/>\n<meta property=\"article:modified_time\" content=\"2026-04-19T22:00:54+00:00\" \/>\n<meta name=\"twitter:card\" content=\"summary_large_image\" \/>\n<script type=\"application\/ld+json\" class=\"yoast-schema-graph\">{\"@context\":\"https:\\\/\\\/schema.org\",\"@graph\":[{\"@type\":\"WebPage\",\"@id\":\"https:\\\/\\\/shop.bantam.ch\\\/de\\\/produkt\\\/stellplatzfuehrer-doldemedien-wellness-mit-dem-wohnmobil\\\/\",\"url\":\"https:\\\/\\\/shop.bantam.ch\\\/de\\\/produkt\\\/stellplatzfuehrer-doldemedien-wellness-mit-dem-wohnmobil\\\/\",\"name\":\"Stellplatzf\u00fchrer DoldeMedien Wellness mit dem Wohnmobil - Bantam Camping AG\",\"isPartOf\":{\"@id\":\"https:\\\/\\\/shop.bantam.ch\\\/de\\\/#website\"},\"primaryImageOfPage\":{\"@id\":\"https:\\\/\\\/shop.bantam.ch\\\/de\\\/produkt\\\/stellplatzfuehrer-doldemedien-wellness-mit-dem-wohnmobil\\\/#primaryimage\"},\"image\":{\"@id\":\"https:\\\/\\\/shop.bantam.ch\\\/de\\\/produkt\\\/stellplatzfuehrer-doldemedien-wellness-mit-dem-wohnmobil\\\/#primaryimage\"},\"thumbnailUrl\":\"https:\\\/\\\/shop.bantam.ch\\\/wp-content\\\/uploads\\\/2026\\\/01\\\/Movera-L-9962328100.jpg\",\"datePublished\":\"2026-01-06T17:19:21+00:00\",\"dateModified\":\"2026-04-19T22:00:54+00:00\",\"breadcrumb\":{\"@id\":\"https:\\\/\\\/shop.bantam.ch\\\/de\\\/produkt\\\/stellplatzfuehrer-doldemedien-wellness-mit-dem-wohnmobil\\\/#breadcrumb\"},\"inLanguage\":\"de\",\"potentialAction\":[{\"@type\":\"ReadAction\",\"target\":[\"https:\\\/\\\/shop.bantam.ch\\\/de\\\/produkt\\\/stellplatzfuehrer-doldemedien-wellness-mit-dem-wohnmobil\\\/\"]}]},{\"@type\":\"ImageObject\",\"inLanguage\":\"de\",\"@id\":\"https:\\\/\\\/shop.bantam.ch\\\/de\\\/produkt\\\/stellplatzfuehrer-doldemedien-wellness-mit-dem-wohnmobil\\\/#primaryimage\",\"url\":\"https:\\\/\\\/shop.bantam.ch\\\/wp-content\\\/uploads\\\/2026\\\/01\\\/Movera-L-9962328100.jpg\",\"contentUrl\":\"https:\\\/\\\/shop.bantam.ch\\\/wp-content\\\/uploads\\\/2026\\\/01\\\/Movera-L-9962328100.jpg\",\"width\":640,\"height\":915},{\"@type\":\"BreadcrumbList\",\"@id\":\"https:\\\/\\\/shop.bantam.ch\\\/de\\\/produkt\\\/stellplatzfuehrer-doldemedien-wellness-mit-dem-wohnmobil\\\/#breadcrumb\",\"itemListElement\":[{\"@type\":\"ListItem\",\"position\":1,\"name\":\"Accueil\",\"item\":\"https:\\\/\\\/shop.bantam.ch\\\/de\\\/\"},{\"@type\":\"ListItem\",\"position\":2,\"name\":\"Shop\",\"item\":\"https:\\\/\\\/shop.bantam.ch\\\/de\\\/shop\\\/\"},{\"@type\":\"ListItem\",\"position\":3,\"name\":\"Stellplatzf\u00fchrer DoldeMedien Wellness mit dem Wohnmobil\"}]},{\"@type\":\"WebSite\",\"@id\":\"https:\\\/\\\/shop.bantam.ch\\\/de\\\/#website\",\"url\":\"https:\\\/\\\/shop.bantam.ch\\\/de\\\/\",\"name\":\"Bantam Camping AG\",\"description\":\"\",\"publisher\":{\"@id\":\"https:\\\/\\\/shop.bantam.ch\\\/de\\\/#organization\"},\"inLanguage\":\"de\"},{\"@type\":\"Organization\",\"@id\":\"https:\\\/\\\/shop.bantam.ch\\\/de\\\/#organization\",\"name\":\"Bantam Camping AG\",\"url\":\"https:\\\/\\\/shop.bantam.ch\\\/de\\\/\",\"logo\":{\"@type\":\"ImageObject\",\"inLanguage\":\"de\",\"@id\":\"https:\\\/\\\/shop.bantam.ch\\\/de\\\/#\\\/schema\\\/logo\\\/image\\\/\",\"url\":\"https:\\\/\\\/shop.bantam.ch\\\/wp-content\\\/uploads\\\/2022\\\/12\\\/bantam-logo.png\",\"contentUrl\":\"https:\\\/\\\/shop.bantam.ch\\\/wp-content\\\/uploads\\\/2022\\\/12\\\/bantam-logo.png\",\"width\":320,\"height\":71,\"caption\":\"Bantam Camping AG\"},\"image\":{\"@id\":\"https:\\\/\\\/shop.bantam.ch\\\/de\\\/#\\\/schema\\\/logo\\\/image\\\/\"}}]}<\/script>\n<!-- \/ Yoast SEO plugin. -->","yoast_head_json":{"title":"Stellplatzf\u00fchrer DoldeMedien Wellness mit dem Wohnmobil - Bantam Camping AG","robots":{"index":"index","follow":"follow","max-snippet":"max-snippet:-1","max-image-preview":"max-image-preview:large","max-video-preview":"max-video-preview:-1"},"canonical":"https:\/\/shop.bantam.ch\/de\/produkt\/stellplatzfuehrer-doldemedien-wellness-mit-dem-wohnmobil\/","og_locale":"de_DE","og_type":"article","og_title":"Stellplatzf\u00fchrer DoldeMedien Wellness mit dem Wohnmobil - Bantam Camping AG","og_description":"Herrlich: Im warmen Wasser entspannen, den Stress des Alltags hinter sich lassen und dann im gewohnten Bett des eigenen Wohnmobils \u00fcbernachten. Die neue Auflage des Stellplatzf\u00fchrers &#8222;Wellness mit dem Wohnmobil&#8220; pr\u00e4sentiert mehr als 120 Thermen, die einen Reisemobilstellplatz betreiben oder einen \u00dcbernachtungsplatz in h\u00f6chstens f\u00fcnf Kilometer Entfernung haben. Auf rund 200 Seiten finden Sie alle [&hellip;]","og_url":"https:\/\/shop.bantam.ch\/de\/produkt\/stellplatzfuehrer-doldemedien-wellness-mit-dem-wohnmobil\/","og_site_name":"Bantam Camping AG","article_modified_time":"2026-04-19T22:00:54+00:00","twitter_card":"summary_large_image","schema":{"@context":"https:\/\/schema.org","@graph":[{"@type":"WebPage","@id":"https:\/\/shop.bantam.ch\/de\/produkt\/stellplatzfuehrer-doldemedien-wellness-mit-dem-wohnmobil\/","url":"https:\/\/shop.bantam.ch\/de\/produkt\/stellplatzfuehrer-doldemedien-wellness-mit-dem-wohnmobil\/","name":"Stellplatzf\u00fchrer DoldeMedien Wellness mit dem Wohnmobil - Bantam Camping AG","isPartOf":{"@id":"https:\/\/shop.bantam.ch\/de\/#website"},"primaryImageOfPage":{"@id":"https:\/\/shop.bantam.ch\/de\/produkt\/stellplatzfuehrer-doldemedien-wellness-mit-dem-wohnmobil\/#primaryimage"},"image":{"@id":"https:\/\/shop.bantam.ch\/de\/produkt\/stellplatzfuehrer-doldemedien-wellness-mit-dem-wohnmobil\/#primaryimage"},"thumbnailUrl":"https:\/\/shop.bantam.ch\/wp-content\/uploads\/2026\/01\/Movera-L-9962328100.jpg","datePublished":"2026-01-06T17:19:21+00:00","dateModified":"2026-04-19T22:00:54+00:00","breadcrumb":{"@id":"https:\/\/shop.bantam.ch\/de\/produkt\/stellplatzfuehrer-doldemedien-wellness-mit-dem-wohnmobil\/#breadcrumb"},"inLanguage":"de","potentialAction":[{"@type":"ReadAction","target":["https:\/\/shop.bantam.ch\/de\/produkt\/stellplatzfuehrer-doldemedien-wellness-mit-dem-wohnmobil\/"]}]},{"@type":"ImageObject","inLanguage":"de","@id":"https:\/\/shop.bantam.ch\/de\/produkt\/stellplatzfuehrer-doldemedien-wellness-mit-dem-wohnmobil\/#primaryimage","url":"https:\/\/shop.bantam.ch\/wp-content\/uploads\/2026\/01\/Movera-L-9962328100.jpg","contentUrl":"https:\/\/shop.bantam.ch\/wp-content\/uploads\/2026\/01\/Movera-L-9962328100.jpg","width":640,"height":915},{"@type":"BreadcrumbList","@id":"https:\/\/shop.bantam.ch\/de\/produkt\/stellplatzfuehrer-doldemedien-wellness-mit-dem-wohnmobil\/#breadcrumb","itemListElement":[{"@type":"ListItem","position":1,"name":"Accueil","item":"https:\/\/shop.bantam.ch\/de\/"},{"@type":"ListItem","position":2,"name":"Shop","item":"https:\/\/shop.bantam.ch\/de\/shop\/"},{"@type":"ListItem","position":3,"name":"Stellplatzf\u00fchrer DoldeMedien Wellness mit dem Wohnmobil"}]},{"@type":"WebSite","@id":"https:\/\/shop.bantam.ch\/de\/#website","url":"https:\/\/shop.bantam.ch\/de\/","name":"Bantam Camping AG","description":"","publisher":{"@id":"https:\/\/shop.bantam.ch\/de\/#organization"},"inLanguage":"de"},{"@type":"Organization","@id":"https:\/\/shop.bantam.ch\/de\/#organization","name":"Bantam Camping AG","url":"https:\/\/shop.bantam.ch\/de\/","logo":{"@type":"ImageObject","inLanguage":"de","@id":"https:\/\/shop.bantam.ch\/de\/#\/schema\/logo\/image\/","url":"https:\/\/shop.bantam.ch\/wp-content\/uploads\/2022\/12\/bantam-logo.png","contentUrl":"https:\/\/shop.bantam.ch\/wp-content\/uploads\/2022\/12\/bantam-logo.png","width":320,"height":71,"caption":"Bantam Camping AG"},"image":{"@id":"https:\/\/shop.bantam.ch\/de\/#\/schema\/logo\/image\/"}}]}},"_links":{"self":[{"href":"https:\/\/shop.bantam.ch\/de\/wp-json\/wp\/v2\/product\/232118","targetHints":{"allow":["GET"]}}],"collection":[{"href":"https:\/\/shop.bantam.ch\/de\/wp-json\/wp\/v2\/product"}],"about":[{"href":"https:\/\/shop.bantam.ch\/de\/wp-json\/wp\/v2\/types\/product"}],"wp:featuredmedia":[{"embeddable":true,"href":"https:\/\/shop.bantam.ch\/de\/wp-json\/wp\/v2\/media\/232116"}],"wp:attachment":[{"href":"https:\/\/shop.bantam.ch\/de\/wp-json\/wp\/v2\/media?parent=232118"}],"wp:term":[{"taxonomy":"product_featured_cat","embeddable":true,"href":"https:\/\/shop.bantam.ch\/de\/wp-json\/wp\/v2\/product_featured_cat?post=232118"},{"taxonomy":"product_brand","embeddable":true,"href":"https:\/\/shop.bantam.ch\/de\/wp-json\/wp\/v2\/product_brand?post=232118"},{"taxonomy":"product_cat","embeddable":true,"href":"https:\/\/shop.bantam.ch\/de\/wp-json\/wp\/v2\/product_cat?post=232118"},{"taxonomy":"product_tag","embeddable":true,"href":"https:\/\/shop.bantam.ch\/de\/wp-json\/wp\/v2\/product_tag?post=232118"}],"curies":[{"name":"wp","href":"https:\/\/api.w.org\/{rel}","templated":true}]}}