{"id":232088,"date":"2026-01-06T18:18:40","date_gmt":"2026-01-06T17:18:40","guid":{"rendered":"https:\/\/shop.bantam.ch\/produit\/kompressorkuehlbox-polarys-criomaster-dual-zone-73-l-grau\/"},"modified":"2026-05-02T23:49:23","modified_gmt":"2026-05-02T21:49:23","slug":"kompressorkuehlbox-polarys-criomaster-dual-zone-73-l-grau","status":"publish","type":"product","link":"https:\/\/shop.bantam.ch\/de\/produkt\/kompressorkuehlbox-polarys-criomaster-dual-zone-73-l-grau\/","title":{"rendered":"Kompressork\u00fchlbox Polarys Criomaster, Dual zone, 73 l, grau"},"content":{"rendered":"<p>Effizienz trifft Leistung: Der Polarys Criomaster erreicht mit seiner Kompressortechnologie Temperaturen bis -20\u00b0C und \u00fcberzeugt durch geringen Stromverbrauch sowie ger\u00e4uschlosen Betrieb. Ob 12V, 24V oder 230V \u2013 er bietet zuverl\u00e4ssige K\u00fchlung. In Gr\u00f6\u00dfen von 25, 40 bis 73 Liter erh\u00e4ltlich, passt er sich Ihren Bed\u00fcrfnissen an. Die Benutzeroberfl\u00e4che erm\u00f6glicht pr\u00e4zise Temperatureinstellungen. Der Polarys Criomaster ist der ideale Begleiter f\u00fcr Ihren K\u00fchlbedarf. &#8211; Ideal zum K\u00fchlen von Speisen und Getr\u00e4nken f\u00fcr mehrere Personen &#8211; Geh\u00e4use mit exzellenter Isolation &#8211; Schnelle K\u00fchlleistung &#8211; Pr\u00e4zise Steuerung \u00fcber Digitalanzeige &#8211; Modernes, funktionales Design &#8211; Minimale Temperatur: -20\u00b0C &#8211; Leise im Betrieb und energieeffizient<\/p>\n","protected":false},"excerpt":{"rendered":"<p>Effizienz trifft Leistung: Der Polarys Criomaster erreicht mit seiner Kompressortechnologie Temperaturen bis -20\u00b0C und \u00fcberzeugt durch geringen Stromverbrauch sowie ger\u00e4uschlosen Betrieb. Ob 12V, 24V oder 230V \u2013 er bietet zuverl\u00e4ssige K\u00fchlung. In Gr\u00f6\u00dfen von 25, 40 bis 73 Liter erh\u00e4ltlich, passt er sich Ihren Bed\u00fcrfnissen an. Die Benutzeroberfl\u00e4che erm\u00f6glicht pr\u00e4zise Temperatureinstellungen. Der Polarys Criomaster ist [&hellip;]<\/p>\n","protected":false},"featured_media":232080,"template":"","meta":{"_acf_changed":false},"product_featured_cat":[],"product_brand":[],"product_cat":[4546],"product_tag":[],"class_list":{"0":"post-232088","1":"product","2":"type-product","3":"status-publish","4":"has-post-thumbnail","6":"product_cat-kompressor-kuehlboxen-kuehlboxen","8":"first","9":"instock","10":"taxable","11":"shipping-taxable","12":"purchasable","13":"product-type-simple"},"acf":[],"yoast_head":"<!-- This site is optimized with the Yoast SEO plugin v27.5 - https:\/\/yoast.com\/product\/yoast-seo-wordpress\/ -->\n<title>Kompressork\u00fchlbox Polarys Criomaster, Dual zone, 73 l, grau - Bantam<\/title>\n<meta name=\"robots\" content=\"index, follow, max-snippet:-1, max-image-preview:large, max-video-preview:-1\" \/>\n<link rel=\"canonical\" href=\"https:\/\/shop.bantam.ch\/de\/produkt\/kompressorkuehlbox-polarys-criomaster-dual-zone-73-l-grau\/\" \/>\n<meta property=\"og:locale\" content=\"de_DE\" \/>\n<meta property=\"og:type\" content=\"article\" \/>\n<meta property=\"og:title\" content=\"Kompressork\u00fchlbox Polarys Criomaster, Dual zone, 73 l, grau - Bantam\" \/>\n<meta property=\"og:description\" content=\"Effizienz trifft Leistung: Der Polarys Criomaster erreicht mit seiner Kompressortechnologie Temperaturen bis -20\u00b0C und \u00fcberzeugt durch geringen Stromverbrauch sowie ger\u00e4uschlosen Betrieb. Ob 12V, 24V oder 230V \u2013 er bietet zuverl\u00e4ssige K\u00fchlung. In Gr\u00f6\u00dfen von 25, 40 bis 73 Liter erh\u00e4ltlich, passt er sich Ihren Bed\u00fcrfnissen an. Die Benutzeroberfl\u00e4che erm\u00f6glicht pr\u00e4zise Temperatureinstellungen. Der Polarys Criomaster ist [&hellip;]\" \/>\n<meta property=\"og:url\" content=\"https:\/\/shop.bantam.ch\/de\/produkt\/kompressorkuehlbox-polarys-criomaster-dual-zone-73-l-grau\/\" \/>\n<meta property=\"og:site_name\" content=\"Bantam\" \/>\n<meta property=\"article:modified_time\" content=\"2026-05-02T21:49:23+00:00\" \/>\n<meta name=\"twitter:card\" content=\"summary_large_image\" \/>\n<meta name=\"twitter:label1\" content=\"Gesch\u00e4tzte Lesezeit\" \/>\n\t<meta name=\"twitter:data1\" content=\"1\u00a0Minute\" \/>\n<script type=\"application\/ld+json\" class=\"yoast-schema-graph\">{\"@context\":\"https:\\\/\\\/schema.org\",\"@graph\":[{\"@type\":\"WebPage\",\"@id\":\"https:\\\/\\\/shop.bantam.ch\\\/de\\\/produkt\\\/kompressorkuehlbox-polarys-criomaster-dual-zone-73-l-grau\\\/\",\"url\":\"https:\\\/\\\/shop.bantam.ch\\\/de\\\/produkt\\\/kompressorkuehlbox-polarys-criomaster-dual-zone-73-l-grau\\\/\",\"name\":\"Kompressork\u00fchlbox Polarys Criomaster, Dual zone, 73 l, grau - Bantam\",\"isPartOf\":{\"@id\":\"https:\\\/\\\/shop.bantam.ch\\\/de\\\/#website\"},\"primaryImageOfPage\":{\"@id\":\"https:\\\/\\\/shop.bantam.ch\\\/de\\\/produkt\\\/kompressorkuehlbox-polarys-criomaster-dual-zone-73-l-grau\\\/#primaryimage\"},\"image\":{\"@id\":\"https:\\\/\\\/shop.bantam.ch\\\/de\\\/produkt\\\/kompressorkuehlbox-polarys-criomaster-dual-zone-73-l-grau\\\/#primaryimage\"},\"thumbnailUrl\":\"https:\\\/\\\/shop.bantam.ch\\\/wp-content\\\/uploads\\\/2026\\\/01\\\/Movera-L-9988242100.jpg\",\"datePublished\":\"2026-01-06T17:18:40+00:00\",\"dateModified\":\"2026-05-02T21:49:23+00:00\",\"breadcrumb\":{\"@id\":\"https:\\\/\\\/shop.bantam.ch\\\/de\\\/produkt\\\/kompressorkuehlbox-polarys-criomaster-dual-zone-73-l-grau\\\/#breadcrumb\"},\"inLanguage\":\"de\",\"potentialAction\":[{\"@type\":\"ReadAction\",\"target\":[\"https:\\\/\\\/shop.bantam.ch\\\/de\\\/produkt\\\/kompressorkuehlbox-polarys-criomaster-dual-zone-73-l-grau\\\/\"]}]},{\"@type\":\"ImageObject\",\"inLanguage\":\"de\",\"@id\":\"https:\\\/\\\/shop.bantam.ch\\\/de\\\/produkt\\\/kompressorkuehlbox-polarys-criomaster-dual-zone-73-l-grau\\\/#primaryimage\",\"url\":\"https:\\\/\\\/shop.bantam.ch\\\/wp-content\\\/uploads\\\/2026\\\/01\\\/Movera-L-9988242100.jpg\",\"contentUrl\":\"https:\\\/\\\/shop.bantam.ch\\\/wp-content\\\/uploads\\\/2026\\\/01\\\/Movera-L-9988242100.jpg\",\"width\":640,\"height\":640},{\"@type\":\"BreadcrumbList\",\"@id\":\"https:\\\/\\\/shop.bantam.ch\\\/de\\\/produkt\\\/kompressorkuehlbox-polarys-criomaster-dual-zone-73-l-grau\\\/#breadcrumb\",\"itemListElement\":[{\"@type\":\"ListItem\",\"position\":1,\"name\":\"Accueil\",\"item\":\"https:\\\/\\\/shop.bantam.ch\\\/de\\\/\"},{\"@type\":\"ListItem\",\"position\":2,\"name\":\"Shop\",\"item\":\"https:\\\/\\\/shop.bantam.ch\\\/de\\\/shop\\\/\"},{\"@type\":\"ListItem\",\"position\":3,\"name\":\"Kompressork\u00fchlbox Polarys Criomaster, Dual zone, 73 l, grau\"}]},{\"@type\":\"WebSite\",\"@id\":\"https:\\\/\\\/shop.bantam.ch\\\/de\\\/#website\",\"url\":\"https:\\\/\\\/shop.bantam.ch\\\/de\\\/\",\"name\":\"Bantam\",\"description\":\"\",\"publisher\":{\"@id\":\"https:\\\/\\\/shop.bantam.ch\\\/de\\\/#organization\"},\"inLanguage\":\"de\"},{\"@type\":\"Organization\",\"@id\":\"https:\\\/\\\/shop.bantam.ch\\\/de\\\/#organization\",\"name\":\"Bantam\",\"url\":\"https:\\\/\\\/shop.bantam.ch\\\/de\\\/\",\"logo\":{\"@type\":\"ImageObject\",\"inLanguage\":\"de\",\"@id\":\"https:\\\/\\\/shop.bantam.ch\\\/de\\\/#\\\/schema\\\/logo\\\/image\\\/\",\"url\":\"https:\\\/\\\/shop.bantam.ch\\\/wp-content\\\/uploads\\\/2022\\\/12\\\/bantam-logo.png\",\"contentUrl\":\"https:\\\/\\\/shop.bantam.ch\\\/wp-content\\\/uploads\\\/2022\\\/12\\\/bantam-logo.png\",\"width\":320,\"height\":71,\"caption\":\"Bantam\"},\"image\":{\"@id\":\"https:\\\/\\\/shop.bantam.ch\\\/de\\\/#\\\/schema\\\/logo\\\/image\\\/\"}}]}<\/script>\n<!-- \/ Yoast SEO plugin. -->","yoast_head_json":{"title":"Kompressork\u00fchlbox Polarys Criomaster, Dual zone, 73 l, grau - Bantam","robots":{"index":"index","follow":"follow","max-snippet":"max-snippet:-1","max-image-preview":"max-image-preview:large","max-video-preview":"max-video-preview:-1"},"canonical":"https:\/\/shop.bantam.ch\/de\/produkt\/kompressorkuehlbox-polarys-criomaster-dual-zone-73-l-grau\/","og_locale":"de_DE","og_type":"article","og_title":"Kompressork\u00fchlbox Polarys Criomaster, Dual zone, 73 l, grau - Bantam","og_description":"Effizienz trifft Leistung: Der Polarys Criomaster erreicht mit seiner Kompressortechnologie Temperaturen bis -20\u00b0C und \u00fcberzeugt durch geringen Stromverbrauch sowie ger\u00e4uschlosen Betrieb. Ob 12V, 24V oder 230V \u2013 er bietet zuverl\u00e4ssige K\u00fchlung. In Gr\u00f6\u00dfen von 25, 40 bis 73 Liter erh\u00e4ltlich, passt er sich Ihren Bed\u00fcrfnissen an. Die Benutzeroberfl\u00e4che erm\u00f6glicht pr\u00e4zise Temperatureinstellungen. Der Polarys Criomaster ist [&hellip;]","og_url":"https:\/\/shop.bantam.ch\/de\/produkt\/kompressorkuehlbox-polarys-criomaster-dual-zone-73-l-grau\/","og_site_name":"Bantam","article_modified_time":"2026-05-02T21:49:23+00:00","twitter_card":"summary_large_image","twitter_misc":{"Gesch\u00e4tzte Lesezeit":"1\u00a0Minute"},"schema":{"@context":"https:\/\/schema.org","@graph":[{"@type":"WebPage","@id":"https:\/\/shop.bantam.ch\/de\/produkt\/kompressorkuehlbox-polarys-criomaster-dual-zone-73-l-grau\/","url":"https:\/\/shop.bantam.ch\/de\/produkt\/kompressorkuehlbox-polarys-criomaster-dual-zone-73-l-grau\/","name":"Kompressork\u00fchlbox Polarys Criomaster, Dual zone, 73 l, grau - Bantam","isPartOf":{"@id":"https:\/\/shop.bantam.ch\/de\/#website"},"primaryImageOfPage":{"@id":"https:\/\/shop.bantam.ch\/de\/produkt\/kompressorkuehlbox-polarys-criomaster-dual-zone-73-l-grau\/#primaryimage"},"image":{"@id":"https:\/\/shop.bantam.ch\/de\/produkt\/kompressorkuehlbox-polarys-criomaster-dual-zone-73-l-grau\/#primaryimage"},"thumbnailUrl":"https:\/\/shop.bantam.ch\/wp-content\/uploads\/2026\/01\/Movera-L-9988242100.jpg","datePublished":"2026-01-06T17:18:40+00:00","dateModified":"2026-05-02T21:49:23+00:00","breadcrumb":{"@id":"https:\/\/shop.bantam.ch\/de\/produkt\/kompressorkuehlbox-polarys-criomaster-dual-zone-73-l-grau\/#breadcrumb"},"inLanguage":"de","potentialAction":[{"@type":"ReadAction","target":["https:\/\/shop.bantam.ch\/de\/produkt\/kompressorkuehlbox-polarys-criomaster-dual-zone-73-l-grau\/"]}]},{"@type":"ImageObject","inLanguage":"de","@id":"https:\/\/shop.bantam.ch\/de\/produkt\/kompressorkuehlbox-polarys-criomaster-dual-zone-73-l-grau\/#primaryimage","url":"https:\/\/shop.bantam.ch\/wp-content\/uploads\/2026\/01\/Movera-L-9988242100.jpg","contentUrl":"https:\/\/shop.bantam.ch\/wp-content\/uploads\/2026\/01\/Movera-L-9988242100.jpg","width":640,"height":640},{"@type":"BreadcrumbList","@id":"https:\/\/shop.bantam.ch\/de\/produkt\/kompressorkuehlbox-polarys-criomaster-dual-zone-73-l-grau\/#breadcrumb","itemListElement":[{"@type":"ListItem","position":1,"name":"Accueil","item":"https:\/\/shop.bantam.ch\/de\/"},{"@type":"ListItem","position":2,"name":"Shop","item":"https:\/\/shop.bantam.ch\/de\/shop\/"},{"@type":"ListItem","position":3,"name":"Kompressork\u00fchlbox Polarys Criomaster, Dual zone, 73 l, grau"}]},{"@type":"WebSite","@id":"https:\/\/shop.bantam.ch\/de\/#website","url":"https:\/\/shop.bantam.ch\/de\/","name":"Bantam","description":"","publisher":{"@id":"https:\/\/shop.bantam.ch\/de\/#organization"},"inLanguage":"de"},{"@type":"Organization","@id":"https:\/\/shop.bantam.ch\/de\/#organization","name":"Bantam","url":"https:\/\/shop.bantam.ch\/de\/","logo":{"@type":"ImageObject","inLanguage":"de","@id":"https:\/\/shop.bantam.ch\/de\/#\/schema\/logo\/image\/","url":"https:\/\/shop.bantam.ch\/wp-content\/uploads\/2022\/12\/bantam-logo.png","contentUrl":"https:\/\/shop.bantam.ch\/wp-content\/uploads\/2022\/12\/bantam-logo.png","width":320,"height":71,"caption":"Bantam"},"image":{"@id":"https:\/\/shop.bantam.ch\/de\/#\/schema\/logo\/image\/"}}]}},"_links":{"self":[{"href":"https:\/\/shop.bantam.ch\/de\/wp-json\/wp\/v2\/product\/232088","targetHints":{"allow":["GET"]}}],"collection":[{"href":"https:\/\/shop.bantam.ch\/de\/wp-json\/wp\/v2\/product"}],"about":[{"href":"https:\/\/shop.bantam.ch\/de\/wp-json\/wp\/v2\/types\/product"}],"wp:featuredmedia":[{"embeddable":true,"href":"https:\/\/shop.bantam.ch\/de\/wp-json\/wp\/v2\/media\/232080"}],"wp:attachment":[{"href":"https:\/\/shop.bantam.ch\/de\/wp-json\/wp\/v2\/media?parent=232088"}],"wp:term":[{"taxonomy":"product_featured_cat","embeddable":true,"href":"https:\/\/shop.bantam.ch\/de\/wp-json\/wp\/v2\/product_featured_cat?post=232088"},{"taxonomy":"product_brand","embeddable":true,"href":"https:\/\/shop.bantam.ch\/de\/wp-json\/wp\/v2\/product_brand?post=232088"},{"taxonomy":"product_cat","embeddable":true,"href":"https:\/\/shop.bantam.ch\/de\/wp-json\/wp\/v2\/product_cat?post=232088"},{"taxonomy":"product_tag","embeddable":true,"href":"https:\/\/shop.bantam.ch\/de\/wp-json\/wp\/v2\/product_tag?post=232088"}],"curies":[{"name":"wp","href":"https:\/\/api.w.org\/{rel}","templated":true}]}}