{"id":232070,"date":"2026-01-06T18:18:13","date_gmt":"2026-01-06T17:18:13","guid":{"rendered":"https:\/\/shop.bantam.ch\/produit\/bewaesserungsbrausen-classic-starter-set-anthrazit-orange\/"},"modified":"2026-04-20T00:00:46","modified_gmt":"2026-04-19T22:00:46","slug":"bewaesserungsbrausen-classic-starter-set-anthrazit-orange","status":"publish","type":"product","link":"https:\/\/shop.bantam.ch\/de\/produkt\/bewaesserungsbrausen-classic-starter-set-anthrazit-orange\/","title":{"rendered":"Bew\u00e4sserungsbrausen classic Starter Set; anthrazit, orange"},"content":{"rendered":"<p>&#8211; Vielseitiges Spr\u00fchmuster: Weicher Strahl f\u00fcr grundlegende Bew\u00e4sserungsaufgaben.<br \/>\n&#8211; Hochwertige Qualit\u00e4t: \u201eMade in Germany\u201c, UV- und frostbest\u00e4ndig.<br \/>\n&#8211; Handschonend: Ein-\/Aus-Ausl\u00f6ser mit automatischer Arretierung f\u00fcr gleichm\u00e4\u00dfigen Wasserfluss.<\/p>\n<p>&nbsp;<\/p>\n<p>Im Lieferumfang enthalten: &nbsp; &nbsp;1x Classic Bew\u00e4sserungsbrause, 1x 1&#8243; Hahnverbinder mit 3\/4&#8243; Adapter, 1x 1\/2&#8243; &#8211; 5\/8&#8243; Schlauchverbinder, 1x 1\/2&#8243; &#8211; 5\/8&#8243; Wasserstopp<\/p>\n","protected":false},"excerpt":{"rendered":"<p>&#8211; Vielseitiges Spr\u00fchmuster: Weicher Strahl f\u00fcr grundlegende Bew\u00e4sserungsaufgaben. &#8211; Hochwertige Qualit\u00e4t: \u201eMade in Germany\u201c, UV- und frostbest\u00e4ndig. &#8211; Handschonend: Ein-\/Aus-Ausl\u00f6ser mit automatischer Arretierung f\u00fcr gleichm\u00e4\u00dfigen Wasserfluss. &nbsp; Im Lieferumfang enthalten: &nbsp; &nbsp;1x Classic Bew\u00e4sserungsbrause, 1x 1&#8243; Hahnverbinder mit 3\/4&#8243; Adapter, 1x 1\/2&#8243; &#8211; 5\/8&#8243; Schlauchverbinder, 1x 1\/2&#8243; &#8211; 5\/8&#8243; Wasserstopp<\/p>\n","protected":false},"featured_media":232068,"template":"","meta":{"_acf_changed":false},"product_featured_cat":[],"product_brand":[],"product_cat":[4124],"product_tag":[],"class_list":{"0":"post-232070","1":"product","2":"type-product","3":"status-publish","4":"has-post-thumbnail","6":"product_cat-wasser-sanitaer-zubehoer","8":"first","9":"instock","10":"taxable","11":"shipping-taxable","12":"purchasable","13":"product-type-simple"},"acf":[],"yoast_head":"<!-- This site is optimized with the Yoast SEO plugin v27.4 - https:\/\/yoast.com\/product\/yoast-seo-wordpress\/ -->\n<title>Bew\u00e4sserungsbrausen classic Starter Set; anthrazit, orange - Bantam Camping AG<\/title>\n<meta name=\"robots\" content=\"index, follow, max-snippet:-1, max-image-preview:large, max-video-preview:-1\" \/>\n<link rel=\"canonical\" href=\"https:\/\/shop.bantam.ch\/de\/produkt\/bewaesserungsbrausen-classic-starter-set-anthrazit-orange\/\" \/>\n<meta property=\"og:locale\" content=\"de_DE\" \/>\n<meta property=\"og:type\" content=\"article\" \/>\n<meta property=\"og:title\" content=\"Bew\u00e4sserungsbrausen classic Starter Set; anthrazit, orange - Bantam Camping AG\" \/>\n<meta property=\"og:description\" content=\"&#8211; Vielseitiges Spr\u00fchmuster: Weicher Strahl f\u00fcr grundlegende Bew\u00e4sserungsaufgaben. &#8211; Hochwertige Qualit\u00e4t: \u201eMade in Germany\u201c, UV- und frostbest\u00e4ndig. &#8211; Handschonend: Ein-\/Aus-Ausl\u00f6ser mit automatischer Arretierung f\u00fcr gleichm\u00e4\u00dfigen Wasserfluss. &nbsp; Im Lieferumfang enthalten: &nbsp; &nbsp;1x Classic Bew\u00e4sserungsbrause, 1x 1&#8243; Hahnverbinder mit 3\/4&#8243; Adapter, 1x 1\/2&#8243; &#8211; 5\/8&#8243; Schlauchverbinder, 1x 1\/2&#8243; &#8211; 5\/8&#8243; Wasserstopp\" \/>\n<meta property=\"og:url\" content=\"https:\/\/shop.bantam.ch\/de\/produkt\/bewaesserungsbrausen-classic-starter-set-anthrazit-orange\/\" \/>\n<meta property=\"og:site_name\" content=\"Bantam Camping AG\" \/>\n<meta property=\"article:modified_time\" content=\"2026-04-19T22:00:46+00:00\" \/>\n<meta name=\"twitter:card\" content=\"summary_large_image\" \/>\n<script type=\"application\/ld+json\" class=\"yoast-schema-graph\">{\"@context\":\"https:\\\/\\\/schema.org\",\"@graph\":[{\"@type\":\"WebPage\",\"@id\":\"https:\\\/\\\/shop.bantam.ch\\\/de\\\/produkt\\\/bewaesserungsbrausen-classic-starter-set-anthrazit-orange\\\/\",\"url\":\"https:\\\/\\\/shop.bantam.ch\\\/de\\\/produkt\\\/bewaesserungsbrausen-classic-starter-set-anthrazit-orange\\\/\",\"name\":\"Bew\u00e4sserungsbrausen classic Starter Set; anthrazit, orange - Bantam Camping AG\",\"isPartOf\":{\"@id\":\"https:\\\/\\\/shop.bantam.ch\\\/de\\\/#website\"},\"primaryImageOfPage\":{\"@id\":\"https:\\\/\\\/shop.bantam.ch\\\/de\\\/produkt\\\/bewaesserungsbrausen-classic-starter-set-anthrazit-orange\\\/#primaryimage\"},\"image\":{\"@id\":\"https:\\\/\\\/shop.bantam.ch\\\/de\\\/produkt\\\/bewaesserungsbrausen-classic-starter-set-anthrazit-orange\\\/#primaryimage\"},\"thumbnailUrl\":\"https:\\\/\\\/shop.bantam.ch\\\/wp-content\\\/uploads\\\/2026\\\/01\\\/Movera-L-9988236100.png\",\"datePublished\":\"2026-01-06T17:18:13+00:00\",\"dateModified\":\"2026-04-19T22:00:46+00:00\",\"breadcrumb\":{\"@id\":\"https:\\\/\\\/shop.bantam.ch\\\/de\\\/produkt\\\/bewaesserungsbrausen-classic-starter-set-anthrazit-orange\\\/#breadcrumb\"},\"inLanguage\":\"de\",\"potentialAction\":[{\"@type\":\"ReadAction\",\"target\":[\"https:\\\/\\\/shop.bantam.ch\\\/de\\\/produkt\\\/bewaesserungsbrausen-classic-starter-set-anthrazit-orange\\\/\"]}]},{\"@type\":\"ImageObject\",\"inLanguage\":\"de\",\"@id\":\"https:\\\/\\\/shop.bantam.ch\\\/de\\\/produkt\\\/bewaesserungsbrausen-classic-starter-set-anthrazit-orange\\\/#primaryimage\",\"url\":\"https:\\\/\\\/shop.bantam.ch\\\/wp-content\\\/uploads\\\/2026\\\/01\\\/Movera-L-9988236100.png\",\"contentUrl\":\"https:\\\/\\\/shop.bantam.ch\\\/wp-content\\\/uploads\\\/2026\\\/01\\\/Movera-L-9988236100.png\",\"width\":242,\"height\":198},{\"@type\":\"BreadcrumbList\",\"@id\":\"https:\\\/\\\/shop.bantam.ch\\\/de\\\/produkt\\\/bewaesserungsbrausen-classic-starter-set-anthrazit-orange\\\/#breadcrumb\",\"itemListElement\":[{\"@type\":\"ListItem\",\"position\":1,\"name\":\"Accueil\",\"item\":\"https:\\\/\\\/shop.bantam.ch\\\/de\\\/\"},{\"@type\":\"ListItem\",\"position\":2,\"name\":\"Shop\",\"item\":\"https:\\\/\\\/shop.bantam.ch\\\/de\\\/shop\\\/\"},{\"@type\":\"ListItem\",\"position\":3,\"name\":\"Bew\u00e4sserungsbrausen classic Starter Set; anthrazit, orange\"}]},{\"@type\":\"WebSite\",\"@id\":\"https:\\\/\\\/shop.bantam.ch\\\/de\\\/#website\",\"url\":\"https:\\\/\\\/shop.bantam.ch\\\/de\\\/\",\"name\":\"Bantam Camping AG\",\"description\":\"\",\"publisher\":{\"@id\":\"https:\\\/\\\/shop.bantam.ch\\\/de\\\/#organization\"},\"inLanguage\":\"de\"},{\"@type\":\"Organization\",\"@id\":\"https:\\\/\\\/shop.bantam.ch\\\/de\\\/#organization\",\"name\":\"Bantam Camping AG\",\"url\":\"https:\\\/\\\/shop.bantam.ch\\\/de\\\/\",\"logo\":{\"@type\":\"ImageObject\",\"inLanguage\":\"de\",\"@id\":\"https:\\\/\\\/shop.bantam.ch\\\/de\\\/#\\\/schema\\\/logo\\\/image\\\/\",\"url\":\"https:\\\/\\\/shop.bantam.ch\\\/wp-content\\\/uploads\\\/2022\\\/12\\\/bantam-logo.png\",\"contentUrl\":\"https:\\\/\\\/shop.bantam.ch\\\/wp-content\\\/uploads\\\/2022\\\/12\\\/bantam-logo.png\",\"width\":320,\"height\":71,\"caption\":\"Bantam Camping AG\"},\"image\":{\"@id\":\"https:\\\/\\\/shop.bantam.ch\\\/de\\\/#\\\/schema\\\/logo\\\/image\\\/\"}}]}<\/script>\n<!-- \/ Yoast SEO plugin. -->","yoast_head_json":{"title":"Bew\u00e4sserungsbrausen classic Starter Set; anthrazit, orange - Bantam Camping AG","robots":{"index":"index","follow":"follow","max-snippet":"max-snippet:-1","max-image-preview":"max-image-preview:large","max-video-preview":"max-video-preview:-1"},"canonical":"https:\/\/shop.bantam.ch\/de\/produkt\/bewaesserungsbrausen-classic-starter-set-anthrazit-orange\/","og_locale":"de_DE","og_type":"article","og_title":"Bew\u00e4sserungsbrausen classic Starter Set; anthrazit, orange - Bantam Camping AG","og_description":"&#8211; Vielseitiges Spr\u00fchmuster: Weicher Strahl f\u00fcr grundlegende Bew\u00e4sserungsaufgaben. &#8211; Hochwertige Qualit\u00e4t: \u201eMade in Germany\u201c, UV- und frostbest\u00e4ndig. &#8211; Handschonend: Ein-\/Aus-Ausl\u00f6ser mit automatischer Arretierung f\u00fcr gleichm\u00e4\u00dfigen Wasserfluss. &nbsp; Im Lieferumfang enthalten: &nbsp; &nbsp;1x Classic Bew\u00e4sserungsbrause, 1x 1&#8243; Hahnverbinder mit 3\/4&#8243; Adapter, 1x 1\/2&#8243; &#8211; 5\/8&#8243; Schlauchverbinder, 1x 1\/2&#8243; &#8211; 5\/8&#8243; Wasserstopp","og_url":"https:\/\/shop.bantam.ch\/de\/produkt\/bewaesserungsbrausen-classic-starter-set-anthrazit-orange\/","og_site_name":"Bantam Camping AG","article_modified_time":"2026-04-19T22:00:46+00:00","twitter_card":"summary_large_image","schema":{"@context":"https:\/\/schema.org","@graph":[{"@type":"WebPage","@id":"https:\/\/shop.bantam.ch\/de\/produkt\/bewaesserungsbrausen-classic-starter-set-anthrazit-orange\/","url":"https:\/\/shop.bantam.ch\/de\/produkt\/bewaesserungsbrausen-classic-starter-set-anthrazit-orange\/","name":"Bew\u00e4sserungsbrausen classic Starter Set; anthrazit, orange - Bantam Camping AG","isPartOf":{"@id":"https:\/\/shop.bantam.ch\/de\/#website"},"primaryImageOfPage":{"@id":"https:\/\/shop.bantam.ch\/de\/produkt\/bewaesserungsbrausen-classic-starter-set-anthrazit-orange\/#primaryimage"},"image":{"@id":"https:\/\/shop.bantam.ch\/de\/produkt\/bewaesserungsbrausen-classic-starter-set-anthrazit-orange\/#primaryimage"},"thumbnailUrl":"https:\/\/shop.bantam.ch\/wp-content\/uploads\/2026\/01\/Movera-L-9988236100.png","datePublished":"2026-01-06T17:18:13+00:00","dateModified":"2026-04-19T22:00:46+00:00","breadcrumb":{"@id":"https:\/\/shop.bantam.ch\/de\/produkt\/bewaesserungsbrausen-classic-starter-set-anthrazit-orange\/#breadcrumb"},"inLanguage":"de","potentialAction":[{"@type":"ReadAction","target":["https:\/\/shop.bantam.ch\/de\/produkt\/bewaesserungsbrausen-classic-starter-set-anthrazit-orange\/"]}]},{"@type":"ImageObject","inLanguage":"de","@id":"https:\/\/shop.bantam.ch\/de\/produkt\/bewaesserungsbrausen-classic-starter-set-anthrazit-orange\/#primaryimage","url":"https:\/\/shop.bantam.ch\/wp-content\/uploads\/2026\/01\/Movera-L-9988236100.png","contentUrl":"https:\/\/shop.bantam.ch\/wp-content\/uploads\/2026\/01\/Movera-L-9988236100.png","width":242,"height":198},{"@type":"BreadcrumbList","@id":"https:\/\/shop.bantam.ch\/de\/produkt\/bewaesserungsbrausen-classic-starter-set-anthrazit-orange\/#breadcrumb","itemListElement":[{"@type":"ListItem","position":1,"name":"Accueil","item":"https:\/\/shop.bantam.ch\/de\/"},{"@type":"ListItem","position":2,"name":"Shop","item":"https:\/\/shop.bantam.ch\/de\/shop\/"},{"@type":"ListItem","position":3,"name":"Bew\u00e4sserungsbrausen classic Starter Set; anthrazit, orange"}]},{"@type":"WebSite","@id":"https:\/\/shop.bantam.ch\/de\/#website","url":"https:\/\/shop.bantam.ch\/de\/","name":"Bantam Camping AG","description":"","publisher":{"@id":"https:\/\/shop.bantam.ch\/de\/#organization"},"inLanguage":"de"},{"@type":"Organization","@id":"https:\/\/shop.bantam.ch\/de\/#organization","name":"Bantam Camping AG","url":"https:\/\/shop.bantam.ch\/de\/","logo":{"@type":"ImageObject","inLanguage":"de","@id":"https:\/\/shop.bantam.ch\/de\/#\/schema\/logo\/image\/","url":"https:\/\/shop.bantam.ch\/wp-content\/uploads\/2022\/12\/bantam-logo.png","contentUrl":"https:\/\/shop.bantam.ch\/wp-content\/uploads\/2022\/12\/bantam-logo.png","width":320,"height":71,"caption":"Bantam Camping AG"},"image":{"@id":"https:\/\/shop.bantam.ch\/de\/#\/schema\/logo\/image\/"}}]}},"_links":{"self":[{"href":"https:\/\/shop.bantam.ch\/de\/wp-json\/wp\/v2\/product\/232070","targetHints":{"allow":["GET"]}}],"collection":[{"href":"https:\/\/shop.bantam.ch\/de\/wp-json\/wp\/v2\/product"}],"about":[{"href":"https:\/\/shop.bantam.ch\/de\/wp-json\/wp\/v2\/types\/product"}],"wp:featuredmedia":[{"embeddable":true,"href":"https:\/\/shop.bantam.ch\/de\/wp-json\/wp\/v2\/media\/232068"}],"wp:attachment":[{"href":"https:\/\/shop.bantam.ch\/de\/wp-json\/wp\/v2\/media?parent=232070"}],"wp:term":[{"taxonomy":"product_featured_cat","embeddable":true,"href":"https:\/\/shop.bantam.ch\/de\/wp-json\/wp\/v2\/product_featured_cat?post=232070"},{"taxonomy":"product_brand","embeddable":true,"href":"https:\/\/shop.bantam.ch\/de\/wp-json\/wp\/v2\/product_brand?post=232070"},{"taxonomy":"product_cat","embeddable":true,"href":"https:\/\/shop.bantam.ch\/de\/wp-json\/wp\/v2\/product_cat?post=232070"},{"taxonomy":"product_tag","embeddable":true,"href":"https:\/\/shop.bantam.ch\/de\/wp-json\/wp\/v2\/product_tag?post=232070"}],"curies":[{"name":"wp","href":"https:\/\/api.w.org\/{rel}","templated":true}]}}