{"id":232064,"date":"2026-01-06T18:17:55","date_gmt":"2026-01-06T17:17:55","guid":{"rendered":"https:\/\/shop.bantam.ch\/produit\/vorratsdosenset-easyclip-3tlg\/"},"modified":"2026-04-20T03:00:19","modified_gmt":"2026-04-20T01:00:19","slug":"vorratsdosenset-easyclip-3tlg","status":"publish","type":"product","link":"https:\/\/shop.bantam.ch\/de\/produkt\/vorratsdosenset-easyclip-3tlg\/","title":{"rendered":"Vorratsdosenset Easyclip 3tlg."},"content":{"rendered":"<p>Das dreiteilige Frischhaltedosen-Set EasyClip ist ideal f\u00fcr die Aufbewahrung deiner Lieblingssalate, von leckeren Nudeln und anderen Speiseresten. Das Set besteht aus drei Frischhaltedosen. Mit nur einem Klick l\u00e4sst sich die Dose luftdicht und auslaufsicher verschlie\u00dfen und ordentlich im K\u00fchlschrank und Tiefk\u00fchler stapeln. Klick, dicht und aufbewahrt! Das durchdachte Design des Kunststoffbeh\u00e4lters sorgt auch mit Deckel f\u00fcr \u00dcbersicht und Ordnung in deinem K\u00fchlschrank und Tiefk\u00fchler. Und dank des transparenten Deckels siehst du immer auf einen Blick, was sich im Inneren der Dose befindet. Auch kannst du die praktische Dose zusammen mit dem Deckel in der Mikrowelle verwenden. \u00d6ffne dazu einfach den Verschluss-Clip mit dem patentierten L\u00fcftungsventil. So zauberst du im Handumdrehen aus dem K\u00fchlschrank oder Tiefk\u00fchler dein Lieblingsgericht auf den Tisch.<\/p>\n","protected":false},"excerpt":{"rendered":"<p>Das dreiteilige Frischhaltedosen-Set EasyClip ist ideal f\u00fcr die Aufbewahrung deiner Lieblingssalate, von leckeren Nudeln und anderen Speiseresten. Das Set besteht aus drei Frischhaltedosen. Mit nur einem Klick l\u00e4sst sich die Dose luftdicht und auslaufsicher verschlie\u00dfen und ordentlich im K\u00fchlschrank und Tiefk\u00fchler stapeln. Klick, dicht und aufbewahrt! Das durchdachte Design des Kunststoffbeh\u00e4lters sorgt auch mit Deckel [&hellip;]<\/p>\n","protected":false},"featured_media":232060,"template":"","meta":{"_acf_changed":false},"product_featured_cat":[],"product_brand":[],"product_cat":[4332],"product_tag":[],"class_list":{"0":"post-232064","1":"product","2":"type-product","3":"status-publish","4":"has-post-thumbnail","6":"product_cat-vorrats-frischaltedosen","8":"first","9":"instock","10":"taxable","11":"shipping-taxable","12":"purchasable","13":"product-type-variable"},"acf":[],"yoast_head":"<!-- This site is optimized with the Yoast SEO plugin v27.4 - https:\/\/yoast.com\/product\/yoast-seo-wordpress\/ -->\n<title>Vorratsdosenset Easyclip 3tlg. - Bantam Camping AG<\/title>\n<meta name=\"robots\" content=\"index, follow, max-snippet:-1, max-image-preview:large, max-video-preview:-1\" \/>\n<link rel=\"canonical\" href=\"https:\/\/shop.bantam.ch\/de\/produkt\/vorratsdosenset-easyclip-3tlg\/\" \/>\n<meta property=\"og:locale\" content=\"de_DE\" \/>\n<meta property=\"og:type\" content=\"article\" \/>\n<meta property=\"og:title\" content=\"Vorratsdosenset Easyclip 3tlg. - Bantam Camping AG\" \/>\n<meta property=\"og:description\" content=\"Das dreiteilige Frischhaltedosen-Set EasyClip ist ideal f\u00fcr die Aufbewahrung deiner Lieblingssalate, von leckeren Nudeln und anderen Speiseresten. Das Set besteht aus drei Frischhaltedosen. Mit nur einem Klick l\u00e4sst sich die Dose luftdicht und auslaufsicher verschlie\u00dfen und ordentlich im K\u00fchlschrank und Tiefk\u00fchler stapeln. Klick, dicht und aufbewahrt! Das durchdachte Design des Kunststoffbeh\u00e4lters sorgt auch mit Deckel [&hellip;]\" \/>\n<meta property=\"og:url\" content=\"https:\/\/shop.bantam.ch\/de\/produkt\/vorratsdosenset-easyclip-3tlg\/\" \/>\n<meta property=\"og:site_name\" content=\"Bantam Camping AG\" \/>\n<meta property=\"article:modified_time\" content=\"2026-04-20T01:00:19+00:00\" \/>\n<meta name=\"twitter:card\" content=\"summary_large_image\" \/>\n<meta name=\"twitter:label1\" content=\"Gesch\u00e4tzte Lesezeit\" \/>\n\t<meta name=\"twitter:data1\" content=\"1\u00a0Minute\" \/>\n<script type=\"application\/ld+json\" class=\"yoast-schema-graph\">{\"@context\":\"https:\\\/\\\/schema.org\",\"@graph\":[{\"@type\":\"WebPage\",\"@id\":\"https:\\\/\\\/shop.bantam.ch\\\/de\\\/produkt\\\/vorratsdosenset-easyclip-3tlg\\\/\",\"url\":\"https:\\\/\\\/shop.bantam.ch\\\/de\\\/produkt\\\/vorratsdosenset-easyclip-3tlg\\\/\",\"name\":\"Vorratsdosenset Easyclip 3tlg. - Bantam Camping AG\",\"isPartOf\":{\"@id\":\"https:\\\/\\\/shop.bantam.ch\\\/de\\\/#website\"},\"primaryImageOfPage\":{\"@id\":\"https:\\\/\\\/shop.bantam.ch\\\/de\\\/produkt\\\/vorratsdosenset-easyclip-3tlg\\\/#primaryimage\"},\"image\":{\"@id\":\"https:\\\/\\\/shop.bantam.ch\\\/de\\\/produkt\\\/vorratsdosenset-easyclip-3tlg\\\/#primaryimage\"},\"thumbnailUrl\":\"https:\\\/\\\/shop.bantam.ch\\\/wp-content\\\/uploads\\\/2026\\\/01\\\/Movera-L-9987351100.jpg\",\"datePublished\":\"2026-01-06T17:17:55+00:00\",\"dateModified\":\"2026-04-20T01:00:19+00:00\",\"breadcrumb\":{\"@id\":\"https:\\\/\\\/shop.bantam.ch\\\/de\\\/produkt\\\/vorratsdosenset-easyclip-3tlg\\\/#breadcrumb\"},\"inLanguage\":\"de\",\"potentialAction\":[{\"@type\":\"ReadAction\",\"target\":[\"https:\\\/\\\/shop.bantam.ch\\\/de\\\/produkt\\\/vorratsdosenset-easyclip-3tlg\\\/\"]}]},{\"@type\":\"ImageObject\",\"inLanguage\":\"de\",\"@id\":\"https:\\\/\\\/shop.bantam.ch\\\/de\\\/produkt\\\/vorratsdosenset-easyclip-3tlg\\\/#primaryimage\",\"url\":\"https:\\\/\\\/shop.bantam.ch\\\/wp-content\\\/uploads\\\/2026\\\/01\\\/Movera-L-9987351100.jpg\",\"contentUrl\":\"https:\\\/\\\/shop.bantam.ch\\\/wp-content\\\/uploads\\\/2026\\\/01\\\/Movera-L-9987351100.jpg\",\"width\":640,\"height\":427},{\"@type\":\"BreadcrumbList\",\"@id\":\"https:\\\/\\\/shop.bantam.ch\\\/de\\\/produkt\\\/vorratsdosenset-easyclip-3tlg\\\/#breadcrumb\",\"itemListElement\":[{\"@type\":\"ListItem\",\"position\":1,\"name\":\"Accueil\",\"item\":\"https:\\\/\\\/shop.bantam.ch\\\/de\\\/\"},{\"@type\":\"ListItem\",\"position\":2,\"name\":\"Shop\",\"item\":\"https:\\\/\\\/shop.bantam.ch\\\/de\\\/shop\\\/\"},{\"@type\":\"ListItem\",\"position\":3,\"name\":\"Vorratsdosenset Easyclip 3tlg.\"}]},{\"@type\":\"WebSite\",\"@id\":\"https:\\\/\\\/shop.bantam.ch\\\/de\\\/#website\",\"url\":\"https:\\\/\\\/shop.bantam.ch\\\/de\\\/\",\"name\":\"Bantam Camping AG\",\"description\":\"\",\"publisher\":{\"@id\":\"https:\\\/\\\/shop.bantam.ch\\\/de\\\/#organization\"},\"inLanguage\":\"de\"},{\"@type\":\"Organization\",\"@id\":\"https:\\\/\\\/shop.bantam.ch\\\/de\\\/#organization\",\"name\":\"Bantam Camping AG\",\"url\":\"https:\\\/\\\/shop.bantam.ch\\\/de\\\/\",\"logo\":{\"@type\":\"ImageObject\",\"inLanguage\":\"de\",\"@id\":\"https:\\\/\\\/shop.bantam.ch\\\/de\\\/#\\\/schema\\\/logo\\\/image\\\/\",\"url\":\"https:\\\/\\\/shop.bantam.ch\\\/wp-content\\\/uploads\\\/2022\\\/12\\\/bantam-logo.png\",\"contentUrl\":\"https:\\\/\\\/shop.bantam.ch\\\/wp-content\\\/uploads\\\/2022\\\/12\\\/bantam-logo.png\",\"width\":320,\"height\":71,\"caption\":\"Bantam Camping AG\"},\"image\":{\"@id\":\"https:\\\/\\\/shop.bantam.ch\\\/de\\\/#\\\/schema\\\/logo\\\/image\\\/\"}}]}<\/script>\n<!-- \/ Yoast SEO plugin. -->","yoast_head_json":{"title":"Vorratsdosenset Easyclip 3tlg. - Bantam Camping AG","robots":{"index":"index","follow":"follow","max-snippet":"max-snippet:-1","max-image-preview":"max-image-preview:large","max-video-preview":"max-video-preview:-1"},"canonical":"https:\/\/shop.bantam.ch\/de\/produkt\/vorratsdosenset-easyclip-3tlg\/","og_locale":"de_DE","og_type":"article","og_title":"Vorratsdosenset Easyclip 3tlg. - Bantam Camping AG","og_description":"Das dreiteilige Frischhaltedosen-Set EasyClip ist ideal f\u00fcr die Aufbewahrung deiner Lieblingssalate, von leckeren Nudeln und anderen Speiseresten. Das Set besteht aus drei Frischhaltedosen. Mit nur einem Klick l\u00e4sst sich die Dose luftdicht und auslaufsicher verschlie\u00dfen und ordentlich im K\u00fchlschrank und Tiefk\u00fchler stapeln. Klick, dicht und aufbewahrt! Das durchdachte Design des Kunststoffbeh\u00e4lters sorgt auch mit Deckel [&hellip;]","og_url":"https:\/\/shop.bantam.ch\/de\/produkt\/vorratsdosenset-easyclip-3tlg\/","og_site_name":"Bantam Camping AG","article_modified_time":"2026-04-20T01:00:19+00:00","twitter_card":"summary_large_image","twitter_misc":{"Gesch\u00e4tzte Lesezeit":"1\u00a0Minute"},"schema":{"@context":"https:\/\/schema.org","@graph":[{"@type":"WebPage","@id":"https:\/\/shop.bantam.ch\/de\/produkt\/vorratsdosenset-easyclip-3tlg\/","url":"https:\/\/shop.bantam.ch\/de\/produkt\/vorratsdosenset-easyclip-3tlg\/","name":"Vorratsdosenset Easyclip 3tlg. - Bantam Camping AG","isPartOf":{"@id":"https:\/\/shop.bantam.ch\/de\/#website"},"primaryImageOfPage":{"@id":"https:\/\/shop.bantam.ch\/de\/produkt\/vorratsdosenset-easyclip-3tlg\/#primaryimage"},"image":{"@id":"https:\/\/shop.bantam.ch\/de\/produkt\/vorratsdosenset-easyclip-3tlg\/#primaryimage"},"thumbnailUrl":"https:\/\/shop.bantam.ch\/wp-content\/uploads\/2026\/01\/Movera-L-9987351100.jpg","datePublished":"2026-01-06T17:17:55+00:00","dateModified":"2026-04-20T01:00:19+00:00","breadcrumb":{"@id":"https:\/\/shop.bantam.ch\/de\/produkt\/vorratsdosenset-easyclip-3tlg\/#breadcrumb"},"inLanguage":"de","potentialAction":[{"@type":"ReadAction","target":["https:\/\/shop.bantam.ch\/de\/produkt\/vorratsdosenset-easyclip-3tlg\/"]}]},{"@type":"ImageObject","inLanguage":"de","@id":"https:\/\/shop.bantam.ch\/de\/produkt\/vorratsdosenset-easyclip-3tlg\/#primaryimage","url":"https:\/\/shop.bantam.ch\/wp-content\/uploads\/2026\/01\/Movera-L-9987351100.jpg","contentUrl":"https:\/\/shop.bantam.ch\/wp-content\/uploads\/2026\/01\/Movera-L-9987351100.jpg","width":640,"height":427},{"@type":"BreadcrumbList","@id":"https:\/\/shop.bantam.ch\/de\/produkt\/vorratsdosenset-easyclip-3tlg\/#breadcrumb","itemListElement":[{"@type":"ListItem","position":1,"name":"Accueil","item":"https:\/\/shop.bantam.ch\/de\/"},{"@type":"ListItem","position":2,"name":"Shop","item":"https:\/\/shop.bantam.ch\/de\/shop\/"},{"@type":"ListItem","position":3,"name":"Vorratsdosenset Easyclip 3tlg."}]},{"@type":"WebSite","@id":"https:\/\/shop.bantam.ch\/de\/#website","url":"https:\/\/shop.bantam.ch\/de\/","name":"Bantam Camping AG","description":"","publisher":{"@id":"https:\/\/shop.bantam.ch\/de\/#organization"},"inLanguage":"de"},{"@type":"Organization","@id":"https:\/\/shop.bantam.ch\/de\/#organization","name":"Bantam Camping AG","url":"https:\/\/shop.bantam.ch\/de\/","logo":{"@type":"ImageObject","inLanguage":"de","@id":"https:\/\/shop.bantam.ch\/de\/#\/schema\/logo\/image\/","url":"https:\/\/shop.bantam.ch\/wp-content\/uploads\/2022\/12\/bantam-logo.png","contentUrl":"https:\/\/shop.bantam.ch\/wp-content\/uploads\/2022\/12\/bantam-logo.png","width":320,"height":71,"caption":"Bantam Camping AG"},"image":{"@id":"https:\/\/shop.bantam.ch\/de\/#\/schema\/logo\/image\/"}}]}},"_links":{"self":[{"href":"https:\/\/shop.bantam.ch\/de\/wp-json\/wp\/v2\/product\/232064","targetHints":{"allow":["GET"]}}],"collection":[{"href":"https:\/\/shop.bantam.ch\/de\/wp-json\/wp\/v2\/product"}],"about":[{"href":"https:\/\/shop.bantam.ch\/de\/wp-json\/wp\/v2\/types\/product"}],"wp:featuredmedia":[{"embeddable":true,"href":"https:\/\/shop.bantam.ch\/de\/wp-json\/wp\/v2\/media\/232060"}],"wp:attachment":[{"href":"https:\/\/shop.bantam.ch\/de\/wp-json\/wp\/v2\/media?parent=232064"}],"wp:term":[{"taxonomy":"product_featured_cat","embeddable":true,"href":"https:\/\/shop.bantam.ch\/de\/wp-json\/wp\/v2\/product_featured_cat?post=232064"},{"taxonomy":"product_brand","embeddable":true,"href":"https:\/\/shop.bantam.ch\/de\/wp-json\/wp\/v2\/product_brand?post=232064"},{"taxonomy":"product_cat","embeddable":true,"href":"https:\/\/shop.bantam.ch\/de\/wp-json\/wp\/v2\/product_cat?post=232064"},{"taxonomy":"product_tag","embeddable":true,"href":"https:\/\/shop.bantam.ch\/de\/wp-json\/wp\/v2\/product_tag?post=232064"}],"curies":[{"name":"wp","href":"https:\/\/api.w.org\/{rel}","templated":true}]}}