{"id":232050,"date":"2026-01-06T18:17:37","date_gmt":"2026-01-06T17:17:37","guid":{"rendered":"https:\/\/shop.bantam.ch\/produit\/schnittstelle-node-connect\/"},"modified":"2026-04-21T23:58:43","modified_gmt":"2026-04-21T21:58:43","slug":"schnittstelle-node-connect","status":"publish","type":"product","link":"https:\/\/shop.bantam.ch\/de\/produkt\/schnittstelle-node-connect\/","title":{"rendered":"Schnittstelle NODE Connect"},"content":{"rendered":"<p>Die NODE Connect ist unsere neue digitale Schnittstelle zu anderen Herstellern und bietet viele Integrationen. F\u00fcr direkte Informationen siehe die jeweiligen Integrationsseiten.<br \/>\n&nbsp;&nbsp; &nbsp;&nbsp;&nbsp; &nbsp;<\/p>\n<ul>\n<li>Maximale Kompatibilit\u00e4t: Die digitale Schnittstelle erm\u00f6glicht die einfache Integration mit zahlreichen Herstellern und Ger\u00e4ten<\/li>\n<li>Vielseitige Steuerung: Eine NODE, viele Adapterkabel \u2013 vereinfacht die Anbindung von Heizung, Klimaanlage, Alarmanlage und mehr<\/li>\n<li>Zukunftssicher &amp; erweiterbar: Neue Updates erweitern kontinuierlich die Kompatibilit\u00e4t mit weiteren Ger\u00e4ten<\/li>\n<li>Plug &amp; Play Installation: Dank der speziellen Adapterkabel l\u00e4sst sich die NODE Connect schnell und unkompliziert einrichten<\/li>\n<li>Optimale Anpassung: Pro Ger\u00e4t wird eine NODE verwendet \u2013 f\u00fcr eine individuelle und gezielte Steuerung<\/li>\n<li>Spannungsbereich (bei Nutzung): 0-36 V<\/li>\n<li>Stromaufnahme: 0,5 W<\/li>\n<li>Max. Durchfluss-Strom: 20A<\/li>\n<li>Betriebstemperatur: -20\u00b0C bis 50\u00b0C<\/li>\n<li>Spannung: 12\/24 V<\/li>\n<li>Ma\u00dfe: 8 x 2,5 x 4,5 cm (B x H x T)<\/li>\n<li>BRAIN ben\u00f6tigt<\/li>\n<\/ul>\n","protected":false},"excerpt":{"rendered":"<p>Die NODE Connect ist unsere neue digitale Schnittstelle zu anderen Herstellern und bietet viele Integrationen. F\u00fcr direkte Informationen siehe die jeweiligen Integrationsseiten. &nbsp;&nbsp; &nbsp;&nbsp;&nbsp; &nbsp; Maximale Kompatibilit\u00e4t: Die digitale Schnittstelle erm\u00f6glicht die einfache Integration mit zahlreichen Herstellern und Ger\u00e4ten Vielseitige Steuerung: Eine NODE, viele Adapterkabel \u2013 vereinfacht die Anbindung von Heizung, Klimaanlage, Alarmanlage und mehr [&hellip;]<\/p>\n","protected":false},"featured_media":232042,"template":"","meta":{"_acf_changed":false},"product_featured_cat":[],"product_brand":[],"product_cat":[4662],"product_tag":[],"class_list":{"0":"post-232050","1":"product","2":"type-product","3":"status-publish","4":"has-post-thumbnail","6":"product_cat-smart-home","8":"first","9":"instock","10":"taxable","11":"shipping-taxable","12":"purchasable","13":"product-type-simple"},"acf":[],"yoast_head":"<!-- This site is optimized with the Yoast SEO plugin v27.4 - https:\/\/yoast.com\/product\/yoast-seo-wordpress\/ -->\n<title>Schnittstelle NODE Connect - Bantam Camping AG<\/title>\n<meta name=\"robots\" content=\"index, follow, max-snippet:-1, max-image-preview:large, max-video-preview:-1\" \/>\n<link rel=\"canonical\" href=\"https:\/\/shop.bantam.ch\/de\/produkt\/schnittstelle-node-connect\/\" \/>\n<meta property=\"og:locale\" content=\"de_DE\" \/>\n<meta property=\"og:type\" content=\"article\" \/>\n<meta property=\"og:title\" content=\"Schnittstelle NODE Connect - Bantam Camping AG\" \/>\n<meta property=\"og:description\" content=\"Die NODE Connect ist unsere neue digitale Schnittstelle zu anderen Herstellern und bietet viele Integrationen. F\u00fcr direkte Informationen siehe die jeweiligen Integrationsseiten. &nbsp;&nbsp; &nbsp;&nbsp;&nbsp; &nbsp; Maximale Kompatibilit\u00e4t: Die digitale Schnittstelle erm\u00f6glicht die einfache Integration mit zahlreichen Herstellern und Ger\u00e4ten Vielseitige Steuerung: Eine NODE, viele Adapterkabel \u2013 vereinfacht die Anbindung von Heizung, Klimaanlage, Alarmanlage und mehr [&hellip;]\" \/>\n<meta property=\"og:url\" content=\"https:\/\/shop.bantam.ch\/de\/produkt\/schnittstelle-node-connect\/\" \/>\n<meta property=\"og:site_name\" content=\"Bantam Camping AG\" \/>\n<meta property=\"article:modified_time\" content=\"2026-04-21T21:58:43+00:00\" \/>\n<meta name=\"twitter:card\" content=\"summary_large_image\" \/>\n<meta name=\"twitter:label1\" content=\"Gesch\u00e4tzte Lesezeit\" \/>\n\t<meta name=\"twitter:data1\" content=\"1\u00a0Minute\" \/>\n<script type=\"application\/ld+json\" class=\"yoast-schema-graph\">{\"@context\":\"https:\\\/\\\/schema.org\",\"@graph\":[{\"@type\":\"WebPage\",\"@id\":\"https:\\\/\\\/shop.bantam.ch\\\/de\\\/produkt\\\/schnittstelle-node-connect\\\/\",\"url\":\"https:\\\/\\\/shop.bantam.ch\\\/de\\\/produkt\\\/schnittstelle-node-connect\\\/\",\"name\":\"Schnittstelle NODE Connect - Bantam Camping AG\",\"isPartOf\":{\"@id\":\"https:\\\/\\\/shop.bantam.ch\\\/de\\\/#website\"},\"primaryImageOfPage\":{\"@id\":\"https:\\\/\\\/shop.bantam.ch\\\/de\\\/produkt\\\/schnittstelle-node-connect\\\/#primaryimage\"},\"image\":{\"@id\":\"https:\\\/\\\/shop.bantam.ch\\\/de\\\/produkt\\\/schnittstelle-node-connect\\\/#primaryimage\"},\"thumbnailUrl\":\"https:\\\/\\\/shop.bantam.ch\\\/wp-content\\\/uploads\\\/2026\\\/01\\\/Movera-L-9985338100.jpg\",\"datePublished\":\"2026-01-06T17:17:37+00:00\",\"dateModified\":\"2026-04-21T21:58:43+00:00\",\"breadcrumb\":{\"@id\":\"https:\\\/\\\/shop.bantam.ch\\\/de\\\/produkt\\\/schnittstelle-node-connect\\\/#breadcrumb\"},\"inLanguage\":\"de\",\"potentialAction\":[{\"@type\":\"ReadAction\",\"target\":[\"https:\\\/\\\/shop.bantam.ch\\\/de\\\/produkt\\\/schnittstelle-node-connect\\\/\"]}]},{\"@type\":\"ImageObject\",\"inLanguage\":\"de\",\"@id\":\"https:\\\/\\\/shop.bantam.ch\\\/de\\\/produkt\\\/schnittstelle-node-connect\\\/#primaryimage\",\"url\":\"https:\\\/\\\/shop.bantam.ch\\\/wp-content\\\/uploads\\\/2026\\\/01\\\/Movera-L-9985338100.jpg\",\"contentUrl\":\"https:\\\/\\\/shop.bantam.ch\\\/wp-content\\\/uploads\\\/2026\\\/01\\\/Movera-L-9985338100.jpg\",\"width\":640,\"height\":640},{\"@type\":\"BreadcrumbList\",\"@id\":\"https:\\\/\\\/shop.bantam.ch\\\/de\\\/produkt\\\/schnittstelle-node-connect\\\/#breadcrumb\",\"itemListElement\":[{\"@type\":\"ListItem\",\"position\":1,\"name\":\"Accueil\",\"item\":\"https:\\\/\\\/shop.bantam.ch\\\/de\\\/\"},{\"@type\":\"ListItem\",\"position\":2,\"name\":\"Shop\",\"item\":\"https:\\\/\\\/shop.bantam.ch\\\/de\\\/shop\\\/\"},{\"@type\":\"ListItem\",\"position\":3,\"name\":\"Schnittstelle NODE Connect\"}]},{\"@type\":\"WebSite\",\"@id\":\"https:\\\/\\\/shop.bantam.ch\\\/de\\\/#website\",\"url\":\"https:\\\/\\\/shop.bantam.ch\\\/de\\\/\",\"name\":\"Bantam Camping AG\",\"description\":\"\",\"publisher\":{\"@id\":\"https:\\\/\\\/shop.bantam.ch\\\/de\\\/#organization\"},\"inLanguage\":\"de\"},{\"@type\":\"Organization\",\"@id\":\"https:\\\/\\\/shop.bantam.ch\\\/de\\\/#organization\",\"name\":\"Bantam Camping AG\",\"url\":\"https:\\\/\\\/shop.bantam.ch\\\/de\\\/\",\"logo\":{\"@type\":\"ImageObject\",\"inLanguage\":\"de\",\"@id\":\"https:\\\/\\\/shop.bantam.ch\\\/de\\\/#\\\/schema\\\/logo\\\/image\\\/\",\"url\":\"https:\\\/\\\/shop.bantam.ch\\\/wp-content\\\/uploads\\\/2022\\\/12\\\/bantam-logo.png\",\"contentUrl\":\"https:\\\/\\\/shop.bantam.ch\\\/wp-content\\\/uploads\\\/2022\\\/12\\\/bantam-logo.png\",\"width\":320,\"height\":71,\"caption\":\"Bantam Camping AG\"},\"image\":{\"@id\":\"https:\\\/\\\/shop.bantam.ch\\\/de\\\/#\\\/schema\\\/logo\\\/image\\\/\"}}]}<\/script>\n<!-- \/ Yoast SEO plugin. -->","yoast_head_json":{"title":"Schnittstelle NODE Connect - Bantam Camping AG","robots":{"index":"index","follow":"follow","max-snippet":"max-snippet:-1","max-image-preview":"max-image-preview:large","max-video-preview":"max-video-preview:-1"},"canonical":"https:\/\/shop.bantam.ch\/de\/produkt\/schnittstelle-node-connect\/","og_locale":"de_DE","og_type":"article","og_title":"Schnittstelle NODE Connect - Bantam Camping AG","og_description":"Die NODE Connect ist unsere neue digitale Schnittstelle zu anderen Herstellern und bietet viele Integrationen. F\u00fcr direkte Informationen siehe die jeweiligen Integrationsseiten. &nbsp;&nbsp; &nbsp;&nbsp;&nbsp; &nbsp; Maximale Kompatibilit\u00e4t: Die digitale Schnittstelle erm\u00f6glicht die einfache Integration mit zahlreichen Herstellern und Ger\u00e4ten Vielseitige Steuerung: Eine NODE, viele Adapterkabel \u2013 vereinfacht die Anbindung von Heizung, Klimaanlage, Alarmanlage und mehr [&hellip;]","og_url":"https:\/\/shop.bantam.ch\/de\/produkt\/schnittstelle-node-connect\/","og_site_name":"Bantam Camping AG","article_modified_time":"2026-04-21T21:58:43+00:00","twitter_card":"summary_large_image","twitter_misc":{"Gesch\u00e4tzte Lesezeit":"1\u00a0Minute"},"schema":{"@context":"https:\/\/schema.org","@graph":[{"@type":"WebPage","@id":"https:\/\/shop.bantam.ch\/de\/produkt\/schnittstelle-node-connect\/","url":"https:\/\/shop.bantam.ch\/de\/produkt\/schnittstelle-node-connect\/","name":"Schnittstelle NODE Connect - Bantam Camping AG","isPartOf":{"@id":"https:\/\/shop.bantam.ch\/de\/#website"},"primaryImageOfPage":{"@id":"https:\/\/shop.bantam.ch\/de\/produkt\/schnittstelle-node-connect\/#primaryimage"},"image":{"@id":"https:\/\/shop.bantam.ch\/de\/produkt\/schnittstelle-node-connect\/#primaryimage"},"thumbnailUrl":"https:\/\/shop.bantam.ch\/wp-content\/uploads\/2026\/01\/Movera-L-9985338100.jpg","datePublished":"2026-01-06T17:17:37+00:00","dateModified":"2026-04-21T21:58:43+00:00","breadcrumb":{"@id":"https:\/\/shop.bantam.ch\/de\/produkt\/schnittstelle-node-connect\/#breadcrumb"},"inLanguage":"de","potentialAction":[{"@type":"ReadAction","target":["https:\/\/shop.bantam.ch\/de\/produkt\/schnittstelle-node-connect\/"]}]},{"@type":"ImageObject","inLanguage":"de","@id":"https:\/\/shop.bantam.ch\/de\/produkt\/schnittstelle-node-connect\/#primaryimage","url":"https:\/\/shop.bantam.ch\/wp-content\/uploads\/2026\/01\/Movera-L-9985338100.jpg","contentUrl":"https:\/\/shop.bantam.ch\/wp-content\/uploads\/2026\/01\/Movera-L-9985338100.jpg","width":640,"height":640},{"@type":"BreadcrumbList","@id":"https:\/\/shop.bantam.ch\/de\/produkt\/schnittstelle-node-connect\/#breadcrumb","itemListElement":[{"@type":"ListItem","position":1,"name":"Accueil","item":"https:\/\/shop.bantam.ch\/de\/"},{"@type":"ListItem","position":2,"name":"Shop","item":"https:\/\/shop.bantam.ch\/de\/shop\/"},{"@type":"ListItem","position":3,"name":"Schnittstelle NODE Connect"}]},{"@type":"WebSite","@id":"https:\/\/shop.bantam.ch\/de\/#website","url":"https:\/\/shop.bantam.ch\/de\/","name":"Bantam Camping AG","description":"","publisher":{"@id":"https:\/\/shop.bantam.ch\/de\/#organization"},"inLanguage":"de"},{"@type":"Organization","@id":"https:\/\/shop.bantam.ch\/de\/#organization","name":"Bantam Camping AG","url":"https:\/\/shop.bantam.ch\/de\/","logo":{"@type":"ImageObject","inLanguage":"de","@id":"https:\/\/shop.bantam.ch\/de\/#\/schema\/logo\/image\/","url":"https:\/\/shop.bantam.ch\/wp-content\/uploads\/2022\/12\/bantam-logo.png","contentUrl":"https:\/\/shop.bantam.ch\/wp-content\/uploads\/2022\/12\/bantam-logo.png","width":320,"height":71,"caption":"Bantam Camping AG"},"image":{"@id":"https:\/\/shop.bantam.ch\/de\/#\/schema\/logo\/image\/"}}]}},"_links":{"self":[{"href":"https:\/\/shop.bantam.ch\/de\/wp-json\/wp\/v2\/product\/232050","targetHints":{"allow":["GET"]}}],"collection":[{"href":"https:\/\/shop.bantam.ch\/de\/wp-json\/wp\/v2\/product"}],"about":[{"href":"https:\/\/shop.bantam.ch\/de\/wp-json\/wp\/v2\/types\/product"}],"wp:featuredmedia":[{"embeddable":true,"href":"https:\/\/shop.bantam.ch\/de\/wp-json\/wp\/v2\/media\/232042"}],"wp:attachment":[{"href":"https:\/\/shop.bantam.ch\/de\/wp-json\/wp\/v2\/media?parent=232050"}],"wp:term":[{"taxonomy":"product_featured_cat","embeddable":true,"href":"https:\/\/shop.bantam.ch\/de\/wp-json\/wp\/v2\/product_featured_cat?post=232050"},{"taxonomy":"product_brand","embeddable":true,"href":"https:\/\/shop.bantam.ch\/de\/wp-json\/wp\/v2\/product_brand?post=232050"},{"taxonomy":"product_cat","embeddable":true,"href":"https:\/\/shop.bantam.ch\/de\/wp-json\/wp\/v2\/product_cat?post=232050"},{"taxonomy":"product_tag","embeddable":true,"href":"https:\/\/shop.bantam.ch\/de\/wp-json\/wp\/v2\/product_tag?post=232050"}],"curies":[{"name":"wp","href":"https:\/\/api.w.org\/{rel}","templated":true}]}}