{"id":232040,"date":"2026-01-06T18:17:28","date_gmt":"2026-01-06T17:17:28","guid":{"rendered":"https:\/\/shop.bantam.ch\/produit\/temperaturmodul-node-temp\/"},"modified":"2026-04-21T23:58:42","modified_gmt":"2026-04-21T21:58:42","slug":"temperaturmodul-node-temp","status":"publish","type":"product","link":"https:\/\/shop.bantam.ch\/de\/produkt\/temperaturmodul-node-temp\/","title":{"rendered":"Temperaturmodul NODE Temp"},"content":{"rendered":"<p>Die NODE Temp ist unser Temperaturmodul.<br \/>\n&nbsp;&nbsp; &nbsp;&nbsp;&nbsp; &nbsp;<\/p>\n<ul>\n<li>Pr\u00e4zise Temperatur\u00fcberwachung: Misst zuverl\u00e4ssig Temperaturen f\u00fcr maximale Kontrolle<\/li>\n<li>Flexible Einsatzm\u00f6glichkeiten: Die Sensoren k\u00f6nnen frei in Ger\u00e4ten oder im Au\u00dfenbereich verbaut werden<\/li>\n<li>Smarte Hinweise &amp; Warnungen: Informiert dich rechtzeitig \u00fcber kritische Temperaturver\u00e4nderungen<\/li>\n<li>Spannungsbereich (bei Nutzung): 6-36 V<\/li>\n<li>Stromaufnahme: 0,5 W<\/li>\n<li>Max. Durchfluss-Strom insgesamt: 20A<\/li>\n<li>Anzahl anschlie\u00dfbarer Sensoren: 2<\/li>\n<li>Betriebstemperatur: -20\u00b0C bis 50\u00b0C<\/li>\n<li>Spannung: 12\/24 V<\/li>\n<li>Ma\u00dfe: 8 x 2,5 x 4,5 cm (B x H x T)<\/li>\n<li>BRAIN ben\u00f6tigt<\/li>\n<\/ul>\n","protected":false},"excerpt":{"rendered":"<p>Die NODE Temp ist unser Temperaturmodul. &nbsp;&nbsp; &nbsp;&nbsp;&nbsp; &nbsp; Pr\u00e4zise Temperatur\u00fcberwachung: Misst zuverl\u00e4ssig Temperaturen f\u00fcr maximale Kontrolle Flexible Einsatzm\u00f6glichkeiten: Die Sensoren k\u00f6nnen frei in Ger\u00e4ten oder im Au\u00dfenbereich verbaut werden Smarte Hinweise &amp; Warnungen: Informiert dich rechtzeitig \u00fcber kritische Temperaturver\u00e4nderungen Spannungsbereich (bei Nutzung): 6-36 V Stromaufnahme: 0,5 W Max. Durchfluss-Strom insgesamt: 20A Anzahl anschlie\u00dfbarer Sensoren: [&hellip;]<\/p>\n","protected":false},"featured_media":232034,"template":"","meta":{"_acf_changed":false},"product_featured_cat":[],"product_brand":[],"product_cat":[4662],"product_tag":[],"class_list":{"0":"post-232040","1":"product","2":"type-product","3":"status-publish","4":"has-post-thumbnail","6":"product_cat-smart-home","8":"first","9":"instock","10":"taxable","11":"shipping-taxable","12":"purchasable","13":"product-type-simple"},"acf":[],"yoast_head":"<!-- This site is optimized with the Yoast SEO plugin v27.4 - https:\/\/yoast.com\/product\/yoast-seo-wordpress\/ -->\n<title>Temperaturmodul NODE Temp - Bantam Camping AG<\/title>\n<meta name=\"robots\" content=\"index, follow, max-snippet:-1, max-image-preview:large, max-video-preview:-1\" \/>\n<link rel=\"canonical\" href=\"https:\/\/shop.bantam.ch\/de\/produkt\/temperaturmodul-node-temp\/\" \/>\n<meta property=\"og:locale\" content=\"de_DE\" \/>\n<meta property=\"og:type\" content=\"article\" \/>\n<meta property=\"og:title\" content=\"Temperaturmodul NODE Temp - Bantam Camping AG\" \/>\n<meta property=\"og:description\" content=\"Die NODE Temp ist unser Temperaturmodul. &nbsp;&nbsp; &nbsp;&nbsp;&nbsp; &nbsp; Pr\u00e4zise Temperatur\u00fcberwachung: Misst zuverl\u00e4ssig Temperaturen f\u00fcr maximale Kontrolle Flexible Einsatzm\u00f6glichkeiten: Die Sensoren k\u00f6nnen frei in Ger\u00e4ten oder im Au\u00dfenbereich verbaut werden Smarte Hinweise &amp; Warnungen: Informiert dich rechtzeitig \u00fcber kritische Temperaturver\u00e4nderungen Spannungsbereich (bei Nutzung): 6-36 V Stromaufnahme: 0,5 W Max. Durchfluss-Strom insgesamt: 20A Anzahl anschlie\u00dfbarer Sensoren: [&hellip;]\" \/>\n<meta property=\"og:url\" content=\"https:\/\/shop.bantam.ch\/de\/produkt\/temperaturmodul-node-temp\/\" \/>\n<meta property=\"og:site_name\" content=\"Bantam Camping AG\" \/>\n<meta property=\"article:modified_time\" content=\"2026-04-21T21:58:42+00:00\" \/>\n<meta name=\"twitter:card\" content=\"summary_large_image\" \/>\n<script type=\"application\/ld+json\" class=\"yoast-schema-graph\">{\"@context\":\"https:\\\/\\\/schema.org\",\"@graph\":[{\"@type\":\"WebPage\",\"@id\":\"https:\\\/\\\/shop.bantam.ch\\\/de\\\/produkt\\\/temperaturmodul-node-temp\\\/\",\"url\":\"https:\\\/\\\/shop.bantam.ch\\\/de\\\/produkt\\\/temperaturmodul-node-temp\\\/\",\"name\":\"Temperaturmodul NODE Temp - Bantam Camping AG\",\"isPartOf\":{\"@id\":\"https:\\\/\\\/shop.bantam.ch\\\/de\\\/#website\"},\"primaryImageOfPage\":{\"@id\":\"https:\\\/\\\/shop.bantam.ch\\\/de\\\/produkt\\\/temperaturmodul-node-temp\\\/#primaryimage\"},\"image\":{\"@id\":\"https:\\\/\\\/shop.bantam.ch\\\/de\\\/produkt\\\/temperaturmodul-node-temp\\\/#primaryimage\"},\"thumbnailUrl\":\"https:\\\/\\\/shop.bantam.ch\\\/wp-content\\\/uploads\\\/2026\\\/01\\\/Movera-L-9985337100.jpg\",\"datePublished\":\"2026-01-06T17:17:28+00:00\",\"dateModified\":\"2026-04-21T21:58:42+00:00\",\"breadcrumb\":{\"@id\":\"https:\\\/\\\/shop.bantam.ch\\\/de\\\/produkt\\\/temperaturmodul-node-temp\\\/#breadcrumb\"},\"inLanguage\":\"de\",\"potentialAction\":[{\"@type\":\"ReadAction\",\"target\":[\"https:\\\/\\\/shop.bantam.ch\\\/de\\\/produkt\\\/temperaturmodul-node-temp\\\/\"]}]},{\"@type\":\"ImageObject\",\"inLanguage\":\"de\",\"@id\":\"https:\\\/\\\/shop.bantam.ch\\\/de\\\/produkt\\\/temperaturmodul-node-temp\\\/#primaryimage\",\"url\":\"https:\\\/\\\/shop.bantam.ch\\\/wp-content\\\/uploads\\\/2026\\\/01\\\/Movera-L-9985337100.jpg\",\"contentUrl\":\"https:\\\/\\\/shop.bantam.ch\\\/wp-content\\\/uploads\\\/2026\\\/01\\\/Movera-L-9985337100.jpg\",\"width\":640,\"height\":640},{\"@type\":\"BreadcrumbList\",\"@id\":\"https:\\\/\\\/shop.bantam.ch\\\/de\\\/produkt\\\/temperaturmodul-node-temp\\\/#breadcrumb\",\"itemListElement\":[{\"@type\":\"ListItem\",\"position\":1,\"name\":\"Accueil\",\"item\":\"https:\\\/\\\/shop.bantam.ch\\\/de\\\/\"},{\"@type\":\"ListItem\",\"position\":2,\"name\":\"Shop\",\"item\":\"https:\\\/\\\/shop.bantam.ch\\\/de\\\/shop\\\/\"},{\"@type\":\"ListItem\",\"position\":3,\"name\":\"Temperaturmodul NODE Temp\"}]},{\"@type\":\"WebSite\",\"@id\":\"https:\\\/\\\/shop.bantam.ch\\\/de\\\/#website\",\"url\":\"https:\\\/\\\/shop.bantam.ch\\\/de\\\/\",\"name\":\"Bantam Camping AG\",\"description\":\"\",\"publisher\":{\"@id\":\"https:\\\/\\\/shop.bantam.ch\\\/de\\\/#organization\"},\"inLanguage\":\"de\"},{\"@type\":\"Organization\",\"@id\":\"https:\\\/\\\/shop.bantam.ch\\\/de\\\/#organization\",\"name\":\"Bantam Camping AG\",\"url\":\"https:\\\/\\\/shop.bantam.ch\\\/de\\\/\",\"logo\":{\"@type\":\"ImageObject\",\"inLanguage\":\"de\",\"@id\":\"https:\\\/\\\/shop.bantam.ch\\\/de\\\/#\\\/schema\\\/logo\\\/image\\\/\",\"url\":\"https:\\\/\\\/shop.bantam.ch\\\/wp-content\\\/uploads\\\/2022\\\/12\\\/bantam-logo.png\",\"contentUrl\":\"https:\\\/\\\/shop.bantam.ch\\\/wp-content\\\/uploads\\\/2022\\\/12\\\/bantam-logo.png\",\"width\":320,\"height\":71,\"caption\":\"Bantam Camping AG\"},\"image\":{\"@id\":\"https:\\\/\\\/shop.bantam.ch\\\/de\\\/#\\\/schema\\\/logo\\\/image\\\/\"}}]}<\/script>\n<!-- \/ Yoast SEO plugin. -->","yoast_head_json":{"title":"Temperaturmodul NODE Temp - Bantam Camping AG","robots":{"index":"index","follow":"follow","max-snippet":"max-snippet:-1","max-image-preview":"max-image-preview:large","max-video-preview":"max-video-preview:-1"},"canonical":"https:\/\/shop.bantam.ch\/de\/produkt\/temperaturmodul-node-temp\/","og_locale":"de_DE","og_type":"article","og_title":"Temperaturmodul NODE Temp - Bantam Camping AG","og_description":"Die NODE Temp ist unser Temperaturmodul. &nbsp;&nbsp; &nbsp;&nbsp;&nbsp; &nbsp; Pr\u00e4zise Temperatur\u00fcberwachung: Misst zuverl\u00e4ssig Temperaturen f\u00fcr maximale Kontrolle Flexible Einsatzm\u00f6glichkeiten: Die Sensoren k\u00f6nnen frei in Ger\u00e4ten oder im Au\u00dfenbereich verbaut werden Smarte Hinweise &amp; Warnungen: Informiert dich rechtzeitig \u00fcber kritische Temperaturver\u00e4nderungen Spannungsbereich (bei Nutzung): 6-36 V Stromaufnahme: 0,5 W Max. Durchfluss-Strom insgesamt: 20A Anzahl anschlie\u00dfbarer Sensoren: [&hellip;]","og_url":"https:\/\/shop.bantam.ch\/de\/produkt\/temperaturmodul-node-temp\/","og_site_name":"Bantam Camping AG","article_modified_time":"2026-04-21T21:58:42+00:00","twitter_card":"summary_large_image","schema":{"@context":"https:\/\/schema.org","@graph":[{"@type":"WebPage","@id":"https:\/\/shop.bantam.ch\/de\/produkt\/temperaturmodul-node-temp\/","url":"https:\/\/shop.bantam.ch\/de\/produkt\/temperaturmodul-node-temp\/","name":"Temperaturmodul NODE Temp - Bantam Camping AG","isPartOf":{"@id":"https:\/\/shop.bantam.ch\/de\/#website"},"primaryImageOfPage":{"@id":"https:\/\/shop.bantam.ch\/de\/produkt\/temperaturmodul-node-temp\/#primaryimage"},"image":{"@id":"https:\/\/shop.bantam.ch\/de\/produkt\/temperaturmodul-node-temp\/#primaryimage"},"thumbnailUrl":"https:\/\/shop.bantam.ch\/wp-content\/uploads\/2026\/01\/Movera-L-9985337100.jpg","datePublished":"2026-01-06T17:17:28+00:00","dateModified":"2026-04-21T21:58:42+00:00","breadcrumb":{"@id":"https:\/\/shop.bantam.ch\/de\/produkt\/temperaturmodul-node-temp\/#breadcrumb"},"inLanguage":"de","potentialAction":[{"@type":"ReadAction","target":["https:\/\/shop.bantam.ch\/de\/produkt\/temperaturmodul-node-temp\/"]}]},{"@type":"ImageObject","inLanguage":"de","@id":"https:\/\/shop.bantam.ch\/de\/produkt\/temperaturmodul-node-temp\/#primaryimage","url":"https:\/\/shop.bantam.ch\/wp-content\/uploads\/2026\/01\/Movera-L-9985337100.jpg","contentUrl":"https:\/\/shop.bantam.ch\/wp-content\/uploads\/2026\/01\/Movera-L-9985337100.jpg","width":640,"height":640},{"@type":"BreadcrumbList","@id":"https:\/\/shop.bantam.ch\/de\/produkt\/temperaturmodul-node-temp\/#breadcrumb","itemListElement":[{"@type":"ListItem","position":1,"name":"Accueil","item":"https:\/\/shop.bantam.ch\/de\/"},{"@type":"ListItem","position":2,"name":"Shop","item":"https:\/\/shop.bantam.ch\/de\/shop\/"},{"@type":"ListItem","position":3,"name":"Temperaturmodul NODE Temp"}]},{"@type":"WebSite","@id":"https:\/\/shop.bantam.ch\/de\/#website","url":"https:\/\/shop.bantam.ch\/de\/","name":"Bantam Camping AG","description":"","publisher":{"@id":"https:\/\/shop.bantam.ch\/de\/#organization"},"inLanguage":"de"},{"@type":"Organization","@id":"https:\/\/shop.bantam.ch\/de\/#organization","name":"Bantam Camping AG","url":"https:\/\/shop.bantam.ch\/de\/","logo":{"@type":"ImageObject","inLanguage":"de","@id":"https:\/\/shop.bantam.ch\/de\/#\/schema\/logo\/image\/","url":"https:\/\/shop.bantam.ch\/wp-content\/uploads\/2022\/12\/bantam-logo.png","contentUrl":"https:\/\/shop.bantam.ch\/wp-content\/uploads\/2022\/12\/bantam-logo.png","width":320,"height":71,"caption":"Bantam Camping AG"},"image":{"@id":"https:\/\/shop.bantam.ch\/de\/#\/schema\/logo\/image\/"}}]}},"_links":{"self":[{"href":"https:\/\/shop.bantam.ch\/de\/wp-json\/wp\/v2\/product\/232040","targetHints":{"allow":["GET"]}}],"collection":[{"href":"https:\/\/shop.bantam.ch\/de\/wp-json\/wp\/v2\/product"}],"about":[{"href":"https:\/\/shop.bantam.ch\/de\/wp-json\/wp\/v2\/types\/product"}],"wp:featuredmedia":[{"embeddable":true,"href":"https:\/\/shop.bantam.ch\/de\/wp-json\/wp\/v2\/media\/232034"}],"wp:attachment":[{"href":"https:\/\/shop.bantam.ch\/de\/wp-json\/wp\/v2\/media?parent=232040"}],"wp:term":[{"taxonomy":"product_featured_cat","embeddable":true,"href":"https:\/\/shop.bantam.ch\/de\/wp-json\/wp\/v2\/product_featured_cat?post=232040"},{"taxonomy":"product_brand","embeddable":true,"href":"https:\/\/shop.bantam.ch\/de\/wp-json\/wp\/v2\/product_brand?post=232040"},{"taxonomy":"product_cat","embeddable":true,"href":"https:\/\/shop.bantam.ch\/de\/wp-json\/wp\/v2\/product_cat?post=232040"},{"taxonomy":"product_tag","embeddable":true,"href":"https:\/\/shop.bantam.ch\/de\/wp-json\/wp\/v2\/product_tag?post=232040"}],"curies":[{"name":"wp","href":"https:\/\/api.w.org\/{rel}","templated":true}]}}