{"id":231856,"date":"2026-01-06T18:13:16","date_gmt":"2026-01-06T17:13:16","guid":{"rendered":"https:\/\/shop.bantam.ch\/produit\/mobile-schlauchbox-movematic-12m-15m\/"},"modified":"2026-04-17T23:53:14","modified_gmt":"2026-04-17T21:53:14","slug":"mobile-schlauchbox-movematic-12m-15m","status":"publish","type":"product","link":"https:\/\/shop.bantam.ch\/de\/produkt\/mobile-schlauchbox-movematic-12m-15m\/","title":{"rendered":"Mobile Schlauchbox MoveMatic 12m + 1,5m"},"content":{"rendered":"<p>Die GARDENA Schlauchbox MoveMatic ist kompakt und ideal f\u00fcr Balkone, Terrassen und kleine G\u00e4rten. Sie verf\u00fcgt \u00fcber einen 12,5 m Schlauch, 1,5 m Zuf\u00fchrschlauch und automatische Schlauchaufrollung mit RollControl f\u00fcr knickfreies Aufwickeln. Eine externe Vorrichtung verstaut den Zuf\u00fchrschlauch, die Box ist platzsparend und einfach transportierbar.<\/p>\n<p>&nbsp;<\/p>\n<p>Im Set enthalten: Schlauchbox, Bew\u00e4sserungsspritze, Hahnanschluss mit Adapter und Ger\u00e4tehalterung.<\/p>\n<p>&nbsp;<\/p>\n<p>&nbsp;<\/p>\n","protected":false},"excerpt":{"rendered":"<p>Die GARDENA Schlauchbox MoveMatic ist kompakt und ideal f\u00fcr Balkone, Terrassen und kleine G\u00e4rten. Sie verf\u00fcgt \u00fcber einen 12,5 m Schlauch, 1,5 m Zuf\u00fchrschlauch und automatische Schlauchaufrollung mit RollControl f\u00fcr knickfreies Aufwickeln. Eine externe Vorrichtung verstaut den Zuf\u00fchrschlauch, die Box ist platzsparend und einfach transportierbar. &nbsp; Im Set enthalten: Schlauchbox, Bew\u00e4sserungsspritze, Hahnanschluss mit Adapter und [&hellip;]<\/p>\n","protected":false},"featured_media":231854,"template":"","meta":{"_acf_changed":false},"product_featured_cat":[],"product_brand":[],"product_cat":[5034],"product_tag":[],"class_list":{"0":"post-231856","1":"product","2":"type-product","3":"status-publish","4":"has-post-thumbnail","6":"product_cat-wasserschlaeuche","8":"first","9":"instock","10":"taxable","11":"shipping-taxable","12":"purchasable","13":"product-type-simple"},"acf":[],"yoast_head":"<!-- This site is optimized with the Yoast SEO plugin v27.4 - https:\/\/yoast.com\/product\/yoast-seo-wordpress\/ -->\n<title>Mobile Schlauchbox MoveMatic 12m + 1,5m - Bantam Camping AG<\/title>\n<meta name=\"robots\" content=\"index, follow, max-snippet:-1, max-image-preview:large, max-video-preview:-1\" \/>\n<link rel=\"canonical\" href=\"https:\/\/shop.bantam.ch\/de\/produkt\/mobile-schlauchbox-movematic-12m-15m\/\" \/>\n<meta property=\"og:locale\" content=\"de_DE\" \/>\n<meta property=\"og:type\" content=\"article\" \/>\n<meta property=\"og:title\" content=\"Mobile Schlauchbox MoveMatic 12m + 1,5m - Bantam Camping AG\" \/>\n<meta property=\"og:description\" content=\"Die GARDENA Schlauchbox MoveMatic ist kompakt und ideal f\u00fcr Balkone, Terrassen und kleine G\u00e4rten. Sie verf\u00fcgt \u00fcber einen 12,5 m Schlauch, 1,5 m Zuf\u00fchrschlauch und automatische Schlauchaufrollung mit RollControl f\u00fcr knickfreies Aufwickeln. Eine externe Vorrichtung verstaut den Zuf\u00fchrschlauch, die Box ist platzsparend und einfach transportierbar. &nbsp; Im Set enthalten: Schlauchbox, Bew\u00e4sserungsspritze, Hahnanschluss mit Adapter und [&hellip;]\" \/>\n<meta property=\"og:url\" content=\"https:\/\/shop.bantam.ch\/de\/produkt\/mobile-schlauchbox-movematic-12m-15m\/\" \/>\n<meta property=\"og:site_name\" content=\"Bantam Camping AG\" \/>\n<meta property=\"article:modified_time\" content=\"2026-04-17T21:53:14+00:00\" \/>\n<meta name=\"twitter:card\" content=\"summary_large_image\" \/>\n<script type=\"application\/ld+json\" class=\"yoast-schema-graph\">{\"@context\":\"https:\\\/\\\/schema.org\",\"@graph\":[{\"@type\":\"WebPage\",\"@id\":\"https:\\\/\\\/shop.bantam.ch\\\/de\\\/produkt\\\/mobile-schlauchbox-movematic-12m-15m\\\/\",\"url\":\"https:\\\/\\\/shop.bantam.ch\\\/de\\\/produkt\\\/mobile-schlauchbox-movematic-12m-15m\\\/\",\"name\":\"Mobile Schlauchbox MoveMatic 12m + 1,5m - Bantam Camping AG\",\"isPartOf\":{\"@id\":\"https:\\\/\\\/shop.bantam.ch\\\/de\\\/#website\"},\"primaryImageOfPage\":{\"@id\":\"https:\\\/\\\/shop.bantam.ch\\\/de\\\/produkt\\\/mobile-schlauchbox-movematic-12m-15m\\\/#primaryimage\"},\"image\":{\"@id\":\"https:\\\/\\\/shop.bantam.ch\\\/de\\\/produkt\\\/mobile-schlauchbox-movematic-12m-15m\\\/#primaryimage\"},\"thumbnailUrl\":\"https:\\\/\\\/shop.bantam.ch\\\/wp-content\\\/uploads\\\/2026\\\/01\\\/Movera-L-9988224100.png\",\"datePublished\":\"2026-01-06T17:13:16+00:00\",\"dateModified\":\"2026-04-17T21:53:14+00:00\",\"breadcrumb\":{\"@id\":\"https:\\\/\\\/shop.bantam.ch\\\/de\\\/produkt\\\/mobile-schlauchbox-movematic-12m-15m\\\/#breadcrumb\"},\"inLanguage\":\"de\",\"potentialAction\":[{\"@type\":\"ReadAction\",\"target\":[\"https:\\\/\\\/shop.bantam.ch\\\/de\\\/produkt\\\/mobile-schlauchbox-movematic-12m-15m\\\/\"]}]},{\"@type\":\"ImageObject\",\"inLanguage\":\"de\",\"@id\":\"https:\\\/\\\/shop.bantam.ch\\\/de\\\/produkt\\\/mobile-schlauchbox-movematic-12m-15m\\\/#primaryimage\",\"url\":\"https:\\\/\\\/shop.bantam.ch\\\/wp-content\\\/uploads\\\/2026\\\/01\\\/Movera-L-9988224100.png\",\"contentUrl\":\"https:\\\/\\\/shop.bantam.ch\\\/wp-content\\\/uploads\\\/2026\\\/01\\\/Movera-L-9988224100.png\",\"width\":446,\"height\":480},{\"@type\":\"BreadcrumbList\",\"@id\":\"https:\\\/\\\/shop.bantam.ch\\\/de\\\/produkt\\\/mobile-schlauchbox-movematic-12m-15m\\\/#breadcrumb\",\"itemListElement\":[{\"@type\":\"ListItem\",\"position\":1,\"name\":\"Accueil\",\"item\":\"https:\\\/\\\/shop.bantam.ch\\\/de\\\/\"},{\"@type\":\"ListItem\",\"position\":2,\"name\":\"Shop\",\"item\":\"https:\\\/\\\/shop.bantam.ch\\\/de\\\/shop\\\/\"},{\"@type\":\"ListItem\",\"position\":3,\"name\":\"Mobile Schlauchbox MoveMatic 12m + 1,5m\"}]},{\"@type\":\"WebSite\",\"@id\":\"https:\\\/\\\/shop.bantam.ch\\\/de\\\/#website\",\"url\":\"https:\\\/\\\/shop.bantam.ch\\\/de\\\/\",\"name\":\"Bantam Camping AG\",\"description\":\"\",\"publisher\":{\"@id\":\"https:\\\/\\\/shop.bantam.ch\\\/de\\\/#organization\"},\"inLanguage\":\"de\"},{\"@type\":\"Organization\",\"@id\":\"https:\\\/\\\/shop.bantam.ch\\\/de\\\/#organization\",\"name\":\"Bantam Camping AG\",\"url\":\"https:\\\/\\\/shop.bantam.ch\\\/de\\\/\",\"logo\":{\"@type\":\"ImageObject\",\"inLanguage\":\"de\",\"@id\":\"https:\\\/\\\/shop.bantam.ch\\\/de\\\/#\\\/schema\\\/logo\\\/image\\\/\",\"url\":\"https:\\\/\\\/shop.bantam.ch\\\/wp-content\\\/uploads\\\/2022\\\/12\\\/bantam-logo.png\",\"contentUrl\":\"https:\\\/\\\/shop.bantam.ch\\\/wp-content\\\/uploads\\\/2022\\\/12\\\/bantam-logo.png\",\"width\":320,\"height\":71,\"caption\":\"Bantam Camping AG\"},\"image\":{\"@id\":\"https:\\\/\\\/shop.bantam.ch\\\/de\\\/#\\\/schema\\\/logo\\\/image\\\/\"}}]}<\/script>\n<!-- \/ Yoast SEO plugin. -->","yoast_head_json":{"title":"Mobile Schlauchbox MoveMatic 12m + 1,5m - Bantam Camping AG","robots":{"index":"index","follow":"follow","max-snippet":"max-snippet:-1","max-image-preview":"max-image-preview:large","max-video-preview":"max-video-preview:-1"},"canonical":"https:\/\/shop.bantam.ch\/de\/produkt\/mobile-schlauchbox-movematic-12m-15m\/","og_locale":"de_DE","og_type":"article","og_title":"Mobile Schlauchbox MoveMatic 12m + 1,5m - Bantam Camping AG","og_description":"Die GARDENA Schlauchbox MoveMatic ist kompakt und ideal f\u00fcr Balkone, Terrassen und kleine G\u00e4rten. Sie verf\u00fcgt \u00fcber einen 12,5 m Schlauch, 1,5 m Zuf\u00fchrschlauch und automatische Schlauchaufrollung mit RollControl f\u00fcr knickfreies Aufwickeln. Eine externe Vorrichtung verstaut den Zuf\u00fchrschlauch, die Box ist platzsparend und einfach transportierbar. &nbsp; Im Set enthalten: Schlauchbox, Bew\u00e4sserungsspritze, Hahnanschluss mit Adapter und [&hellip;]","og_url":"https:\/\/shop.bantam.ch\/de\/produkt\/mobile-schlauchbox-movematic-12m-15m\/","og_site_name":"Bantam Camping AG","article_modified_time":"2026-04-17T21:53:14+00:00","twitter_card":"summary_large_image","schema":{"@context":"https:\/\/schema.org","@graph":[{"@type":"WebPage","@id":"https:\/\/shop.bantam.ch\/de\/produkt\/mobile-schlauchbox-movematic-12m-15m\/","url":"https:\/\/shop.bantam.ch\/de\/produkt\/mobile-schlauchbox-movematic-12m-15m\/","name":"Mobile Schlauchbox MoveMatic 12m + 1,5m - Bantam Camping AG","isPartOf":{"@id":"https:\/\/shop.bantam.ch\/de\/#website"},"primaryImageOfPage":{"@id":"https:\/\/shop.bantam.ch\/de\/produkt\/mobile-schlauchbox-movematic-12m-15m\/#primaryimage"},"image":{"@id":"https:\/\/shop.bantam.ch\/de\/produkt\/mobile-schlauchbox-movematic-12m-15m\/#primaryimage"},"thumbnailUrl":"https:\/\/shop.bantam.ch\/wp-content\/uploads\/2026\/01\/Movera-L-9988224100.png","datePublished":"2026-01-06T17:13:16+00:00","dateModified":"2026-04-17T21:53:14+00:00","breadcrumb":{"@id":"https:\/\/shop.bantam.ch\/de\/produkt\/mobile-schlauchbox-movematic-12m-15m\/#breadcrumb"},"inLanguage":"de","potentialAction":[{"@type":"ReadAction","target":["https:\/\/shop.bantam.ch\/de\/produkt\/mobile-schlauchbox-movematic-12m-15m\/"]}]},{"@type":"ImageObject","inLanguage":"de","@id":"https:\/\/shop.bantam.ch\/de\/produkt\/mobile-schlauchbox-movematic-12m-15m\/#primaryimage","url":"https:\/\/shop.bantam.ch\/wp-content\/uploads\/2026\/01\/Movera-L-9988224100.png","contentUrl":"https:\/\/shop.bantam.ch\/wp-content\/uploads\/2026\/01\/Movera-L-9988224100.png","width":446,"height":480},{"@type":"BreadcrumbList","@id":"https:\/\/shop.bantam.ch\/de\/produkt\/mobile-schlauchbox-movematic-12m-15m\/#breadcrumb","itemListElement":[{"@type":"ListItem","position":1,"name":"Accueil","item":"https:\/\/shop.bantam.ch\/de\/"},{"@type":"ListItem","position":2,"name":"Shop","item":"https:\/\/shop.bantam.ch\/de\/shop\/"},{"@type":"ListItem","position":3,"name":"Mobile Schlauchbox MoveMatic 12m + 1,5m"}]},{"@type":"WebSite","@id":"https:\/\/shop.bantam.ch\/de\/#website","url":"https:\/\/shop.bantam.ch\/de\/","name":"Bantam Camping AG","description":"","publisher":{"@id":"https:\/\/shop.bantam.ch\/de\/#organization"},"inLanguage":"de"},{"@type":"Organization","@id":"https:\/\/shop.bantam.ch\/de\/#organization","name":"Bantam Camping AG","url":"https:\/\/shop.bantam.ch\/de\/","logo":{"@type":"ImageObject","inLanguage":"de","@id":"https:\/\/shop.bantam.ch\/de\/#\/schema\/logo\/image\/","url":"https:\/\/shop.bantam.ch\/wp-content\/uploads\/2022\/12\/bantam-logo.png","contentUrl":"https:\/\/shop.bantam.ch\/wp-content\/uploads\/2022\/12\/bantam-logo.png","width":320,"height":71,"caption":"Bantam Camping AG"},"image":{"@id":"https:\/\/shop.bantam.ch\/de\/#\/schema\/logo\/image\/"}}]}},"_links":{"self":[{"href":"https:\/\/shop.bantam.ch\/de\/wp-json\/wp\/v2\/product\/231856","targetHints":{"allow":["GET"]}}],"collection":[{"href":"https:\/\/shop.bantam.ch\/de\/wp-json\/wp\/v2\/product"}],"about":[{"href":"https:\/\/shop.bantam.ch\/de\/wp-json\/wp\/v2\/types\/product"}],"wp:featuredmedia":[{"embeddable":true,"href":"https:\/\/shop.bantam.ch\/de\/wp-json\/wp\/v2\/media\/231854"}],"wp:attachment":[{"href":"https:\/\/shop.bantam.ch\/de\/wp-json\/wp\/v2\/media?parent=231856"}],"wp:term":[{"taxonomy":"product_featured_cat","embeddable":true,"href":"https:\/\/shop.bantam.ch\/de\/wp-json\/wp\/v2\/product_featured_cat?post=231856"},{"taxonomy":"product_brand","embeddable":true,"href":"https:\/\/shop.bantam.ch\/de\/wp-json\/wp\/v2\/product_brand?post=231856"},{"taxonomy":"product_cat","embeddable":true,"href":"https:\/\/shop.bantam.ch\/de\/wp-json\/wp\/v2\/product_cat?post=231856"},{"taxonomy":"product_tag","embeddable":true,"href":"https:\/\/shop.bantam.ch\/de\/wp-json\/wp\/v2\/product_tag?post=231856"}],"curies":[{"name":"wp","href":"https:\/\/api.w.org\/{rel}","templated":true}]}}