{"id":231816,"date":"2026-01-06T18:12:16","date_gmt":"2026-01-06T17:12:16","guid":{"rendered":"https:\/\/shop.bantam.ch\/produit\/kompressorkuehlschrank-rc-10-4-m90-90-l-schwarz\/"},"modified":"2026-04-18T23:56:53","modified_gmt":"2026-04-18T21:56:53","slug":"kompressorkuehlschrank-rc-10-4-m90-90-l-schwarz","status":"publish","type":"product","link":"https:\/\/shop.bantam.ch\/de\/produkt\/kompressorkuehlschrank-rc-10-4-m90-90-l-schwarz\/","title":{"rendered":"Kompressork\u00fchlschrank , RC 10.4 M90, 90 l, schwarz"},"content":{"rendered":"<p>Der vielseitige 90-Liter-K\u00fchlschrank Dometic RC 10.4M90 passt perfekt unter jede K\u00fcchenarbeitsplatte. Bedienpanel und Kompressor k\u00f6nnen bei Platzmangel flexibel versetzt werden. Mit der Dometic 10er Serie bietet er eine beidseitig \u00f6ffnende T\u00fcr, ein herausnehmbares Gefrierfach und ein leistungsstarkes K\u00fchlaggregat \u2013 ideal auch f\u00fcr hei\u00dfe Klimazonen. Die intuitive TFT-Steuerung erm\u00f6glicht einfache Temperaturregelung, einen ger\u00e4uscharmen Nachtmodus und eine Booster-Funktion f\u00fcr schnelle K\u00fchlung.<\/p>\n","protected":false},"excerpt":{"rendered":"<p>Der vielseitige 90-Liter-K\u00fchlschrank Dometic RC 10.4M90 passt perfekt unter jede K\u00fcchenarbeitsplatte. Bedienpanel und Kompressor k\u00f6nnen bei Platzmangel flexibel versetzt werden. Mit der Dometic 10er Serie bietet er eine beidseitig \u00f6ffnende T\u00fcr, ein herausnehmbares Gefrierfach und ein leistungsstarkes K\u00fchlaggregat \u2013 ideal auch f\u00fcr hei\u00dfe Klimazonen. Die intuitive TFT-Steuerung erm\u00f6glicht einfache Temperaturregelung, einen ger\u00e4uscharmen Nachtmodus und eine [&hellip;]<\/p>\n","protected":false},"featured_media":231812,"template":"","meta":{"_acf_changed":false},"product_featured_cat":[],"product_brand":[],"product_cat":[4088],"product_tag":[],"class_list":{"0":"post-231816","1":"product","2":"type-product","3":"status-publish","4":"has-post-thumbnail","6":"product_cat-kuehlschraenke","8":"first","9":"instock","10":"taxable","11":"shipping-taxable","12":"purchasable","13":"product-type-simple"},"acf":[],"yoast_head":"<!-- This site is optimized with the Yoast SEO plugin v27.4 - https:\/\/yoast.com\/product\/yoast-seo-wordpress\/ -->\n<title>Kompressork\u00fchlschrank , RC 10.4 M90, 90 l, schwarz - Bantam Camping AG<\/title>\n<meta name=\"robots\" content=\"index, follow, max-snippet:-1, max-image-preview:large, max-video-preview:-1\" \/>\n<link rel=\"canonical\" href=\"https:\/\/shop.bantam.ch\/de\/produkt\/kompressorkuehlschrank-rc-10-4-m90-90-l-schwarz\/\" \/>\n<meta property=\"og:locale\" content=\"de_DE\" \/>\n<meta property=\"og:type\" content=\"article\" \/>\n<meta property=\"og:title\" content=\"Kompressork\u00fchlschrank , RC 10.4 M90, 90 l, schwarz - Bantam Camping AG\" \/>\n<meta property=\"og:description\" content=\"Der vielseitige 90-Liter-K\u00fchlschrank Dometic RC 10.4M90 passt perfekt unter jede K\u00fcchenarbeitsplatte. Bedienpanel und Kompressor k\u00f6nnen bei Platzmangel flexibel versetzt werden. Mit der Dometic 10er Serie bietet er eine beidseitig \u00f6ffnende T\u00fcr, ein herausnehmbares Gefrierfach und ein leistungsstarkes K\u00fchlaggregat \u2013 ideal auch f\u00fcr hei\u00dfe Klimazonen. Die intuitive TFT-Steuerung erm\u00f6glicht einfache Temperaturregelung, einen ger\u00e4uscharmen Nachtmodus und eine [&hellip;]\" \/>\n<meta property=\"og:url\" content=\"https:\/\/shop.bantam.ch\/de\/produkt\/kompressorkuehlschrank-rc-10-4-m90-90-l-schwarz\/\" \/>\n<meta property=\"og:site_name\" content=\"Bantam Camping AG\" \/>\n<meta property=\"article:modified_time\" content=\"2026-04-18T21:56:53+00:00\" \/>\n<meta name=\"twitter:card\" content=\"summary_large_image\" \/>\n<script type=\"application\/ld+json\" class=\"yoast-schema-graph\">{\"@context\":\"https:\\\/\\\/schema.org\",\"@graph\":[{\"@type\":\"WebPage\",\"@id\":\"https:\\\/\\\/shop.bantam.ch\\\/de\\\/produkt\\\/kompressorkuehlschrank-rc-10-4-m90-90-l-schwarz\\\/\",\"url\":\"https:\\\/\\\/shop.bantam.ch\\\/de\\\/produkt\\\/kompressorkuehlschrank-rc-10-4-m90-90-l-schwarz\\\/\",\"name\":\"Kompressork\u00fchlschrank , RC 10.4 M90, 90 l, schwarz - Bantam Camping AG\",\"isPartOf\":{\"@id\":\"https:\\\/\\\/shop.bantam.ch\\\/de\\\/#website\"},\"primaryImageOfPage\":{\"@id\":\"https:\\\/\\\/shop.bantam.ch\\\/de\\\/produkt\\\/kompressorkuehlschrank-rc-10-4-m90-90-l-schwarz\\\/#primaryimage\"},\"image\":{\"@id\":\"https:\\\/\\\/shop.bantam.ch\\\/de\\\/produkt\\\/kompressorkuehlschrank-rc-10-4-m90-90-l-schwarz\\\/#primaryimage\"},\"thumbnailUrl\":\"https:\\\/\\\/shop.bantam.ch\\\/wp-content\\\/uploads\\\/2026\\\/01\\\/Movera-L-9988219100.png\",\"datePublished\":\"2026-01-06T17:12:16+00:00\",\"dateModified\":\"2026-04-18T21:56:53+00:00\",\"breadcrumb\":{\"@id\":\"https:\\\/\\\/shop.bantam.ch\\\/de\\\/produkt\\\/kompressorkuehlschrank-rc-10-4-m90-90-l-schwarz\\\/#breadcrumb\"},\"inLanguage\":\"de\",\"potentialAction\":[{\"@type\":\"ReadAction\",\"target\":[\"https:\\\/\\\/shop.bantam.ch\\\/de\\\/produkt\\\/kompressorkuehlschrank-rc-10-4-m90-90-l-schwarz\\\/\"]}]},{\"@type\":\"ImageObject\",\"inLanguage\":\"de\",\"@id\":\"https:\\\/\\\/shop.bantam.ch\\\/de\\\/produkt\\\/kompressorkuehlschrank-rc-10-4-m90-90-l-schwarz\\\/#primaryimage\",\"url\":\"https:\\\/\\\/shop.bantam.ch\\\/wp-content\\\/uploads\\\/2026\\\/01\\\/Movera-L-9988219100.png\",\"contentUrl\":\"https:\\\/\\\/shop.bantam.ch\\\/wp-content\\\/uploads\\\/2026\\\/01\\\/Movera-L-9988219100.png\",\"width\":640,\"height\":640},{\"@type\":\"BreadcrumbList\",\"@id\":\"https:\\\/\\\/shop.bantam.ch\\\/de\\\/produkt\\\/kompressorkuehlschrank-rc-10-4-m90-90-l-schwarz\\\/#breadcrumb\",\"itemListElement\":[{\"@type\":\"ListItem\",\"position\":1,\"name\":\"Accueil\",\"item\":\"https:\\\/\\\/shop.bantam.ch\\\/de\\\/\"},{\"@type\":\"ListItem\",\"position\":2,\"name\":\"Shop\",\"item\":\"https:\\\/\\\/shop.bantam.ch\\\/de\\\/shop\\\/\"},{\"@type\":\"ListItem\",\"position\":3,\"name\":\"Kompressork\u00fchlschrank , RC 10.4 M90, 90 l, schwarz\"}]},{\"@type\":\"WebSite\",\"@id\":\"https:\\\/\\\/shop.bantam.ch\\\/de\\\/#website\",\"url\":\"https:\\\/\\\/shop.bantam.ch\\\/de\\\/\",\"name\":\"Bantam Camping AG\",\"description\":\"\",\"publisher\":{\"@id\":\"https:\\\/\\\/shop.bantam.ch\\\/de\\\/#organization\"},\"inLanguage\":\"de\"},{\"@type\":\"Organization\",\"@id\":\"https:\\\/\\\/shop.bantam.ch\\\/de\\\/#organization\",\"name\":\"Bantam Camping AG\",\"url\":\"https:\\\/\\\/shop.bantam.ch\\\/de\\\/\",\"logo\":{\"@type\":\"ImageObject\",\"inLanguage\":\"de\",\"@id\":\"https:\\\/\\\/shop.bantam.ch\\\/de\\\/#\\\/schema\\\/logo\\\/image\\\/\",\"url\":\"https:\\\/\\\/shop.bantam.ch\\\/wp-content\\\/uploads\\\/2022\\\/12\\\/bantam-logo.png\",\"contentUrl\":\"https:\\\/\\\/shop.bantam.ch\\\/wp-content\\\/uploads\\\/2022\\\/12\\\/bantam-logo.png\",\"width\":320,\"height\":71,\"caption\":\"Bantam Camping AG\"},\"image\":{\"@id\":\"https:\\\/\\\/shop.bantam.ch\\\/de\\\/#\\\/schema\\\/logo\\\/image\\\/\"}}]}<\/script>\n<!-- \/ Yoast SEO plugin. -->","yoast_head_json":{"title":"Kompressork\u00fchlschrank , RC 10.4 M90, 90 l, schwarz - Bantam Camping AG","robots":{"index":"index","follow":"follow","max-snippet":"max-snippet:-1","max-image-preview":"max-image-preview:large","max-video-preview":"max-video-preview:-1"},"canonical":"https:\/\/shop.bantam.ch\/de\/produkt\/kompressorkuehlschrank-rc-10-4-m90-90-l-schwarz\/","og_locale":"de_DE","og_type":"article","og_title":"Kompressork\u00fchlschrank , RC 10.4 M90, 90 l, schwarz - Bantam Camping AG","og_description":"Der vielseitige 90-Liter-K\u00fchlschrank Dometic RC 10.4M90 passt perfekt unter jede K\u00fcchenarbeitsplatte. Bedienpanel und Kompressor k\u00f6nnen bei Platzmangel flexibel versetzt werden. Mit der Dometic 10er Serie bietet er eine beidseitig \u00f6ffnende T\u00fcr, ein herausnehmbares Gefrierfach und ein leistungsstarkes K\u00fchlaggregat \u2013 ideal auch f\u00fcr hei\u00dfe Klimazonen. Die intuitive TFT-Steuerung erm\u00f6glicht einfache Temperaturregelung, einen ger\u00e4uscharmen Nachtmodus und eine [&hellip;]","og_url":"https:\/\/shop.bantam.ch\/de\/produkt\/kompressorkuehlschrank-rc-10-4-m90-90-l-schwarz\/","og_site_name":"Bantam Camping AG","article_modified_time":"2026-04-18T21:56:53+00:00","twitter_card":"summary_large_image","schema":{"@context":"https:\/\/schema.org","@graph":[{"@type":"WebPage","@id":"https:\/\/shop.bantam.ch\/de\/produkt\/kompressorkuehlschrank-rc-10-4-m90-90-l-schwarz\/","url":"https:\/\/shop.bantam.ch\/de\/produkt\/kompressorkuehlschrank-rc-10-4-m90-90-l-schwarz\/","name":"Kompressork\u00fchlschrank , RC 10.4 M90, 90 l, schwarz - Bantam Camping AG","isPartOf":{"@id":"https:\/\/shop.bantam.ch\/de\/#website"},"primaryImageOfPage":{"@id":"https:\/\/shop.bantam.ch\/de\/produkt\/kompressorkuehlschrank-rc-10-4-m90-90-l-schwarz\/#primaryimage"},"image":{"@id":"https:\/\/shop.bantam.ch\/de\/produkt\/kompressorkuehlschrank-rc-10-4-m90-90-l-schwarz\/#primaryimage"},"thumbnailUrl":"https:\/\/shop.bantam.ch\/wp-content\/uploads\/2026\/01\/Movera-L-9988219100.png","datePublished":"2026-01-06T17:12:16+00:00","dateModified":"2026-04-18T21:56:53+00:00","breadcrumb":{"@id":"https:\/\/shop.bantam.ch\/de\/produkt\/kompressorkuehlschrank-rc-10-4-m90-90-l-schwarz\/#breadcrumb"},"inLanguage":"de","potentialAction":[{"@type":"ReadAction","target":["https:\/\/shop.bantam.ch\/de\/produkt\/kompressorkuehlschrank-rc-10-4-m90-90-l-schwarz\/"]}]},{"@type":"ImageObject","inLanguage":"de","@id":"https:\/\/shop.bantam.ch\/de\/produkt\/kompressorkuehlschrank-rc-10-4-m90-90-l-schwarz\/#primaryimage","url":"https:\/\/shop.bantam.ch\/wp-content\/uploads\/2026\/01\/Movera-L-9988219100.png","contentUrl":"https:\/\/shop.bantam.ch\/wp-content\/uploads\/2026\/01\/Movera-L-9988219100.png","width":640,"height":640},{"@type":"BreadcrumbList","@id":"https:\/\/shop.bantam.ch\/de\/produkt\/kompressorkuehlschrank-rc-10-4-m90-90-l-schwarz\/#breadcrumb","itemListElement":[{"@type":"ListItem","position":1,"name":"Accueil","item":"https:\/\/shop.bantam.ch\/de\/"},{"@type":"ListItem","position":2,"name":"Shop","item":"https:\/\/shop.bantam.ch\/de\/shop\/"},{"@type":"ListItem","position":3,"name":"Kompressork\u00fchlschrank , RC 10.4 M90, 90 l, schwarz"}]},{"@type":"WebSite","@id":"https:\/\/shop.bantam.ch\/de\/#website","url":"https:\/\/shop.bantam.ch\/de\/","name":"Bantam Camping AG","description":"","publisher":{"@id":"https:\/\/shop.bantam.ch\/de\/#organization"},"inLanguage":"de"},{"@type":"Organization","@id":"https:\/\/shop.bantam.ch\/de\/#organization","name":"Bantam Camping AG","url":"https:\/\/shop.bantam.ch\/de\/","logo":{"@type":"ImageObject","inLanguage":"de","@id":"https:\/\/shop.bantam.ch\/de\/#\/schema\/logo\/image\/","url":"https:\/\/shop.bantam.ch\/wp-content\/uploads\/2022\/12\/bantam-logo.png","contentUrl":"https:\/\/shop.bantam.ch\/wp-content\/uploads\/2022\/12\/bantam-logo.png","width":320,"height":71,"caption":"Bantam Camping AG"},"image":{"@id":"https:\/\/shop.bantam.ch\/de\/#\/schema\/logo\/image\/"}}]}},"_links":{"self":[{"href":"https:\/\/shop.bantam.ch\/de\/wp-json\/wp\/v2\/product\/231816","targetHints":{"allow":["GET"]}}],"collection":[{"href":"https:\/\/shop.bantam.ch\/de\/wp-json\/wp\/v2\/product"}],"about":[{"href":"https:\/\/shop.bantam.ch\/de\/wp-json\/wp\/v2\/types\/product"}],"wp:featuredmedia":[{"embeddable":true,"href":"https:\/\/shop.bantam.ch\/de\/wp-json\/wp\/v2\/media\/231812"}],"wp:attachment":[{"href":"https:\/\/shop.bantam.ch\/de\/wp-json\/wp\/v2\/media?parent=231816"}],"wp:term":[{"taxonomy":"product_featured_cat","embeddable":true,"href":"https:\/\/shop.bantam.ch\/de\/wp-json\/wp\/v2\/product_featured_cat?post=231816"},{"taxonomy":"product_brand","embeddable":true,"href":"https:\/\/shop.bantam.ch\/de\/wp-json\/wp\/v2\/product_brand?post=231816"},{"taxonomy":"product_cat","embeddable":true,"href":"https:\/\/shop.bantam.ch\/de\/wp-json\/wp\/v2\/product_cat?post=231816"},{"taxonomy":"product_tag","embeddable":true,"href":"https:\/\/shop.bantam.ch\/de\/wp-json\/wp\/v2\/product_tag?post=231816"}],"curies":[{"name":"wp","href":"https:\/\/api.w.org\/{rel}","templated":true}]}}