{"id":231770,"date":"2026-01-06T18:10:57","date_gmt":"2026-01-06T17:10:57","guid":{"rendered":"https:\/\/shop.bantam.ch\/produit\/spuelmittelbuerste-mit-abtropfstaender-swift-schwarz-silber\/"},"modified":"2026-04-18T23:56:47","modified_gmt":"2026-04-18T21:56:47","slug":"spuelmittelbuerste-mit-abtropfstaender-swift-schwarz-silber","status":"publish","type":"product","link":"https:\/\/shop.bantam.ch\/de\/produkt\/spuelmittelbuerste-mit-abtropfstaender-swift-schwarz-silber\/","title":{"rendered":"Sp\u00fclmittelb\u00fcrste mit Abtropfst\u00e4nder SWIFT schwarz \/ silber"},"content":{"rendered":"<p>Sp\u00fclmittelb\u00fcrste mit Abtropfst\u00e4nder SWIFT<br \/>\nSo macht der Abwasch endlich Spa\u00df! Die kr\u00e4ftige Nylonb\u00fcrste s\u00e4ubert schmutzige T\u00f6pfe und Geschirr besonders kraftvoll und schonend, das Sp\u00fclmittel im integrierten Spender l\u00e4sst sich per Knopfdruck perfekt dosieren bis alles sauber gl\u00e4nzt und strahlt. Dank des Abtropfst\u00e4nders kann die B\u00fcrste ordentlich abtrocknen, w\u00e4hrend die Arbeitsplatte stets sauber und aufger\u00e4umt bleibt.&nbsp;<\/p>\n<ul>\n<li>transparenter Sp\u00fclmittelbeh\u00e4lter (Inhalt: 50 ml), dank Schraubverschluss leicht bef\u00fcllbar<\/li>\n<li>hygienisch, robuste Nylonb\u00fcrste<\/li>\n<li>inkl. Abtropfst\u00e4nder f\u00fcr saubere und hygienische Aufbewahrung<\/li>\n<li>ergonomisch geformt<\/li>\n<\/ul>\n","protected":false},"excerpt":{"rendered":"<p>Sp\u00fclmittelb\u00fcrste mit Abtropfst\u00e4nder SWIFT So macht der Abwasch endlich Spa\u00df! Die kr\u00e4ftige Nylonb\u00fcrste s\u00e4ubert schmutzige T\u00f6pfe und Geschirr besonders kraftvoll und schonend, das Sp\u00fclmittel im integrierten Spender l\u00e4sst sich per Knopfdruck perfekt dosieren bis alles sauber gl\u00e4nzt und strahlt. Dank des Abtropfst\u00e4nders kann die B\u00fcrste ordentlich abtrocknen, w\u00e4hrend die Arbeitsplatte stets sauber und aufger\u00e4umt bleibt.&nbsp; [&hellip;]<\/p>\n","protected":false},"featured_media":231762,"template":"","meta":{"_acf_changed":false},"product_featured_cat":[],"product_brand":[],"product_cat":[4290],"product_tag":[],"class_list":{"0":"post-231770","1":"product","2":"type-product","3":"status-publish","4":"has-post-thumbnail","6":"product_cat-spuelen-putzen","8":"first","9":"instock","10":"taxable","11":"shipping-taxable","12":"purchasable","13":"product-type-simple"},"acf":[],"yoast_head":"<!-- This site is optimized with the Yoast SEO plugin v27.4 - https:\/\/yoast.com\/product\/yoast-seo-wordpress\/ -->\n<title>Sp\u00fclmittelb\u00fcrste mit Abtropfst\u00e4nder SWIFT schwarz \/ silber - Bantam Camping AG<\/title>\n<meta name=\"robots\" content=\"index, follow, max-snippet:-1, max-image-preview:large, max-video-preview:-1\" \/>\n<link rel=\"canonical\" href=\"https:\/\/shop.bantam.ch\/de\/produkt\/spuelmittelbuerste-mit-abtropfstaender-swift-schwarz-silber\/\" \/>\n<meta property=\"og:locale\" content=\"de_DE\" \/>\n<meta property=\"og:type\" content=\"article\" \/>\n<meta property=\"og:title\" content=\"Sp\u00fclmittelb\u00fcrste mit Abtropfst\u00e4nder SWIFT schwarz \/ silber - Bantam Camping AG\" \/>\n<meta property=\"og:description\" content=\"Sp\u00fclmittelb\u00fcrste mit Abtropfst\u00e4nder SWIFT So macht der Abwasch endlich Spa\u00df! Die kr\u00e4ftige Nylonb\u00fcrste s\u00e4ubert schmutzige T\u00f6pfe und Geschirr besonders kraftvoll und schonend, das Sp\u00fclmittel im integrierten Spender l\u00e4sst sich per Knopfdruck perfekt dosieren bis alles sauber gl\u00e4nzt und strahlt. Dank des Abtropfst\u00e4nders kann die B\u00fcrste ordentlich abtrocknen, w\u00e4hrend die Arbeitsplatte stets sauber und aufger\u00e4umt bleibt.&nbsp; [&hellip;]\" \/>\n<meta property=\"og:url\" content=\"https:\/\/shop.bantam.ch\/de\/produkt\/spuelmittelbuerste-mit-abtropfstaender-swift-schwarz-silber\/\" \/>\n<meta property=\"og:site_name\" content=\"Bantam Camping AG\" \/>\n<meta property=\"article:modified_time\" content=\"2026-04-18T21:56:47+00:00\" \/>\n<meta name=\"twitter:card\" content=\"summary_large_image\" \/>\n<script type=\"application\/ld+json\" class=\"yoast-schema-graph\">{\"@context\":\"https:\\\/\\\/schema.org\",\"@graph\":[{\"@type\":\"WebPage\",\"@id\":\"https:\\\/\\\/shop.bantam.ch\\\/de\\\/produkt\\\/spuelmittelbuerste-mit-abtropfstaender-swift-schwarz-silber\\\/\",\"url\":\"https:\\\/\\\/shop.bantam.ch\\\/de\\\/produkt\\\/spuelmittelbuerste-mit-abtropfstaender-swift-schwarz-silber\\\/\",\"name\":\"Sp\u00fclmittelb\u00fcrste mit Abtropfst\u00e4nder SWIFT schwarz \\\/ silber - Bantam Camping AG\",\"isPartOf\":{\"@id\":\"https:\\\/\\\/shop.bantam.ch\\\/de\\\/#website\"},\"primaryImageOfPage\":{\"@id\":\"https:\\\/\\\/shop.bantam.ch\\\/de\\\/produkt\\\/spuelmittelbuerste-mit-abtropfstaender-swift-schwarz-silber\\\/#primaryimage\"},\"image\":{\"@id\":\"https:\\\/\\\/shop.bantam.ch\\\/de\\\/produkt\\\/spuelmittelbuerste-mit-abtropfstaender-swift-schwarz-silber\\\/#primaryimage\"},\"thumbnailUrl\":\"https:\\\/\\\/shop.bantam.ch\\\/wp-content\\\/uploads\\\/2026\\\/01\\\/Movera-L-9987285100.jpg\",\"datePublished\":\"2026-01-06T17:10:57+00:00\",\"dateModified\":\"2026-04-18T21:56:47+00:00\",\"breadcrumb\":{\"@id\":\"https:\\\/\\\/shop.bantam.ch\\\/de\\\/produkt\\\/spuelmittelbuerste-mit-abtropfstaender-swift-schwarz-silber\\\/#breadcrumb\"},\"inLanguage\":\"de\",\"potentialAction\":[{\"@type\":\"ReadAction\",\"target\":[\"https:\\\/\\\/shop.bantam.ch\\\/de\\\/produkt\\\/spuelmittelbuerste-mit-abtropfstaender-swift-schwarz-silber\\\/\"]}]},{\"@type\":\"ImageObject\",\"inLanguage\":\"de\",\"@id\":\"https:\\\/\\\/shop.bantam.ch\\\/de\\\/produkt\\\/spuelmittelbuerste-mit-abtropfstaender-swift-schwarz-silber\\\/#primaryimage\",\"url\":\"https:\\\/\\\/shop.bantam.ch\\\/wp-content\\\/uploads\\\/2026\\\/01\\\/Movera-L-9987285100.jpg\",\"contentUrl\":\"https:\\\/\\\/shop.bantam.ch\\\/wp-content\\\/uploads\\\/2026\\\/01\\\/Movera-L-9987285100.jpg\",\"width\":640,\"height\":1162},{\"@type\":\"BreadcrumbList\",\"@id\":\"https:\\\/\\\/shop.bantam.ch\\\/de\\\/produkt\\\/spuelmittelbuerste-mit-abtropfstaender-swift-schwarz-silber\\\/#breadcrumb\",\"itemListElement\":[{\"@type\":\"ListItem\",\"position\":1,\"name\":\"Accueil\",\"item\":\"https:\\\/\\\/shop.bantam.ch\\\/de\\\/\"},{\"@type\":\"ListItem\",\"position\":2,\"name\":\"Shop\",\"item\":\"https:\\\/\\\/shop.bantam.ch\\\/de\\\/shop\\\/\"},{\"@type\":\"ListItem\",\"position\":3,\"name\":\"Sp\u00fclmittelb\u00fcrste mit Abtropfst\u00e4nder SWIFT schwarz \\\/ silber\"}]},{\"@type\":\"WebSite\",\"@id\":\"https:\\\/\\\/shop.bantam.ch\\\/de\\\/#website\",\"url\":\"https:\\\/\\\/shop.bantam.ch\\\/de\\\/\",\"name\":\"Bantam Camping AG\",\"description\":\"\",\"publisher\":{\"@id\":\"https:\\\/\\\/shop.bantam.ch\\\/de\\\/#organization\"},\"inLanguage\":\"de\"},{\"@type\":\"Organization\",\"@id\":\"https:\\\/\\\/shop.bantam.ch\\\/de\\\/#organization\",\"name\":\"Bantam Camping AG\",\"url\":\"https:\\\/\\\/shop.bantam.ch\\\/de\\\/\",\"logo\":{\"@type\":\"ImageObject\",\"inLanguage\":\"de\",\"@id\":\"https:\\\/\\\/shop.bantam.ch\\\/de\\\/#\\\/schema\\\/logo\\\/image\\\/\",\"url\":\"https:\\\/\\\/shop.bantam.ch\\\/wp-content\\\/uploads\\\/2022\\\/12\\\/bantam-logo.png\",\"contentUrl\":\"https:\\\/\\\/shop.bantam.ch\\\/wp-content\\\/uploads\\\/2022\\\/12\\\/bantam-logo.png\",\"width\":320,\"height\":71,\"caption\":\"Bantam Camping AG\"},\"image\":{\"@id\":\"https:\\\/\\\/shop.bantam.ch\\\/de\\\/#\\\/schema\\\/logo\\\/image\\\/\"}}]}<\/script>\n<!-- \/ Yoast SEO plugin. -->","yoast_head_json":{"title":"Sp\u00fclmittelb\u00fcrste mit Abtropfst\u00e4nder SWIFT schwarz \/ silber - Bantam Camping AG","robots":{"index":"index","follow":"follow","max-snippet":"max-snippet:-1","max-image-preview":"max-image-preview:large","max-video-preview":"max-video-preview:-1"},"canonical":"https:\/\/shop.bantam.ch\/de\/produkt\/spuelmittelbuerste-mit-abtropfstaender-swift-schwarz-silber\/","og_locale":"de_DE","og_type":"article","og_title":"Sp\u00fclmittelb\u00fcrste mit Abtropfst\u00e4nder SWIFT schwarz \/ silber - Bantam Camping AG","og_description":"Sp\u00fclmittelb\u00fcrste mit Abtropfst\u00e4nder SWIFT So macht der Abwasch endlich Spa\u00df! Die kr\u00e4ftige Nylonb\u00fcrste s\u00e4ubert schmutzige T\u00f6pfe und Geschirr besonders kraftvoll und schonend, das Sp\u00fclmittel im integrierten Spender l\u00e4sst sich per Knopfdruck perfekt dosieren bis alles sauber gl\u00e4nzt und strahlt. Dank des Abtropfst\u00e4nders kann die B\u00fcrste ordentlich abtrocknen, w\u00e4hrend die Arbeitsplatte stets sauber und aufger\u00e4umt bleibt.&nbsp; [&hellip;]","og_url":"https:\/\/shop.bantam.ch\/de\/produkt\/spuelmittelbuerste-mit-abtropfstaender-swift-schwarz-silber\/","og_site_name":"Bantam Camping AG","article_modified_time":"2026-04-18T21:56:47+00:00","twitter_card":"summary_large_image","schema":{"@context":"https:\/\/schema.org","@graph":[{"@type":"WebPage","@id":"https:\/\/shop.bantam.ch\/de\/produkt\/spuelmittelbuerste-mit-abtropfstaender-swift-schwarz-silber\/","url":"https:\/\/shop.bantam.ch\/de\/produkt\/spuelmittelbuerste-mit-abtropfstaender-swift-schwarz-silber\/","name":"Sp\u00fclmittelb\u00fcrste mit Abtropfst\u00e4nder SWIFT schwarz \/ silber - Bantam Camping AG","isPartOf":{"@id":"https:\/\/shop.bantam.ch\/de\/#website"},"primaryImageOfPage":{"@id":"https:\/\/shop.bantam.ch\/de\/produkt\/spuelmittelbuerste-mit-abtropfstaender-swift-schwarz-silber\/#primaryimage"},"image":{"@id":"https:\/\/shop.bantam.ch\/de\/produkt\/spuelmittelbuerste-mit-abtropfstaender-swift-schwarz-silber\/#primaryimage"},"thumbnailUrl":"https:\/\/shop.bantam.ch\/wp-content\/uploads\/2026\/01\/Movera-L-9987285100.jpg","datePublished":"2026-01-06T17:10:57+00:00","dateModified":"2026-04-18T21:56:47+00:00","breadcrumb":{"@id":"https:\/\/shop.bantam.ch\/de\/produkt\/spuelmittelbuerste-mit-abtropfstaender-swift-schwarz-silber\/#breadcrumb"},"inLanguage":"de","potentialAction":[{"@type":"ReadAction","target":["https:\/\/shop.bantam.ch\/de\/produkt\/spuelmittelbuerste-mit-abtropfstaender-swift-schwarz-silber\/"]}]},{"@type":"ImageObject","inLanguage":"de","@id":"https:\/\/shop.bantam.ch\/de\/produkt\/spuelmittelbuerste-mit-abtropfstaender-swift-schwarz-silber\/#primaryimage","url":"https:\/\/shop.bantam.ch\/wp-content\/uploads\/2026\/01\/Movera-L-9987285100.jpg","contentUrl":"https:\/\/shop.bantam.ch\/wp-content\/uploads\/2026\/01\/Movera-L-9987285100.jpg","width":640,"height":1162},{"@type":"BreadcrumbList","@id":"https:\/\/shop.bantam.ch\/de\/produkt\/spuelmittelbuerste-mit-abtropfstaender-swift-schwarz-silber\/#breadcrumb","itemListElement":[{"@type":"ListItem","position":1,"name":"Accueil","item":"https:\/\/shop.bantam.ch\/de\/"},{"@type":"ListItem","position":2,"name":"Shop","item":"https:\/\/shop.bantam.ch\/de\/shop\/"},{"@type":"ListItem","position":3,"name":"Sp\u00fclmittelb\u00fcrste mit Abtropfst\u00e4nder SWIFT schwarz \/ silber"}]},{"@type":"WebSite","@id":"https:\/\/shop.bantam.ch\/de\/#website","url":"https:\/\/shop.bantam.ch\/de\/","name":"Bantam Camping AG","description":"","publisher":{"@id":"https:\/\/shop.bantam.ch\/de\/#organization"},"inLanguage":"de"},{"@type":"Organization","@id":"https:\/\/shop.bantam.ch\/de\/#organization","name":"Bantam Camping AG","url":"https:\/\/shop.bantam.ch\/de\/","logo":{"@type":"ImageObject","inLanguage":"de","@id":"https:\/\/shop.bantam.ch\/de\/#\/schema\/logo\/image\/","url":"https:\/\/shop.bantam.ch\/wp-content\/uploads\/2022\/12\/bantam-logo.png","contentUrl":"https:\/\/shop.bantam.ch\/wp-content\/uploads\/2022\/12\/bantam-logo.png","width":320,"height":71,"caption":"Bantam Camping AG"},"image":{"@id":"https:\/\/shop.bantam.ch\/de\/#\/schema\/logo\/image\/"}}]}},"_links":{"self":[{"href":"https:\/\/shop.bantam.ch\/de\/wp-json\/wp\/v2\/product\/231770","targetHints":{"allow":["GET"]}}],"collection":[{"href":"https:\/\/shop.bantam.ch\/de\/wp-json\/wp\/v2\/product"}],"about":[{"href":"https:\/\/shop.bantam.ch\/de\/wp-json\/wp\/v2\/types\/product"}],"wp:featuredmedia":[{"embeddable":true,"href":"https:\/\/shop.bantam.ch\/de\/wp-json\/wp\/v2\/media\/231762"}],"wp:attachment":[{"href":"https:\/\/shop.bantam.ch\/de\/wp-json\/wp\/v2\/media?parent=231770"}],"wp:term":[{"taxonomy":"product_featured_cat","embeddable":true,"href":"https:\/\/shop.bantam.ch\/de\/wp-json\/wp\/v2\/product_featured_cat?post=231770"},{"taxonomy":"product_brand","embeddable":true,"href":"https:\/\/shop.bantam.ch\/de\/wp-json\/wp\/v2\/product_brand?post=231770"},{"taxonomy":"product_cat","embeddable":true,"href":"https:\/\/shop.bantam.ch\/de\/wp-json\/wp\/v2\/product_cat?post=231770"},{"taxonomy":"product_tag","embeddable":true,"href":"https:\/\/shop.bantam.ch\/de\/wp-json\/wp\/v2\/product_tag?post=231770"}],"curies":[{"name":"wp","href":"https:\/\/api.w.org\/{rel}","templated":true}]}}